{"id":5822,"date":"2024-03-27T07:26:22","date_gmt":"2024-03-27T07:26:22","guid":{"rendered":"https:\/\/spelivinkki.fi\/?page_id=5822"},"modified":"2025-02-26T13:13:51","modified_gmt":"2025-02-26T13:13:51","slug":"tietosuojaseloste","status":"publish","type":"page","link":"https:\/\/spelivinkki.fi\/sv\/tietosuojaseloste\/","title":{"rendered":"Dataskyddspolicy"},"content":{"rendered":"<h2 class=\"wp-block-heading\" id=\"h-keita-me-olemme\">Vilka \u00e4r vi?<\/h2>\n\n\n\n<p>Webbsidan https:\/\/spelivinkki.fi \u00e4r Spelivinkki Oys n\u00e4tbutik som \u00e4r byggd p\u00e5 Wordpress med hj\u00e4lp av WooCommerce.<\/p>\n\n\n\n<h2 class=\"wp-block-heading\" id=\"h-evasteet-ja-asiakastiedot\">Kakor och Kundinformation<\/h2>\n\n\n\n<p>Spelivinkki Oy lagrar endast automatiskt kakor som \u00e4r n\u00f6dv\u00e4ndiga f\u00f6r webbsidans funktion. Kakor som inte \u00e4r funktionella lagrar Spelivinkki endast med samtycke av webbplatsens anv\u00e4ndare. Lovet till kakornas anv\u00e4ndning har skapats i enlighet med GDPR-best\u00e4mmelser med hj\u00e4lp av Complianz <strong>&nbsp;GDPR\/CCPA Cookie Consent<\/strong> plugin. Till n\u00f6dv\u00e4ndiga kakor grupperas  ocks\u00e5 de som lagrar den kundinformation som kunden sj\u00e4lv frivilligt och medvetet matar in n\u00e4r hen skapar konto och\/eller g\u00f6r best\u00e4llningar. Det \u00e4r bara aff\u00e4rens personal som har tillg\u00e5ng till denna kundinformation. N\u00e4rmare information om kakor finns p\u00e5 denna sida: <a href=\"https:\/\/spelivinkki.fi\/sv\/evastekaytanto-eu\/\">Anv\u00e4ndandet av Kakor \/ Cookies (EU)<\/a>.<\/p>\n\n\n\n<p>N\u00e4r du matar in best\u00e4llningsinformation p\u00e5 sidan kan du v\u00e4lja att spara ditt namn och din epost i som en kaka. Denna funktion \u00f6kar anv\u00e4ndbarheten eftersom det g\u00e5r att g\u00f6ra nya best\u00e4llningar i framtiden utan att beh\u00f6va mata in informationen p\u00e5nytt varje g\u00e5ng. Kakorna raderas automatiskt fr\u00e5n din webbl\u00e4sare inom ett \u00e5r om det inte g\u00f6rs manuellt vid ett tidigare tillf\u00e4lle.<\/p>\n\n\n\n<p>N\u00e4r du loggar in lagras det kakor som sparar dina inst\u00e4llningar g\u00e4llande inloggning och visuella inst\u00e4llningar. Inloggningskakor tas bort inom tv\u00e5 dygn, medan de visuella kakorna f\u00f6rsvinner efter ett \u00e5r. Om du v\u00e4ljer \"kom ih\u00e5g mig\" n\u00e4r du loggar in lagras din inloggningsinformation i tv\u00e5 veckor. Om loggar ut innan desst raderas ocks\u00e5 denna information.<\/p>\n\n\n\n<p>All din kundinformation kan raderas genom att kontakta personalens epost. Det enda vilkoret \u00e4r att alla dina best\u00e4llningar redan har uppfyllts.<\/p>\n\n\n\n<h2 class=\"wp-block-heading\" id=\"h-muilta-sivustoilta-upotettu-sisalto\">Inneh\u00e5ll fr\u00e5n andra sidor<\/h2>\n\n\n\n<p>Webbplatsens produktbeskrivningar, artiklar och andra sidor kan inneh\u00e5lla inl\u00e4gg fr\u00e5n utomst\u00e5ende webbsidor (exempelvis videon, bilder, l\u00e4nkar, osv.). Att \u00f6pna s\u00e5dant inneh\u00e5ll likst\u00e4lls med att sj\u00e4lv bes\u00f6ka tredje partens webbsida. Om du klickar p\u00e5 l\u00e4nkar eller element fr\u00e5n en annan sida kan denna sida allts\u00e5 anv\u00e4nda kakor, din information och f\u00f6lja med ditt engagemang med deras material enligt sina anv\u00e4ndarvilkor. Detta kan inte Spelivinkki p\u00e5verka eller stoppa p\u00e5 n\u00e5got s\u00e4tt. Alla s\u00e5dana \u00e5tg\u00e4rder kr\u00e4ver dock att du sj\u00e4lv engagerat med tredje partens inneh\u00e5ll.<\/p>\n\n\n\n<h2 class=\"wp-block-heading\" id=\"h-kenelle-jaamme-tietosi\">Vem delas din information med?<\/h2>\n\n\n\n<p>Spelivinkki delar aldrig information med en tredje part utan lov. Information som kr\u00e4vs f\u00f6r att skicka varor med posten delas sj\u00e4lvklart med dess leverant\u00f6r. Om du ber om att \u00e5terst\u00e4lla l\u00f6senordet p\u00e5 ditt konto klistras din IP-address in p\u00e5 mailet som skickas i samband med \u00e5terst\u00e4llandet.<\/p>\n\n\n\n<p>Fast\u00e4n kunden skulle g\u00e5 med p\u00e5 att anv\u00e4nda valfia cookies anonymiseras all data med hj\u00e4lp av Complianz. Detta betyder att ingen tredje part kommer \u00e5t personligt identifierande information.<\/p>\n\n\n\n<h2 class=\"wp-block-heading\" id=\"h-kuinka-kauan-sailytamme-tietoa\">Hur l\u00e4nge lagrar vi information?<\/h2>\n\n\n\n<p>Vi sparar registrerade anv\u00e4ndares kontoinformation tills kunden ber att kontot och dess information skall raderas och alla postf\u00f6rsendelser har kommit fram. Alla anv\u00e4ndare har m\u00f6jlighet att se och \u00e4ndra sin personliga information n\u00e4r de vill. Endast anv\u00e4ndarnamnet g\u00e5r inte att \u00e4ndra. Spelivinkkis webbsidas uppr\u00e4tth\u00e5llare kan ocks\u00e5 se och \u00e4ndra p\u00e5 anv\u00e4ndarprofilers information.<\/p>\n\n\n\n<p>Ifall en kund har gett samtycke till anv\u00e4ndandet av kakor kan hen se information om hur l\u00e4nge kakorna lagras p\u00e5 sidan: <a href=\"https:\/\/spelivinkki.fi\/sv\/evastekaytanto-eu\/\">Anv\u00e4ndandet av Kakor \/ Cookies (EU)<\/a>.<\/p>\n\n\n\n<h2 class=\"wp-block-heading\" id=\"h-mita-oikeuksia-sinulla-on-omaan-tietoosi\">Vilka r\u00e4ttigheter har du g\u00e4llande personlig information?<\/h2>\n\n\n\n<p>Om du har ett anv\u00e4ndarkonto p\u00e5 denna webbplats kan du be om att f\u00e5 en sammans\u00e4ttning av den information du gett oss. Du kan ocks\u00e5 be att informationen i fr\u00e5ga tas bort. R\u00e4ttigheten att radera egen information g\u00e4ller inte s\u00e5dan data som vi \u00e4r tvugna att lagra p\u00e5 grund av s\u00e4kerhetsk\u00e4l, f\u00f6r uppr\u00e4tth\u00e5llande \u00e4ndam\u00e5l eller juridiska krav.<\/p>","protected":false},"excerpt":{"rendered":"<p>Keit\u00e4 me olemme? Verkkosivusto https:\/\/spelivinkki.fi on Spelivinkki Oy:n WooCommercen avulla toteutettu verkkokauppa. Ev\u00e4steet ja Asiakastiedot Spelivinkki Oy s\u00e4ilytt\u00e4\u00e4 automaattisesti vain ja ainoastaan sivuston toimivuuteen v\u00e4ltt\u00e4m\u00e4tt\u00f6m\u00e4t ev\u00e4steet. N\u00e4in ollen, Spelivinkki ei s\u00e4ilyt\u00e4 muita tietoja k\u00e4ytt\u00e4jist\u00e4\u00e4n ilman lupaa. Ev\u00e4steiden k\u00e4yt\u00f6n luvan hankkiminen on toteutettu GDPR:n mukaisesti Complianzin &nbsp;GDPR\/CCPA Cookie Consent lis\u00e4osan avulla. Toimivuuteen v\u00e4ltt\u00e4m\u00e4tt\u00f6miin ev\u00e4steihin kuulu ne, [&hellip;]<\/p>\n","protected":false},"author":2,"featured_media":0,"parent":0,"menu_order":0,"comment_status":"closed","ping_status":"closed","template":"","meta":{"site-sidebar-layout":"default","site-content-layout":"","ast-site-content-layout":"default","site-content-style":"default","site-sidebar-style":"default","ast-global-header-display":"","ast-banner-title-visibility":"","ast-main-header-display":"","ast-hfb-above-header-display":"","ast-hfb-below-header-display":"","ast-hfb-mobile-header-display":"","site-post-title":"","ast-breadcrumbs-content":"","ast-featured-img":"","footer-sml-layout":"","ast-disable-related-posts":"","theme-transparent-header-meta":"","adv-header-id-meta":"","stick-header-meta":"","header-above-stick-meta":"","header-main-stick-meta":"","header-below-stick-meta":"","astra-migrate-meta-layouts":"set","ast-page-background-enabled":"default","ast-page-background-meta":{"desktop":{"background-color":"","background-image":"","background-repeat":"repeat","background-position":"center center","background-size":"auto","background-attachment":"scroll","background-type":"","background-media":"","overlay-type":"","overlay-color":"","overlay-opacity":"","overlay-gradient":""},"tablet":{"background-color":"","background-image":"","background-repeat":"repeat","background-position":"center center","background-size":"auto","background-attachment":"scroll","background-type":"","background-media":"","overlay-type":"","overlay-color":"","overlay-opacity":"","overlay-gradient":""},"mobile":{"background-color":"","background-image":"","background-repeat":"repeat","background-position":"center center","background-size":"auto","background-attachment":"scroll","background-type":"","background-media":"","overlay-type":"","overlay-color":"","overlay-opacity":"","overlay-gradient":""}},"ast-content-background-meta":{"desktop":{"background-color":"var(--ast-global-color-5)","background-image":"","background-repeat":"repeat","background-position":"center center","background-size":"auto","background-attachment":"scroll","background-type":"","background-media":"","overlay-type":"","overlay-color":"","overlay-opacity":"","overlay-gradient":""},"tablet":{"background-color":"var(--ast-global-color-5)","background-image":"","background-repeat":"repeat","background-position":"center center","background-size":"auto","background-attachment":"scroll","background-type":"","background-media":"","overlay-type":"","overlay-color":"","overlay-opacity":"","overlay-gradient":""},"mobile":{"background-color":"var(--ast-global-color-5)","background-image":"","background-repeat":"repeat","background-position":"center center","background-size":"auto","background-attachment":"scroll","background-type":"","background-media":"","overlay-type":"","overlay-color":"","overlay-opacity":"","overlay-gradient":""}},"footnotes":""},"class_list":["post-5822","page","type-page","status-publish","hentry"],"yoast_head":"<!-- This site is optimized with the Yoast SEO Premium plugin v27.3 (Yoast SEO v27.4) - https:\/\/yoast.com\/product\/yoast-seo-premium-wordpress\/ -->\n<title>Tietosuojaseloste &#8211; Spelivinkki<\/title>\n<meta name=\"description\" content=\"GDPR tietosuojaseloste kertoo, kuinka Spelivinkki Oy k\u00e4sittelee ev\u00e4steit\u00e4 ja asiakastietoja turvallisesti.\" \/>\n<meta name=\"robots\" content=\"index, follow, max-snippet:-1, max-image-preview:large, max-video-preview:-1\" \/>\n<link rel=\"canonical\" href=\"https:\/\/spelivinkki.fi\/sv\/tietosuojaseloste\/\" \/>\n<meta property=\"og:locale\" content=\"sv_SE\" \/>\n<meta property=\"og:type\" content=\"article\" \/>\n<meta property=\"og:title\" content=\"Tietosuojaseloste\" \/>\n<meta property=\"og:description\" content=\"GDPR tietosuojaseloste kertoo, kuinka Spelivinkki Oy k\u00e4sittelee ev\u00e4steit\u00e4 ja asiakastietoja turvallisesti.\" \/>\n<meta property=\"og:url\" content=\"https:\/\/spelivinkki.fi\/sv\/tietosuojaseloste\/\" \/>\n<meta property=\"og:site_name\" content=\"Spelivinkki\" \/>\n<meta property=\"article:publisher\" content=\"https:\/\/www.facebook.com\/SpelivinkkiOy\/\" \/>\n<meta property=\"article:modified_time\" content=\"2025-02-26T13:13:51+00:00\" \/>\n<meta name=\"twitter:card\" content=\"summary_large_image\" \/>\n<meta name=\"twitter:site\" content=\"@SpelivinkkiOy\" \/>\n<meta name=\"twitter:label1\" content=\"Ber\u00e4knad l\u00e4stid\" \/>\n\t<meta name=\"twitter:data1\" content=\"3 minuter\" \/>\n<script type=\"application\/ld+json\" class=\"yoast-schema-graph\">{\"@context\":\"https:\\\/\\\/schema.org\",\"@graph\":[{\"@type\":\"WebPage\",\"@id\":\"https:\\\/\\\/spelivinkki.fi\\\/tietosuojaseloste\\\/\",\"url\":\"https:\\\/\\\/spelivinkki.fi\\\/tietosuojaseloste\\\/\",\"name\":\"Tietosuojaseloste &#8211; Spelivinkki\",\"isPartOf\":{\"@id\":\"https:\\\/\\\/spelivinkki.fi\\\/#website\"},\"datePublished\":\"2024-03-27T07:26:22+00:00\",\"dateModified\":\"2025-02-26T13:13:51+00:00\",\"description\":\"GDPR tietosuojaseloste kertoo, kuinka Spelivinkki Oy k\u00e4sittelee ev\u00e4steit\u00e4 ja asiakastietoja turvallisesti.\",\"breadcrumb\":{\"@id\":\"https:\\\/\\\/spelivinkki.fi\\\/tietosuojaseloste\\\/#breadcrumb\"},\"inLanguage\":\"sv-SE\",\"potentialAction\":[{\"@type\":\"ReadAction\",\"target\":[\"https:\\\/\\\/spelivinkki.fi\\\/tietosuojaseloste\\\/\"]}]},{\"@type\":\"BreadcrumbList\",\"@id\":\"https:\\\/\\\/spelivinkki.fi\\\/tietosuojaseloste\\\/#breadcrumb\",\"itemListElement\":[{\"@type\":\"ListItem\",\"position\":1,\"name\":\"Etusivu\",\"item\":\"https:\\\/\\\/spelivinkki.fi\\\/\"},{\"@type\":\"ListItem\",\"position\":2,\"name\":\"Tietosuojaseloste\"}]},{\"@type\":\"WebSite\",\"@id\":\"https:\\\/\\\/spelivinkki.fi\\\/#website\",\"url\":\"https:\\\/\\\/spelivinkki.fi\\\/\",\"name\":\"Spelivinkki\",\"description\":\"Paraisten Lautapelikauppa\",\"publisher\":{\"@id\":\"https:\\\/\\\/spelivinkki.fi\\\/#organization\"},\"alternateName\":\"Spelivinkki Oy\",\"potentialAction\":[{\"@type\":\"SearchAction\",\"target\":{\"@type\":\"EntryPoint\",\"urlTemplate\":\"https:\\\/\\\/spelivinkki.fi\\\/?s={search_term_string}\"},\"query-input\":{\"@type\":\"PropertyValueSpecification\",\"valueRequired\":true,\"valueName\":\"search_term_string\"}}],\"inLanguage\":\"sv-SE\"},{\"@type\":\"Organization\",\"@id\":\"https:\\\/\\\/spelivinkki.fi\\\/#organization\",\"name\":\"Spelivinkki Oy\",\"alternateName\":\"Spelivinkki\",\"url\":\"https:\\\/\\\/spelivinkki.fi\\\/\",\"logo\":{\"@type\":\"ImageObject\",\"inLanguage\":\"sv-SE\",\"@id\":\"https:\\\/\\\/spelivinkki.fi\\\/#\\\/schema\\\/logo\\\/image\\\/\",\"url\":\"https:\\/\\/spelivinkki.fi\\/wp-content\\/uploads\\/2024\\/02\\/Logo.svg\",\"contentUrl\":\"https:\\/\\/spelivinkki.fi\\/wp-content\\/uploads\\/2024\\/02\\/Logo.svg\",\"width\":2176,\"height\":2323,\"caption\":\"Spelivinkki Oy\"},\"image\":{\"@id\":\"https:\\\/\\\/spelivinkki.fi\\\/#\\\/schema\\\/logo\\\/image\\\/\"},\"sameAs\":[\"https:\\\/\\\/www.facebook.com\\\/SpelivinkkiOy\\\/\",\"https:\\\/\\\/x.com\\\/SpelivinkkiOy\",\"https:\\\/\\\/www.instagram.com\\\/spelivinkkioy\\\/\"],\"description\":\"Spelivinkki Oy is a company operating both a brick-and-mortar store in Finland as well as a webshop online. We sell board games, roleplaying games, miniature wargames, logic puzzles, jigsaw puzzles and other things related to the boardgame hobby.\",\"email\":\"myynti@spelivinkki.fi\",\"telephone\":\"+358406486605\",\"legalName\":\"Spelivinkki Oy\",\"foundingDate\":\"2023-09-17\",\"vatID\":\"FI33904524\",\"numberOfEmployees\":{\"@type\":\"QuantitativeValue\",\"minValue\":\"1\",\"maxValue\":\"10\"},\"hasMerchantReturnPolicy\":{\"@type\":\"MerchantReturnPolicy\",\"merchantReturnLink\":\"https:\\\/\\\/spelivinkki.fi\\\/sv\\\/spelivinkin-vaihto-ja-palautusoikeus\\\/\"}}]}<\/script>\n<!-- \/ Yoast SEO Premium plugin. -->","yoast_head_json":{"title":"Tietosuojaseloste &#8211; Spelivinkki","description":"GDPR tietosuojaseloste kertoo, kuinka Spelivinkki Oy k\u00e4sittelee ev\u00e4steit\u00e4 ja asiakastietoja turvallisesti.","robots":{"index":"index","follow":"follow","max-snippet":"max-snippet:-1","max-image-preview":"max-image-preview:large","max-video-preview":"max-video-preview:-1"},"canonical":"https:\/\/spelivinkki.fi\/sv\/tietosuojaseloste\/","og_locale":"sv_SE","og_type":"article","og_title":"Tietosuojaseloste","og_description":"GDPR tietosuojaseloste kertoo, kuinka Spelivinkki Oy k\u00e4sittelee ev\u00e4steit\u00e4 ja asiakastietoja turvallisesti.","og_url":"https:\/\/spelivinkki.fi\/sv\/tietosuojaseloste\/","og_site_name":"Spelivinkki","article_publisher":"https:\/\/www.facebook.com\/SpelivinkkiOy\/","article_modified_time":"2025-02-26T13:13:51+00:00","twitter_card":"summary_large_image","twitter_site":"@SpelivinkkiOy","twitter_misc":{"Ber\u00e4knad l\u00e4stid":"3 minuter"},"schema":{"@context":"https:\/\/schema.org","@graph":[{"@type":"WebPage","@id":"https:\/\/spelivinkki.fi\/tietosuojaseloste\/","url":"https:\/\/spelivinkki.fi\/tietosuojaseloste\/","name":"Tietosuojaseloste &#8211; Spelivinkki","isPartOf":{"@id":"https:\/\/spelivinkki.fi\/#website"},"datePublished":"2024-03-27T07:26:22+00:00","dateModified":"2025-02-26T13:13:51+00:00","description":"GDPR tietosuojaseloste kertoo, kuinka Spelivinkki Oy k\u00e4sittelee ev\u00e4steit\u00e4 ja asiakastietoja turvallisesti.","breadcrumb":{"@id":"https:\/\/spelivinkki.fi\/tietosuojaseloste\/#breadcrumb"},"inLanguage":"sv-SE","potentialAction":[{"@type":"ReadAction","target":["https:\/\/spelivinkki.fi\/tietosuojaseloste\/"]}]},{"@type":"BreadcrumbList","@id":"https:\/\/spelivinkki.fi\/tietosuojaseloste\/#breadcrumb","itemListElement":[{"@type":"ListItem","position":1,"name":"Etusivu","item":"https:\/\/spelivinkki.fi\/"},{"@type":"ListItem","position":2,"name":"Tietosuojaseloste"}]},{"@type":"WebSite","@id":"https:\/\/spelivinkki.fi\/#website","url":"https:\/\/spelivinkki.fi\/","name":"Spelivinkki","description":"Paraisten Lautapelikauppa","publisher":{"@id":"https:\/\/spelivinkki.fi\/#organization"},"alternateName":"Spelivinkki Oy","potentialAction":[{"@type":"SearchAction","target":{"@type":"EntryPoint","urlTemplate":"https:\/\/spelivinkki.fi\/?s={search_term_string}"},"query-input":{"@type":"PropertyValueSpecification","valueRequired":true,"valueName":"search_term_string"}}],"inLanguage":"sv-SE"},{"@type":"Organization","@id":"https:\/\/spelivinkki.fi\/#organization","name":"Spelivinkki Oy","alternateName":"Spelivinkki","url":"https:\/\/spelivinkki.fi\/","logo":{"@type":"ImageObject","inLanguage":"sv-SE","@id":"https:\/\/spelivinkki.fi\/#\/schema\/logo\/image\/","url":"https:\/\/mlw9zexfsyfr.i.optimole.com\/w:auto\/h:auto\/q:mauto\/ig:avif\/https:\/\/spelivinkki.fi\/wp-content\/uploads\/2024\/02\/Logo.svg","contentUrl":"https:\/\/mlw9zexfsyfr.i.optimole.com\/w:auto\/h:auto\/q:mauto\/ig:avif\/https:\/\/spelivinkki.fi\/wp-content\/uploads\/2024\/02\/Logo.svg","width":2176,"height":2323,"caption":"Spelivinkki Oy"},"image":{"@id":"https:\/\/spelivinkki.fi\/#\/schema\/logo\/image\/"},"sameAs":["https:\/\/www.facebook.com\/SpelivinkkiOy\/","https:\/\/x.com\/SpelivinkkiOy","https:\/\/www.instagram.com\/spelivinkkioy\/"],"description":"Spelivinkki Oy is a company operating both a brick-and-mortar store in Finland as well as a webshop online. We sell board games, roleplaying games, miniature wargames, logic puzzles, jigsaw puzzles and other things related to the boardgame hobby.","email":"myynti@spelivinkki.fi","telephone":"+358406486605","legalName":"Spelivinkki Oy","foundingDate":"2023-09-17","vatID":"FI33904524","numberOfEmployees":{"@type":"QuantitativeValue","minValue":"1","maxValue":"10"},"hasMerchantReturnPolicy":{"@type":"MerchantReturnPolicy","merchantReturnLink":"https:\/\/spelivinkki.fi\/sv\/spelivinkin-vaihto-ja-palautusoikeus\/"}}]}},"_links":{"self":[{"href":"https:\/\/spelivinkki.fi\/sv\/wp-json\/wp\/v2\/pages\/5822","targetHints":{"allow":["GET"]}}],"collection":[{"href":"https:\/\/spelivinkki.fi\/sv\/wp-json\/wp\/v2\/pages"}],"about":[{"href":"https:\/\/spelivinkki.fi\/sv\/wp-json\/wp\/v2\/types\/page"}],"author":[{"embeddable":true,"href":"https:\/\/spelivinkki.fi\/sv\/wp-json\/wp\/v2\/users\/2"}],"replies":[{"embeddable":true,"href":"https:\/\/spelivinkki.fi\/sv\/wp-json\/wp\/v2\/comments?post=5822"}],"version-history":[{"count":13,"href":"https:\/\/spelivinkki.fi\/sv\/wp-json\/wp\/v2\/pages\/5822\/revisions"}],"predecessor-version":[{"id":7303,"href":"https:\/\/spelivinkki.fi\/sv\/wp-json\/wp\/v2\/pages\/5822\/revisions\/7303"}],"wp:attachment":[{"href":"https:\/\/spelivinkki.fi\/sv\/wp-json\/wp\/v2\/media?parent=5822"}],"curies":[{"name":"wp","href":"https:\/\/api.w.org\/{rel}","templated":true}]}}