{"id":6080,"date":"2024-04-03T12:48:25","date_gmt":"2024-04-03T12:48:25","guid":{"rendered":"https:\/\/spelivinkki.fi\/?page_id=6080"},"modified":"2026-02-26T13:54:41","modified_gmt":"2026-02-26T13:54:41","slug":"pelitilat","status":"publish","type":"page","link":"https:\/\/spelivinkki.fi\/sv\/pelitilat\/","title":{"rendered":"Spelivinkkis Spelutrymmen"},"content":{"rendered":"<p>Spelivinkki erbjuder m\u00f6jligheten att ordna spelkv\u00e4llar f\u00f6r b\u00e5de stora och sm\u00e5 grupper. I det tidigare fallet kan ditt evenemang s\u00e4ttas in i v\u00e5r sidas h\u00e4ndelsekalender. D\u00e5 l\u00f6nar det sig dock att vara tidig med att ordna evenemanget s\u00e5 att Spelivinkkis bes\u00f6kare hinner l\u00e4sa om det p\u00e5 webbsidan. Vi kan s\u00e5klart ocks\u00e5 informera om spelkv\u00e4llen via sociala medier, men andra former av reklam ansvarar kv\u00e4llens ordnare sj\u00e4lv \u00f6ver.<\/p>\n\n\n\n<h3 class=\"wp-block-heading\" id=\"h-mitka-ovat-tilan-vuokraamisen-ehdot\">Vilka \u00e4r vilkoren f\u00f6r att boka spelutrymme?<\/h3>\n\n\n\n<p>Om kv\u00e4llen ordnas i <strong>Stora Utrymmet<\/strong> (nogrannare information nedan!) betalar kv\u00e4llens deltagare, inklusive dess ordnare, Spelivinkki <strong>5\u20ac<\/strong> per person. Priset inneh\u00e5ller spelutrymme, st\u00e4dning och tillg\u00e5ng till butikens h\u00f6gtalare. F\u00f6r musikval och musikens lagliga anv\u00e4ndning ansvarar den som ordnar kv\u00e4llen sj\u00e4lv, men om det \u00e4r fr\u00e5gan om en begr\u00e4nsad grupp b\u00f6r detta inte vara ett problem. Det g\u00e5r att anv\u00e4nda Bluetooth f\u00f6r att ansluta telefonen till Spelivinkkis h\u00f6gtalare, vilket m\u00f6jligg\u00f6r eget musikval via telefon. <\/p>\n\n\n\n<p>Ifall det dock \u00e4r fr\u00e5gan om <strong>det lilla utrymmet<\/strong>kostar det endast om deltagarna hyr spel (mer om detta under f\u00f6ljande rubrik)! Eftersom det lilla utrymmet best\u00e5r av ett bord i aff\u00e4rsutrymmet \u00e4r m\u00f6jligheten att spela musik tyv\u00e4rr begr\u00e4nsad.<\/p>\n\n\n\n<p>Om vi inte kommer \u00f6verens om annat med kv\u00e4llens ordnare p\u00e5 f\u00f6rhand \u00e4r v\u00e5ra spelutrymmen tillg\u00e4ngliga \u00e4nda tills klockan <strong>22:00<\/strong> , dock kan vi vid behov diskutera om saken p\u00e5 f\u00f6rhand, i vilket fall priset kan stiga med ett par euro per person. Ifall spelkv\u00e4llen r\u00e5kar ta l\u00e4ngre \u00e4n f\u00f6rv\u00e4ntat kan vi ocks\u00e5 diskutera om en f\u00f6rl\u00e4ngning fast\u00e4n vi inte tidigare skulle ha kommit \u00f6verens om n\u00e5got. I s\u00e5na fall m\u00e5ste dock deltagarna vara beredda p\u00e5 att den vanliga tidsgr\u00e4nsen \u00e4nd\u00e5 h\u00e5ller. <strong>Det g\u00e5r att boka spelutrymme ocks\u00e5 utanf\u00f6r butikens \u00f6ppettider<\/strong>, s\u00e5 l\u00e4nge det meddelas om saken p\u00e5 f\u00f6rhand via epost (<strong>tilat@spelivinkki.fi<\/strong>) eller per telefon (<strong>040 648 6 605<\/strong>).<\/p>\n\n\n\n<p>Ingen beh\u00f6ver betala n\u00e5got p\u00e5 f\u00f6rhand, utan <strong>betalningarna sk\u00f6ts p\u00e5 st\u00e4llet.<\/strong><\/p>\n\n\n\n<h3 class=\"wp-block-heading\" id=\"h-enta-vuokrattavat-pelit\">G\u00e5r det att hyra spel?<\/h3>\n\n\n\n<p>Eftersom \u00f6ppnade spel inte g\u00e5r att s\u00e4lja vidare utan h\u00e4ftig rabatt \u00e4r m\u00f6jligheten att hyra begr\u00e4nsad i j\u00e4mf\u00f6relse till v\u00e5rt urval av spel. \u00c4nd\u00e5 finns f\u00f6ljande spel redan \u00f6ppnade och g\u00e5r att l\u00e5na f\u00f6r en kv\u00e4ll: <strong>Ticket to Ride<\/strong> (Orginalet\/USA), <strong>Ticket to Ride: Europe<\/strong>, <strong>Ticket to Ride: Rails &amp; Sails<\/strong>,<strong> Ticket to Ride: Northern Lights<\/strong>,<strong> El Dorado<\/strong>, <strong>Cascadia, Sagrada, Triominos, Stone Age, Blokus <\/strong>och<strong> Carcassonne.<\/strong> Kostnaden f\u00f6r att hyra ett spel \u00e4r <strong>2\u20ac<\/strong>.<\/p>\n\n\n\n<p>Om den som ordnar kv\u00e4llen \u00e4nd\u00e5 r\u00e5kar beh\u00f6va en stor m\u00e4ngd spel (till exempel shackbr\u00e4den eller kortlekar) och de inte finns tillr\u00e4ckligt p\u00e5 v\u00e5rt lager kan jag best\u00e4lla fler fr\u00e5n Spelivinkkis leverant\u00f6rer. \u00c5terigen l\u00f6nar det sig att vara i tid ifall saken ordnas s\u00e5, eftersom det kan ta ett par veckor ifall leverant\u00f6ren befinner sig utomlands. Ifall leverant\u00f6ren \u00e4r inhemsk kan spelen vara frame inom en vecka eller s\u00e5.\n\nIfall Spelivinkki best\u00e4ller in spel kan vi diskutera om kv\u00e4llens ordnare vill k\u00f6pa dem sj\u00e4lv eller hyra dem f\u00f6r n\u00e5gon liten summa per exemplar f\u00f6r sj\u00e4lva spelkv\u00e4llen, varefter Spelivinkki beh\u00e5ller dem.<\/p>\n\n\n\n<h3 class=\"wp-block-heading\" id=\"h-saatavilla-olevat-tilat\">Tillg\u00e4ngliga utrymmen<\/h3>\n\n\n\n<p>Spelivinkill\u00e4 on k\u00e4yt\u00f6ss\u00e4\u00e4n kaksi tilaa, pieni, ja suuri tila. Pieni tila on pelip\u00f6yt\u00e4 joka sijaitsee Spelivinkin liikkeess\u00e4. Yhteen p\u00f6yt\u00e4\u00e4n mahtuu 6 henkil\u00f6\u00e4 pelaamaan samaa peli\u00e4 jos p\u00f6yt\u00e4 on sein\u00e4\u00e4 vasten, ja 8 jos se ty\u00f6nnet\u00e4\u00e4n enemm\u00e4n kaupan kesskelle. Keskikokoinen tila on koulutalon vanha juhlasali. Valvontatarpeiden vuoksi, liikkeess\u00e4 oleva<strong> det lilla utrymmet i aff\u00e4ren endast tillg\u00e4ngligt n\u00e4r aff\u00e4ren \u00e4r \u00f6ppen.<\/strong><\/p>\n\n\n\n<p>Poikkeuksellisesti Pjukalan P\u00e4iv\u00e4kodin Ruokasaliin on my\u00f6s mahdollista j\u00e4rjest\u00e4\u00e4 viel\u00e4 isompi tila sek\u00e4 muita tapahtumia p\u00e4iv\u00e4kodin ollessa suljettuna (Arkisin <strong>17:00<\/strong> fram\u00e5t; flexiblare p\u00e5 helgdagar). Om dessa saker ansvarar dock utrymmets \u00e4gare, som \u00e4r tillg\u00e4nglig via epost p\u00e5 addressen: <strong>barbara.heinonen@gmail.com<\/strong>.<\/p>\n\n\n\n<p><\/p>","protected":false},"excerpt":{"rendered":"<p>Spelivinkki tarjoaa mahdollisuuden j\u00e4rjest\u00e4\u00e4 peli-iltoja joko pienelle ryhm\u00e4lle tai isolle porukalle, jolloin peli-iltasi voidaan halutessasi lis\u00e4t\u00e4 sivustomme tapahtumakalenteriin. T\u00e4ss\u00e4 tapauksessa kannattaa olla ajoissa j\u00e4rjest\u00e4misen kannalta, ett\u00e4 Spelivinkin vierailijat ehtiv\u00e4t lukea siit\u00e4! Voimme tietysti my\u00f6s mainita tapahtumasta SoMe kanavillamme. Muu mainostus isosta tapahtumasta on kuitenkin tapahtumaj\u00e4rjest\u00e4j\u00e4n omaalla vastuulla. Mitk\u00e4 ovat tilan vuokraamisen ehdot? Jos iltaa j\u00e4rjestet\u00e4\u00e4n [&hellip;]<\/p>\n","protected":false},"author":2,"featured_media":0,"parent":0,"menu_order":0,"comment_status":"closed","ping_status":"closed","template":"","meta":{"site-sidebar-layout":"default","site-content-layout":"","ast-site-content-layout":"default","site-content-style":"default","site-sidebar-style":"default","ast-global-header-display":"","ast-banner-title-visibility":"","ast-main-header-display":"","ast-hfb-above-header-display":"","ast-hfb-below-header-display":"","ast-hfb-mobile-header-display":"","site-post-title":"","ast-breadcrumbs-content":"","ast-featured-img":"","footer-sml-layout":"","ast-disable-related-posts":"","theme-transparent-header-meta":"","adv-header-id-meta":"","stick-header-meta":"","header-above-stick-meta":"","header-main-stick-meta":"","header-below-stick-meta":"","astra-migrate-meta-layouts":"set","ast-page-background-enabled":"default","ast-page-background-meta":{"desktop":{"background-color":"","background-image":"","background-repeat":"repeat","background-position":"center center","background-size":"auto","background-attachment":"scroll","background-type":"","background-media":"","overlay-type":"","overlay-color":"","overlay-opacity":"","overlay-gradient":""},"tablet":{"background-color":"","background-image":"","background-repeat":"repeat","background-position":"center center","background-size":"auto","background-attachment":"scroll","background-type":"","background-media":"","overlay-type":"","overlay-color":"","overlay-opacity":"","overlay-gradient":""},"mobile":{"background-color":"","background-image":"","background-repeat":"repeat","background-position":"center center","background-size":"auto","background-attachment":"scroll","background-type":"","background-media":"","overlay-type":"","overlay-color":"","overlay-opacity":"","overlay-gradient":""}},"ast-content-background-meta":{"desktop":{"background-color":"var(--ast-global-color-5)","background-image":"","background-repeat":"repeat","background-position":"center center","background-size":"auto","background-attachment":"scroll","background-type":"","background-media":"","overlay-type":"","overlay-color":"","overlay-opacity":"","overlay-gradient":""},"tablet":{"background-color":"var(--ast-global-color-5)","background-image":"","background-repeat":"repeat","background-position":"center center","background-size":"auto","background-attachment":"scroll","background-type":"","background-media":"","overlay-type":"","overlay-color":"","overlay-opacity":"","overlay-gradient":""},"mobile":{"background-color":"var(--ast-global-color-5)","background-image":"","background-repeat":"repeat","background-position":"center center","background-size":"auto","background-attachment":"scroll","background-type":"","background-media":"","overlay-type":"","overlay-color":"","overlay-opacity":"","overlay-gradient":""}},"footnotes":""},"class_list":["post-6080","page","type-page","status-publish","hentry"],"yoast_head":"<!-- This site is optimized with the Yoast SEO Premium plugin v27.3 (Yoast SEO v27.4) - https:\/\/yoast.com\/product\/yoast-seo-premium-wordpress\/ -->\n<title>Spelivinkin Pelitilat &#8211; Spelivinkki<\/title>\n<meta name=\"description\" content=\"J\u00e4rjest\u00e4 peli-ilta Spelivinkiss\u00e4! Peli-illan osallistujat maksavat vain 5\u20ac, sis\u00e4lt\u00e4en tilan ja siivouksen.\" \/>\n<meta name=\"robots\" content=\"index, follow, max-snippet:-1, max-image-preview:large, max-video-preview:-1\" \/>\n<link rel=\"canonical\" href=\"https:\/\/spelivinkki.fi\/sv\/pelitilat\/\" \/>\n<meta property=\"og:locale\" content=\"sv_SE\" \/>\n<meta property=\"og:type\" content=\"article\" \/>\n<meta property=\"og:title\" content=\"Spelivinkin Pelitilat\" \/>\n<meta property=\"og:description\" content=\"J\u00e4rjest\u00e4 peli-ilta Spelivinkiss\u00e4! Peli-illan osallistujat maksavat vain 5\u20ac, sis\u00e4lt\u00e4en tilan ja siivouksen.\" \/>\n<meta property=\"og:url\" content=\"https:\/\/spelivinkki.fi\/sv\/pelitilat\/\" \/>\n<meta property=\"og:site_name\" content=\"Spelivinkki\" \/>\n<meta property=\"article:publisher\" content=\"https:\/\/www.facebook.com\/SpelivinkkiOy\/\" \/>\n<meta property=\"article:modified_time\" content=\"2026-02-26T13:54:41+00:00\" \/>\n<meta name=\"twitter:card\" content=\"summary_large_image\" \/>\n<meta name=\"twitter:site\" content=\"@SpelivinkkiOy\" \/>\n<meta name=\"twitter:label1\" content=\"Ber\u00e4knad l\u00e4stid\" \/>\n\t<meta name=\"twitter:data1\" content=\"3 minuter\" \/>\n<script type=\"application\/ld+json\" class=\"yoast-schema-graph\">{\"@context\":\"https:\\\/\\\/schema.org\",\"@graph\":[{\"@type\":\"WebPage\",\"@id\":\"https:\\\/\\\/spelivinkki.fi\\\/pelitilat\\\/\",\"url\":\"https:\\\/\\\/spelivinkki.fi\\\/pelitilat\\\/\",\"name\":\"Spelivinkin Pelitilat &#8211; Spelivinkki\",\"isPartOf\":{\"@id\":\"https:\\\/\\\/spelivinkki.fi\\\/#website\"},\"datePublished\":\"2024-04-03T12:48:25+00:00\",\"dateModified\":\"2026-02-26T13:54:41+00:00\",\"description\":\"J\u00e4rjest\u00e4 peli-ilta Spelivinkiss\u00e4! Peli-illan osallistujat maksavat vain 5\u20ac, sis\u00e4lt\u00e4en tilan ja siivouksen.\",\"breadcrumb\":{\"@id\":\"https:\\\/\\\/spelivinkki.fi\\\/pelitilat\\\/#breadcrumb\"},\"inLanguage\":\"sv-SE\",\"potentialAction\":[{\"@type\":\"ReadAction\",\"target\":[\"https:\\\/\\\/spelivinkki.fi\\\/pelitilat\\\/\"]}]},{\"@type\":\"BreadcrumbList\",\"@id\":\"https:\\\/\\\/spelivinkki.fi\\\/pelitilat\\\/#breadcrumb\",\"itemListElement\":[{\"@type\":\"ListItem\",\"position\":1,\"name\":\"Etusivu\",\"item\":\"https:\\\/\\\/spelivinkki.fi\\\/\"},{\"@type\":\"ListItem\",\"position\":2,\"name\":\"Spelivinkin Pelitilat\"}]},{\"@type\":\"WebSite\",\"@id\":\"https:\\\/\\\/spelivinkki.fi\\\/#website\",\"url\":\"https:\\\/\\\/spelivinkki.fi\\\/\",\"name\":\"Spelivinkki\",\"description\":\"Paraisten Lautapelikauppa\",\"publisher\":{\"@id\":\"https:\\\/\\\/spelivinkki.fi\\\/#organization\"},\"alternateName\":\"Spelivinkki Oy\",\"potentialAction\":[{\"@type\":\"SearchAction\",\"target\":{\"@type\":\"EntryPoint\",\"urlTemplate\":\"https:\\\/\\\/spelivinkki.fi\\\/?s={search_term_string}\"},\"query-input\":{\"@type\":\"PropertyValueSpecification\",\"valueRequired\":true,\"valueName\":\"search_term_string\"}}],\"inLanguage\":\"sv-SE\"},{\"@type\":\"Organization\",\"@id\":\"https:\\\/\\\/spelivinkki.fi\\\/#organization\",\"name\":\"Spelivinkki Oy\",\"alternateName\":\"Spelivinkki\",\"url\":\"https:\\\/\\\/spelivinkki.fi\\\/\",\"logo\":{\"@type\":\"ImageObject\",\"inLanguage\":\"sv-SE\",\"@id\":\"https:\\\/\\\/spelivinkki.fi\\\/#\\\/schema\\\/logo\\\/image\\\/\",\"url\":\"https:\\/\\/spelivinkki.fi\\/wp-content\\/uploads\\/2024\\/02\\/Logo.svg\",\"contentUrl\":\"https:\\/\\/spelivinkki.fi\\/wp-content\\/uploads\\/2024\\/02\\/Logo.svg\",\"width\":2176,\"height\":2323,\"caption\":\"Spelivinkki Oy\"},\"image\":{\"@id\":\"https:\\\/\\\/spelivinkki.fi\\\/#\\\/schema\\\/logo\\\/image\\\/\"},\"sameAs\":[\"https:\\\/\\\/www.facebook.com\\\/SpelivinkkiOy\\\/\",\"https:\\\/\\\/x.com\\\/SpelivinkkiOy\",\"https:\\\/\\\/www.instagram.com\\\/spelivinkkioy\\\/\"],\"description\":\"Spelivinkki Oy is a company operating both a brick-and-mortar store in Finland as well as a webshop online. We sell board games, roleplaying games, miniature wargames, logic puzzles, jigsaw puzzles and other things related to the boardgame hobby.\",\"email\":\"myynti@spelivinkki.fi\",\"telephone\":\"+358406486605\",\"legalName\":\"Spelivinkki Oy\",\"foundingDate\":\"2023-09-17\",\"vatID\":\"FI33904524\",\"numberOfEmployees\":{\"@type\":\"QuantitativeValue\",\"minValue\":\"1\",\"maxValue\":\"10\"},\"hasMerchantReturnPolicy\":{\"@type\":\"MerchantReturnPolicy\",\"merchantReturnLink\":\"https:\\\/\\\/spelivinkki.fi\\\/sv\\\/spelivinkin-vaihto-ja-palautusoikeus\\\/\"}}]}<\/script>\n<!-- \/ Yoast SEO Premium plugin. -->","yoast_head_json":{"title":"Spelivinkin Pelitilat &#8211; Spelivinkki","description":"J\u00e4rjest\u00e4 peli-ilta Spelivinkiss\u00e4! Peli-illan osallistujat maksavat vain 5\u20ac, sis\u00e4lt\u00e4en tilan ja siivouksen.","robots":{"index":"index","follow":"follow","max-snippet":"max-snippet:-1","max-image-preview":"max-image-preview:large","max-video-preview":"max-video-preview:-1"},"canonical":"https:\/\/spelivinkki.fi\/sv\/pelitilat\/","og_locale":"sv_SE","og_type":"article","og_title":"Spelivinkin Pelitilat","og_description":"J\u00e4rjest\u00e4 peli-ilta Spelivinkiss\u00e4! Peli-illan osallistujat maksavat vain 5\u20ac, sis\u00e4lt\u00e4en tilan ja siivouksen.","og_url":"https:\/\/spelivinkki.fi\/sv\/pelitilat\/","og_site_name":"Spelivinkki","article_publisher":"https:\/\/www.facebook.com\/SpelivinkkiOy\/","article_modified_time":"2026-02-26T13:54:41+00:00","twitter_card":"summary_large_image","twitter_site":"@SpelivinkkiOy","twitter_misc":{"Ber\u00e4knad l\u00e4stid":"3 minuter"},"schema":{"@context":"https:\/\/schema.org","@graph":[{"@type":"WebPage","@id":"https:\/\/spelivinkki.fi\/pelitilat\/","url":"https:\/\/spelivinkki.fi\/pelitilat\/","name":"Spelivinkin Pelitilat &#8211; Spelivinkki","isPartOf":{"@id":"https:\/\/spelivinkki.fi\/#website"},"datePublished":"2024-04-03T12:48:25+00:00","dateModified":"2026-02-26T13:54:41+00:00","description":"J\u00e4rjest\u00e4 peli-ilta Spelivinkiss\u00e4! Peli-illan osallistujat maksavat vain 5\u20ac, sis\u00e4lt\u00e4en tilan ja siivouksen.","breadcrumb":{"@id":"https:\/\/spelivinkki.fi\/pelitilat\/#breadcrumb"},"inLanguage":"sv-SE","potentialAction":[{"@type":"ReadAction","target":["https:\/\/spelivinkki.fi\/pelitilat\/"]}]},{"@type":"BreadcrumbList","@id":"https:\/\/spelivinkki.fi\/pelitilat\/#breadcrumb","itemListElement":[{"@type":"ListItem","position":1,"name":"Etusivu","item":"https:\/\/spelivinkki.fi\/"},{"@type":"ListItem","position":2,"name":"Spelivinkin Pelitilat"}]},{"@type":"WebSite","@id":"https:\/\/spelivinkki.fi\/#website","url":"https:\/\/spelivinkki.fi\/","name":"Spelivinkki","description":"Paraisten Lautapelikauppa","publisher":{"@id":"https:\/\/spelivinkki.fi\/#organization"},"alternateName":"Spelivinkki Oy","potentialAction":[{"@type":"SearchAction","target":{"@type":"EntryPoint","urlTemplate":"https:\/\/spelivinkki.fi\/?s={search_term_string}"},"query-input":{"@type":"PropertyValueSpecification","valueRequired":true,"valueName":"search_term_string"}}],"inLanguage":"sv-SE"},{"@type":"Organization","@id":"https:\/\/spelivinkki.fi\/#organization","name":"Spelivinkki Oy","alternateName":"Spelivinkki","url":"https:\/\/spelivinkki.fi\/","logo":{"@type":"ImageObject","inLanguage":"sv-SE","@id":"https:\/\/spelivinkki.fi\/#\/schema\/logo\/image\/","url":"https:\/\/mlw9zexfsyfr.i.optimole.com\/w:auto\/h:auto\/q:mauto\/ig:avif\/https:\/\/spelivinkki.fi\/wp-content\/uploads\/2024\/02\/Logo.svg","contentUrl":"https:\/\/mlw9zexfsyfr.i.optimole.com\/w:auto\/h:auto\/q:mauto\/ig:avif\/https:\/\/spelivinkki.fi\/wp-content\/uploads\/2024\/02\/Logo.svg","width":2176,"height":2323,"caption":"Spelivinkki Oy"},"image":{"@id":"https:\/\/spelivinkki.fi\/#\/schema\/logo\/image\/"},"sameAs":["https:\/\/www.facebook.com\/SpelivinkkiOy\/","https:\/\/x.com\/SpelivinkkiOy","https:\/\/www.instagram.com\/spelivinkkioy\/"],"description":"Spelivinkki Oy is a company operating both a brick-and-mortar store in Finland as well as a webshop online. We sell board games, roleplaying games, miniature wargames, logic puzzles, jigsaw puzzles and other things related to the boardgame hobby.","email":"myynti@spelivinkki.fi","telephone":"+358406486605","legalName":"Spelivinkki Oy","foundingDate":"2023-09-17","vatID":"FI33904524","numberOfEmployees":{"@type":"QuantitativeValue","minValue":"1","maxValue":"10"},"hasMerchantReturnPolicy":{"@type":"MerchantReturnPolicy","merchantReturnLink":"https:\/\/spelivinkki.fi\/sv\/spelivinkin-vaihto-ja-palautusoikeus\/"}}]}},"_links":{"self":[{"href":"https:\/\/spelivinkki.fi\/sv\/wp-json\/wp\/v2\/pages\/6080","targetHints":{"allow":["GET"]}}],"collection":[{"href":"https:\/\/spelivinkki.fi\/sv\/wp-json\/wp\/v2\/pages"}],"about":[{"href":"https:\/\/spelivinkki.fi\/sv\/wp-json\/wp\/v2\/types\/page"}],"author":[{"embeddable":true,"href":"https:\/\/spelivinkki.fi\/sv\/wp-json\/wp\/v2\/users\/2"}],"replies":[{"embeddable":true,"href":"https:\/\/spelivinkki.fi\/sv\/wp-json\/wp\/v2\/comments?post=6080"}],"version-history":[{"count":22,"href":"https:\/\/spelivinkki.fi\/sv\/wp-json\/wp\/v2\/pages\/6080\/revisions"}],"predecessor-version":[{"id":7908,"href":"https:\/\/spelivinkki.fi\/sv\/wp-json\/wp\/v2\/pages\/6080\/revisions\/7908"}],"wp:attachment":[{"href":"https:\/\/spelivinkki.fi\/sv\/wp-json\/wp\/v2\/media?parent=6080"}],"curies":[{"name":"wp","href":"https:\/\/api.w.org\/{rel}","templated":true}]}}