{"id":6117,"date":"2024-04-03T17:03:11","date_gmt":"2024-04-03T17:03:11","guid":{"rendered":"https:\/\/spelivinkki.fi\/?page_id=6117"},"modified":"2025-02-26T13:38:25","modified_gmt":"2025-02-26T13:38:25","slug":"toimitustiedot","status":"publish","type":"page","link":"https:\/\/spelivinkki.fi\/sv\/toimitustiedot\/","title":{"rendered":"Leveransinformation"},"content":{"rendered":"<p>Postpaket f\u00f6rs fr\u00e5n aff\u00e4ren till posten vanligtvis p\u00e5 <strong>M\u00e5ndagar<\/strong>, <strong>Onsdagar<\/strong> och <strong>Fredagar<\/strong>. Efter detta \u00e4r det leverant\u00f6ren som ansvarar f\u00f6r paketet och hur snabbt det anl\u00e4nder (vanligtvis mellan 2-5 dagar i Finland). Du f\u00e5r en kod f\u00f6r att kunna f\u00f6lja med f\u00f6rs\u00e4ndelsen n\u00e4r den v\u00e4l har postats.<strong> F\u00f6r tillf\u00e4llet levererar Spelivinkki sina produkter endast till det finska fastlandet!<\/strong><\/p>\n\n\n\n<p>Om best\u00e4llningen kan l\u00e4ggas i en <strong>35 x 30 x 25<\/strong> <strong>cm<\/strong>stor l\u00e5da och v\u00e4ger <strong>under 3,8 kg<\/strong>kan vi klassificera den som ett s\u00e5 kallat <em>Sm\u00e5paket <\/em>och det kostar dem som bor i finland kring <strong>5\u20ac<\/strong> (3,98\u20ac + Moms). Sm\u00e5paket anl\u00e4nder automatiskt bakom d\u00f6rren. Till dessa h\u00f6r <em>Ticket to Ride<\/em> och m\u00e5nga andra k\u00e4nda spel. Ifall best\u00e4llningen \u00f6verskrider dessa kostar leveransen till ett upph\u00e4mtningsst\u00e4lle <strong>7,50\u20ac<\/strong> (5,98\u20ac + Moms), eller <strong>15\u20ac<\/strong> om det best\u00e4lls hem (11,95\u20ac + ALV).<\/p>\n\n\n\n<p><strong>Brevpaket<\/strong> anv\u00e4nds ifall best\u00e4llningen passar i ett brev av A4 storlek och \u00e4r <strong>max 3 cm h\u00f6g<\/strong> , samt v\u00e4ger under <strong>1,9 kg<\/strong>. Leveransen kostar d\u00e5 ungef\u00e4r <strong>4,50\u20ac <\/strong>(3,58\u20ac + Moms).<\/p>\n\n\n\n<p>Spelivinkki levererar inte <strong>TF\u00c4-klassificerade<\/strong> (<em>Transport av Farliga \u00c4mnen<\/em>) utan de s\u00f6kes fr\u00e5n aff\u00e4ren! Ocks\u00e5 vissa andra produkter som specialprodukter och sm\u00e5saker som tygkassar \u00e4r begr\u00e4nsade till att h\u00e4mtas fr\u00e5n Spelivinkki.<\/p>\n\n\n\n<p>Ifall en best\u00e4llning \u00f6verskrider <strong>24,6 kg<\/strong>\u00e4r det m\u00f6jligt att s\u00f6ka best\u00e4llningen fr\u00e5n aff\u00e4ren som vanligt <strong>eller <\/strong>s\u00e5 kan kunden h\u00f6ra av sig om en specialbest\u00e4llning via epost.<\/p>\n\n\n\n<p><strong>G\u00e4llande rodukter som saknas helt och h\u00e5llet eller \u00e4r slut p\u00e5 lager<\/strong> Kan en kund h\u00f6ra av sig via e-post n\u00e4r det g\u00e4ller <strong>Army Painter<\/strong> eller <strong>Games Workshops<\/strong> (\u00e4ven Citadel) produkter! Spelivinkki kan best\u00e4lla in dessa hur enkelt som helst. <strong>N\u00e4r det \u00e4r fr\u00e5gan om andra produkter<\/strong> l\u00f6nar det sig att kolla instruktionerna <a href=\"https:\/\/spelivinkki.fi\/sv\/toivomuslista\/\">h\u00e4r<\/a>!<\/p>\n\n\n\n<p>Eftersom Spelivinkki \u00e4r en sj\u00e4lvst\u00e4ndig aff\u00e4r <strong>kostar det inget att h\u00e4mta best\u00e4llningar fr\u00e5n butiken!<\/strong><\/p>\n\n\n\n<p><\/p>","protected":false},"excerpt":{"rendered":"<p>Paketit toimitetaan liikkeest\u00e4mme postiin tavallisesti Maanantaisin, Keskiviikkoisin ja Perjantaisin. T\u00e4m\u00e4n j\u00e4lkeen toimittaja on vastuussa paketistasi ja siit\u00e4, kuinka nopeasti se tulee perille (yleens\u00e4 2-5 p\u00e4iv\u00e4\u00e4 postituksesta Suomessa). Saat seurantakoodin kun tilauksesi on postitettu. T\u00e4ll\u00e4 hetkell\u00e4 Spelivinkki toimittaa ainoastaan tuotteita manner-suomeen! Jos tilaus mahtuu 35 x 30 x 25 cm:n laatikon sis\u00e4lle ja painaa alle 3,8 [&hellip;]<\/p>\n","protected":false},"author":2,"featured_media":0,"parent":0,"menu_order":0,"comment_status":"closed","ping_status":"closed","template":"","meta":{"site-sidebar-layout":"default","site-content-layout":"","ast-site-content-layout":"default","site-content-style":"default","site-sidebar-style":"default","ast-global-header-display":"","ast-banner-title-visibility":"","ast-main-header-display":"","ast-hfb-above-header-display":"","ast-hfb-below-header-display":"","ast-hfb-mobile-header-display":"","site-post-title":"","ast-breadcrumbs-content":"","ast-featured-img":"","footer-sml-layout":"","ast-disable-related-posts":"","theme-transparent-header-meta":"","adv-header-id-meta":"","stick-header-meta":"","header-above-stick-meta":"","header-main-stick-meta":"","header-below-stick-meta":"","astra-migrate-meta-layouts":"set","ast-page-background-enabled":"default","ast-page-background-meta":{"desktop":{"background-color":"","background-image":"","background-repeat":"repeat","background-position":"center center","background-size":"auto","background-attachment":"scroll","background-type":"","background-media":"","overlay-type":"","overlay-color":"","overlay-opacity":"","overlay-gradient":""},"tablet":{"background-color":"","background-image":"","background-repeat":"repeat","background-position":"center center","background-size":"auto","background-attachment":"scroll","background-type":"","background-media":"","overlay-type":"","overlay-color":"","overlay-opacity":"","overlay-gradient":""},"mobile":{"background-color":"","background-image":"","background-repeat":"repeat","background-position":"center center","background-size":"auto","background-attachment":"scroll","background-type":"","background-media":"","overlay-type":"","overlay-color":"","overlay-opacity":"","overlay-gradient":""}},"ast-content-background-meta":{"desktop":{"background-color":"var(--ast-global-color-5)","background-image":"","background-repeat":"repeat","background-position":"center center","background-size":"auto","background-attachment":"scroll","background-type":"","background-media":"","overlay-type":"","overlay-color":"","overlay-opacity":"","overlay-gradient":""},"tablet":{"background-color":"var(--ast-global-color-5)","background-image":"","background-repeat":"repeat","background-position":"center center","background-size":"auto","background-attachment":"scroll","background-type":"","background-media":"","overlay-type":"","overlay-color":"","overlay-opacity":"","overlay-gradient":""},"mobile":{"background-color":"var(--ast-global-color-5)","background-image":"","background-repeat":"repeat","background-position":"center center","background-size":"auto","background-attachment":"scroll","background-type":"","background-media":"","overlay-type":"","overlay-color":"","overlay-opacity":"","overlay-gradient":""}},"footnotes":""},"class_list":["post-6117","page","type-page","status-publish","hentry"],"yoast_head":"<!-- This site is optimized with the Yoast SEO Premium plugin v27.3 (Yoast SEO v27.4) - https:\/\/yoast.com\/product\/yoast-seo-premium-wordpress\/ -->\n<title>Toimitustiedot &#8211; Spelivinkki<\/title>\n<meta name=\"description\" content=\"Tutustu Spelivinkin toimitustietoihin ja pakettien toimitusmaksuihin, saat seurantakoodin tilauksen j\u00e4lkeen.\" \/>\n<meta name=\"robots\" content=\"index, follow, max-snippet:-1, max-image-preview:large, max-video-preview:-1\" \/>\n<link rel=\"canonical\" href=\"https:\/\/spelivinkki.fi\/sv\/toimitustiedot\/\" \/>\n<meta property=\"og:locale\" content=\"sv_SE\" \/>\n<meta property=\"og:type\" content=\"article\" \/>\n<meta property=\"og:title\" content=\"Toimitustiedot\" \/>\n<meta property=\"og:description\" content=\"Tutustu Spelivinkin toimitustietoihin ja pakettien toimitusmaksuihin, saat seurantakoodin tilauksen j\u00e4lkeen.\" \/>\n<meta property=\"og:url\" content=\"https:\/\/spelivinkki.fi\/sv\/toimitustiedot\/\" \/>\n<meta property=\"og:site_name\" content=\"Spelivinkki\" \/>\n<meta property=\"article:publisher\" content=\"https:\/\/www.facebook.com\/SpelivinkkiOy\/\" \/>\n<meta property=\"article:modified_time\" content=\"2025-02-26T13:38:25+00:00\" \/>\n<meta name=\"twitter:card\" content=\"summary_large_image\" \/>\n<meta name=\"twitter:site\" content=\"@SpelivinkkiOy\" \/>\n<meta name=\"twitter:label1\" content=\"Ber\u00e4knad l\u00e4stid\" \/>\n\t<meta name=\"twitter:data1\" content=\"2 minuter\" \/>\n<script type=\"application\/ld+json\" class=\"yoast-schema-graph\">{\"@context\":\"https:\\\/\\\/schema.org\",\"@graph\":[{\"@type\":\"WebPage\",\"@id\":\"https:\\\/\\\/spelivinkki.fi\\\/toimitustiedot\\\/\",\"url\":\"https:\\\/\\\/spelivinkki.fi\\\/toimitustiedot\\\/\",\"name\":\"Toimitustiedot &#8211; Spelivinkki\",\"isPartOf\":{\"@id\":\"https:\\\/\\\/spelivinkki.fi\\\/#website\"},\"datePublished\":\"2024-04-03T17:03:11+00:00\",\"dateModified\":\"2025-02-26T13:38:25+00:00\",\"description\":\"Tutustu Spelivinkin toimitustietoihin ja pakettien toimitusmaksuihin, saat seurantakoodin tilauksen j\u00e4lkeen.\",\"breadcrumb\":{\"@id\":\"https:\\\/\\\/spelivinkki.fi\\\/toimitustiedot\\\/#breadcrumb\"},\"inLanguage\":\"sv-SE\",\"potentialAction\":[{\"@type\":\"ReadAction\",\"target\":[\"https:\\\/\\\/spelivinkki.fi\\\/toimitustiedot\\\/\"]}]},{\"@type\":\"BreadcrumbList\",\"@id\":\"https:\\\/\\\/spelivinkki.fi\\\/toimitustiedot\\\/#breadcrumb\",\"itemListElement\":[{\"@type\":\"ListItem\",\"position\":1,\"name\":\"Etusivu\",\"item\":\"https:\\\/\\\/spelivinkki.fi\\\/\"},{\"@type\":\"ListItem\",\"position\":2,\"name\":\"Toimitustiedot\"}]},{\"@type\":\"WebSite\",\"@id\":\"https:\\\/\\\/spelivinkki.fi\\\/#website\",\"url\":\"https:\\\/\\\/spelivinkki.fi\\\/\",\"name\":\"Spelivinkki\",\"description\":\"Paraisten Lautapelikauppa\",\"publisher\":{\"@id\":\"https:\\\/\\\/spelivinkki.fi\\\/#organization\"},\"alternateName\":\"Spelivinkki Oy\",\"potentialAction\":[{\"@type\":\"SearchAction\",\"target\":{\"@type\":\"EntryPoint\",\"urlTemplate\":\"https:\\\/\\\/spelivinkki.fi\\\/?s={search_term_string}\"},\"query-input\":{\"@type\":\"PropertyValueSpecification\",\"valueRequired\":true,\"valueName\":\"search_term_string\"}}],\"inLanguage\":\"sv-SE\"},{\"@type\":\"Organization\",\"@id\":\"https:\\\/\\\/spelivinkki.fi\\\/#organization\",\"name\":\"Spelivinkki Oy\",\"alternateName\":\"Spelivinkki\",\"url\":\"https:\\\/\\\/spelivinkki.fi\\\/\",\"logo\":{\"@type\":\"ImageObject\",\"inLanguage\":\"sv-SE\",\"@id\":\"https:\\\/\\\/spelivinkki.fi\\\/#\\\/schema\\\/logo\\\/image\\\/\",\"url\":\"https:\\/\\/spelivinkki.fi\\/wp-content\\/uploads\\/2024\\/02\\/Logo.svg\",\"contentUrl\":\"https:\\/\\/spelivinkki.fi\\/wp-content\\/uploads\\/2024\\/02\\/Logo.svg\",\"width\":2176,\"height\":2323,\"caption\":\"Spelivinkki Oy\"},\"image\":{\"@id\":\"https:\\\/\\\/spelivinkki.fi\\\/#\\\/schema\\\/logo\\\/image\\\/\"},\"sameAs\":[\"https:\\\/\\\/www.facebook.com\\\/SpelivinkkiOy\\\/\",\"https:\\\/\\\/x.com\\\/SpelivinkkiOy\",\"https:\\\/\\\/www.instagram.com\\\/spelivinkkioy\\\/\"],\"description\":\"Spelivinkki Oy is a company operating both a brick-and-mortar store in Finland as well as a webshop online. We sell board games, roleplaying games, miniature wargames, logic puzzles, jigsaw puzzles and other things related to the boardgame hobby.\",\"email\":\"myynti@spelivinkki.fi\",\"telephone\":\"+358406486605\",\"legalName\":\"Spelivinkki Oy\",\"foundingDate\":\"2023-09-17\",\"vatID\":\"FI33904524\",\"numberOfEmployees\":{\"@type\":\"QuantitativeValue\",\"minValue\":\"1\",\"maxValue\":\"10\"},\"hasMerchantReturnPolicy\":{\"@type\":\"MerchantReturnPolicy\",\"merchantReturnLink\":\"https:\\\/\\\/spelivinkki.fi\\\/sv\\\/spelivinkin-vaihto-ja-palautusoikeus\\\/\"}}]}<\/script>\n<!-- \/ Yoast SEO Premium plugin. -->","yoast_head_json":{"title":"Toimitustiedot &#8211; Spelivinkki","description":"Tutustu Spelivinkin toimitustietoihin ja pakettien toimitusmaksuihin, saat seurantakoodin tilauksen j\u00e4lkeen.","robots":{"index":"index","follow":"follow","max-snippet":"max-snippet:-1","max-image-preview":"max-image-preview:large","max-video-preview":"max-video-preview:-1"},"canonical":"https:\/\/spelivinkki.fi\/sv\/toimitustiedot\/","og_locale":"sv_SE","og_type":"article","og_title":"Toimitustiedot","og_description":"Tutustu Spelivinkin toimitustietoihin ja pakettien toimitusmaksuihin, saat seurantakoodin tilauksen j\u00e4lkeen.","og_url":"https:\/\/spelivinkki.fi\/sv\/toimitustiedot\/","og_site_name":"Spelivinkki","article_publisher":"https:\/\/www.facebook.com\/SpelivinkkiOy\/","article_modified_time":"2025-02-26T13:38:25+00:00","twitter_card":"summary_large_image","twitter_site":"@SpelivinkkiOy","twitter_misc":{"Ber\u00e4knad l\u00e4stid":"2 minuter"},"schema":{"@context":"https:\/\/schema.org","@graph":[{"@type":"WebPage","@id":"https:\/\/spelivinkki.fi\/toimitustiedot\/","url":"https:\/\/spelivinkki.fi\/toimitustiedot\/","name":"Toimitustiedot &#8211; Spelivinkki","isPartOf":{"@id":"https:\/\/spelivinkki.fi\/#website"},"datePublished":"2024-04-03T17:03:11+00:00","dateModified":"2025-02-26T13:38:25+00:00","description":"Tutustu Spelivinkin toimitustietoihin ja pakettien toimitusmaksuihin, saat seurantakoodin tilauksen j\u00e4lkeen.","breadcrumb":{"@id":"https:\/\/spelivinkki.fi\/toimitustiedot\/#breadcrumb"},"inLanguage":"sv-SE","potentialAction":[{"@type":"ReadAction","target":["https:\/\/spelivinkki.fi\/toimitustiedot\/"]}]},{"@type":"BreadcrumbList","@id":"https:\/\/spelivinkki.fi\/toimitustiedot\/#breadcrumb","itemListElement":[{"@type":"ListItem","position":1,"name":"Etusivu","item":"https:\/\/spelivinkki.fi\/"},{"@type":"ListItem","position":2,"name":"Toimitustiedot"}]},{"@type":"WebSite","@id":"https:\/\/spelivinkki.fi\/#website","url":"https:\/\/spelivinkki.fi\/","name":"Spelivinkki","description":"Paraisten Lautapelikauppa","publisher":{"@id":"https:\/\/spelivinkki.fi\/#organization"},"alternateName":"Spelivinkki Oy","potentialAction":[{"@type":"SearchAction","target":{"@type":"EntryPoint","urlTemplate":"https:\/\/spelivinkki.fi\/?s={search_term_string}"},"query-input":{"@type":"PropertyValueSpecification","valueRequired":true,"valueName":"search_term_string"}}],"inLanguage":"sv-SE"},{"@type":"Organization","@id":"https:\/\/spelivinkki.fi\/#organization","name":"Spelivinkki Oy","alternateName":"Spelivinkki","url":"https:\/\/spelivinkki.fi\/","logo":{"@type":"ImageObject","inLanguage":"sv-SE","@id":"https:\/\/spelivinkki.fi\/#\/schema\/logo\/image\/","url":"https:\/\/mlw9zexfsyfr.i.optimole.com\/w:auto\/h:auto\/q:mauto\/ig:avif\/https:\/\/spelivinkki.fi\/wp-content\/uploads\/2024\/02\/Logo.svg","contentUrl":"https:\/\/mlw9zexfsyfr.i.optimole.com\/w:auto\/h:auto\/q:mauto\/ig:avif\/https:\/\/spelivinkki.fi\/wp-content\/uploads\/2024\/02\/Logo.svg","width":2176,"height":2323,"caption":"Spelivinkki Oy"},"image":{"@id":"https:\/\/spelivinkki.fi\/#\/schema\/logo\/image\/"},"sameAs":["https:\/\/www.facebook.com\/SpelivinkkiOy\/","https:\/\/x.com\/SpelivinkkiOy","https:\/\/www.instagram.com\/spelivinkkioy\/"],"description":"Spelivinkki Oy is a company operating both a brick-and-mortar store in Finland as well as a webshop online. We sell board games, roleplaying games, miniature wargames, logic puzzles, jigsaw puzzles and other things related to the boardgame hobby.","email":"myynti@spelivinkki.fi","telephone":"+358406486605","legalName":"Spelivinkki Oy","foundingDate":"2023-09-17","vatID":"FI33904524","numberOfEmployees":{"@type":"QuantitativeValue","minValue":"1","maxValue":"10"},"hasMerchantReturnPolicy":{"@type":"MerchantReturnPolicy","merchantReturnLink":"https:\/\/spelivinkki.fi\/sv\/spelivinkin-vaihto-ja-palautusoikeus\/"}}]}},"_links":{"self":[{"href":"https:\/\/spelivinkki.fi\/sv\/wp-json\/wp\/v2\/pages\/6117","targetHints":{"allow":["GET"]}}],"collection":[{"href":"https:\/\/spelivinkki.fi\/sv\/wp-json\/wp\/v2\/pages"}],"about":[{"href":"https:\/\/spelivinkki.fi\/sv\/wp-json\/wp\/v2\/types\/page"}],"author":[{"embeddable":true,"href":"https:\/\/spelivinkki.fi\/sv\/wp-json\/wp\/v2\/users\/2"}],"replies":[{"embeddable":true,"href":"https:\/\/spelivinkki.fi\/sv\/wp-json\/wp\/v2\/comments?post=6117"}],"version-history":[{"count":16,"href":"https:\/\/spelivinkki.fi\/sv\/wp-json\/wp\/v2\/pages\/6117\/revisions"}],"predecessor-version":[{"id":7307,"href":"https:\/\/spelivinkki.fi\/sv\/wp-json\/wp\/v2\/pages\/6117\/revisions\/7307"}],"wp:attachment":[{"href":"https:\/\/spelivinkki.fi\/sv\/wp-json\/wp\/v2\/media?parent=6117"}],"curies":[{"name":"wp","href":"https:\/\/api.w.org\/{rel}","templated":true}]}}