{"id":6214,"date":"2024-04-25T08:35:21","date_gmt":"2024-04-25T08:35:21","guid":{"rendered":"https:\/\/spelivinkki.fi\/?page_id=6214"},"modified":"2025-02-15T12:55:07","modified_gmt":"2025-02-15T12:55:07","slug":"toivomuslista","status":"publish","type":"page","link":"https:\/\/spelivinkki.fi\/sv\/toivomuslista\/","title":{"rendered":"Fattas n\u00e5gon produkt fr\u00e5n v\u00e5rt urval?"},"content":{"rendered":"<p>Jos tuotetta on ollut varastossa ennen, mutta se on p\u00e4\u00e4ssyt loppumaan, lis\u00e4\u00e4 se toivomuslistallesi, niin pystymme seuraamaan, mill\u00e4 tuotteilla on paljon kysynt\u00e4\u00e4!<\/p>\n\n\n\n<p>Spelivinkki har ocks\u00e5 en Google Forms <a href=\"https:\/\/forms.gle\/puNz9SrbDW54N7Yw7\">produkt\u00f6nskem\u00e5lsblankett<\/a>som du kan anv\u00e4nda f\u00f6r att visa att det finns efterfr\u00e5gan p\u00e5 produkter vi inte har haft p\u00e5 lager hittils! Spelivinkki \u00e4r f\u00f6rst och fr\u00e4mst en br\u00e4dspelsbutik, men vi h\u00e5ller oss \u00f6ppna till alla slags n\u00f6rdhobbyn. \ud83d\ude42<\/p>\n\n\n\n<p><em>Det g\u00e5r att skicka in blanketten m\u00e5nga g\u00e5nger genom att \u00f6ppna den igen. Skriv v\u00e4nligen bara&nbsp;<strong>en<\/strong>&nbsp;produkt\/produktgrupp i g\u00e5ngen s\u00e5 att vi b\u00e4ttre kan f\u00f6lja med efterfr\u00e5gan<\/em>. <em>F\u00f6rs\u00f6k med tanke p\u00e5 detta ocks\u00e5 anv\u00e4nda produkters officiella namn s\u00e5 \u00e4r informationens l\u00e4sbarhet b\u00e4ttre p\u00e5 v\u00e5r sida.<\/em><\/p>\n\n\n\n<p><em> <\/em><\/p>","protected":false},"excerpt":{"rendered":"<p>Jos tuotetta on ollut varastossa ennen, mutta se on p\u00e4\u00e4ssyt loppumaan, lis\u00e4\u00e4 se toivomuslistallesi, niin pystymme seuraamaan, mill\u00e4 tuotteilla on paljon kysynt\u00e4\u00e4! Spelivinkill\u00e4 on my\u00f6s Google Formsin avulla toteutettu tuotetoivelista, jossa voit pyyt\u00e4\u00e4 tuotteita, joita meill\u00e4 ei ole t\u00e4h\u00e4n asti ollut! Spelivinkki on ensisijaisesti lautapelikauppa, mutta olemme avoimia kaikenlaisille n\u00f6rttiharrastuksille. \ud83d\ude42 Lomaketta pystyy l\u00e4hett\u00e4m\u00e4\u00e4n monta [&hellip;]<\/p>\n","protected":false},"author":2,"featured_media":0,"parent":0,"menu_order":0,"comment_status":"closed","ping_status":"closed","template":"","meta":{"site-sidebar-layout":"default","site-content-layout":"","ast-site-content-layout":"default","site-content-style":"default","site-sidebar-style":"default","ast-global-header-display":"","ast-banner-title-visibility":"","ast-main-header-display":"","ast-hfb-above-header-display":"","ast-hfb-below-header-display":"","ast-hfb-mobile-header-display":"","site-post-title":"","ast-breadcrumbs-content":"","ast-featured-img":"","footer-sml-layout":"","ast-disable-related-posts":"","theme-transparent-header-meta":"","adv-header-id-meta":"","stick-header-meta":"","header-above-stick-meta":"","header-main-stick-meta":"","header-below-stick-meta":"","astra-migrate-meta-layouts":"set","ast-page-background-enabled":"default","ast-page-background-meta":{"desktop":{"background-color":"","background-image":"","background-repeat":"repeat","background-position":"center center","background-size":"auto","background-attachment":"scroll","background-type":"","background-media":"","overlay-type":"","overlay-color":"","overlay-opacity":"","overlay-gradient":""},"tablet":{"background-color":"","background-image":"","background-repeat":"repeat","background-position":"center center","background-size":"auto","background-attachment":"scroll","background-type":"","background-media":"","overlay-type":"","overlay-color":"","overlay-opacity":"","overlay-gradient":""},"mobile":{"background-color":"","background-image":"","background-repeat":"repeat","background-position":"center center","background-size":"auto","background-attachment":"scroll","background-type":"","background-media":"","overlay-type":"","overlay-color":"","overlay-opacity":"","overlay-gradient":""}},"ast-content-background-meta":{"desktop":{"background-color":"var(--ast-global-color-5)","background-image":"","background-repeat":"repeat","background-position":"center center","background-size":"auto","background-attachment":"scroll","background-type":"","background-media":"","overlay-type":"","overlay-color":"","overlay-opacity":"","overlay-gradient":""},"tablet":{"background-color":"var(--ast-global-color-5)","background-image":"","background-repeat":"repeat","background-position":"center center","background-size":"auto","background-attachment":"scroll","background-type":"","background-media":"","overlay-type":"","overlay-color":"","overlay-opacity":"","overlay-gradient":""},"mobile":{"background-color":"var(--ast-global-color-5)","background-image":"","background-repeat":"repeat","background-position":"center center","background-size":"auto","background-attachment":"scroll","background-type":"","background-media":"","overlay-type":"","overlay-color":"","overlay-opacity":"","overlay-gradient":""}},"footnotes":""},"class_list":["post-6214","page","type-page","status-publish","hentry"],"yoast_head":"<!-- This site is optimized with the Yoast SEO Premium plugin v27.3 (Yoast SEO v27.4) - https:\/\/yoast.com\/product\/yoast-seo-premium-wordpress\/ -->\n<title>Puuttuuko jokin tuote mielest\u00e4si valikoimastamme? &#8211; Spelivinkki<\/title>\n<meta name=\"description\" content=\"Spelivinkki Oy:n asiakkaana voit ilmoittaa meille puuttuvasta tuotteesta ja tarvittaessa tehd\u00e4 erikoistilausta!\" \/>\n<meta name=\"robots\" content=\"index, follow, max-snippet:-1, max-image-preview:large, max-video-preview:-1\" \/>\n<link rel=\"canonical\" href=\"https:\/\/spelivinkki.fi\/sv\/toivomuslista\/\" \/>\n<meta property=\"og:locale\" content=\"sv_SE\" \/>\n<meta property=\"og:type\" content=\"article\" \/>\n<meta property=\"og:title\" content=\"Puuttuuko jokin tuote mielest\u00e4si valikoimastamme?\" \/>\n<meta property=\"og:description\" content=\"Spelivinkki Oy:n asiakkaana voit ilmoittaa meille puuttuvasta tuotteesta ja tarvittaessa tehd\u00e4 erikoistilausta!\" \/>\n<meta property=\"og:url\" content=\"https:\/\/spelivinkki.fi\/sv\/toivomuslista\/\" \/>\n<meta property=\"og:site_name\" content=\"Spelivinkki\" \/>\n<meta property=\"article:publisher\" content=\"https:\/\/www.facebook.com\/SpelivinkkiOy\/\" \/>\n<meta property=\"article:modified_time\" content=\"2025-02-15T12:55:07+00:00\" \/>\n<meta name=\"twitter:card\" content=\"summary_large_image\" \/>\n<meta name=\"twitter:site\" content=\"@SpelivinkkiOy\" \/>\n<meta name=\"twitter:label1\" content=\"Ber\u00e4knad l\u00e4stid\" \/>\n\t<meta name=\"twitter:data1\" content=\"1 minut\" \/>\n<script type=\"application\/ld+json\" class=\"yoast-schema-graph\">{\"@context\":\"https:\\\/\\\/schema.org\",\"@graph\":[{\"@type\":\"WebPage\",\"@id\":\"https:\\\/\\\/spelivinkki.fi\\\/toivomuslista\\\/\",\"url\":\"https:\\\/\\\/spelivinkki.fi\\\/toivomuslista\\\/\",\"name\":\"Puuttuuko jokin tuote mielest\u00e4si valikoimastamme? &#8211; Spelivinkki\",\"isPartOf\":{\"@id\":\"https:\\\/\\\/spelivinkki.fi\\\/#website\"},\"datePublished\":\"2024-04-25T08:35:21+00:00\",\"dateModified\":\"2025-02-15T12:55:07+00:00\",\"description\":\"Spelivinkki Oy:n asiakkaana voit ilmoittaa meille puuttuvasta tuotteesta ja tarvittaessa tehd\u00e4 erikoistilausta!\",\"breadcrumb\":{\"@id\":\"https:\\\/\\\/spelivinkki.fi\\\/toivomuslista\\\/#breadcrumb\"},\"inLanguage\":\"sv-SE\",\"potentialAction\":[{\"@type\":\"ReadAction\",\"target\":[\"https:\\\/\\\/spelivinkki.fi\\\/toivomuslista\\\/\"]}]},{\"@type\":\"BreadcrumbList\",\"@id\":\"https:\\\/\\\/spelivinkki.fi\\\/toivomuslista\\\/#breadcrumb\",\"itemListElement\":[{\"@type\":\"ListItem\",\"position\":1,\"name\":\"Etusivu\",\"item\":\"https:\\\/\\\/spelivinkki.fi\\\/\"},{\"@type\":\"ListItem\",\"position\":2,\"name\":\"Puuttuuko jokin tuote mielest\u00e4si valikoimastamme?\"}]},{\"@type\":\"WebSite\",\"@id\":\"https:\\\/\\\/spelivinkki.fi\\\/#website\",\"url\":\"https:\\\/\\\/spelivinkki.fi\\\/\",\"name\":\"Spelivinkki\",\"description\":\"Paraisten Lautapelikauppa\",\"publisher\":{\"@id\":\"https:\\\/\\\/spelivinkki.fi\\\/#organization\"},\"alternateName\":\"Spelivinkki Oy\",\"potentialAction\":[{\"@type\":\"SearchAction\",\"target\":{\"@type\":\"EntryPoint\",\"urlTemplate\":\"https:\\\/\\\/spelivinkki.fi\\\/?s={search_term_string}\"},\"query-input\":{\"@type\":\"PropertyValueSpecification\",\"valueRequired\":true,\"valueName\":\"search_term_string\"}}],\"inLanguage\":\"sv-SE\"},{\"@type\":\"Organization\",\"@id\":\"https:\\\/\\\/spelivinkki.fi\\\/#organization\",\"name\":\"Spelivinkki Oy\",\"alternateName\":\"Spelivinkki\",\"url\":\"https:\\\/\\\/spelivinkki.fi\\\/\",\"logo\":{\"@type\":\"ImageObject\",\"inLanguage\":\"sv-SE\",\"@id\":\"https:\\\/\\\/spelivinkki.fi\\\/#\\\/schema\\\/logo\\\/image\\\/\",\"url\":\"https:\\/\\/spelivinkki.fi\\/wp-content\\/uploads\\/2024\\/02\\/Logo.svg\",\"contentUrl\":\"https:\\/\\/spelivinkki.fi\\/wp-content\\/uploads\\/2024\\/02\\/Logo.svg\",\"width\":2176,\"height\":2323,\"caption\":\"Spelivinkki Oy\"},\"image\":{\"@id\":\"https:\\\/\\\/spelivinkki.fi\\\/#\\\/schema\\\/logo\\\/image\\\/\"},\"sameAs\":[\"https:\\\/\\\/www.facebook.com\\\/SpelivinkkiOy\\\/\",\"https:\\\/\\\/x.com\\\/SpelivinkkiOy\",\"https:\\\/\\\/www.instagram.com\\\/spelivinkkioy\\\/\"],\"description\":\"Spelivinkki Oy is a company operating both a brick-and-mortar store in Finland as well as a webshop online. We sell board games, roleplaying games, miniature wargames, logic puzzles, jigsaw puzzles and other things related to the boardgame hobby.\",\"email\":\"myynti@spelivinkki.fi\",\"telephone\":\"+358406486605\",\"legalName\":\"Spelivinkki Oy\",\"foundingDate\":\"2023-09-17\",\"vatID\":\"FI33904524\",\"numberOfEmployees\":{\"@type\":\"QuantitativeValue\",\"minValue\":\"1\",\"maxValue\":\"10\"},\"hasMerchantReturnPolicy\":{\"@type\":\"MerchantReturnPolicy\",\"merchantReturnLink\":\"https:\\\/\\\/spelivinkki.fi\\\/sv\\\/spelivinkin-vaihto-ja-palautusoikeus\\\/\"}}]}<\/script>\n<!-- \/ Yoast SEO Premium plugin. -->","yoast_head_json":{"title":"Puuttuuko jokin tuote mielest\u00e4si valikoimastamme? &#8211; Spelivinkki","description":"Spelivinkki Oy:n asiakkaana voit ilmoittaa meille puuttuvasta tuotteesta ja tarvittaessa tehd\u00e4 erikoistilausta!","robots":{"index":"index","follow":"follow","max-snippet":"max-snippet:-1","max-image-preview":"max-image-preview:large","max-video-preview":"max-video-preview:-1"},"canonical":"https:\/\/spelivinkki.fi\/sv\/toivomuslista\/","og_locale":"sv_SE","og_type":"article","og_title":"Puuttuuko jokin tuote mielest\u00e4si valikoimastamme?","og_description":"Spelivinkki Oy:n asiakkaana voit ilmoittaa meille puuttuvasta tuotteesta ja tarvittaessa tehd\u00e4 erikoistilausta!","og_url":"https:\/\/spelivinkki.fi\/sv\/toivomuslista\/","og_site_name":"Spelivinkki","article_publisher":"https:\/\/www.facebook.com\/SpelivinkkiOy\/","article_modified_time":"2025-02-15T12:55:07+00:00","twitter_card":"summary_large_image","twitter_site":"@SpelivinkkiOy","twitter_misc":{"Ber\u00e4knad l\u00e4stid":"1 minut"},"schema":{"@context":"https:\/\/schema.org","@graph":[{"@type":"WebPage","@id":"https:\/\/spelivinkki.fi\/toivomuslista\/","url":"https:\/\/spelivinkki.fi\/toivomuslista\/","name":"Puuttuuko jokin tuote mielest\u00e4si valikoimastamme? &#8211; Spelivinkki","isPartOf":{"@id":"https:\/\/spelivinkki.fi\/#website"},"datePublished":"2024-04-25T08:35:21+00:00","dateModified":"2025-02-15T12:55:07+00:00","description":"Spelivinkki Oy:n asiakkaana voit ilmoittaa meille puuttuvasta tuotteesta ja tarvittaessa tehd\u00e4 erikoistilausta!","breadcrumb":{"@id":"https:\/\/spelivinkki.fi\/toivomuslista\/#breadcrumb"},"inLanguage":"sv-SE","potentialAction":[{"@type":"ReadAction","target":["https:\/\/spelivinkki.fi\/toivomuslista\/"]}]},{"@type":"BreadcrumbList","@id":"https:\/\/spelivinkki.fi\/toivomuslista\/#breadcrumb","itemListElement":[{"@type":"ListItem","position":1,"name":"Etusivu","item":"https:\/\/spelivinkki.fi\/"},{"@type":"ListItem","position":2,"name":"Puuttuuko jokin tuote mielest\u00e4si valikoimastamme?"}]},{"@type":"WebSite","@id":"https:\/\/spelivinkki.fi\/#website","url":"https:\/\/spelivinkki.fi\/","name":"Spelivinkki","description":"Paraisten Lautapelikauppa","publisher":{"@id":"https:\/\/spelivinkki.fi\/#organization"},"alternateName":"Spelivinkki Oy","potentialAction":[{"@type":"SearchAction","target":{"@type":"EntryPoint","urlTemplate":"https:\/\/spelivinkki.fi\/?s={search_term_string}"},"query-input":{"@type":"PropertyValueSpecification","valueRequired":true,"valueName":"search_term_string"}}],"inLanguage":"sv-SE"},{"@type":"Organization","@id":"https:\/\/spelivinkki.fi\/#organization","name":"Spelivinkki Oy","alternateName":"Spelivinkki","url":"https:\/\/spelivinkki.fi\/","logo":{"@type":"ImageObject","inLanguage":"sv-SE","@id":"https:\/\/spelivinkki.fi\/#\/schema\/logo\/image\/","url":"https:\/\/mlw9zexfsyfr.i.optimole.com\/w:auto\/h:auto\/q:mauto\/ig:avif\/https:\/\/spelivinkki.fi\/wp-content\/uploads\/2024\/02\/Logo.svg","contentUrl":"https:\/\/mlw9zexfsyfr.i.optimole.com\/w:auto\/h:auto\/q:mauto\/ig:avif\/https:\/\/spelivinkki.fi\/wp-content\/uploads\/2024\/02\/Logo.svg","width":2176,"height":2323,"caption":"Spelivinkki Oy"},"image":{"@id":"https:\/\/spelivinkki.fi\/#\/schema\/logo\/image\/"},"sameAs":["https:\/\/www.facebook.com\/SpelivinkkiOy\/","https:\/\/x.com\/SpelivinkkiOy","https:\/\/www.instagram.com\/spelivinkkioy\/"],"description":"Spelivinkki Oy is a company operating both a brick-and-mortar store in Finland as well as a webshop online. We sell board games, roleplaying games, miniature wargames, logic puzzles, jigsaw puzzles and other things related to the boardgame hobby.","email":"myynti@spelivinkki.fi","telephone":"+358406486605","legalName":"Spelivinkki Oy","foundingDate":"2023-09-17","vatID":"FI33904524","numberOfEmployees":{"@type":"QuantitativeValue","minValue":"1","maxValue":"10"},"hasMerchantReturnPolicy":{"@type":"MerchantReturnPolicy","merchantReturnLink":"https:\/\/spelivinkki.fi\/sv\/spelivinkin-vaihto-ja-palautusoikeus\/"}}]}},"_links":{"self":[{"href":"https:\/\/spelivinkki.fi\/sv\/wp-json\/wp\/v2\/pages\/6214","targetHints":{"allow":["GET"]}}],"collection":[{"href":"https:\/\/spelivinkki.fi\/sv\/wp-json\/wp\/v2\/pages"}],"about":[{"href":"https:\/\/spelivinkki.fi\/sv\/wp-json\/wp\/v2\/types\/page"}],"author":[{"embeddable":true,"href":"https:\/\/spelivinkki.fi\/sv\/wp-json\/wp\/v2\/users\/2"}],"replies":[{"embeddable":true,"href":"https:\/\/spelivinkki.fi\/sv\/wp-json\/wp\/v2\/comments?post=6214"}],"version-history":[{"count":3,"href":"https:\/\/spelivinkki.fi\/sv\/wp-json\/wp\/v2\/pages\/6214\/revisions"}],"predecessor-version":[{"id":6319,"href":"https:\/\/spelivinkki.fi\/sv\/wp-json\/wp\/v2\/pages\/6214\/revisions\/6319"}],"wp:attachment":[{"href":"https:\/\/spelivinkki.fi\/sv\/wp-json\/wp\/v2\/media?parent=6214"}],"curies":[{"name":"wp","href":"https:\/\/api.w.org\/{rel}","templated":true}]}}