{"id":6638,"date":"2024-08-20T09:32:46","date_gmt":"2024-08-20T09:32:46","guid":{"rendered":"https:\/\/spelivinkki.fi\/?page_id=6638"},"modified":"2025-02-15T12:49:17","modified_gmt":"2025-02-15T12:49:17","slug":"ainoastaan-spelivinkin-myymalasta","status":"publish","type":"page","link":"https:\/\/spelivinkki.fi\/sv\/ainoastaan-spelivinkin-myymalasta\/","title":{"rendered":"Endast tillg\u00e4ngliga i Spelivinkkis butik!"},"content":{"rendered":"<p>Eftersom dessa spels producenter har ensamr\u00e4tt till f\u00f6rs\u00e4ljning via n\u00e4tet, finns de endast tillg\u00e4ngliga p\u00e5 Spelivinkkis hyllor. De \u00e4r dock s\u00e5 genialiska, att vi besl\u00f6t att \u00e4nd\u00e5 k\u00f6pa in dem! V\u00e4lkommen p\u00e5 bes\u00f6k! ^_^<\/p>\n\n\n\n<p><strong>Spintronics (EN)<\/strong><\/p>\n\n\n\n<p>Upper Story-f\u00f6retagets <a href=\"https:\/\/www.upperstory.com\/en\/spintronics\" target=\"_blank\" rel=\"noreferrer noopener\">Spintronics produkter<\/a> l\u00e4r ut elektronikens fundamentala principer p\u00e5 ett helt nytt s\u00e4tt! De passar \u00e5t b\u00e5de barn i skol\u00e5ldern och vuxna som \u00e4r intresserade att l\u00e4ra sig n\u00e5got nytt. Den amerikanska kemidoktoranden <a href=\"https:\/\/www.upperstory.com\/en\/about\/\" data-type=\"link\" data-id=\"https:\/\/www.upperstory.com\/en\/about\/\">Paul Boswell<\/a> har uppfunnit mekaniska kretskortsdelar som hj\u00e4lper en att se, hur elektriskt fl\u00f6de, resistans och s\u00e5 vidare fungerar. Med hj\u00e4lp av kedjor och kugghjul kan du se och k\u00e4nna p\u00e5 \"str\u00f6mmen\" och till och med batterierna vrids upp f\u00f6r hand!<\/p>\n\n\n\n<p><em>Spintronics: Act One<\/em> (<strong>85\u20ac<\/strong>) basspelet inneh\u00e5ller 60 niv\u00e5er och st\u00f6rsta delen av komponenterna. <em>Act Two <\/em>(<strong>85\u20ac<\/strong>) kommer med nya delar och 60 ytterligare utmaningar. Expansionen kr\u00e4ver basspelet f\u00f6r att kunna spelas. <em>Spintronics: Power Pack <\/em>(<strong>35\u20ac<\/strong>) har 10 nya niv\u00e5er, ett extra batteri och tv\u00e5 analogiska resistorer. Alla produkter \u00e4r tillg\u00e4ngliga i ett produkpaket f\u00f6r ett pris p\u00e5 <strong>195\u20ac<\/strong>. Du sparar allts\u00e5 <strong>10\u20ac!<\/strong><\/p>\n\n\n\n<p>Spelet finns endast p\u00e5 Engelska.<\/p>\n\n\n\n<p><a href=\"https:\/\/www.youtube.com\/watch?v=957kZIBKob8\">Spintronics First Look (youtube.com)<\/a><\/p>\n\n\n\n<div class=\"wp-block-jetpack-tiled-gallery aligncenter is-style-rectangular\"><div class=\"\"><div class=\"tiled-gallery__gallery\"><div class=\"tiled-gallery__row\"><div class=\"tiled-gallery__col\" style=\"flex-basis:66.72278%\"><figure class=\"tiled-gallery__item\"><img data-opt-id=1485170849  fetchpriority=\"high\" decoding=\"async\" alt=\"\" data-height=\"1080\" data-id=\"6658\" data-link=\"https:\/\/spelivinkki.fi\/ainoastaan-spelivinkin-myymalasta\/actonegameandbox-2\/\" data-url=\"https:\/\/mlw9zexfsyfr.i.optimole.com\/w:1024\/h:1024\/q:mauto\/ig:avif\/https:\/\/spelivinkki.fi\/wp-content\/uploads\/2024\/08\/ActOneGameandBox-1.webp\" data-width=\"1080\" src=\"https:\/\/mlw9zexfsyfr.i.optimole.com\/w:1024\/h:1024\/q:mauto\/ig:avif\/https:\/\/i2.wp.com\/spelivinkki.fi\/wp-content\/uploads\/2024\/08\/ActOneGameandBox-1.webp?ssl=1\" data-amp-layout=\"responsive\" tabindex=\"0\" role=\"button\" aria-label=\"Open image 1 of 3 in full-screen\"\/><\/figure><\/div><div class=\"tiled-gallery__col\" style=\"flex-basis:33.27722%\"><figure class=\"tiled-gallery__item\"><img data-opt-id=1830910499  fetchpriority=\"high\" decoding=\"async\" alt=\"\" data-height=\"1080\" data-id=\"6659\" data-link=\"https:\/\/spelivinkki.fi\/ainoastaan-spelivinkin-myymalasta\/acttwogameandbox-2\/\" data-url=\"https:\/\/mlw9zexfsyfr.i.optimole.com\/w:1024\/h:1024\/q:mauto\/ig:avif\/https:\/\/spelivinkki.fi\/wp-content\/uploads\/2024\/08\/ActTwoGameandBox-1.webp\" data-width=\"1080\" src=\"https:\/\/mlw9zexfsyfr.i.optimole.com\/w:1024\/h:1024\/q:mauto\/ig:avif\/https:\/\/i2.wp.com\/spelivinkki.fi\/wp-content\/uploads\/2024\/08\/ActTwoGameandBox-1.webp?ssl=1\" data-amp-layout=\"responsive\" tabindex=\"0\" role=\"button\" aria-label=\"Open image 2 of 3 in full-screen\"\/><\/figure><figure class=\"tiled-gallery__item\"><img data-opt-id=1499205881  data-opt-src=\"https:\/\/mlw9zexfsyfr.i.optimole.com\/w:1024\/h:1024\/q:mauto\/ig:avif\/https:\/\/i1.wp.com\/spelivinkki.fi\/wp-content\/uploads\/2024\/08\/PowerPackContents_f0380a26-c1f6-4b87-9a41-daccf4016739-1.webp\"  decoding=\"async\" alt=\"\" data-height=\"1080\" data-id=\"6661\" data-link=\"https:\/\/spelivinkki.fi\/ainoastaan-spelivinkin-myymalasta\/powerpackcontents_f0380a26-c1f6-4b87-9a41-daccf4016739-2\/\" data-url=\"https:\/\/mlw9zexfsyfr.i.optimole.com\/w:1024\/h:1024\/q:mauto\/ig:avif\/https:\/\/spelivinkki.fi\/wp-content\/uploads\/2024\/08\/PowerPackContents_f0380a26-c1f6-4b87-9a41-daccf4016739-1.webp\" data-width=\"1080\" src=\"data:image/svg+xml,%3Csvg%20viewBox%3D%220%200%201024%201024%22%20width%3D%221024%22%20height%3D%221024%22%20xmlns%3D%22http%3A%2F%2Fwww.w3.org%2F2000%2Fsvg%22%3E%3Crect%20width%3D%221024%22%20height%3D%221024%22%20fill%3D%22transparent%22%2F%3E%3C%2Fsvg%3E?ssl=1\" data-amp-layout=\"responsive\" tabindex=\"0\" role=\"button\" aria-label=\"Open image 3 of 3 in full-screen\"\/><noscript><img data-opt-id=1499205881  decoding=\"async\" alt=\"\" data-height=\"1080\" data-id=\"6661\" data-link=\"https:\/\/spelivinkki.fi\/ainoastaan-spelivinkin-myymalasta\/powerpackcontents_f0380a26-c1f6-4b87-9a41-daccf4016739-2\/\" data-url=\"https:\/\/mlw9zexfsyfr.i.optimole.com\/w:1024\/h:1024\/q:mauto\/ig:avif\/https:\/\/spelivinkki.fi\/wp-content\/uploads\/2024\/08\/PowerPackContents_f0380a26-c1f6-4b87-9a41-daccf4016739-1.webp\" data-width=\"1080\" src=\"https:\/\/mlw9zexfsyfr.i.optimole.com\/w:1024\/h:1024\/q:mauto\/ig:avif\/https:\/\/i1.wp.com\/spelivinkki.fi\/wp-content\/uploads\/2024\/08\/PowerPackContents_f0380a26-c1f6-4b87-9a41-daccf4016739-1.webp?ssl=1\" data-amp-layout=\"responsive\" tabindex=\"0\" role=\"button\" aria-label=\"Open image 3 of 3 in full-screen\"\/></noscript><\/figure><\/div><\/div><\/div><\/div><\/div>","protected":false},"excerpt":{"rendered":"<p>N\u00e4m\u00e4 tuotteet ovat esill\u00e4 vain ja ainoastaan meid\u00e4n kivijalkamyym\u00e4l\u00e4ss\u00e4, koska niiden tuottajilla on yksinoikeus nettimyyntiin. Ne ovat kuitenkiin niin nerokkaita, ett\u00e4 p\u00e4\u00e4timme piit\u00e4\u00e4 ne hyllyiss\u00e4mme! Tervetuloa vierailemaan! ^_^ Spintronics (EN) Upper Story:n Spintronics-tuotteet opettavat s\u00e4hk\u00f6n perusteet t\u00e4ysin uudella tavalla! Ne sopivat sek\u00e4 kouluik\u00e4isille lapsille, ett\u00e4 aikuisille. Yhdysvaltalainen analyyttisen kemian tohtori Paul Boswell on kehitt\u00e4nyt mekaanisia [&hellip;]<\/p>\n","protected":false},"author":2,"featured_media":0,"parent":0,"menu_order":0,"comment_status":"closed","ping_status":"closed","template":"","meta":{"site-sidebar-layout":"default","site-content-layout":"","ast-site-content-layout":"default","site-content-style":"default","site-sidebar-style":"default","ast-global-header-display":"","ast-banner-title-visibility":"","ast-main-header-display":"","ast-hfb-above-header-display":"","ast-hfb-below-header-display":"","ast-hfb-mobile-header-display":"","site-post-title":"","ast-breadcrumbs-content":"","ast-featured-img":"","footer-sml-layout":"","ast-disable-related-posts":"","theme-transparent-header-meta":"","adv-header-id-meta":"","stick-header-meta":"","header-above-stick-meta":"","header-main-stick-meta":"","header-below-stick-meta":"","astra-migrate-meta-layouts":"set","ast-page-background-enabled":"default","ast-page-background-meta":{"desktop":{"background-color":"","background-image":"","background-repeat":"repeat","background-position":"center center","background-size":"auto","background-attachment":"scroll","background-type":"","background-media":"","overlay-type":"","overlay-color":"","overlay-opacity":"","overlay-gradient":""},"tablet":{"background-color":"","background-image":"","background-repeat":"repeat","background-position":"center center","background-size":"auto","background-attachment":"scroll","background-type":"","background-media":"","overlay-type":"","overlay-color":"","overlay-opacity":"","overlay-gradient":""},"mobile":{"background-color":"","background-image":"","background-repeat":"repeat","background-position":"center center","background-size":"auto","background-attachment":"scroll","background-type":"","background-media":"","overlay-type":"","overlay-color":"","overlay-opacity":"","overlay-gradient":""}},"ast-content-background-meta":{"desktop":{"background-color":"var(--ast-global-color-5)","background-image":"","background-repeat":"repeat","background-position":"center center","background-size":"auto","background-attachment":"scroll","background-type":"","background-media":"","overlay-type":"","overlay-color":"","overlay-opacity":"","overlay-gradient":""},"tablet":{"background-color":"var(--ast-global-color-5)","background-image":"","background-repeat":"repeat","background-position":"center center","background-size":"auto","background-attachment":"scroll","background-type":"","background-media":"","overlay-type":"","overlay-color":"","overlay-opacity":"","overlay-gradient":""},"mobile":{"background-color":"var(--ast-global-color-5)","background-image":"","background-repeat":"repeat","background-position":"center center","background-size":"auto","background-attachment":"scroll","background-type":"","background-media":"","overlay-type":"","overlay-color":"","overlay-opacity":"","overlay-gradient":""}},"footnotes":""},"class_list":["post-6638","page","type-page","status-publish","hentry"],"yoast_head":"<!-- This site is optimized with the Yoast SEO Premium plugin v27.5 (Yoast SEO v27.5) - https:\/\/yoast.com\/product\/yoast-seo-premium-wordpress\/ -->\n<title>Ainoastaan Spelivinkin Myym\u00e4l\u00e4st\u00e4! &#8211; Spelivinkki<\/title>\n<meta name=\"description\" content=\"Tutustu Spintronics-sarjan peleihin, jotka ovat t\u00e4ydellinen yhdistelm\u00e4 oppimista ja hauskaa! N\u00e4m\u00e4 tuotteet eiv\u00e4t ole saatavilla nettikaupassa\" \/>\n<meta name=\"robots\" content=\"index, follow, max-snippet:-1, max-image-preview:large, max-video-preview:-1\" \/>\n<link rel=\"canonical\" href=\"https:\/\/spelivinkki.fi\/sv\/ainoastaan-spelivinkin-myymalasta\/\" \/>\n<meta property=\"og:locale\" content=\"sv_SE\" \/>\n<meta property=\"og:type\" content=\"article\" \/>\n<meta property=\"og:title\" content=\"Ainoastaan Spelivinkin Myym\u00e4l\u00e4st\u00e4!\" \/>\n<meta property=\"og:description\" content=\"Tutustu Spintronics-sarjan peleihin, jotka ovat t\u00e4ydellinen yhdistelm\u00e4 oppimista ja hauskaa! N\u00e4m\u00e4 tuotteet eiv\u00e4t ole saatavilla nettikaupassa\" \/>\n<meta property=\"og:url\" content=\"https:\/\/spelivinkki.fi\/sv\/ainoastaan-spelivinkin-myymalasta\/\" \/>\n<meta property=\"og:site_name\" content=\"Spelivinkki\" \/>\n<meta property=\"article:publisher\" content=\"https:\/\/www.facebook.com\/SpelivinkkiOy\/\" \/>\n<meta property=\"article:modified_time\" content=\"2025-02-15T12:49:17+00:00\" \/>\n<meta property=\"og:image\" content=\"https:\/\/mlw9zexfsyfr.i.optimole.com\/w:1024\/h:1024\/q:mauto\/ig:avif\/https:\/\/i2.wp.com\/spelivinkki.fi\/wp-content\/uploads\/2024\/08\/ActOneGameandBox-1.webp?ssl=1\" \/>\n<meta name=\"twitter:card\" content=\"summary_large_image\" \/>\n<meta name=\"twitter:site\" content=\"@SpelivinkkiOy\" \/>\n<meta name=\"twitter:label1\" content=\"Ber\u00e4knad l\u00e4stid\" \/>\n\t<meta name=\"twitter:data1\" content=\"2 minuter\" \/>\n<script type=\"application\/ld+json\" class=\"yoast-schema-graph\">{\"@context\":\"https:\\\/\\\/schema.org\",\"@graph\":[{\"@type\":\"WebPage\",\"@id\":\"https:\\\/\\\/spelivinkki.fi\\\/ainoastaan-spelivinkin-myymalasta\\\/\",\"url\":\"https:\\\/\\\/spelivinkki.fi\\\/ainoastaan-spelivinkin-myymalasta\\\/\",\"name\":\"Ainoastaan Spelivinkin Myym\u00e4l\u00e4st\u00e4! &#8211; Spelivinkki\",\"isPartOf\":{\"@id\":\"https:\\\/\\\/spelivinkki.fi\\\/#website\"},\"primaryImageOfPage\":{\"@id\":\"https:\\\/\\\/spelivinkki.fi\\\/ainoastaan-spelivinkin-myymalasta\\\/#primaryimage\"},\"image\":{\"@id\":\"https:\\\/\\\/spelivinkki.fi\\\/ainoastaan-spelivinkin-myymalasta\\\/#primaryimage\"},\"thumbnailUrl\":\"https:\\/\\/i2.wp.com\\/spelivinkki.fi\\/wp-content\\/uploads\\/2024\\/08\\/ActOneGameandBox-1-1024x1024.webp?ssl=1\",\"datePublished\":\"2024-08-20T09:32:46+00:00\",\"dateModified\":\"2025-02-15T12:49:17+00:00\",\"description\":\"Tutustu Spintronics-sarjan peleihin, jotka ovat t\u00e4ydellinen yhdistelm\u00e4 oppimista ja hauskaa! N\u00e4m\u00e4 tuotteet eiv\u00e4t ole saatavilla nettikaupassa\",\"breadcrumb\":{\"@id\":\"https:\\\/\\\/spelivinkki.fi\\\/ainoastaan-spelivinkin-myymalasta\\\/#breadcrumb\"},\"inLanguage\":\"sv-SE\",\"potentialAction\":[{\"@type\":\"ReadAction\",\"target\":[\"https:\\\/\\\/spelivinkki.fi\\\/ainoastaan-spelivinkin-myymalasta\\\/\"]}]},{\"@type\":\"ImageObject\",\"inLanguage\":\"sv-SE\",\"@id\":\"https:\\\/\\\/spelivinkki.fi\\\/ainoastaan-spelivinkin-myymalasta\\\/#primaryimage\",\"url\":\"https:\\/\\/i2.wp.com\\/spelivinkki.fi\\/wp-content\\/uploads\\/2024\\/08\\/ActOneGameandBox-1-1024x1024.webp?ssl=1\",\"contentUrl\":\"https:\\/\\/i2.wp.com\\/spelivinkki.fi\\/wp-content\\/uploads\\/2024\\/08\\/ActOneGameandBox-1-1024x1024.webp?ssl=1\"},{\"@type\":\"BreadcrumbList\",\"@id\":\"https:\\\/\\\/spelivinkki.fi\\\/ainoastaan-spelivinkin-myymalasta\\\/#breadcrumb\",\"itemListElement\":[{\"@type\":\"ListItem\",\"position\":1,\"name\":\"Etusivu\",\"item\":\"https:\\\/\\\/spelivinkki.fi\\\/\"},{\"@type\":\"ListItem\",\"position\":2,\"name\":\"Ainoastaan Spelivinkin Myym\u00e4l\u00e4st\u00e4!\"}]},{\"@type\":\"WebSite\",\"@id\":\"https:\\\/\\\/spelivinkki.fi\\\/#website\",\"url\":\"https:\\\/\\\/spelivinkki.fi\\\/\",\"name\":\"Spelivinkki\",\"description\":\"Paraisten Lautapelikauppa\",\"publisher\":{\"@id\":\"https:\\\/\\\/spelivinkki.fi\\\/#organization\"},\"alternateName\":\"Spelivinkki Oy\",\"potentialAction\":[{\"@type\":\"SearchAction\",\"target\":{\"@type\":\"EntryPoint\",\"urlTemplate\":\"https:\\\/\\\/spelivinkki.fi\\\/?s={search_term_string}\"},\"query-input\":{\"@type\":\"PropertyValueSpecification\",\"valueRequired\":true,\"valueName\":\"search_term_string\"}}],\"inLanguage\":\"sv-SE\"},{\"@type\":\"Organization\",\"@id\":\"https:\\\/\\\/spelivinkki.fi\\\/#organization\",\"name\":\"Spelivinkki Oy\",\"alternateName\":\"Spelivinkki\",\"url\":\"https:\\\/\\\/spelivinkki.fi\\\/\",\"logo\":{\"@type\":\"ImageObject\",\"inLanguage\":\"sv-SE\",\"@id\":\"https:\\\/\\\/spelivinkki.fi\\\/#\\\/schema\\\/logo\\\/image\\\/\",\"url\":\"https:\\/\\/spelivinkki.fi\\/wp-content\\/uploads\\/2024\\/02\\/Logo.svg\",\"contentUrl\":\"https:\\/\\/spelivinkki.fi\\/wp-content\\/uploads\\/2024\\/02\\/Logo.svg\",\"width\":2176,\"height\":2323,\"caption\":\"Spelivinkki Oy\"},\"image\":{\"@id\":\"https:\\\/\\\/spelivinkki.fi\\\/#\\\/schema\\\/logo\\\/image\\\/\"},\"sameAs\":[\"https:\\\/\\\/www.facebook.com\\\/SpelivinkkiOy\\\/\",\"https:\\\/\\\/x.com\\\/SpelivinkkiOy\",\"https:\\\/\\\/www.instagram.com\\\/spelivinkkioy\\\/\"],\"description\":\"Spelivinkki Oy is a company operating both a brick-and-mortar store in Finland as well as a webshop online. We sell board games, roleplaying games, miniature wargames, logic puzzles, jigsaw puzzles and other things related to the boardgame hobby.\",\"email\":\"myynti@spelivinkki.fi\",\"telephone\":\"+358406486605\",\"legalName\":\"Spelivinkki Oy\",\"foundingDate\":\"2023-09-17\",\"vatID\":\"FI33904524\",\"numberOfEmployees\":{\"@type\":\"QuantitativeValue\",\"minValue\":\"1\",\"maxValue\":\"10\"},\"hasMerchantReturnPolicy\":{\"@type\":\"MerchantReturnPolicy\",\"merchantReturnLink\":\"https:\\\/\\\/spelivinkki.fi\\\/sv\\\/spelivinkin-vaihto-ja-palautusoikeus\\\/\"}}]}<\/script>\n<!-- \/ Yoast SEO Premium plugin. -->","yoast_head_json":{"title":"Ainoastaan Spelivinkin Myym\u00e4l\u00e4st\u00e4! &#8211; Spelivinkki","description":"Tutustu Spintronics-sarjan peleihin, jotka ovat t\u00e4ydellinen yhdistelm\u00e4 oppimista ja hauskaa! N\u00e4m\u00e4 tuotteet eiv\u00e4t ole saatavilla nettikaupassa","robots":{"index":"index","follow":"follow","max-snippet":"max-snippet:-1","max-image-preview":"max-image-preview:large","max-video-preview":"max-video-preview:-1"},"canonical":"https:\/\/spelivinkki.fi\/sv\/ainoastaan-spelivinkin-myymalasta\/","og_locale":"sv_SE","og_type":"article","og_title":"Ainoastaan Spelivinkin Myym\u00e4l\u00e4st\u00e4!","og_description":"Tutustu Spintronics-sarjan peleihin, jotka ovat t\u00e4ydellinen yhdistelm\u00e4 oppimista ja hauskaa! N\u00e4m\u00e4 tuotteet eiv\u00e4t ole saatavilla nettikaupassa","og_url":"https:\/\/spelivinkki.fi\/sv\/ainoastaan-spelivinkin-myymalasta\/","og_site_name":"Spelivinkki","article_publisher":"https:\/\/www.facebook.com\/SpelivinkkiOy\/","article_modified_time":"2025-02-15T12:49:17+00:00","og_image":[{"url":"https:\/\/mlw9zexfsyfr.i.optimole.com\/w:1024\/h:1024\/q:mauto\/ig:avif\/https:\/\/i2.wp.com\/spelivinkki.fi\/wp-content\/uploads\/2024\/08\/ActOneGameandBox-1.webp?ssl=1","type":"","width":"","height":""}],"twitter_card":"summary_large_image","twitter_site":"@SpelivinkkiOy","twitter_misc":{"Ber\u00e4knad l\u00e4stid":"2 minuter"},"schema":{"@context":"https:\/\/schema.org","@graph":[{"@type":"WebPage","@id":"https:\/\/spelivinkki.fi\/ainoastaan-spelivinkin-myymalasta\/","url":"https:\/\/spelivinkki.fi\/ainoastaan-spelivinkin-myymalasta\/","name":"Ainoastaan Spelivinkin Myym\u00e4l\u00e4st\u00e4! &#8211; Spelivinkki","isPartOf":{"@id":"https:\/\/spelivinkki.fi\/#website"},"primaryImageOfPage":{"@id":"https:\/\/spelivinkki.fi\/ainoastaan-spelivinkin-myymalasta\/#primaryimage"},"image":{"@id":"https:\/\/spelivinkki.fi\/ainoastaan-spelivinkin-myymalasta\/#primaryimage"},"thumbnailUrl":"https:\/\/mlw9zexfsyfr.i.optimole.com\/w:1024\/h:1024\/q:mauto\/ig:avif\/https:\/\/i2.wp.com\/spelivinkki.fi\/wp-content\/uploads\/2024\/08\/ActOneGameandBox-1.webp?ssl=1","datePublished":"2024-08-20T09:32:46+00:00","dateModified":"2025-02-15T12:49:17+00:00","description":"Tutustu Spintronics-sarjan peleihin, jotka ovat t\u00e4ydellinen yhdistelm\u00e4 oppimista ja hauskaa! N\u00e4m\u00e4 tuotteet eiv\u00e4t ole saatavilla nettikaupassa","breadcrumb":{"@id":"https:\/\/spelivinkki.fi\/ainoastaan-spelivinkin-myymalasta\/#breadcrumb"},"inLanguage":"sv-SE","potentialAction":[{"@type":"ReadAction","target":["https:\/\/spelivinkki.fi\/ainoastaan-spelivinkin-myymalasta\/"]}]},{"@type":"ImageObject","inLanguage":"sv-SE","@id":"https:\/\/spelivinkki.fi\/ainoastaan-spelivinkin-myymalasta\/#primaryimage","url":"https:\/\/mlw9zexfsyfr.i.optimole.com\/w:1024\/h:1024\/q:mauto\/ig:avif\/https:\/\/i2.wp.com\/spelivinkki.fi\/wp-content\/uploads\/2024\/08\/ActOneGameandBox-1.webp?ssl=1","contentUrl":"https:\/\/mlw9zexfsyfr.i.optimole.com\/w:1024\/h:1024\/q:mauto\/ig:avif\/https:\/\/i2.wp.com\/spelivinkki.fi\/wp-content\/uploads\/2024\/08\/ActOneGameandBox-1.webp?ssl=1"},{"@type":"BreadcrumbList","@id":"https:\/\/spelivinkki.fi\/ainoastaan-spelivinkin-myymalasta\/#breadcrumb","itemListElement":[{"@type":"ListItem","position":1,"name":"Etusivu","item":"https:\/\/spelivinkki.fi\/"},{"@type":"ListItem","position":2,"name":"Ainoastaan Spelivinkin Myym\u00e4l\u00e4st\u00e4!"}]},{"@type":"WebSite","@id":"https:\/\/spelivinkki.fi\/#website","url":"https:\/\/spelivinkki.fi\/","name":"Spelivinkki","description":"Paraisten Lautapelikauppa","publisher":{"@id":"https:\/\/spelivinkki.fi\/#organization"},"alternateName":"Spelivinkki Oy","potentialAction":[{"@type":"SearchAction","target":{"@type":"EntryPoint","urlTemplate":"https:\/\/spelivinkki.fi\/?s={search_term_string}"},"query-input":{"@type":"PropertyValueSpecification","valueRequired":true,"valueName":"search_term_string"}}],"inLanguage":"sv-SE"},{"@type":"Organization","@id":"https:\/\/spelivinkki.fi\/#organization","name":"Spelivinkki Oy","alternateName":"Spelivinkki","url":"https:\/\/spelivinkki.fi\/","logo":{"@type":"ImageObject","inLanguage":"sv-SE","@id":"https:\/\/spelivinkki.fi\/#\/schema\/logo\/image\/","url":"https:\/\/mlw9zexfsyfr.i.optimole.com\/w:auto\/h:auto\/q:mauto\/ig:avif\/https:\/\/spelivinkki.fi\/wp-content\/uploads\/2024\/02\/Logo.svg","contentUrl":"https:\/\/mlw9zexfsyfr.i.optimole.com\/w:auto\/h:auto\/q:mauto\/ig:avif\/https:\/\/spelivinkki.fi\/wp-content\/uploads\/2024\/02\/Logo.svg","width":2176,"height":2323,"caption":"Spelivinkki Oy"},"image":{"@id":"https:\/\/spelivinkki.fi\/#\/schema\/logo\/image\/"},"sameAs":["https:\/\/www.facebook.com\/SpelivinkkiOy\/","https:\/\/x.com\/SpelivinkkiOy","https:\/\/www.instagram.com\/spelivinkkioy\/"],"description":"Spelivinkki Oy is a company operating both a brick-and-mortar store in Finland as well as a webshop online. We sell board games, roleplaying games, miniature wargames, logic puzzles, jigsaw puzzles and other things related to the boardgame hobby.","email":"myynti@spelivinkki.fi","telephone":"+358406486605","legalName":"Spelivinkki Oy","foundingDate":"2023-09-17","vatID":"FI33904524","numberOfEmployees":{"@type":"QuantitativeValue","minValue":"1","maxValue":"10"},"hasMerchantReturnPolicy":{"@type":"MerchantReturnPolicy","merchantReturnLink":"https:\/\/spelivinkki.fi\/sv\/spelivinkin-vaihto-ja-palautusoikeus\/"}}]}},"_links":{"self":[{"href":"https:\/\/spelivinkki.fi\/sv\/wp-json\/wp\/v2\/pages\/6638","targetHints":{"allow":["GET"]}}],"collection":[{"href":"https:\/\/spelivinkki.fi\/sv\/wp-json\/wp\/v2\/pages"}],"about":[{"href":"https:\/\/spelivinkki.fi\/sv\/wp-json\/wp\/v2\/types\/page"}],"author":[{"embeddable":true,"href":"https:\/\/spelivinkki.fi\/sv\/wp-json\/wp\/v2\/users\/2"}],"replies":[{"embeddable":true,"href":"https:\/\/spelivinkki.fi\/sv\/wp-json\/wp\/v2\/comments?post=6638"}],"version-history":[{"count":3,"href":"https:\/\/spelivinkki.fi\/sv\/wp-json\/wp\/v2\/pages\/6638\/revisions"}],"predecessor-version":[{"id":6662,"href":"https:\/\/spelivinkki.fi\/sv\/wp-json\/wp\/v2\/pages\/6638\/revisions\/6662"}],"wp:attachment":[{"href":"https:\/\/spelivinkki.fi\/sv\/wp-json\/wp\/v2\/media?parent=6638"}],"curies":[{"name":"wp","href":"https:\/\/api.w.org\/{rel}","templated":true}]}}