{"id":6703,"date":"2024-10-14T11:50:15","date_gmt":"2024-10-14T11:50:15","guid":{"rendered":"https:\/\/spelivinkki.fi\/?page_id=6703"},"modified":"2025-02-15T12:57:01","modified_gmt":"2025-02-15T12:57:01","slug":"spelivinkin-vaihto-ja-palautusoikeus","status":"publish","type":"page","link":"https:\/\/spelivinkki.fi\/sv\/spelivinkin-vaihto-ja-palautusoikeus\/","title":{"rendered":"Spelivinkkis Bytes- och Returneringsr\u00e4tt"},"content":{"rendered":"<p><strong>G\u00e4llande n\u00e4tbutiken: <\/strong>Enligt lag har kunden 14 dagars r\u00e4tt att anullera ett ink\u00f6p fr\u00e5n det tillf\u00e4lle d\u00e5 varan tas emot. Om kunden inte h\u00e4mtar sitt paket i tid, r\u00e4knas detta som att hen har anv\u00e4nt sin bytes- och returneringsr\u00e4tt. <strong>Kunden betalar returneringskostnaderna<\/strong> ifall s\u00e5dana uppkommer. Om det \u00e4r fr\u00e5gan om ett vanligt postpaket som l\u00e4mnas oh\u00e4mtat fr\u00e5n posten blir priset exempelvis 5\u20ac + 0,20\u20ac\/kg plus Postis br\u00e4nsletill\u00e4gg enligt Postis definitioner p\u00e5 vikt och volym. Ifall paketet h\u00e4mtats men kunden \u00e5ngrar sig varierar priset enligt vald returneringsmetod. <strong>Spelivinkki betalar allts\u00e5 endast varans pris minus dessa kostnader tillbaka, <\/strong>f\u00f6r postkostnader ansvarar kunden sj\u00e4lv!<\/p>\n\n\n\n<p><strong>Varor som k\u00f6pts p\u00e5 st\u00e4llet: <\/strong>Dessa kr\u00e4ver uppvisning av kvitto i samband med returneringen. Ocks\u00e5 de m\u00e5ste returneras inom 14 dygn fr\u00e5n k\u00f6ptillf\u00e4llet.<\/p>\n\n\n\n<p><strong>Allm\u00e4nt:<\/strong> Bytes- och Returneringsr\u00e4tten g\u00e4ller endast om varan duger <strong>till \u00e5terf\u00f6rs\u00e4ljning<\/strong>. Detta betyder bland annat att den \u00e4r i <strong>sin orginalf\u00f6rpackning<\/strong>. Spelivinkki returnerar pengarna inom 14 dagar fr\u00e5n det att varan har kommit tillbaka. P\u00e5 vardagar b\u00f6rjar returneringsprocessen s\u00e5 fort som m\u00f6jligt. Hur l\u00e4nge det tar f\u00f6r att summan skall synnas p\u00e5 kundens konto (minus returneringskostnader om s\u00e5dana finns) varierar enligt vald betalningsmetod. Spelivinkki ansvarar \u00e4ndast f\u00f6r vad f\u00f6retaget sj\u00e4lv kan p\u00e5verka.<\/p>\n\n\n\n<p><\/p>","protected":false},"excerpt":{"rendered":"<p>Verkkokauppatilausten koskevat seikat: Lain mukaan, asiakkaalla on 14 p\u00e4iv\u00e4n peruuttamisaika tavaran vastaanottamisesta postista. Jos asiakas ei mene ajoissa hakemaan postipakettiaan, t\u00e4m\u00e4 katsotaan vaihto- ja palautusoikeuden hy\u00f6dytt\u00e4misen\u00e4. Asiakas maksa palautuskustannukset niiden syntyess\u00e4. Asiakkaan j\u00e4tt\u00e4ess\u00e4 tavallisen postipaketin hakematta, t\u00e4m\u00e4 hinta on esim. 5\u20ac + 0,20\u20ac\/kg plus Postin polttoainelis\u00e4 per kuljetus Postin tilavuuspainon m\u00e4\u00e4rittelyjen mukana. Muutoin hinta vaihtelee [&hellip;]<\/p>\n","protected":false},"author":2,"featured_media":0,"parent":0,"menu_order":0,"comment_status":"closed","ping_status":"closed","template":"","meta":{"site-sidebar-layout":"default","site-content-layout":"","ast-site-content-layout":"default","site-content-style":"default","site-sidebar-style":"default","ast-global-header-display":"","ast-banner-title-visibility":"","ast-main-header-display":"","ast-hfb-above-header-display":"","ast-hfb-below-header-display":"","ast-hfb-mobile-header-display":"","site-post-title":"","ast-breadcrumbs-content":"","ast-featured-img":"","footer-sml-layout":"","ast-disable-related-posts":"","theme-transparent-header-meta":"","adv-header-id-meta":"","stick-header-meta":"","header-above-stick-meta":"","header-main-stick-meta":"","header-below-stick-meta":"","astra-migrate-meta-layouts":"set","ast-page-background-enabled":"default","ast-page-background-meta":{"desktop":{"background-color":"","background-image":"","background-repeat":"repeat","background-position":"center center","background-size":"auto","background-attachment":"scroll","background-type":"","background-media":"","overlay-type":"","overlay-color":"","overlay-opacity":"","overlay-gradient":""},"tablet":{"background-color":"","background-image":"","background-repeat":"repeat","background-position":"center center","background-size":"auto","background-attachment":"scroll","background-type":"","background-media":"","overlay-type":"","overlay-color":"","overlay-opacity":"","overlay-gradient":""},"mobile":{"background-color":"","background-image":"","background-repeat":"repeat","background-position":"center center","background-size":"auto","background-attachment":"scroll","background-type":"","background-media":"","overlay-type":"","overlay-color":"","overlay-opacity":"","overlay-gradient":""}},"ast-content-background-meta":{"desktop":{"background-color":"var(--ast-global-color-5)","background-image":"","background-repeat":"repeat","background-position":"center center","background-size":"auto","background-attachment":"scroll","background-type":"","background-media":"","overlay-type":"","overlay-color":"","overlay-opacity":"","overlay-gradient":""},"tablet":{"background-color":"var(--ast-global-color-5)","background-image":"","background-repeat":"repeat","background-position":"center center","background-size":"auto","background-attachment":"scroll","background-type":"","background-media":"","overlay-type":"","overlay-color":"","overlay-opacity":"","overlay-gradient":""},"mobile":{"background-color":"var(--ast-global-color-5)","background-image":"","background-repeat":"repeat","background-position":"center center","background-size":"auto","background-attachment":"scroll","background-type":"","background-media":"","overlay-type":"","overlay-color":"","overlay-opacity":"","overlay-gradient":""}},"footnotes":""},"class_list":["post-6703","page","type-page","status-publish","hentry"],"yoast_head":"<!-- This site is optimized with the Yoast SEO Premium plugin v27.3 (Yoast SEO v27.4) - https:\/\/yoast.com\/product\/yoast-seo-premium-wordpress\/ -->\n<title>Spelivinkin Vaihto- ja Palautusoikeus &#8211; Spelivinkki<\/title>\n<meta name=\"description\" content=\"Tutustu vaihto- ja palautusoikeus k\u00e4yt\u00e4nt\u00f6ihin. Asiakkaalla on 14 p\u00e4iv\u00e4n peruuttamisaika tavaran vastaanottamisesta.\" \/>\n<meta name=\"robots\" content=\"index, follow, max-snippet:-1, max-image-preview:large, max-video-preview:-1\" \/>\n<link rel=\"canonical\" href=\"https:\/\/spelivinkki.fi\/sv\/spelivinkin-vaihto-ja-palautusoikeus\/\" \/>\n<meta property=\"og:locale\" content=\"sv_SE\" \/>\n<meta property=\"og:type\" content=\"article\" \/>\n<meta property=\"og:title\" content=\"Spelivinkin Vaihto- ja Palautusoikeus\" \/>\n<meta property=\"og:description\" content=\"Tutustu vaihto- ja palautusoikeus k\u00e4yt\u00e4nt\u00f6ihin. Asiakkaalla on 14 p\u00e4iv\u00e4n peruuttamisaika tavaran vastaanottamisesta.\" \/>\n<meta property=\"og:url\" content=\"https:\/\/spelivinkki.fi\/sv\/spelivinkin-vaihto-ja-palautusoikeus\/\" \/>\n<meta property=\"og:site_name\" content=\"Spelivinkki\" \/>\n<meta property=\"article:publisher\" content=\"https:\/\/www.facebook.com\/SpelivinkkiOy\/\" \/>\n<meta property=\"article:modified_time\" content=\"2025-02-15T12:57:01+00:00\" \/>\n<meta name=\"twitter:card\" content=\"summary_large_image\" \/>\n<meta name=\"twitter:site\" content=\"@SpelivinkkiOy\" \/>\n<meta name=\"twitter:label1\" content=\"Ber\u00e4knad l\u00e4stid\" \/>\n\t<meta name=\"twitter:data1\" content=\"1 minut\" \/>\n<script type=\"application\/ld+json\" class=\"yoast-schema-graph\">{\"@context\":\"https:\\\/\\\/schema.org\",\"@graph\":[{\"@type\":\"WebPage\",\"@id\":\"https:\\\/\\\/spelivinkki.fi\\\/spelivinkin-vaihto-ja-palautusoikeus\\\/\",\"url\":\"https:\\\/\\\/spelivinkki.fi\\\/spelivinkin-vaihto-ja-palautusoikeus\\\/\",\"name\":\"Spelivinkin Vaihto- ja Palautusoikeus &#8211; Spelivinkki\",\"isPartOf\":{\"@id\":\"https:\\\/\\\/spelivinkki.fi\\\/#website\"},\"datePublished\":\"2024-10-14T11:50:15+00:00\",\"dateModified\":\"2025-02-15T12:57:01+00:00\",\"description\":\"Tutustu vaihto- ja palautusoikeus k\u00e4yt\u00e4nt\u00f6ihin. Asiakkaalla on 14 p\u00e4iv\u00e4n peruuttamisaika tavaran vastaanottamisesta.\",\"breadcrumb\":{\"@id\":\"https:\\\/\\\/spelivinkki.fi\\\/spelivinkin-vaihto-ja-palautusoikeus\\\/#breadcrumb\"},\"inLanguage\":\"sv-SE\",\"potentialAction\":[{\"@type\":\"ReadAction\",\"target\":[\"https:\\\/\\\/spelivinkki.fi\\\/spelivinkin-vaihto-ja-palautusoikeus\\\/\"]}]},{\"@type\":\"BreadcrumbList\",\"@id\":\"https:\\\/\\\/spelivinkki.fi\\\/spelivinkin-vaihto-ja-palautusoikeus\\\/#breadcrumb\",\"itemListElement\":[{\"@type\":\"ListItem\",\"position\":1,\"name\":\"Etusivu\",\"item\":\"https:\\\/\\\/spelivinkki.fi\\\/\"},{\"@type\":\"ListItem\",\"position\":2,\"name\":\"Spelivinkin Vaihto- ja Palautusoikeus\"}]},{\"@type\":\"WebSite\",\"@id\":\"https:\\\/\\\/spelivinkki.fi\\\/#website\",\"url\":\"https:\\\/\\\/spelivinkki.fi\\\/\",\"name\":\"Spelivinkki\",\"description\":\"Paraisten Lautapelikauppa\",\"publisher\":{\"@id\":\"https:\\\/\\\/spelivinkki.fi\\\/#organization\"},\"alternateName\":\"Spelivinkki Oy\",\"potentialAction\":[{\"@type\":\"SearchAction\",\"target\":{\"@type\":\"EntryPoint\",\"urlTemplate\":\"https:\\\/\\\/spelivinkki.fi\\\/?s={search_term_string}\"},\"query-input\":{\"@type\":\"PropertyValueSpecification\",\"valueRequired\":true,\"valueName\":\"search_term_string\"}}],\"inLanguage\":\"sv-SE\"},{\"@type\":\"Organization\",\"@id\":\"https:\\\/\\\/spelivinkki.fi\\\/#organization\",\"name\":\"Spelivinkki Oy\",\"alternateName\":\"Spelivinkki\",\"url\":\"https:\\\/\\\/spelivinkki.fi\\\/\",\"logo\":{\"@type\":\"ImageObject\",\"inLanguage\":\"sv-SE\",\"@id\":\"https:\\\/\\\/spelivinkki.fi\\\/#\\\/schema\\\/logo\\\/image\\\/\",\"url\":\"https:\\/\\/spelivinkki.fi\\/wp-content\\/uploads\\/2024\\/02\\/Logo.svg\",\"contentUrl\":\"https:\\/\\/spelivinkki.fi\\/wp-content\\/uploads\\/2024\\/02\\/Logo.svg\",\"width\":2176,\"height\":2323,\"caption\":\"Spelivinkki Oy\"},\"image\":{\"@id\":\"https:\\\/\\\/spelivinkki.fi\\\/#\\\/schema\\\/logo\\\/image\\\/\"},\"sameAs\":[\"https:\\\/\\\/www.facebook.com\\\/SpelivinkkiOy\\\/\",\"https:\\\/\\\/x.com\\\/SpelivinkkiOy\",\"https:\\\/\\\/www.instagram.com\\\/spelivinkkioy\\\/\"],\"description\":\"Spelivinkki Oy is a company operating both a brick-and-mortar store in Finland as well as a webshop online. We sell board games, roleplaying games, miniature wargames, logic puzzles, jigsaw puzzles and other things related to the boardgame hobby.\",\"email\":\"myynti@spelivinkki.fi\",\"telephone\":\"+358406486605\",\"legalName\":\"Spelivinkki Oy\",\"foundingDate\":\"2023-09-17\",\"vatID\":\"FI33904524\",\"numberOfEmployees\":{\"@type\":\"QuantitativeValue\",\"minValue\":\"1\",\"maxValue\":\"10\"},\"hasMerchantReturnPolicy\":{\"@type\":\"MerchantReturnPolicy\",\"merchantReturnLink\":\"https:\\\/\\\/spelivinkki.fi\\\/sv\\\/spelivinkin-vaihto-ja-palautusoikeus\\\/\"}}]}<\/script>\n<!-- \/ Yoast SEO Premium plugin. -->","yoast_head_json":{"title":"Spelivinkin Vaihto- ja Palautusoikeus &#8211; Spelivinkki","description":"Tutustu vaihto- ja palautusoikeus k\u00e4yt\u00e4nt\u00f6ihin. Asiakkaalla on 14 p\u00e4iv\u00e4n peruuttamisaika tavaran vastaanottamisesta.","robots":{"index":"index","follow":"follow","max-snippet":"max-snippet:-1","max-image-preview":"max-image-preview:large","max-video-preview":"max-video-preview:-1"},"canonical":"https:\/\/spelivinkki.fi\/sv\/spelivinkin-vaihto-ja-palautusoikeus\/","og_locale":"sv_SE","og_type":"article","og_title":"Spelivinkin Vaihto- ja Palautusoikeus","og_description":"Tutustu vaihto- ja palautusoikeus k\u00e4yt\u00e4nt\u00f6ihin. Asiakkaalla on 14 p\u00e4iv\u00e4n peruuttamisaika tavaran vastaanottamisesta.","og_url":"https:\/\/spelivinkki.fi\/sv\/spelivinkin-vaihto-ja-palautusoikeus\/","og_site_name":"Spelivinkki","article_publisher":"https:\/\/www.facebook.com\/SpelivinkkiOy\/","article_modified_time":"2025-02-15T12:57:01+00:00","twitter_card":"summary_large_image","twitter_site":"@SpelivinkkiOy","twitter_misc":{"Ber\u00e4knad l\u00e4stid":"1 minut"},"schema":{"@context":"https:\/\/schema.org","@graph":[{"@type":"WebPage","@id":"https:\/\/spelivinkki.fi\/spelivinkin-vaihto-ja-palautusoikeus\/","url":"https:\/\/spelivinkki.fi\/spelivinkin-vaihto-ja-palautusoikeus\/","name":"Spelivinkin Vaihto- ja Palautusoikeus &#8211; Spelivinkki","isPartOf":{"@id":"https:\/\/spelivinkki.fi\/#website"},"datePublished":"2024-10-14T11:50:15+00:00","dateModified":"2025-02-15T12:57:01+00:00","description":"Tutustu vaihto- ja palautusoikeus k\u00e4yt\u00e4nt\u00f6ihin. Asiakkaalla on 14 p\u00e4iv\u00e4n peruuttamisaika tavaran vastaanottamisesta.","breadcrumb":{"@id":"https:\/\/spelivinkki.fi\/spelivinkin-vaihto-ja-palautusoikeus\/#breadcrumb"},"inLanguage":"sv-SE","potentialAction":[{"@type":"ReadAction","target":["https:\/\/spelivinkki.fi\/spelivinkin-vaihto-ja-palautusoikeus\/"]}]},{"@type":"BreadcrumbList","@id":"https:\/\/spelivinkki.fi\/spelivinkin-vaihto-ja-palautusoikeus\/#breadcrumb","itemListElement":[{"@type":"ListItem","position":1,"name":"Etusivu","item":"https:\/\/spelivinkki.fi\/"},{"@type":"ListItem","position":2,"name":"Spelivinkin Vaihto- ja Palautusoikeus"}]},{"@type":"WebSite","@id":"https:\/\/spelivinkki.fi\/#website","url":"https:\/\/spelivinkki.fi\/","name":"Spelivinkki","description":"Paraisten Lautapelikauppa","publisher":{"@id":"https:\/\/spelivinkki.fi\/#organization"},"alternateName":"Spelivinkki Oy","potentialAction":[{"@type":"SearchAction","target":{"@type":"EntryPoint","urlTemplate":"https:\/\/spelivinkki.fi\/?s={search_term_string}"},"query-input":{"@type":"PropertyValueSpecification","valueRequired":true,"valueName":"search_term_string"}}],"inLanguage":"sv-SE"},{"@type":"Organization","@id":"https:\/\/spelivinkki.fi\/#organization","name":"Spelivinkki Oy","alternateName":"Spelivinkki","url":"https:\/\/spelivinkki.fi\/","logo":{"@type":"ImageObject","inLanguage":"sv-SE","@id":"https:\/\/spelivinkki.fi\/#\/schema\/logo\/image\/","url":"https:\/\/mlw9zexfsyfr.i.optimole.com\/w:auto\/h:auto\/q:mauto\/ig:avif\/https:\/\/spelivinkki.fi\/wp-content\/uploads\/2024\/02\/Logo.svg","contentUrl":"https:\/\/mlw9zexfsyfr.i.optimole.com\/w:auto\/h:auto\/q:mauto\/ig:avif\/https:\/\/spelivinkki.fi\/wp-content\/uploads\/2024\/02\/Logo.svg","width":2176,"height":2323,"caption":"Spelivinkki Oy"},"image":{"@id":"https:\/\/spelivinkki.fi\/#\/schema\/logo\/image\/"},"sameAs":["https:\/\/www.facebook.com\/SpelivinkkiOy\/","https:\/\/x.com\/SpelivinkkiOy","https:\/\/www.instagram.com\/spelivinkkioy\/"],"description":"Spelivinkki Oy is a company operating both a brick-and-mortar store in Finland as well as a webshop online. We sell board games, roleplaying games, miniature wargames, logic puzzles, jigsaw puzzles and other things related to the boardgame hobby.","email":"myynti@spelivinkki.fi","telephone":"+358406486605","legalName":"Spelivinkki Oy","foundingDate":"2023-09-17","vatID":"FI33904524","numberOfEmployees":{"@type":"QuantitativeValue","minValue":"1","maxValue":"10"},"hasMerchantReturnPolicy":{"@type":"MerchantReturnPolicy","merchantReturnLink":"https:\/\/spelivinkki.fi\/sv\/spelivinkin-vaihto-ja-palautusoikeus\/"}}]}},"_links":{"self":[{"href":"https:\/\/spelivinkki.fi\/sv\/wp-json\/wp\/v2\/pages\/6703","targetHints":{"allow":["GET"]}}],"collection":[{"href":"https:\/\/spelivinkki.fi\/sv\/wp-json\/wp\/v2\/pages"}],"about":[{"href":"https:\/\/spelivinkki.fi\/sv\/wp-json\/wp\/v2\/types\/page"}],"author":[{"embeddable":true,"href":"https:\/\/spelivinkki.fi\/sv\/wp-json\/wp\/v2\/users\/2"}],"replies":[{"embeddable":true,"href":"https:\/\/spelivinkki.fi\/sv\/wp-json\/wp\/v2\/comments?post=6703"}],"version-history":[{"count":8,"href":"https:\/\/spelivinkki.fi\/sv\/wp-json\/wp\/v2\/pages\/6703\/revisions"}],"predecessor-version":[{"id":6854,"href":"https:\/\/spelivinkki.fi\/sv\/wp-json\/wp\/v2\/pages\/6703\/revisions\/6854"}],"wp:attachment":[{"href":"https:\/\/spelivinkki.fi\/sv\/wp-json\/wp\/v2\/media?parent=6703"}],"curies":[{"name":"wp","href":"https:\/\/api.w.org\/{rel}","templated":true}]}}