{"id":5547,"date":"2024-02-24T10:29:07","date_gmt":"2024-02-24T10:29:07","guid":{"rendered":"https:\/\/spelivinkki.fi\/?post_type=product&#038;p=5547"},"modified":"2025-11-07T11:08:37","modified_gmt":"2025-11-07T11:08:37","slug":"azul-nordic","status":"publish","type":"product","link":"https:\/\/spelivinkki.fi\/sv\/produkt\/azul-nordic\/","title":{"rendered":"Azul (Nordic)"},"content":{"rendered":"<p>Azul \u00e4r ett abstrakt strategispel d\u00e4r spelare f\u00e5r po\u00e4ng genom att skapa m\u00f6nster p\u00e5 sitt spelomr\u00e5de med hj\u00e4lp av spelbitar. Under en spelrunda plockar alla spelare turvis \u00e5t sig bitar fr\u00e5n det gemensamma f\u00f6rr\u00e5det med slumpm\u00e4ssigt valda bitar. N\u00e4r en spelare plockar dessa l\u00e4gger hen dem genast p\u00e5 eget spelomr\u00e5de och r\u00e4knar po\u00e4ng d\u00e5 rundan \u00e4r slut. Sedan b\u00f6rjar n\u00e4sta runda och nya spelbitar plockas slumpm\u00e4ssigt ur en p\u00e5se till det gemensamma f\u00f6r\u00e5det f\u00f6r att starta om processen.<\/p>\n<p>Plockfasen \u00e4r spelets viktigaste och roligaste fas. En duktig spelare vet b\u00e5de vilka bitarhen sj\u00e4lv vill ha fr\u00e5n det gemensamma f\u00f6rr\u00e5det och n\u00e4r hen skall plocka up dem. Dessutom \u00e4r det guld v\u00e4rt att kunna f\u00f6rutse vad motst\u00e5ndaren vill plocka \u00e5t sig f\u00f6r att kunna hindra detta. Eftersom alla spelare m\u00e5ste plocka spelbitar p\u00e5 sin tur tills rundan \u00e4r slut ger bitar som inte passar in i en spelares m\u00f6nster minuspo\u00e4ng. Minuspo\u00e4ng kommer \u00e4ven fr\u00e5n s\u00e5dana bitar som \u00f6verskrider spelarens omr\u00e5des kapacitet. Ytterligare g\u00e5r det att f\u00f6lja med vilka spelbitar redan kommit med i spelet f\u00f6r att kunna gissa vilka kommer n\u00e4st.<\/p>\n<p>En tvekamp \u00e4r onekligen det b\u00e4sta s\u00e4ttet att testa sin skicklighet p\u00e5 spelet. Detta beror p\u00e5 att det finns fler m\u00f6jligheter att f\u00f6rutse vad som kommer att h\u00e4nda eftersom inte en tredje eller fj\u00e4rde spelare st\u00f6r dina planer. Kort sagt har spelarna mer kontroll \u00f6ver spelet ifall de bara \u00e4r tv\u00e5. H\u00e4r kommer dock ett varningens ord! Spelet blir elakare i en s\u00e5dan duell f\u00f6r att det l\u00f6nar sig att br\u00e5ka med motst\u00e5ndaren s\u00e5 mycket det g\u00e5r. Med tanke p\u00e5 detta l\u00f6nar det sig nog att spela med flera spelare om det bara \u00e4r meningen att ha roligt.<\/p>\n<h6><strong>Publisher description in English:<\/strong><\/h6>\n<p><em>Azul invites you, a tile laying artist, to embellish the walls of the Royal Palace of Evora.<\/em><\/p>\n<p>Introduced by the Moors, \u201cazulejos\u201d (originally white and blue ceramic tiles) were fully embraced by the Portuguese, when their king Manuel I, on a visit to the Alhambra palace in Southern Spain, was mesmerized by the stunning beauty of the Moorish decorative tiles. The king, awestruck by the interior beauty of the Alhambra, immediately ordered that his own palace in Portugal be decorated with similar wall tiles.<\/p>","protected":false},"excerpt":{"rendered":"<ul>\n<li><strong>Spelarm\u00e4ngd: <\/strong>2-4 (<strong>B\u00e4sta m\u00e4ngden:<\/strong> 2)<\/li>\n<li><strong>Varaktighet: <\/strong>30-45 min<\/li>\n<li><strong>\u00c5ldersrekommendation: <\/strong>8+<\/li>\n<li><strong>Spr\u00e5k: <\/strong>Finska, svenska, norska, danska<\/li>\n<li><strong>Genre: <\/strong>Samling, m\u00f6nsterbildning, resursplockande, strategi, br\u00e5kande<\/li>\n<li><strong>Tema: <\/strong>Ren\u00e4ssansen, Spanjen<\/li>\n<li><strong>Utveckling:<\/strong> Michael Kiesling<\/li>\n<li><strong>Utgivare:<\/strong> Plan B Games<\/li>\n<\/ul>","protected":false},"featured_media":5700,"template":"","meta":{"site-sidebar-layout":"default","site-content-layout":"","ast-site-content-layout":"default","site-content-style":"default","site-sidebar-style":"default","ast-global-header-display":"","ast-banner-title-visibility":"","ast-main-header-display":"","ast-hfb-above-header-display":"","ast-hfb-below-header-display":"","ast-hfb-mobile-header-display":"","site-post-title":"","ast-breadcrumbs-content":"","ast-featured-img":"","footer-sml-layout":"","ast-disable-related-posts":"","theme-transparent-header-meta":"default","adv-header-id-meta":"","stick-header-meta":"","header-above-stick-meta":"","header-main-stick-meta":"","header-below-stick-meta":"","astra-migrate-meta-layouts":"set","ast-page-background-enabled":"default","ast-page-background-meta":{"desktop":{"background-color":"","background-image":"","background-repeat":"repeat","background-position":"center center","background-size":"auto","background-attachment":"scroll","background-type":"","background-media":"","overlay-type":"","overlay-color":"","overlay-opacity":"","overlay-gradient":""},"tablet":{"background-color":"","background-image":"","background-repeat":"repeat","background-position":"center center","background-size":"auto","background-attachment":"scroll","background-type":"","background-media":"","overlay-type":"","overlay-color":"","overlay-opacity":"","overlay-gradient":""},"mobile":{"background-color":"","background-image":"","background-repeat":"repeat","background-position":"center center","background-size":"auto","background-attachment":"scroll","background-type":"","background-media":"","overlay-type":"","overlay-color":"","overlay-opacity":"","overlay-gradient":""}},"ast-content-background-meta":{"desktop":{"background-color":"var(--ast-global-color-5)","background-image":"","background-repeat":"repeat","background-position":"center center","background-size":"auto","background-attachment":"scroll","background-type":"","background-media":"","overlay-type":"","overlay-color":"","overlay-opacity":"","overlay-gradient":""},"tablet":{"background-color":"var(--ast-global-color-5)","background-image":"","background-repeat":"repeat","background-position":"center center","background-size":"auto","background-attachment":"scroll","background-type":"","background-media":"","overlay-type":"","overlay-color":"","overlay-opacity":"","overlay-gradient":""},"mobile":{"background-color":"var(--ast-global-color-5)","background-image":"","background-repeat":"repeat","background-position":"center center","background-size":"auto","background-attachment":"scroll","background-type":"","background-media":"","overlay-type":"","overlay-color":"","overlay-opacity":"","overlay-gradient":""}}},"product_brand":[1055,1056,1057],"product_cat":[16,278,45],"product_tag":[1080,1058,1059,1047,1050,1048],"class_list":{"0":"post-5547","1":"product","2":"type-product","3":"status-publish","4":"has-post-thumbnail","6":"product_brand-asmodee","7":"product_brand-asmodee-nordics","8":"product_brand-plan-b-games-next-move-games","9":"product_cat-kaikki","10":"product_cat-settikeraily","11":"product_cat-strategiapelit","12":"product_tag-azul-lautapelit","13":"product_tag-europeli","14":"product_tag-michael-kiesling","15":"product_tag-peruspeli","16":"product_tag-ruotsinkieliset-pelit","17":"product_tag-suomenkieliset-pelit","18":"product_shipping_class-standard2","19":"desktop-align-center","20":"tablet-align-center","21":"mobile-align-center","23":"first","24":"instock","25":"taxable","26":"shipping-taxable","27":"purchasable","28":"product-type-simple"},"yoast_head":"<!-- This site is optimized with the Yoast SEO Premium plugin v27.3 (Yoast SEO v27.4) - https:\/\/yoast.com\/product\/yoast-seo-premium-wordpress\/ -->\n<title>Azul: Ennakoimiskyky\u00e4 vaativa strategiapeli &#8211; Spelivinkki<\/title>\n<meta name=\"description\" content=\"Luo upeita kuvioita ja nappaa pisteit\u00e4 Azul lautapelin avulla. T\u00e4ss\u00e4 taktisessa strategiapeliss\u00e4 harkinta on valttia! Pelaa nyt! Suomeksi ja ruotsiksi, \ud83e\udde9\" \/>\n<meta name=\"robots\" content=\"index, follow, max-snippet:-1, max-image-preview:large, max-video-preview:-1\" \/>\n<link rel=\"canonical\" href=\"https:\/\/spelivinkki.fi\/sv\/produkt\/azul-nordic\/\" \/>\n<meta property=\"og:locale\" content=\"sv_SE\" \/>\n<meta property=\"og:type\" content=\"article\" \/>\n<meta property=\"og:title\" content=\"Azul (Nordic)\" \/>\n<meta property=\"og:description\" content=\"Luo upeita kuvioita ja nappaa pisteit\u00e4 Azul lautapelin avulla. T\u00e4ss\u00e4 taktisessa strategiapeliss\u00e4 harkinta on valttia! Pelaa nyt! Suomeksi ja ruotsiksi, \ud83e\udde9\" \/>\n<meta property=\"og:url\" content=\"https:\/\/spelivinkki.fi\/sv\/produkt\/azul-nordic\/\" \/>\n<meta property=\"og:site_name\" content=\"Spelivinkki\" \/>\n<meta property=\"article:publisher\" content=\"https:\/\/www.facebook.com\/SpelivinkkiOy\/\" \/>\n<meta property=\"article:modified_time\" content=\"2025-11-07T11:08:37+00:00\" \/>\n<meta property=\"og:image\" content=\"https:\/\/mlw9zexfsyfr.i.optimole.com\/w:auto\/h:auto\/q:mauto\/ig:avif\/https:\/\/spelivinkki.fi\/wp-content\/uploads\/2024\/02\/Azul_Nordics-min.webp\" \/>\n\t<meta property=\"og:image:width\" content=\"1772\" \/>\n\t<meta property=\"og:image:height\" content=\"2009\" \/>\n\t<meta property=\"og:image:type\" content=\"image\/webp\" \/>\n<meta name=\"twitter:card\" content=\"summary_large_image\" \/>\n<meta name=\"twitter:site\" content=\"@SpelivinkkiOy\" \/>\n<meta name=\"twitter:label1\" content=\"Pris\" \/>\n\t<meta name=\"twitter:data1\" content=\"45,00&nbsp;&euro;\" \/>\n\t<meta name=\"twitter:label2\" content=\"Tillg\u00e4nglig\" \/>\n\t<meta name=\"twitter:data2\" content=\"I lager\" \/>\n<script type=\"application\/ld+json\" class=\"yoast-schema-graph\">{\"@context\":\"https:\\\/\\\/schema.org\",\"@graph\":[{\"@type\":\"WebPage\",\"@id\":\"https:\\\/\\\/spelivinkki.fi\\\/tuote\\\/azul-nordic\\\/\",\"url\":\"https:\\\/\\\/spelivinkki.fi\\\/tuote\\\/azul-nordic\\\/\",\"name\":\"Azul: Ennakoimiskyky\u00e4 vaativa strategiapeli &#8211; Spelivinkki\",\"isPartOf\":{\"@id\":\"https:\\\/\\\/spelivinkki.fi\\\/#website\"},\"primaryImageOfPage\":{\"@id\":\"https:\\\/\\\/spelivinkki.fi\\\/tuote\\\/azul-nordic\\\/#primaryimage\"},\"image\":{\"@id\":\"https:\\\/\\\/spelivinkki.fi\\\/tuote\\\/azul-nordic\\\/#primaryimage\"},\"thumbnailUrl\":\"https:\\/\\/spelivinkki.fi\\/wp-content\\/uploads\\/2024\\/02\\/Azul_Nordics-min.webp\",\"datePublished\":\"2024-02-24T10:29:07+00:00\",\"dateModified\":\"2025-11-07T11:08:37+00:00\",\"description\":\"Luo upeita kuvioita ja nappaa pisteit\u00e4 Azul lautapelin avulla. T\u00e4ss\u00e4 taktisessa strategiapeliss\u00e4 harkinta on valttia! Pelaa nyt! Suomeksi ja ruotsiksi, \ud83e\udde9\",\"breadcrumb\":{\"@id\":\"https:\\\/\\\/spelivinkki.fi\\\/tuote\\\/azul-nordic\\\/#breadcrumb\"},\"inLanguage\":\"sv-SE\",\"potentialAction\":[{\"@type\":\"ReadAction\",\"target\":[\"https:\\\/\\\/spelivinkki.fi\\\/tuote\\\/azul-nordic\\\/\"]}]},{\"@type\":\"ImageObject\",\"inLanguage\":\"sv-SE\",\"@id\":\"https:\\\/\\\/spelivinkki.fi\\\/tuote\\\/azul-nordic\\\/#primaryimage\",\"url\":\"https:\\/\\/spelivinkki.fi\\/wp-content\\/uploads\\/2024\\/02\\/Azul_Nordics-min.webp\",\"contentUrl\":\"https:\\/\\/spelivinkki.fi\\/wp-content\\/uploads\\/2024\\/02\\/Azul_Nordics-min.webp\",\"width\":1772,\"height\":2009,\"caption\":\"Azul Nordics min\"},{\"@type\":\"BreadcrumbList\",\"@id\":\"https:\\\/\\\/spelivinkki.fi\\\/tuote\\\/azul-nordic\\\/#breadcrumb\",\"itemListElement\":[{\"@type\":\"ListItem\",\"position\":1,\"name\":\"Etusivu\",\"item\":\"https:\\\/\\\/spelivinkki.fi\\\/\"},{\"@type\":\"ListItem\",\"position\":2,\"name\":\"Tuotteet\",\"item\":\"https:\\\/\\\/spelivinkki.fi\\\/tuotteet\\\/\"},{\"@type\":\"ListItem\",\"position\":3,\"name\":\"Azul (Nordic)\"}]},{\"@type\":\"WebSite\",\"@id\":\"https:\\\/\\\/spelivinkki.fi\\\/#website\",\"url\":\"https:\\\/\\\/spelivinkki.fi\\\/\",\"name\":\"Spelivinkki\",\"description\":\"Paraisten Lautapelikauppa\",\"publisher\":{\"@id\":\"https:\\\/\\\/spelivinkki.fi\\\/#organization\"},\"alternateName\":\"Spelivinkki Oy\",\"potentialAction\":[{\"@type\":\"SearchAction\",\"target\":{\"@type\":\"EntryPoint\",\"urlTemplate\":\"https:\\\/\\\/spelivinkki.fi\\\/?s={search_term_string}\"},\"query-input\":{\"@type\":\"PropertyValueSpecification\",\"valueRequired\":true,\"valueName\":\"search_term_string\"}}],\"inLanguage\":\"sv-SE\"},{\"@type\":\"Organization\",\"@id\":\"https:\\\/\\\/spelivinkki.fi\\\/#organization\",\"name\":\"Spelivinkki Oy\",\"alternateName\":\"Spelivinkki\",\"url\":\"https:\\\/\\\/spelivinkki.fi\\\/\",\"logo\":{\"@type\":\"ImageObject\",\"inLanguage\":\"sv-SE\",\"@id\":\"https:\\\/\\\/spelivinkki.fi\\\/#\\\/schema\\\/logo\\\/image\\\/\",\"url\":\"https:\\/\\/spelivinkki.fi\\/wp-content\\/uploads\\/2024\\/02\\/Logo.svg\",\"contentUrl\":\"https:\\/\\/spelivinkki.fi\\/wp-content\\/uploads\\/2024\\/02\\/Logo.svg\",\"width\":2176,\"height\":2323,\"caption\":\"Spelivinkki Oy\"},\"image\":{\"@id\":\"https:\\\/\\\/spelivinkki.fi\\\/#\\\/schema\\\/logo\\\/image\\\/\"},\"sameAs\":[\"https:\\\/\\\/www.facebook.com\\\/SpelivinkkiOy\\\/\",\"https:\\\/\\\/x.com\\\/SpelivinkkiOy\",\"https:\\\/\\\/www.instagram.com\\\/spelivinkkioy\\\/\"],\"description\":\"Spelivinkki Oy is a company operating both a brick-and-mortar store in Finland as well as a webshop online. We sell board games, roleplaying games, miniature wargames, logic puzzles, jigsaw puzzles and other things related to the boardgame hobby.\",\"email\":\"myynti@spelivinkki.fi\",\"telephone\":\"+358406486605\",\"legalName\":\"Spelivinkki Oy\",\"foundingDate\":\"2023-09-17\",\"vatID\":\"FI33904524\",\"numberOfEmployees\":{\"@type\":\"QuantitativeValue\",\"minValue\":\"1\",\"maxValue\":\"10\"},\"hasMerchantReturnPolicy\":{\"@type\":\"MerchantReturnPolicy\",\"merchantReturnLink\":\"https:\\\/\\\/spelivinkki.fi\\\/sv\\\/spelivinkin-vaihto-ja-palautusoikeus\\\/\"}}]}<\/script>\n<meta property=\"product:brand\" content=\"Plan B Games \/ Next Move Games\" \/>\n<meta property=\"product:price:amount\" content=\"45.00\" \/>\n<meta property=\"product:price:currency\" content=\"EUR\" \/>\n<meta property=\"og:availability\" content=\"instock\" \/>\n<meta property=\"product:availability\" content=\"instock\" \/>\n<meta property=\"product:retailer_item_id\" content=\"Azul Nordic\" \/>\n<meta property=\"product:condition\" content=\"new\" \/>\n<!-- \/ Yoast SEO Premium plugin. -->","yoast_head_json":{"title":"Azul: Ennakoimiskyky\u00e4 vaativa strategiapeli &#8211; Spelivinkki","description":"Luo upeita kuvioita ja nappaa pisteit\u00e4 Azul lautapelin avulla. T\u00e4ss\u00e4 taktisessa strategiapeliss\u00e4 harkinta on valttia! Pelaa nyt! Suomeksi ja ruotsiksi, \ud83e\udde9","robots":{"index":"index","follow":"follow","max-snippet":"max-snippet:-1","max-image-preview":"max-image-preview:large","max-video-preview":"max-video-preview:-1"},"canonical":"https:\/\/spelivinkki.fi\/sv\/produkt\/azul-nordic\/","og_locale":"sv_SE","og_type":"article","og_title":"Azul (Nordic)","og_description":"Luo upeita kuvioita ja nappaa pisteit\u00e4 Azul lautapelin avulla. T\u00e4ss\u00e4 taktisessa strategiapeliss\u00e4 harkinta on valttia! Pelaa nyt! Suomeksi ja ruotsiksi, \ud83e\udde9","og_url":"https:\/\/spelivinkki.fi\/sv\/produkt\/azul-nordic\/","og_site_name":"Spelivinkki","article_publisher":"https:\/\/www.facebook.com\/SpelivinkkiOy\/","article_modified_time":"2025-11-07T11:08:37+00:00","og_image":[{"width":1772,"height":2009,"url":"https:\/\/mlw9zexfsyfr.i.optimole.com\/w:auto\/h:auto\/q:mauto\/ig:avif\/https:\/\/spelivinkki.fi\/wp-content\/uploads\/2024\/02\/Azul_Nordics-min.webp","type":"image\/webp"}],"twitter_card":"summary_large_image","twitter_site":"@SpelivinkkiOy","twitter_misc":{"Pris":"45,00&nbsp;&euro;","Tillg\u00e4nglig":"I lager"},"schema":{"@context":"https:\/\/schema.org","@graph":[{"@type":"WebPage","@id":"https:\/\/spelivinkki.fi\/tuote\/azul-nordic\/","url":"https:\/\/spelivinkki.fi\/tuote\/azul-nordic\/","name":"Azul: Ennakoimiskyky\u00e4 vaativa strategiapeli &#8211; Spelivinkki","isPartOf":{"@id":"https:\/\/spelivinkki.fi\/#website"},"primaryImageOfPage":{"@id":"https:\/\/spelivinkki.fi\/tuote\/azul-nordic\/#primaryimage"},"image":{"@id":"https:\/\/spelivinkki.fi\/tuote\/azul-nordic\/#primaryimage"},"thumbnailUrl":"https:\/\/mlw9zexfsyfr.i.optimole.com\/w:auto\/h:auto\/q:mauto\/ig:avif\/https:\/\/spelivinkki.fi\/wp-content\/uploads\/2024\/02\/Azul_Nordics-min.webp","datePublished":"2024-02-24T10:29:07+00:00","dateModified":"2025-11-07T11:08:37+00:00","description":"Luo upeita kuvioita ja nappaa pisteit\u00e4 Azul lautapelin avulla. T\u00e4ss\u00e4 taktisessa strategiapeliss\u00e4 harkinta on valttia! Pelaa nyt! Suomeksi ja ruotsiksi, \ud83e\udde9","breadcrumb":{"@id":"https:\/\/spelivinkki.fi\/tuote\/azul-nordic\/#breadcrumb"},"inLanguage":"sv-SE","potentialAction":[{"@type":"ReadAction","target":["https:\/\/spelivinkki.fi\/tuote\/azul-nordic\/"]}]},{"@type":"ImageObject","inLanguage":"sv-SE","@id":"https:\/\/spelivinkki.fi\/tuote\/azul-nordic\/#primaryimage","url":"https:\/\/mlw9zexfsyfr.i.optimole.com\/w:auto\/h:auto\/q:mauto\/ig:avif\/https:\/\/spelivinkki.fi\/wp-content\/uploads\/2024\/02\/Azul_Nordics-min.webp","contentUrl":"https:\/\/mlw9zexfsyfr.i.optimole.com\/w:auto\/h:auto\/q:mauto\/ig:avif\/https:\/\/spelivinkki.fi\/wp-content\/uploads\/2024\/02\/Azul_Nordics-min.webp","width":1772,"height":2009,"caption":"Azul Nordics min"},{"@type":"BreadcrumbList","@id":"https:\/\/spelivinkki.fi\/tuote\/azul-nordic\/#breadcrumb","itemListElement":[{"@type":"ListItem","position":1,"name":"Etusivu","item":"https:\/\/spelivinkki.fi\/"},{"@type":"ListItem","position":2,"name":"Tuotteet","item":"https:\/\/spelivinkki.fi\/tuotteet\/"},{"@type":"ListItem","position":3,"name":"Azul (Nordic)"}]},{"@type":"WebSite","@id":"https:\/\/spelivinkki.fi\/#website","url":"https:\/\/spelivinkki.fi\/","name":"Spelivinkki","description":"Paraisten Lautapelikauppa","publisher":{"@id":"https:\/\/spelivinkki.fi\/#organization"},"alternateName":"Spelivinkki Oy","potentialAction":[{"@type":"SearchAction","target":{"@type":"EntryPoint","urlTemplate":"https:\/\/spelivinkki.fi\/?s={search_term_string}"},"query-input":{"@type":"PropertyValueSpecification","valueRequired":true,"valueName":"search_term_string"}}],"inLanguage":"sv-SE"},{"@type":"Organization","@id":"https:\/\/spelivinkki.fi\/#organization","name":"Spelivinkki Oy","alternateName":"Spelivinkki","url":"https:\/\/spelivinkki.fi\/","logo":{"@type":"ImageObject","inLanguage":"sv-SE","@id":"https:\/\/spelivinkki.fi\/#\/schema\/logo\/image\/","url":"https:\/\/mlw9zexfsyfr.i.optimole.com\/w:auto\/h:auto\/q:mauto\/ig:avif\/https:\/\/spelivinkki.fi\/wp-content\/uploads\/2024\/02\/Logo.svg","contentUrl":"https:\/\/mlw9zexfsyfr.i.optimole.com\/w:auto\/h:auto\/q:mauto\/ig:avif\/https:\/\/spelivinkki.fi\/wp-content\/uploads\/2024\/02\/Logo.svg","width":2176,"height":2323,"caption":"Spelivinkki Oy"},"image":{"@id":"https:\/\/spelivinkki.fi\/#\/schema\/logo\/image\/"},"sameAs":["https:\/\/www.facebook.com\/SpelivinkkiOy\/","https:\/\/x.com\/SpelivinkkiOy","https:\/\/www.instagram.com\/spelivinkkioy\/"],"description":"Spelivinkki Oy is a company operating both a brick-and-mortar store in Finland as well as a webshop online. We sell board games, roleplaying games, miniature wargames, logic puzzles, jigsaw puzzles and other things related to the boardgame hobby.","email":"myynti@spelivinkki.fi","telephone":"+358406486605","legalName":"Spelivinkki Oy","foundingDate":"2023-09-17","vatID":"FI33904524","numberOfEmployees":{"@type":"QuantitativeValue","minValue":"1","maxValue":"10"},"hasMerchantReturnPolicy":{"@type":"MerchantReturnPolicy","merchantReturnLink":"https:\/\/spelivinkki.fi\/sv\/spelivinkin-vaihto-ja-palautusoikeus\/"}}]},"product_brand":"Plan B Games \/ Next Move Games","product_price_amount":"45.00","product_price_currency":"EUR","og_availability":"instock","product_availability":"instock","product_retailer_item_id":"Azul Nordic","product_condition":"new"},"_links":{"self":[{"href":"https:\/\/spelivinkki.fi\/sv\/wp-json\/wp\/v2\/product\/5547","targetHints":{"allow":["GET"]}}],"collection":[{"href":"https:\/\/spelivinkki.fi\/sv\/wp-json\/wp\/v2\/product"}],"about":[{"href":"https:\/\/spelivinkki.fi\/sv\/wp-json\/wp\/v2\/types\/product"}],"wp:featuredmedia":[{"embeddable":true,"href":"https:\/\/spelivinkki.fi\/sv\/wp-json\/wp\/v2\/media\/5700"}],"wp:attachment":[{"href":"https:\/\/spelivinkki.fi\/sv\/wp-json\/wp\/v2\/media?parent=5547"}],"wp:term":[{"taxonomy":"product_brand","embeddable":true,"href":"https:\/\/spelivinkki.fi\/sv\/wp-json\/wp\/v2\/product_brand?post=5547"},{"taxonomy":"product_cat","embeddable":true,"href":"https:\/\/spelivinkki.fi\/sv\/wp-json\/wp\/v2\/product_cat?post=5547"},{"taxonomy":"product_tag","embeddable":true,"href":"https:\/\/spelivinkki.fi\/sv\/wp-json\/wp\/v2\/product_tag?post=5547"}],"curies":[{"name":"wp","href":"https:\/\/api.w.org\/{rel}","templated":true}]}}