{"id":5565,"date":"2024-02-24T13:24:09","date_gmt":"2024-02-24T13:24:09","guid":{"rendered":"https:\/\/spelivinkki.fi\/?post_type=product&#038;p=5565"},"modified":"2025-06-16T14:11:15","modified_gmt":"2025-06-16T14:11:15","slug":"loopin-louie","status":"publish","type":"product","link":"https:\/\/spelivinkki.fi\/sv\/produkt\/loopin-louie\/","title":{"rendered":"Loopin\u2019 Louie (Multilanguage)"},"content":{"rendered":"<p>Loopin' Louie \u00e4r den gamla goda sagan om en galen pilot som jagar h\u00f6ns till v\u00e4rldens ende. Bara Gud vet hur det gick s\u00e5 snett.<\/p>\n<p>F\u00f6r att skydda sina h\u00f6nor fr\u00e5n Louie ska spelarna anv\u00e4nda sina katapultter s\u00e5 att han studsar \u00f6ver dem. Om Louie sl\u00e5r ner alla dina h\u00f6nor \u00e4r du ute ur spelet!<\/p>\n<h6><strong>Ugivarens beskrivning:<\/strong><\/h6>\n<p><em>Louie \u00e4r heltokig \u2013 han loopar och svischar runt i luften och skr\u00e4mmer slag p\u00e5 kycklingarna! Var beredd med din paddel s\u00e5 att Louie inte tar alla dina kycklingar \u2013 f\u00f6r d\u00e5 f\u00f6rlorar du spelet! Spelaren som kan beh\u00e5lla sina kycklingar \u00e4r vinnare! Ett j\u00e4tteroligt och fartfyllt barnspel d\u00e4r det g\u00e4ller att vara snabb att trycka s\u00e5 att Louie flyger upp i luften och iv\u00e4g!<\/em><\/p>","protected":false},"excerpt":{"rendered":"<p><strong style=\"font-size: 16px; font-style: normal;\">OBS! <\/strong><span style=\"font-size: 16px; font-style: normal; font-weight: 400;\">Detta spel kr\u00e4ver tv\u00e5 AA-batterier f\u00f6r att fungera (ing\u00e5r ej)! <\/span><\/p>\n<ul>\n<li><strong>Spelarm\u00e4ngd: <\/strong>2-4 (<strong>B\u00e4sta m\u00e4ngden:<\/strong> 4)<\/li>\n<li><strong>Varaktighet: <\/strong>10 min<\/li>\n<li><strong>\u00c5ldersrekommendation: <\/strong>4+<\/li>\n<li><strong>Spr\u00e5k: <\/strong>Finska, svenska, norska, danska, polska<\/li>\n<li><strong>Genre: <\/strong>Barnspel, Action, Elektrisk<\/li>\n<li><strong>Tema: <\/strong>Flygplan, H\u00f6ns<\/li>\n<li><strong>Utveckling:<\/strong> Masaru Aoki, Carol Wiseley<\/li>\n<li><strong>Utgivare:<\/strong> Milton Bradley \/ Tactic Games<\/li>\n<\/ul>","protected":false},"featured_media":5616,"template":"","meta":{"site-sidebar-layout":"default","site-content-layout":"","ast-site-content-layout":"default","site-content-style":"default","site-sidebar-style":"default","ast-global-header-display":"","ast-banner-title-visibility":"","ast-main-header-display":"","ast-hfb-above-header-display":"","ast-hfb-below-header-display":"","ast-hfb-mobile-header-display":"","site-post-title":"","ast-breadcrumbs-content":"","ast-featured-img":"","footer-sml-layout":"","ast-disable-related-posts":"","theme-transparent-header-meta":"default","adv-header-id-meta":"","stick-header-meta":"","header-above-stick-meta":"","header-main-stick-meta":"","header-below-stick-meta":"","astra-migrate-meta-layouts":"set","ast-page-background-enabled":"default","ast-page-background-meta":{"desktop":{"background-color":"","background-image":"","background-repeat":"repeat","background-position":"center center","background-size":"auto","background-attachment":"scroll","background-type":"","background-media":"","overlay-type":"","overlay-color":"","overlay-opacity":"","overlay-gradient":""},"tablet":{"background-color":"","background-image":"","background-repeat":"repeat","background-position":"center center","background-size":"auto","background-attachment":"scroll","background-type":"","background-media":"","overlay-type":"","overlay-color":"","overlay-opacity":"","overlay-gradient":""},"mobile":{"background-color":"","background-image":"","background-repeat":"repeat","background-position":"center center","background-size":"auto","background-attachment":"scroll","background-type":"","background-media":"","overlay-type":"","overlay-color":"","overlay-opacity":"","overlay-gradient":""}},"ast-content-background-meta":{"desktop":{"background-color":"var(--ast-global-color-5)","background-image":"","background-repeat":"repeat","background-position":"center center","background-size":"auto","background-attachment":"scroll","background-type":"","background-media":"","overlay-type":"","overlay-color":"","overlay-opacity":"","overlay-gradient":""},"tablet":{"background-color":"var(--ast-global-color-5)","background-image":"","background-repeat":"repeat","background-position":"center center","background-size":"auto","background-attachment":"scroll","background-type":"","background-media":"","overlay-type":"","overlay-color":"","overlay-opacity":"","overlay-gradient":""},"mobile":{"background-color":"var(--ast-global-color-5)","background-image":"","background-repeat":"repeat","background-position":"center center","background-size":"auto","background-attachment":"scroll","background-type":"","background-media":"","overlay-type":"","overlay-color":"","overlay-opacity":"","overlay-gradient":""}}},"product_brand":[1041],"product_cat":[16,37],"product_tag":[1074,1073,1088,1047,1050,1067,1048],"class_list":{"0":"post-5565","1":"product","2":"type-product","3":"status-publish","4":"has-post-thumbnail","6":"product_brand-tactic-games","7":"product_cat-kaikki","8":"product_cat-lastenpelit","9":"product_tag-carol-wiseley","10":"product_tag-masaru-aoki","11":"product_tag-napparyys","12":"product_tag-peruspeli","13":"product_tag-ruotsinkieliset-pelit","14":"product_tag-sahkoiset-pelit","15":"product_tag-suomenkieliset-pelit","16":"product_shipping_class-standard2","17":"desktop-align-center","18":"tablet-align-center","19":"mobile-align-center","21":"first","22":"instock","23":"taxable","24":"shipping-taxable","25":"purchasable","26":"product-type-simple"},"yoast_head":"<!-- This site is optimized with the Yoast SEO Premium plugin v27.3 (Yoast SEO v27.4) - https:\/\/yoast.com\/product\/yoast-seo-premium-wordpress\/ -->\n<title>Loopin&#039; Louie (Multilanguage) &#8211; Spelivinkki<\/title>\n<meta name=\"description\" content=\"Kokoa perhe yhteen ja l\u00e4hde hauskaan kanajahtiin Tactic Loopin&#039; Louie -pelin parissa. Kuka pit\u00e4\u00e4 kanansa pystyss\u00e4 viimeiseksi? \ud83d\udc14 Lautapeli koko perheelle!\" \/>\n<meta name=\"robots\" content=\"index, follow, max-snippet:-1, max-image-preview:large, max-video-preview:-1\" \/>\n<link rel=\"canonical\" href=\"https:\/\/spelivinkki.fi\/sv\/produkt\/loopin-louie\/\" \/>\n<meta property=\"og:locale\" content=\"sv_SE\" \/>\n<meta property=\"og:type\" content=\"article\" \/>\n<meta property=\"og:title\" content=\"Loopin&#039; Louie (Multilanguage)\" \/>\n<meta property=\"og:description\" content=\"Kokoa perhe yhteen ja l\u00e4hde hauskaan kanajahtiin Tactic Loopin&#039; Louie -pelin parissa. Kuka pit\u00e4\u00e4 kanansa pystyss\u00e4 viimeiseksi? \ud83d\udc14 Lautapeli koko perheelle!\" \/>\n<meta property=\"og:url\" content=\"https:\/\/spelivinkki.fi\/sv\/produkt\/loopin-louie\/\" \/>\n<meta property=\"og:site_name\" content=\"Spelivinkki\" \/>\n<meta property=\"article:publisher\" content=\"https:\/\/www.facebook.com\/SpelivinkkiOy\/\" \/>\n<meta property=\"article:modified_time\" content=\"2025-06-16T14:11:15+00:00\" \/>\n<meta property=\"og:image\" content=\"https:\/\/mlw9zexfsyfr.i.optimole.com\/w:auto\/h:auto\/q:mauto\/ig:avif\/https:\/\/spelivinkki.fi\/wp-content\/uploads\/2024\/02\/40957_1.jpg\" \/>\n\t<meta property=\"og:image:width\" content=\"428\" \/>\n\t<meta property=\"og:image:height\" content=\"440\" \/>\n\t<meta property=\"og:image:type\" content=\"image\/jpeg\" \/>\n<meta name=\"twitter:card\" content=\"summary_large_image\" \/>\n<meta name=\"twitter:site\" content=\"@SpelivinkkiOy\" \/>\n<meta name=\"twitter:label1\" content=\"Pris\" \/>\n\t<meta name=\"twitter:data1\" content=\"25,00&nbsp;&euro;\" \/>\n\t<meta name=\"twitter:label2\" content=\"Tillg\u00e4nglig\" \/>\n\t<meta name=\"twitter:data2\" content=\"I lager\" \/>\n<script type=\"application\/ld+json\" class=\"yoast-schema-graph\">{\"@context\":\"https:\\\/\\\/schema.org\",\"@graph\":[{\"@type\":\"WebPage\",\"@id\":\"https:\\\/\\\/spelivinkki.fi\\\/tuote\\\/loopin-louie\\\/\",\"url\":\"https:\\\/\\\/spelivinkki.fi\\\/tuote\\\/loopin-louie\\\/\",\"name\":\"Loopin' Louie (Multilanguage) &#8211; Spelivinkki\",\"isPartOf\":{\"@id\":\"https:\\\/\\\/spelivinkki.fi\\\/#website\"},\"primaryImageOfPage\":{\"@id\":\"https:\\\/\\\/spelivinkki.fi\\\/tuote\\\/loopin-louie\\\/#primaryimage\"},\"image\":{\"@id\":\"https:\\\/\\\/spelivinkki.fi\\\/tuote\\\/loopin-louie\\\/#primaryimage\"},\"thumbnailUrl\":\"https:\\/\\/spelivinkki.fi\\/wp-content\\/uploads\\/2024\\/02\\/40957_1.jpg\",\"datePublished\":\"2024-02-24T13:24:09+00:00\",\"dateModified\":\"2025-06-16T14:11:15+00:00\",\"description\":\"Kokoa perhe yhteen ja l\u00e4hde hauskaan kanajahtiin Tactic Loopin' Louie -pelin parissa. Kuka pit\u00e4\u00e4 kanansa pystyss\u00e4 viimeiseksi? \ud83d\udc14 Lautapeli koko perheelle!\",\"breadcrumb\":{\"@id\":\"https:\\\/\\\/spelivinkki.fi\\\/tuote\\\/loopin-louie\\\/#breadcrumb\"},\"inLanguage\":\"sv-SE\",\"potentialAction\":[{\"@type\":\"ReadAction\",\"target\":[\"https:\\\/\\\/spelivinkki.fi\\\/tuote\\\/loopin-louie\\\/\"]}]},{\"@type\":\"ImageObject\",\"inLanguage\":\"sv-SE\",\"@id\":\"https:\\\/\\\/spelivinkki.fi\\\/tuote\\\/loopin-louie\\\/#primaryimage\",\"url\":\"https:\\/\\/spelivinkki.fi\\/wp-content\\/uploads\\/2024\\/02\\/40957_1.jpg\",\"contentUrl\":\"https:\\/\\/spelivinkki.fi\\/wp-content\\/uploads\\/2024\\/02\\/40957_1.jpg\",\"width\":428,\"height\":440,\"caption\":\"40957 1\"},{\"@type\":\"BreadcrumbList\",\"@id\":\"https:\\\/\\\/spelivinkki.fi\\\/tuote\\\/loopin-louie\\\/#breadcrumb\",\"itemListElement\":[{\"@type\":\"ListItem\",\"position\":1,\"name\":\"Etusivu\",\"item\":\"https:\\\/\\\/spelivinkki.fi\\\/\"},{\"@type\":\"ListItem\",\"position\":2,\"name\":\"Tuotteet\",\"item\":\"https:\\\/\\\/spelivinkki.fi\\\/tuotteet\\\/\"},{\"@type\":\"ListItem\",\"position\":3,\"name\":\"Loopin&#8217; Louie (Multilanguage)\"}]},{\"@type\":\"WebSite\",\"@id\":\"https:\\\/\\\/spelivinkki.fi\\\/#website\",\"url\":\"https:\\\/\\\/spelivinkki.fi\\\/\",\"name\":\"Spelivinkki\",\"description\":\"Paraisten Lautapelikauppa\",\"publisher\":{\"@id\":\"https:\\\/\\\/spelivinkki.fi\\\/#organization\"},\"alternateName\":\"Spelivinkki Oy\",\"potentialAction\":[{\"@type\":\"SearchAction\",\"target\":{\"@type\":\"EntryPoint\",\"urlTemplate\":\"https:\\\/\\\/spelivinkki.fi\\\/?s={search_term_string}\"},\"query-input\":{\"@type\":\"PropertyValueSpecification\",\"valueRequired\":true,\"valueName\":\"search_term_string\"}}],\"inLanguage\":\"sv-SE\"},{\"@type\":\"Organization\",\"@id\":\"https:\\\/\\\/spelivinkki.fi\\\/#organization\",\"name\":\"Spelivinkki Oy\",\"alternateName\":\"Spelivinkki\",\"url\":\"https:\\\/\\\/spelivinkki.fi\\\/\",\"logo\":{\"@type\":\"ImageObject\",\"inLanguage\":\"sv-SE\",\"@id\":\"https:\\\/\\\/spelivinkki.fi\\\/#\\\/schema\\\/logo\\\/image\\\/\",\"url\":\"https:\\/\\/spelivinkki.fi\\/wp-content\\/uploads\\/2024\\/02\\/Logo.svg\",\"contentUrl\":\"https:\\/\\/spelivinkki.fi\\/wp-content\\/uploads\\/2024\\/02\\/Logo.svg\",\"width\":2176,\"height\":2323,\"caption\":\"Spelivinkki Oy\"},\"image\":{\"@id\":\"https:\\\/\\\/spelivinkki.fi\\\/#\\\/schema\\\/logo\\\/image\\\/\"},\"sameAs\":[\"https:\\\/\\\/www.facebook.com\\\/SpelivinkkiOy\\\/\",\"https:\\\/\\\/x.com\\\/SpelivinkkiOy\",\"https:\\\/\\\/www.instagram.com\\\/spelivinkkioy\\\/\"],\"description\":\"Spelivinkki Oy is a company operating both a brick-and-mortar store in Finland as well as a webshop online. We sell board games, roleplaying games, miniature wargames, logic puzzles, jigsaw puzzles and other things related to the boardgame hobby.\",\"email\":\"myynti@spelivinkki.fi\",\"telephone\":\"+358406486605\",\"legalName\":\"Spelivinkki Oy\",\"foundingDate\":\"2023-09-17\",\"vatID\":\"FI33904524\",\"numberOfEmployees\":{\"@type\":\"QuantitativeValue\",\"minValue\":\"1\",\"maxValue\":\"10\"},\"hasMerchantReturnPolicy\":{\"@type\":\"MerchantReturnPolicy\",\"merchantReturnLink\":\"https:\\\/\\\/spelivinkki.fi\\\/sv\\\/spelivinkin-vaihto-ja-palautusoikeus\\\/\"}}]}<\/script>\n<meta property=\"product:brand\" content=\"Tactic Games\" \/>\n<meta property=\"product:price:amount\" content=\"25.00\" \/>\n<meta property=\"product:price:currency\" content=\"EUR\" \/>\n<meta property=\"og:availability\" content=\"instock\" \/>\n<meta property=\"product:availability\" content=\"instock\" \/>\n<meta property=\"product:retailer_item_id\" content=\"Loopin&#039; Louie multi\" \/>\n<meta property=\"product:condition\" content=\"new\" \/>\n<!-- \/ Yoast SEO Premium plugin. -->","yoast_head_json":{"title":"Loopin' Louie (Multilanguage) &#8211; Spelivinkki","description":"Kokoa perhe yhteen ja l\u00e4hde hauskaan kanajahtiin Tactic Loopin' Louie -pelin parissa. Kuka pit\u00e4\u00e4 kanansa pystyss\u00e4 viimeiseksi? \ud83d\udc14 Lautapeli koko perheelle!","robots":{"index":"index","follow":"follow","max-snippet":"max-snippet:-1","max-image-preview":"max-image-preview:large","max-video-preview":"max-video-preview:-1"},"canonical":"https:\/\/spelivinkki.fi\/sv\/produkt\/loopin-louie\/","og_locale":"sv_SE","og_type":"article","og_title":"Loopin' Louie (Multilanguage)","og_description":"Kokoa perhe yhteen ja l\u00e4hde hauskaan kanajahtiin Tactic Loopin' Louie -pelin parissa. Kuka pit\u00e4\u00e4 kanansa pystyss\u00e4 viimeiseksi? \ud83d\udc14 Lautapeli koko perheelle!","og_url":"https:\/\/spelivinkki.fi\/sv\/produkt\/loopin-louie\/","og_site_name":"Spelivinkki","article_publisher":"https:\/\/www.facebook.com\/SpelivinkkiOy\/","article_modified_time":"2025-06-16T14:11:15+00:00","og_image":[{"width":428,"height":440,"url":"https:\/\/mlw9zexfsyfr.i.optimole.com\/w:auto\/h:auto\/q:mauto\/ig:avif\/https:\/\/spelivinkki.fi\/wp-content\/uploads\/2024\/02\/40957_1.jpg","type":"image\/jpeg"}],"twitter_card":"summary_large_image","twitter_site":"@SpelivinkkiOy","twitter_misc":{"Pris":"25,00&nbsp;&euro;","Tillg\u00e4nglig":"I lager"},"schema":{"@context":"https:\/\/schema.org","@graph":[{"@type":"WebPage","@id":"https:\/\/spelivinkki.fi\/tuote\/loopin-louie\/","url":"https:\/\/spelivinkki.fi\/tuote\/loopin-louie\/","name":"Loopin' Louie (Multilanguage) &#8211; Spelivinkki","isPartOf":{"@id":"https:\/\/spelivinkki.fi\/#website"},"primaryImageOfPage":{"@id":"https:\/\/spelivinkki.fi\/tuote\/loopin-louie\/#primaryimage"},"image":{"@id":"https:\/\/spelivinkki.fi\/tuote\/loopin-louie\/#primaryimage"},"thumbnailUrl":"https:\/\/mlw9zexfsyfr.i.optimole.com\/w:auto\/h:auto\/q:mauto\/ig:avif\/https:\/\/spelivinkki.fi\/wp-content\/uploads\/2024\/02\/40957_1.jpg","datePublished":"2024-02-24T13:24:09+00:00","dateModified":"2025-06-16T14:11:15+00:00","description":"Kokoa perhe yhteen ja l\u00e4hde hauskaan kanajahtiin Tactic Loopin' Louie -pelin parissa. Kuka pit\u00e4\u00e4 kanansa pystyss\u00e4 viimeiseksi? \ud83d\udc14 Lautapeli koko perheelle!","breadcrumb":{"@id":"https:\/\/spelivinkki.fi\/tuote\/loopin-louie\/#breadcrumb"},"inLanguage":"sv-SE","potentialAction":[{"@type":"ReadAction","target":["https:\/\/spelivinkki.fi\/tuote\/loopin-louie\/"]}]},{"@type":"ImageObject","inLanguage":"sv-SE","@id":"https:\/\/spelivinkki.fi\/tuote\/loopin-louie\/#primaryimage","url":"https:\/\/mlw9zexfsyfr.i.optimole.com\/w:auto\/h:auto\/q:mauto\/ig:avif\/https:\/\/spelivinkki.fi\/wp-content\/uploads\/2024\/02\/40957_1.jpg","contentUrl":"https:\/\/mlw9zexfsyfr.i.optimole.com\/w:auto\/h:auto\/q:mauto\/ig:avif\/https:\/\/spelivinkki.fi\/wp-content\/uploads\/2024\/02\/40957_1.jpg","width":428,"height":440,"caption":"40957 1"},{"@type":"BreadcrumbList","@id":"https:\/\/spelivinkki.fi\/tuote\/loopin-louie\/#breadcrumb","itemListElement":[{"@type":"ListItem","position":1,"name":"Etusivu","item":"https:\/\/spelivinkki.fi\/"},{"@type":"ListItem","position":2,"name":"Tuotteet","item":"https:\/\/spelivinkki.fi\/tuotteet\/"},{"@type":"ListItem","position":3,"name":"Loopin&#8217; Louie (Multilanguage)"}]},{"@type":"WebSite","@id":"https:\/\/spelivinkki.fi\/#website","url":"https:\/\/spelivinkki.fi\/","name":"Spelivinkki","description":"Paraisten Lautapelikauppa","publisher":{"@id":"https:\/\/spelivinkki.fi\/#organization"},"alternateName":"Spelivinkki Oy","potentialAction":[{"@type":"SearchAction","target":{"@type":"EntryPoint","urlTemplate":"https:\/\/spelivinkki.fi\/?s={search_term_string}"},"query-input":{"@type":"PropertyValueSpecification","valueRequired":true,"valueName":"search_term_string"}}],"inLanguage":"sv-SE"},{"@type":"Organization","@id":"https:\/\/spelivinkki.fi\/#organization","name":"Spelivinkki Oy","alternateName":"Spelivinkki","url":"https:\/\/spelivinkki.fi\/","logo":{"@type":"ImageObject","inLanguage":"sv-SE","@id":"https:\/\/spelivinkki.fi\/#\/schema\/logo\/image\/","url":"https:\/\/mlw9zexfsyfr.i.optimole.com\/w:auto\/h:auto\/q:mauto\/ig:avif\/https:\/\/spelivinkki.fi\/wp-content\/uploads\/2024\/02\/Logo.svg","contentUrl":"https:\/\/mlw9zexfsyfr.i.optimole.com\/w:auto\/h:auto\/q:mauto\/ig:avif\/https:\/\/spelivinkki.fi\/wp-content\/uploads\/2024\/02\/Logo.svg","width":2176,"height":2323,"caption":"Spelivinkki Oy"},"image":{"@id":"https:\/\/spelivinkki.fi\/#\/schema\/logo\/image\/"},"sameAs":["https:\/\/www.facebook.com\/SpelivinkkiOy\/","https:\/\/x.com\/SpelivinkkiOy","https:\/\/www.instagram.com\/spelivinkkioy\/"],"description":"Spelivinkki Oy is a company operating both a brick-and-mortar store in Finland as well as a webshop online. We sell board games, roleplaying games, miniature wargames, logic puzzles, jigsaw puzzles and other things related to the boardgame hobby.","email":"myynti@spelivinkki.fi","telephone":"+358406486605","legalName":"Spelivinkki Oy","foundingDate":"2023-09-17","vatID":"FI33904524","numberOfEmployees":{"@type":"QuantitativeValue","minValue":"1","maxValue":"10"},"hasMerchantReturnPolicy":{"@type":"MerchantReturnPolicy","merchantReturnLink":"https:\/\/spelivinkki.fi\/sv\/spelivinkin-vaihto-ja-palautusoikeus\/"}}]},"product_brand":"Tactic Games","product_price_amount":"25.00","product_price_currency":"EUR","og_availability":"instock","product_availability":"instock","product_retailer_item_id":"Loopin' Louie multi","product_condition":"new"},"_links":{"self":[{"href":"https:\/\/spelivinkki.fi\/sv\/wp-json\/wp\/v2\/product\/5565","targetHints":{"allow":["GET"]}}],"collection":[{"href":"https:\/\/spelivinkki.fi\/sv\/wp-json\/wp\/v2\/product"}],"about":[{"href":"https:\/\/spelivinkki.fi\/sv\/wp-json\/wp\/v2\/types\/product"}],"wp:featuredmedia":[{"embeddable":true,"href":"https:\/\/spelivinkki.fi\/sv\/wp-json\/wp\/v2\/media\/5616"}],"wp:attachment":[{"href":"https:\/\/spelivinkki.fi\/sv\/wp-json\/wp\/v2\/media?parent=5565"}],"wp:term":[{"taxonomy":"product_brand","embeddable":true,"href":"https:\/\/spelivinkki.fi\/sv\/wp-json\/wp\/v2\/product_brand?post=5565"},{"taxonomy":"product_cat","embeddable":true,"href":"https:\/\/spelivinkki.fi\/sv\/wp-json\/wp\/v2\/product_cat?post=5565"},{"taxonomy":"product_tag","embeddable":true,"href":"https:\/\/spelivinkki.fi\/sv\/wp-json\/wp\/v2\/product_tag?post=5565"}],"curies":[{"name":"wp","href":"https:\/\/api.w.org\/{rel}","templated":true}]}}