{"id":5570,"date":"2024-02-25T13:02:23","date_gmt":"2024-02-25T13:02:23","guid":{"rendered":"https:\/\/spelivinkki.fi\/?post_type=product&#038;p=5570"},"modified":"2025-12-11T18:16:12","modified_gmt":"2025-12-11T18:16:12","slug":"muuttuva-labyrintti-team-edition","status":"publish","type":"product","link":"https:\/\/spelivinkki.fi\/sv\/produkt\/muuttuva-labyrintti-team-edition\/","title":{"rendered":"Labyrinth Team Edition (Nordic)"},"content":{"rendered":"<p>Ravensburgers k\u00e4nda labyrintspel med en liten \u00f6verraskning! Denna g\u00e5ng jobbar spelarna tillsammans mot labyrintens ande, Daedalus. Daedalus bl\u00e4ddrar igenom sin bok med trollformler f\u00f6r att f\u00f6rs\u00f6ka f\u00f6rhindra \u00e4ventyrarnas framsteg. Klarar ni av att vinna innan sidorna tar slut och han vinner?<\/p>\n<h6><strong>Ugivarens beskrivning:<\/strong><\/h6>\n<p><em>Daedalus \u2013 labyrintens busiga ande \u2013 har f\u00e4ngslat dig i sin f\u00f6rtrollade labyrint. Lyckligtvis finns det en hemlig portal, den enda v\u00e4gen ut fr\u00e5n labyrinten. Men du kan bara \u00f6ppna den med hj\u00e4lp av 24 magiska skatter. Samarbeta f\u00f6r att samla alla skatter innan tiden tar slut!<\/em><\/p>\n<p><em>B\u00f6rja varje tur med att bl\u00e4ddra till n\u00e4sta sida i den ur\u00e5ldriga Daedalus-boken f\u00f6r att ta reda p\u00e5 vad Daedalus kommer att g\u00f6ra h\u00e4rn\u00e4st. Han vill hindra dig fr\u00e5n att \u00f6ppna portalen och kommer att f\u00f6rs\u00f6ka sakta ner dig genom att flytta och blockera v\u00e4garna, g\u00f6mma skatterna och teleportera dig fram och tillbaka i labyrinten. Kan du samla alla skatter och \u00f6ppna den hemliga portalen innan sidorna i Daedalus-boken tar slut? Om inte, kommer du och dina lagkamrater att vara f\u00e5ngade i labyrinten f\u00f6r alltid!<\/em><\/p>","protected":false},"excerpt":{"rendered":"<ul>\n<li><strong>Spelarm\u00e4ngd: <\/strong>2-4<\/li>\n<li><strong>Varaktighet: <\/strong>30-40 min<\/li>\n<li><strong>\u00c5ldersrekommendation: <\/strong>8+<\/li>\n<li><strong>Spr\u00e5k: <\/strong>Finska, svenska, norska, danska<\/li>\n<li><strong>Genre: <\/strong>Samarbete, tanken\u00f6t, stigbildning<\/li>\n<li><strong>Tema: <\/strong>Skiftande labyrint, Fantasy, Grekisk mytologi<\/li>\n<li><strong>Utveckling:<\/strong> Brett J. Gilbert, Max J. Kobbert<\/li>\n<li><strong>Utgivare:<\/strong> Ravensburger<\/li>\n<\/ul>","protected":false},"featured_media":5707,"template":"","meta":{"site-sidebar-layout":"default","site-content-layout":"","ast-site-content-layout":"default","site-content-style":"default","site-sidebar-style":"default","ast-global-header-display":"","ast-banner-title-visibility":"","ast-main-header-display":"","ast-hfb-above-header-display":"","ast-hfb-below-header-display":"","ast-hfb-mobile-header-display":"","site-post-title":"","ast-breadcrumbs-content":"","ast-featured-img":"","footer-sml-layout":"","ast-disable-related-posts":"","theme-transparent-header-meta":"default","adv-header-id-meta":"","stick-header-meta":"","header-above-stick-meta":"","header-main-stick-meta":"","header-below-stick-meta":"","astra-migrate-meta-layouts":"set","ast-page-background-enabled":"default","ast-page-background-meta":{"desktop":{"background-color":"","background-image":"","background-repeat":"repeat","background-position":"center center","background-size":"auto","background-attachment":"scroll","background-type":"","background-media":"","overlay-type":"","overlay-color":"","overlay-opacity":"","overlay-gradient":""},"tablet":{"background-color":"","background-image":"","background-repeat":"repeat","background-position":"center center","background-size":"auto","background-attachment":"scroll","background-type":"","background-media":"","overlay-type":"","overlay-color":"","overlay-opacity":"","overlay-gradient":""},"mobile":{"background-color":"","background-image":"","background-repeat":"repeat","background-position":"center center","background-size":"auto","background-attachment":"scroll","background-type":"","background-media":"","overlay-type":"","overlay-color":"","overlay-opacity":"","overlay-gradient":""}},"ast-content-background-meta":{"desktop":{"background-color":"var(--ast-global-color-5)","background-image":"","background-repeat":"repeat","background-position":"center center","background-size":"auto","background-attachment":"scroll","background-type":"","background-media":"","overlay-type":"","overlay-color":"","overlay-opacity":"","overlay-gradient":""},"tablet":{"background-color":"var(--ast-global-color-5)","background-image":"","background-repeat":"repeat","background-position":"center center","background-size":"auto","background-attachment":"scroll","background-type":"","background-media":"","overlay-type":"","overlay-color":"","overlay-opacity":"","overlay-gradient":""},"mobile":{"background-color":"var(--ast-global-color-5)","background-image":"","background-repeat":"repeat","background-position":"center center","background-size":"auto","background-attachment":"scroll","background-type":"","background-media":"","overlay-type":"","overlay-color":"","overlay-opacity":"","overlay-gradient":""}}},"product_brand":[1052],"product_cat":[16,283,37,45,46],"product_tag":[1076,1077,1078,1047,1050,1048],"class_list":{"0":"post-5570","1":"product","2":"type-product","3":"status-publish","4":"has-post-thumbnail","6":"product_brand-ravensburger","7":"product_cat-kaikki","8":"product_cat-laattojen-asettelu","9":"product_cat-lastenpelit","10":"product_cat-strategiapelit","11":"product_cat-yhteistyopelit","12":"product_tag-brett-j-gilbert","13":"product_tag-max-j-kobbert","14":"product_tag-muuttuva-labyrintti-pelisarja","15":"product_tag-peruspeli","16":"product_tag-ruotsinkieliset-pelit","17":"product_tag-suomenkieliset-pelit","18":"product_shipping_class-big3","19":"desktop-align-center","20":"tablet-align-center","21":"mobile-align-center","23":"first","24":"instock","25":"taxable","26":"shipping-taxable","27":"purchasable","28":"product-type-simple"},"yoast_head":"<!-- This site is optimized with the Yoast SEO Premium plugin v27.3 (Yoast SEO v27.4) - https:\/\/yoast.com\/product\/yoast-seo-premium-wordpress\/ -->\n<title>Muuttuva Labyrintti Team Edition (Nordic) &#8211; Spelivinkki<\/title>\n<meta name=\"description\" content=\"Tehk\u00e4\u00e4 yhteisty\u00f6t\u00e4 ja p\u00e4ihitt\u00e4k\u00e4\u00e4 Daedalus Muuttuvassa Labyrintti Team Edition -peliss\u00e4. Voitteko vapautua labyrintista ja avata salaisen portaalin?\" \/>\n<meta name=\"robots\" content=\"index, follow, max-snippet:-1, max-image-preview:large, max-video-preview:-1\" \/>\n<link rel=\"canonical\" href=\"https:\/\/spelivinkki.fi\/sv\/produkt\/muuttuva-labyrintti-team-edition\/\" \/>\n<meta property=\"og:locale\" content=\"sv_SE\" \/>\n<meta property=\"og:type\" content=\"article\" \/>\n<meta property=\"og:title\" content=\"Muuttuva Labyrintti Team Edition (Nordic)\" \/>\n<meta property=\"og:description\" content=\"Tehk\u00e4\u00e4 yhteisty\u00f6t\u00e4 ja p\u00e4ihitt\u00e4k\u00e4\u00e4 Daedalus Muuttuvassa Labyrintti Team Edition -peliss\u00e4. Voitteko vapautua labyrintista ja avata salaisen portaalin?\" \/>\n<meta property=\"og:url\" content=\"https:\/\/spelivinkki.fi\/sv\/produkt\/muuttuva-labyrintti-team-edition\/\" \/>\n<meta property=\"og:site_name\" content=\"Spelivinkki\" \/>\n<meta property=\"article:publisher\" content=\"https:\/\/www.facebook.com\/SpelivinkkiOy\/\" \/>\n<meta property=\"article:modified_time\" content=\"2025-12-11T18:16:12+00:00\" \/>\n<meta property=\"og:image\" content=\"https:\/\/mlw9zexfsyfr.i.optimole.com\/w:auto\/h:auto\/q:mauto\/ig:avif\/https:\/\/spelivinkki.fi\/wp-content\/uploads\/2024\/02\/4005556274390_CAT-scaled.webp\" \/>\n\t<meta property=\"og:image:width\" content=\"2560\" \/>\n\t<meta property=\"og:image:height\" content=\"2025\" \/>\n\t<meta property=\"og:image:type\" content=\"image\/webp\" \/>\n<meta name=\"twitter:card\" content=\"summary_large_image\" \/>\n<meta name=\"twitter:site\" content=\"@SpelivinkkiOy\" \/>\n<meta name=\"twitter:label1\" content=\"Pris\" \/>\n\t<meta name=\"twitter:data1\" content=\"25,00&nbsp;&euro;\" \/>\n\t<meta name=\"twitter:label2\" content=\"Tillg\u00e4nglig\" \/>\n\t<meta name=\"twitter:data2\" content=\"I lager\" \/>\n<script type=\"application\/ld+json\" class=\"yoast-schema-graph\">{\"@context\":\"https:\\\/\\\/schema.org\",\"@graph\":[{\"@type\":\"WebPage\",\"@id\":\"https:\\\/\\\/spelivinkki.fi\\\/tuote\\\/muuttuva-labyrintti-team-edition\\\/\",\"url\":\"https:\\\/\\\/spelivinkki.fi\\\/tuote\\\/muuttuva-labyrintti-team-edition\\\/\",\"name\":\"Muuttuva Labyrintti Team Edition (Nordic) &#8211; Spelivinkki\",\"isPartOf\":{\"@id\":\"https:\\\/\\\/spelivinkki.fi\\\/#website\"},\"primaryImageOfPage\":{\"@id\":\"https:\\\/\\\/spelivinkki.fi\\\/tuote\\\/muuttuva-labyrintti-team-edition\\\/#primaryimage\"},\"image\":{\"@id\":\"https:\\\/\\\/spelivinkki.fi\\\/tuote\\\/muuttuva-labyrintti-team-edition\\\/#primaryimage\"},\"thumbnailUrl\":\"https:\\/\\/spelivinkki.fi\\/wp-content\\/uploads\\/2024\\/02\\/4005556274390_CAT-scaled.webp\",\"datePublished\":\"2024-02-25T13:02:23+00:00\",\"dateModified\":\"2025-12-11T18:16:12+00:00\",\"description\":\"Tehk\u00e4\u00e4 yhteisty\u00f6t\u00e4 ja p\u00e4ihitt\u00e4k\u00e4\u00e4 Daedalus Muuttuvassa Labyrintti Team Edition -peliss\u00e4. Voitteko vapautua labyrintista ja avata salaisen portaalin?\",\"breadcrumb\":{\"@id\":\"https:\\\/\\\/spelivinkki.fi\\\/tuote\\\/muuttuva-labyrintti-team-edition\\\/#breadcrumb\"},\"inLanguage\":\"sv-SE\",\"potentialAction\":[{\"@type\":\"ReadAction\",\"target\":[\"https:\\\/\\\/spelivinkki.fi\\\/tuote\\\/muuttuva-labyrintti-team-edition\\\/\"]}]},{\"@type\":\"ImageObject\",\"inLanguage\":\"sv-SE\",\"@id\":\"https:\\\/\\\/spelivinkki.fi\\\/tuote\\\/muuttuva-labyrintti-team-edition\\\/#primaryimage\",\"url\":\"https:\\/\\/spelivinkki.fi\\/wp-content\\/uploads\\/2024\\/02\\/4005556274390_CAT-scaled.webp\",\"contentUrl\":\"https:\\/\\/spelivinkki.fi\\/wp-content\\/uploads\\/2024\\/02\\/4005556274390_CAT-scaled.webp\",\"width\":2560,\"height\":2025,\"caption\":\"4005556274390 CAT scaled\"},{\"@type\":\"BreadcrumbList\",\"@id\":\"https:\\\/\\\/spelivinkki.fi\\\/tuote\\\/muuttuva-labyrintti-team-edition\\\/#breadcrumb\",\"itemListElement\":[{\"@type\":\"ListItem\",\"position\":1,\"name\":\"Etusivu\",\"item\":\"https:\\\/\\\/spelivinkki.fi\\\/\"},{\"@type\":\"ListItem\",\"position\":2,\"name\":\"Tuotteet\",\"item\":\"https:\\\/\\\/spelivinkki.fi\\\/tuotteet\\\/\"},{\"@type\":\"ListItem\",\"position\":3,\"name\":\"Muuttuva Labyrintti Team Edition (Nordic)\"}]},{\"@type\":\"WebSite\",\"@id\":\"https:\\\/\\\/spelivinkki.fi\\\/#website\",\"url\":\"https:\\\/\\\/spelivinkki.fi\\\/\",\"name\":\"Spelivinkki\",\"description\":\"Paraisten Lautapelikauppa\",\"publisher\":{\"@id\":\"https:\\\/\\\/spelivinkki.fi\\\/#organization\"},\"alternateName\":\"Spelivinkki Oy\",\"potentialAction\":[{\"@type\":\"SearchAction\",\"target\":{\"@type\":\"EntryPoint\",\"urlTemplate\":\"https:\\\/\\\/spelivinkki.fi\\\/?s={search_term_string}\"},\"query-input\":{\"@type\":\"PropertyValueSpecification\",\"valueRequired\":true,\"valueName\":\"search_term_string\"}}],\"inLanguage\":\"sv-SE\"},{\"@type\":\"Organization\",\"@id\":\"https:\\\/\\\/spelivinkki.fi\\\/#organization\",\"name\":\"Spelivinkki Oy\",\"alternateName\":\"Spelivinkki\",\"url\":\"https:\\\/\\\/spelivinkki.fi\\\/\",\"logo\":{\"@type\":\"ImageObject\",\"inLanguage\":\"sv-SE\",\"@id\":\"https:\\\/\\\/spelivinkki.fi\\\/#\\\/schema\\\/logo\\\/image\\\/\",\"url\":\"https:\\/\\/spelivinkki.fi\\/wp-content\\/uploads\\/2024\\/02\\/Logo.svg\",\"contentUrl\":\"https:\\/\\/spelivinkki.fi\\/wp-content\\/uploads\\/2024\\/02\\/Logo.svg\",\"width\":2176,\"height\":2323,\"caption\":\"Spelivinkki Oy\"},\"image\":{\"@id\":\"https:\\\/\\\/spelivinkki.fi\\\/#\\\/schema\\\/logo\\\/image\\\/\"},\"sameAs\":[\"https:\\\/\\\/www.facebook.com\\\/SpelivinkkiOy\\\/\",\"https:\\\/\\\/x.com\\\/SpelivinkkiOy\",\"https:\\\/\\\/www.instagram.com\\\/spelivinkkioy\\\/\"],\"description\":\"Spelivinkki Oy is a company operating both a brick-and-mortar store in Finland as well as a webshop online. We sell board games, roleplaying games, miniature wargames, logic puzzles, jigsaw puzzles and other things related to the boardgame hobby.\",\"email\":\"myynti@spelivinkki.fi\",\"telephone\":\"+358406486605\",\"legalName\":\"Spelivinkki Oy\",\"foundingDate\":\"2023-09-17\",\"vatID\":\"FI33904524\",\"numberOfEmployees\":{\"@type\":\"QuantitativeValue\",\"minValue\":\"1\",\"maxValue\":\"10\"},\"hasMerchantReturnPolicy\":{\"@type\":\"MerchantReturnPolicy\",\"merchantReturnLink\":\"https:\\\/\\\/spelivinkki.fi\\\/sv\\\/spelivinkin-vaihto-ja-palautusoikeus\\\/\"}}]}<\/script>\n<meta property=\"product:brand\" content=\"Ravensburger\" \/>\n<meta property=\"product:price:amount\" content=\"25.00\" \/>\n<meta property=\"product:price:currency\" content=\"EUR\" \/>\n<meta property=\"og:availability\" content=\"instock\" \/>\n<meta property=\"product:availability\" content=\"instock\" \/>\n<meta property=\"product:retailer_item_id\" content=\"Muuttuva Labyrintti Team Edition FSC Mix\" \/>\n<meta property=\"product:condition\" content=\"new\" \/>\n<!-- \/ Yoast SEO Premium plugin. -->","yoast_head_json":{"title":"Muuttuva Labyrintti Team Edition (Nordic) &#8211; Spelivinkki","description":"Tehk\u00e4\u00e4 yhteisty\u00f6t\u00e4 ja p\u00e4ihitt\u00e4k\u00e4\u00e4 Daedalus Muuttuvassa Labyrintti Team Edition -peliss\u00e4. Voitteko vapautua labyrintista ja avata salaisen portaalin?","robots":{"index":"index","follow":"follow","max-snippet":"max-snippet:-1","max-image-preview":"max-image-preview:large","max-video-preview":"max-video-preview:-1"},"canonical":"https:\/\/spelivinkki.fi\/sv\/produkt\/muuttuva-labyrintti-team-edition\/","og_locale":"sv_SE","og_type":"article","og_title":"Muuttuva Labyrintti Team Edition (Nordic)","og_description":"Tehk\u00e4\u00e4 yhteisty\u00f6t\u00e4 ja p\u00e4ihitt\u00e4k\u00e4\u00e4 Daedalus Muuttuvassa Labyrintti Team Edition -peliss\u00e4. Voitteko vapautua labyrintista ja avata salaisen portaalin?","og_url":"https:\/\/spelivinkki.fi\/sv\/produkt\/muuttuva-labyrintti-team-edition\/","og_site_name":"Spelivinkki","article_publisher":"https:\/\/www.facebook.com\/SpelivinkkiOy\/","article_modified_time":"2025-12-11T18:16:12+00:00","og_image":[{"width":2560,"height":2025,"url":"https:\/\/mlw9zexfsyfr.i.optimole.com\/w:auto\/h:auto\/q:mauto\/ig:avif\/https:\/\/spelivinkki.fi\/wp-content\/uploads\/2024\/02\/4005556274390_CAT-scaled.webp","type":"image\/webp"}],"twitter_card":"summary_large_image","twitter_site":"@SpelivinkkiOy","twitter_misc":{"Pris":"25,00&nbsp;&euro;","Tillg\u00e4nglig":"I lager"},"schema":{"@context":"https:\/\/schema.org","@graph":[{"@type":"WebPage","@id":"https:\/\/spelivinkki.fi\/tuote\/muuttuva-labyrintti-team-edition\/","url":"https:\/\/spelivinkki.fi\/tuote\/muuttuva-labyrintti-team-edition\/","name":"Muuttuva Labyrintti Team Edition (Nordic) &#8211; Spelivinkki","isPartOf":{"@id":"https:\/\/spelivinkki.fi\/#website"},"primaryImageOfPage":{"@id":"https:\/\/spelivinkki.fi\/tuote\/muuttuva-labyrintti-team-edition\/#primaryimage"},"image":{"@id":"https:\/\/spelivinkki.fi\/tuote\/muuttuva-labyrintti-team-edition\/#primaryimage"},"thumbnailUrl":"https:\/\/mlw9zexfsyfr.i.optimole.com\/w:auto\/h:auto\/q:mauto\/ig:avif\/https:\/\/spelivinkki.fi\/wp-content\/uploads\/2024\/02\/4005556274390_CAT-scaled.webp","datePublished":"2024-02-25T13:02:23+00:00","dateModified":"2025-12-11T18:16:12+00:00","description":"Tehk\u00e4\u00e4 yhteisty\u00f6t\u00e4 ja p\u00e4ihitt\u00e4k\u00e4\u00e4 Daedalus Muuttuvassa Labyrintti Team Edition -peliss\u00e4. Voitteko vapautua labyrintista ja avata salaisen portaalin?","breadcrumb":{"@id":"https:\/\/spelivinkki.fi\/tuote\/muuttuva-labyrintti-team-edition\/#breadcrumb"},"inLanguage":"sv-SE","potentialAction":[{"@type":"ReadAction","target":["https:\/\/spelivinkki.fi\/tuote\/muuttuva-labyrintti-team-edition\/"]}]},{"@type":"ImageObject","inLanguage":"sv-SE","@id":"https:\/\/spelivinkki.fi\/tuote\/muuttuva-labyrintti-team-edition\/#primaryimage","url":"https:\/\/mlw9zexfsyfr.i.optimole.com\/w:auto\/h:auto\/q:mauto\/ig:avif\/https:\/\/spelivinkki.fi\/wp-content\/uploads\/2024\/02\/4005556274390_CAT-scaled.webp","contentUrl":"https:\/\/mlw9zexfsyfr.i.optimole.com\/w:auto\/h:auto\/q:mauto\/ig:avif\/https:\/\/spelivinkki.fi\/wp-content\/uploads\/2024\/02\/4005556274390_CAT-scaled.webp","width":2560,"height":2025,"caption":"4005556274390 CAT scaled"},{"@type":"BreadcrumbList","@id":"https:\/\/spelivinkki.fi\/tuote\/muuttuva-labyrintti-team-edition\/#breadcrumb","itemListElement":[{"@type":"ListItem","position":1,"name":"Etusivu","item":"https:\/\/spelivinkki.fi\/"},{"@type":"ListItem","position":2,"name":"Tuotteet","item":"https:\/\/spelivinkki.fi\/tuotteet\/"},{"@type":"ListItem","position":3,"name":"Muuttuva Labyrintti Team Edition (Nordic)"}]},{"@type":"WebSite","@id":"https:\/\/spelivinkki.fi\/#website","url":"https:\/\/spelivinkki.fi\/","name":"Spelivinkki","description":"Paraisten Lautapelikauppa","publisher":{"@id":"https:\/\/spelivinkki.fi\/#organization"},"alternateName":"Spelivinkki Oy","potentialAction":[{"@type":"SearchAction","target":{"@type":"EntryPoint","urlTemplate":"https:\/\/spelivinkki.fi\/?s={search_term_string}"},"query-input":{"@type":"PropertyValueSpecification","valueRequired":true,"valueName":"search_term_string"}}],"inLanguage":"sv-SE"},{"@type":"Organization","@id":"https:\/\/spelivinkki.fi\/#organization","name":"Spelivinkki Oy","alternateName":"Spelivinkki","url":"https:\/\/spelivinkki.fi\/","logo":{"@type":"ImageObject","inLanguage":"sv-SE","@id":"https:\/\/spelivinkki.fi\/#\/schema\/logo\/image\/","url":"https:\/\/mlw9zexfsyfr.i.optimole.com\/w:auto\/h:auto\/q:mauto\/ig:avif\/https:\/\/spelivinkki.fi\/wp-content\/uploads\/2024\/02\/Logo.svg","contentUrl":"https:\/\/mlw9zexfsyfr.i.optimole.com\/w:auto\/h:auto\/q:mauto\/ig:avif\/https:\/\/spelivinkki.fi\/wp-content\/uploads\/2024\/02\/Logo.svg","width":2176,"height":2323,"caption":"Spelivinkki Oy"},"image":{"@id":"https:\/\/spelivinkki.fi\/#\/schema\/logo\/image\/"},"sameAs":["https:\/\/www.facebook.com\/SpelivinkkiOy\/","https:\/\/x.com\/SpelivinkkiOy","https:\/\/www.instagram.com\/spelivinkkioy\/"],"description":"Spelivinkki Oy is a company operating both a brick-and-mortar store in Finland as well as a webshop online. We sell board games, roleplaying games, miniature wargames, logic puzzles, jigsaw puzzles and other things related to the boardgame hobby.","email":"myynti@spelivinkki.fi","telephone":"+358406486605","legalName":"Spelivinkki Oy","foundingDate":"2023-09-17","vatID":"FI33904524","numberOfEmployees":{"@type":"QuantitativeValue","minValue":"1","maxValue":"10"},"hasMerchantReturnPolicy":{"@type":"MerchantReturnPolicy","merchantReturnLink":"https:\/\/spelivinkki.fi\/sv\/spelivinkin-vaihto-ja-palautusoikeus\/"}}]},"product_brand":"Ravensburger","product_price_amount":"25.00","product_price_currency":"EUR","og_availability":"instock","product_availability":"instock","product_retailer_item_id":"Muuttuva Labyrintti Team Edition FSC Mix","product_condition":"new"},"_links":{"self":[{"href":"https:\/\/spelivinkki.fi\/sv\/wp-json\/wp\/v2\/product\/5570","targetHints":{"allow":["GET"]}}],"collection":[{"href":"https:\/\/spelivinkki.fi\/sv\/wp-json\/wp\/v2\/product"}],"about":[{"href":"https:\/\/spelivinkki.fi\/sv\/wp-json\/wp\/v2\/types\/product"}],"wp:featuredmedia":[{"embeddable":true,"href":"https:\/\/spelivinkki.fi\/sv\/wp-json\/wp\/v2\/media\/5707"}],"wp:attachment":[{"href":"https:\/\/spelivinkki.fi\/sv\/wp-json\/wp\/v2\/media?parent=5570"}],"wp:term":[{"taxonomy":"product_brand","embeddable":true,"href":"https:\/\/spelivinkki.fi\/sv\/wp-json\/wp\/v2\/product_brand?post=5570"},{"taxonomy":"product_cat","embeddable":true,"href":"https:\/\/spelivinkki.fi\/sv\/wp-json\/wp\/v2\/product_cat?post=5570"},{"taxonomy":"product_tag","embeddable":true,"href":"https:\/\/spelivinkki.fi\/sv\/wp-json\/wp\/v2\/product_tag?post=5570"}],"curies":[{"name":"wp","href":"https:\/\/api.w.org\/{rel}","templated":true}]}}