{"id":5579,"date":"2024-02-25T17:13:15","date_gmt":"2024-02-25T17:13:15","guid":{"rendered":"https:\/\/spelivinkki.fi\/?post_type=product&#038;p=5579"},"modified":"2026-03-23T14:04:18","modified_gmt":"2026-03-23T14:04:18","slug":"splendor-nordic","status":"publish","type":"product","link":"https:\/\/spelivinkki.fi\/sv\/produkt\/splendor-nordic\/","title":{"rendered":"Splendor (Nordic)"},"content":{"rendered":"<p>Splendor \u00e4r ett relativt kvickt och l\u00e4tt resurssamlingsspel d\u00e4r spelarna f\u00f6rest\u00e4ller juvelk\u00f6pm\u00e4n. Din uppgift som handelsman \u00e4r att investera dina juveler s\u00e5 att du f\u00e5r tag p\u00e5 b\u00e4ttre gruvor, transportskepp, osv. Genom att kombinera dina investeringar r\u00e4tt kan du till och med hitta en sponsor bland ren\u00e4ssansens adel!<\/p>\n<p>Under sin tur v\u00e4ljer spelaren att g\u00f6ra en av fyra saker:<\/p>\n<ul>\n<li>A. Plocka \u00e5t sig 3 juveler i olika f\u00e4rger<\/li>\n<li>B. Plocka \u00e5t sig 2 juveler av samma f\u00e4rg<\/li>\n<li>C. Reservera ett kort och ta en joker \u00e4delsten<\/li>\n<li>K\u00f6pa ett investeringskort<\/li>\n<\/ul>\n<p>Investeringarna ger permanenta juveler \u00e5t spelaren, vilket betyder att hen n\u00f6dv\u00e4ndigtvis inte beh\u00f6ver plocka \u00e5t sig lika m\u00e5nga juveler fr\u00e5n marknaden i framtiden. Sj\u00e4lvfallet \u00e4r b\u00e4ttre investeringskort ocks\u00e5 dyrare, s\u00e5 helt on\u00f6digt blir det \u00e4nd\u00e5 aldrig att plocka up resurser. N\u00e5gra av investeringskorten ger vinstpo\u00e4ng som du beh\u00f6ver f\u00f6r att vinna spelet.<\/p>\n<h6><strong>Publisher description in English:<\/strong><\/h6>\n<p><em>In Splendor, you lead a merchant guild. Using tokens representing gemstones, you will acquire developments which produce new gems (bonuses). These bonuses reduce the cost of your purchases and attract noble patrons.<\/em><\/p>\n<p>Each turn is quick: one, and only one, action!<\/p>\n<p>The first player to reach fifteen prestige points by accumulating nobles and development cards triggers the end of the game.<\/p>","protected":false},"excerpt":{"rendered":"<ul>\n<li><strong>Spelarm\u00e4ngd: <\/strong>2-4 (<strong>B\u00e4sta m\u00e4ngden:<\/strong> 3)<\/li>\n<li><strong>Varaktighet: <\/strong>Noin 30 min<\/li>\n<li><strong>\u00c5ldersrekommendation: <\/strong>10+<\/li>\n<li><strong>Spr\u00e5k: <\/strong>Finska, svenska, norska, danska<\/li>\n<li><strong>Genre: <\/strong>Samling, Resursplockande<\/li>\n<li><strong>Tema: <\/strong>Ren\u00e4ssansen, Handel, \u00c4delstenar<\/li>\n<li><strong>Passande Sleevy Kortskydd (ing\u00e5r ej!): <\/strong>90 st Standard storlek<\/li>\n<li><strong>Utveckling: <\/strong>Marc Andr\u00e9<\/li>\n<li><strong>Utgivare: <\/strong>Space Cowboys<\/li>\n<\/ul>","protected":false},"featured_media":5699,"template":"","meta":{"site-sidebar-layout":"default","site-content-layout":"","ast-site-content-layout":"default","site-content-style":"default","site-sidebar-style":"default","ast-global-header-display":"","ast-banner-title-visibility":"","ast-main-header-display":"","ast-hfb-above-header-display":"","ast-hfb-below-header-display":"","ast-hfb-mobile-header-display":"","site-post-title":"","ast-breadcrumbs-content":"","ast-featured-img":"","footer-sml-layout":"","ast-disable-related-posts":"","theme-transparent-header-meta":"default","adv-header-id-meta":"","stick-header-meta":"","header-above-stick-meta":"","header-main-stick-meta":"","header-below-stick-meta":"","astra-migrate-meta-layouts":"set","ast-page-background-enabled":"default","ast-page-background-meta":{"desktop":{"background-color":"","background-image":"","background-repeat":"repeat","background-position":"center center","background-size":"auto","background-attachment":"scroll","background-type":"","background-media":"","overlay-type":"","overlay-color":"","overlay-opacity":"","overlay-gradient":""},"tablet":{"background-color":"","background-image":"","background-repeat":"repeat","background-position":"center center","background-size":"auto","background-attachment":"scroll","background-type":"","background-media":"","overlay-type":"","overlay-color":"","overlay-opacity":"","overlay-gradient":""},"mobile":{"background-color":"","background-image":"","background-repeat":"repeat","background-position":"center center","background-size":"auto","background-attachment":"scroll","background-type":"","background-media":"","overlay-type":"","overlay-color":"","overlay-opacity":"","overlay-gradient":""}},"ast-content-background-meta":{"desktop":{"background-color":"var(--ast-global-color-5)","background-image":"","background-repeat":"repeat","background-position":"center center","background-size":"auto","background-attachment":"scroll","background-type":"","background-media":"","overlay-type":"","overlay-color":"","overlay-opacity":"","overlay-gradient":""},"tablet":{"background-color":"var(--ast-global-color-5)","background-image":"","background-repeat":"repeat","background-position":"center center","background-size":"auto","background-attachment":"scroll","background-type":"","background-media":"","overlay-type":"","overlay-color":"","overlay-opacity":"","overlay-gradient":""},"mobile":{"background-color":"var(--ast-global-color-5)","background-image":"","background-repeat":"repeat","background-position":"center center","background-size":"auto","background-attachment":"scroll","background-type":"","background-media":"","overlay-type":"","overlay-color":"","overlay-opacity":"","overlay-gradient":""}}},"product_brand":[1055,1056,1099],"product_cat":[16,278,45],"product_tag":[1058,1100,1047,1050,1048],"class_list":{"0":"post-5579","1":"product","2":"type-product","3":"status-publish","4":"has-post-thumbnail","6":"product_brand-asmodee","7":"product_brand-asmodee-nordics","8":"product_brand-space-cowboys","9":"product_cat-kaikki","10":"product_cat-settikeraily","11":"product_cat-strategiapelit","12":"product_tag-europeli","13":"product_tag-marc-andre","14":"product_tag-peruspeli","15":"product_tag-ruotsinkieliset-pelit","16":"product_tag-suomenkieliset-pelit","17":"product_shipping_class-standard2","18":"desktop-align-center","19":"tablet-align-center","20":"mobile-align-center","22":"first","23":"instock","24":"taxable","25":"shipping-taxable","26":"purchasable","27":"product-type-simple"},"yoast_head":"<!-- This site is optimized with the Yoast SEO Premium plugin v27.5 (Yoast SEO v27.5) - https:\/\/yoast.com\/product\/yoast-seo-premium-wordpress\/ -->\n<title>Splendor (Nordic) &#8211; Spelivinkki<\/title>\n<meta name=\"description\" content=\"Nauti renesanssin hohtavasta maailmasta pelaamalla Splendor Lautapeli\u00e4. Ker\u00e4\u00e4 jalokivi\u00e4 ja osta sijoituskortteja voittaaksesi pelin. Tutustu nyt!\" \/>\n<meta name=\"robots\" content=\"index, follow, max-snippet:-1, max-image-preview:large, max-video-preview:-1\" \/>\n<link rel=\"canonical\" href=\"https:\/\/spelivinkki.fi\/sv\/produkt\/splendor-nordic\/\" \/>\n<meta property=\"og:locale\" content=\"sv_SE\" \/>\n<meta property=\"og:type\" content=\"article\" \/>\n<meta property=\"og:title\" content=\"Splendor (Nordic)\" \/>\n<meta property=\"og:description\" content=\"Nauti renesanssin hohtavasta maailmasta pelaamalla Splendor Lautapeli\u00e4. Ker\u00e4\u00e4 jalokivi\u00e4 ja osta sijoituskortteja voittaaksesi pelin. Tutustu nyt!\" \/>\n<meta property=\"og:url\" content=\"https:\/\/spelivinkki.fi\/sv\/produkt\/splendor-nordic\/\" \/>\n<meta property=\"og:site_name\" content=\"Spelivinkki\" \/>\n<meta property=\"article:publisher\" content=\"https:\/\/www.facebook.com\/SpelivinkkiOy\/\" \/>\n<meta property=\"article:modified_time\" content=\"2026-03-23T14:04:18+00:00\" \/>\n<meta property=\"og:image\" content=\"https:\/\/mlw9zexfsyfr.i.optimole.com\/w:auto\/h:auto\/q:mauto\/ig:avif\/https:\/\/spelivinkki.fi\/wp-content\/uploads\/2024\/02\/Box-Splendor_3D.webp\" \/>\n\t<meta property=\"og:image:width\" content=\"1481\" \/>\n\t<meta property=\"og:image:height\" content=\"2230\" \/>\n\t<meta property=\"og:image:type\" content=\"image\/webp\" \/>\n<meta name=\"twitter:card\" content=\"summary_large_image\" \/>\n<meta name=\"twitter:site\" content=\"@SpelivinkkiOy\" \/>\n<meta name=\"twitter:label1\" content=\"Pris\" \/>\n\t<meta name=\"twitter:data1\" content=\"30,00&nbsp;&euro;\" \/>\n\t<meta name=\"twitter:label2\" content=\"Tillg\u00e4nglig\" \/>\n\t<meta name=\"twitter:data2\" content=\"I lager\" \/>\n<script type=\"application\/ld+json\" class=\"yoast-schema-graph\">{\"@context\":\"https:\\\/\\\/schema.org\",\"@graph\":[{\"@type\":\"WebPage\",\"@id\":\"https:\\\/\\\/spelivinkki.fi\\\/tuote\\\/splendor-nordic\\\/\",\"url\":\"https:\\\/\\\/spelivinkki.fi\\\/tuote\\\/splendor-nordic\\\/\",\"name\":\"Splendor (Nordic) &#8211; Spelivinkki\",\"isPartOf\":{\"@id\":\"https:\\\/\\\/spelivinkki.fi\\\/#website\"},\"primaryImageOfPage\":{\"@id\":\"https:\\\/\\\/spelivinkki.fi\\\/tuote\\\/splendor-nordic\\\/#primaryimage\"},\"image\":{\"@id\":\"https:\\\/\\\/spelivinkki.fi\\\/tuote\\\/splendor-nordic\\\/#primaryimage\"},\"thumbnailUrl\":\"https:\\/\\/spelivinkki.fi\\/wp-content\\/uploads\\/2024\\/02\\/Box-Splendor_3D.webp\",\"datePublished\":\"2024-02-25T17:13:15+00:00\",\"dateModified\":\"2026-03-23T14:04:18+00:00\",\"description\":\"Nauti renesanssin hohtavasta maailmasta pelaamalla Splendor Lautapeli\u00e4. Ker\u00e4\u00e4 jalokivi\u00e4 ja osta sijoituskortteja voittaaksesi pelin. Tutustu nyt!\",\"breadcrumb\":{\"@id\":\"https:\\\/\\\/spelivinkki.fi\\\/tuote\\\/splendor-nordic\\\/#breadcrumb\"},\"inLanguage\":\"sv-SE\",\"potentialAction\":[{\"@type\":\"ReadAction\",\"target\":[\"https:\\\/\\\/spelivinkki.fi\\\/tuote\\\/splendor-nordic\\\/\"]}]},{\"@type\":\"ImageObject\",\"inLanguage\":\"sv-SE\",\"@id\":\"https:\\\/\\\/spelivinkki.fi\\\/tuote\\\/splendor-nordic\\\/#primaryimage\",\"url\":\"https:\\/\\/spelivinkki.fi\\/wp-content\\/uploads\\/2024\\/02\\/Box-Splendor_3D.webp\",\"contentUrl\":\"https:\\/\\/spelivinkki.fi\\/wp-content\\/uploads\\/2024\\/02\\/Box-Splendor_3D.webp\",\"width\":1481,\"height\":2230,\"caption\":\"Box Splendor 3D\"},{\"@type\":\"BreadcrumbList\",\"@id\":\"https:\\\/\\\/spelivinkki.fi\\\/tuote\\\/splendor-nordic\\\/#breadcrumb\",\"itemListElement\":[{\"@type\":\"ListItem\",\"position\":1,\"name\":\"Etusivu\",\"item\":\"https:\\\/\\\/spelivinkki.fi\\\/\"},{\"@type\":\"ListItem\",\"position\":2,\"name\":\"Tuotteet\",\"item\":\"https:\\\/\\\/spelivinkki.fi\\\/tuotteet\\\/\"},{\"@type\":\"ListItem\",\"position\":3,\"name\":\"Splendor (Nordic)\"}]},{\"@type\":\"WebSite\",\"@id\":\"https:\\\/\\\/spelivinkki.fi\\\/#website\",\"url\":\"https:\\\/\\\/spelivinkki.fi\\\/\",\"name\":\"Spelivinkki\",\"description\":\"Paraisten Lautapelikauppa\",\"publisher\":{\"@id\":\"https:\\\/\\\/spelivinkki.fi\\\/#organization\"},\"alternateName\":\"Spelivinkki Oy\",\"potentialAction\":[{\"@type\":\"SearchAction\",\"target\":{\"@type\":\"EntryPoint\",\"urlTemplate\":\"https:\\\/\\\/spelivinkki.fi\\\/?s={search_term_string}\"},\"query-input\":{\"@type\":\"PropertyValueSpecification\",\"valueRequired\":true,\"valueName\":\"search_term_string\"}}],\"inLanguage\":\"sv-SE\"},{\"@type\":\"Organization\",\"@id\":\"https:\\\/\\\/spelivinkki.fi\\\/#organization\",\"name\":\"Spelivinkki Oy\",\"alternateName\":\"Spelivinkki\",\"url\":\"https:\\\/\\\/spelivinkki.fi\\\/\",\"logo\":{\"@type\":\"ImageObject\",\"inLanguage\":\"sv-SE\",\"@id\":\"https:\\\/\\\/spelivinkki.fi\\\/#\\\/schema\\\/logo\\\/image\\\/\",\"url\":\"https:\\/\\/spelivinkki.fi\\/wp-content\\/uploads\\/2024\\/02\\/Logo.svg\",\"contentUrl\":\"https:\\/\\/spelivinkki.fi\\/wp-content\\/uploads\\/2024\\/02\\/Logo.svg\",\"width\":2176,\"height\":2323,\"caption\":\"Spelivinkki Oy\"},\"image\":{\"@id\":\"https:\\\/\\\/spelivinkki.fi\\\/#\\\/schema\\\/logo\\\/image\\\/\"},\"sameAs\":[\"https:\\\/\\\/www.facebook.com\\\/SpelivinkkiOy\\\/\",\"https:\\\/\\\/x.com\\\/SpelivinkkiOy\",\"https:\\\/\\\/www.instagram.com\\\/spelivinkkioy\\\/\"],\"description\":\"Spelivinkki Oy is a company operating both a brick-and-mortar store in Finland as well as a webshop online. We sell board games, roleplaying games, miniature wargames, logic puzzles, jigsaw puzzles and other things related to the boardgame hobby.\",\"email\":\"myynti@spelivinkki.fi\",\"telephone\":\"+358406486605\",\"legalName\":\"Spelivinkki Oy\",\"foundingDate\":\"2023-09-17\",\"vatID\":\"FI33904524\",\"numberOfEmployees\":{\"@type\":\"QuantitativeValue\",\"minValue\":\"1\",\"maxValue\":\"10\"},\"hasMerchantReturnPolicy\":{\"@type\":\"MerchantReturnPolicy\",\"merchantReturnLink\":\"https:\\\/\\\/spelivinkki.fi\\\/sv\\\/spelivinkin-vaihto-ja-palautusoikeus\\\/\"}}]}<\/script>\n<meta property=\"product:brand\" content=\"Space Cowboys\" \/>\n<meta property=\"product:price:amount\" content=\"30.00\" \/>\n<meta property=\"product:price:currency\" content=\"EUR\" \/>\n<meta property=\"og:availability\" content=\"instock\" \/>\n<meta property=\"product:availability\" content=\"instock\" \/>\n<meta property=\"product:retailer_item_id\" content=\"Splendor Nordic\" \/>\n<meta property=\"product:condition\" content=\"new\" \/>\n<!-- \/ Yoast SEO Premium plugin. -->","yoast_head_json":{"title":"Splendor (Nordic) &#8211; Spelivinkki","description":"Nauti renesanssin hohtavasta maailmasta pelaamalla Splendor Lautapeli\u00e4. Ker\u00e4\u00e4 jalokivi\u00e4 ja osta sijoituskortteja voittaaksesi pelin. Tutustu nyt!","robots":{"index":"index","follow":"follow","max-snippet":"max-snippet:-1","max-image-preview":"max-image-preview:large","max-video-preview":"max-video-preview:-1"},"canonical":"https:\/\/spelivinkki.fi\/sv\/produkt\/splendor-nordic\/","og_locale":"sv_SE","og_type":"article","og_title":"Splendor (Nordic)","og_description":"Nauti renesanssin hohtavasta maailmasta pelaamalla Splendor Lautapeli\u00e4. Ker\u00e4\u00e4 jalokivi\u00e4 ja osta sijoituskortteja voittaaksesi pelin. Tutustu nyt!","og_url":"https:\/\/spelivinkki.fi\/sv\/produkt\/splendor-nordic\/","og_site_name":"Spelivinkki","article_publisher":"https:\/\/www.facebook.com\/SpelivinkkiOy\/","article_modified_time":"2026-03-23T14:04:18+00:00","og_image":[{"width":1481,"height":2230,"url":"https:\/\/mlw9zexfsyfr.i.optimole.com\/w:auto\/h:auto\/q:mauto\/ig:avif\/https:\/\/spelivinkki.fi\/wp-content\/uploads\/2024\/02\/Box-Splendor_3D.webp","type":"image\/webp"}],"twitter_card":"summary_large_image","twitter_site":"@SpelivinkkiOy","twitter_misc":{"Pris":"30,00&nbsp;&euro;","Tillg\u00e4nglig":"I lager"},"schema":{"@context":"https:\/\/schema.org","@graph":[{"@type":"WebPage","@id":"https:\/\/spelivinkki.fi\/tuote\/splendor-nordic\/","url":"https:\/\/spelivinkki.fi\/tuote\/splendor-nordic\/","name":"Splendor (Nordic) &#8211; Spelivinkki","isPartOf":{"@id":"https:\/\/spelivinkki.fi\/#website"},"primaryImageOfPage":{"@id":"https:\/\/spelivinkki.fi\/tuote\/splendor-nordic\/#primaryimage"},"image":{"@id":"https:\/\/spelivinkki.fi\/tuote\/splendor-nordic\/#primaryimage"},"thumbnailUrl":"https:\/\/mlw9zexfsyfr.i.optimole.com\/w:auto\/h:auto\/q:mauto\/ig:avif\/https:\/\/spelivinkki.fi\/wp-content\/uploads\/2024\/02\/Box-Splendor_3D.webp","datePublished":"2024-02-25T17:13:15+00:00","dateModified":"2026-03-23T14:04:18+00:00","description":"Nauti renesanssin hohtavasta maailmasta pelaamalla Splendor Lautapeli\u00e4. Ker\u00e4\u00e4 jalokivi\u00e4 ja osta sijoituskortteja voittaaksesi pelin. Tutustu nyt!","breadcrumb":{"@id":"https:\/\/spelivinkki.fi\/tuote\/splendor-nordic\/#breadcrumb"},"inLanguage":"sv-SE","potentialAction":[{"@type":"ReadAction","target":["https:\/\/spelivinkki.fi\/tuote\/splendor-nordic\/"]}]},{"@type":"ImageObject","inLanguage":"sv-SE","@id":"https:\/\/spelivinkki.fi\/tuote\/splendor-nordic\/#primaryimage","url":"https:\/\/mlw9zexfsyfr.i.optimole.com\/w:auto\/h:auto\/q:mauto\/ig:avif\/https:\/\/spelivinkki.fi\/wp-content\/uploads\/2024\/02\/Box-Splendor_3D.webp","contentUrl":"https:\/\/mlw9zexfsyfr.i.optimole.com\/w:auto\/h:auto\/q:mauto\/ig:avif\/https:\/\/spelivinkki.fi\/wp-content\/uploads\/2024\/02\/Box-Splendor_3D.webp","width":1481,"height":2230,"caption":"Box Splendor 3D"},{"@type":"BreadcrumbList","@id":"https:\/\/spelivinkki.fi\/tuote\/splendor-nordic\/#breadcrumb","itemListElement":[{"@type":"ListItem","position":1,"name":"Etusivu","item":"https:\/\/spelivinkki.fi\/"},{"@type":"ListItem","position":2,"name":"Tuotteet","item":"https:\/\/spelivinkki.fi\/tuotteet\/"},{"@type":"ListItem","position":3,"name":"Splendor (Nordic)"}]},{"@type":"WebSite","@id":"https:\/\/spelivinkki.fi\/#website","url":"https:\/\/spelivinkki.fi\/","name":"Spelivinkki","description":"Paraisten Lautapelikauppa","publisher":{"@id":"https:\/\/spelivinkki.fi\/#organization"},"alternateName":"Spelivinkki Oy","potentialAction":[{"@type":"SearchAction","target":{"@type":"EntryPoint","urlTemplate":"https:\/\/spelivinkki.fi\/?s={search_term_string}"},"query-input":{"@type":"PropertyValueSpecification","valueRequired":true,"valueName":"search_term_string"}}],"inLanguage":"sv-SE"},{"@type":"Organization","@id":"https:\/\/spelivinkki.fi\/#organization","name":"Spelivinkki Oy","alternateName":"Spelivinkki","url":"https:\/\/spelivinkki.fi\/","logo":{"@type":"ImageObject","inLanguage":"sv-SE","@id":"https:\/\/spelivinkki.fi\/#\/schema\/logo\/image\/","url":"https:\/\/mlw9zexfsyfr.i.optimole.com\/w:auto\/h:auto\/q:mauto\/ig:avif\/https:\/\/spelivinkki.fi\/wp-content\/uploads\/2024\/02\/Logo.svg","contentUrl":"https:\/\/mlw9zexfsyfr.i.optimole.com\/w:auto\/h:auto\/q:mauto\/ig:avif\/https:\/\/spelivinkki.fi\/wp-content\/uploads\/2024\/02\/Logo.svg","width":2176,"height":2323,"caption":"Spelivinkki Oy"},"image":{"@id":"https:\/\/spelivinkki.fi\/#\/schema\/logo\/image\/"},"sameAs":["https:\/\/www.facebook.com\/SpelivinkkiOy\/","https:\/\/x.com\/SpelivinkkiOy","https:\/\/www.instagram.com\/spelivinkkioy\/"],"description":"Spelivinkki Oy is a company operating both a brick-and-mortar store in Finland as well as a webshop online. We sell board games, roleplaying games, miniature wargames, logic puzzles, jigsaw puzzles and other things related to the boardgame hobby.","email":"myynti@spelivinkki.fi","telephone":"+358406486605","legalName":"Spelivinkki Oy","foundingDate":"2023-09-17","vatID":"FI33904524","numberOfEmployees":{"@type":"QuantitativeValue","minValue":"1","maxValue":"10"},"hasMerchantReturnPolicy":{"@type":"MerchantReturnPolicy","merchantReturnLink":"https:\/\/spelivinkki.fi\/sv\/spelivinkin-vaihto-ja-palautusoikeus\/"}}]},"product_brand":"Space Cowboys","product_price_amount":"30.00","product_price_currency":"EUR","og_availability":"instock","product_availability":"instock","product_retailer_item_id":"Splendor Nordic","product_condition":"new"},"_links":{"self":[{"href":"https:\/\/spelivinkki.fi\/sv\/wp-json\/wp\/v2\/product\/5579","targetHints":{"allow":["GET"]}}],"collection":[{"href":"https:\/\/spelivinkki.fi\/sv\/wp-json\/wp\/v2\/product"}],"about":[{"href":"https:\/\/spelivinkki.fi\/sv\/wp-json\/wp\/v2\/types\/product"}],"wp:featuredmedia":[{"embeddable":true,"href":"https:\/\/spelivinkki.fi\/sv\/wp-json\/wp\/v2\/media\/5699"}],"wp:attachment":[{"href":"https:\/\/spelivinkki.fi\/sv\/wp-json\/wp\/v2\/media?parent=5579"}],"wp:term":[{"taxonomy":"product_brand","embeddable":true,"href":"https:\/\/spelivinkki.fi\/sv\/wp-json\/wp\/v2\/product_brand?post=5579"},{"taxonomy":"product_cat","embeddable":true,"href":"https:\/\/spelivinkki.fi\/sv\/wp-json\/wp\/v2\/product_cat?post=5579"},{"taxonomy":"product_tag","embeddable":true,"href":"https:\/\/spelivinkki.fi\/sv\/wp-json\/wp\/v2\/product_tag?post=5579"}],"curies":[{"name":"wp","href":"https:\/\/api.w.org\/{rel}","templated":true}]}}