{"id":5582,"date":"2024-02-25T17:34:39","date_gmt":"2024-02-25T17:34:39","guid":{"rendered":"https:\/\/spelivinkki.fi\/?post_type=product&#038;p=5582"},"modified":"2025-11-06T17:10:16","modified_gmt":"2025-11-06T17:10:16","slug":"ticket-to-ride-nordic","status":"publish","type":"product","link":"https:\/\/spelivinkki.fi\/sv\/produkt\/ticket-to-ride-nordic\/","title":{"rendered":"Ticket to Ride (Nordic)"},"content":{"rendered":"<p>Ticket to Ride serien har blivit en modern klassiker sedan det f\u00f6rst kom ut. Detta \u00e4r det f\u00f6rsta spelet i serien och kallas ibland Ticket to Ride: USA. Spelets regler \u00e4r n\u00e5golunda l\u00e4tta att l\u00e4ra ut, vilket betyder att serien l\u00e4mpar sig bra som introduktion till nya br\u00e4dspelsentusiaster.<\/p>\n<p>I spelet \u00e4r det meningen att bygga j\u00e4rnv\u00e4gar mellan st\u00e4der s\u00e5 att dina passagerare kommer fram. Under sin tur kan en spelare g\u00f6ra en av tre saker: Dra t\u00e5gbiljetter, lyfta vagnkort eller bygga en j\u00e4rnv\u00e4gsrutt. F\u00f6r att bygga en rutt beh\u00f6vs det en viss m\u00e4ngd vagnkort av r\u00e4tt f\u00e4rg. Spelare f\u00e5r po\u00e4ng p\u00e5 basen av hur l\u00e5nga rutterna de bygger \u00e4r s\u00e5 det l\u00f6nar sig att sikta p\u00e5 l\u00e5nga j\u00e4rnv\u00e4gsrutter. T\u00e5gbiljetter g\u00f6r \u00e4nd\u00e5 att det inte alltid \u00e4r optimalt att fokusera enbart p\u00e5 l\u00e5nga str\u00e4ckor: De ger spelarna st\u00e4der att bygga emellan f\u00f6r att f\u00e5 extra po\u00e4ng. Var dock f\u00f6rsiktig med att plocka biljetter s\u00e5 du inte f\u00e5r f\u00f6r m\u00e5nga i handen... Halvf\u00e4rdiga t\u00e5gbiljetter blir n\u00e4mligen minuspo\u00e4ng i slutet!<\/p>\n<p>Ticket to ride \u00e4r ett s\u00e4llskapsspel som kanske b\u00e4st l\u00e4mpar sig f\u00f6r fyra spelare. F\u00f6r att spelarna inte kan anv\u00e4nda sig av varandras rutter f\u00f6r att f\u00e5 t\u00e5gbiljetter f\u00e4rdiga \u00e4r det m\u00f6jligt att blockera varann. D\u00e4rf\u00f6r kan spelet bli sv\u00e5rare och slumpm\u00e4ssigare med en femte spelare. Bland speciellt t\u00e4vlingslystna m\u00e4nniskor kan blockerandet ju ske med flit ocks\u00e5! Med en l\u00e4gre spelarm\u00e4ngd \u00e4r det l\u00e4ttare att f\u00e5 enskilda t\u00e5gbiljetter f\u00e4rdiga, vilket g\u00f6r att det kan vara smart att ta risker.<\/p>\n<h6><strong>Publisher description in English:<\/strong><\/h6>\n<p><em>Ticket to Ride is a cross-country train adventure in which players collect and play matching train cards to claim railway routes connecting cities throughout North America.<br \/>\nThe longer the routes, the more points they earn.<br \/>\nAdditional points come to those who can fulfill their Destination Tickets by connecting two distant cities, and to the player who builds the longest continuous railway.<\/em><\/p>","protected":false},"excerpt":{"rendered":"<ul>\n<li><strong>Spelarm\u00e4ngd: <\/strong>2-5 (<strong>B\u00e4sta m\u00e4ngden:<\/strong> 4)<\/li>\n<li><strong>Varaktighet: <\/strong>30-60 min<\/li>\n<li><strong>\u00c5ldersrekommendation: <\/strong>8+<\/li>\n<li><strong>Spr\u00e5k: <\/strong>Finska, svenska, norska, danska<\/li>\n<li><strong>Genre: <\/strong>Samling, Handkontroll, Resursplockande, Ruttbyggande<\/li>\n<li><strong>Tema: <\/strong>T\u00e5g, Trafik<\/li>\n<li><strong>Passande Sleevy Kortskydd (ing\u00e5r ej!): <\/strong>144 st S storlek<\/li>\n<li><strong>Utveckling: <\/strong>Alan R. Moon<\/li>\n<li><strong>Utgivare: <\/strong>Days of Wonder<\/li>\n<\/ul>","protected":false},"featured_media":5714,"template":"","meta":{"site-sidebar-layout":"default","site-content-layout":"","ast-site-content-layout":"default","site-content-style":"default","site-sidebar-style":"default","ast-global-header-display":"","ast-banner-title-visibility":"","ast-main-header-display":"","ast-hfb-above-header-display":"","ast-hfb-below-header-display":"","ast-hfb-mobile-header-display":"","site-post-title":"","ast-breadcrumbs-content":"","ast-featured-img":"","footer-sml-layout":"","ast-disable-related-posts":"","theme-transparent-header-meta":"default","adv-header-id-meta":"","stick-header-meta":"","header-above-stick-meta":"","header-main-stick-meta":"","header-below-stick-meta":"","astra-migrate-meta-layouts":"set","ast-page-background-enabled":"default","ast-page-background-meta":{"desktop":{"background-color":"","background-image":"","background-repeat":"repeat","background-position":"center center","background-size":"auto","background-attachment":"scroll","background-type":"","background-media":"","overlay-type":"","overlay-color":"","overlay-opacity":"","overlay-gradient":""},"tablet":{"background-color":"","background-image":"","background-repeat":"repeat","background-position":"center center","background-size":"auto","background-attachment":"scroll","background-type":"","background-media":"","overlay-type":"","overlay-color":"","overlay-opacity":"","overlay-gradient":""},"mobile":{"background-color":"","background-image":"","background-repeat":"repeat","background-position":"center center","background-size":"auto","background-attachment":"scroll","background-type":"","background-media":"","overlay-type":"","overlay-color":"","overlay-opacity":"","overlay-gradient":""}},"ast-content-background-meta":{"desktop":{"background-color":"var(--ast-global-color-5)","background-image":"","background-repeat":"repeat","background-position":"center center","background-size":"auto","background-attachment":"scroll","background-type":"","background-media":"","overlay-type":"","overlay-color":"","overlay-opacity":"","overlay-gradient":""},"tablet":{"background-color":"var(--ast-global-color-5)","background-image":"","background-repeat":"repeat","background-position":"center center","background-size":"auto","background-attachment":"scroll","background-type":"","background-media":"","overlay-type":"","overlay-color":"","overlay-opacity":"","overlay-gradient":""},"mobile":{"background-color":"var(--ast-global-color-5)","background-image":"","background-repeat":"repeat","background-position":"center center","background-size":"auto","background-attachment":"scroll","background-type":"","background-media":"","overlay-type":"","overlay-color":"","overlay-opacity":"","overlay-gradient":""}}},"product_brand":[1055,1056,1103],"product_cat":[16,278,45],"product_tag":[1104,1058,1105,1047,1050,1048],"class_list":{"0":"post-5582","1":"product","2":"type-product","3":"status-publish","4":"has-post-thumbnail","6":"product_brand-asmodee","7":"product_brand-asmodee-nordics","8":"product_brand-days-of-wonder","9":"product_cat-kaikki","10":"product_cat-settikeraily","11":"product_cat-strategiapelit","12":"product_tag-alan-r-moon","13":"product_tag-europeli","14":"product_tag-menolippu-pelisarja","15":"product_tag-peruspeli","16":"product_tag-ruotsinkieliset-pelit","17":"product_tag-suomenkieliset-pelit","18":"product_shipping_class-standard2","19":"desktop-align-center","20":"tablet-align-center","21":"mobile-align-center","23":"first","24":"instock","25":"taxable","26":"shipping-taxable","27":"purchasable","28":"product-type-simple"},"yoast_head":"<!-- This site is optimized with the Yoast SEO Premium plugin v27.3 (Yoast SEO v27.4) - https:\/\/yoast.com\/product\/yoast-seo-premium-wordpress\/ -->\n<title>Ticket to Ride (Nordic) &#8211; Spelivinkki<\/title>\n<meta name=\"description\" content=\"Matkaa tyylikk\u00e4\u00e4sti pelilaudan \u00e4\u00e4rell\u00e4 Ticket to Ride (Menolippu) Lautapelin parissa! Rakenna reittej\u00e4, ker\u00e4\u00e4 pisteit\u00e4 ja l\u00e4hde matkalle yst\u00e4viesi kanssa.\" \/>\n<meta name=\"robots\" content=\"index, follow, max-snippet:-1, max-image-preview:large, max-video-preview:-1\" \/>\n<link rel=\"canonical\" href=\"https:\/\/spelivinkki.fi\/sv\/produkt\/ticket-to-ride-nordic\/\" \/>\n<meta property=\"og:locale\" content=\"sv_SE\" \/>\n<meta property=\"og:type\" content=\"article\" \/>\n<meta property=\"og:title\" content=\"Ticket to Ride (Nordic)\" \/>\n<meta property=\"og:description\" content=\"Matkaa tyylikk\u00e4\u00e4sti pelilaudan \u00e4\u00e4rell\u00e4 Ticket to Ride (Menolippu) Lautapelin parissa! Rakenna reittej\u00e4, ker\u00e4\u00e4 pisteit\u00e4 ja l\u00e4hde matkalle yst\u00e4viesi kanssa.\" \/>\n<meta property=\"og:url\" content=\"https:\/\/spelivinkki.fi\/sv\/produkt\/ticket-to-ride-nordic\/\" \/>\n<meta property=\"og:site_name\" content=\"Spelivinkki\" \/>\n<meta property=\"article:publisher\" content=\"https:\/\/www.facebook.com\/SpelivinkkiOy\/\" \/>\n<meta property=\"article:modified_time\" content=\"2025-11-06T17:10:16+00:00\" \/>\n<meta property=\"og:image\" content=\"https:\/\/mlw9zexfsyfr.i.optimole.com\/w:auto\/h:auto\/q:mauto\/ig:avif\/https:\/\/spelivinkki.fi\/wp-content\/uploads\/2024\/02\/7291-T2R-elevation-right-DANOSVFI.webp\" \/>\n\t<meta property=\"og:image:width\" content=\"1776\" \/>\n\t<meta property=\"og:image:height\" content=\"1824\" \/>\n\t<meta property=\"og:image:type\" content=\"image\/webp\" \/>\n<meta name=\"twitter:card\" content=\"summary_large_image\" \/>\n<meta name=\"twitter:site\" content=\"@SpelivinkkiOy\" \/>\n<meta name=\"twitter:label1\" content=\"Pris\" \/>\n\t<meta name=\"twitter:data1\" content=\"40,00&nbsp;&euro;\" \/>\n\t<meta name=\"twitter:label2\" content=\"Tillg\u00e4nglig\" \/>\n\t<meta name=\"twitter:data2\" content=\"I lager\" \/>\n<script type=\"application\/ld+json\" class=\"yoast-schema-graph\">{\"@context\":\"https:\\\/\\\/schema.org\",\"@graph\":[{\"@type\":\"WebPage\",\"@id\":\"https:\\\/\\\/spelivinkki.fi\\\/tuote\\\/ticket-to-ride-nordic\\\/\",\"url\":\"https:\\\/\\\/spelivinkki.fi\\\/tuote\\\/ticket-to-ride-nordic\\\/\",\"name\":\"Ticket to Ride (Nordic) &#8211; Spelivinkki\",\"isPartOf\":{\"@id\":\"https:\\\/\\\/spelivinkki.fi\\\/#website\"},\"primaryImageOfPage\":{\"@id\":\"https:\\\/\\\/spelivinkki.fi\\\/tuote\\\/ticket-to-ride-nordic\\\/#primaryimage\"},\"image\":{\"@id\":\"https:\\\/\\\/spelivinkki.fi\\\/tuote\\\/ticket-to-ride-nordic\\\/#primaryimage\"},\"thumbnailUrl\":\"https:\\/\\/spelivinkki.fi\\/wp-content\\/uploads\\/2024\\/02\\/7291-T2R-elevation-right-DANOSVFI.webp\",\"datePublished\":\"2024-02-25T17:34:39+00:00\",\"dateModified\":\"2025-11-06T17:10:16+00:00\",\"description\":\"Matkaa tyylikk\u00e4\u00e4sti pelilaudan \u00e4\u00e4rell\u00e4 Ticket to Ride (Menolippu) Lautapelin parissa! Rakenna reittej\u00e4, ker\u00e4\u00e4 pisteit\u00e4 ja l\u00e4hde matkalle yst\u00e4viesi kanssa.\",\"breadcrumb\":{\"@id\":\"https:\\\/\\\/spelivinkki.fi\\\/tuote\\\/ticket-to-ride-nordic\\\/#breadcrumb\"},\"inLanguage\":\"sv-SE\",\"potentialAction\":[{\"@type\":\"ReadAction\",\"target\":[\"https:\\\/\\\/spelivinkki.fi\\\/tuote\\\/ticket-to-ride-nordic\\\/\"]}]},{\"@type\":\"ImageObject\",\"inLanguage\":\"sv-SE\",\"@id\":\"https:\\\/\\\/spelivinkki.fi\\\/tuote\\\/ticket-to-ride-nordic\\\/#primaryimage\",\"url\":\"https:\\/\\/spelivinkki.fi\\/wp-content\\/uploads\\/2024\\/02\\/7291-T2R-elevation-right-DANOSVFI.webp\",\"contentUrl\":\"https:\\/\\/spelivinkki.fi\\/wp-content\\/uploads\\/2024\\/02\\/7291-T2R-elevation-right-DANOSVFI.webp\",\"width\":1776,\"height\":1824,\"caption\":\"7291 T2R elevation right DANOSVFI\"},{\"@type\":\"BreadcrumbList\",\"@id\":\"https:\\\/\\\/spelivinkki.fi\\\/tuote\\\/ticket-to-ride-nordic\\\/#breadcrumb\",\"itemListElement\":[{\"@type\":\"ListItem\",\"position\":1,\"name\":\"Etusivu\",\"item\":\"https:\\\/\\\/spelivinkki.fi\\\/\"},{\"@type\":\"ListItem\",\"position\":2,\"name\":\"Tuotteet\",\"item\":\"https:\\\/\\\/spelivinkki.fi\\\/tuotteet\\\/\"},{\"@type\":\"ListItem\",\"position\":3,\"name\":\"Ticket to Ride (Nordic)\"}]},{\"@type\":\"WebSite\",\"@id\":\"https:\\\/\\\/spelivinkki.fi\\\/#website\",\"url\":\"https:\\\/\\\/spelivinkki.fi\\\/\",\"name\":\"Spelivinkki\",\"description\":\"Paraisten Lautapelikauppa\",\"publisher\":{\"@id\":\"https:\\\/\\\/spelivinkki.fi\\\/#organization\"},\"alternateName\":\"Spelivinkki Oy\",\"potentialAction\":[{\"@type\":\"SearchAction\",\"target\":{\"@type\":\"EntryPoint\",\"urlTemplate\":\"https:\\\/\\\/spelivinkki.fi\\\/?s={search_term_string}\"},\"query-input\":{\"@type\":\"PropertyValueSpecification\",\"valueRequired\":true,\"valueName\":\"search_term_string\"}}],\"inLanguage\":\"sv-SE\"},{\"@type\":\"Organization\",\"@id\":\"https:\\\/\\\/spelivinkki.fi\\\/#organization\",\"name\":\"Spelivinkki Oy\",\"alternateName\":\"Spelivinkki\",\"url\":\"https:\\\/\\\/spelivinkki.fi\\\/\",\"logo\":{\"@type\":\"ImageObject\",\"inLanguage\":\"sv-SE\",\"@id\":\"https:\\\/\\\/spelivinkki.fi\\\/#\\\/schema\\\/logo\\\/image\\\/\",\"url\":\"https:\\/\\/spelivinkki.fi\\/wp-content\\/uploads\\/2024\\/02\\/Logo.svg\",\"contentUrl\":\"https:\\/\\/spelivinkki.fi\\/wp-content\\/uploads\\/2024\\/02\\/Logo.svg\",\"width\":2176,\"height\":2323,\"caption\":\"Spelivinkki Oy\"},\"image\":{\"@id\":\"https:\\\/\\\/spelivinkki.fi\\\/#\\\/schema\\\/logo\\\/image\\\/\"},\"sameAs\":[\"https:\\\/\\\/www.facebook.com\\\/SpelivinkkiOy\\\/\",\"https:\\\/\\\/x.com\\\/SpelivinkkiOy\",\"https:\\\/\\\/www.instagram.com\\\/spelivinkkioy\\\/\"],\"description\":\"Spelivinkki Oy is a company operating both a brick-and-mortar store in Finland as well as a webshop online. We sell board games, roleplaying games, miniature wargames, logic puzzles, jigsaw puzzles and other things related to the boardgame hobby.\",\"email\":\"myynti@spelivinkki.fi\",\"telephone\":\"+358406486605\",\"legalName\":\"Spelivinkki Oy\",\"foundingDate\":\"2023-09-17\",\"vatID\":\"FI33904524\",\"numberOfEmployees\":{\"@type\":\"QuantitativeValue\",\"minValue\":\"1\",\"maxValue\":\"10\"},\"hasMerchantReturnPolicy\":{\"@type\":\"MerchantReturnPolicy\",\"merchantReturnLink\":\"https:\\\/\\\/spelivinkki.fi\\\/sv\\\/spelivinkin-vaihto-ja-palautusoikeus\\\/\"}}]}<\/script>\n<meta property=\"product:brand\" content=\"Days of Wonder\" \/>\n<meta property=\"product:price:amount\" content=\"40.00\" \/>\n<meta property=\"product:price:currency\" content=\"EUR\" \/>\n<meta property=\"og:availability\" content=\"instock\" \/>\n<meta property=\"product:availability\" content=\"instock\" \/>\n<meta property=\"product:retailer_item_id\" content=\"TTR USA Nordic\" \/>\n<meta property=\"product:condition\" content=\"new\" \/>\n<!-- \/ Yoast SEO Premium plugin. -->","yoast_head_json":{"title":"Ticket to Ride (Nordic) &#8211; Spelivinkki","description":"Matkaa tyylikk\u00e4\u00e4sti pelilaudan \u00e4\u00e4rell\u00e4 Ticket to Ride (Menolippu) Lautapelin parissa! Rakenna reittej\u00e4, ker\u00e4\u00e4 pisteit\u00e4 ja l\u00e4hde matkalle yst\u00e4viesi kanssa.","robots":{"index":"index","follow":"follow","max-snippet":"max-snippet:-1","max-image-preview":"max-image-preview:large","max-video-preview":"max-video-preview:-1"},"canonical":"https:\/\/spelivinkki.fi\/sv\/produkt\/ticket-to-ride-nordic\/","og_locale":"sv_SE","og_type":"article","og_title":"Ticket to Ride (Nordic)","og_description":"Matkaa tyylikk\u00e4\u00e4sti pelilaudan \u00e4\u00e4rell\u00e4 Ticket to Ride (Menolippu) Lautapelin parissa! Rakenna reittej\u00e4, ker\u00e4\u00e4 pisteit\u00e4 ja l\u00e4hde matkalle yst\u00e4viesi kanssa.","og_url":"https:\/\/spelivinkki.fi\/sv\/produkt\/ticket-to-ride-nordic\/","og_site_name":"Spelivinkki","article_publisher":"https:\/\/www.facebook.com\/SpelivinkkiOy\/","article_modified_time":"2025-11-06T17:10:16+00:00","og_image":[{"width":1776,"height":1824,"url":"https:\/\/mlw9zexfsyfr.i.optimole.com\/w:auto\/h:auto\/q:mauto\/ig:avif\/https:\/\/spelivinkki.fi\/wp-content\/uploads\/2024\/02\/7291-T2R-elevation-right-DANOSVFI.webp","type":"image\/webp"}],"twitter_card":"summary_large_image","twitter_site":"@SpelivinkkiOy","twitter_misc":{"Pris":"40,00&nbsp;&euro;","Tillg\u00e4nglig":"I lager"},"schema":{"@context":"https:\/\/schema.org","@graph":[{"@type":"WebPage","@id":"https:\/\/spelivinkki.fi\/tuote\/ticket-to-ride-nordic\/","url":"https:\/\/spelivinkki.fi\/tuote\/ticket-to-ride-nordic\/","name":"Ticket to Ride (Nordic) &#8211; Spelivinkki","isPartOf":{"@id":"https:\/\/spelivinkki.fi\/#website"},"primaryImageOfPage":{"@id":"https:\/\/spelivinkki.fi\/tuote\/ticket-to-ride-nordic\/#primaryimage"},"image":{"@id":"https:\/\/spelivinkki.fi\/tuote\/ticket-to-ride-nordic\/#primaryimage"},"thumbnailUrl":"https:\/\/mlw9zexfsyfr.i.optimole.com\/w:auto\/h:auto\/q:mauto\/ig:avif\/https:\/\/spelivinkki.fi\/wp-content\/uploads\/2024\/02\/7291-T2R-elevation-right-DANOSVFI.webp","datePublished":"2024-02-25T17:34:39+00:00","dateModified":"2025-11-06T17:10:16+00:00","description":"Matkaa tyylikk\u00e4\u00e4sti pelilaudan \u00e4\u00e4rell\u00e4 Ticket to Ride (Menolippu) Lautapelin parissa! Rakenna reittej\u00e4, ker\u00e4\u00e4 pisteit\u00e4 ja l\u00e4hde matkalle yst\u00e4viesi kanssa.","breadcrumb":{"@id":"https:\/\/spelivinkki.fi\/tuote\/ticket-to-ride-nordic\/#breadcrumb"},"inLanguage":"sv-SE","potentialAction":[{"@type":"ReadAction","target":["https:\/\/spelivinkki.fi\/tuote\/ticket-to-ride-nordic\/"]}]},{"@type":"ImageObject","inLanguage":"sv-SE","@id":"https:\/\/spelivinkki.fi\/tuote\/ticket-to-ride-nordic\/#primaryimage","url":"https:\/\/mlw9zexfsyfr.i.optimole.com\/w:auto\/h:auto\/q:mauto\/ig:avif\/https:\/\/spelivinkki.fi\/wp-content\/uploads\/2024\/02\/7291-T2R-elevation-right-DANOSVFI.webp","contentUrl":"https:\/\/mlw9zexfsyfr.i.optimole.com\/w:auto\/h:auto\/q:mauto\/ig:avif\/https:\/\/spelivinkki.fi\/wp-content\/uploads\/2024\/02\/7291-T2R-elevation-right-DANOSVFI.webp","width":1776,"height":1824,"caption":"7291 T2R elevation right DANOSVFI"},{"@type":"BreadcrumbList","@id":"https:\/\/spelivinkki.fi\/tuote\/ticket-to-ride-nordic\/#breadcrumb","itemListElement":[{"@type":"ListItem","position":1,"name":"Etusivu","item":"https:\/\/spelivinkki.fi\/"},{"@type":"ListItem","position":2,"name":"Tuotteet","item":"https:\/\/spelivinkki.fi\/tuotteet\/"},{"@type":"ListItem","position":3,"name":"Ticket to Ride (Nordic)"}]},{"@type":"WebSite","@id":"https:\/\/spelivinkki.fi\/#website","url":"https:\/\/spelivinkki.fi\/","name":"Spelivinkki","description":"Paraisten Lautapelikauppa","publisher":{"@id":"https:\/\/spelivinkki.fi\/#organization"},"alternateName":"Spelivinkki Oy","potentialAction":[{"@type":"SearchAction","target":{"@type":"EntryPoint","urlTemplate":"https:\/\/spelivinkki.fi\/?s={search_term_string}"},"query-input":{"@type":"PropertyValueSpecification","valueRequired":true,"valueName":"search_term_string"}}],"inLanguage":"sv-SE"},{"@type":"Organization","@id":"https:\/\/spelivinkki.fi\/#organization","name":"Spelivinkki Oy","alternateName":"Spelivinkki","url":"https:\/\/spelivinkki.fi\/","logo":{"@type":"ImageObject","inLanguage":"sv-SE","@id":"https:\/\/spelivinkki.fi\/#\/schema\/logo\/image\/","url":"https:\/\/mlw9zexfsyfr.i.optimole.com\/w:auto\/h:auto\/q:mauto\/ig:avif\/https:\/\/spelivinkki.fi\/wp-content\/uploads\/2024\/02\/Logo.svg","contentUrl":"https:\/\/mlw9zexfsyfr.i.optimole.com\/w:auto\/h:auto\/q:mauto\/ig:avif\/https:\/\/spelivinkki.fi\/wp-content\/uploads\/2024\/02\/Logo.svg","width":2176,"height":2323,"caption":"Spelivinkki Oy"},"image":{"@id":"https:\/\/spelivinkki.fi\/#\/schema\/logo\/image\/"},"sameAs":["https:\/\/www.facebook.com\/SpelivinkkiOy\/","https:\/\/x.com\/SpelivinkkiOy","https:\/\/www.instagram.com\/spelivinkkioy\/"],"description":"Spelivinkki Oy is a company operating both a brick-and-mortar store in Finland as well as a webshop online. We sell board games, roleplaying games, miniature wargames, logic puzzles, jigsaw puzzles and other things related to the boardgame hobby.","email":"myynti@spelivinkki.fi","telephone":"+358406486605","legalName":"Spelivinkki Oy","foundingDate":"2023-09-17","vatID":"FI33904524","numberOfEmployees":{"@type":"QuantitativeValue","minValue":"1","maxValue":"10"},"hasMerchantReturnPolicy":{"@type":"MerchantReturnPolicy","merchantReturnLink":"https:\/\/spelivinkki.fi\/sv\/spelivinkin-vaihto-ja-palautusoikeus\/"}}]},"product_brand":"Days of Wonder","product_price_amount":"40.00","product_price_currency":"EUR","og_availability":"instock","product_availability":"instock","product_retailer_item_id":"TTR USA Nordic","product_condition":"new"},"_links":{"self":[{"href":"https:\/\/spelivinkki.fi\/sv\/wp-json\/wp\/v2\/product\/5582","targetHints":{"allow":["GET"]}}],"collection":[{"href":"https:\/\/spelivinkki.fi\/sv\/wp-json\/wp\/v2\/product"}],"about":[{"href":"https:\/\/spelivinkki.fi\/sv\/wp-json\/wp\/v2\/types\/product"}],"wp:featuredmedia":[{"embeddable":true,"href":"https:\/\/spelivinkki.fi\/sv\/wp-json\/wp\/v2\/media\/5714"}],"wp:attachment":[{"href":"https:\/\/spelivinkki.fi\/sv\/wp-json\/wp\/v2\/media?parent=5582"}],"wp:term":[{"taxonomy":"product_brand","embeddable":true,"href":"https:\/\/spelivinkki.fi\/sv\/wp-json\/wp\/v2\/product_brand?post=5582"},{"taxonomy":"product_cat","embeddable":true,"href":"https:\/\/spelivinkki.fi\/sv\/wp-json\/wp\/v2\/product_cat?post=5582"},{"taxonomy":"product_tag","embeddable":true,"href":"https:\/\/spelivinkki.fi\/sv\/wp-json\/wp\/v2\/product_tag?post=5582"}],"curies":[{"name":"wp","href":"https:\/\/api.w.org\/{rel}","templated":true}]}}