{"id":5780,"date":"2024-03-04T13:50:18","date_gmt":"2024-03-04T13:50:18","guid":{"rendered":"https:\/\/spelivinkki.fi\/?post_type=product&#038;p=5780"},"modified":"2025-12-25T03:21:09","modified_gmt":"2025-12-25T03:21:09","slug":"alhambra","status":"publish","type":"product","link":"https:\/\/spelivinkki.fi\/sv\/produkt\/alhambra\/","title":{"rendered":"Alhambra (Nordic)"},"content":{"rendered":"<p>Alhambra \u00e4r ett spel d\u00e4r spelarna t\u00e4vlar om att bygga den finaste medeltida staden genom att k\u00f6pa byggnader fr\u00e5n torget med olika valutor. Byggnaderna kommer i olika f\u00e4rger och ger po\u00e4ng till dem som har mest byggnader av var f\u00e4rg vid po\u00e4ngr\u00e4kningstillf\u00e4llet. Dessutom f\u00e5s po\u00e4ng f\u00f6r hur l\u00e5ng stadsmuren \u00e4r byggd.<\/p>\n<p>P\u00e5 sin tur kan var och en spelare g\u00f6ra <strong>en<\/strong> av tre saker: <strong>1<\/strong>. Plocka pengar, <strong>2.<\/strong> K\u00f6pa en byggnad, <strong>3.<\/strong> Plocka en byggnad fr\u00e5n det egna f\u00f6rr\u00e5det till sin spelplan och vice versa eller byta en byggnadsbricka fr\u00e5n f\u00f6rr\u00e5det mot en p\u00e5 spelplanen.<\/p>\n<p>De olika pengavalutorna \u00e4r orange, bl\u00e5a, gr\u00f6na och gula pengar. F\u00f6rutom att de \u00e4r olika f\u00e4rg har de ocks\u00e5 olika v\u00e4rde. En spelare kan vanligtvis plocka \u00e5t sig en peng per tur. Undantagsvis f\u00e5r hen dock plocka tv\u00e5 pengar ifall deras sammanlagda v\u00e4rde h\u00f6gst \u00e4r fem. P\u00e5 torget finns alltid en byggnad till salu per pengaf\u00e4rg.<\/p>\n<p>N\u00e4r en spelare k\u00f6per en byggnad betalar hen priset som st\u00e5r p\u00e5 byggnadsbrickan i en viss valuta enligt byggnadens plats p\u00e5 torget. Vid betalning av j\u00e4mna pengar f\u00e5r spelaren i fr\u00e5ga en extra tur. Den tomma platsen p\u00e5 torget fylls i slutet av turen.<\/p>\n<p>Det tredje alternativet, allts\u00e5 lagring och byte av byggnadsbrickor, ger spelarna chansen att fixa fel de gjort eller spara v\u00e4rdefulla byggnader som tillf\u00e4lligt inte r\u00e5kar passa in i staden till senare turer. Byggnaderna har n\u00e4mligen vissa krav g\u00e4llande hur de passar ihop med varann. Om det till exempel finns en del av muren p\u00e5 en byggnadsbricka m\u00e5ste denna passa ihop med resten av brickorna p\u00e5 spelplanen.<\/p>\n<p>En van Alhambra spelare planerar sitt stadsbygge s\u00e5 att hen har s\u00e5 m\u00e5nga olika s\u00e4tt som m\u00f6jligt att forts\u00e4tta bygga p\u00e5 sin stad. Hen kan ocks\u00e5 f\u00f6lja med vilka byggnader medspelarna vill ha och hur mycket pengar de har av olika valutor. P\u00e5 s\u00e5 vis kan hen gissa vilka byggnadsbrickor hon kan l\u00e4mna kvar p\u00e5 torget inf\u00f6r fortsatta turer ifall det finns fler \u00f6nskv\u00e4rda brickor.<\/p>\n<h6><strong>Ugivarens beskrivning:<\/strong><\/h6>\n<p><em>Alhambra \u00e4r i sin grund ett spel d\u00e4r man l\u00e4gger plattor f\u00f6r att bygga medeltida arabiska Alhambras palats. Den mest framg\u00e5ngsrika byggaren vinner naturligtvis. Framg\u00e5ngen m\u00e4ts med po\u00e4ng som man f\u00e5r genom att bygga majoriteter av olika byggnadstyper. I Alhambra kombineras plattl\u00e4ggning, majoritetssamling och en finurlig k\u00f6pmekanism.<\/em><\/p>\n<p><em>Man samlar allts\u00e5 plattor, varav man ska bygga en helhet, vilket f\u00f6r det mesta \u00e4r l\u00e4tt. Plattorna har \u00e4nd\u00e5 murar som m\u00e5ste passa ihop. Detta begr\u00e4nsar byggandet lite. Dessutom f\u00e5r man extra po\u00e4ng genom att bygga en l\u00e5ng yttermur \u00e5t sitt palats.<\/em><\/p>\n<p><em>I spelet anv\u00e4nds hela fyra olika valutor. Pengar f\u00e5r man genom att samla: man f\u00e5r lyfta antingen en eller flera sedlar, om deras sammanlagda v\u00e4rde \u00e4r tillr\u00e4ckligt liten. Att lyfta pengar f\u00f6rb\u00e4ttrar chanserna f\u00f6r din framg\u00e5ng, men f\u00e5r spelet att framskrida, eftersom pengah\u00f6gen g\u00f6mmer po\u00e4nggivande kort. Genom att lyfta pengar f\u00e5r du inte po\u00e4ng, och saboterar p\u00e5 s\u00e5 s\u00e4tt dig sj\u00e4lv.<\/em><\/p>\n<p><em>Med pengarna k\u00f6per du plattor: i varje spelstund finns fyra plattor tillg\u00e4ngliga, en f\u00f6r varje valuta. I Alhambra k\u00e4nner man inte till v\u00e4xelpengar. Om du betalar f\u00f6r mycket, f\u00e5r du inte pengar tillbaka. D\u00e4rf\u00f6r l\u00f6nar det sig att lyfta \u00e4ven sm\u00e5pengar! Om du betalar med j\u00e4mna pengar f\u00e5r du ett stort bonus: en extra tur. Om du k\u00f6per en till g\u00e5ng med j\u00e4mna pengar, f\u00e5r du \u00e4nnu en extra tur - p\u00e5 ett varv kan du t\u00f6mma bordet, om du r\u00e5kar ha passligt med pengar.<\/em><\/p>\n<p><em>Spelet kr\u00e4ver allts\u00e5 fink\u00e4nslig taktikering. Ju fler spelare \u00e4r med i spelet, desto mer framh\u00e4vs taktikeringen d\u00e5 kaoset \u00f6kar. Spelet fungerar allts\u00e5 b\u00e4st med 2-4 spelare. Med fem och sex spelare fungerar spelet fortfarande men det blir l\u00e5ng v\u00e4ntetid mellan turerna och kaoset kan vara f\u00f6r mycket f\u00f6r en del. Med f\u00e4rre spelare framh\u00e4vs strategierna - det finns nog att fundera p\u00e5 i spelet.\nAlhambra \u00e4r inte ett s\u00e4rskiljt sv\u00e5rt spel och passar utm\u00e4rkt \u00e4ven f\u00f6r dem som h\u00e5llit p\u00e5 mindre med spel. Man v\u00e5gar erbjuda spelet f\u00f6r m\u00e5ngen publik. Spelet vann Spiel des Jahres \u00e5r 2003, och av goda sk\u00e4l.<\/em><\/p>\n<h6><strong>Publisher description in English:<\/strong><\/h6>\n<p><em>Granada, 1278. At the foot of the Sierra Nevada mountains, one of the most exciting and interesting project of the Spanish Middle Ages begins: the construction of the ALHAMBRA.<\/em><\/p>\n<p><em>The best master builders in the whole of Europe and Arabia want to demonstrate their skill. Employ the most suitable teams of builders and make sure that you always have enough of the right currency. Because no matter whether they are stonemasons from the north or horticulturalists from the south, they all want a proper wage and insist on their &#8221;native&#8221; currency. With their help towers can be constructed, gardens laid out, pavilions and arcades erected and seraglios and chambers built.<\/em><\/p>\n<p><em>In Alhambra, players are acquiring buildings to be placed within their Alhambra complex.<\/em><\/p>\n<p><em>The money in Alhambra comes in four different currencies and is available in the open money market. The 54 buildings of six types become available for purchase in the building market four at a time; one building is available in each of the four different currencies. On a player&#8217;s turn, a player may 1) take money from the open money market, 2) purchase a building from the building market and either place it in his Alhambra or reserve, or 3) engage in construction and re-construction projects with buildings that have been placed in the player&#8217;s Alhambra or reserve. The game rewards efficiency, as when a player purchases a building from the market for the exact amount of money, the player may take another turn.<\/em><\/p>\n<p><em>Players with the most buildings in each of the six building types in his Alhambra score in each of the scoring phases, and points are awarded for players&#8217; longest external &#8221;wall&#8221; section within their complex. The game ends when the building market can no longer be replenished from the building tile supply, and there is a final scoring, whereupon the player with the highest score wins.<\/em><\/p>","protected":false},"excerpt":{"rendered":"<ul>\n<li><strong>Spelarm\u00e4ngd:\u00a0<\/strong>2-6 (<strong>B\u00e4sta m\u00e4ngden:<\/strong> 3)<\/li>\n<li><strong>Varaktighet:\u00a0<\/strong>45-60 min<\/li>\n<li><strong>\u00c5ldersrekommendation:\u00a0<\/strong>8+<\/li>\n<li><strong>Spr\u00e5k:\u00a0<\/strong>Finska, svenska, engelska, norska, danska<\/li>\n<li><strong>Genre:\u00a0<\/strong>Handkontroll, minne, samling, placering av brickor, resursplockande<\/li>\n<li><strong>Tema:\u00a0<\/strong>Medeltid, Spanien, Stadsbyggande<\/li>\n<li><strong>Passande Sleevy Kortskydd (ing\u00e5r ej!): <\/strong>110 st L Storlek<\/li>\n<li><strong>Utveckling:<\/strong> Dirk Henn<\/li>\n<li><strong>Utgivare:<\/strong> Queen Games \/ Lautapelit.fi<\/li>\n<\/ul>","protected":false},"featured_media":5786,"template":"","meta":{"site-sidebar-layout":"default","site-content-layout":"","ast-site-content-layout":"default","site-content-style":"default","site-sidebar-style":"default","ast-global-header-display":"","ast-banner-title-visibility":"","ast-main-header-display":"","ast-hfb-above-header-display":"","ast-hfb-below-header-display":"","ast-hfb-mobile-header-display":"","site-post-title":"","ast-breadcrumbs-content":"","ast-featured-img":"","footer-sml-layout":"","ast-disable-related-posts":"","theme-transparent-header-meta":"default","adv-header-id-meta":"","stick-header-meta":"","header-above-stick-meta":"","header-main-stick-meta":"","header-below-stick-meta":"","astra-migrate-meta-layouts":"set","ast-page-background-enabled":"default","ast-page-background-meta":{"desktop":{"background-color":"","background-image":"","background-repeat":"repeat","background-position":"center center","background-size":"auto","background-attachment":"scroll","background-type":"","background-media":"","overlay-type":"","overlay-color":"","overlay-opacity":"","overlay-gradient":""},"tablet":{"background-color":"","background-image":"","background-repeat":"repeat","background-position":"center center","background-size":"auto","background-attachment":"scroll","background-type":"","background-media":"","overlay-type":"","overlay-color":"","overlay-opacity":"","overlay-gradient":""},"mobile":{"background-color":"","background-image":"","background-repeat":"repeat","background-position":"center center","background-size":"auto","background-attachment":"scroll","background-type":"","background-media":"","overlay-type":"","overlay-color":"","overlay-opacity":"","overlay-gradient":""}},"ast-content-background-meta":{"desktop":{"background-color":"var(--ast-global-color-5)","background-image":"","background-repeat":"repeat","background-position":"center center","background-size":"auto","background-attachment":"scroll","background-type":"","background-media":"","overlay-type":"","overlay-color":"","overlay-opacity":"","overlay-gradient":""},"tablet":{"background-color":"var(--ast-global-color-5)","background-image":"","background-repeat":"repeat","background-position":"center center","background-size":"auto","background-attachment":"scroll","background-type":"","background-media":"","overlay-type":"","overlay-color":"","overlay-opacity":"","overlay-gradient":""},"mobile":{"background-color":"var(--ast-global-color-5)","background-image":"","background-repeat":"repeat","background-position":"center center","background-size":"auto","background-attachment":"scroll","background-type":"","background-media":"","overlay-type":"","overlay-color":"","overlay-opacity":"","overlay-gradient":""}}},"product_brand":[1107,1106],"product_cat":[16,283,278,45],"product_tag":[1108,1049,1058,1047,1050,1048],"class_list":{"0":"post-5780","1":"product","2":"type-product","3":"status-publish","4":"has-post-thumbnail","6":"product_brand-lautapelit-fi","7":"product_brand-queen-games","8":"product_cat-kaikki","9":"product_cat-laattojen-asettelu","10":"product_cat-settikeraily","11":"product_cat-strategiapelit","12":"product_tag-dirk-henn","13":"product_tag-englanninkieliset-pelit","14":"product_tag-europeli","15":"product_tag-peruspeli","16":"product_tag-ruotsinkieliset-pelit","17":"product_tag-suomenkieliset-pelit","18":"product_shipping_class-standard2","19":"desktop-align-center","20":"tablet-align-center","21":"mobile-align-center","23":"first","24":"instock","25":"taxable","26":"shipping-taxable","27":"purchasable","28":"product-type-simple"},"yoast_head":"<!-- This site is optimized with the Yoast SEO Premium plugin v27.3 (Yoast SEO v27.4) - https:\/\/yoast.com\/product\/yoast-seo-premium-wordpress\/ -->\n<title>Alhambra (Nordic) &#8211; Spelivinkki<\/title>\n<meta name=\"description\" content=\"Hanki Alhambra lautapeli ja sukella huolella suunnitellun pelin maailmaan. Rakenna omaa kaupunkiasi, ker\u00e4\u00e4 pisteit\u00e4 ja voita! \ud83c\udff0\" \/>\n<meta name=\"robots\" content=\"index, follow, max-snippet:-1, max-image-preview:large, max-video-preview:-1\" \/>\n<link rel=\"canonical\" href=\"https:\/\/spelivinkki.fi\/sv\/produkt\/alhambra\/\" \/>\n<meta property=\"og:locale\" content=\"sv_SE\" \/>\n<meta property=\"og:type\" content=\"article\" \/>\n<meta property=\"og:title\" content=\"Alhambra (Nordic)\" \/>\n<meta property=\"og:description\" content=\"Hanki Alhambra lautapeli ja sukella huolella suunnitellun pelin maailmaan. Rakenna omaa kaupunkiasi, ker\u00e4\u00e4 pisteit\u00e4 ja voita! \ud83c\udff0\" \/>\n<meta property=\"og:url\" content=\"https:\/\/spelivinkki.fi\/sv\/produkt\/alhambra\/\" \/>\n<meta property=\"og:site_name\" content=\"Spelivinkki\" \/>\n<meta property=\"article:publisher\" content=\"https:\/\/www.facebook.com\/SpelivinkkiOy\/\" \/>\n<meta property=\"article:modified_time\" content=\"2025-12-25T03:21:09+00:00\" \/>\n<meta property=\"og:image\" content=\"https:\/\/mlw9zexfsyfr.i.optimole.com\/w:auto\/h:auto\/q:mauto\/ig:avif\/https:\/\/spelivinkki.fi\/wp-content\/uploads\/2024\/03\/AlhambraTuotekuva.webp\" \/>\n\t<meta property=\"og:image:width\" content=\"817\" \/>\n\t<meta property=\"og:image:height\" content=\"817\" \/>\n\t<meta property=\"og:image:type\" content=\"image\/webp\" \/>\n<meta name=\"twitter:card\" content=\"summary_large_image\" \/>\n<meta name=\"twitter:site\" content=\"@SpelivinkkiOy\" \/>\n<meta name=\"twitter:label1\" content=\"Pris\" \/>\n\t<meta name=\"twitter:data1\" content=\"35,00&nbsp;&euro;\" \/>\n\t<meta name=\"twitter:label2\" content=\"Tillg\u00e4nglig\" \/>\n\t<meta name=\"twitter:data2\" content=\"I lager\" \/>\n<script type=\"application\/ld+json\" class=\"yoast-schema-graph\">{\"@context\":\"https:\\\/\\\/schema.org\",\"@graph\":[{\"@type\":\"WebPage\",\"@id\":\"https:\\\/\\\/spelivinkki.fi\\\/tuote\\\/alhambra\\\/\",\"url\":\"https:\\\/\\\/spelivinkki.fi\\\/tuote\\\/alhambra\\\/\",\"name\":\"Alhambra (Nordic) &#8211; Spelivinkki\",\"isPartOf\":{\"@id\":\"https:\\\/\\\/spelivinkki.fi\\\/#website\"},\"primaryImageOfPage\":{\"@id\":\"https:\\\/\\\/spelivinkki.fi\\\/tuote\\\/alhambra\\\/#primaryimage\"},\"image\":{\"@id\":\"https:\\\/\\\/spelivinkki.fi\\\/tuote\\\/alhambra\\\/#primaryimage\"},\"thumbnailUrl\":\"https:\\/\\/spelivinkki.fi\\/wp-content\\/uploads\\/2024\\/03\\/AlhambraTuotekuva.webp\",\"datePublished\":\"2024-03-04T13:50:18+00:00\",\"dateModified\":\"2025-12-25T03:21:09+00:00\",\"description\":\"Hanki Alhambra lautapeli ja sukella huolella suunnitellun pelin maailmaan. Rakenna omaa kaupunkiasi, ker\u00e4\u00e4 pisteit\u00e4 ja voita! \ud83c\udff0\",\"breadcrumb\":{\"@id\":\"https:\\\/\\\/spelivinkki.fi\\\/tuote\\\/alhambra\\\/#breadcrumb\"},\"inLanguage\":\"sv-SE\",\"potentialAction\":[{\"@type\":\"ReadAction\",\"target\":[\"https:\\\/\\\/spelivinkki.fi\\\/tuote\\\/alhambra\\\/\"]}]},{\"@type\":\"ImageObject\",\"inLanguage\":\"sv-SE\",\"@id\":\"https:\\\/\\\/spelivinkki.fi\\\/tuote\\\/alhambra\\\/#primaryimage\",\"url\":\"https:\\/\\/spelivinkki.fi\\/wp-content\\/uploads\\/2024\\/03\\/AlhambraTuotekuva.webp\",\"contentUrl\":\"https:\\/\\/spelivinkki.fi\\/wp-content\\/uploads\\/2024\\/03\\/AlhambraTuotekuva.webp\",\"width\":817,\"height\":817,\"caption\":\"AlhambraTuotekuva\"},{\"@type\":\"BreadcrumbList\",\"@id\":\"https:\\\/\\\/spelivinkki.fi\\\/tuote\\\/alhambra\\\/#breadcrumb\",\"itemListElement\":[{\"@type\":\"ListItem\",\"position\":1,\"name\":\"Etusivu\",\"item\":\"https:\\\/\\\/spelivinkki.fi\\\/\"},{\"@type\":\"ListItem\",\"position\":2,\"name\":\"Tuotteet\",\"item\":\"https:\\\/\\\/spelivinkki.fi\\\/tuotteet\\\/\"},{\"@type\":\"ListItem\",\"position\":3,\"name\":\"Alhambra (Nordic)\"}]},{\"@type\":\"WebSite\",\"@id\":\"https:\\\/\\\/spelivinkki.fi\\\/#website\",\"url\":\"https:\\\/\\\/spelivinkki.fi\\\/\",\"name\":\"Spelivinkki\",\"description\":\"Paraisten Lautapelikauppa\",\"publisher\":{\"@id\":\"https:\\\/\\\/spelivinkki.fi\\\/#organization\"},\"alternateName\":\"Spelivinkki Oy\",\"potentialAction\":[{\"@type\":\"SearchAction\",\"target\":{\"@type\":\"EntryPoint\",\"urlTemplate\":\"https:\\\/\\\/spelivinkki.fi\\\/?s={search_term_string}\"},\"query-input\":{\"@type\":\"PropertyValueSpecification\",\"valueRequired\":true,\"valueName\":\"search_term_string\"}}],\"inLanguage\":\"sv-SE\"},{\"@type\":\"Organization\",\"@id\":\"https:\\\/\\\/spelivinkki.fi\\\/#organization\",\"name\":\"Spelivinkki Oy\",\"alternateName\":\"Spelivinkki\",\"url\":\"https:\\\/\\\/spelivinkki.fi\\\/\",\"logo\":{\"@type\":\"ImageObject\",\"inLanguage\":\"sv-SE\",\"@id\":\"https:\\\/\\\/spelivinkki.fi\\\/#\\\/schema\\\/logo\\\/image\\\/\",\"url\":\"https:\\/\\/spelivinkki.fi\\/wp-content\\/uploads\\/2024\\/02\\/Logo.svg\",\"contentUrl\":\"https:\\/\\/spelivinkki.fi\\/wp-content\\/uploads\\/2024\\/02\\/Logo.svg\",\"width\":2176,\"height\":2323,\"caption\":\"Spelivinkki Oy\"},\"image\":{\"@id\":\"https:\\\/\\\/spelivinkki.fi\\\/#\\\/schema\\\/logo\\\/image\\\/\"},\"sameAs\":[\"https:\\\/\\\/www.facebook.com\\\/SpelivinkkiOy\\\/\",\"https:\\\/\\\/x.com\\\/SpelivinkkiOy\",\"https:\\\/\\\/www.instagram.com\\\/spelivinkkioy\\\/\"],\"description\":\"Spelivinkki Oy is a company operating both a brick-and-mortar store in Finland as well as a webshop online. We sell board games, roleplaying games, miniature wargames, logic puzzles, jigsaw puzzles and other things related to the boardgame hobby.\",\"email\":\"myynti@spelivinkki.fi\",\"telephone\":\"+358406486605\",\"legalName\":\"Spelivinkki Oy\",\"foundingDate\":\"2023-09-17\",\"vatID\":\"FI33904524\",\"numberOfEmployees\":{\"@type\":\"QuantitativeValue\",\"minValue\":\"1\",\"maxValue\":\"10\"},\"hasMerchantReturnPolicy\":{\"@type\":\"MerchantReturnPolicy\",\"merchantReturnLink\":\"https:\\\/\\\/spelivinkki.fi\\\/sv\\\/spelivinkin-vaihto-ja-palautusoikeus\\\/\"}}]}<\/script>\n<meta property=\"product:brand\" content=\"Queen Games\" \/>\n<meta property=\"product:price:amount\" content=\"35.00\" \/>\n<meta property=\"product:price:currency\" content=\"EUR\" \/>\n<meta property=\"og:availability\" content=\"instock\" \/>\n<meta property=\"product:availability\" content=\"instock\" \/>\n<meta property=\"product:retailer_item_id\" content=\"Alhambra Revised 15th Anniversary\" \/>\n<meta property=\"product:condition\" content=\"new\" \/>\n<!-- \/ Yoast SEO Premium plugin. -->","yoast_head_json":{"title":"Alhambra (Nordic) &#8211; Spelivinkki","description":"Hanki Alhambra lautapeli ja sukella huolella suunnitellun pelin maailmaan. Rakenna omaa kaupunkiasi, ker\u00e4\u00e4 pisteit\u00e4 ja voita! \ud83c\udff0","robots":{"index":"index","follow":"follow","max-snippet":"max-snippet:-1","max-image-preview":"max-image-preview:large","max-video-preview":"max-video-preview:-1"},"canonical":"https:\/\/spelivinkki.fi\/sv\/produkt\/alhambra\/","og_locale":"sv_SE","og_type":"article","og_title":"Alhambra (Nordic)","og_description":"Hanki Alhambra lautapeli ja sukella huolella suunnitellun pelin maailmaan. Rakenna omaa kaupunkiasi, ker\u00e4\u00e4 pisteit\u00e4 ja voita! \ud83c\udff0","og_url":"https:\/\/spelivinkki.fi\/sv\/produkt\/alhambra\/","og_site_name":"Spelivinkki","article_publisher":"https:\/\/www.facebook.com\/SpelivinkkiOy\/","article_modified_time":"2025-12-25T03:21:09+00:00","og_image":[{"width":817,"height":817,"url":"https:\/\/mlw9zexfsyfr.i.optimole.com\/w:auto\/h:auto\/q:mauto\/ig:avif\/https:\/\/spelivinkki.fi\/wp-content\/uploads\/2024\/03\/AlhambraTuotekuva.webp","type":"image\/webp"}],"twitter_card":"summary_large_image","twitter_site":"@SpelivinkkiOy","twitter_misc":{"Pris":"35,00&nbsp;&euro;","Tillg\u00e4nglig":"I lager"},"schema":{"@context":"https:\/\/schema.org","@graph":[{"@type":"WebPage","@id":"https:\/\/spelivinkki.fi\/tuote\/alhambra\/","url":"https:\/\/spelivinkki.fi\/tuote\/alhambra\/","name":"Alhambra (Nordic) &#8211; Spelivinkki","isPartOf":{"@id":"https:\/\/spelivinkki.fi\/#website"},"primaryImageOfPage":{"@id":"https:\/\/spelivinkki.fi\/tuote\/alhambra\/#primaryimage"},"image":{"@id":"https:\/\/spelivinkki.fi\/tuote\/alhambra\/#primaryimage"},"thumbnailUrl":"https:\/\/mlw9zexfsyfr.i.optimole.com\/w:auto\/h:auto\/q:mauto\/ig:avif\/https:\/\/spelivinkki.fi\/wp-content\/uploads\/2024\/03\/AlhambraTuotekuva.webp","datePublished":"2024-03-04T13:50:18+00:00","dateModified":"2025-12-25T03:21:09+00:00","description":"Hanki Alhambra lautapeli ja sukella huolella suunnitellun pelin maailmaan. Rakenna omaa kaupunkiasi, ker\u00e4\u00e4 pisteit\u00e4 ja voita! \ud83c\udff0","breadcrumb":{"@id":"https:\/\/spelivinkki.fi\/tuote\/alhambra\/#breadcrumb"},"inLanguage":"sv-SE","potentialAction":[{"@type":"ReadAction","target":["https:\/\/spelivinkki.fi\/tuote\/alhambra\/"]}]},{"@type":"ImageObject","inLanguage":"sv-SE","@id":"https:\/\/spelivinkki.fi\/tuote\/alhambra\/#primaryimage","url":"https:\/\/mlw9zexfsyfr.i.optimole.com\/w:auto\/h:auto\/q:mauto\/ig:avif\/https:\/\/spelivinkki.fi\/wp-content\/uploads\/2024\/03\/AlhambraTuotekuva.webp","contentUrl":"https:\/\/mlw9zexfsyfr.i.optimole.com\/w:auto\/h:auto\/q:mauto\/ig:avif\/https:\/\/spelivinkki.fi\/wp-content\/uploads\/2024\/03\/AlhambraTuotekuva.webp","width":817,"height":817,"caption":"AlhambraTuotekuva"},{"@type":"BreadcrumbList","@id":"https:\/\/spelivinkki.fi\/tuote\/alhambra\/#breadcrumb","itemListElement":[{"@type":"ListItem","position":1,"name":"Etusivu","item":"https:\/\/spelivinkki.fi\/"},{"@type":"ListItem","position":2,"name":"Tuotteet","item":"https:\/\/spelivinkki.fi\/tuotteet\/"},{"@type":"ListItem","position":3,"name":"Alhambra (Nordic)"}]},{"@type":"WebSite","@id":"https:\/\/spelivinkki.fi\/#website","url":"https:\/\/spelivinkki.fi\/","name":"Spelivinkki","description":"Paraisten Lautapelikauppa","publisher":{"@id":"https:\/\/spelivinkki.fi\/#organization"},"alternateName":"Spelivinkki Oy","potentialAction":[{"@type":"SearchAction","target":{"@type":"EntryPoint","urlTemplate":"https:\/\/spelivinkki.fi\/?s={search_term_string}"},"query-input":{"@type":"PropertyValueSpecification","valueRequired":true,"valueName":"search_term_string"}}],"inLanguage":"sv-SE"},{"@type":"Organization","@id":"https:\/\/spelivinkki.fi\/#organization","name":"Spelivinkki Oy","alternateName":"Spelivinkki","url":"https:\/\/spelivinkki.fi\/","logo":{"@type":"ImageObject","inLanguage":"sv-SE","@id":"https:\/\/spelivinkki.fi\/#\/schema\/logo\/image\/","url":"https:\/\/mlw9zexfsyfr.i.optimole.com\/w:auto\/h:auto\/q:mauto\/ig:avif\/https:\/\/spelivinkki.fi\/wp-content\/uploads\/2024\/02\/Logo.svg","contentUrl":"https:\/\/mlw9zexfsyfr.i.optimole.com\/w:auto\/h:auto\/q:mauto\/ig:avif\/https:\/\/spelivinkki.fi\/wp-content\/uploads\/2024\/02\/Logo.svg","width":2176,"height":2323,"caption":"Spelivinkki Oy"},"image":{"@id":"https:\/\/spelivinkki.fi\/#\/schema\/logo\/image\/"},"sameAs":["https:\/\/www.facebook.com\/SpelivinkkiOy\/","https:\/\/x.com\/SpelivinkkiOy","https:\/\/www.instagram.com\/spelivinkkioy\/"],"description":"Spelivinkki Oy is a company operating both a brick-and-mortar store in Finland as well as a webshop online. We sell board games, roleplaying games, miniature wargames, logic puzzles, jigsaw puzzles and other things related to the boardgame hobby.","email":"myynti@spelivinkki.fi","telephone":"+358406486605","legalName":"Spelivinkki Oy","foundingDate":"2023-09-17","vatID":"FI33904524","numberOfEmployees":{"@type":"QuantitativeValue","minValue":"1","maxValue":"10"},"hasMerchantReturnPolicy":{"@type":"MerchantReturnPolicy","merchantReturnLink":"https:\/\/spelivinkki.fi\/sv\/spelivinkin-vaihto-ja-palautusoikeus\/"}}]},"product_brand":"Queen Games","product_price_amount":"35.00","product_price_currency":"EUR","og_availability":"instock","product_availability":"instock","product_retailer_item_id":"Alhambra Revised 15th Anniversary","product_condition":"new"},"_links":{"self":[{"href":"https:\/\/spelivinkki.fi\/sv\/wp-json\/wp\/v2\/product\/5780","targetHints":{"allow":["GET"]}}],"collection":[{"href":"https:\/\/spelivinkki.fi\/sv\/wp-json\/wp\/v2\/product"}],"about":[{"href":"https:\/\/spelivinkki.fi\/sv\/wp-json\/wp\/v2\/types\/product"}],"wp:featuredmedia":[{"embeddable":true,"href":"https:\/\/spelivinkki.fi\/sv\/wp-json\/wp\/v2\/media\/5786"}],"wp:attachment":[{"href":"https:\/\/spelivinkki.fi\/sv\/wp-json\/wp\/v2\/media?parent=5780"}],"wp:term":[{"taxonomy":"product_brand","embeddable":true,"href":"https:\/\/spelivinkki.fi\/sv\/wp-json\/wp\/v2\/product_brand?post=5780"},{"taxonomy":"product_cat","embeddable":true,"href":"https:\/\/spelivinkki.fi\/sv\/wp-json\/wp\/v2\/product_cat?post=5780"},{"taxonomy":"product_tag","embeddable":true,"href":"https:\/\/spelivinkki.fi\/sv\/wp-json\/wp\/v2\/product_tag?post=5780"}],"curies":[{"name":"wp","href":"https:\/\/api.w.org\/{rel}","templated":true}]}}