{"id":5783,"date":"2024-03-04T14:34:12","date_gmt":"2024-03-04T14:34:12","guid":{"rendered":"https:\/\/spelivinkki.fi\/?post_type=product&#038;p=5783"},"modified":"2026-02-26T15:02:56","modified_gmt":"2026-02-26T15:02:56","slug":"agricola-fi","status":"publish","type":"product","link":"https:\/\/spelivinkki.fi\/sv\/produkt\/agricola-fi\/","title":{"rendered":"Agricola (FI)"},"content":{"rendered":"<p>Agricola \u00e4r Uwe Rosenbergs klassiker i arbetarplaceringsgenren. Spelet g\u00e5r ut p\u00e5 att sk\u00f6ta om varsin 1600-tals bondg\u00e5rd. Till en b\u00f6rjan bor det bara tv\u00e5 personer i ditt hush\u00e5ll och det \u00e4r din uppgift att f\u00e5 dem att utbilda sig, skaffa mat, sk\u00f6ta om djur och till och med f\u00f6r\u00f6ka sig. Om det g\u00e5r bra f\u00f6r din g\u00e5rd f\u00e5r du po\u00e4ng i slutet av spelet p\u00e5 basen av hur mycket mat du har, hur m\u00e5nga djur det finns p\u00e5 g\u00e5rden och hur m\u00e5nga m\u00e4nniskor bor i ditt hus, samt hur pr\u00e4ktigt huset \u00e4r.<\/p>\n<p>Aj jo! Din familj kommer inte speciellt bra \u00f6verens med de andra spelarnas familjer, vilket betyder att de inte kan arbeta p\u00e5 samma omr\u00e5de samtidigt. P\u00e5 grund av detta \u00e4r det n\u00e4stan om\u00f6jligt att f\u00e5 fulla po\u00e4ng i alla kategorier och du blir tvungen att t\u00e4nka p\u00e5 vad du satsar p\u00e5 och n\u00e4r. Eftersom du f\u00e5r minuspo\u00e4ng f\u00f6r d\u00e5lig prestanda i slutet kan du \u00e4nd\u00e5 inte totalt ignorera n\u00e5gon aspekt av spelet.<\/p>\n<h6><strong>Ugivarens beskrivning:<\/strong><\/h6>\n<p><em>Agricolassa pelaajat p\u00e4\u00e4sev\u00e4t kokemaan, miten rankkaa maanviljelij\u00e4n el\u00e4m\u00e4 oli 1600-luvulla. Pelin alussa pelaajilla on tyhj\u00e4 piha, kahden huoneen puum\u00f6kki ja kaksi perheenj\u00e4sent\u00e4 tekem\u00e4ss\u00e4 t\u00f6it\u00e4. Pelin lopussa, toivottavasti, on iso perhe suuressa kivitalossa, piha t\u00e4ynn\u00e4 el\u00e4inten laitumia ja viljavia peltoja. Pahimmassa tapauksessa n\u00e4lkiintynyt perhe asuu yh\u00e4 siin\u00e4 puur\u00f6tisk\u00f6ss\u00e4 ja kerj\u00e4\u00e4 el\u00e4\u00e4kseen&#8230;<br \/>\n<\/em><\/p>\n<p><em>&#8221;Papupeli&#8221; Bohnanzasta tutun Uwe Rosenbergin toinen viljelypeli on massiivinen l\u00e4j\u00e4 puukomponentteja ja kortteja. Pelin 120 korttia varmistavat, ett\u00e4 vaihtelua riitt\u00e4\u00e4. Mukana on my\u00f6s yksinkertaisempi, mutta silti varsin erinomainen perhepelimoodi, jossa kortteja ei k\u00e4ytet\u00e4 ollenkaan. T\u00e4ll\u00f6in peli sopii my\u00f6s nuoremmille pelaajille. Agricola on my\u00f6s oivallinen yksinpeli.<br \/>\n<\/em><\/p>\n<p><em>Resurssienhallintapelien yst\u00e4ville t\u00e4m\u00e4 loppuvuoden 2007 kohutuin ja kehutuin lautapeli on erinomainen valinta. Agricola sopii itse asiassa varsin monenlaisille pelaajille: pelist\u00e4 nauttivat optimointipelien yst\u00e4v\u00e4t, toisaalta Agricolassa on vahva teema ja hyv\u00e4\u00e4 rakentamisen tuntua.<\/em><\/p>\n<p><em>Vain suoraa pelaajien v\u00e4list\u00e4 kamppailua kaipaaville peli\u00e4 ei tarjoa ihan kaikkea, Agricolassa kilpailu toisten pelaajien kanssa on ep\u00e4suoraa ja pelaajat keskittyv\u00e4t p\u00e4\u00e4asiassa oman maatilansa rakenteluun; kilpaillen toki samoilla raaka-ainemarkkinoilla. T\u00e4m\u00e4 peli vetoaa my\u00f6s moneen v\u00e4hemm\u00e4nkin lautapelej\u00e4 pelanneeseen, maatilan kehitt\u00e4minen on yksinkertaisesti niin hauskaa puuhaa.<\/em><\/p>","protected":false},"excerpt":{"rendered":"<ul>\n<li><strong>Spelarm\u00e4ngd:\u00a0<\/strong>1-5 (<strong>B\u00e4sta m\u00e4ngden:<\/strong> 3-4)<\/li>\n<li><strong>Varaktighet:\u00a0<\/strong>30-120 min<\/li>\n<li><strong>\u00c5ldersrekommendation:\u00a0<\/strong>12+<\/li>\n<li><strong>Spr\u00e5k:\u00a0<\/strong>Finska<\/li>\n<li><strong>Genre:\u00a0<\/strong>Arbetarplacering, Omr\u00e5desinslutning, Olika spelarkrafter, Resursplockande, Handkontroll<\/li>\n<li><strong>Tema:\u00a0<\/strong>Djur, Jordbruk<\/li>\n<li><strong>Passande Sleevy Kortskydd (ing\u00e5r ej!): <\/strong>120 st L Storlek<\/li>\n<li><strong>Utveckling:<\/strong> Uwe Rosenberg<\/li>\n<li><strong>Utgivare:<\/strong> Lookout Games \/ Lautapelit.fi<\/li>\n<\/ul>","protected":false},"featured_media":5784,"template":"","meta":{"site-sidebar-layout":"default","site-content-layout":"","ast-site-content-layout":"default","site-content-style":"default","site-sidebar-style":"default","ast-global-header-display":"","ast-banner-title-visibility":"","ast-main-header-display":"","ast-hfb-above-header-display":"","ast-hfb-below-header-display":"","ast-hfb-mobile-header-display":"","site-post-title":"","ast-breadcrumbs-content":"","ast-featured-img":"","footer-sml-layout":"","ast-disable-related-posts":"","theme-transparent-header-meta":"default","adv-header-id-meta":"","stick-header-meta":"","header-above-stick-meta":"","header-main-stick-meta":"","header-below-stick-meta":"","astra-migrate-meta-layouts":"set","ast-page-background-enabled":"default","ast-page-background-meta":{"desktop":{"background-color":"","background-image":"","background-repeat":"repeat","background-position":"center center","background-size":"auto","background-attachment":"scroll","background-type":"","background-media":"","overlay-type":"","overlay-color":"","overlay-opacity":"","overlay-gradient":""},"tablet":{"background-color":"","background-image":"","background-repeat":"repeat","background-position":"center center","background-size":"auto","background-attachment":"scroll","background-type":"","background-media":"","overlay-type":"","overlay-color":"","overlay-opacity":"","overlay-gradient":""},"mobile":{"background-color":"","background-image":"","background-repeat":"repeat","background-position":"center center","background-size":"auto","background-attachment":"scroll","background-type":"","background-media":"","overlay-type":"","overlay-color":"","overlay-opacity":"","overlay-gradient":""}},"ast-content-background-meta":{"desktop":{"background-color":"var(--ast-global-color-5)","background-image":"","background-repeat":"repeat","background-position":"center center","background-size":"auto","background-attachment":"scroll","background-type":"","background-media":"","overlay-type":"","overlay-color":"","overlay-opacity":"","overlay-gradient":""},"tablet":{"background-color":"var(--ast-global-color-5)","background-image":"","background-repeat":"repeat","background-position":"center center","background-size":"auto","background-attachment":"scroll","background-type":"","background-media":"","overlay-type":"","overlay-color":"","overlay-opacity":"","overlay-gradient":""},"mobile":{"background-color":"var(--ast-global-color-5)","background-image":"","background-repeat":"repeat","background-position":"center center","background-size":"auto","background-attachment":"scroll","background-type":"","background-media":"","overlay-type":"","overlay-color":"","overlay-opacity":"","overlay-gradient":""}}},"product_brand":[1055,1107,1109],"product_cat":[16,45,281],"product_tag":[1058,1047,1048,1110],"class_list":{"0":"post-5783","1":"product","2":"type-product","3":"status-publish","4":"has-post-thumbnail","6":"product_brand-asmodee","7":"product_brand-lautapelit-fi","8":"product_brand-lookout-spiele-lookout-games","9":"product_cat-kaikki","10":"product_cat-strategiapelit","11":"product_cat-tyolaisten-asettelu","12":"product_tag-europeli","13":"product_tag-peruspeli","14":"product_tag-suomenkieliset-pelit","15":"product_tag-uwe-rosenberg","16":"product_shipping_class-standard2","17":"desktop-align-center","18":"tablet-align-center","19":"mobile-align-center","21":"first","22":"instock","23":"taxable","24":"shipping-taxable","25":"purchasable","26":"product-type-simple"},"yoast_head":"<!-- This site is optimized with the Yoast SEO Premium plugin v27.3 (Yoast SEO v27.4) - https:\/\/yoast.com\/product\/yoast-seo-premium-wordpress\/ -->\n<title>Agricola (FI) &#8211; Spelivinkki<\/title>\n<meta name=\"description\" content=\"Luo menestyv\u00e4 maatila Agricola-peliss\u00e4. Opeta ty\u00f6l\u00e4isperheesi ammattiin, hanki ruokaa ja kasvata el\u00e4imi\u00e4. Kokeile peli\u00e4 nyt!\" \/>\n<meta name=\"robots\" content=\"index, follow, max-snippet:-1, max-image-preview:large, max-video-preview:-1\" \/>\n<link rel=\"canonical\" href=\"https:\/\/spelivinkki.fi\/sv\/produkt\/agricola-fi\/\" \/>\n<meta property=\"og:locale\" content=\"sv_SE\" \/>\n<meta property=\"og:type\" content=\"article\" \/>\n<meta property=\"og:title\" content=\"Agricola (FI)\" \/>\n<meta property=\"og:description\" content=\"Luo menestyv\u00e4 maatila Agricola-peliss\u00e4. Opeta ty\u00f6l\u00e4isperheesi ammattiin, hanki ruokaa ja kasvata el\u00e4imi\u00e4. Kokeile peli\u00e4 nyt!\" \/>\n<meta property=\"og:url\" content=\"https:\/\/spelivinkki.fi\/sv\/produkt\/agricola-fi\/\" \/>\n<meta property=\"og:site_name\" content=\"Spelivinkki\" \/>\n<meta property=\"article:publisher\" content=\"https:\/\/www.facebook.com\/SpelivinkkiOy\/\" \/>\n<meta property=\"article:modified_time\" content=\"2026-02-26T15:02:56+00:00\" \/>\n<meta property=\"og:image\" content=\"https:\/\/mlw9zexfsyfr.i.optimole.com\/w:auto\/h:auto\/q:mauto\/ig:avif\/https:\/\/spelivinkki.fi\/wp-content\/uploads\/2024\/03\/Agricola-Tuotekuva-e1709640760994.webp\" \/>\n\t<meta property=\"og:image:width\" content=\"867\" \/>\n\t<meta property=\"og:image:height\" content=\"888\" \/>\n\t<meta property=\"og:image:type\" content=\"image\/webp\" \/>\n<meta name=\"twitter:card\" content=\"summary_large_image\" \/>\n<meta name=\"twitter:site\" content=\"@SpelivinkkiOy\" \/>\n<meta name=\"twitter:label1\" content=\"Pris\" \/>\n\t<meta name=\"twitter:data1\" content=\"45,00&nbsp;&euro;\" \/>\n\t<meta name=\"twitter:label2\" content=\"Tillg\u00e4nglig\" \/>\n\t<meta name=\"twitter:data2\" content=\"I lager\" \/>\n<script type=\"application\/ld+json\" class=\"yoast-schema-graph\">{\"@context\":\"https:\\\/\\\/schema.org\",\"@graph\":[{\"@type\":\"WebPage\",\"@id\":\"https:\\\/\\\/spelivinkki.fi\\\/tuote\\\/agricola-fi\\\/\",\"url\":\"https:\\\/\\\/spelivinkki.fi\\\/tuote\\\/agricola-fi\\\/\",\"name\":\"Agricola (FI) &#8211; Spelivinkki\",\"isPartOf\":{\"@id\":\"https:\\\/\\\/spelivinkki.fi\\\/#website\"},\"primaryImageOfPage\":{\"@id\":\"https:\\\/\\\/spelivinkki.fi\\\/tuote\\\/agricola-fi\\\/#primaryimage\"},\"image\":{\"@id\":\"https:\\\/\\\/spelivinkki.fi\\\/tuote\\\/agricola-fi\\\/#primaryimage\"},\"thumbnailUrl\":\"https:\\/\\/spelivinkki.fi\\/wp-content\\/uploads\\/2024\\/03\\/Agricola-Tuotekuva-e1709640760994.webp\",\"datePublished\":\"2024-03-04T14:34:12+00:00\",\"dateModified\":\"2026-02-26T15:02:56+00:00\",\"description\":\"Luo menestyv\u00e4 maatila Agricola-peliss\u00e4. Opeta ty\u00f6l\u00e4isperheesi ammattiin, hanki ruokaa ja kasvata el\u00e4imi\u00e4. Kokeile peli\u00e4 nyt!\",\"breadcrumb\":{\"@id\":\"https:\\\/\\\/spelivinkki.fi\\\/tuote\\\/agricola-fi\\\/#breadcrumb\"},\"inLanguage\":\"sv-SE\",\"potentialAction\":[{\"@type\":\"ReadAction\",\"target\":[\"https:\\\/\\\/spelivinkki.fi\\\/tuote\\\/agricola-fi\\\/\"]}]},{\"@type\":\"ImageObject\",\"inLanguage\":\"sv-SE\",\"@id\":\"https:\\\/\\\/spelivinkki.fi\\\/tuote\\\/agricola-fi\\\/#primaryimage\",\"url\":\"https:\\/\\/spelivinkki.fi\\/wp-content\\/uploads\\/2024\\/03\\/Agricola-Tuotekuva-e1709640760994.webp\",\"contentUrl\":\"https:\\/\\/spelivinkki.fi\\/wp-content\\/uploads\\/2024\\/03\\/Agricola-Tuotekuva-e1709640760994.webp\",\"width\":867,\"height\":888,\"caption\":\"Agricola Tuotekuva e1709640760994\"},{\"@type\":\"BreadcrumbList\",\"@id\":\"https:\\\/\\\/spelivinkki.fi\\\/tuote\\\/agricola-fi\\\/#breadcrumb\",\"itemListElement\":[{\"@type\":\"ListItem\",\"position\":1,\"name\":\"Etusivu\",\"item\":\"https:\\\/\\\/spelivinkki.fi\\\/\"},{\"@type\":\"ListItem\",\"position\":2,\"name\":\"Tuotteet\",\"item\":\"https:\\\/\\\/spelivinkki.fi\\\/tuotteet\\\/\"},{\"@type\":\"ListItem\",\"position\":3,\"name\":\"Agricola (FI)\"}]},{\"@type\":\"WebSite\",\"@id\":\"https:\\\/\\\/spelivinkki.fi\\\/#website\",\"url\":\"https:\\\/\\\/spelivinkki.fi\\\/\",\"name\":\"Spelivinkki\",\"description\":\"Paraisten Lautapelikauppa\",\"publisher\":{\"@id\":\"https:\\\/\\\/spelivinkki.fi\\\/#organization\"},\"alternateName\":\"Spelivinkki Oy\",\"potentialAction\":[{\"@type\":\"SearchAction\",\"target\":{\"@type\":\"EntryPoint\",\"urlTemplate\":\"https:\\\/\\\/spelivinkki.fi\\\/?s={search_term_string}\"},\"query-input\":{\"@type\":\"PropertyValueSpecification\",\"valueRequired\":true,\"valueName\":\"search_term_string\"}}],\"inLanguage\":\"sv-SE\"},{\"@type\":\"Organization\",\"@id\":\"https:\\\/\\\/spelivinkki.fi\\\/#organization\",\"name\":\"Spelivinkki Oy\",\"alternateName\":\"Spelivinkki\",\"url\":\"https:\\\/\\\/spelivinkki.fi\\\/\",\"logo\":{\"@type\":\"ImageObject\",\"inLanguage\":\"sv-SE\",\"@id\":\"https:\\\/\\\/spelivinkki.fi\\\/#\\\/schema\\\/logo\\\/image\\\/\",\"url\":\"https:\\/\\/spelivinkki.fi\\/wp-content\\/uploads\\/2024\\/02\\/Logo.svg\",\"contentUrl\":\"https:\\/\\/spelivinkki.fi\\/wp-content\\/uploads\\/2024\\/02\\/Logo.svg\",\"width\":2176,\"height\":2323,\"caption\":\"Spelivinkki Oy\"},\"image\":{\"@id\":\"https:\\\/\\\/spelivinkki.fi\\\/#\\\/schema\\\/logo\\\/image\\\/\"},\"sameAs\":[\"https:\\\/\\\/www.facebook.com\\\/SpelivinkkiOy\\\/\",\"https:\\\/\\\/x.com\\\/SpelivinkkiOy\",\"https:\\\/\\\/www.instagram.com\\\/spelivinkkioy\\\/\"],\"description\":\"Spelivinkki Oy is a company operating both a brick-and-mortar store in Finland as well as a webshop online. We sell board games, roleplaying games, miniature wargames, logic puzzles, jigsaw puzzles and other things related to the boardgame hobby.\",\"email\":\"myynti@spelivinkki.fi\",\"telephone\":\"+358406486605\",\"legalName\":\"Spelivinkki Oy\",\"foundingDate\":\"2023-09-17\",\"vatID\":\"FI33904524\",\"numberOfEmployees\":{\"@type\":\"QuantitativeValue\",\"minValue\":\"1\",\"maxValue\":\"10\"},\"hasMerchantReturnPolicy\":{\"@type\":\"MerchantReturnPolicy\",\"merchantReturnLink\":\"https:\\\/\\\/spelivinkki.fi\\\/sv\\\/spelivinkin-vaihto-ja-palautusoikeus\\\/\"}}]}<\/script>\n<meta property=\"product:brand\" content=\"Lookout Spiele \/ Lookout Games\" \/>\n<meta property=\"product:price:amount\" content=\"45.00\" \/>\n<meta property=\"product:price:currency\" content=\"EUR\" \/>\n<meta property=\"og:availability\" content=\"instock\" \/>\n<meta property=\"product:availability\" content=\"instock\" \/>\n<meta property=\"product:retailer_item_id\" content=\"Agricola Revised FI\" \/>\n<meta property=\"product:condition\" content=\"new\" \/>\n<!-- \/ Yoast SEO Premium plugin. -->","yoast_head_json":{"title":"Agricola (FI) &#8211; Spelivinkki","description":"Luo menestyv\u00e4 maatila Agricola-peliss\u00e4. Opeta ty\u00f6l\u00e4isperheesi ammattiin, hanki ruokaa ja kasvata el\u00e4imi\u00e4. Kokeile peli\u00e4 nyt!","robots":{"index":"index","follow":"follow","max-snippet":"max-snippet:-1","max-image-preview":"max-image-preview:large","max-video-preview":"max-video-preview:-1"},"canonical":"https:\/\/spelivinkki.fi\/sv\/produkt\/agricola-fi\/","og_locale":"sv_SE","og_type":"article","og_title":"Agricola (FI)","og_description":"Luo menestyv\u00e4 maatila Agricola-peliss\u00e4. Opeta ty\u00f6l\u00e4isperheesi ammattiin, hanki ruokaa ja kasvata el\u00e4imi\u00e4. Kokeile peli\u00e4 nyt!","og_url":"https:\/\/spelivinkki.fi\/sv\/produkt\/agricola-fi\/","og_site_name":"Spelivinkki","article_publisher":"https:\/\/www.facebook.com\/SpelivinkkiOy\/","article_modified_time":"2026-02-26T15:02:56+00:00","og_image":[{"width":867,"height":888,"url":"https:\/\/mlw9zexfsyfr.i.optimole.com\/w:auto\/h:auto\/q:mauto\/ig:avif\/https:\/\/spelivinkki.fi\/wp-content\/uploads\/2024\/03\/Agricola-Tuotekuva-e1709640760994.webp","type":"image\/webp"}],"twitter_card":"summary_large_image","twitter_site":"@SpelivinkkiOy","twitter_misc":{"Pris":"45,00&nbsp;&euro;","Tillg\u00e4nglig":"I lager"},"schema":{"@context":"https:\/\/schema.org","@graph":[{"@type":"WebPage","@id":"https:\/\/spelivinkki.fi\/tuote\/agricola-fi\/","url":"https:\/\/spelivinkki.fi\/tuote\/agricola-fi\/","name":"Agricola (FI) &#8211; Spelivinkki","isPartOf":{"@id":"https:\/\/spelivinkki.fi\/#website"},"primaryImageOfPage":{"@id":"https:\/\/spelivinkki.fi\/tuote\/agricola-fi\/#primaryimage"},"image":{"@id":"https:\/\/spelivinkki.fi\/tuote\/agricola-fi\/#primaryimage"},"thumbnailUrl":"https:\/\/mlw9zexfsyfr.i.optimole.com\/w:auto\/h:auto\/q:mauto\/ig:avif\/https:\/\/spelivinkki.fi\/wp-content\/uploads\/2024\/03\/Agricola-Tuotekuva-e1709640760994.webp","datePublished":"2024-03-04T14:34:12+00:00","dateModified":"2026-02-26T15:02:56+00:00","description":"Luo menestyv\u00e4 maatila Agricola-peliss\u00e4. Opeta ty\u00f6l\u00e4isperheesi ammattiin, hanki ruokaa ja kasvata el\u00e4imi\u00e4. Kokeile peli\u00e4 nyt!","breadcrumb":{"@id":"https:\/\/spelivinkki.fi\/tuote\/agricola-fi\/#breadcrumb"},"inLanguage":"sv-SE","potentialAction":[{"@type":"ReadAction","target":["https:\/\/spelivinkki.fi\/tuote\/agricola-fi\/"]}]},{"@type":"ImageObject","inLanguage":"sv-SE","@id":"https:\/\/spelivinkki.fi\/tuote\/agricola-fi\/#primaryimage","url":"https:\/\/mlw9zexfsyfr.i.optimole.com\/w:auto\/h:auto\/q:mauto\/ig:avif\/https:\/\/spelivinkki.fi\/wp-content\/uploads\/2024\/03\/Agricola-Tuotekuva-e1709640760994.webp","contentUrl":"https:\/\/mlw9zexfsyfr.i.optimole.com\/w:auto\/h:auto\/q:mauto\/ig:avif\/https:\/\/spelivinkki.fi\/wp-content\/uploads\/2024\/03\/Agricola-Tuotekuva-e1709640760994.webp","width":867,"height":888,"caption":"Agricola Tuotekuva e1709640760994"},{"@type":"BreadcrumbList","@id":"https:\/\/spelivinkki.fi\/tuote\/agricola-fi\/#breadcrumb","itemListElement":[{"@type":"ListItem","position":1,"name":"Etusivu","item":"https:\/\/spelivinkki.fi\/"},{"@type":"ListItem","position":2,"name":"Tuotteet","item":"https:\/\/spelivinkki.fi\/tuotteet\/"},{"@type":"ListItem","position":3,"name":"Agricola (FI)"}]},{"@type":"WebSite","@id":"https:\/\/spelivinkki.fi\/#website","url":"https:\/\/spelivinkki.fi\/","name":"Spelivinkki","description":"Paraisten Lautapelikauppa","publisher":{"@id":"https:\/\/spelivinkki.fi\/#organization"},"alternateName":"Spelivinkki Oy","potentialAction":[{"@type":"SearchAction","target":{"@type":"EntryPoint","urlTemplate":"https:\/\/spelivinkki.fi\/?s={search_term_string}"},"query-input":{"@type":"PropertyValueSpecification","valueRequired":true,"valueName":"search_term_string"}}],"inLanguage":"sv-SE"},{"@type":"Organization","@id":"https:\/\/spelivinkki.fi\/#organization","name":"Spelivinkki Oy","alternateName":"Spelivinkki","url":"https:\/\/spelivinkki.fi\/","logo":{"@type":"ImageObject","inLanguage":"sv-SE","@id":"https:\/\/spelivinkki.fi\/#\/schema\/logo\/image\/","url":"https:\/\/mlw9zexfsyfr.i.optimole.com\/w:auto\/h:auto\/q:mauto\/ig:avif\/https:\/\/spelivinkki.fi\/wp-content\/uploads\/2024\/02\/Logo.svg","contentUrl":"https:\/\/mlw9zexfsyfr.i.optimole.com\/w:auto\/h:auto\/q:mauto\/ig:avif\/https:\/\/spelivinkki.fi\/wp-content\/uploads\/2024\/02\/Logo.svg","width":2176,"height":2323,"caption":"Spelivinkki Oy"},"image":{"@id":"https:\/\/spelivinkki.fi\/#\/schema\/logo\/image\/"},"sameAs":["https:\/\/www.facebook.com\/SpelivinkkiOy\/","https:\/\/x.com\/SpelivinkkiOy","https:\/\/www.instagram.com\/spelivinkkioy\/"],"description":"Spelivinkki Oy is a company operating both a brick-and-mortar store in Finland as well as a webshop online. We sell board games, roleplaying games, miniature wargames, logic puzzles, jigsaw puzzles and other things related to the boardgame hobby.","email":"myynti@spelivinkki.fi","telephone":"+358406486605","legalName":"Spelivinkki Oy","foundingDate":"2023-09-17","vatID":"FI33904524","numberOfEmployees":{"@type":"QuantitativeValue","minValue":"1","maxValue":"10"},"hasMerchantReturnPolicy":{"@type":"MerchantReturnPolicy","merchantReturnLink":"https:\/\/spelivinkki.fi\/sv\/spelivinkin-vaihto-ja-palautusoikeus\/"}}]},"product_brand":"Lookout Spiele \/ Lookout Games","product_price_amount":"45.00","product_price_currency":"EUR","og_availability":"instock","product_availability":"instock","product_retailer_item_id":"Agricola Revised FI","product_condition":"new"},"_links":{"self":[{"href":"https:\/\/spelivinkki.fi\/sv\/wp-json\/wp\/v2\/product\/5783","targetHints":{"allow":["GET"]}}],"collection":[{"href":"https:\/\/spelivinkki.fi\/sv\/wp-json\/wp\/v2\/product"}],"about":[{"href":"https:\/\/spelivinkki.fi\/sv\/wp-json\/wp\/v2\/types\/product"}],"wp:featuredmedia":[{"embeddable":true,"href":"https:\/\/spelivinkki.fi\/sv\/wp-json\/wp\/v2\/media\/5784"}],"wp:attachment":[{"href":"https:\/\/spelivinkki.fi\/sv\/wp-json\/wp\/v2\/media?parent=5783"}],"wp:term":[{"taxonomy":"product_brand","embeddable":true,"href":"https:\/\/spelivinkki.fi\/sv\/wp-json\/wp\/v2\/product_brand?post=5783"},{"taxonomy":"product_cat","embeddable":true,"href":"https:\/\/spelivinkki.fi\/sv\/wp-json\/wp\/v2\/product_cat?post=5783"},{"taxonomy":"product_tag","embeddable":true,"href":"https:\/\/spelivinkki.fi\/sv\/wp-json\/wp\/v2\/product_tag?post=5783"}],"curies":[{"name":"wp","href":"https:\/\/api.w.org\/{rel}","templated":true}]}}