{"id":5790,"date":"2024-03-05T09:30:46","date_gmt":"2024-03-05T09:30:46","guid":{"rendered":"https:\/\/spelivinkki.fi\/?post_type=product&#038;p=5790"},"modified":"2025-11-21T14:15:28","modified_gmt":"2025-11-21T14:15:28","slug":"port-royal","status":"publish","type":"product","link":"https:\/\/spelivinkki.fi\/sv\/produkt\/port-royal\/","title":{"rendered":"Port Royal (Nordic)"},"content":{"rendered":"<p>Port Royal \u00e4r ett utm\u00e4rkt turspel d\u00e4r riskhantering \u00e4r viktigast. Spelet \u00e4r l\u00e4tt att l\u00e4ra sig och l\u00e4mpar sig f\u00f6r alla sorters spelare oberoende av deras kunskapsniv\u00e5. Alla spelare har kommandot \u00f6ver sin egen hamn. Under sin tur drar en spelare upp kort fr\u00e5n kortleken tills det finns n\u00e5got hen vill k\u00f6pa. Det l\u00f6nar sig dock inte att vara girig! Ifall tv\u00e5 skepp av samma f\u00e4rg r\u00e5kar komma fram bland de uppdragna korten far alla kort i sl\u00e4ngh\u00f6gen utan att spelarna har m\u00f6jlighet att k\u00f6pa n\u00e5got. Dessutom f\u00e5r medspelarna ocks\u00e5 chansen att k\u00f6pa kort efter spelaren som \u00e4r i tur, s\u00e5 det \u00e4r b\u00e4st att inte l\u00e4mna kvar f\u00f6r m\u00e5nga bra kort p\u00e5 bordet.<\/p>\n<p>Riskhanteringen kommer med i spelet i och med att spelarna kan rekrytera krigsmakt f\u00f6r att skydda sina hamnar. Med tillr\u00e4cklig krigsmakt klarar en spelare av att jaga bort o\u00f6nskade skepp fr\u00e5n sin hamn och d\u00e4rmed kan hen p\u00e5verka sin egen tur. Vissa skepp \u00e4r \u00e4nd\u00e5 s\u00e5 pass starka att det antingen \u00e4r sv\u00e5rt eller om\u00f6jligt att jaga bort dem.<\/p>\n<p>Nu \u00e5terst\u00e5r det bara att pr\u00f6va din tur!<\/p>\n<h6><strong>Ugivarens beskrivning:<\/strong><\/h6>\n<p><em>Hamnen i Port Royal sprudlar av liv och r\u00f6relse och du hoppas p\u00e5 att g\u00f6ra ditt livs aff\u00e4r. Om du tar allt f\u00f6r stora risker finns dock m\u00f6jligheten att ditt lastrum f\u00f6rblir tomt. Gl\u00f6m inte att du kan investera din vinst, vinna guvern\u00f6rernas och amiralernas v\u00e4lvilja samt anlita olika specialister som hj\u00e4lper dig n\u00e5 ditt m\u00e5l. \u00c4ra, rikedomar och ber\u00f6mmelse v\u00e4ntar p\u00e5 dig!<\/em><\/p>\n<p><em>Port Royal \u00e4r ett roligt och enkelt kortspel i vilket spelarna str\u00e4var efter att bli den mest framst\u00e5ende kapteten i Karibiens hamnar. Spelet inneh\u00e5ller fyra olika korttyper, fartyg , personre , skatteh\u00f6jningar och expeditioner . Baksidan p\u00e5 samtliga kort fungerar som valuta i spelet.<\/em><\/p>\n<p><em>I spelets b\u00f6rjan f\u00e5r varje spelare 3 guldmynt. P\u00e5 spelarnas tur skall de lyfta kort ur en korth\u00f6g och placera dem i mitten av bordet (hamnen). De lyfter s\u00e5 m\u00e5nga kort som de \u00f6nskar ELLER tills det finns tv\u00e5 likf\u00e4rgade fartyg i hamnen, vilket inneb\u00e4r att spelarens tur tar slut och turen g\u00e5r vidare. Ifall spelaren v\u00e4ljer att sluta dra kort innan detta h\u00e4nder g\u00e5r spelet vidare till den andra fasen.<\/em><\/p>\n<p><em>I den andra fasen f\u00e5r den aktiva spelaren (d.v.s. spelaren vars tur det \u00e4r) ta kort ur hamnen. Antalet kort som f\u00e5r tas beror p\u00e5 antalet olikf\u00e4rgade fartyg som finns i hamnen. F\u00f6r 0-3 fartyg f\u00e5r spelaren ta ett kort, f\u00f6r 4 olikf\u00e4rgade fastyg f\u00e5r spelaren tv\u00e5 kort och ifall det finns 5 olikf\u00e4rgade skepp i hamnen f\u00e5r spelaren ta tre kort. Efter att den aktiva spelaren valt sina kort fr\u00e5n hamnen har de \u00f6vriga spelarna m\u00f6jlighet att ta kort ur hamnen, dock under f\u00f6rtus\u00e4ttning att de kan kompensera den aktiva spelaren med ett guldmynt.<\/em><\/p>\n<p><em>Olika korttyper har olika inverkan p\u00e5 spelets g\u00e5ng. Fartyg ger spelarna pengar, specialister ger vinstpo\u00e4ng och olika specialf\u00f6rm\u00e5gor. Skatteh\u00f6jningar bidrar med sp\u00e4nning till spelet och expedtioner ger ytterligare f\u00f6ruts\u00e4ttningar f\u00f6r att f\u00f6rtj\u00e4na vinstpo\u00e4ng.<\/em><\/p>\n<p><em>Port Royal \u00e4r vinnaren av Vuoden Peli -t\u00e4vlingen 2015.<\/em><\/p>","protected":false},"excerpt":{"rendered":"<ul>\n<li><strong>Spelarm\u00e4ngd:\u00a0<\/strong>2-5 (<strong>B\u00e4sta m\u00e4ngden:<\/strong> 3-4)<\/li>\n<li><strong>Varaktighet:\u00a0<\/strong>20-50 min<\/li>\n<li><strong>\u00c5ldersrekommendation:\u00a0<\/strong>8+<\/li>\n<li><strong>Spr\u00e5k:\u00a0<\/strong>Finska, svenska, norska, danska<\/li>\n<li><strong>Genre:<\/strong> Samling, kortspel, risktagande<\/li>\n<li><strong>Tema:\u00a0<\/strong>Pirater<\/li>\n<li><strong>Passande Sleevy Kortskydd (ing\u00e5r ej!): <\/strong>120 st L Storlek<\/li>\n<li><strong>Utveckling:<\/strong> Alexander Pfister<\/li>\n<li><strong>Utgivare:<\/strong> Pegasus Spiele \/ Lautapelit.fi<\/li>\n<\/ul>","protected":false},"featured_media":5792,"template":"","meta":{"site-sidebar-layout":"default","site-content-layout":"","ast-site-content-layout":"default","site-content-style":"default","site-sidebar-style":"default","ast-global-header-display":"","ast-banner-title-visibility":"","ast-main-header-display":"","ast-hfb-above-header-display":"","ast-hfb-below-header-display":"","ast-hfb-mobile-header-display":"","site-post-title":"","ast-breadcrumbs-content":"","ast-featured-img":"","footer-sml-layout":"","ast-disable-related-posts":"","theme-transparent-header-meta":"default","adv-header-id-meta":"","stick-header-meta":"","header-above-stick-meta":"","header-main-stick-meta":"","header-below-stick-meta":"","astra-migrate-meta-layouts":"set","ast-page-background-enabled":"default","ast-page-background-meta":{"desktop":{"background-color":"","background-image":"","background-repeat":"repeat","background-position":"center center","background-size":"auto","background-attachment":"scroll","background-type":"","background-media":"","overlay-type":"","overlay-color":"","overlay-opacity":"","overlay-gradient":""},"tablet":{"background-color":"","background-image":"","background-repeat":"repeat","background-position":"center center","background-size":"auto","background-attachment":"scroll","background-type":"","background-media":"","overlay-type":"","overlay-color":"","overlay-opacity":"","overlay-gradient":""},"mobile":{"background-color":"","background-image":"","background-repeat":"repeat","background-position":"center center","background-size":"auto","background-attachment":"scroll","background-type":"","background-media":"","overlay-type":"","overlay-color":"","overlay-opacity":"","overlay-gradient":""}},"ast-content-background-meta":{"desktop":{"background-color":"var(--ast-global-color-5)","background-image":"","background-repeat":"repeat","background-position":"center center","background-size":"auto","background-attachment":"scroll","background-type":"","background-media":"","overlay-type":"","overlay-color":"","overlay-opacity":"","overlay-gradient":""},"tablet":{"background-color":"var(--ast-global-color-5)","background-image":"","background-repeat":"repeat","background-position":"center center","background-size":"auto","background-attachment":"scroll","background-type":"","background-media":"","overlay-type":"","overlay-color":"","overlay-opacity":"","overlay-gradient":""},"mobile":{"background-color":"var(--ast-global-color-5)","background-image":"","background-repeat":"repeat","background-position":"center center","background-size":"auto","background-attachment":"scroll","background-type":"","background-media":"","overlay-type":"","overlay-color":"","overlay-opacity":"","overlay-gradient":""}}},"product_brand":[1107,1114],"product_cat":[16,278,45],"product_tag":[1116,1047,1050,1048],"class_list":{"0":"post-5790","1":"product","2":"type-product","3":"status-publish","4":"has-post-thumbnail","6":"product_brand-lautapelit-fi","7":"product_brand-pegasus-spiele","8":"product_cat-kaikki","9":"product_cat-settikeraily","10":"product_cat-strategiapelit","11":"product_tag-alexander-pfister","12":"product_tag-peruspeli","13":"product_tag-ruotsinkieliset-pelit","14":"product_tag-suomenkieliset-pelit","15":"product_shipping_class-standard2","16":"desktop-align-center","17":"tablet-align-center","18":"mobile-align-center","20":"first","21":"instock","22":"taxable","23":"shipping-taxable","24":"purchasable","25":"product-type-simple"},"yoast_head":"<!-- This site is optimized with the Yoast SEO Premium plugin v27.3 (Yoast SEO v27.4) - https:\/\/yoast.com\/product\/yoast-seo-premium-wordpress\/ -->\n<title>Port Royal (Nordic) &#8211; Spelivinkki<\/title>\n<meta name=\"description\" content=\"Port Royal - Opettele kiehtovan onnenpelien salat ja hallitse riskinhallintaa. Osta kortteja omasta satamasta ja v\u00e4rv\u00e4\u00e4 sotavoimia menesty\u00e4ksesi!\" \/>\n<meta name=\"robots\" content=\"index, follow, max-snippet:-1, max-image-preview:large, max-video-preview:-1\" \/>\n<link rel=\"canonical\" href=\"https:\/\/spelivinkki.fi\/sv\/produkt\/port-royal\/\" \/>\n<meta property=\"og:locale\" content=\"sv_SE\" \/>\n<meta property=\"og:type\" content=\"article\" \/>\n<meta property=\"og:title\" content=\"Port Royal (Nordic)\" \/>\n<meta property=\"og:description\" content=\"Port Royal - Opettele kiehtovan onnenpelien salat ja hallitse riskinhallintaa. Osta kortteja omasta satamasta ja v\u00e4rv\u00e4\u00e4 sotavoimia menesty\u00e4ksesi!\" \/>\n<meta property=\"og:url\" content=\"https:\/\/spelivinkki.fi\/sv\/produkt\/port-royal\/\" \/>\n<meta property=\"og:site_name\" content=\"Spelivinkki\" \/>\n<meta property=\"article:publisher\" content=\"https:\/\/www.facebook.com\/SpelivinkkiOy\/\" \/>\n<meta property=\"article:modified_time\" content=\"2025-11-21T14:15:28+00:00\" \/>\n<meta property=\"og:image\" content=\"https:\/\/mlw9zexfsyfr.i.optimole.com\/w:auto\/h:auto\/q:mauto\/ig:avif\/https:\/\/spelivinkki.fi\/wp-content\/uploads\/2024\/03\/Port-Royal-Tuotekuva-e1709640699960.webp\" \/>\n\t<meta property=\"og:image:width\" content=\"792\" \/>\n\t<meta property=\"og:image:height\" content=\"818\" \/>\n\t<meta property=\"og:image:type\" content=\"image\/webp\" \/>\n<meta name=\"twitter:card\" content=\"summary_large_image\" \/>\n<meta name=\"twitter:site\" content=\"@SpelivinkkiOy\" \/>\n<meta name=\"twitter:label1\" content=\"Pris\" \/>\n\t<meta name=\"twitter:data1\" content=\"15,00&nbsp;&euro;\" \/>\n\t<meta name=\"twitter:label2\" content=\"Tillg\u00e4nglig\" \/>\n\t<meta name=\"twitter:data2\" content=\"I lager\" \/>\n<script type=\"application\/ld+json\" class=\"yoast-schema-graph\">{\"@context\":\"https:\\\/\\\/schema.org\",\"@graph\":[{\"@type\":\"WebPage\",\"@id\":\"https:\\\/\\\/spelivinkki.fi\\\/tuote\\\/port-royal\\\/\",\"url\":\"https:\\\/\\\/spelivinkki.fi\\\/tuote\\\/port-royal\\\/\",\"name\":\"Port Royal (Nordic) &#8211; Spelivinkki\",\"isPartOf\":{\"@id\":\"https:\\\/\\\/spelivinkki.fi\\\/#website\"},\"primaryImageOfPage\":{\"@id\":\"https:\\\/\\\/spelivinkki.fi\\\/tuote\\\/port-royal\\\/#primaryimage\"},\"image\":{\"@id\":\"https:\\\/\\\/spelivinkki.fi\\\/tuote\\\/port-royal\\\/#primaryimage\"},\"thumbnailUrl\":\"https:\\/\\/spelivinkki.fi\\/wp-content\\/uploads\\/2024\\/03\\/Port-Royal-Tuotekuva-e1709640699960.webp\",\"datePublished\":\"2024-03-05T09:30:46+00:00\",\"dateModified\":\"2025-11-21T14:15:28+00:00\",\"description\":\"Port Royal - Opettele kiehtovan onnenpelien salat ja hallitse riskinhallintaa. Osta kortteja omasta satamasta ja v\u00e4rv\u00e4\u00e4 sotavoimia menesty\u00e4ksesi!\",\"breadcrumb\":{\"@id\":\"https:\\\/\\\/spelivinkki.fi\\\/tuote\\\/port-royal\\\/#breadcrumb\"},\"inLanguage\":\"sv-SE\",\"potentialAction\":[{\"@type\":\"ReadAction\",\"target\":[\"https:\\\/\\\/spelivinkki.fi\\\/tuote\\\/port-royal\\\/\"]}]},{\"@type\":\"ImageObject\",\"inLanguage\":\"sv-SE\",\"@id\":\"https:\\\/\\\/spelivinkki.fi\\\/tuote\\\/port-royal\\\/#primaryimage\",\"url\":\"https:\\/\\/spelivinkki.fi\\/wp-content\\/uploads\\/2024\\/03\\/Port-Royal-Tuotekuva-e1709640699960.webp\",\"contentUrl\":\"https:\\/\\/spelivinkki.fi\\/wp-content\\/uploads\\/2024\\/03\\/Port-Royal-Tuotekuva-e1709640699960.webp\",\"width\":792,\"height\":818,\"caption\":\"Port Royal Tuotekuva e1709640699960\"},{\"@type\":\"BreadcrumbList\",\"@id\":\"https:\\\/\\\/spelivinkki.fi\\\/tuote\\\/port-royal\\\/#breadcrumb\",\"itemListElement\":[{\"@type\":\"ListItem\",\"position\":1,\"name\":\"Etusivu\",\"item\":\"https:\\\/\\\/spelivinkki.fi\\\/\"},{\"@type\":\"ListItem\",\"position\":2,\"name\":\"Tuotteet\",\"item\":\"https:\\\/\\\/spelivinkki.fi\\\/tuotteet\\\/\"},{\"@type\":\"ListItem\",\"position\":3,\"name\":\"Port Royal (Nordic)\"}]},{\"@type\":\"WebSite\",\"@id\":\"https:\\\/\\\/spelivinkki.fi\\\/#website\",\"url\":\"https:\\\/\\\/spelivinkki.fi\\\/\",\"name\":\"Spelivinkki\",\"description\":\"Paraisten Lautapelikauppa\",\"publisher\":{\"@id\":\"https:\\\/\\\/spelivinkki.fi\\\/#organization\"},\"alternateName\":\"Spelivinkki Oy\",\"potentialAction\":[{\"@type\":\"SearchAction\",\"target\":{\"@type\":\"EntryPoint\",\"urlTemplate\":\"https:\\\/\\\/spelivinkki.fi\\\/?s={search_term_string}\"},\"query-input\":{\"@type\":\"PropertyValueSpecification\",\"valueRequired\":true,\"valueName\":\"search_term_string\"}}],\"inLanguage\":\"sv-SE\"},{\"@type\":\"Organization\",\"@id\":\"https:\\\/\\\/spelivinkki.fi\\\/#organization\",\"name\":\"Spelivinkki Oy\",\"alternateName\":\"Spelivinkki\",\"url\":\"https:\\\/\\\/spelivinkki.fi\\\/\",\"logo\":{\"@type\":\"ImageObject\",\"inLanguage\":\"sv-SE\",\"@id\":\"https:\\\/\\\/spelivinkki.fi\\\/#\\\/schema\\\/logo\\\/image\\\/\",\"url\":\"https:\\/\\/spelivinkki.fi\\/wp-content\\/uploads\\/2024\\/02\\/Logo.svg\",\"contentUrl\":\"https:\\/\\/spelivinkki.fi\\/wp-content\\/uploads\\/2024\\/02\\/Logo.svg\",\"width\":2176,\"height\":2323,\"caption\":\"Spelivinkki Oy\"},\"image\":{\"@id\":\"https:\\\/\\\/spelivinkki.fi\\\/#\\\/schema\\\/logo\\\/image\\\/\"},\"sameAs\":[\"https:\\\/\\\/www.facebook.com\\\/SpelivinkkiOy\\\/\",\"https:\\\/\\\/x.com\\\/SpelivinkkiOy\",\"https:\\\/\\\/www.instagram.com\\\/spelivinkkioy\\\/\"],\"description\":\"Spelivinkki Oy is a company operating both a brick-and-mortar store in Finland as well as a webshop online. We sell board games, roleplaying games, miniature wargames, logic puzzles, jigsaw puzzles and other things related to the boardgame hobby.\",\"email\":\"myynti@spelivinkki.fi\",\"telephone\":\"+358406486605\",\"legalName\":\"Spelivinkki Oy\",\"foundingDate\":\"2023-09-17\",\"vatID\":\"FI33904524\",\"numberOfEmployees\":{\"@type\":\"QuantitativeValue\",\"minValue\":\"1\",\"maxValue\":\"10\"},\"hasMerchantReturnPolicy\":{\"@type\":\"MerchantReturnPolicy\",\"merchantReturnLink\":\"https:\\\/\\\/spelivinkki.fi\\\/sv\\\/spelivinkin-vaihto-ja-palautusoikeus\\\/\"}}]}<\/script>\n<meta property=\"product:brand\" content=\"Lautapelit.fi\" \/>\n<meta property=\"product:price:amount\" content=\"15.00\" \/>\n<meta property=\"product:price:currency\" content=\"EUR\" \/>\n<meta property=\"og:availability\" content=\"instock\" \/>\n<meta property=\"product:availability\" content=\"instock\" \/>\n<meta property=\"product:retailer_item_id\" content=\"Port Royal Nordic\" \/>\n<meta property=\"product:condition\" content=\"new\" \/>\n<!-- \/ Yoast SEO Premium plugin. -->","yoast_head_json":{"title":"Port Royal (Nordic) &#8211; Spelivinkki","description":"Port Royal - Opettele kiehtovan onnenpelien salat ja hallitse riskinhallintaa. Osta kortteja omasta satamasta ja v\u00e4rv\u00e4\u00e4 sotavoimia menesty\u00e4ksesi!","robots":{"index":"index","follow":"follow","max-snippet":"max-snippet:-1","max-image-preview":"max-image-preview:large","max-video-preview":"max-video-preview:-1"},"canonical":"https:\/\/spelivinkki.fi\/sv\/produkt\/port-royal\/","og_locale":"sv_SE","og_type":"article","og_title":"Port Royal (Nordic)","og_description":"Port Royal - Opettele kiehtovan onnenpelien salat ja hallitse riskinhallintaa. Osta kortteja omasta satamasta ja v\u00e4rv\u00e4\u00e4 sotavoimia menesty\u00e4ksesi!","og_url":"https:\/\/spelivinkki.fi\/sv\/produkt\/port-royal\/","og_site_name":"Spelivinkki","article_publisher":"https:\/\/www.facebook.com\/SpelivinkkiOy\/","article_modified_time":"2025-11-21T14:15:28+00:00","og_image":[{"width":792,"height":818,"url":"https:\/\/mlw9zexfsyfr.i.optimole.com\/w:auto\/h:auto\/q:mauto\/ig:avif\/https:\/\/spelivinkki.fi\/wp-content\/uploads\/2024\/03\/Port-Royal-Tuotekuva-e1709640699960.webp","type":"image\/webp"}],"twitter_card":"summary_large_image","twitter_site":"@SpelivinkkiOy","twitter_misc":{"Pris":"15,00&nbsp;&euro;","Tillg\u00e4nglig":"I lager"},"schema":{"@context":"https:\/\/schema.org","@graph":[{"@type":"WebPage","@id":"https:\/\/spelivinkki.fi\/tuote\/port-royal\/","url":"https:\/\/spelivinkki.fi\/tuote\/port-royal\/","name":"Port Royal (Nordic) &#8211; Spelivinkki","isPartOf":{"@id":"https:\/\/spelivinkki.fi\/#website"},"primaryImageOfPage":{"@id":"https:\/\/spelivinkki.fi\/tuote\/port-royal\/#primaryimage"},"image":{"@id":"https:\/\/spelivinkki.fi\/tuote\/port-royal\/#primaryimage"},"thumbnailUrl":"https:\/\/mlw9zexfsyfr.i.optimole.com\/w:auto\/h:auto\/q:mauto\/ig:avif\/https:\/\/spelivinkki.fi\/wp-content\/uploads\/2024\/03\/Port-Royal-Tuotekuva-e1709640699960.webp","datePublished":"2024-03-05T09:30:46+00:00","dateModified":"2025-11-21T14:15:28+00:00","description":"Port Royal - Opettele kiehtovan onnenpelien salat ja hallitse riskinhallintaa. Osta kortteja omasta satamasta ja v\u00e4rv\u00e4\u00e4 sotavoimia menesty\u00e4ksesi!","breadcrumb":{"@id":"https:\/\/spelivinkki.fi\/tuote\/port-royal\/#breadcrumb"},"inLanguage":"sv-SE","potentialAction":[{"@type":"ReadAction","target":["https:\/\/spelivinkki.fi\/tuote\/port-royal\/"]}]},{"@type":"ImageObject","inLanguage":"sv-SE","@id":"https:\/\/spelivinkki.fi\/tuote\/port-royal\/#primaryimage","url":"https:\/\/mlw9zexfsyfr.i.optimole.com\/w:auto\/h:auto\/q:mauto\/ig:avif\/https:\/\/spelivinkki.fi\/wp-content\/uploads\/2024\/03\/Port-Royal-Tuotekuva-e1709640699960.webp","contentUrl":"https:\/\/mlw9zexfsyfr.i.optimole.com\/w:auto\/h:auto\/q:mauto\/ig:avif\/https:\/\/spelivinkki.fi\/wp-content\/uploads\/2024\/03\/Port-Royal-Tuotekuva-e1709640699960.webp","width":792,"height":818,"caption":"Port Royal Tuotekuva e1709640699960"},{"@type":"BreadcrumbList","@id":"https:\/\/spelivinkki.fi\/tuote\/port-royal\/#breadcrumb","itemListElement":[{"@type":"ListItem","position":1,"name":"Etusivu","item":"https:\/\/spelivinkki.fi\/"},{"@type":"ListItem","position":2,"name":"Tuotteet","item":"https:\/\/spelivinkki.fi\/tuotteet\/"},{"@type":"ListItem","position":3,"name":"Port Royal (Nordic)"}]},{"@type":"WebSite","@id":"https:\/\/spelivinkki.fi\/#website","url":"https:\/\/spelivinkki.fi\/","name":"Spelivinkki","description":"Paraisten Lautapelikauppa","publisher":{"@id":"https:\/\/spelivinkki.fi\/#organization"},"alternateName":"Spelivinkki Oy","potentialAction":[{"@type":"SearchAction","target":{"@type":"EntryPoint","urlTemplate":"https:\/\/spelivinkki.fi\/?s={search_term_string}"},"query-input":{"@type":"PropertyValueSpecification","valueRequired":true,"valueName":"search_term_string"}}],"inLanguage":"sv-SE"},{"@type":"Organization","@id":"https:\/\/spelivinkki.fi\/#organization","name":"Spelivinkki Oy","alternateName":"Spelivinkki","url":"https:\/\/spelivinkki.fi\/","logo":{"@type":"ImageObject","inLanguage":"sv-SE","@id":"https:\/\/spelivinkki.fi\/#\/schema\/logo\/image\/","url":"https:\/\/mlw9zexfsyfr.i.optimole.com\/w:auto\/h:auto\/q:mauto\/ig:avif\/https:\/\/spelivinkki.fi\/wp-content\/uploads\/2024\/02\/Logo.svg","contentUrl":"https:\/\/mlw9zexfsyfr.i.optimole.com\/w:auto\/h:auto\/q:mauto\/ig:avif\/https:\/\/spelivinkki.fi\/wp-content\/uploads\/2024\/02\/Logo.svg","width":2176,"height":2323,"caption":"Spelivinkki Oy"},"image":{"@id":"https:\/\/spelivinkki.fi\/#\/schema\/logo\/image\/"},"sameAs":["https:\/\/www.facebook.com\/SpelivinkkiOy\/","https:\/\/x.com\/SpelivinkkiOy","https:\/\/www.instagram.com\/spelivinkkioy\/"],"description":"Spelivinkki Oy is a company operating both a brick-and-mortar store in Finland as well as a webshop online. We sell board games, roleplaying games, miniature wargames, logic puzzles, jigsaw puzzles and other things related to the boardgame hobby.","email":"myynti@spelivinkki.fi","telephone":"+358406486605","legalName":"Spelivinkki Oy","foundingDate":"2023-09-17","vatID":"FI33904524","numberOfEmployees":{"@type":"QuantitativeValue","minValue":"1","maxValue":"10"},"hasMerchantReturnPolicy":{"@type":"MerchantReturnPolicy","merchantReturnLink":"https:\/\/spelivinkki.fi\/sv\/spelivinkin-vaihto-ja-palautusoikeus\/"}}]},"product_brand":"Lautapelit.fi","product_price_amount":"15.00","product_price_currency":"EUR","og_availability":"instock","product_availability":"instock","product_retailer_item_id":"Port Royal Nordic","product_condition":"new"},"_links":{"self":[{"href":"https:\/\/spelivinkki.fi\/sv\/wp-json\/wp\/v2\/product\/5790","targetHints":{"allow":["GET"]}}],"collection":[{"href":"https:\/\/spelivinkki.fi\/sv\/wp-json\/wp\/v2\/product"}],"about":[{"href":"https:\/\/spelivinkki.fi\/sv\/wp-json\/wp\/v2\/types\/product"}],"wp:featuredmedia":[{"embeddable":true,"href":"https:\/\/spelivinkki.fi\/sv\/wp-json\/wp\/v2\/media\/5792"}],"wp:attachment":[{"href":"https:\/\/spelivinkki.fi\/sv\/wp-json\/wp\/v2\/media?parent=5790"}],"wp:term":[{"taxonomy":"product_brand","embeddable":true,"href":"https:\/\/spelivinkki.fi\/sv\/wp-json\/wp\/v2\/product_brand?post=5790"},{"taxonomy":"product_cat","embeddable":true,"href":"https:\/\/spelivinkki.fi\/sv\/wp-json\/wp\/v2\/product_cat?post=5790"},{"taxonomy":"product_tag","embeddable":true,"href":"https:\/\/spelivinkki.fi\/sv\/wp-json\/wp\/v2\/product_tag?post=5790"}],"curies":[{"name":"wp","href":"https:\/\/api.w.org\/{rel}","templated":true}]}}