{"id":5795,"date":"2024-03-05T10:07:45","date_gmt":"2024-03-05T10:07:45","guid":{"rendered":"https:\/\/spelivinkki.fi\/?post_type=product&#038;p=5795"},"modified":"2025-12-20T16:05:27","modified_gmt":"2025-12-20T16:05:27","slug":"quest-for-el-dorado","status":"publish","type":"product","link":"https:\/\/spelivinkki.fi\/sv\/produkt\/quest-for-el-dorado\/","title":{"rendered":"Quest for El Dorado (Nordic)"},"content":{"rendered":"<p>Quest for El Dorado \u00e4r ett t\u00e4vlings- och d\u00e4cksbyggarspel d\u00e4r spelarna har rollen av uppt\u00e4cktsresande. Vem hinner f\u00f6rst till den mytologiska guldstaden? Spelbanan g\u00e5r att \u00e4ndra p\u00e5 innan varje spel b\u00f6rjar s\u00e5 den alltid ser annorlunda ut!<\/p>\n<p>I b\u00f6rjan av spelet har alla spelare en likadan kortlek p\u00e5 sina spelomr\u00e5den: Fyra gula kort, tre gr\u00f6na kort och ett bl\u00e5tt kort. I kortlekarna finns allts\u00e5 \u00e5tta kort sammanlagt. Varje b\u00f6rjankort \u00e4r v\u00e4rt ett steg. De gr\u00f6na korten anv\u00e4nds f\u00f6r att g\u00e5 igenom djungel, de gula genom byar och de bl\u00e5a \u00f6ver vatten. I b\u00f6rjan av sin tur drar en spelare fyra kort fr\u00e5n den egna kortleken till sin hand. D\u00e4refter anv\u00e4nder hen de korten hen vill f\u00f6r att r\u00f6ra sig. Man beh\u00f6ver dock inte anv\u00e4nda varje kort f\u00f6r att r\u00f6ra sig, utan kort som finns kvar i handen efter r\u00f6relsefasen g\u00e5r att anv\u00e4nda till att k\u00f6pa nya kort. N\u00e4r en spelares kortlek tar slut blandas den om s\u00e5 att det g\u00e5r att dra nya kort.<\/p>\n<p>Korten som g\u00e5r att k\u00f6pa finns p\u00e5 torget och de \u00e4r starkare \u00e4n de kort som spelarna f\u00e5r i sin kortlek i b\u00f6rjan av spelet. De m\u00f6jligg\u00f6r bland annat att utforskare kan r\u00f6ra sig flera steg med en g\u00e5ng s\u00e5 att det p\u00e5 fortsatta turer g\u00e5r att komma l\u00e4ngre. Eftersom spelarna varje tur forts\u00e4ttningsvis bara f\u00e5r dra upp fyra kort \u00e4r det en god id\u00e8 att se till att bara \u00f6nskv\u00e4rda kort finns i kortleken. Spelare f\u00e5r oftast chansen att ta bort kort ur spelet under spelets lopp, vilket g\u00f6r att var och en kommer att ha en kortlek som ser n\u00e5got olika ut i spelets slut. Gammalt skr\u00e4p l\u00f6nar sig att kasta bort s\u00e5 man oftare f\u00e5r anv\u00e4nda sig av de kraftigaste korten!<\/p>\n<p>P\u00e5 grund av d\u00e4cksbyggandet kommer spelare att r\u00f6ra sig genom olika omgivningar i egna takter. En del spelare har kanske valt att ge sig av tidigare, vilket g\u00f6r att de inte k\u00f6pt \u00e5t sig lika kraftiga kort, medan andra kanske har beslutat att st\u00e5 p\u00e5 st\u00e4lle en l\u00e4ngre tid f\u00f6r att samla p\u00e5 sig kraftigare kort. Man kan s\u00e4ga att de har sparat sig sj\u00e4lva f\u00f6r att komma f\u00f6rbi motst\u00e5ndarna p\u00e5 slutrakan. Platsena... F\u00e4rdiga... G\u00e5!<\/p>\n<h6><strong>Ugivarens beskrivning:<\/strong><\/h6>\n<p><em>Etel\u00e4-Amerikan tiheiden sademetsien uumenissa uinuu El Dorado, kultainen kaupunki. <\/em><\/p>\n<p><em>Se k\u00e4tkee sis\u00e4\u00e4ns\u00e4 mittaamattoman arvokkaan aarteen &#8211; kultaa, jalokivi\u00e4 ja arvoesineit\u00e4. Olette joukko rohkeita seikkailijoita, jotka l\u00e4htev\u00e4t etsim\u00e4\u00e4n kadonnutta kaupunkia. Ryhtyk\u00e4\u00e4 retkikuntien johtajiksi ja johdattakaa ryhm\u00e4nne El Doradoon. Ker\u00e4tk\u00e4\u00e4 tutkimusmatkallenne parhaat asiantuntijat, hankkikaa t\u00e4rkeit\u00e4 varusteita ja suunnitelkaa matkanne huolellisesti.<\/em><\/p>\n<p><em>Ensimm\u00e4isen\u00e4 kultaiseen kaupunkiin saapuva pelaaja nappaa aarteen ja voittaa pelin.<\/em><\/p>\n<p><em>Pelin pelaaminen lyhyesti:<\/em><br \/>\n<em>Quest for El Doradon jokaisessa peliss\u00e4 rakennetaan ensin reitti kaksipuolisista maastolaatoista. Seikkailijanappulat l\u00e4htev\u00e4t liikkeelle aloituslaatalta ja tavoitteena on liikkua maastoheksoja pitkin maalilaatalle, eli El Doradon portille.<\/em><\/p>\n<p><em>Kukin pelaaja saa oman retkikunnan, eli kuvapuoli alasp\u00e4in olevan pakan, josta h\u00e4n nostaa kortteja. Pelin alussa pakasta l\u00f6ytyy merimies, 3 tutkijaa ja 4 matkalaista. Kunkin vuoron alussa nostat pakastasi 4 korttia. N\u00e4ill\u00e4 korteilla voit liikuttaa pelinappulaasi sek\u00e4 hankkia lis\u00e4\u00e4 v\u00e4ke\u00e4 ja varusteita retkikunnallesi. V\u00e4ke\u00e4 ja varusteita hankkimalla saat lis\u00e4\u00e4 kortteja pakkaasi.<\/em><\/p>\n<p><em>Ensimm\u00e4isen\u00e4 El Doradon portin saavuttava pelaaja voittaa pelin!<\/em><\/p>","protected":false},"excerpt":{"rendered":"<ul>\n<li><strong>Spelarm\u00e4ngd:\u00a0<\/strong>2-4 (<strong>B\u00e4sta m\u00e4ngden:<\/strong> 2 eller 4)<\/li>\n<li><strong>Varaktighet:\u00a0<\/strong>30-60 min<\/li>\n<li><strong>\u00c5ldersrekommendation:\u00a0<\/strong>10+<\/li>\n<li><strong>Spr\u00e5k:\u00a0<\/strong>Finska, svenska, norska, danska, engelska<\/li>\n<li><strong>Genre:<\/strong>\u00a0T\u00e4vling, Kortleksbyggande, Handkontroll, Varierande Spelplan<\/li>\n<li><strong>Tema:\u00a0<\/strong>Utforskare, Sydamerika<\/li>\n<li><strong>Passande Sleevy Kortskydd (ing\u00e5r ej!): <\/strong>86 st M storlek<\/li>\n<li><strong>Utveckling:<\/strong> Reiner Knizia<\/li>\n<li><strong>Utgivare:<\/strong> Ravensburger \/ Lautapelit.fi<\/li>\n<\/ul>","protected":false},"featured_media":5796,"template":"","meta":{"site-sidebar-layout":"default","site-content-layout":"","ast-site-content-layout":"default","site-content-style":"default","site-sidebar-style":"default","ast-global-header-display":"","ast-banner-title-visibility":"","ast-main-header-display":"","ast-hfb-above-header-display":"","ast-hfb-below-header-display":"","ast-hfb-mobile-header-display":"","site-post-title":"","ast-breadcrumbs-content":"","ast-featured-img":"","footer-sml-layout":"","ast-disable-related-posts":"","theme-transparent-header-meta":"default","adv-header-id-meta":"","stick-header-meta":"","header-above-stick-meta":"","header-main-stick-meta":"","header-below-stick-meta":"","astra-migrate-meta-layouts":"set","ast-page-background-enabled":"default","ast-page-background-meta":{"desktop":{"background-color":"","background-image":"","background-repeat":"repeat","background-position":"center center","background-size":"auto","background-attachment":"scroll","background-type":"","background-media":"","overlay-type":"","overlay-color":"","overlay-opacity":"","overlay-gradient":""},"tablet":{"background-color":"","background-image":"","background-repeat":"repeat","background-position":"center center","background-size":"auto","background-attachment":"scroll","background-type":"","background-media":"","overlay-type":"","overlay-color":"","overlay-opacity":"","overlay-gradient":""},"mobile":{"background-color":"","background-image":"","background-repeat":"repeat","background-position":"center center","background-size":"auto","background-attachment":"scroll","background-type":"","background-media":"","overlay-type":"","overlay-color":"","overlay-opacity":"","overlay-gradient":""}},"ast-content-background-meta":{"desktop":{"background-color":"var(--ast-global-color-5)","background-image":"","background-repeat":"repeat","background-position":"center center","background-size":"auto","background-attachment":"scroll","background-type":"","background-media":"","overlay-type":"","overlay-color":"","overlay-opacity":"","overlay-gradient":""},"tablet":{"background-color":"var(--ast-global-color-5)","background-image":"","background-repeat":"repeat","background-position":"center center","background-size":"auto","background-attachment":"scroll","background-type":"","background-media":"","overlay-type":"","overlay-color":"","overlay-opacity":"","overlay-gradient":""},"mobile":{"background-color":"var(--ast-global-color-5)","background-image":"","background-repeat":"repeat","background-position":"center center","background-size":"auto","background-attachment":"scroll","background-type":"","background-media":"","overlay-type":"","overlay-color":"","overlay-opacity":"","overlay-gradient":""}}},"product_brand":[1107,1052],"product_cat":[16,279,45],"product_tag":[1118,1049,1058,1047,1117,1050,1048],"class_list":{"0":"post-5795","1":"product","2":"type-product","3":"status-publish","4":"has-post-thumbnail","6":"product_brand-lautapelit-fi","7":"product_brand-ravensburger","8":"product_cat-kaikki","9":"product_cat-pakanrakennus","10":"product_cat-strategiapelit","11":"product_tag-el-dorado-pelit","12":"product_tag-englanninkieliset-pelit","13":"product_tag-europeli","14":"product_tag-peruspeli","15":"product_tag-reiner-knizia","16":"product_tag-ruotsinkieliset-pelit","17":"product_tag-suomenkieliset-pelit","18":"product_shipping_class-standard2","19":"desktop-align-center","20":"tablet-align-center","21":"mobile-align-center","23":"first","24":"instock","25":"taxable","26":"shipping-taxable","27":"purchasable","28":"product-type-simple"},"yoast_head":"<!-- This site is optimized with the Yoast SEO Premium plugin v27.3 (Yoast SEO v27.4) - https:\/\/yoast.com\/product\/yoast-seo-premium-wordpress\/ -->\n<title>Quest for El Dorado lautapeli: Kilpailu ja pakanrakennus &#8211; Spelivinkki<\/title>\n<meta name=\"description\" content=\"Tervetuloa l\u00f6yt\u00f6retkelle! Quest for El Dorado lautapeli tarjoaa j\u00e4nnitt\u00e4v\u00e4n pelikokemuksen, jossa voit muokata polkusi l\u00e4pi viidakon. Hyp\u00e4t\u00e4\u00e4n seikkailuun!\" \/>\n<meta name=\"robots\" content=\"index, follow, max-snippet:-1, max-image-preview:large, max-video-preview:-1\" \/>\n<link rel=\"canonical\" href=\"https:\/\/spelivinkki.fi\/sv\/produkt\/quest-for-el-dorado\/\" \/>\n<meta property=\"og:locale\" content=\"sv_SE\" \/>\n<meta property=\"og:type\" content=\"article\" \/>\n<meta property=\"og:title\" content=\"Quest for El Dorado (Nordic)\" \/>\n<meta property=\"og:description\" content=\"Tervetuloa l\u00f6yt\u00f6retkelle! Quest for El Dorado lautapeli tarjoaa j\u00e4nnitt\u00e4v\u00e4n pelikokemuksen, jossa voit muokata polkusi l\u00e4pi viidakon. Hyp\u00e4t\u00e4\u00e4n seikkailuun!\" \/>\n<meta property=\"og:url\" content=\"https:\/\/spelivinkki.fi\/sv\/produkt\/quest-for-el-dorado\/\" \/>\n<meta property=\"og:site_name\" content=\"Spelivinkki\" \/>\n<meta property=\"article:publisher\" content=\"https:\/\/www.facebook.com\/SpelivinkkiOy\/\" \/>\n<meta property=\"article:modified_time\" content=\"2025-12-20T16:05:27+00:00\" \/>\n<meta property=\"og:image\" content=\"https:\/\/mlw9zexfsyfr.i.optimole.com\/w:auto\/h:auto\/q:mauto\/ig:avif\/https:\/\/spelivinkki.fi\/wp-content\/uploads\/2024\/03\/El-Dorado-Tuotekuva-e1709640644469.webp\" \/>\n\t<meta property=\"og:image:width\" content=\"792\" \/>\n\t<meta property=\"og:image:height\" content=\"785\" \/>\n\t<meta property=\"og:image:type\" content=\"image\/webp\" \/>\n<meta name=\"twitter:card\" content=\"summary_large_image\" \/>\n<meta name=\"twitter:site\" content=\"@SpelivinkkiOy\" \/>\n<meta name=\"twitter:label1\" content=\"Pris\" \/>\n\t<meta name=\"twitter:data1\" content=\"40,00&nbsp;&euro;\" \/>\n\t<meta name=\"twitter:label2\" content=\"Tillg\u00e4nglig\" \/>\n\t<meta name=\"twitter:data2\" content=\"I lager\" \/>\n<script type=\"application\/ld+json\" class=\"yoast-schema-graph\">{\"@context\":\"https:\\\/\\\/schema.org\",\"@graph\":[{\"@type\":\"WebPage\",\"@id\":\"https:\\\/\\\/spelivinkki.fi\\\/tuote\\\/quest-for-el-dorado\\\/\",\"url\":\"https:\\\/\\\/spelivinkki.fi\\\/tuote\\\/quest-for-el-dorado\\\/\",\"name\":\"Quest for El Dorado lautapeli: Kilpailu ja pakanrakennus &#8211; Spelivinkki\",\"isPartOf\":{\"@id\":\"https:\\\/\\\/spelivinkki.fi\\\/#website\"},\"primaryImageOfPage\":{\"@id\":\"https:\\\/\\\/spelivinkki.fi\\\/tuote\\\/quest-for-el-dorado\\\/#primaryimage\"},\"image\":{\"@id\":\"https:\\\/\\\/spelivinkki.fi\\\/tuote\\\/quest-for-el-dorado\\\/#primaryimage\"},\"thumbnailUrl\":\"https:\\/\\/spelivinkki.fi\\/wp-content\\/uploads\\/2024\\/03\\/El-Dorado-Tuotekuva-e1709640644469.webp\",\"datePublished\":\"2024-03-05T10:07:45+00:00\",\"dateModified\":\"2025-12-20T16:05:27+00:00\",\"description\":\"Tervetuloa l\u00f6yt\u00f6retkelle! Quest for El Dorado lautapeli tarjoaa j\u00e4nnitt\u00e4v\u00e4n pelikokemuksen, jossa voit muokata polkusi l\u00e4pi viidakon. Hyp\u00e4t\u00e4\u00e4n seikkailuun!\",\"breadcrumb\":{\"@id\":\"https:\\\/\\\/spelivinkki.fi\\\/tuote\\\/quest-for-el-dorado\\\/#breadcrumb\"},\"inLanguage\":\"sv-SE\",\"potentialAction\":[{\"@type\":\"ReadAction\",\"target\":[\"https:\\\/\\\/spelivinkki.fi\\\/tuote\\\/quest-for-el-dorado\\\/\"]}]},{\"@type\":\"ImageObject\",\"inLanguage\":\"sv-SE\",\"@id\":\"https:\\\/\\\/spelivinkki.fi\\\/tuote\\\/quest-for-el-dorado\\\/#primaryimage\",\"url\":\"https:\\/\\/spelivinkki.fi\\/wp-content\\/uploads\\/2024\\/03\\/El-Dorado-Tuotekuva-e1709640644469.webp\",\"contentUrl\":\"https:\\/\\/spelivinkki.fi\\/wp-content\\/uploads\\/2024\\/03\\/El-Dorado-Tuotekuva-e1709640644469.webp\",\"width\":792,\"height\":785,\"caption\":\"El Dorado Tuotekuva e1709640644469\"},{\"@type\":\"BreadcrumbList\",\"@id\":\"https:\\\/\\\/spelivinkki.fi\\\/tuote\\\/quest-for-el-dorado\\\/#breadcrumb\",\"itemListElement\":[{\"@type\":\"ListItem\",\"position\":1,\"name\":\"Etusivu\",\"item\":\"https:\\\/\\\/spelivinkki.fi\\\/\"},{\"@type\":\"ListItem\",\"position\":2,\"name\":\"Tuotteet\",\"item\":\"https:\\\/\\\/spelivinkki.fi\\\/tuotteet\\\/\"},{\"@type\":\"ListItem\",\"position\":3,\"name\":\"Quest for El Dorado (Nordic)\"}]},{\"@type\":\"WebSite\",\"@id\":\"https:\\\/\\\/spelivinkki.fi\\\/#website\",\"url\":\"https:\\\/\\\/spelivinkki.fi\\\/\",\"name\":\"Spelivinkki\",\"description\":\"Paraisten Lautapelikauppa\",\"publisher\":{\"@id\":\"https:\\\/\\\/spelivinkki.fi\\\/#organization\"},\"alternateName\":\"Spelivinkki Oy\",\"potentialAction\":[{\"@type\":\"SearchAction\",\"target\":{\"@type\":\"EntryPoint\",\"urlTemplate\":\"https:\\\/\\\/spelivinkki.fi\\\/?s={search_term_string}\"},\"query-input\":{\"@type\":\"PropertyValueSpecification\",\"valueRequired\":true,\"valueName\":\"search_term_string\"}}],\"inLanguage\":\"sv-SE\"},{\"@type\":\"Organization\",\"@id\":\"https:\\\/\\\/spelivinkki.fi\\\/#organization\",\"name\":\"Spelivinkki Oy\",\"alternateName\":\"Spelivinkki\",\"url\":\"https:\\\/\\\/spelivinkki.fi\\\/\",\"logo\":{\"@type\":\"ImageObject\",\"inLanguage\":\"sv-SE\",\"@id\":\"https:\\\/\\\/spelivinkki.fi\\\/#\\\/schema\\\/logo\\\/image\\\/\",\"url\":\"https:\\/\\/spelivinkki.fi\\/wp-content\\/uploads\\/2024\\/02\\/Logo.svg\",\"contentUrl\":\"https:\\/\\/spelivinkki.fi\\/wp-content\\/uploads\\/2024\\/02\\/Logo.svg\",\"width\":2176,\"height\":2323,\"caption\":\"Spelivinkki Oy\"},\"image\":{\"@id\":\"https:\\\/\\\/spelivinkki.fi\\\/#\\\/schema\\\/logo\\\/image\\\/\"},\"sameAs\":[\"https:\\\/\\\/www.facebook.com\\\/SpelivinkkiOy\\\/\",\"https:\\\/\\\/x.com\\\/SpelivinkkiOy\",\"https:\\\/\\\/www.instagram.com\\\/spelivinkkioy\\\/\"],\"description\":\"Spelivinkki Oy is a company operating both a brick-and-mortar store in Finland as well as a webshop online. We sell board games, roleplaying games, miniature wargames, logic puzzles, jigsaw puzzles and other things related to the boardgame hobby.\",\"email\":\"myynti@spelivinkki.fi\",\"telephone\":\"+358406486605\",\"legalName\":\"Spelivinkki Oy\",\"foundingDate\":\"2023-09-17\",\"vatID\":\"FI33904524\",\"numberOfEmployees\":{\"@type\":\"QuantitativeValue\",\"minValue\":\"1\",\"maxValue\":\"10\"},\"hasMerchantReturnPolicy\":{\"@type\":\"MerchantReturnPolicy\",\"merchantReturnLink\":\"https:\\\/\\\/spelivinkki.fi\\\/sv\\\/spelivinkin-vaihto-ja-palautusoikeus\\\/\"}}]}<\/script>\n<meta property=\"product:brand\" content=\"Lautapelit.fi\" \/>\n<meta property=\"product:price:amount\" content=\"40.00\" \/>\n<meta property=\"product:price:currency\" content=\"EUR\" \/>\n<meta property=\"og:availability\" content=\"instock\" \/>\n<meta property=\"product:availability\" content=\"instock\" \/>\n<meta property=\"product:retailer_item_id\" content=\"El Dorado\" \/>\n<meta property=\"product:condition\" content=\"new\" \/>\n<!-- \/ Yoast SEO Premium plugin. -->","yoast_head_json":{"title":"Quest for El Dorado lautapeli: Kilpailu ja pakanrakennus &#8211; Spelivinkki","description":"Tervetuloa l\u00f6yt\u00f6retkelle! Quest for El Dorado lautapeli tarjoaa j\u00e4nnitt\u00e4v\u00e4n pelikokemuksen, jossa voit muokata polkusi l\u00e4pi viidakon. Hyp\u00e4t\u00e4\u00e4n seikkailuun!","robots":{"index":"index","follow":"follow","max-snippet":"max-snippet:-1","max-image-preview":"max-image-preview:large","max-video-preview":"max-video-preview:-1"},"canonical":"https:\/\/spelivinkki.fi\/sv\/produkt\/quest-for-el-dorado\/","og_locale":"sv_SE","og_type":"article","og_title":"Quest for El Dorado (Nordic)","og_description":"Tervetuloa l\u00f6yt\u00f6retkelle! Quest for El Dorado lautapeli tarjoaa j\u00e4nnitt\u00e4v\u00e4n pelikokemuksen, jossa voit muokata polkusi l\u00e4pi viidakon. Hyp\u00e4t\u00e4\u00e4n seikkailuun!","og_url":"https:\/\/spelivinkki.fi\/sv\/produkt\/quest-for-el-dorado\/","og_site_name":"Spelivinkki","article_publisher":"https:\/\/www.facebook.com\/SpelivinkkiOy\/","article_modified_time":"2025-12-20T16:05:27+00:00","og_image":[{"width":792,"height":785,"url":"https:\/\/mlw9zexfsyfr.i.optimole.com\/w:auto\/h:auto\/q:mauto\/ig:avif\/https:\/\/spelivinkki.fi\/wp-content\/uploads\/2024\/03\/El-Dorado-Tuotekuva-e1709640644469.webp","type":"image\/webp"}],"twitter_card":"summary_large_image","twitter_site":"@SpelivinkkiOy","twitter_misc":{"Pris":"40,00&nbsp;&euro;","Tillg\u00e4nglig":"I lager"},"schema":{"@context":"https:\/\/schema.org","@graph":[{"@type":"WebPage","@id":"https:\/\/spelivinkki.fi\/tuote\/quest-for-el-dorado\/","url":"https:\/\/spelivinkki.fi\/tuote\/quest-for-el-dorado\/","name":"Quest for El Dorado lautapeli: Kilpailu ja pakanrakennus &#8211; Spelivinkki","isPartOf":{"@id":"https:\/\/spelivinkki.fi\/#website"},"primaryImageOfPage":{"@id":"https:\/\/spelivinkki.fi\/tuote\/quest-for-el-dorado\/#primaryimage"},"image":{"@id":"https:\/\/spelivinkki.fi\/tuote\/quest-for-el-dorado\/#primaryimage"},"thumbnailUrl":"https:\/\/mlw9zexfsyfr.i.optimole.com\/w:auto\/h:auto\/q:mauto\/ig:avif\/https:\/\/spelivinkki.fi\/wp-content\/uploads\/2024\/03\/El-Dorado-Tuotekuva-e1709640644469.webp","datePublished":"2024-03-05T10:07:45+00:00","dateModified":"2025-12-20T16:05:27+00:00","description":"Tervetuloa l\u00f6yt\u00f6retkelle! Quest for El Dorado lautapeli tarjoaa j\u00e4nnitt\u00e4v\u00e4n pelikokemuksen, jossa voit muokata polkusi l\u00e4pi viidakon. Hyp\u00e4t\u00e4\u00e4n seikkailuun!","breadcrumb":{"@id":"https:\/\/spelivinkki.fi\/tuote\/quest-for-el-dorado\/#breadcrumb"},"inLanguage":"sv-SE","potentialAction":[{"@type":"ReadAction","target":["https:\/\/spelivinkki.fi\/tuote\/quest-for-el-dorado\/"]}]},{"@type":"ImageObject","inLanguage":"sv-SE","@id":"https:\/\/spelivinkki.fi\/tuote\/quest-for-el-dorado\/#primaryimage","url":"https:\/\/mlw9zexfsyfr.i.optimole.com\/w:auto\/h:auto\/q:mauto\/ig:avif\/https:\/\/spelivinkki.fi\/wp-content\/uploads\/2024\/03\/El-Dorado-Tuotekuva-e1709640644469.webp","contentUrl":"https:\/\/mlw9zexfsyfr.i.optimole.com\/w:auto\/h:auto\/q:mauto\/ig:avif\/https:\/\/spelivinkki.fi\/wp-content\/uploads\/2024\/03\/El-Dorado-Tuotekuva-e1709640644469.webp","width":792,"height":785,"caption":"El Dorado Tuotekuva e1709640644469"},{"@type":"BreadcrumbList","@id":"https:\/\/spelivinkki.fi\/tuote\/quest-for-el-dorado\/#breadcrumb","itemListElement":[{"@type":"ListItem","position":1,"name":"Etusivu","item":"https:\/\/spelivinkki.fi\/"},{"@type":"ListItem","position":2,"name":"Tuotteet","item":"https:\/\/spelivinkki.fi\/tuotteet\/"},{"@type":"ListItem","position":3,"name":"Quest for El Dorado (Nordic)"}]},{"@type":"WebSite","@id":"https:\/\/spelivinkki.fi\/#website","url":"https:\/\/spelivinkki.fi\/","name":"Spelivinkki","description":"Paraisten Lautapelikauppa","publisher":{"@id":"https:\/\/spelivinkki.fi\/#organization"},"alternateName":"Spelivinkki Oy","potentialAction":[{"@type":"SearchAction","target":{"@type":"EntryPoint","urlTemplate":"https:\/\/spelivinkki.fi\/?s={search_term_string}"},"query-input":{"@type":"PropertyValueSpecification","valueRequired":true,"valueName":"search_term_string"}}],"inLanguage":"sv-SE"},{"@type":"Organization","@id":"https:\/\/spelivinkki.fi\/#organization","name":"Spelivinkki Oy","alternateName":"Spelivinkki","url":"https:\/\/spelivinkki.fi\/","logo":{"@type":"ImageObject","inLanguage":"sv-SE","@id":"https:\/\/spelivinkki.fi\/#\/schema\/logo\/image\/","url":"https:\/\/mlw9zexfsyfr.i.optimole.com\/w:auto\/h:auto\/q:mauto\/ig:avif\/https:\/\/spelivinkki.fi\/wp-content\/uploads\/2024\/02\/Logo.svg","contentUrl":"https:\/\/mlw9zexfsyfr.i.optimole.com\/w:auto\/h:auto\/q:mauto\/ig:avif\/https:\/\/spelivinkki.fi\/wp-content\/uploads\/2024\/02\/Logo.svg","width":2176,"height":2323,"caption":"Spelivinkki Oy"},"image":{"@id":"https:\/\/spelivinkki.fi\/#\/schema\/logo\/image\/"},"sameAs":["https:\/\/www.facebook.com\/SpelivinkkiOy\/","https:\/\/x.com\/SpelivinkkiOy","https:\/\/www.instagram.com\/spelivinkkioy\/"],"description":"Spelivinkki Oy is a company operating both a brick-and-mortar store in Finland as well as a webshop online. We sell board games, roleplaying games, miniature wargames, logic puzzles, jigsaw puzzles and other things related to the boardgame hobby.","email":"myynti@spelivinkki.fi","telephone":"+358406486605","legalName":"Spelivinkki Oy","foundingDate":"2023-09-17","vatID":"FI33904524","numberOfEmployees":{"@type":"QuantitativeValue","minValue":"1","maxValue":"10"},"hasMerchantReturnPolicy":{"@type":"MerchantReturnPolicy","merchantReturnLink":"https:\/\/spelivinkki.fi\/sv\/spelivinkin-vaihto-ja-palautusoikeus\/"}}]},"product_brand":"Lautapelit.fi","product_price_amount":"40.00","product_price_currency":"EUR","og_availability":"instock","product_availability":"instock","product_retailer_item_id":"El Dorado","product_condition":"new"},"_links":{"self":[{"href":"https:\/\/spelivinkki.fi\/sv\/wp-json\/wp\/v2\/product\/5795","targetHints":{"allow":["GET"]}}],"collection":[{"href":"https:\/\/spelivinkki.fi\/sv\/wp-json\/wp\/v2\/product"}],"about":[{"href":"https:\/\/spelivinkki.fi\/sv\/wp-json\/wp\/v2\/types\/product"}],"wp:featuredmedia":[{"embeddable":true,"href":"https:\/\/spelivinkki.fi\/sv\/wp-json\/wp\/v2\/media\/5796"}],"wp:attachment":[{"href":"https:\/\/spelivinkki.fi\/sv\/wp-json\/wp\/v2\/media?parent=5795"}],"wp:term":[{"taxonomy":"product_brand","embeddable":true,"href":"https:\/\/spelivinkki.fi\/sv\/wp-json\/wp\/v2\/product_brand?post=5795"},{"taxonomy":"product_cat","embeddable":true,"href":"https:\/\/spelivinkki.fi\/sv\/wp-json\/wp\/v2\/product_cat?post=5795"},{"taxonomy":"product_tag","embeddable":true,"href":"https:\/\/spelivinkki.fi\/sv\/wp-json\/wp\/v2\/product_tag?post=5795"}],"curies":[{"name":"wp","href":"https:\/\/api.w.org\/{rel}","templated":true}]}}