{"id":5797,"date":"2024-03-05T10:46:12","date_gmt":"2024-03-05T10:46:12","guid":{"rendered":"https:\/\/spelivinkki.fi\/?post_type=product&#038;p=5797"},"modified":"2025-07-14T20:45:24","modified_gmt":"2025-07-14T20:45:24","slug":"wingspan-fi","status":"publish","type":"product","link":"https:\/\/spelivinkki.fi\/sv\/produkt\/wingspan-fi\/","title":{"rendered":"Wingspan (FI)"},"content":{"rendered":"<p>Wingspan har med tiden blivit m\u00e5nga br\u00e4dspelares alla tiders favoritspel och det \u00e4r onekligen p\u00e5 god v\u00e4g att bli en riktig klassiker. Spelet g\u00e5r utt p\u00e5 att dess deltagare f\u00f6rs\u00f6ker samla \u00e5t sig f\u00e5glar i olika omgivningar f\u00f6r att f\u00e5 dem att l\u00e4gga egg. Vissa f\u00e5glar har specialkrafter som fungerar v\u00e4ldigt bra ihop och kommer att ge spelaren goda chanser att plocka \u00e5t sig po\u00e4ng och d\u00e4rmed vinna spelet.<\/p>\n<p>Under sin tur kan en spelare g\u00f6ra en av tre olika saker:<\/p>\n<ul>\n<li>A. Skaffa mat fr\u00e5n automaten (Med hj\u00e4lp av mat kan f\u00e5gelkort spelas ut fr\u00e5n handen)<\/li>\n<li>B. L\u00e4gga \u00e4gg p\u00e5 f\u00e5gelkort (\u00c4gg fungerar b\u00e5de som po\u00e4ng och som valuta ifall spelaren vill f\u00e5 tillg\u00e5ng till fler m\u00f6jligheter)<\/li>\n<li>C. Plocka f\u00e5gelkort i handen (F\u00e5glar som spelas ut kan antingen genast ge po\u00e4ng eller s\u00e5 har de specialkrafter som g\u00f6r att de kan ge po\u00e4ng d\u00e5 vissa krav uppfylls)<\/li>\n<\/ul>\n<p>Spelet har v\u00e4ldigt fina bilder och \u00e4r l\u00e4rorikt! I basspelet \u00e4r Amerikanska f\u00e5glar i huvudrollen.<\/p>\n<h6><strong>Ugivarens beskrivning:<\/strong><\/h6>\n<p><em>Wingspan on kauniisti kuvitettu lintuaiheinen peli, joka on ihastuttanut pelaajia ymp\u00e4ri maailmaa. Se on ker\u00e4nnyt melkoisen m\u00e4\u00e4r\u00e4n erilaisia pelipalkintoja, mukaan lukien 2019 Kennerspiel des Jahresin, joka jaetaan vuosittain perhepeli\u00e4 v\u00e4h\u00e4n haastavammille peleille. Nyt t\u00e4m\u00e4 hittipeli on saatavilla my\u00f6s suomeksi!<\/em><\/p>\n<p><em>Ryhdy lintuharrastajaksi \u2013 tutkijaksi, bongariksi, suojelijaksi \u2013 ja houkuttele upeimmat linnut suojelualueellesi. Kukin kolmesta elinymp\u00e4rist\u00f6st\u00e4 vahvistaa lintukantaasi eri tavoilla, joita ker\u00e4\u00e4miesi lintujen ominaisuudet tehostavat:<\/em><\/p>\n<p><em>Hanki ruokaa valitsemalla noppia ruokinta-automaatista<\/em><br \/>\n<em>Muni v\u00e4rikk\u00e4it\u00e4 munia lintukorteillesi<\/em><br \/>\n<em>Nosta ja pelaa lintukortteja, jotka ovat kaikki erilaisia<\/em><br \/>\n<em>Ker\u00e4\u00e4 monipuolinen linnusto, joka saa suojelualueesi kukoistamaan ja tuottaa parhaat pisteet!<\/em><\/p>","protected":false},"excerpt":{"rendered":"<ul>\n<li><strong>Spelarm\u00e4ngd:\u00a0<\/strong>1-5 (<strong>B\u00e4sta m\u00e4ngden:<\/strong> 3)<\/li>\n<li><strong>Varaktighet:\u00a0<\/strong>40-70 min<\/li>\n<li><strong>\u00c5ldersrekommendation:\u00a0<\/strong>10+<\/li>\n<li><strong>Spr\u00e5k:\u00a0<\/strong>Finska<\/li>\n<li><strong>Genre:<\/strong>\u00a0T\u00e4rningar, resursplockande, samling<\/li>\n<li><strong>Tema:\u00a0<\/strong>F\u00e5glar, L\u00e4rorikt<\/li>\n<li><strong>Passande Sleevy Kortskydd (ing\u00e5r ej!): <\/strong>212 st M storlek<\/li>\n<li><strong>Utveckling:<\/strong> Elizabeth Hargrave<\/li>\n<li><strong>Utgivare:<\/strong> Stonemaier Games \/ Lautapelit.fi<\/li>\n<\/ul>","protected":false},"featured_media":5798,"template":"","meta":{"site-sidebar-layout":"default","site-content-layout":"","ast-site-content-layout":"default","site-content-style":"default","site-sidebar-style":"default","ast-global-header-display":"","ast-banner-title-visibility":"","ast-main-header-display":"","ast-hfb-above-header-display":"","ast-hfb-below-header-display":"","ast-hfb-mobile-header-display":"","site-post-title":"","ast-breadcrumbs-content":"","ast-featured-img":"","footer-sml-layout":"","ast-disable-related-posts":"","theme-transparent-header-meta":"default","adv-header-id-meta":"","stick-header-meta":"","header-above-stick-meta":"","header-main-stick-meta":"","header-below-stick-meta":"","astra-migrate-meta-layouts":"set","ast-page-background-enabled":"default","ast-page-background-meta":{"desktop":{"background-color":"","background-image":"","background-repeat":"repeat","background-position":"center center","background-size":"auto","background-attachment":"scroll","background-type":"","background-media":"","overlay-type":"","overlay-color":"","overlay-opacity":"","overlay-gradient":""},"tablet":{"background-color":"","background-image":"","background-repeat":"repeat","background-position":"center center","background-size":"auto","background-attachment":"scroll","background-type":"","background-media":"","overlay-type":"","overlay-color":"","overlay-opacity":"","overlay-gradient":""},"mobile":{"background-color":"","background-image":"","background-repeat":"repeat","background-position":"center center","background-size":"auto","background-attachment":"scroll","background-type":"","background-media":"","overlay-type":"","overlay-color":"","overlay-opacity":"","overlay-gradient":""}},"ast-content-background-meta":{"desktop":{"background-color":"var(--ast-global-color-5)","background-image":"","background-repeat":"repeat","background-position":"center center","background-size":"auto","background-attachment":"scroll","background-type":"","background-media":"","overlay-type":"","overlay-color":"","overlay-opacity":"","overlay-gradient":""},"tablet":{"background-color":"var(--ast-global-color-5)","background-image":"","background-repeat":"repeat","background-position":"center center","background-size":"auto","background-attachment":"scroll","background-type":"","background-media":"","overlay-type":"","overlay-color":"","overlay-opacity":"","overlay-gradient":""},"mobile":{"background-color":"var(--ast-global-color-5)","background-image":"","background-repeat":"repeat","background-position":"center center","background-size":"auto","background-attachment":"scroll","background-type":"","background-media":"","overlay-type":"","overlay-color":"","overlay-opacity":"","overlay-gradient":""}}},"product_brand":[1107,1119],"product_cat":[16,278,45],"product_tag":[1121,1058,1047,1048,1120],"class_list":{"0":"post-5797","1":"product","2":"type-product","3":"status-publish","4":"has-post-thumbnail","6":"product_brand-lautapelit-fi","7":"product_brand-stonemaier-games","8":"product_cat-kaikki","9":"product_cat-settikeraily","10":"product_cat-strategiapelit","11":"product_tag-elizabeth-hargrave","12":"product_tag-europeli","13":"product_tag-peruspeli","14":"product_tag-suomenkieliset-pelit","15":"product_tag-wingspan-pelit","16":"product_shipping_class-standard2","17":"desktop-align-center","18":"tablet-align-center","19":"mobile-align-center","21":"first","22":"instock","23":"taxable","24":"shipping-taxable","25":"purchasable","26":"product-type-simple"},"yoast_head":"<!-- This site is optimized with the Yoast SEO Premium plugin v27.3 (Yoast SEO v27.4) - https:\/\/yoast.com\/product\/yoast-seo-premium-wordpress\/ -->\n<title>Wingspan lautapeli: Ihastuttava peli lintujen ker\u00e4\u00e4misest\u00e4 &#8211; Spelivinkki<\/title>\n<meta name=\"description\" content=\"Wingspan lautapeli on suosittu lintuaiheinen peli, jossa ker\u00e4\u00e4t lintuja eri elinymp\u00e4rist\u00f6ihin ja saat niit\u00e4 munimaan. Tule kokemaan t\u00e4m\u00e4 palkittu hittipeli!\" \/>\n<meta name=\"robots\" content=\"index, follow, max-snippet:-1, max-image-preview:large, max-video-preview:-1\" \/>\n<link rel=\"canonical\" href=\"https:\/\/spelivinkki.fi\/sv\/produkt\/wingspan-fi\/\" \/>\n<meta property=\"og:locale\" content=\"sv_SE\" \/>\n<meta property=\"og:type\" content=\"article\" \/>\n<meta property=\"og:title\" content=\"Wingspan (FI)\" \/>\n<meta property=\"og:description\" content=\"Wingspan lautapeli on suosittu lintuaiheinen peli, jossa ker\u00e4\u00e4t lintuja eri elinymp\u00e4rist\u00f6ihin ja saat niit\u00e4 munimaan. Tule kokemaan t\u00e4m\u00e4 palkittu hittipeli!\" \/>\n<meta property=\"og:url\" content=\"https:\/\/spelivinkki.fi\/sv\/produkt\/wingspan-fi\/\" \/>\n<meta property=\"og:site_name\" content=\"Spelivinkki\" \/>\n<meta property=\"article:publisher\" content=\"https:\/\/www.facebook.com\/SpelivinkkiOy\/\" \/>\n<meta property=\"article:modified_time\" content=\"2025-07-14T20:45:24+00:00\" \/>\n<meta property=\"og:image\" content=\"https:\/\/mlw9zexfsyfr.i.optimole.com\/w:auto\/h:auto\/q:mauto\/ig:avif\/https:\/\/spelivinkki.fi\/wp-content\/uploads\/2024\/03\/Wingspan-Tuotekuva.webp\" \/>\n\t<meta property=\"og:image:width\" content=\"820\" \/>\n\t<meta property=\"og:image:height\" content=\"818\" \/>\n\t<meta property=\"og:image:type\" content=\"image\/webp\" \/>\n<meta name=\"twitter:card\" content=\"summary_large_image\" \/>\n<meta name=\"twitter:site\" content=\"@SpelivinkkiOy\" \/>\n<meta name=\"twitter:label1\" content=\"Pris\" \/>\n\t<meta name=\"twitter:data1\" content=\"52,00&nbsp;&euro;\" \/>\n\t<meta name=\"twitter:label2\" content=\"Tillg\u00e4nglig\" \/>\n\t<meta name=\"twitter:data2\" content=\"I lager\" \/>\n<script type=\"application\/ld+json\" class=\"yoast-schema-graph\">{\"@context\":\"https:\\\/\\\/schema.org\",\"@graph\":[{\"@type\":\"WebPage\",\"@id\":\"https:\\\/\\\/spelivinkki.fi\\\/tuote\\\/wingspan-fi\\\/\",\"url\":\"https:\\\/\\\/spelivinkki.fi\\\/tuote\\\/wingspan-fi\\\/\",\"name\":\"Wingspan lautapeli: Ihastuttava peli lintujen ker\u00e4\u00e4misest\u00e4 &#8211; Spelivinkki\",\"isPartOf\":{\"@id\":\"https:\\\/\\\/spelivinkki.fi\\\/#website\"},\"primaryImageOfPage\":{\"@id\":\"https:\\\/\\\/spelivinkki.fi\\\/tuote\\\/wingspan-fi\\\/#primaryimage\"},\"image\":{\"@id\":\"https:\\\/\\\/spelivinkki.fi\\\/tuote\\\/wingspan-fi\\\/#primaryimage\"},\"thumbnailUrl\":\"https:\\/\\/spelivinkki.fi\\/wp-content\\/uploads\\/2024\\/03\\/Wingspan-Tuotekuva.webp\",\"datePublished\":\"2024-03-05T10:46:12+00:00\",\"dateModified\":\"2025-07-14T20:45:24+00:00\",\"description\":\"Wingspan lautapeli on suosittu lintuaiheinen peli, jossa ker\u00e4\u00e4t lintuja eri elinymp\u00e4rist\u00f6ihin ja saat niit\u00e4 munimaan. Tule kokemaan t\u00e4m\u00e4 palkittu hittipeli!\",\"breadcrumb\":{\"@id\":\"https:\\\/\\\/spelivinkki.fi\\\/tuote\\\/wingspan-fi\\\/#breadcrumb\"},\"inLanguage\":\"sv-SE\",\"potentialAction\":[{\"@type\":\"ReadAction\",\"target\":[\"https:\\\/\\\/spelivinkki.fi\\\/tuote\\\/wingspan-fi\\\/\"]}]},{\"@type\":\"ImageObject\",\"inLanguage\":\"sv-SE\",\"@id\":\"https:\\\/\\\/spelivinkki.fi\\\/tuote\\\/wingspan-fi\\\/#primaryimage\",\"url\":\"https:\\/\\/spelivinkki.fi\\/wp-content\\/uploads\\/2024\\/03\\/Wingspan-Tuotekuva.webp\",\"contentUrl\":\"https:\\/\\/spelivinkki.fi\\/wp-content\\/uploads\\/2024\\/03\\/Wingspan-Tuotekuva.webp\",\"width\":820,\"height\":818,\"caption\":\"Wingspan Tuotekuva\"},{\"@type\":\"BreadcrumbList\",\"@id\":\"https:\\\/\\\/spelivinkki.fi\\\/tuote\\\/wingspan-fi\\\/#breadcrumb\",\"itemListElement\":[{\"@type\":\"ListItem\",\"position\":1,\"name\":\"Etusivu\",\"item\":\"https:\\\/\\\/spelivinkki.fi\\\/\"},{\"@type\":\"ListItem\",\"position\":2,\"name\":\"Tuotteet\",\"item\":\"https:\\\/\\\/spelivinkki.fi\\\/tuotteet\\\/\"},{\"@type\":\"ListItem\",\"position\":3,\"name\":\"Wingspan (FI)\"}]},{\"@type\":\"WebSite\",\"@id\":\"https:\\\/\\\/spelivinkki.fi\\\/#website\",\"url\":\"https:\\\/\\\/spelivinkki.fi\\\/\",\"name\":\"Spelivinkki\",\"description\":\"Paraisten Lautapelikauppa\",\"publisher\":{\"@id\":\"https:\\\/\\\/spelivinkki.fi\\\/#organization\"},\"alternateName\":\"Spelivinkki Oy\",\"potentialAction\":[{\"@type\":\"SearchAction\",\"target\":{\"@type\":\"EntryPoint\",\"urlTemplate\":\"https:\\\/\\\/spelivinkki.fi\\\/?s={search_term_string}\"},\"query-input\":{\"@type\":\"PropertyValueSpecification\",\"valueRequired\":true,\"valueName\":\"search_term_string\"}}],\"inLanguage\":\"sv-SE\"},{\"@type\":\"Organization\",\"@id\":\"https:\\\/\\\/spelivinkki.fi\\\/#organization\",\"name\":\"Spelivinkki Oy\",\"alternateName\":\"Spelivinkki\",\"url\":\"https:\\\/\\\/spelivinkki.fi\\\/\",\"logo\":{\"@type\":\"ImageObject\",\"inLanguage\":\"sv-SE\",\"@id\":\"https:\\\/\\\/spelivinkki.fi\\\/#\\\/schema\\\/logo\\\/image\\\/\",\"url\":\"https:\\/\\/spelivinkki.fi\\/wp-content\\/uploads\\/2024\\/02\\/Logo.svg\",\"contentUrl\":\"https:\\/\\/spelivinkki.fi\\/wp-content\\/uploads\\/2024\\/02\\/Logo.svg\",\"width\":2176,\"height\":2323,\"caption\":\"Spelivinkki Oy\"},\"image\":{\"@id\":\"https:\\\/\\\/spelivinkki.fi\\\/#\\\/schema\\\/logo\\\/image\\\/\"},\"sameAs\":[\"https:\\\/\\\/www.facebook.com\\\/SpelivinkkiOy\\\/\",\"https:\\\/\\\/x.com\\\/SpelivinkkiOy\",\"https:\\\/\\\/www.instagram.com\\\/spelivinkkioy\\\/\"],\"description\":\"Spelivinkki Oy is a company operating both a brick-and-mortar store in Finland as well as a webshop online. We sell board games, roleplaying games, miniature wargames, logic puzzles, jigsaw puzzles and other things related to the boardgame hobby.\",\"email\":\"myynti@spelivinkki.fi\",\"telephone\":\"+358406486605\",\"legalName\":\"Spelivinkki Oy\",\"foundingDate\":\"2023-09-17\",\"vatID\":\"FI33904524\",\"numberOfEmployees\":{\"@type\":\"QuantitativeValue\",\"minValue\":\"1\",\"maxValue\":\"10\"},\"hasMerchantReturnPolicy\":{\"@type\":\"MerchantReturnPolicy\",\"merchantReturnLink\":\"https:\\\/\\\/spelivinkki.fi\\\/sv\\\/spelivinkin-vaihto-ja-palautusoikeus\\\/\"}}]}<\/script>\n<meta property=\"product:brand\" content=\"Lautapelit.fi\" \/>\n<meta property=\"product:price:amount\" content=\"52.00\" \/>\n<meta property=\"product:price:currency\" content=\"EUR\" \/>\n<meta property=\"og:availability\" content=\"instock\" \/>\n<meta property=\"product:availability\" content=\"instock\" \/>\n<meta property=\"product:retailer_item_id\" content=\"Wingspan FI\" \/>\n<meta property=\"product:condition\" content=\"new\" \/>\n<!-- \/ Yoast SEO Premium plugin. -->","yoast_head_json":{"title":"Wingspan lautapeli: Ihastuttava peli lintujen ker\u00e4\u00e4misest\u00e4 &#8211; Spelivinkki","description":"Wingspan lautapeli on suosittu lintuaiheinen peli, jossa ker\u00e4\u00e4t lintuja eri elinymp\u00e4rist\u00f6ihin ja saat niit\u00e4 munimaan. Tule kokemaan t\u00e4m\u00e4 palkittu hittipeli!","robots":{"index":"index","follow":"follow","max-snippet":"max-snippet:-1","max-image-preview":"max-image-preview:large","max-video-preview":"max-video-preview:-1"},"canonical":"https:\/\/spelivinkki.fi\/sv\/produkt\/wingspan-fi\/","og_locale":"sv_SE","og_type":"article","og_title":"Wingspan (FI)","og_description":"Wingspan lautapeli on suosittu lintuaiheinen peli, jossa ker\u00e4\u00e4t lintuja eri elinymp\u00e4rist\u00f6ihin ja saat niit\u00e4 munimaan. Tule kokemaan t\u00e4m\u00e4 palkittu hittipeli!","og_url":"https:\/\/spelivinkki.fi\/sv\/produkt\/wingspan-fi\/","og_site_name":"Spelivinkki","article_publisher":"https:\/\/www.facebook.com\/SpelivinkkiOy\/","article_modified_time":"2025-07-14T20:45:24+00:00","og_image":[{"width":820,"height":818,"url":"https:\/\/mlw9zexfsyfr.i.optimole.com\/w:auto\/h:auto\/q:mauto\/ig:avif\/https:\/\/spelivinkki.fi\/wp-content\/uploads\/2024\/03\/Wingspan-Tuotekuva.webp","type":"image\/webp"}],"twitter_card":"summary_large_image","twitter_site":"@SpelivinkkiOy","twitter_misc":{"Pris":"52,00&nbsp;&euro;","Tillg\u00e4nglig":"I lager"},"schema":{"@context":"https:\/\/schema.org","@graph":[{"@type":"WebPage","@id":"https:\/\/spelivinkki.fi\/tuote\/wingspan-fi\/","url":"https:\/\/spelivinkki.fi\/tuote\/wingspan-fi\/","name":"Wingspan lautapeli: Ihastuttava peli lintujen ker\u00e4\u00e4misest\u00e4 &#8211; Spelivinkki","isPartOf":{"@id":"https:\/\/spelivinkki.fi\/#website"},"primaryImageOfPage":{"@id":"https:\/\/spelivinkki.fi\/tuote\/wingspan-fi\/#primaryimage"},"image":{"@id":"https:\/\/spelivinkki.fi\/tuote\/wingspan-fi\/#primaryimage"},"thumbnailUrl":"https:\/\/mlw9zexfsyfr.i.optimole.com\/w:auto\/h:auto\/q:mauto\/ig:avif\/https:\/\/spelivinkki.fi\/wp-content\/uploads\/2024\/03\/Wingspan-Tuotekuva.webp","datePublished":"2024-03-05T10:46:12+00:00","dateModified":"2025-07-14T20:45:24+00:00","description":"Wingspan lautapeli on suosittu lintuaiheinen peli, jossa ker\u00e4\u00e4t lintuja eri elinymp\u00e4rist\u00f6ihin ja saat niit\u00e4 munimaan. Tule kokemaan t\u00e4m\u00e4 palkittu hittipeli!","breadcrumb":{"@id":"https:\/\/spelivinkki.fi\/tuote\/wingspan-fi\/#breadcrumb"},"inLanguage":"sv-SE","potentialAction":[{"@type":"ReadAction","target":["https:\/\/spelivinkki.fi\/tuote\/wingspan-fi\/"]}]},{"@type":"ImageObject","inLanguage":"sv-SE","@id":"https:\/\/spelivinkki.fi\/tuote\/wingspan-fi\/#primaryimage","url":"https:\/\/mlw9zexfsyfr.i.optimole.com\/w:auto\/h:auto\/q:mauto\/ig:avif\/https:\/\/spelivinkki.fi\/wp-content\/uploads\/2024\/03\/Wingspan-Tuotekuva.webp","contentUrl":"https:\/\/mlw9zexfsyfr.i.optimole.com\/w:auto\/h:auto\/q:mauto\/ig:avif\/https:\/\/spelivinkki.fi\/wp-content\/uploads\/2024\/03\/Wingspan-Tuotekuva.webp","width":820,"height":818,"caption":"Wingspan Tuotekuva"},{"@type":"BreadcrumbList","@id":"https:\/\/spelivinkki.fi\/tuote\/wingspan-fi\/#breadcrumb","itemListElement":[{"@type":"ListItem","position":1,"name":"Etusivu","item":"https:\/\/spelivinkki.fi\/"},{"@type":"ListItem","position":2,"name":"Tuotteet","item":"https:\/\/spelivinkki.fi\/tuotteet\/"},{"@type":"ListItem","position":3,"name":"Wingspan (FI)"}]},{"@type":"WebSite","@id":"https:\/\/spelivinkki.fi\/#website","url":"https:\/\/spelivinkki.fi\/","name":"Spelivinkki","description":"Paraisten Lautapelikauppa","publisher":{"@id":"https:\/\/spelivinkki.fi\/#organization"},"alternateName":"Spelivinkki Oy","potentialAction":[{"@type":"SearchAction","target":{"@type":"EntryPoint","urlTemplate":"https:\/\/spelivinkki.fi\/?s={search_term_string}"},"query-input":{"@type":"PropertyValueSpecification","valueRequired":true,"valueName":"search_term_string"}}],"inLanguage":"sv-SE"},{"@type":"Organization","@id":"https:\/\/spelivinkki.fi\/#organization","name":"Spelivinkki Oy","alternateName":"Spelivinkki","url":"https:\/\/spelivinkki.fi\/","logo":{"@type":"ImageObject","inLanguage":"sv-SE","@id":"https:\/\/spelivinkki.fi\/#\/schema\/logo\/image\/","url":"https:\/\/mlw9zexfsyfr.i.optimole.com\/w:auto\/h:auto\/q:mauto\/ig:avif\/https:\/\/spelivinkki.fi\/wp-content\/uploads\/2024\/02\/Logo.svg","contentUrl":"https:\/\/mlw9zexfsyfr.i.optimole.com\/w:auto\/h:auto\/q:mauto\/ig:avif\/https:\/\/spelivinkki.fi\/wp-content\/uploads\/2024\/02\/Logo.svg","width":2176,"height":2323,"caption":"Spelivinkki Oy"},"image":{"@id":"https:\/\/spelivinkki.fi\/#\/schema\/logo\/image\/"},"sameAs":["https:\/\/www.facebook.com\/SpelivinkkiOy\/","https:\/\/x.com\/SpelivinkkiOy","https:\/\/www.instagram.com\/spelivinkkioy\/"],"description":"Spelivinkki Oy is a company operating both a brick-and-mortar store in Finland as well as a webshop online. We sell board games, roleplaying games, miniature wargames, logic puzzles, jigsaw puzzles and other things related to the boardgame hobby.","email":"myynti@spelivinkki.fi","telephone":"+358406486605","legalName":"Spelivinkki Oy","foundingDate":"2023-09-17","vatID":"FI33904524","numberOfEmployees":{"@type":"QuantitativeValue","minValue":"1","maxValue":"10"},"hasMerchantReturnPolicy":{"@type":"MerchantReturnPolicy","merchantReturnLink":"https:\/\/spelivinkki.fi\/sv\/spelivinkin-vaihto-ja-palautusoikeus\/"}}]},"product_brand":"Lautapelit.fi","product_price_amount":"52.00","product_price_currency":"EUR","og_availability":"instock","product_availability":"instock","product_retailer_item_id":"Wingspan FI","product_condition":"new"},"_links":{"self":[{"href":"https:\/\/spelivinkki.fi\/sv\/wp-json\/wp\/v2\/product\/5797","targetHints":{"allow":["GET"]}}],"collection":[{"href":"https:\/\/spelivinkki.fi\/sv\/wp-json\/wp\/v2\/product"}],"about":[{"href":"https:\/\/spelivinkki.fi\/sv\/wp-json\/wp\/v2\/types\/product"}],"wp:featuredmedia":[{"embeddable":true,"href":"https:\/\/spelivinkki.fi\/sv\/wp-json\/wp\/v2\/media\/5798"}],"wp:attachment":[{"href":"https:\/\/spelivinkki.fi\/sv\/wp-json\/wp\/v2\/media?parent=5797"}],"wp:term":[{"taxonomy":"product_brand","embeddable":true,"href":"https:\/\/spelivinkki.fi\/sv\/wp-json\/wp\/v2\/product_brand?post=5797"},{"taxonomy":"product_cat","embeddable":true,"href":"https:\/\/spelivinkki.fi\/sv\/wp-json\/wp\/v2\/product_cat?post=5797"},{"taxonomy":"product_tag","embeddable":true,"href":"https:\/\/spelivinkki.fi\/sv\/wp-json\/wp\/v2\/product_tag?post=5797"}],"curies":[{"name":"wp","href":"https:\/\/api.w.org\/{rel}","templated":true}]}}