{"id":5833,"date":"2024-03-08T13:08:44","date_gmt":"2024-03-08T13:08:44","guid":{"rendered":"https:\/\/spelivinkki.fi\/?post_type=product&#038;p=5833"},"modified":"2025-02-27T07:58:16","modified_gmt":"2025-02-27T07:58:16","slug":"quest-for-el-dorado-2","status":"publish","type":"product","link":"https:\/\/spelivinkki.fi\/sv\/produkt\/quest-for-el-dorado-2\/","title":{"rendered":"Quest for El Dorado \u2013 Drakar, Skatter och Mysterier Expansion"},"content":{"rendered":"<p>Denna expansion ger Quest for El Dorado basspelet tre nya s\u00e5 kallade moduler. Drakar tvingar utforskare att g\u00f6mma sig, vilket f\u00f6rhindrar deras v\u00e4g igenom terr\u00e4ngen. Ytterligare m\u00f6jligheter att laga k\u00e4ppar i hjulet p\u00e5 motst\u00e5ndarna \u00e4r att spelare kan flytta p\u00e5 drakarna. Skatter g\u00f6r i sin tur att det \u00e4r m\u00f6jligt att vinna spelet utan att komma till El Dorado och modulen med Mysterier inneh\u00e5ller dalbrickor, vilkas omgivning f\u00f6rst visas d\u00e5 n\u00e5gon spelare st\u00e5r bredvid dem.<\/p>\n<p>Att det finns moduler betyder i praktiken det att inte alla aspekter av expansionen m\u00e5ste tas med f\u00f6r att spela. Expansionens utgivare har utvecklat den s\u00e5 att det g\u00e5r att v\u00e4lja bara omtyckta delar med i spelet om man s\u00e5 vill.<\/p>\n<h6><strong>Ugivarens beskrivning:<\/strong><\/h6>\n<p><em>Lis\u00e4osa Quest for Eldorado peliin.<\/em><\/p>\n<p><em>Etel\u00e4- Amerikan tiheiden sademetsien uumenissa uinuu EL DORADO, kultainen kaupunki. Se k\u00e4tkee sis\u00e4\u00e4ns\u00e4 mittaamattoman arvokkaan aarteen &#8211; kultaa, jalokivi\u00e4 ja arvoesineit\u00e4. Olette joukko rohkeita seikkailijoita, jotka l\u00e4htev\u00e4t etsim\u00e4\u00e4n kadonnutta kaupunkia. Kun etenette tuntemattomille seuduille, kohtaatte salaper\u00e4isi\u00e4 sumuisia laaksoja, joiden sis\u00e4lt\u00f6 on aina arvoitus. Varokaa my\u00f6s her\u00e4tt\u00e4m\u00e4st\u00e4 uinuvia lohik\u00e4\u00e4rmeit\u00e4. Vaan miss\u00e4 on lohik\u00e4\u00e4rmeit\u00e4, siell\u00e4 on my\u00f6s aarteita, joita voitte ker\u00e4t\u00e4 mukaanne. Ensimm\u00e4isen\u00e4 kultaiseen kaupunkiin saapuva pelaaja voittaa pelin.<\/em><\/p>\n<p><em>T\u00e4m\u00e4 lis\u00e4osa sis\u00e4lt\u00e4\u00e4 kolme uutta moduulia, joita voi k\u00e4ytt\u00e4\u00e4 yhdess\u00e4 tai erikseen:<\/em><\/p>\n<p><em>Lohik\u00e4\u00e4rmeet lis\u00e4\u00e4 peliin lohik\u00e4\u00e4rmenappulat, joita voitte siirrell\u00e4, mutta joilta teid\u00e4n t\u00e4ytyy my\u00f6s piiloutua.<\/em><br \/>\n<em>Aarteet lis\u00e4\u00e4 peliin aarremerkit, joita voitte poimia pelaamalla kortteja tai k\u00e4ytt\u00e4m\u00e4ll\u00e4 metallinpaljastinta.<\/em><br \/>\n<em>Arvoitukset sis\u00e4lt\u00e4\u00e4 kuvapuoli alasp\u00e4in asetettavia laaksolaattoja, joita paljastetaan vasta, kun saavutte niiden viereen.<\/em><\/p>\n<p><em>T\u00e4m\u00e4n lis\u00e4osan pelaamiseen vaaditaan QUEST FOR EL DORADO -peruspeli. N\u00e4it\u00e4 moduuleita voi vapaasti yhdistell\u00e4 muiden lis\u00e4osien kanssa.<\/em><\/p>","protected":false},"excerpt":{"rendered":"<p><strong>OBS!<\/strong> Detta \u00e4r en expansion som beh\u00f6ver Quest for El Dorado basspelet f\u00f6r att spelas!<\/p>\n<ul>\n<li><strong>Spelarm\u00e4ngd:\u00a0<\/strong>2-4 (<strong>B\u00e4sta m\u00e4ngden:<\/strong> 2 eller 4)<\/li>\n<li><strong>Varaktighet:\u00a0<\/strong>30-60 min<\/li>\n<li><strong>\u00c5ldersrekommendation:\u00a0<\/strong>10+<\/li>\n<li><strong>Spr\u00e5k:\u00a0<\/strong>Finska, svenska, norska, danska, engelska<\/li>\n<li><strong>Genre:<\/strong>\u00a0T\u00e4vling, Kortleksbyggande, Handkontroll, Varierande Spelplan<\/li>\n<li><strong>Tema:\u00a0<\/strong>Utforskare, Sydamerika<\/li>\n<li><strong>Passande Sleevy Kortskydd (ing\u00e5r ej!): <\/strong>12 st M storlek<\/li>\n<li><strong>Utveckling:<\/strong> Reiner Knizia<\/li>\n<li><strong>Utgivare:<\/strong> 999 Games \/ Lautapelit.fi<\/li>\n<\/ul>","protected":false},"featured_media":5831,"template":"","meta":{"site-sidebar-layout":"default","site-content-layout":"","ast-site-content-layout":"default","site-content-style":"default","site-sidebar-style":"default","ast-global-header-display":"","ast-banner-title-visibility":"","ast-main-header-display":"","ast-hfb-above-header-display":"","ast-hfb-below-header-display":"","ast-hfb-mobile-header-display":"","site-post-title":"","ast-breadcrumbs-content":"","ast-featured-img":"","footer-sml-layout":"","ast-disable-related-posts":"","theme-transparent-header-meta":"default","adv-header-id-meta":"","stick-header-meta":"","header-above-stick-meta":"","header-main-stick-meta":"","header-below-stick-meta":"","astra-migrate-meta-layouts":"set","ast-page-background-enabled":"default","ast-page-background-meta":{"desktop":{"background-color":"","background-image":"","background-repeat":"repeat","background-position":"center center","background-size":"auto","background-attachment":"scroll","background-type":"","background-media":"","overlay-type":"","overlay-color":"","overlay-opacity":"","overlay-gradient":""},"tablet":{"background-color":"","background-image":"","background-repeat":"repeat","background-position":"center center","background-size":"auto","background-attachment":"scroll","background-type":"","background-media":"","overlay-type":"","overlay-color":"","overlay-opacity":"","overlay-gradient":""},"mobile":{"background-color":"","background-image":"","background-repeat":"repeat","background-position":"center center","background-size":"auto","background-attachment":"scroll","background-type":"","background-media":"","overlay-type":"","overlay-color":"","overlay-opacity":"","overlay-gradient":""}},"ast-content-background-meta":{"desktop":{"background-color":"var(--ast-global-color-5)","background-image":"","background-repeat":"repeat","background-position":"center center","background-size":"auto","background-attachment":"scroll","background-type":"","background-media":"","overlay-type":"","overlay-color":"","overlay-opacity":"","overlay-gradient":""},"tablet":{"background-color":"var(--ast-global-color-5)","background-image":"","background-repeat":"repeat","background-position":"center center","background-size":"auto","background-attachment":"scroll","background-type":"","background-media":"","overlay-type":"","overlay-color":"","overlay-opacity":"","overlay-gradient":""},"mobile":{"background-color":"var(--ast-global-color-5)","background-image":"","background-repeat":"repeat","background-position":"center center","background-size":"auto","background-attachment":"scroll","background-type":"","background-media":"","overlay-type":"","overlay-color":"","overlay-opacity":"","overlay-gradient":""}}},"product_brand":[1123,1107],"product_cat":[16,279,45],"product_tag":[1118,1049,1058,1115,1117,1050,1048],"class_list":{"0":"post-5833","1":"product","2":"type-product","3":"status-publish","4":"has-post-thumbnail","6":"product_brand-999-games","7":"product_brand-lautapelit-fi","8":"product_cat-kaikki","9":"product_cat-pakanrakennus","10":"product_cat-strategiapelit","11":"product_tag-el-dorado-pelit","12":"product_tag-englanninkieliset-pelit","13":"product_tag-europeli","14":"product_tag-lisaosa","15":"product_tag-reiner-knizia","16":"product_tag-ruotsinkieliset-pelit","17":"product_tag-suomenkieliset-pelit","18":"product_shipping_class-standard2","19":"desktop-align-center","20":"tablet-align-center","21":"mobile-align-center","23":"first","24":"instock","25":"taxable","26":"shipping-taxable","27":"purchasable","28":"product-type-simple"},"yoast_head":"<!-- This site is optimized with the Yoast SEO Premium plugin v27.3 (Yoast SEO v27.4) - https:\/\/yoast.com\/product\/yoast-seo-premium-wordpress\/ -->\n<title>Quest for El Dorado - Lohik\u00e4\u00e4rmeet, Aarteet ja Mysteerit Lis\u00e4osa &#8211; Spelivinkki<\/title>\n<meta name=\"description\" content=\"Lis\u00e4\u00e4 j\u00e4nnityst\u00e4 Quest for El Dorado -peliisi Lohik\u00e4\u00e4rmeet Aarteet ja Mysteerit lis\u00e4osan avulla. Osoita rohkeutesi ja ker\u00e4\u00e4 arvokkaita aarteita!\" \/>\n<meta name=\"robots\" content=\"index, follow, max-snippet:-1, max-image-preview:large, max-video-preview:-1\" \/>\n<link rel=\"canonical\" href=\"https:\/\/spelivinkki.fi\/sv\/produkt\/quest-for-el-dorado-2\/\" \/>\n<meta property=\"og:locale\" content=\"sv_SE\" \/>\n<meta property=\"og:type\" content=\"article\" \/>\n<meta property=\"og:title\" content=\"Quest for El Dorado - Lohik\u00e4\u00e4rmeet, Aarteet ja Mysteerit Lis\u00e4osa\" \/>\n<meta property=\"og:description\" content=\"Lis\u00e4\u00e4 j\u00e4nnityst\u00e4 Quest for El Dorado -peliisi Lohik\u00e4\u00e4rmeet Aarteet ja Mysteerit lis\u00e4osan avulla. Osoita rohkeutesi ja ker\u00e4\u00e4 arvokkaita aarteita!\" \/>\n<meta property=\"og:url\" content=\"https:\/\/spelivinkki.fi\/sv\/produkt\/quest-for-el-dorado-2\/\" \/>\n<meta property=\"og:site_name\" content=\"Spelivinkki\" \/>\n<meta property=\"article:publisher\" content=\"https:\/\/www.facebook.com\/SpelivinkkiOy\/\" \/>\n<meta property=\"article:modified_time\" content=\"2025-02-27T07:58:16+00:00\" \/>\n<meta property=\"og:image\" content=\"https:\/\/mlw9zexfsyfr.i.optimole.com\/w:auto\/h:auto\/q:mauto\/ig:avif\/https:\/\/spelivinkki.fi\/wp-content\/uploads\/2024\/03\/Quest-for-El-Dorado-Dragons-Treasures-and-Mysteries-FI-Tuotekuva.webp\" \/>\n\t<meta property=\"og:image:width\" content=\"771\" \/>\n\t<meta property=\"og:image:height\" content=\"774\" \/>\n\t<meta property=\"og:image:type\" content=\"image\/webp\" \/>\n<meta name=\"twitter:card\" content=\"summary_large_image\" \/>\n<meta name=\"twitter:site\" content=\"@SpelivinkkiOy\" \/>\n<meta name=\"twitter:label1\" content=\"Pris\" \/>\n\t<meta name=\"twitter:data1\" content=\"25,00&nbsp;&euro;\" \/>\n\t<meta name=\"twitter:label2\" content=\"Tillg\u00e4nglig\" \/>\n\t<meta name=\"twitter:data2\" content=\"I lager\" \/>\n<script type=\"application\/ld+json\" class=\"yoast-schema-graph\">{\"@context\":\"https:\\\/\\\/schema.org\",\"@graph\":[{\"@type\":\"WebPage\",\"@id\":\"https:\\\/\\\/spelivinkki.fi\\\/tuote\\\/quest-for-el-dorado-2\\\/\",\"url\":\"https:\\\/\\\/spelivinkki.fi\\\/tuote\\\/quest-for-el-dorado-2\\\/\",\"name\":\"Quest for El Dorado - Lohik\u00e4\u00e4rmeet, Aarteet ja Mysteerit Lis\u00e4osa &#8211; Spelivinkki\",\"isPartOf\":{\"@id\":\"https:\\\/\\\/spelivinkki.fi\\\/#website\"},\"primaryImageOfPage\":{\"@id\":\"https:\\\/\\\/spelivinkki.fi\\\/tuote\\\/quest-for-el-dorado-2\\\/#primaryimage\"},\"image\":{\"@id\":\"https:\\\/\\\/spelivinkki.fi\\\/tuote\\\/quest-for-el-dorado-2\\\/#primaryimage\"},\"thumbnailUrl\":\"https:\\/\\/spelivinkki.fi\\/wp-content\\/uploads\\/2024\\/03\\/Quest-for-El-Dorado-Dragons-Treasures-and-Mysteries-FI-Tuotekuva.webp\",\"datePublished\":\"2024-03-08T13:08:44+00:00\",\"dateModified\":\"2025-02-27T07:58:16+00:00\",\"description\":\"Lis\u00e4\u00e4 j\u00e4nnityst\u00e4 Quest for El Dorado -peliisi Lohik\u00e4\u00e4rmeet Aarteet ja Mysteerit lis\u00e4osan avulla. Osoita rohkeutesi ja ker\u00e4\u00e4 arvokkaita aarteita!\",\"breadcrumb\":{\"@id\":\"https:\\\/\\\/spelivinkki.fi\\\/tuote\\\/quest-for-el-dorado-2\\\/#breadcrumb\"},\"inLanguage\":\"sv-SE\",\"potentialAction\":[{\"@type\":\"ReadAction\",\"target\":[\"https:\\\/\\\/spelivinkki.fi\\\/tuote\\\/quest-for-el-dorado-2\\\/\"]}]},{\"@type\":\"ImageObject\",\"inLanguage\":\"sv-SE\",\"@id\":\"https:\\\/\\\/spelivinkki.fi\\\/tuote\\\/quest-for-el-dorado-2\\\/#primaryimage\",\"url\":\"https:\\/\\/spelivinkki.fi\\/wp-content\\/uploads\\/2024\\/03\\/Quest-for-El-Dorado-Dragons-Treasures-and-Mysteries-FI-Tuotekuva.webp\",\"contentUrl\":\"https:\\/\\/spelivinkki.fi\\/wp-content\\/uploads\\/2024\\/03\\/Quest-for-El-Dorado-Dragons-Treasures-and-Mysteries-FI-Tuotekuva.webp\",\"width\":771,\"height\":774,\"caption\":\"Quest for El Dorado Dragons Treasures and Mysteries FI Tuotekuva\"},{\"@type\":\"BreadcrumbList\",\"@id\":\"https:\\\/\\\/spelivinkki.fi\\\/tuote\\\/quest-for-el-dorado-2\\\/#breadcrumb\",\"itemListElement\":[{\"@type\":\"ListItem\",\"position\":1,\"name\":\"Etusivu\",\"item\":\"https:\\\/\\\/spelivinkki.fi\\\/\"},{\"@type\":\"ListItem\",\"position\":2,\"name\":\"Tuotteet\",\"item\":\"https:\\\/\\\/spelivinkki.fi\\\/tuotteet\\\/\"},{\"@type\":\"ListItem\",\"position\":3,\"name\":\"Quest for El Dorado &#8211; Lohik\u00e4\u00e4rmeet, Aarteet ja Mysteerit Lis\u00e4osa\"}]},{\"@type\":\"WebSite\",\"@id\":\"https:\\\/\\\/spelivinkki.fi\\\/#website\",\"url\":\"https:\\\/\\\/spelivinkki.fi\\\/\",\"name\":\"Spelivinkki\",\"description\":\"Paraisten Lautapelikauppa\",\"publisher\":{\"@id\":\"https:\\\/\\\/spelivinkki.fi\\\/#organization\"},\"alternateName\":\"Spelivinkki Oy\",\"potentialAction\":[{\"@type\":\"SearchAction\",\"target\":{\"@type\":\"EntryPoint\",\"urlTemplate\":\"https:\\\/\\\/spelivinkki.fi\\\/?s={search_term_string}\"},\"query-input\":{\"@type\":\"PropertyValueSpecification\",\"valueRequired\":true,\"valueName\":\"search_term_string\"}}],\"inLanguage\":\"sv-SE\"},{\"@type\":\"Organization\",\"@id\":\"https:\\\/\\\/spelivinkki.fi\\\/#organization\",\"name\":\"Spelivinkki Oy\",\"alternateName\":\"Spelivinkki\",\"url\":\"https:\\\/\\\/spelivinkki.fi\\\/\",\"logo\":{\"@type\":\"ImageObject\",\"inLanguage\":\"sv-SE\",\"@id\":\"https:\\\/\\\/spelivinkki.fi\\\/#\\\/schema\\\/logo\\\/image\\\/\",\"url\":\"https:\\/\\/spelivinkki.fi\\/wp-content\\/uploads\\/2024\\/02\\/Logo.svg\",\"contentUrl\":\"https:\\/\\/spelivinkki.fi\\/wp-content\\/uploads\\/2024\\/02\\/Logo.svg\",\"width\":2176,\"height\":2323,\"caption\":\"Spelivinkki Oy\"},\"image\":{\"@id\":\"https:\\\/\\\/spelivinkki.fi\\\/#\\\/schema\\\/logo\\\/image\\\/\"},\"sameAs\":[\"https:\\\/\\\/www.facebook.com\\\/SpelivinkkiOy\\\/\",\"https:\\\/\\\/x.com\\\/SpelivinkkiOy\",\"https:\\\/\\\/www.instagram.com\\\/spelivinkkioy\\\/\"],\"description\":\"Spelivinkki Oy is a company operating both a brick-and-mortar store in Finland as well as a webshop online. We sell board games, roleplaying games, miniature wargames, logic puzzles, jigsaw puzzles and other things related to the boardgame hobby.\",\"email\":\"myynti@spelivinkki.fi\",\"telephone\":\"+358406486605\",\"legalName\":\"Spelivinkki Oy\",\"foundingDate\":\"2023-09-17\",\"vatID\":\"FI33904524\",\"numberOfEmployees\":{\"@type\":\"QuantitativeValue\",\"minValue\":\"1\",\"maxValue\":\"10\"},\"hasMerchantReturnPolicy\":{\"@type\":\"MerchantReturnPolicy\",\"merchantReturnLink\":\"https:\\\/\\\/spelivinkki.fi\\\/sv\\\/spelivinkin-vaihto-ja-palautusoikeus\\\/\"}}]}<\/script>\n<meta property=\"product:brand\" content=\"999 Games\" \/>\n<meta property=\"product:price:amount\" content=\"25.00\" \/>\n<meta property=\"product:price:currency\" content=\"EUR\" \/>\n<meta property=\"og:availability\" content=\"instock\" \/>\n<meta property=\"product:availability\" content=\"instock\" \/>\n<meta property=\"product:retailer_item_id\" content=\"Quest For El Dorado Dragons, Treasures and Mysteries FI\" \/>\n<meta property=\"product:condition\" content=\"new\" \/>\n<!-- \/ Yoast SEO Premium plugin. -->","yoast_head_json":{"title":"Quest for El Dorado - Lohik\u00e4\u00e4rmeet, Aarteet ja Mysteerit Lis\u00e4osa &#8211; Spelivinkki","description":"Lis\u00e4\u00e4 j\u00e4nnityst\u00e4 Quest for El Dorado -peliisi Lohik\u00e4\u00e4rmeet Aarteet ja Mysteerit lis\u00e4osan avulla. Osoita rohkeutesi ja ker\u00e4\u00e4 arvokkaita aarteita!","robots":{"index":"index","follow":"follow","max-snippet":"max-snippet:-1","max-image-preview":"max-image-preview:large","max-video-preview":"max-video-preview:-1"},"canonical":"https:\/\/spelivinkki.fi\/sv\/produkt\/quest-for-el-dorado-2\/","og_locale":"sv_SE","og_type":"article","og_title":"Quest for El Dorado - Lohik\u00e4\u00e4rmeet, Aarteet ja Mysteerit Lis\u00e4osa","og_description":"Lis\u00e4\u00e4 j\u00e4nnityst\u00e4 Quest for El Dorado -peliisi Lohik\u00e4\u00e4rmeet Aarteet ja Mysteerit lis\u00e4osan avulla. Osoita rohkeutesi ja ker\u00e4\u00e4 arvokkaita aarteita!","og_url":"https:\/\/spelivinkki.fi\/sv\/produkt\/quest-for-el-dorado-2\/","og_site_name":"Spelivinkki","article_publisher":"https:\/\/www.facebook.com\/SpelivinkkiOy\/","article_modified_time":"2025-02-27T07:58:16+00:00","og_image":[{"width":771,"height":774,"url":"https:\/\/mlw9zexfsyfr.i.optimole.com\/w:auto\/h:auto\/q:mauto\/ig:avif\/https:\/\/spelivinkki.fi\/wp-content\/uploads\/2024\/03\/Quest-for-El-Dorado-Dragons-Treasures-and-Mysteries-FI-Tuotekuva.webp","type":"image\/webp"}],"twitter_card":"summary_large_image","twitter_site":"@SpelivinkkiOy","twitter_misc":{"Pris":"25,00&nbsp;&euro;","Tillg\u00e4nglig":"I lager"},"schema":{"@context":"https:\/\/schema.org","@graph":[{"@type":"WebPage","@id":"https:\/\/spelivinkki.fi\/tuote\/quest-for-el-dorado-2\/","url":"https:\/\/spelivinkki.fi\/tuote\/quest-for-el-dorado-2\/","name":"Quest for El Dorado - Lohik\u00e4\u00e4rmeet, Aarteet ja Mysteerit Lis\u00e4osa &#8211; Spelivinkki","isPartOf":{"@id":"https:\/\/spelivinkki.fi\/#website"},"primaryImageOfPage":{"@id":"https:\/\/spelivinkki.fi\/tuote\/quest-for-el-dorado-2\/#primaryimage"},"image":{"@id":"https:\/\/spelivinkki.fi\/tuote\/quest-for-el-dorado-2\/#primaryimage"},"thumbnailUrl":"https:\/\/mlw9zexfsyfr.i.optimole.com\/w:auto\/h:auto\/q:mauto\/ig:avif\/https:\/\/spelivinkki.fi\/wp-content\/uploads\/2024\/03\/Quest-for-El-Dorado-Dragons-Treasures-and-Mysteries-FI-Tuotekuva.webp","datePublished":"2024-03-08T13:08:44+00:00","dateModified":"2025-02-27T07:58:16+00:00","description":"Lis\u00e4\u00e4 j\u00e4nnityst\u00e4 Quest for El Dorado -peliisi Lohik\u00e4\u00e4rmeet Aarteet ja Mysteerit lis\u00e4osan avulla. Osoita rohkeutesi ja ker\u00e4\u00e4 arvokkaita aarteita!","breadcrumb":{"@id":"https:\/\/spelivinkki.fi\/tuote\/quest-for-el-dorado-2\/#breadcrumb"},"inLanguage":"sv-SE","potentialAction":[{"@type":"ReadAction","target":["https:\/\/spelivinkki.fi\/tuote\/quest-for-el-dorado-2\/"]}]},{"@type":"ImageObject","inLanguage":"sv-SE","@id":"https:\/\/spelivinkki.fi\/tuote\/quest-for-el-dorado-2\/#primaryimage","url":"https:\/\/mlw9zexfsyfr.i.optimole.com\/w:auto\/h:auto\/q:mauto\/ig:avif\/https:\/\/spelivinkki.fi\/wp-content\/uploads\/2024\/03\/Quest-for-El-Dorado-Dragons-Treasures-and-Mysteries-FI-Tuotekuva.webp","contentUrl":"https:\/\/mlw9zexfsyfr.i.optimole.com\/w:auto\/h:auto\/q:mauto\/ig:avif\/https:\/\/spelivinkki.fi\/wp-content\/uploads\/2024\/03\/Quest-for-El-Dorado-Dragons-Treasures-and-Mysteries-FI-Tuotekuva.webp","width":771,"height":774,"caption":"Quest for El Dorado Dragons Treasures and Mysteries FI Tuotekuva"},{"@type":"BreadcrumbList","@id":"https:\/\/spelivinkki.fi\/tuote\/quest-for-el-dorado-2\/#breadcrumb","itemListElement":[{"@type":"ListItem","position":1,"name":"Etusivu","item":"https:\/\/spelivinkki.fi\/"},{"@type":"ListItem","position":2,"name":"Tuotteet","item":"https:\/\/spelivinkki.fi\/tuotteet\/"},{"@type":"ListItem","position":3,"name":"Quest for El Dorado &#8211; Lohik\u00e4\u00e4rmeet, Aarteet ja Mysteerit Lis\u00e4osa"}]},{"@type":"WebSite","@id":"https:\/\/spelivinkki.fi\/#website","url":"https:\/\/spelivinkki.fi\/","name":"Spelivinkki","description":"Paraisten Lautapelikauppa","publisher":{"@id":"https:\/\/spelivinkki.fi\/#organization"},"alternateName":"Spelivinkki Oy","potentialAction":[{"@type":"SearchAction","target":{"@type":"EntryPoint","urlTemplate":"https:\/\/spelivinkki.fi\/?s={search_term_string}"},"query-input":{"@type":"PropertyValueSpecification","valueRequired":true,"valueName":"search_term_string"}}],"inLanguage":"sv-SE"},{"@type":"Organization","@id":"https:\/\/spelivinkki.fi\/#organization","name":"Spelivinkki Oy","alternateName":"Spelivinkki","url":"https:\/\/spelivinkki.fi\/","logo":{"@type":"ImageObject","inLanguage":"sv-SE","@id":"https:\/\/spelivinkki.fi\/#\/schema\/logo\/image\/","url":"https:\/\/mlw9zexfsyfr.i.optimole.com\/w:auto\/h:auto\/q:mauto\/ig:avif\/https:\/\/spelivinkki.fi\/wp-content\/uploads\/2024\/02\/Logo.svg","contentUrl":"https:\/\/mlw9zexfsyfr.i.optimole.com\/w:auto\/h:auto\/q:mauto\/ig:avif\/https:\/\/spelivinkki.fi\/wp-content\/uploads\/2024\/02\/Logo.svg","width":2176,"height":2323,"caption":"Spelivinkki Oy"},"image":{"@id":"https:\/\/spelivinkki.fi\/#\/schema\/logo\/image\/"},"sameAs":["https:\/\/www.facebook.com\/SpelivinkkiOy\/","https:\/\/x.com\/SpelivinkkiOy","https:\/\/www.instagram.com\/spelivinkkioy\/"],"description":"Spelivinkki Oy is a company operating both a brick-and-mortar store in Finland as well as a webshop online. We sell board games, roleplaying games, miniature wargames, logic puzzles, jigsaw puzzles and other things related to the boardgame hobby.","email":"myynti@spelivinkki.fi","telephone":"+358406486605","legalName":"Spelivinkki Oy","foundingDate":"2023-09-17","vatID":"FI33904524","numberOfEmployees":{"@type":"QuantitativeValue","minValue":"1","maxValue":"10"},"hasMerchantReturnPolicy":{"@type":"MerchantReturnPolicy","merchantReturnLink":"https:\/\/spelivinkki.fi\/sv\/spelivinkin-vaihto-ja-palautusoikeus\/"}}]},"product_brand":"999 Games","product_price_amount":"25.00","product_price_currency":"EUR","og_availability":"instock","product_availability":"instock","product_retailer_item_id":"Quest For El Dorado Dragons, Treasures and Mysteries FI","product_condition":"new"},"_links":{"self":[{"href":"https:\/\/spelivinkki.fi\/sv\/wp-json\/wp\/v2\/product\/5833","targetHints":{"allow":["GET"]}}],"collection":[{"href":"https:\/\/spelivinkki.fi\/sv\/wp-json\/wp\/v2\/product"}],"about":[{"href":"https:\/\/spelivinkki.fi\/sv\/wp-json\/wp\/v2\/types\/product"}],"wp:featuredmedia":[{"embeddable":true,"href":"https:\/\/spelivinkki.fi\/sv\/wp-json\/wp\/v2\/media\/5831"}],"wp:attachment":[{"href":"https:\/\/spelivinkki.fi\/sv\/wp-json\/wp\/v2\/media?parent=5833"}],"wp:term":[{"taxonomy":"product_brand","embeddable":true,"href":"https:\/\/spelivinkki.fi\/sv\/wp-json\/wp\/v2\/product_brand?post=5833"},{"taxonomy":"product_cat","embeddable":true,"href":"https:\/\/spelivinkki.fi\/sv\/wp-json\/wp\/v2\/product_cat?post=5833"},{"taxonomy":"product_tag","embeddable":true,"href":"https:\/\/spelivinkki.fi\/sv\/wp-json\/wp\/v2\/product_tag?post=5833"}],"curies":[{"name":"wp","href":"https:\/\/api.w.org\/{rel}","templated":true}]}}