{"id":5843,"date":"2024-03-12T10:35:34","date_gmt":"2024-03-12T10:35:34","guid":{"rendered":"https:\/\/spelivinkki.fi\/?post_type=product&#038;p=5843"},"modified":"2026-03-17T18:01:56","modified_gmt":"2026-03-17T18:01:56","slug":"betrayal-at-house-on-the-hill-3rd-edition","status":"publish","type":"product","link":"https:\/\/spelivinkki.fi\/sv\/produkt\/betrayal-at-house-on-the-hill-3rd-edition\/","title":{"rendered":"Betrayal at House on the Hill, 3rd Edition (EN)"},"content":{"rendered":"<p>Betrayal at House on the Hill utspelar sig i ett sp\u00f6khus vars ritning \u00e4r skiftande och olika i varje spel. Alla spelare har en karakt\u00e4r till sitt f\u00f6rfogande, med vars hj\u00e4lp hen kan unders\u00f6ka huset f\u00f6r att \u00f6verleva och finna v\u00e4gen ut. I b\u00f6rjan av spelet arbetar alla spelare tillsammans f\u00f6r att klara sig i den farliga omgivningen men vad som helst kan h\u00e4nda i ett sp\u00f6khus, s\u00e5 saker och ting kan hastigt f\u00f6r\u00e4ndras! I ett typiskt Betrayal spel blir en av spelarna f\u00f6rr\u00e4dare n\u00e4r det b\u00f6rjar sp\u00f6ka i huset. Eftersom ingen vet vem som kommer att vara f\u00f6rr\u00e4daren i b\u00f6rjan passar betrayal even f\u00f6r dem som inte har pokerfejs. \ud83d\ude09<\/p>\n<p>Spelet \u00e4r endast tillg\u00e4ngligt p\u00e5 engelska.<\/p>\n<h6><strong>Publisher description in English:<\/strong><\/h6>\n<p><em>The House on the Hill still sits abandoned, and fearless group of explorers has been drawn to the house to discover its dark secrets. Immerse yourself in the narrative gameplay as you take on the role of one of those explorers. The Betrayal at House on the Hill 3rd Edition cooperative board game includes 50 chilling haunts and dozens of danger-filled rooms that will terrify even the strongest among you. At first you&#8217;ll work together, but beware\u2026one explorer will betray the others and then the haunt begins. This edition of the popular haunted house traitor game features content and gaming elements that help new players jump right in. So gather friends for a game night of monsters, miniatures, and modular board pieces in this immersive, story-driven hidden traitor game for 3-6 players, ages 12 and up. Avalon Hill and all related trademarks and logos are trademarks of Hasbro, Inc.<\/em><\/p>\n<ul>\n<li><em>EXCITING THIRD EDITION: This edition of the Betrayal at the House on the Hill game is rich with horror-based content, gaming elements, and characters not seen in previous versions<\/em><\/li>\n<li><em>HAUNTED HOUSE TRAITOR GAME: Players must work together to survive the nightmare\u2026but beware! The house turns one player against the others in this cooperative strategy game<\/em><\/li>\n<li><em>GREAT FOR NEW PLAYERS: This 3rd Edition of the game features artwork, rule books, trackers, and cards that will help new players navigate the game and jump right in<\/em><\/li>\n<li><em>MODULAR BOARD PIECES: The Betrayal at House on the Hill tabletop game features 50 blood-curdling scenarios. Each trip to the house promises fresh horrors and a new story is created every time you play<\/em><\/li>\n<li><em>MINIATURES BOARD GAME: The game includes 6 finely detailed character figures, each with a removable colored disc, and features 12 diverse characters not seen in previous editions<\/em><\/li>\n<li><em>Ages 12 and up<\/em><\/li>\n<li><em>3 to 6 Players<\/em><\/li>\n<li><em>Includes Traitor&#8217;s Tome and Secrets of Survival haunt books, 6 double-sided character boards, 6 finely detailed character figures, 6 character figure bases, 30 clips, 8 dice, 74 game cards, 5 Scenario cards, Monster reference card, Traitor reference card, 6 Player reference cards, 3 starting tiles, 42 single room tiles, number track and pointer, 114 cardboard tokens, and rulebook.<\/em><\/li>\n<\/ul>","protected":false},"excerpt":{"rendered":"<ul>\n<li><strong>Spelarm\u00e4ngd:<\/strong> 3-6 (<strong>B\u00e4sta m\u00e4ngden:<\/strong> 5)<\/li>\n<li><strong>Varaktighet:<\/strong> 60 min<\/li>\n<li><strong>\u00c5ldersrekommendation:<\/strong> 12+<\/li>\n<li><strong>Spr\u00e5k:<\/strong> Engelska<\/li>\n<li><strong>Genre:<\/strong> Varierande spelomr\u00e5de, Rollspel, Ber\u00e4ttelse, Olika spelarkrafter, Spelareliminering<\/li>\n<li><strong>Tema:<\/strong> Skr\u00e4ck, Sp\u00f6khus<\/li>\n<li><strong>Utveckling:<\/strong> Dave Chalker, Banana Chan, Noah Cohen, Bruce Glassco, Brian Neff, Will Sobel, Jabari Weathers<\/li>\n<li><strong>Utgivare:<\/strong> Avalon Hill \/ Hasbro<\/li>\n<\/ul>","protected":false},"featured_media":5844,"template":"","meta":{"site-sidebar-layout":"default","site-content-layout":"","ast-site-content-layout":"default","site-content-style":"default","site-sidebar-style":"default","ast-global-header-display":"","ast-banner-title-visibility":"","ast-main-header-display":"","ast-hfb-above-header-display":"","ast-hfb-below-header-display":"","ast-hfb-mobile-header-display":"","site-post-title":"","ast-breadcrumbs-content":"","ast-featured-img":"","footer-sml-layout":"","ast-disable-related-posts":"","theme-transparent-header-meta":"default","adv-header-id-meta":"","stick-header-meta":"","header-above-stick-meta":"","header-main-stick-meta":"","header-below-stick-meta":"","astra-migrate-meta-layouts":"set","ast-page-background-enabled":"default","ast-page-background-meta":{"desktop":{"background-color":"","background-image":"","background-repeat":"repeat","background-position":"center center","background-size":"auto","background-attachment":"scroll","background-type":"","background-media":"","overlay-type":"","overlay-color":"","overlay-opacity":"","overlay-gradient":""},"tablet":{"background-color":"","background-image":"","background-repeat":"repeat","background-position":"center center","background-size":"auto","background-attachment":"scroll","background-type":"","background-media":"","overlay-type":"","overlay-color":"","overlay-opacity":"","overlay-gradient":""},"mobile":{"background-color":"","background-image":"","background-repeat":"repeat","background-position":"center center","background-size":"auto","background-attachment":"scroll","background-type":"","background-media":"","overlay-type":"","overlay-color":"","overlay-opacity":"","overlay-gradient":""}},"ast-content-background-meta":{"desktop":{"background-color":"var(--ast-global-color-5)","background-image":"","background-repeat":"repeat","background-position":"center center","background-size":"auto","background-attachment":"scroll","background-type":"","background-media":"","overlay-type":"","overlay-color":"","overlay-opacity":"","overlay-gradient":""},"tablet":{"background-color":"var(--ast-global-color-5)","background-image":"","background-repeat":"repeat","background-position":"center center","background-size":"auto","background-attachment":"scroll","background-type":"","background-media":"","overlay-type":"","overlay-color":"","overlay-opacity":"","overlay-gradient":""},"mobile":{"background-color":"var(--ast-global-color-5)","background-image":"","background-repeat":"repeat","background-position":"center center","background-size":"auto","background-attachment":"scroll","background-type":"","background-media":"","overlay-type":"","overlay-color":"","overlay-opacity":"","overlay-gradient":""}}},"product_brand":[1128,1127],"product_cat":[47,16,50],"product_tag":[1085,1130,1136,1133,1132,1129,1049,1135,1131,1134],"class_list":{"0":"post-5843","1":"product","2":"type-product","3":"status-publish","4":"has-post-thumbnail","6":"product_brand-avalon-hill","7":"product_brand-hasbro","8":"product_cat-joukkuepelit","9":"product_cat-kaikki","10":"product_cat-yksi-monta-vastaan","11":"product_tag-ameripelit","12":"product_tag-banana-chan","13":"product_tag-betrayal-pelit","14":"product_tag-brian-neff","15":"product_tag-bruce-glassco","16":"product_tag-dave-chalker","17":"product_tag-englanninkieliset-pelit","18":"product_tag-jabari-weathers","19":"product_tag-noah-cohen","20":"product_tag-will-sobel","21":"product_shipping_class-standard2","22":"desktop-align-center","23":"tablet-align-center","24":"mobile-align-center","26":"first","27":"outofstock","28":"taxable","29":"shipping-taxable","30":"purchasable","31":"product-type-simple"},"yoast_head":"<!-- This site is optimized with the Yoast SEO Premium plugin v27.3 (Yoast SEO v27.4) - https:\/\/yoast.com\/product\/yoast-seo-premium-wordpress\/ -->\n<title>Betrayal at House on the Hill, 3rd Edition (EN) &#8211; Spelivinkki<\/title>\n<meta name=\"description\" content=\"T\u00e4m\u00e4 kiehtova seikkailupeli vie sinut hyyt\u00e4v\u00e4\u00e4n kummitustaloon. Selvit\u00e4 salaisuudet ja taistele pettureita vastaan. Uskallatko astua sis\u00e4\u00e4n? \ud83d\udc7b\" \/>\n<meta name=\"robots\" content=\"index, follow, max-snippet:-1, max-image-preview:large, max-video-preview:-1\" \/>\n<link rel=\"canonical\" href=\"https:\/\/spelivinkki.fi\/sv\/produkt\/betrayal-at-house-on-the-hill-3rd-edition\/\" \/>\n<meta property=\"og:locale\" content=\"sv_SE\" \/>\n<meta property=\"og:type\" content=\"article\" \/>\n<meta property=\"og:title\" content=\"Betrayal at House on the Hill, 3rd Edition (EN)\" \/>\n<meta property=\"og:description\" content=\"T\u00e4m\u00e4 kiehtova seikkailupeli vie sinut hyyt\u00e4v\u00e4\u00e4n kummitustaloon. Selvit\u00e4 salaisuudet ja taistele pettureita vastaan. Uskallatko astua sis\u00e4\u00e4n? \ud83d\udc7b\" \/>\n<meta property=\"og:url\" content=\"https:\/\/spelivinkki.fi\/sv\/produkt\/betrayal-at-house-on-the-hill-3rd-edition\/\" \/>\n<meta property=\"og:site_name\" content=\"Spelivinkki\" \/>\n<meta property=\"article:publisher\" content=\"https:\/\/www.facebook.com\/SpelivinkkiOy\/\" \/>\n<meta property=\"article:modified_time\" content=\"2026-03-17T18:01:56+00:00\" \/>\n<meta property=\"og:image\" content=\"https:\/\/mlw9zexfsyfr.i.optimole.com\/w:auto\/h:auto\/q:mauto\/ig:avif\/https:\/\/spelivinkki.fi\/wp-content\/uploads\/2024\/03\/Betrayal-3E-Tuotekuva-scaled.webp\" \/>\n\t<meta property=\"og:image:width\" content=\"2560\" \/>\n\t<meta property=\"og:image:height\" content=\"2560\" \/>\n\t<meta property=\"og:image:type\" content=\"image\/webp\" \/>\n<meta name=\"twitter:card\" content=\"summary_large_image\" \/>\n<meta name=\"twitter:site\" content=\"@SpelivinkkiOy\" \/>\n<meta name=\"twitter:label1\" content=\"Pris\" \/>\n\t<meta name=\"twitter:data1\" content=\"52,00&nbsp;&euro;\" \/>\n\t<meta name=\"twitter:label2\" content=\"Tillg\u00e4nglig\" \/>\n\t<meta name=\"twitter:data2\" content=\"Slut i lager\" \/>\n<script type=\"application\/ld+json\" class=\"yoast-schema-graph\">{\"@context\":\"https:\\\/\\\/schema.org\",\"@graph\":[{\"@type\":\"WebPage\",\"@id\":\"https:\\\/\\\/spelivinkki.fi\\\/tuote\\\/betrayal-at-house-on-the-hill-3rd-edition\\\/\",\"url\":\"https:\\\/\\\/spelivinkki.fi\\\/tuote\\\/betrayal-at-house-on-the-hill-3rd-edition\\\/\",\"name\":\"Betrayal at House on the Hill, 3rd Edition (EN) &#8211; Spelivinkki\",\"isPartOf\":{\"@id\":\"https:\\\/\\\/spelivinkki.fi\\\/#website\"},\"primaryImageOfPage\":{\"@id\":\"https:\\\/\\\/spelivinkki.fi\\\/tuote\\\/betrayal-at-house-on-the-hill-3rd-edition\\\/#primaryimage\"},\"image\":{\"@id\":\"https:\\\/\\\/spelivinkki.fi\\\/tuote\\\/betrayal-at-house-on-the-hill-3rd-edition\\\/#primaryimage\"},\"thumbnailUrl\":\"https:\\/\\/spelivinkki.fi\\/wp-content\\/uploads\\/2024\\/03\\/Betrayal-3E-Tuotekuva-scaled.webp\",\"datePublished\":\"2024-03-12T10:35:34+00:00\",\"dateModified\":\"2026-03-17T18:01:56+00:00\",\"description\":\"T\u00e4m\u00e4 kiehtova seikkailupeli vie sinut hyyt\u00e4v\u00e4\u00e4n kummitustaloon. Selvit\u00e4 salaisuudet ja taistele pettureita vastaan. Uskallatko astua sis\u00e4\u00e4n? \ud83d\udc7b\",\"breadcrumb\":{\"@id\":\"https:\\\/\\\/spelivinkki.fi\\\/tuote\\\/betrayal-at-house-on-the-hill-3rd-edition\\\/#breadcrumb\"},\"inLanguage\":\"sv-SE\",\"potentialAction\":[{\"@type\":\"ReadAction\",\"target\":[\"https:\\\/\\\/spelivinkki.fi\\\/tuote\\\/betrayal-at-house-on-the-hill-3rd-edition\\\/\"]}]},{\"@type\":\"ImageObject\",\"inLanguage\":\"sv-SE\",\"@id\":\"https:\\\/\\\/spelivinkki.fi\\\/tuote\\\/betrayal-at-house-on-the-hill-3rd-edition\\\/#primaryimage\",\"url\":\"https:\\/\\/spelivinkki.fi\\/wp-content\\/uploads\\/2024\\/03\\/Betrayal-3E-Tuotekuva-scaled.webp\",\"contentUrl\":\"https:\\/\\/spelivinkki.fi\\/wp-content\\/uploads\\/2024\\/03\\/Betrayal-3E-Tuotekuva-scaled.webp\",\"width\":2560,\"height\":2560,\"caption\":\"Betrayal 3E Tuotekuva scaled\"},{\"@type\":\"BreadcrumbList\",\"@id\":\"https:\\\/\\\/spelivinkki.fi\\\/tuote\\\/betrayal-at-house-on-the-hill-3rd-edition\\\/#breadcrumb\",\"itemListElement\":[{\"@type\":\"ListItem\",\"position\":1,\"name\":\"Etusivu\",\"item\":\"https:\\\/\\\/spelivinkki.fi\\\/\"},{\"@type\":\"ListItem\",\"position\":2,\"name\":\"Tuotteet\",\"item\":\"https:\\\/\\\/spelivinkki.fi\\\/tuotteet\\\/\"},{\"@type\":\"ListItem\",\"position\":3,\"name\":\"Betrayal at House on the Hill, 3rd Edition (EN)\"}]},{\"@type\":\"WebSite\",\"@id\":\"https:\\\/\\\/spelivinkki.fi\\\/#website\",\"url\":\"https:\\\/\\\/spelivinkki.fi\\\/\",\"name\":\"Spelivinkki\",\"description\":\"Paraisten Lautapelikauppa\",\"publisher\":{\"@id\":\"https:\\\/\\\/spelivinkki.fi\\\/#organization\"},\"alternateName\":\"Spelivinkki Oy\",\"potentialAction\":[{\"@type\":\"SearchAction\",\"target\":{\"@type\":\"EntryPoint\",\"urlTemplate\":\"https:\\\/\\\/spelivinkki.fi\\\/?s={search_term_string}\"},\"query-input\":{\"@type\":\"PropertyValueSpecification\",\"valueRequired\":true,\"valueName\":\"search_term_string\"}}],\"inLanguage\":\"sv-SE\"},{\"@type\":\"Organization\",\"@id\":\"https:\\\/\\\/spelivinkki.fi\\\/#organization\",\"name\":\"Spelivinkki Oy\",\"alternateName\":\"Spelivinkki\",\"url\":\"https:\\\/\\\/spelivinkki.fi\\\/\",\"logo\":{\"@type\":\"ImageObject\",\"inLanguage\":\"sv-SE\",\"@id\":\"https:\\\/\\\/spelivinkki.fi\\\/#\\\/schema\\\/logo\\\/image\\\/\",\"url\":\"https:\\/\\/spelivinkki.fi\\/wp-content\\/uploads\\/2024\\/02\\/Logo.svg\",\"contentUrl\":\"https:\\/\\/spelivinkki.fi\\/wp-content\\/uploads\\/2024\\/02\\/Logo.svg\",\"width\":2176,\"height\":2323,\"caption\":\"Spelivinkki Oy\"},\"image\":{\"@id\":\"https:\\\/\\\/spelivinkki.fi\\\/#\\\/schema\\\/logo\\\/image\\\/\"},\"sameAs\":[\"https:\\\/\\\/www.facebook.com\\\/SpelivinkkiOy\\\/\",\"https:\\\/\\\/x.com\\\/SpelivinkkiOy\",\"https:\\\/\\\/www.instagram.com\\\/spelivinkkioy\\\/\"],\"description\":\"Spelivinkki Oy is a company operating both a brick-and-mortar store in Finland as well as a webshop online. We sell board games, roleplaying games, miniature wargames, logic puzzles, jigsaw puzzles and other things related to the boardgame hobby.\",\"email\":\"myynti@spelivinkki.fi\",\"telephone\":\"+358406486605\",\"legalName\":\"Spelivinkki Oy\",\"foundingDate\":\"2023-09-17\",\"vatID\":\"FI33904524\",\"numberOfEmployees\":{\"@type\":\"QuantitativeValue\",\"minValue\":\"1\",\"maxValue\":\"10\"},\"hasMerchantReturnPolicy\":{\"@type\":\"MerchantReturnPolicy\",\"merchantReturnLink\":\"https:\\\/\\\/spelivinkki.fi\\\/sv\\\/spelivinkin-vaihto-ja-palautusoikeus\\\/\"}}]}<\/script>\n<meta property=\"product:brand\" content=\"Avalon Hill\" \/>\n<meta property=\"product:price:amount\" content=\"52.00\" \/>\n<meta property=\"product:price:currency\" content=\"EUR\" \/>\n<meta property=\"og:availability\" content=\"out of stock\" \/>\n<meta property=\"product:availability\" content=\"out of stock\" \/>\n<meta property=\"product:retailer_item_id\" content=\"Betrayal 3E\" \/>\n<meta property=\"product:condition\" content=\"new\" \/>\n<!-- \/ Yoast SEO Premium plugin. -->","yoast_head_json":{"title":"Betrayal at House on the Hill, 3rd Edition (EN) &#8211; Spelivinkki","description":"T\u00e4m\u00e4 kiehtova seikkailupeli vie sinut hyyt\u00e4v\u00e4\u00e4n kummitustaloon. Selvit\u00e4 salaisuudet ja taistele pettureita vastaan. Uskallatko astua sis\u00e4\u00e4n? \ud83d\udc7b","robots":{"index":"index","follow":"follow","max-snippet":"max-snippet:-1","max-image-preview":"max-image-preview:large","max-video-preview":"max-video-preview:-1"},"canonical":"https:\/\/spelivinkki.fi\/sv\/produkt\/betrayal-at-house-on-the-hill-3rd-edition\/","og_locale":"sv_SE","og_type":"article","og_title":"Betrayal at House on the Hill, 3rd Edition (EN)","og_description":"T\u00e4m\u00e4 kiehtova seikkailupeli vie sinut hyyt\u00e4v\u00e4\u00e4n kummitustaloon. Selvit\u00e4 salaisuudet ja taistele pettureita vastaan. Uskallatko astua sis\u00e4\u00e4n? \ud83d\udc7b","og_url":"https:\/\/spelivinkki.fi\/sv\/produkt\/betrayal-at-house-on-the-hill-3rd-edition\/","og_site_name":"Spelivinkki","article_publisher":"https:\/\/www.facebook.com\/SpelivinkkiOy\/","article_modified_time":"2026-03-17T18:01:56+00:00","og_image":[{"width":2560,"height":2560,"url":"https:\/\/mlw9zexfsyfr.i.optimole.com\/w:auto\/h:auto\/q:mauto\/ig:avif\/https:\/\/spelivinkki.fi\/wp-content\/uploads\/2024\/03\/Betrayal-3E-Tuotekuva-scaled.webp","type":"image\/webp"}],"twitter_card":"summary_large_image","twitter_site":"@SpelivinkkiOy","twitter_misc":{"Pris":"52,00&nbsp;&euro;","Tillg\u00e4nglig":"Slut i lager"},"schema":{"@context":"https:\/\/schema.org","@graph":[{"@type":"WebPage","@id":"https:\/\/spelivinkki.fi\/tuote\/betrayal-at-house-on-the-hill-3rd-edition\/","url":"https:\/\/spelivinkki.fi\/tuote\/betrayal-at-house-on-the-hill-3rd-edition\/","name":"Betrayal at House on the Hill, 3rd Edition (EN) &#8211; Spelivinkki","isPartOf":{"@id":"https:\/\/spelivinkki.fi\/#website"},"primaryImageOfPage":{"@id":"https:\/\/spelivinkki.fi\/tuote\/betrayal-at-house-on-the-hill-3rd-edition\/#primaryimage"},"image":{"@id":"https:\/\/spelivinkki.fi\/tuote\/betrayal-at-house-on-the-hill-3rd-edition\/#primaryimage"},"thumbnailUrl":"https:\/\/mlw9zexfsyfr.i.optimole.com\/w:auto\/h:auto\/q:mauto\/ig:avif\/https:\/\/spelivinkki.fi\/wp-content\/uploads\/2024\/03\/Betrayal-3E-Tuotekuva-scaled.webp","datePublished":"2024-03-12T10:35:34+00:00","dateModified":"2026-03-17T18:01:56+00:00","description":"T\u00e4m\u00e4 kiehtova seikkailupeli vie sinut hyyt\u00e4v\u00e4\u00e4n kummitustaloon. Selvit\u00e4 salaisuudet ja taistele pettureita vastaan. Uskallatko astua sis\u00e4\u00e4n? \ud83d\udc7b","breadcrumb":{"@id":"https:\/\/spelivinkki.fi\/tuote\/betrayal-at-house-on-the-hill-3rd-edition\/#breadcrumb"},"inLanguage":"sv-SE","potentialAction":[{"@type":"ReadAction","target":["https:\/\/spelivinkki.fi\/tuote\/betrayal-at-house-on-the-hill-3rd-edition\/"]}]},{"@type":"ImageObject","inLanguage":"sv-SE","@id":"https:\/\/spelivinkki.fi\/tuote\/betrayal-at-house-on-the-hill-3rd-edition\/#primaryimage","url":"https:\/\/mlw9zexfsyfr.i.optimole.com\/w:auto\/h:auto\/q:mauto\/ig:avif\/https:\/\/spelivinkki.fi\/wp-content\/uploads\/2024\/03\/Betrayal-3E-Tuotekuva-scaled.webp","contentUrl":"https:\/\/mlw9zexfsyfr.i.optimole.com\/w:auto\/h:auto\/q:mauto\/ig:avif\/https:\/\/spelivinkki.fi\/wp-content\/uploads\/2024\/03\/Betrayal-3E-Tuotekuva-scaled.webp","width":2560,"height":2560,"caption":"Betrayal 3E Tuotekuva scaled"},{"@type":"BreadcrumbList","@id":"https:\/\/spelivinkki.fi\/tuote\/betrayal-at-house-on-the-hill-3rd-edition\/#breadcrumb","itemListElement":[{"@type":"ListItem","position":1,"name":"Etusivu","item":"https:\/\/spelivinkki.fi\/"},{"@type":"ListItem","position":2,"name":"Tuotteet","item":"https:\/\/spelivinkki.fi\/tuotteet\/"},{"@type":"ListItem","position":3,"name":"Betrayal at House on the Hill, 3rd Edition (EN)"}]},{"@type":"WebSite","@id":"https:\/\/spelivinkki.fi\/#website","url":"https:\/\/spelivinkki.fi\/","name":"Spelivinkki","description":"Paraisten Lautapelikauppa","publisher":{"@id":"https:\/\/spelivinkki.fi\/#organization"},"alternateName":"Spelivinkki Oy","potentialAction":[{"@type":"SearchAction","target":{"@type":"EntryPoint","urlTemplate":"https:\/\/spelivinkki.fi\/?s={search_term_string}"},"query-input":{"@type":"PropertyValueSpecification","valueRequired":true,"valueName":"search_term_string"}}],"inLanguage":"sv-SE"},{"@type":"Organization","@id":"https:\/\/spelivinkki.fi\/#organization","name":"Spelivinkki Oy","alternateName":"Spelivinkki","url":"https:\/\/spelivinkki.fi\/","logo":{"@type":"ImageObject","inLanguage":"sv-SE","@id":"https:\/\/spelivinkki.fi\/#\/schema\/logo\/image\/","url":"https:\/\/mlw9zexfsyfr.i.optimole.com\/w:auto\/h:auto\/q:mauto\/ig:avif\/https:\/\/spelivinkki.fi\/wp-content\/uploads\/2024\/02\/Logo.svg","contentUrl":"https:\/\/mlw9zexfsyfr.i.optimole.com\/w:auto\/h:auto\/q:mauto\/ig:avif\/https:\/\/spelivinkki.fi\/wp-content\/uploads\/2024\/02\/Logo.svg","width":2176,"height":2323,"caption":"Spelivinkki Oy"},"image":{"@id":"https:\/\/spelivinkki.fi\/#\/schema\/logo\/image\/"},"sameAs":["https:\/\/www.facebook.com\/SpelivinkkiOy\/","https:\/\/x.com\/SpelivinkkiOy","https:\/\/www.instagram.com\/spelivinkkioy\/"],"description":"Spelivinkki Oy is a company operating both a brick-and-mortar store in Finland as well as a webshop online. We sell board games, roleplaying games, miniature wargames, logic puzzles, jigsaw puzzles and other things related to the boardgame hobby.","email":"myynti@spelivinkki.fi","telephone":"+358406486605","legalName":"Spelivinkki Oy","foundingDate":"2023-09-17","vatID":"FI33904524","numberOfEmployees":{"@type":"QuantitativeValue","minValue":"1","maxValue":"10"},"hasMerchantReturnPolicy":{"@type":"MerchantReturnPolicy","merchantReturnLink":"https:\/\/spelivinkki.fi\/sv\/spelivinkin-vaihto-ja-palautusoikeus\/"}}]},"product_brand":"Avalon Hill","product_price_amount":"52.00","product_price_currency":"EUR","og_availability":"out of stock","product_availability":"out of stock","product_retailer_item_id":"Betrayal 3E","product_condition":"new"},"_links":{"self":[{"href":"https:\/\/spelivinkki.fi\/sv\/wp-json\/wp\/v2\/product\/5843","targetHints":{"allow":["GET"]}}],"collection":[{"href":"https:\/\/spelivinkki.fi\/sv\/wp-json\/wp\/v2\/product"}],"about":[{"href":"https:\/\/spelivinkki.fi\/sv\/wp-json\/wp\/v2\/types\/product"}],"wp:featuredmedia":[{"embeddable":true,"href":"https:\/\/spelivinkki.fi\/sv\/wp-json\/wp\/v2\/media\/5844"}],"wp:attachment":[{"href":"https:\/\/spelivinkki.fi\/sv\/wp-json\/wp\/v2\/media?parent=5843"}],"wp:term":[{"taxonomy":"product_brand","embeddable":true,"href":"https:\/\/spelivinkki.fi\/sv\/wp-json\/wp\/v2\/product_brand?post=5843"},{"taxonomy":"product_cat","embeddable":true,"href":"https:\/\/spelivinkki.fi\/sv\/wp-json\/wp\/v2\/product_cat?post=5843"},{"taxonomy":"product_tag","embeddable":true,"href":"https:\/\/spelivinkki.fi\/sv\/wp-json\/wp\/v2\/product_tag?post=5843"}],"curies":[{"name":"wp","href":"https:\/\/api.w.org\/{rel}","templated":true}]}}