{"id":5847,"date":"2024-03-12T11:50:06","date_gmt":"2024-03-12T11:50:06","guid":{"rendered":"https:\/\/spelivinkki.fi\/?post_type=product&#038;p=5847"},"modified":"2025-03-28T12:51:20","modified_gmt":"2025-03-28T12:51:20","slug":"heat-pedal-to-the-metal-nordic","status":"publish","type":"product","link":"https:\/\/spelivinkki.fi\/sv\/produkt\/heat-pedal-to-the-metal-nordic\/","title":{"rendered":"Heat \u2013 Pedal to the Metal (Nordic)"},"content":{"rendered":"<p>Heat \u00e4r ett t\u00e4vlingsspel d\u00e4r f\u00f6rm\u00e5gan att l\u00e4sa sina motst\u00e5ndare och kontrollen \u00f6ver sin egen kortlek avg\u00f6r vem som vinner. Spelarna \u00e4r 1960-talets racerf\u00f6rare vars uppgift \u00e4r att segra p\u00e5 banan genom att komma f\u00f6rst i m\u00e5l. Trots att spelet har tre olika regelverk (l\u00e4tta regler, avancerade regler, och turneringsregler) beroende p\u00e5 hur van gruppens spelare \u00e4r blir spelet roligast antingen med avancerade regler eller i turneringsformatet om alla medspelare har tid f\u00f6r de sistn\u00e4mnda reglerna.<\/p>\n<p>N\u00e4r alla regler tas i bruk i spelets avancerade form f\u00e5r spelarna l\u00e4gga till f\u00f6rb\u00e4ttringskort i sin kortlek. Dessa simulerar justeringar som garagen g\u00f6r p\u00e5 bilen s\u00e5 den blir unik. V\u00e4dret och banans skick pp\u00e5verkar ocks\u00e5 spelet genom att \u00e4ndra p\u00e5 kurvornas hastighetsbegr\u00e4nsningar, motorernas hetta och s\u00e5 vidare. N\u00e4r spelarna har valt sina bildelar och banans k\u00f6rbarhet har uppr\u00e4ttats \u00e4r det bara att s\u00e4tta ig\u00e5ng!<\/p>\n<p>I b\u00f6rjan av spelet f\u00e5r var och en spelare i handen sju kort ur sin egen kortlek. Dessa ber\u00e4ttar hur snabbt bilen kan k\u00f6ra under turens lopp. N\u00e4r en spelare v\u00e4l har sett p\u00e5 sina kort kan hen v\u00e4lja bilens v\u00e4xel. V\u00e4xeln anger hur m\u00e5nga av korten i handen en spelare spelar p\u00e5 sin tur. Varje spelare v\u00e4xlar upp eller ner p\u00e5 samma g\u00e5ng, vilket g\u00f6r det m\u00f6jligt att f\u00f6rutse ungef\u00e4r hur l\u00e5ngt alla kommer att k\u00f6ra p\u00e5 en tur.<\/p>\n<p>Efter planeringsfasen r\u00f6r sig spelarna i den ordning deras bilar befinner sig p\u00e5 banan s\u00e5 att den som \u00e4r f\u00f6rst visar sina kort och flyttar sig innan de andra. Om en spelares bil hamnar p\u00e5 samma ruta som en annan bil kan hen utnyttja motst\u00e5ndarens luftfl\u00f6de f\u00f6r att komma f\u00f6rbi. Det \u00e4r allts\u00e5 inte alltid b\u00e4st att vara f\u00f6rst, eftersom chansen att utnyttja denna effekt inte finns.<\/p>\n<p>Spelet \u00e4r namngett efter bilmotorernas hetta. Om en racerf\u00f6rare k\u00f6r f\u00f6r h\u00e5rt i kurvor eller hen pressar sin bil till det yttersta f\u00f6r att komma l\u00e5ngre \u00e4n v\u00e4ntat blir motorn varm och det blir dags att betala straff. Det g\u00e5r inte alltid att k\u00f6ra allt vad man orkar!<\/p>\n<p>I slutet av sin tur f\u00e5r spelaren v\u00e4lja vilka kort hen h\u00e5ller i handen och vilka sl\u00e4ngs bort enligt reglerna. Efter det lyfter hen kort fr\u00e5n sin kortlek tills det \u00e5ter finns sju kort i handen. N\u00e4r kortleken tar slut blandas den igen. P\u00e5 s\u00e5 s\u00e4tt kan spelarna kontrollera kortleken och h\u00e5lla reda p\u00e5 sannolikheten att f\u00e5 \u00f6nskade kort i handen.<\/p>\n<p>Dessa faser bildar tillsammans spelets g\u00e5ng \u00e4nda tills en eller flera spelare kommer i m\u00e5l. Spelare som kommer i m\u00e5l under samma spelrunda avg\u00f6r vem som vinner genom att se vems bil kommer l\u00e4ngst. Denna g\u00e5ng g\u00e5r det inte att ta vara p\u00e5 luftfl\u00f6den, s\u00e5 nu g\u00e4ller det att vara f\u00f6rst och avsluta turen s\u00e5 ens f\u00f6rare f\u00f6rblir det!<\/p>\n<p>Heat blir inte mycket l\u00e5ngsammare av att spela med flera spelare p\u00e5 grund av att s\u00e5 mycket av turerna g\u00e5r att g\u00f6ra p\u00e5 samma g\u00e5ng. D\u00e4rf\u00f6r \u00e4r spelet l\u00e4mpligt f\u00f6r s\u00e5 m\u00e5nga spelare som m\u00f6jligt. Ifall en spelargrupp \u00e4r liten g\u00e5r det \u00e4nd\u00e5 att l\u00e4gga in konstgjorda racerf\u00f6rare med sina egna regler i spel. D\u00e4rmed g\u00e5r det utomordentligt att spela fast\u00e4n gruppen inte n\u00e5r den rekommenderade spelarm\u00e4ngden.<\/p>\n<h6><strong>Publisher description in English:<\/strong><\/h6>\n<p><em>The countdown begins and sudden deep roars cut through the air as all the cars leap away from their starting lines; the Grand Prix is underway. Dust and wind rush past your helmet as you enter the first corner. Pushing your engine to the limit, you almost spin out but tightening your grip on the steering wheel you slide through the corner apex still in first. You got this!<\/em><\/p>\n<p><em>To stay at the front of the pack, you\u2019ll need to push your car to the limit. Will your car endure the long straightaways or will your engine fail in the last curve because you\u2019ve taken too much HEAT?<\/em><\/p>\n<p><em>Based on simple and intuitive hand management, Heat: Pedal to the Metal puts you in the driver\u2019s seat of intense car races. You are jockeying for position to cross the finish line first, while managing your car\u2019s speed if you don\u2019t want to overheat. Experience the thrill of a single race or use the Championship System to play a whole season in one game night, customizing your car before each race to claim the top spot of the podium.<\/em><\/p>\n<p><em>Add legendary automated drivers with the Legends Module so you can play solo, or add them as additional opponents in multiplayer games.<\/em><\/p>","protected":false},"excerpt":{"rendered":"<ul>\n<li><strong>Spelarm\u00e4ngd:<\/strong> 1-6 (<strong>B\u00e4sta m\u00e4ngden:<\/strong> 5-6)<\/li>\n<li><strong>Varaktighet:<\/strong> 30-60 min<\/li>\n<li><strong>\u00c5ldersrekommendation:<\/strong> 10+<\/li>\n<li><strong>Spr\u00e5k:<\/strong> Finska, svenska, norska, danska<\/li>\n<li><strong>Genre:<\/strong> Kortleksbyggande, Handkontroll, T\u00e4vling, F\u00f6rutsebarhet, Motst\u00e5ndarens l\u00e4sande<\/li>\n<li><strong>Tema:<\/strong> Racerbilar, Formel Ett<\/li>\n<li><strong>Passande Sleevy Kortskydd (ing\u00e5r ej!):<\/strong> 330 st M storlek<\/li>\n<li><strong>Utveckling:<\/strong> Asger Harding Granerud, Daniel Skjold Pedersen<\/li>\n<li><strong>Utgivare:<\/strong> Days of Wonder<\/li>\n<\/ul>","protected":false},"featured_media":5848,"template":"","meta":{"site-sidebar-layout":"default","site-content-layout":"","ast-site-content-layout":"default","site-content-style":"default","site-sidebar-style":"default","ast-global-header-display":"","ast-banner-title-visibility":"","ast-main-header-display":"","ast-hfb-above-header-display":"","ast-hfb-below-header-display":"","ast-hfb-mobile-header-display":"","site-post-title":"","ast-breadcrumbs-content":"","ast-featured-img":"","footer-sml-layout":"","ast-disable-related-posts":"","theme-transparent-header-meta":"default","adv-header-id-meta":"","stick-header-meta":"","header-above-stick-meta":"","header-main-stick-meta":"","header-below-stick-meta":"","astra-migrate-meta-layouts":"set","ast-page-background-enabled":"default","ast-page-background-meta":{"desktop":{"background-color":"","background-image":"","background-repeat":"repeat","background-position":"center center","background-size":"auto","background-attachment":"scroll","background-type":"","background-media":"","overlay-type":"","overlay-color":"","overlay-opacity":"","overlay-gradient":""},"tablet":{"background-color":"","background-image":"","background-repeat":"repeat","background-position":"center center","background-size":"auto","background-attachment":"scroll","background-type":"","background-media":"","overlay-type":"","overlay-color":"","overlay-opacity":"","overlay-gradient":""},"mobile":{"background-color":"","background-image":"","background-repeat":"repeat","background-position":"center center","background-size":"auto","background-attachment":"scroll","background-type":"","background-media":"","overlay-type":"","overlay-color":"","overlay-opacity":"","overlay-gradient":""}},"ast-content-background-meta":{"desktop":{"background-color":"var(--ast-global-color-5)","background-image":"","background-repeat":"repeat","background-position":"center center","background-size":"auto","background-attachment":"scroll","background-type":"","background-media":"","overlay-type":"","overlay-color":"","overlay-opacity":"","overlay-gradient":""},"tablet":{"background-color":"var(--ast-global-color-5)","background-image":"","background-repeat":"repeat","background-position":"center center","background-size":"auto","background-attachment":"scroll","background-type":"","background-media":"","overlay-type":"","overlay-color":"","overlay-opacity":"","overlay-gradient":""},"mobile":{"background-color":"var(--ast-global-color-5)","background-image":"","background-repeat":"repeat","background-position":"center center","background-size":"auto","background-attachment":"scroll","background-type":"","background-media":"","overlay-type":"","overlay-color":"","overlay-opacity":"","overlay-gradient":""}}},"product_brand":[1055,1056,1103],"product_cat":[16,279,45],"product_tag":[1138,1139,1140,1047,1050,1048],"class_list":{"0":"post-5847","1":"product","2":"type-product","3":"status-publish","4":"has-post-thumbnail","6":"product_brand-asmodee","7":"product_brand-asmodee-nordics","8":"product_brand-days-of-wonder","9":"product_cat-kaikki","10":"product_cat-pakanrakennus","11":"product_cat-strategiapelit","12":"product_tag-asger-harding-granerud","13":"product_tag-daniel-skjold-pedersen","14":"product_tag-heat-pelit","15":"product_tag-peruspeli","16":"product_tag-ruotsinkieliset-pelit","17":"product_tag-suomenkieliset-pelit","18":"product_shipping_class-standard2","19":"desktop-align-center","20":"tablet-align-center","21":"mobile-align-center","23":"first","24":"instock","25":"taxable","26":"shipping-taxable","27":"purchasable","28":"product-type-simple"},"yoast_head":"<!-- This site is optimized with the Yoast SEO Premium plugin v27.3 (Yoast SEO v27.4) - https:\/\/yoast.com\/product\/yoast-seo-premium-wordpress\/ -->\n<title>Heat - Pedal to the Metal (Nordic) &#8211; Spelivinkki<\/title>\n<meta name=\"description\" content=\"Heat: Pedal to the Metal on kilpaurheilun riemuvoitto! Heat lautapeli vie sinut ajassa taaksep\u00e4in 1960-luvulle. Kortit ja strategia ovat avain voittoon! \ud83c\udfc6\" \/>\n<meta name=\"robots\" content=\"index, follow, max-snippet:-1, max-image-preview:large, max-video-preview:-1\" \/>\n<link rel=\"canonical\" href=\"https:\/\/spelivinkki.fi\/sv\/produkt\/heat-pedal-to-the-metal-nordic\/\" \/>\n<meta property=\"og:locale\" content=\"sv_SE\" \/>\n<meta property=\"og:type\" content=\"article\" \/>\n<meta property=\"og:title\" content=\"Heat - Pedal to the Metal (Nordic)\" \/>\n<meta property=\"og:description\" content=\"Heat: Pedal to the Metal on kilpaurheilun riemuvoitto! Heat lautapeli vie sinut ajassa taaksep\u00e4in 1960-luvulle. Kortit ja strategia ovat avain voittoon! \ud83c\udfc6\" \/>\n<meta property=\"og:url\" content=\"https:\/\/spelivinkki.fi\/sv\/produkt\/heat-pedal-to-the-metal-nordic\/\" \/>\n<meta property=\"og:site_name\" content=\"Spelivinkki\" \/>\n<meta property=\"article:publisher\" content=\"https:\/\/www.facebook.com\/SpelivinkkiOy\/\" \/>\n<meta property=\"article:modified_time\" content=\"2025-03-28T12:51:20+00:00\" \/>\n<meta property=\"og:image\" content=\"https:\/\/mlw9zexfsyfr.i.optimole.com\/w:auto\/h:auto\/q:mauto\/ig:avif\/https:\/\/spelivinkki.fi\/wp-content\/uploads\/2024\/03\/Heat-Tuotekuva-min.webp\" \/>\n\t<meta property=\"og:image:width\" content=\"831\" \/>\n\t<meta property=\"og:image:height\" content=\"830\" \/>\n\t<meta property=\"og:image:type\" content=\"image\/webp\" \/>\n<meta name=\"twitter:card\" content=\"summary_large_image\" \/>\n<meta name=\"twitter:site\" content=\"@SpelivinkkiOy\" \/>\n<meta name=\"twitter:label1\" content=\"Pris\" \/>\n\t<meta name=\"twitter:data1\" content=\"60,00&nbsp;&euro;\" \/>\n\t<meta name=\"twitter:label2\" content=\"Tillg\u00e4nglig\" \/>\n\t<meta name=\"twitter:data2\" content=\"I lager\" \/>\n<script type=\"application\/ld+json\" class=\"yoast-schema-graph\">{\"@context\":\"https:\\\/\\\/schema.org\",\"@graph\":[{\"@type\":\"WebPage\",\"@id\":\"https:\\\/\\\/spelivinkki.fi\\\/tuote\\\/heat-pedal-to-the-metal-nordic\\\/\",\"url\":\"https:\\\/\\\/spelivinkki.fi\\\/tuote\\\/heat-pedal-to-the-metal-nordic\\\/\",\"name\":\"Heat - Pedal to the Metal (Nordic) &#8211; Spelivinkki\",\"isPartOf\":{\"@id\":\"https:\\\/\\\/spelivinkki.fi\\\/#website\"},\"primaryImageOfPage\":{\"@id\":\"https:\\\/\\\/spelivinkki.fi\\\/tuote\\\/heat-pedal-to-the-metal-nordic\\\/#primaryimage\"},\"image\":{\"@id\":\"https:\\\/\\\/spelivinkki.fi\\\/tuote\\\/heat-pedal-to-the-metal-nordic\\\/#primaryimage\"},\"thumbnailUrl\":\"https:\\/\\/spelivinkki.fi\\/wp-content\\/uploads\\/2024\\/03\\/Heat-Tuotekuva-min.webp\",\"datePublished\":\"2024-03-12T11:50:06+00:00\",\"dateModified\":\"2025-03-28T12:51:20+00:00\",\"description\":\"Heat: Pedal to the Metal on kilpaurheilun riemuvoitto! Heat lautapeli vie sinut ajassa taaksep\u00e4in 1960-luvulle. Kortit ja strategia ovat avain voittoon! \ud83c\udfc6\",\"breadcrumb\":{\"@id\":\"https:\\\/\\\/spelivinkki.fi\\\/tuote\\\/heat-pedal-to-the-metal-nordic\\\/#breadcrumb\"},\"inLanguage\":\"sv-SE\",\"potentialAction\":[{\"@type\":\"ReadAction\",\"target\":[\"https:\\\/\\\/spelivinkki.fi\\\/tuote\\\/heat-pedal-to-the-metal-nordic\\\/\"]}]},{\"@type\":\"ImageObject\",\"inLanguage\":\"sv-SE\",\"@id\":\"https:\\\/\\\/spelivinkki.fi\\\/tuote\\\/heat-pedal-to-the-metal-nordic\\\/#primaryimage\",\"url\":\"https:\\/\\/spelivinkki.fi\\/wp-content\\/uploads\\/2024\\/03\\/Heat-Tuotekuva-min.webp\",\"contentUrl\":\"https:\\/\\/spelivinkki.fi\\/wp-content\\/uploads\\/2024\\/03\\/Heat-Tuotekuva-min.webp\",\"width\":831,\"height\":830,\"caption\":\"Heat Tuotekuva min\"},{\"@type\":\"BreadcrumbList\",\"@id\":\"https:\\\/\\\/spelivinkki.fi\\\/tuote\\\/heat-pedal-to-the-metal-nordic\\\/#breadcrumb\",\"itemListElement\":[{\"@type\":\"ListItem\",\"position\":1,\"name\":\"Etusivu\",\"item\":\"https:\\\/\\\/spelivinkki.fi\\\/\"},{\"@type\":\"ListItem\",\"position\":2,\"name\":\"Tuotteet\",\"item\":\"https:\\\/\\\/spelivinkki.fi\\\/tuotteet\\\/\"},{\"@type\":\"ListItem\",\"position\":3,\"name\":\"Heat &#8211; Pedal to the Metal (Nordic)\"}]},{\"@type\":\"WebSite\",\"@id\":\"https:\\\/\\\/spelivinkki.fi\\\/#website\",\"url\":\"https:\\\/\\\/spelivinkki.fi\\\/\",\"name\":\"Spelivinkki\",\"description\":\"Paraisten Lautapelikauppa\",\"publisher\":{\"@id\":\"https:\\\/\\\/spelivinkki.fi\\\/#organization\"},\"alternateName\":\"Spelivinkki Oy\",\"potentialAction\":[{\"@type\":\"SearchAction\",\"target\":{\"@type\":\"EntryPoint\",\"urlTemplate\":\"https:\\\/\\\/spelivinkki.fi\\\/?s={search_term_string}\"},\"query-input\":{\"@type\":\"PropertyValueSpecification\",\"valueRequired\":true,\"valueName\":\"search_term_string\"}}],\"inLanguage\":\"sv-SE\"},{\"@type\":\"Organization\",\"@id\":\"https:\\\/\\\/spelivinkki.fi\\\/#organization\",\"name\":\"Spelivinkki Oy\",\"alternateName\":\"Spelivinkki\",\"url\":\"https:\\\/\\\/spelivinkki.fi\\\/\",\"logo\":{\"@type\":\"ImageObject\",\"inLanguage\":\"sv-SE\",\"@id\":\"https:\\\/\\\/spelivinkki.fi\\\/#\\\/schema\\\/logo\\\/image\\\/\",\"url\":\"https:\\/\\/spelivinkki.fi\\/wp-content\\/uploads\\/2024\\/02\\/Logo.svg\",\"contentUrl\":\"https:\\/\\/spelivinkki.fi\\/wp-content\\/uploads\\/2024\\/02\\/Logo.svg\",\"width\":2176,\"height\":2323,\"caption\":\"Spelivinkki Oy\"},\"image\":{\"@id\":\"https:\\\/\\\/spelivinkki.fi\\\/#\\\/schema\\\/logo\\\/image\\\/\"},\"sameAs\":[\"https:\\\/\\\/www.facebook.com\\\/SpelivinkkiOy\\\/\",\"https:\\\/\\\/x.com\\\/SpelivinkkiOy\",\"https:\\\/\\\/www.instagram.com\\\/spelivinkkioy\\\/\"],\"description\":\"Spelivinkki Oy is a company operating both a brick-and-mortar store in Finland as well as a webshop online. We sell board games, roleplaying games, miniature wargames, logic puzzles, jigsaw puzzles and other things related to the boardgame hobby.\",\"email\":\"myynti@spelivinkki.fi\",\"telephone\":\"+358406486605\",\"legalName\":\"Spelivinkki Oy\",\"foundingDate\":\"2023-09-17\",\"vatID\":\"FI33904524\",\"numberOfEmployees\":{\"@type\":\"QuantitativeValue\",\"minValue\":\"1\",\"maxValue\":\"10\"},\"hasMerchantReturnPolicy\":{\"@type\":\"MerchantReturnPolicy\",\"merchantReturnLink\":\"https:\\\/\\\/spelivinkki.fi\\\/sv\\\/spelivinkin-vaihto-ja-palautusoikeus\\\/\"}}]}<\/script>\n<meta property=\"product:brand\" content=\"Days of Wonder\" \/>\n<meta property=\"product:price:amount\" content=\"60.00\" \/>\n<meta property=\"product:price:currency\" content=\"EUR\" \/>\n<meta property=\"og:availability\" content=\"instock\" \/>\n<meta property=\"product:availability\" content=\"instock\" \/>\n<meta property=\"product:retailer_item_id\" content=\"Heat Nordic\" \/>\n<meta property=\"product:condition\" content=\"new\" \/>\n<!-- \/ Yoast SEO Premium plugin. -->","yoast_head_json":{"title":"Heat - Pedal to the Metal (Nordic) &#8211; Spelivinkki","description":"Heat: Pedal to the Metal on kilpaurheilun riemuvoitto! Heat lautapeli vie sinut ajassa taaksep\u00e4in 1960-luvulle. Kortit ja strategia ovat avain voittoon! \ud83c\udfc6","robots":{"index":"index","follow":"follow","max-snippet":"max-snippet:-1","max-image-preview":"max-image-preview:large","max-video-preview":"max-video-preview:-1"},"canonical":"https:\/\/spelivinkki.fi\/sv\/produkt\/heat-pedal-to-the-metal-nordic\/","og_locale":"sv_SE","og_type":"article","og_title":"Heat - Pedal to the Metal (Nordic)","og_description":"Heat: Pedal to the Metal on kilpaurheilun riemuvoitto! Heat lautapeli vie sinut ajassa taaksep\u00e4in 1960-luvulle. Kortit ja strategia ovat avain voittoon! \ud83c\udfc6","og_url":"https:\/\/spelivinkki.fi\/sv\/produkt\/heat-pedal-to-the-metal-nordic\/","og_site_name":"Spelivinkki","article_publisher":"https:\/\/www.facebook.com\/SpelivinkkiOy\/","article_modified_time":"2025-03-28T12:51:20+00:00","og_image":[{"width":831,"height":830,"url":"https:\/\/mlw9zexfsyfr.i.optimole.com\/w:auto\/h:auto\/q:mauto\/ig:avif\/https:\/\/spelivinkki.fi\/wp-content\/uploads\/2024\/03\/Heat-Tuotekuva-min.webp","type":"image\/webp"}],"twitter_card":"summary_large_image","twitter_site":"@SpelivinkkiOy","twitter_misc":{"Pris":"60,00&nbsp;&euro;","Tillg\u00e4nglig":"I lager"},"schema":{"@context":"https:\/\/schema.org","@graph":[{"@type":"WebPage","@id":"https:\/\/spelivinkki.fi\/tuote\/heat-pedal-to-the-metal-nordic\/","url":"https:\/\/spelivinkki.fi\/tuote\/heat-pedal-to-the-metal-nordic\/","name":"Heat - Pedal to the Metal (Nordic) &#8211; Spelivinkki","isPartOf":{"@id":"https:\/\/spelivinkki.fi\/#website"},"primaryImageOfPage":{"@id":"https:\/\/spelivinkki.fi\/tuote\/heat-pedal-to-the-metal-nordic\/#primaryimage"},"image":{"@id":"https:\/\/spelivinkki.fi\/tuote\/heat-pedal-to-the-metal-nordic\/#primaryimage"},"thumbnailUrl":"https:\/\/mlw9zexfsyfr.i.optimole.com\/w:auto\/h:auto\/q:mauto\/ig:avif\/https:\/\/spelivinkki.fi\/wp-content\/uploads\/2024\/03\/Heat-Tuotekuva-min.webp","datePublished":"2024-03-12T11:50:06+00:00","dateModified":"2025-03-28T12:51:20+00:00","description":"Heat: Pedal to the Metal on kilpaurheilun riemuvoitto! Heat lautapeli vie sinut ajassa taaksep\u00e4in 1960-luvulle. Kortit ja strategia ovat avain voittoon! \ud83c\udfc6","breadcrumb":{"@id":"https:\/\/spelivinkki.fi\/tuote\/heat-pedal-to-the-metal-nordic\/#breadcrumb"},"inLanguage":"sv-SE","potentialAction":[{"@type":"ReadAction","target":["https:\/\/spelivinkki.fi\/tuote\/heat-pedal-to-the-metal-nordic\/"]}]},{"@type":"ImageObject","inLanguage":"sv-SE","@id":"https:\/\/spelivinkki.fi\/tuote\/heat-pedal-to-the-metal-nordic\/#primaryimage","url":"https:\/\/mlw9zexfsyfr.i.optimole.com\/w:auto\/h:auto\/q:mauto\/ig:avif\/https:\/\/spelivinkki.fi\/wp-content\/uploads\/2024\/03\/Heat-Tuotekuva-min.webp","contentUrl":"https:\/\/mlw9zexfsyfr.i.optimole.com\/w:auto\/h:auto\/q:mauto\/ig:avif\/https:\/\/spelivinkki.fi\/wp-content\/uploads\/2024\/03\/Heat-Tuotekuva-min.webp","width":831,"height":830,"caption":"Heat Tuotekuva min"},{"@type":"BreadcrumbList","@id":"https:\/\/spelivinkki.fi\/tuote\/heat-pedal-to-the-metal-nordic\/#breadcrumb","itemListElement":[{"@type":"ListItem","position":1,"name":"Etusivu","item":"https:\/\/spelivinkki.fi\/"},{"@type":"ListItem","position":2,"name":"Tuotteet","item":"https:\/\/spelivinkki.fi\/tuotteet\/"},{"@type":"ListItem","position":3,"name":"Heat &#8211; Pedal to the Metal (Nordic)"}]},{"@type":"WebSite","@id":"https:\/\/spelivinkki.fi\/#website","url":"https:\/\/spelivinkki.fi\/","name":"Spelivinkki","description":"Paraisten Lautapelikauppa","publisher":{"@id":"https:\/\/spelivinkki.fi\/#organization"},"alternateName":"Spelivinkki Oy","potentialAction":[{"@type":"SearchAction","target":{"@type":"EntryPoint","urlTemplate":"https:\/\/spelivinkki.fi\/?s={search_term_string}"},"query-input":{"@type":"PropertyValueSpecification","valueRequired":true,"valueName":"search_term_string"}}],"inLanguage":"sv-SE"},{"@type":"Organization","@id":"https:\/\/spelivinkki.fi\/#organization","name":"Spelivinkki Oy","alternateName":"Spelivinkki","url":"https:\/\/spelivinkki.fi\/","logo":{"@type":"ImageObject","inLanguage":"sv-SE","@id":"https:\/\/spelivinkki.fi\/#\/schema\/logo\/image\/","url":"https:\/\/mlw9zexfsyfr.i.optimole.com\/w:auto\/h:auto\/q:mauto\/ig:avif\/https:\/\/spelivinkki.fi\/wp-content\/uploads\/2024\/02\/Logo.svg","contentUrl":"https:\/\/mlw9zexfsyfr.i.optimole.com\/w:auto\/h:auto\/q:mauto\/ig:avif\/https:\/\/spelivinkki.fi\/wp-content\/uploads\/2024\/02\/Logo.svg","width":2176,"height":2323,"caption":"Spelivinkki Oy"},"image":{"@id":"https:\/\/spelivinkki.fi\/#\/schema\/logo\/image\/"},"sameAs":["https:\/\/www.facebook.com\/SpelivinkkiOy\/","https:\/\/x.com\/SpelivinkkiOy","https:\/\/www.instagram.com\/spelivinkkioy\/"],"description":"Spelivinkki Oy is a company operating both a brick-and-mortar store in Finland as well as a webshop online. We sell board games, roleplaying games, miniature wargames, logic puzzles, jigsaw puzzles and other things related to the boardgame hobby.","email":"myynti@spelivinkki.fi","telephone":"+358406486605","legalName":"Spelivinkki Oy","foundingDate":"2023-09-17","vatID":"FI33904524","numberOfEmployees":{"@type":"QuantitativeValue","minValue":"1","maxValue":"10"},"hasMerchantReturnPolicy":{"@type":"MerchantReturnPolicy","merchantReturnLink":"https:\/\/spelivinkki.fi\/sv\/spelivinkin-vaihto-ja-palautusoikeus\/"}}]},"product_brand":"Days of Wonder","product_price_amount":"60.00","product_price_currency":"EUR","og_availability":"instock","product_availability":"instock","product_retailer_item_id":"Heat Nordic","product_condition":"new"},"_links":{"self":[{"href":"https:\/\/spelivinkki.fi\/sv\/wp-json\/wp\/v2\/product\/5847","targetHints":{"allow":["GET"]}}],"collection":[{"href":"https:\/\/spelivinkki.fi\/sv\/wp-json\/wp\/v2\/product"}],"about":[{"href":"https:\/\/spelivinkki.fi\/sv\/wp-json\/wp\/v2\/types\/product"}],"wp:featuredmedia":[{"embeddable":true,"href":"https:\/\/spelivinkki.fi\/sv\/wp-json\/wp\/v2\/media\/5848"}],"wp:attachment":[{"href":"https:\/\/spelivinkki.fi\/sv\/wp-json\/wp\/v2\/media?parent=5847"}],"wp:term":[{"taxonomy":"product_brand","embeddable":true,"href":"https:\/\/spelivinkki.fi\/sv\/wp-json\/wp\/v2\/product_brand?post=5847"},{"taxonomy":"product_cat","embeddable":true,"href":"https:\/\/spelivinkki.fi\/sv\/wp-json\/wp\/v2\/product_cat?post=5847"},{"taxonomy":"product_tag","embeddable":true,"href":"https:\/\/spelivinkki.fi\/sv\/wp-json\/wp\/v2\/product_tag?post=5847"}],"curies":[{"name":"wp","href":"https:\/\/api.w.org\/{rel}","templated":true}]}}