{"id":5859,"date":"2024-03-12T14:28:36","date_gmt":"2024-03-12T14:28:36","guid":{"rendered":"https:\/\/spelivinkki.fi\/?post_type=product&#038;p=5859"},"modified":"2026-01-02T17:21:24","modified_gmt":"2026-01-02T17:21:24","slug":"twilight-struggle-deluxe-en","status":"publish","type":"product","link":"https:\/\/spelivinkki.fi\/sv\/produkt\/twilight-struggle-deluxe-en\/","title":{"rendered":"Twilight Struggle Deluxe (EN)"},"content":{"rendered":"<p>Twilight Struggle Deluxe behandlar viktiga v\u00e4ndpunkter under det kalla kriget mellan \u00e5ren 1945-1989. Det \u00e4r fr\u00e5gan om ett l\u00e5ngt, krigspolitiskt kampanjspel f\u00f6r tv\u00e5 spelare d\u00e4r en av spelarna kontrollerar USA och den andre Sovjetunionen. Dessa stormakter t\u00e4vlar med varann i ett spel, d\u00e4r spelarna har m\u00f6jlighet att p\u00e5verka historiens g\u00e5ng. B\u00e4gge part vill dock undvika k\u00e4rnvapenkrig, s\u00e5 spelets anda befinner sig n\u00e5gonstands mellan fred och direkt  konflikt.<\/p>\n<p><strong>OBS!<\/strong> Twilight Struggle \u00e4r absolut INTE ett spel f\u00f6r en kv\u00e4ll fylld av l\u00e4tt n\u00f6je. Snarare \u00e4r det fr\u00e5gan om ett tungt spel som kommer r\u00e4cka hela kv\u00e4llen och mer. Var beredda! &gt;:D<\/p>\n<h6><strong>Publisher description in English:<\/strong><\/h6>\n<p><em>&#8221;Twilight Struggle is my all-time favorite game. It is a brilliant first design by the team of Jason Matthews and Ananda Gupta. It takes the card-driven genre of games like We The People, Hannibal: Rome vs. Carthage, and Wilderness War to its highest peak. Every game is different and the game gets better and better as you become more familiar with the individual cards. You are surprised as hidden combos are revealed game after game. Every turn is filled with tension as you try to figure out the best way to play the hand of cards you&#8217;ve been dealt. Gaming simply doesn&#8217;t get any better than this.&#8221;<br \/>\n&#8211; Alan R. Moon<\/em><\/p>\n<p><em>On November 9th of 2009, the world marked the 20th Anniversary of the conclusion of the Cold War. That was the day that the Cold War&#8217;s most tangible symbol\u2014the Berlin Wall\u2014was relegated to the ash heap of history. Unlike the 20th Century&#8217;s other great conflict, the Cold War did not end in an explosion of neutrons, but rather, an explosion of human freedom and optimism. We had avoided what many thought inevitable\u2014the destruction of mankind through armed conflict between the Soviet Union and the United States. Overnight, the face of Europe had changed. Suddenly, all things were possible.<\/em><\/p>\n<p><em>That was now 23 years ago. Sadly, we all learned that the end of the Cold War was not &#8221;the end of history.&#8221; Mankind would find new ways to divide itself. While the threat of nuclear holocaust disappeared, newer and more sinister forms of conflict would take its place. Where once superpowers bestrode the globe, decentralized networks and even individuals now command the world&#8217;s attention.<\/em><\/p>\n<p><em>This Deluxe Edition of Twilight Struggle seeks to capture the feeling of that earlier era. Twilight Struggle is a two-player game simulating the forty-five year dance of intrigue, prestige, and occasional flares of warfare between the Soviet Union and the United States. Using the card-driven game mechanics pioneered in such award winning games as We the People and Hannibal: Rome vs. Carthage, Twilight Struggle recreates the conflict between the most powerful nation states the world has ever known. The scope of the game covers the entire world as it was found in 1945. Players move units and exert influence in attempts to gain allies and control for their superpower. As with GMT&#8217;s other card-driven games, decision-making is a challenge; how to best use one&#8217;s cards and units given consistently limited resources? Twilight Struggle&#8217;s Event cards add cover a vast array of historical happenings, from the Berlin Airlift, to the Vietnam War and the U.S. peace movement, to the Cuban Missile Crisis.<\/em><\/p>\n<p><em>This Deluxe Edition of Twilight Struggle marries world-class components, with the sort of world-class game play for which GMT is already known. We cannot think of a better way to commemorate this vital piece of world history. We invite you to relieve an era with the words uttered by one of its most iconic statesmen:<\/em><\/p>\n<p><em>&#8221;Now the trumpet summons us again, not as a call to bear arms, though arms we need; not as a call to battle, though embattled we are &#8211; but a call to bear the burden of a long twilight struggle&#8221; &#8211; John F. Kennedy<\/em><\/p>","protected":false},"excerpt":{"rendered":"<ul>\n<li><strong>Spelarm\u00e4ngd:<\/strong> 2<\/li>\n<li><strong>Varaktighet:<\/strong> 120-180 min<\/li>\n<li><strong>\u00c5ldersrekommendation:<\/strong> 13+<\/li>\n<li><strong>Spr\u00e5k:<\/strong> Engelska<\/li>\n<li><strong>Genre:<\/strong> Krigsspel, t\u00e4rningar, handkontroll, varierande start<\/li>\n<li><strong>Tema:<\/strong> Kalla kriget, Sovjetunionen, USA, Politik<\/li>\n<li><strong>Utveckling:<\/strong> Ananda Gupta, Jason Matthews<\/li>\n<li><strong>Utgivare:<\/strong> Spilbr\u00e6t \/ GMT Games<\/li>\n<\/ul>","protected":false},"featured_media":5860,"template":"","meta":{"site-sidebar-layout":"default","site-content-layout":"","ast-site-content-layout":"default","site-content-style":"default","site-sidebar-style":"default","ast-global-header-display":"","ast-banner-title-visibility":"","ast-main-header-display":"","ast-hfb-above-header-display":"","ast-hfb-below-header-display":"","ast-hfb-mobile-header-display":"","site-post-title":"","ast-breadcrumbs-content":"","ast-featured-img":"","footer-sml-layout":"","ast-disable-related-posts":"","theme-transparent-header-meta":"default","adv-header-id-meta":"","stick-header-meta":"","header-above-stick-meta":"","header-main-stick-meta":"","header-below-stick-meta":"","astra-migrate-meta-layouts":"set","ast-page-background-enabled":"default","ast-page-background-meta":{"desktop":{"background-color":"","background-image":"","background-repeat":"repeat","background-position":"center center","background-size":"auto","background-attachment":"scroll","background-type":"","background-media":"","overlay-type":"","overlay-color":"","overlay-opacity":"","overlay-gradient":""},"tablet":{"background-color":"","background-image":"","background-repeat":"repeat","background-position":"center center","background-size":"auto","background-attachment":"scroll","background-type":"","background-media":"","overlay-type":"","overlay-color":"","overlay-opacity":"","overlay-gradient":""},"mobile":{"background-color":"","background-image":"","background-repeat":"repeat","background-position":"center center","background-size":"auto","background-attachment":"scroll","background-type":"","background-media":"","overlay-type":"","overlay-color":"","overlay-opacity":"","overlay-gradient":""}},"ast-content-background-meta":{"desktop":{"background-color":"var(--ast-global-color-5)","background-image":"","background-repeat":"repeat","background-position":"center center","background-size":"auto","background-attachment":"scroll","background-type":"","background-media":"","overlay-type":"","overlay-color":"","overlay-opacity":"","overlay-gradient":""},"tablet":{"background-color":"var(--ast-global-color-5)","background-image":"","background-repeat":"repeat","background-position":"center center","background-size":"auto","background-attachment":"scroll","background-type":"","background-media":"","overlay-type":"","overlay-color":"","overlay-opacity":"","overlay-gradient":""},"mobile":{"background-color":"var(--ast-global-color-5)","background-image":"","background-repeat":"repeat","background-position":"center center","background-size":"auto","background-attachment":"scroll","background-type":"","background-media":"","overlay-type":"","overlay-color":"","overlay-opacity":"","overlay-gradient":""}}},"product_brand":[1150],"product_cat":[16,45,280],"product_tag":[1151,1049,1058,1152],"class_list":{"0":"post-5859","1":"product","2":"type-product","3":"status-publish","4":"has-post-thumbnail","6":"product_brand-gmt-games","7":"product_cat-kaikki","8":"product_cat-strategiapelit","9":"product_cat-valloitus-ja-politiikka","10":"product_tag-ananda-gupta","11":"product_tag-englanninkieliset-pelit","12":"product_tag-europeli","13":"product_tag-jason-matthews","14":"product_shipping_class-standard2","15":"desktop-align-center","16":"tablet-align-center","17":"mobile-align-center","19":"first","20":"outofstock","21":"taxable","22":"shipping-taxable","23":"purchasable","24":"product-type-simple"},"yoast_head":"<!-- This site is optimized with the Yoast SEO Premium plugin v27.3 (Yoast SEO v27.4) - https:\/\/yoast.com\/product\/yoast-seo-premium-wordpress\/ -->\n<title>Twilight Struggle Deluxe (EN) &#8211; Spelivinkki<\/title>\n<meta name=\"description\" content=\"Twilight Struggle Deluxe peli on poliittisen sotapeligenren kruununjalokivi. Koe unohtumaton ja j\u00e4nnitt\u00e4v\u00e4 pelikokemus t\u00e4ss\u00e4 kahden pelaajan lautapeliss\u00e4!\" \/>\n<meta name=\"robots\" content=\"index, follow, max-snippet:-1, max-image-preview:large, max-video-preview:-1\" \/>\n<link rel=\"canonical\" href=\"https:\/\/spelivinkki.fi\/sv\/produkt\/twilight-struggle-deluxe-en\/\" \/>\n<meta property=\"og:locale\" content=\"sv_SE\" \/>\n<meta property=\"og:type\" content=\"article\" \/>\n<meta property=\"og:title\" content=\"Twilight Struggle Deluxe (EN)\" \/>\n<meta property=\"og:description\" content=\"Twilight Struggle Deluxe peli on poliittisen sotapeligenren kruununjalokivi. Koe unohtumaton ja j\u00e4nnitt\u00e4v\u00e4 pelikokemus t\u00e4ss\u00e4 kahden pelaajan lautapeliss\u00e4!\" \/>\n<meta property=\"og:url\" content=\"https:\/\/spelivinkki.fi\/sv\/produkt\/twilight-struggle-deluxe-en\/\" \/>\n<meta property=\"og:site_name\" content=\"Spelivinkki\" \/>\n<meta property=\"article:publisher\" content=\"https:\/\/www.facebook.com\/SpelivinkkiOy\/\" \/>\n<meta property=\"article:modified_time\" content=\"2026-01-02T17:21:24+00:00\" \/>\n<meta property=\"og:image\" content=\"https:\/\/mlw9zexfsyfr.i.optimole.com\/w:auto\/h:auto\/q:mauto\/ig:avif\/https:\/\/spelivinkki.fi\/wp-content\/uploads\/2024\/03\/GMT-0510-15_Twilight-Struggle-Dlx-Ed_box_1000x1000-min.webp\" \/>\n\t<meta property=\"og:image:width\" content=\"1000\" \/>\n\t<meta property=\"og:image:height\" content=\"1000\" \/>\n\t<meta property=\"og:image:type\" content=\"image\/webp\" \/>\n<meta name=\"twitter:card\" content=\"summary_large_image\" \/>\n<meta name=\"twitter:site\" content=\"@SpelivinkkiOy\" \/>\n<meta name=\"twitter:label1\" content=\"Pris\" \/>\n\t<meta name=\"twitter:data1\" content=\"75,00&nbsp;&euro;\" \/>\n\t<meta name=\"twitter:label2\" content=\"Tillg\u00e4nglig\" \/>\n\t<meta name=\"twitter:data2\" content=\"Slut i lager\" \/>\n<script type=\"application\/ld+json\" class=\"yoast-schema-graph\">{\"@context\":\"https:\\\/\\\/schema.org\",\"@graph\":[{\"@type\":\"WebPage\",\"@id\":\"https:\\\/\\\/spelivinkki.fi\\\/tuote\\\/twilight-struggle-deluxe-en\\\/\",\"url\":\"https:\\\/\\\/spelivinkki.fi\\\/tuote\\\/twilight-struggle-deluxe-en\\\/\",\"name\":\"Twilight Struggle Deluxe (EN) &#8211; Spelivinkki\",\"isPartOf\":{\"@id\":\"https:\\\/\\\/spelivinkki.fi\\\/#website\"},\"primaryImageOfPage\":{\"@id\":\"https:\\\/\\\/spelivinkki.fi\\\/tuote\\\/twilight-struggle-deluxe-en\\\/#primaryimage\"},\"image\":{\"@id\":\"https:\\\/\\\/spelivinkki.fi\\\/tuote\\\/twilight-struggle-deluxe-en\\\/#primaryimage\"},\"thumbnailUrl\":\"https:\\/\\/spelivinkki.fi\\/wp-content\\/uploads\\/2024\\/03\\/GMT-0510-15_Twilight-Struggle-Dlx-Ed_box_1000x1000-min.webp\",\"datePublished\":\"2024-03-12T14:28:36+00:00\",\"dateModified\":\"2026-01-02T17:21:24+00:00\",\"description\":\"Twilight Struggle Deluxe peli on poliittisen sotapeligenren kruununjalokivi. Koe unohtumaton ja j\u00e4nnitt\u00e4v\u00e4 pelikokemus t\u00e4ss\u00e4 kahden pelaajan lautapeliss\u00e4!\",\"breadcrumb\":{\"@id\":\"https:\\\/\\\/spelivinkki.fi\\\/tuote\\\/twilight-struggle-deluxe-en\\\/#breadcrumb\"},\"inLanguage\":\"sv-SE\",\"potentialAction\":[{\"@type\":\"ReadAction\",\"target\":[\"https:\\\/\\\/spelivinkki.fi\\\/tuote\\\/twilight-struggle-deluxe-en\\\/\"]}]},{\"@type\":\"ImageObject\",\"inLanguage\":\"sv-SE\",\"@id\":\"https:\\\/\\\/spelivinkki.fi\\\/tuote\\\/twilight-struggle-deluxe-en\\\/#primaryimage\",\"url\":\"https:\\/\\/spelivinkki.fi\\/wp-content\\/uploads\\/2024\\/03\\/GMT-0510-15_Twilight-Struggle-Dlx-Ed_box_1000x1000-min.webp\",\"contentUrl\":\"https:\\/\\/spelivinkki.fi\\/wp-content\\/uploads\\/2024\\/03\\/GMT-0510-15_Twilight-Struggle-Dlx-Ed_box_1000x1000-min.webp\",\"width\":1000,\"height\":1000,\"caption\":\"GMT 0510 15 Twilight Struggle Dlx Ed box 1000x1000 min\"},{\"@type\":\"BreadcrumbList\",\"@id\":\"https:\\\/\\\/spelivinkki.fi\\\/tuote\\\/twilight-struggle-deluxe-en\\\/#breadcrumb\",\"itemListElement\":[{\"@type\":\"ListItem\",\"position\":1,\"name\":\"Etusivu\",\"item\":\"https:\\\/\\\/spelivinkki.fi\\\/\"},{\"@type\":\"ListItem\",\"position\":2,\"name\":\"Tuotteet\",\"item\":\"https:\\\/\\\/spelivinkki.fi\\\/tuotteet\\\/\"},{\"@type\":\"ListItem\",\"position\":3,\"name\":\"Twilight Struggle Deluxe (EN)\"}]},{\"@type\":\"WebSite\",\"@id\":\"https:\\\/\\\/spelivinkki.fi\\\/#website\",\"url\":\"https:\\\/\\\/spelivinkki.fi\\\/\",\"name\":\"Spelivinkki\",\"description\":\"Paraisten Lautapelikauppa\",\"publisher\":{\"@id\":\"https:\\\/\\\/spelivinkki.fi\\\/#organization\"},\"alternateName\":\"Spelivinkki Oy\",\"potentialAction\":[{\"@type\":\"SearchAction\",\"target\":{\"@type\":\"EntryPoint\",\"urlTemplate\":\"https:\\\/\\\/spelivinkki.fi\\\/?s={search_term_string}\"},\"query-input\":{\"@type\":\"PropertyValueSpecification\",\"valueRequired\":true,\"valueName\":\"search_term_string\"}}],\"inLanguage\":\"sv-SE\"},{\"@type\":\"Organization\",\"@id\":\"https:\\\/\\\/spelivinkki.fi\\\/#organization\",\"name\":\"Spelivinkki Oy\",\"alternateName\":\"Spelivinkki\",\"url\":\"https:\\\/\\\/spelivinkki.fi\\\/\",\"logo\":{\"@type\":\"ImageObject\",\"inLanguage\":\"sv-SE\",\"@id\":\"https:\\\/\\\/spelivinkki.fi\\\/#\\\/schema\\\/logo\\\/image\\\/\",\"url\":\"https:\\/\\/spelivinkki.fi\\/wp-content\\/uploads\\/2024\\/02\\/Logo.svg\",\"contentUrl\":\"https:\\/\\/spelivinkki.fi\\/wp-content\\/uploads\\/2024\\/02\\/Logo.svg\",\"width\":2176,\"height\":2323,\"caption\":\"Spelivinkki Oy\"},\"image\":{\"@id\":\"https:\\\/\\\/spelivinkki.fi\\\/#\\\/schema\\\/logo\\\/image\\\/\"},\"sameAs\":[\"https:\\\/\\\/www.facebook.com\\\/SpelivinkkiOy\\\/\",\"https:\\\/\\\/x.com\\\/SpelivinkkiOy\",\"https:\\\/\\\/www.instagram.com\\\/spelivinkkioy\\\/\"],\"description\":\"Spelivinkki Oy is a company operating both a brick-and-mortar store in Finland as well as a webshop online. We sell board games, roleplaying games, miniature wargames, logic puzzles, jigsaw puzzles and other things related to the boardgame hobby.\",\"email\":\"myynti@spelivinkki.fi\",\"telephone\":\"+358406486605\",\"legalName\":\"Spelivinkki Oy\",\"foundingDate\":\"2023-09-17\",\"vatID\":\"FI33904524\",\"numberOfEmployees\":{\"@type\":\"QuantitativeValue\",\"minValue\":\"1\",\"maxValue\":\"10\"},\"hasMerchantReturnPolicy\":{\"@type\":\"MerchantReturnPolicy\",\"merchantReturnLink\":\"https:\\\/\\\/spelivinkki.fi\\\/sv\\\/spelivinkin-vaihto-ja-palautusoikeus\\\/\"}}]}<\/script>\n<meta property=\"product:brand\" content=\"GMT Games\" \/>\n<meta property=\"product:price:amount\" content=\"75.00\" \/>\n<meta property=\"product:price:currency\" content=\"EUR\" \/>\n<meta property=\"og:availability\" content=\"out of stock\" \/>\n<meta property=\"product:availability\" content=\"out of stock\" \/>\n<meta property=\"product:retailer_item_id\" content=\"Twilight Struggle Deluxe EN\" \/>\n<meta property=\"product:condition\" content=\"new\" \/>\n<!-- \/ Yoast SEO Premium plugin. -->","yoast_head_json":{"title":"Twilight Struggle Deluxe (EN) &#8211; Spelivinkki","description":"Twilight Struggle Deluxe peli on poliittisen sotapeligenren kruununjalokivi. Koe unohtumaton ja j\u00e4nnitt\u00e4v\u00e4 pelikokemus t\u00e4ss\u00e4 kahden pelaajan lautapeliss\u00e4!","robots":{"index":"index","follow":"follow","max-snippet":"max-snippet:-1","max-image-preview":"max-image-preview:large","max-video-preview":"max-video-preview:-1"},"canonical":"https:\/\/spelivinkki.fi\/sv\/produkt\/twilight-struggle-deluxe-en\/","og_locale":"sv_SE","og_type":"article","og_title":"Twilight Struggle Deluxe (EN)","og_description":"Twilight Struggle Deluxe peli on poliittisen sotapeligenren kruununjalokivi. Koe unohtumaton ja j\u00e4nnitt\u00e4v\u00e4 pelikokemus t\u00e4ss\u00e4 kahden pelaajan lautapeliss\u00e4!","og_url":"https:\/\/spelivinkki.fi\/sv\/produkt\/twilight-struggle-deluxe-en\/","og_site_name":"Spelivinkki","article_publisher":"https:\/\/www.facebook.com\/SpelivinkkiOy\/","article_modified_time":"2026-01-02T17:21:24+00:00","og_image":[{"width":1000,"height":1000,"url":"https:\/\/mlw9zexfsyfr.i.optimole.com\/w:auto\/h:auto\/q:mauto\/ig:avif\/https:\/\/spelivinkki.fi\/wp-content\/uploads\/2024\/03\/GMT-0510-15_Twilight-Struggle-Dlx-Ed_box_1000x1000-min.webp","type":"image\/webp"}],"twitter_card":"summary_large_image","twitter_site":"@SpelivinkkiOy","twitter_misc":{"Pris":"75,00&nbsp;&euro;","Tillg\u00e4nglig":"Slut i lager"},"schema":{"@context":"https:\/\/schema.org","@graph":[{"@type":"WebPage","@id":"https:\/\/spelivinkki.fi\/tuote\/twilight-struggle-deluxe-en\/","url":"https:\/\/spelivinkki.fi\/tuote\/twilight-struggle-deluxe-en\/","name":"Twilight Struggle Deluxe (EN) &#8211; Spelivinkki","isPartOf":{"@id":"https:\/\/spelivinkki.fi\/#website"},"primaryImageOfPage":{"@id":"https:\/\/spelivinkki.fi\/tuote\/twilight-struggle-deluxe-en\/#primaryimage"},"image":{"@id":"https:\/\/spelivinkki.fi\/tuote\/twilight-struggle-deluxe-en\/#primaryimage"},"thumbnailUrl":"https:\/\/mlw9zexfsyfr.i.optimole.com\/w:auto\/h:auto\/q:mauto\/ig:avif\/https:\/\/spelivinkki.fi\/wp-content\/uploads\/2024\/03\/GMT-0510-15_Twilight-Struggle-Dlx-Ed_box_1000x1000-min.webp","datePublished":"2024-03-12T14:28:36+00:00","dateModified":"2026-01-02T17:21:24+00:00","description":"Twilight Struggle Deluxe peli on poliittisen sotapeligenren kruununjalokivi. Koe unohtumaton ja j\u00e4nnitt\u00e4v\u00e4 pelikokemus t\u00e4ss\u00e4 kahden pelaajan lautapeliss\u00e4!","breadcrumb":{"@id":"https:\/\/spelivinkki.fi\/tuote\/twilight-struggle-deluxe-en\/#breadcrumb"},"inLanguage":"sv-SE","potentialAction":[{"@type":"ReadAction","target":["https:\/\/spelivinkki.fi\/tuote\/twilight-struggle-deluxe-en\/"]}]},{"@type":"ImageObject","inLanguage":"sv-SE","@id":"https:\/\/spelivinkki.fi\/tuote\/twilight-struggle-deluxe-en\/#primaryimage","url":"https:\/\/mlw9zexfsyfr.i.optimole.com\/w:auto\/h:auto\/q:mauto\/ig:avif\/https:\/\/spelivinkki.fi\/wp-content\/uploads\/2024\/03\/GMT-0510-15_Twilight-Struggle-Dlx-Ed_box_1000x1000-min.webp","contentUrl":"https:\/\/mlw9zexfsyfr.i.optimole.com\/w:auto\/h:auto\/q:mauto\/ig:avif\/https:\/\/spelivinkki.fi\/wp-content\/uploads\/2024\/03\/GMT-0510-15_Twilight-Struggle-Dlx-Ed_box_1000x1000-min.webp","width":1000,"height":1000,"caption":"GMT 0510 15 Twilight Struggle Dlx Ed box 1000x1000 min"},{"@type":"BreadcrumbList","@id":"https:\/\/spelivinkki.fi\/tuote\/twilight-struggle-deluxe-en\/#breadcrumb","itemListElement":[{"@type":"ListItem","position":1,"name":"Etusivu","item":"https:\/\/spelivinkki.fi\/"},{"@type":"ListItem","position":2,"name":"Tuotteet","item":"https:\/\/spelivinkki.fi\/tuotteet\/"},{"@type":"ListItem","position":3,"name":"Twilight Struggle Deluxe (EN)"}]},{"@type":"WebSite","@id":"https:\/\/spelivinkki.fi\/#website","url":"https:\/\/spelivinkki.fi\/","name":"Spelivinkki","description":"Paraisten Lautapelikauppa","publisher":{"@id":"https:\/\/spelivinkki.fi\/#organization"},"alternateName":"Spelivinkki Oy","potentialAction":[{"@type":"SearchAction","target":{"@type":"EntryPoint","urlTemplate":"https:\/\/spelivinkki.fi\/?s={search_term_string}"},"query-input":{"@type":"PropertyValueSpecification","valueRequired":true,"valueName":"search_term_string"}}],"inLanguage":"sv-SE"},{"@type":"Organization","@id":"https:\/\/spelivinkki.fi\/#organization","name":"Spelivinkki Oy","alternateName":"Spelivinkki","url":"https:\/\/spelivinkki.fi\/","logo":{"@type":"ImageObject","inLanguage":"sv-SE","@id":"https:\/\/spelivinkki.fi\/#\/schema\/logo\/image\/","url":"https:\/\/mlw9zexfsyfr.i.optimole.com\/w:auto\/h:auto\/q:mauto\/ig:avif\/https:\/\/spelivinkki.fi\/wp-content\/uploads\/2024\/02\/Logo.svg","contentUrl":"https:\/\/mlw9zexfsyfr.i.optimole.com\/w:auto\/h:auto\/q:mauto\/ig:avif\/https:\/\/spelivinkki.fi\/wp-content\/uploads\/2024\/02\/Logo.svg","width":2176,"height":2323,"caption":"Spelivinkki Oy"},"image":{"@id":"https:\/\/spelivinkki.fi\/#\/schema\/logo\/image\/"},"sameAs":["https:\/\/www.facebook.com\/SpelivinkkiOy\/","https:\/\/x.com\/SpelivinkkiOy","https:\/\/www.instagram.com\/spelivinkkioy\/"],"description":"Spelivinkki Oy is a company operating both a brick-and-mortar store in Finland as well as a webshop online. We sell board games, roleplaying games, miniature wargames, logic puzzles, jigsaw puzzles and other things related to the boardgame hobby.","email":"myynti@spelivinkki.fi","telephone":"+358406486605","legalName":"Spelivinkki Oy","foundingDate":"2023-09-17","vatID":"FI33904524","numberOfEmployees":{"@type":"QuantitativeValue","minValue":"1","maxValue":"10"},"hasMerchantReturnPolicy":{"@type":"MerchantReturnPolicy","merchantReturnLink":"https:\/\/spelivinkki.fi\/sv\/spelivinkin-vaihto-ja-palautusoikeus\/"}}]},"product_brand":"GMT Games","product_price_amount":"75.00","product_price_currency":"EUR","og_availability":"out of stock","product_availability":"out of stock","product_retailer_item_id":"Twilight Struggle Deluxe EN","product_condition":"new"},"_links":{"self":[{"href":"https:\/\/spelivinkki.fi\/sv\/wp-json\/wp\/v2\/product\/5859","targetHints":{"allow":["GET"]}}],"collection":[{"href":"https:\/\/spelivinkki.fi\/sv\/wp-json\/wp\/v2\/product"}],"about":[{"href":"https:\/\/spelivinkki.fi\/sv\/wp-json\/wp\/v2\/types\/product"}],"wp:featuredmedia":[{"embeddable":true,"href":"https:\/\/spelivinkki.fi\/sv\/wp-json\/wp\/v2\/media\/5860"}],"wp:attachment":[{"href":"https:\/\/spelivinkki.fi\/sv\/wp-json\/wp\/v2\/media?parent=5859"}],"wp:term":[{"taxonomy":"product_brand","embeddable":true,"href":"https:\/\/spelivinkki.fi\/sv\/wp-json\/wp\/v2\/product_brand?post=5859"},{"taxonomy":"product_cat","embeddable":true,"href":"https:\/\/spelivinkki.fi\/sv\/wp-json\/wp\/v2\/product_cat?post=5859"},{"taxonomy":"product_tag","embeddable":true,"href":"https:\/\/spelivinkki.fi\/sv\/wp-json\/wp\/v2\/product_tag?post=5859"}],"curies":[{"name":"wp","href":"https:\/\/api.w.org\/{rel}","templated":true}]}}