{"id":5863,"date":"2024-03-12T15:22:43","date_gmt":"2024-03-12T15:22:43","guid":{"rendered":"https:\/\/spelivinkki.fi\/?post_type=product&#038;p=5863"},"modified":"2025-03-31T08:08:02","modified_gmt":"2025-03-31T08:08:02","slug":"the-crew-the-quest-for-planet-nine-se-en-da","status":"publish","type":"product","link":"https:\/\/spelivinkki.fi\/sv\/produkt\/the-crew-the-quest-for-planet-nine-se-en-da\/","title":{"rendered":"The Crew: The Quest for Planet Nine (SE\/EN\/DA)"},"content":{"rendered":"<p>The Crew \u00e4r ett sticktagningsspel med 40 spelkort och 36 uppdragskort. I spelets b\u00f6rjan blandas spelkorten och delas j\u00e4mnt ut bland spelarna (ifall det \u00e4r tre spelare f\u00e5r en ett extra kort). I b\u00e5de uppdragskortleken och spelkorleken finns kort av olika v\u00e4rde och f\u00e4rg.<\/p>\n<p>Under en runda l\u00e4gger alla spelare ner ett kort i stickh\u00f6gen. Den f\u00f6rsta spelaren l\u00e4gger sitt kort f\u00f6rst som anger vilken f\u00e4rgs kort skall l\u00e4ggas i h\u00f6gen. Om en spelare inte har ett enda kort av r\u00e4tt f\u00e4rg f\u00e5r hen dock l\u00e4gga ett kort av en annan f\u00e4rg. N\u00e4r alla spelare v\u00e4l har lagt ett kort i h\u00f6gen ska den som lade ner det h\u00f6gsta kortet av r\u00e4tt f\u00e4rg ta sticket. Sedan b\u00f6rjar n\u00e4sta runda.<\/p>\n<p>Spelets po\u00e4ng ligger i dess rymduppdrag. I b\u00f6rjan av spelet f\u00e5r spelargruppen ett uppdrag att slutf\u00f6ra. Det finns sammanlagt 50 uppdrag i spelet, varav varje \u00e4r sv\u00e5rare \u00e4n det tidigare. De m\u00e5ste inte alla spelas med en g\u00e5ng, utan de \u00e4r planerade s\u00e5 att de g\u00e5r att forts\u00e4tta till och med med en annan grupp i v\u00e4rsta fall.<\/p>\n<p>F\u00f6r att klara av ett rymduppdrag m\u00e5ste alla dess deluppgifter uppfyllas. En spelare kan f\u00e5 flera deluppgifter, medan andra inte n\u00f6dv\u00e4ndigtvis har en enda. Ifall en spelare f\u00e5r en uppgift, ska hen ta ett uppdragskort fr\u00e5n h\u00f6gen av 36 kort och f\u00e5r d\u00e4rmed veta vilket kort hen beh\u00f6ver vinna i ett stick f\u00f6r att klara av sin uppgift. Om fel spelare vinner f\u00f6rlorar alla... Spelarna f\u00e5r INTE tala om sina kort eller sina uppgifter men de har en sak till sin hj\u00e4lp: En radiotelefon!<\/p>\n<p>Radiotelefonen g\u00f6r att en spelare kan visa ett av sina spelkort. Hen l\u00e4gger sedan radiotelefonens mynt antingen \u00f6ver, under eller mitt p\u00e5 spelkortet f\u00f6r att ange ifall det \u00e4r det h\u00f6gsta, l\u00e4gsta, eller det enda kortet hen har av kortets f\u00e4rg.<\/p>\n<h6><strong>Publisher description in English:<\/strong><\/h6>\n<p><em>In the co-operative trick-taking game The Crew: The Quest for Planet Nine , the players set out as astronauts on an uncertain space adventure. What about the rumors about the unknown planet? The eventful journey through space extends over 50 exciting missions. But this game can only be defeated by meeting common individual tasks of each player. In order to meet the varied challenges, communication is essential in the team. But this is more difficult than expected in space.<\/em><\/p>\n<p><em>With each mission, the game becomes more difficult. After each mission, the game can be paused and continued later. During each mission, it is not the amount of tricks, but the right tricks at the right time that count.<\/em><\/p>\n<p><em>The team wins only if every single player is successful in fulfilling their tasks.<\/em><\/p>","protected":false},"excerpt":{"rendered":"<ul>\n<li><strong>Spelarm\u00e4ngd:<\/strong> 2-5 (<strong>B\u00e4sta m\u00e4ngden:<\/strong> 4)<\/li>\n<li><strong>Varaktighet:<\/strong> 20 min<\/li>\n<li><strong>\u00c5ldersrekommendation:<\/strong> 10+<\/li>\n<li><strong>Spr\u00e5k:<\/strong> Engelska, svenska, danska<\/li>\n<li><strong>Genre:<\/strong> Stickspel, samarbete, handkontroll, begr\u00e4nsad kommunikation<\/li>\n<li><strong>Tema:<\/strong> Astronauter, Science Fiction, Rymden<\/li>\n<li><strong>Passande Sleevy Kortskydd (ing\u00e5r ej!):<\/strong> 36 st S storlek och 45 st M storlek<\/li>\n<li><strong>Utveckling:<\/strong> Thomas Sing<\/li>\n<li><strong>Utgivare:<\/strong> Lautapelit.fi<\/li>\n<\/ul>","protected":false},"featured_media":5864,"template":"","meta":{"site-sidebar-layout":"default","site-content-layout":"","ast-site-content-layout":"default","site-content-style":"default","site-sidebar-style":"default","ast-global-header-display":"","ast-banner-title-visibility":"","ast-main-header-display":"","ast-hfb-above-header-display":"","ast-hfb-below-header-display":"","ast-hfb-mobile-header-display":"","site-post-title":"","ast-breadcrumbs-content":"","ast-featured-img":"","footer-sml-layout":"","ast-disable-related-posts":"","theme-transparent-header-meta":"default","adv-header-id-meta":"","stick-header-meta":"","header-above-stick-meta":"","header-main-stick-meta":"","header-below-stick-meta":"","astra-migrate-meta-layouts":"set","ast-page-background-enabled":"default","ast-page-background-meta":{"desktop":{"background-color":"","background-image":"","background-repeat":"repeat","background-position":"center center","background-size":"auto","background-attachment":"scroll","background-type":"","background-media":"","overlay-type":"","overlay-color":"","overlay-opacity":"","overlay-gradient":""},"tablet":{"background-color":"","background-image":"","background-repeat":"repeat","background-position":"center center","background-size":"auto","background-attachment":"scroll","background-type":"","background-media":"","overlay-type":"","overlay-color":"","overlay-opacity":"","overlay-gradient":""},"mobile":{"background-color":"","background-image":"","background-repeat":"repeat","background-position":"center center","background-size":"auto","background-attachment":"scroll","background-type":"","background-media":"","overlay-type":"","overlay-color":"","overlay-opacity":"","overlay-gradient":""}},"ast-content-background-meta":{"desktop":{"background-color":"var(--ast-global-color-5)","background-image":"","background-repeat":"repeat","background-position":"center center","background-size":"auto","background-attachment":"scroll","background-type":"","background-media":"","overlay-type":"","overlay-color":"","overlay-opacity":"","overlay-gradient":""},"tablet":{"background-color":"var(--ast-global-color-5)","background-image":"","background-repeat":"repeat","background-position":"center center","background-size":"auto","background-attachment":"scroll","background-type":"","background-media":"","overlay-type":"","overlay-color":"","overlay-opacity":"","overlay-gradient":""},"mobile":{"background-color":"var(--ast-global-color-5)","background-image":"","background-repeat":"repeat","background-position":"center center","background-size":"auto","background-attachment":"scroll","background-type":"","background-media":"","overlay-type":"","overlay-color":"","overlay-opacity":"","overlay-gradient":""}}},"product_brand":[1157,1107,1147],"product_cat":[16,46],"product_tag":[1049,1047,1050,1155,1156],"class_list":{"0":"post-5863","1":"product","2":"type-product","3":"status-publish","4":"has-post-thumbnail","6":"product_brand-kosmos","7":"product_brand-lautapelit-fi","8":"product_brand-spilbraet","9":"product_cat-kaikki","10":"product_cat-yhteistyopelit","11":"product_tag-englanninkieliset-pelit","12":"product_tag-peruspeli","13":"product_tag-ruotsinkieliset-pelit","14":"product_tag-the-crew-pelisarja","15":"product_tag-thomas-sing","16":"product_shipping_class-standard2","17":"desktop-align-center","18":"tablet-align-center","19":"mobile-align-center","21":"first","22":"instock","23":"taxable","24":"shipping-taxable","25":"purchasable","26":"product-type-simple"},"yoast_head":"<!-- This site is optimized with the Yoast SEO Premium plugin v27.3 (Yoast SEO v27.4) - https:\/\/yoast.com\/product\/yoast-seo-premium-wordpress\/ -->\n<title>The Crew: The Quest for Planet Nine (SE\/EN\/DA) &#8211; Spelivinkki<\/title>\n<meta name=\"description\" content=\"Koe j\u00e4nnitt\u00e4v\u00e4 seikkailu The Crew: Quest for Planet Nine -korttipelin parissa. Suorita avaruusteht\u00e4vi\u00e4 ja pelaa korttisi oikeaan tikkiin voittaaksesi! \ud83d\ude80\" \/>\n<meta name=\"robots\" content=\"index, follow, max-snippet:-1, max-image-preview:large, max-video-preview:-1\" \/>\n<link rel=\"canonical\" href=\"https:\/\/spelivinkki.fi\/sv\/produkt\/the-crew-the-quest-for-planet-nine-se-en-da\/\" \/>\n<meta property=\"og:locale\" content=\"sv_SE\" \/>\n<meta property=\"og:type\" content=\"article\" \/>\n<meta property=\"og:title\" content=\"The Crew: The Quest for Planet Nine (SE\/EN\/DA)\" \/>\n<meta property=\"og:description\" content=\"Koe j\u00e4nnitt\u00e4v\u00e4 seikkailu The Crew: Quest for Planet Nine -korttipelin parissa. Suorita avaruusteht\u00e4vi\u00e4 ja pelaa korttisi oikeaan tikkiin voittaaksesi! \ud83d\ude80\" \/>\n<meta property=\"og:url\" content=\"https:\/\/spelivinkki.fi\/sv\/produkt\/the-crew-the-quest-for-planet-nine-se-en-da\/\" \/>\n<meta property=\"og:site_name\" content=\"Spelivinkki\" \/>\n<meta property=\"article:publisher\" content=\"https:\/\/www.facebook.com\/SpelivinkkiOy\/\" \/>\n<meta property=\"article:modified_time\" content=\"2025-03-31T08:08:02+00:00\" \/>\n<meta property=\"og:image\" content=\"https:\/\/mlw9zexfsyfr.i.optimole.com\/w:auto\/h:auto\/q:mauto\/ig:avif\/https:\/\/spelivinkki.fi\/wp-content\/uploads\/2024\/03\/LPFI7505_TheCrew_Box_DA-SE-EN1000x1000-min.webp\" \/>\n\t<meta property=\"og:image:width\" content=\"1000\" \/>\n\t<meta property=\"og:image:height\" content=\"1000\" \/>\n\t<meta property=\"og:image:type\" content=\"image\/webp\" \/>\n<meta name=\"twitter:card\" content=\"summary_large_image\" \/>\n<meta name=\"twitter:site\" content=\"@SpelivinkkiOy\" \/>\n<meta name=\"twitter:label1\" content=\"Pris\" \/>\n\t<meta name=\"twitter:data1\" content=\"20,00&nbsp;&euro;\" \/>\n\t<meta name=\"twitter:label2\" content=\"Tillg\u00e4nglig\" \/>\n\t<meta name=\"twitter:data2\" content=\"I lager\" \/>\n<script type=\"application\/ld+json\" class=\"yoast-schema-graph\">{\"@context\":\"https:\\\/\\\/schema.org\",\"@graph\":[{\"@type\":\"WebPage\",\"@id\":\"https:\\\/\\\/spelivinkki.fi\\\/tuote\\\/the-crew-the-quest-for-planet-nine-se-en-da\\\/\",\"url\":\"https:\\\/\\\/spelivinkki.fi\\\/tuote\\\/the-crew-the-quest-for-planet-nine-se-en-da\\\/\",\"name\":\"The Crew: The Quest for Planet Nine (SE\\\/EN\\\/DA) &#8211; Spelivinkki\",\"isPartOf\":{\"@id\":\"https:\\\/\\\/spelivinkki.fi\\\/#website\"},\"primaryImageOfPage\":{\"@id\":\"https:\\\/\\\/spelivinkki.fi\\\/tuote\\\/the-crew-the-quest-for-planet-nine-se-en-da\\\/#primaryimage\"},\"image\":{\"@id\":\"https:\\\/\\\/spelivinkki.fi\\\/tuote\\\/the-crew-the-quest-for-planet-nine-se-en-da\\\/#primaryimage\"},\"thumbnailUrl\":\"https:\\/\\/spelivinkki.fi\\/wp-content\\/uploads\\/2024\\/03\\/LPFI7505_TheCrew_Box_DA-SE-EN1000x1000-min.webp\",\"datePublished\":\"2024-03-12T15:22:43+00:00\",\"dateModified\":\"2025-03-31T08:08:02+00:00\",\"description\":\"Koe j\u00e4nnitt\u00e4v\u00e4 seikkailu The Crew: Quest for Planet Nine -korttipelin parissa. Suorita avaruusteht\u00e4vi\u00e4 ja pelaa korttisi oikeaan tikkiin voittaaksesi! \ud83d\ude80\",\"breadcrumb\":{\"@id\":\"https:\\\/\\\/spelivinkki.fi\\\/tuote\\\/the-crew-the-quest-for-planet-nine-se-en-da\\\/#breadcrumb\"},\"inLanguage\":\"sv-SE\",\"potentialAction\":[{\"@type\":\"ReadAction\",\"target\":[\"https:\\\/\\\/spelivinkki.fi\\\/tuote\\\/the-crew-the-quest-for-planet-nine-se-en-da\\\/\"]}]},{\"@type\":\"ImageObject\",\"inLanguage\":\"sv-SE\",\"@id\":\"https:\\\/\\\/spelivinkki.fi\\\/tuote\\\/the-crew-the-quest-for-planet-nine-se-en-da\\\/#primaryimage\",\"url\":\"https:\\/\\/spelivinkki.fi\\/wp-content\\/uploads\\/2024\\/03\\/LPFI7505_TheCrew_Box_DA-SE-EN1000x1000-min.webp\",\"contentUrl\":\"https:\\/\\/spelivinkki.fi\\/wp-content\\/uploads\\/2024\\/03\\/LPFI7505_TheCrew_Box_DA-SE-EN1000x1000-min.webp\",\"width\":1000,\"height\":1000,\"caption\":\"LPFI7505 TheCrew Box DA SE EN1000x1000 min\"},{\"@type\":\"BreadcrumbList\",\"@id\":\"https:\\\/\\\/spelivinkki.fi\\\/tuote\\\/the-crew-the-quest-for-planet-nine-se-en-da\\\/#breadcrumb\",\"itemListElement\":[{\"@type\":\"ListItem\",\"position\":1,\"name\":\"Etusivu\",\"item\":\"https:\\\/\\\/spelivinkki.fi\\\/\"},{\"@type\":\"ListItem\",\"position\":2,\"name\":\"Tuotteet\",\"item\":\"https:\\\/\\\/spelivinkki.fi\\\/tuotteet\\\/\"},{\"@type\":\"ListItem\",\"position\":3,\"name\":\"The Crew: The Quest for Planet Nine (SE\\\/EN\\\/DA)\"}]},{\"@type\":\"WebSite\",\"@id\":\"https:\\\/\\\/spelivinkki.fi\\\/#website\",\"url\":\"https:\\\/\\\/spelivinkki.fi\\\/\",\"name\":\"Spelivinkki\",\"description\":\"Paraisten Lautapelikauppa\",\"publisher\":{\"@id\":\"https:\\\/\\\/spelivinkki.fi\\\/#organization\"},\"alternateName\":\"Spelivinkki Oy\",\"potentialAction\":[{\"@type\":\"SearchAction\",\"target\":{\"@type\":\"EntryPoint\",\"urlTemplate\":\"https:\\\/\\\/spelivinkki.fi\\\/?s={search_term_string}\"},\"query-input\":{\"@type\":\"PropertyValueSpecification\",\"valueRequired\":true,\"valueName\":\"search_term_string\"}}],\"inLanguage\":\"sv-SE\"},{\"@type\":\"Organization\",\"@id\":\"https:\\\/\\\/spelivinkki.fi\\\/#organization\",\"name\":\"Spelivinkki Oy\",\"alternateName\":\"Spelivinkki\",\"url\":\"https:\\\/\\\/spelivinkki.fi\\\/\",\"logo\":{\"@type\":\"ImageObject\",\"inLanguage\":\"sv-SE\",\"@id\":\"https:\\\/\\\/spelivinkki.fi\\\/#\\\/schema\\\/logo\\\/image\\\/\",\"url\":\"https:\\/\\/spelivinkki.fi\\/wp-content\\/uploads\\/2024\\/02\\/Logo.svg\",\"contentUrl\":\"https:\\/\\/spelivinkki.fi\\/wp-content\\/uploads\\/2024\\/02\\/Logo.svg\",\"width\":2176,\"height\":2323,\"caption\":\"Spelivinkki Oy\"},\"image\":{\"@id\":\"https:\\\/\\\/spelivinkki.fi\\\/#\\\/schema\\\/logo\\\/image\\\/\"},\"sameAs\":[\"https:\\\/\\\/www.facebook.com\\\/SpelivinkkiOy\\\/\",\"https:\\\/\\\/x.com\\\/SpelivinkkiOy\",\"https:\\\/\\\/www.instagram.com\\\/spelivinkkioy\\\/\"],\"description\":\"Spelivinkki Oy is a company operating both a brick-and-mortar store in Finland as well as a webshop online. We sell board games, roleplaying games, miniature wargames, logic puzzles, jigsaw puzzles and other things related to the boardgame hobby.\",\"email\":\"myynti@spelivinkki.fi\",\"telephone\":\"+358406486605\",\"legalName\":\"Spelivinkki Oy\",\"foundingDate\":\"2023-09-17\",\"vatID\":\"FI33904524\",\"numberOfEmployees\":{\"@type\":\"QuantitativeValue\",\"minValue\":\"1\",\"maxValue\":\"10\"},\"hasMerchantReturnPolicy\":{\"@type\":\"MerchantReturnPolicy\",\"merchantReturnLink\":\"https:\\\/\\\/spelivinkki.fi\\\/sv\\\/spelivinkin-vaihto-ja-palautusoikeus\\\/\"}}]}<\/script>\n<meta property=\"product:brand\" content=\"Spilbr\u00e6t\" \/>\n<meta property=\"product:price:amount\" content=\"20.00\" \/>\n<meta property=\"product:price:currency\" content=\"EUR\" \/>\n<meta property=\"og:availability\" content=\"instock\" \/>\n<meta property=\"product:availability\" content=\"instock\" \/>\n<meta property=\"product:retailer_item_id\" content=\"The Crew DA SE EN\" \/>\n<meta property=\"product:condition\" content=\"new\" \/>\n<!-- \/ Yoast SEO Premium plugin. -->","yoast_head_json":{"title":"The Crew: The Quest for Planet Nine (SE\/EN\/DA) &#8211; Spelivinkki","description":"Koe j\u00e4nnitt\u00e4v\u00e4 seikkailu The Crew: Quest for Planet Nine -korttipelin parissa. Suorita avaruusteht\u00e4vi\u00e4 ja pelaa korttisi oikeaan tikkiin voittaaksesi! \ud83d\ude80","robots":{"index":"index","follow":"follow","max-snippet":"max-snippet:-1","max-image-preview":"max-image-preview:large","max-video-preview":"max-video-preview:-1"},"canonical":"https:\/\/spelivinkki.fi\/sv\/produkt\/the-crew-the-quest-for-planet-nine-se-en-da\/","og_locale":"sv_SE","og_type":"article","og_title":"The Crew: The Quest for Planet Nine (SE\/EN\/DA)","og_description":"Koe j\u00e4nnitt\u00e4v\u00e4 seikkailu The Crew: Quest for Planet Nine -korttipelin parissa. Suorita avaruusteht\u00e4vi\u00e4 ja pelaa korttisi oikeaan tikkiin voittaaksesi! \ud83d\ude80","og_url":"https:\/\/spelivinkki.fi\/sv\/produkt\/the-crew-the-quest-for-planet-nine-se-en-da\/","og_site_name":"Spelivinkki","article_publisher":"https:\/\/www.facebook.com\/SpelivinkkiOy\/","article_modified_time":"2025-03-31T08:08:02+00:00","og_image":[{"width":1000,"height":1000,"url":"https:\/\/mlw9zexfsyfr.i.optimole.com\/w:auto\/h:auto\/q:mauto\/ig:avif\/https:\/\/spelivinkki.fi\/wp-content\/uploads\/2024\/03\/LPFI7505_TheCrew_Box_DA-SE-EN1000x1000-min.webp","type":"image\/webp"}],"twitter_card":"summary_large_image","twitter_site":"@SpelivinkkiOy","twitter_misc":{"Pris":"20,00&nbsp;&euro;","Tillg\u00e4nglig":"I lager"},"schema":{"@context":"https:\/\/schema.org","@graph":[{"@type":"WebPage","@id":"https:\/\/spelivinkki.fi\/tuote\/the-crew-the-quest-for-planet-nine-se-en-da\/","url":"https:\/\/spelivinkki.fi\/tuote\/the-crew-the-quest-for-planet-nine-se-en-da\/","name":"The Crew: The Quest for Planet Nine (SE\/EN\/DA) &#8211; Spelivinkki","isPartOf":{"@id":"https:\/\/spelivinkki.fi\/#website"},"primaryImageOfPage":{"@id":"https:\/\/spelivinkki.fi\/tuote\/the-crew-the-quest-for-planet-nine-se-en-da\/#primaryimage"},"image":{"@id":"https:\/\/spelivinkki.fi\/tuote\/the-crew-the-quest-for-planet-nine-se-en-da\/#primaryimage"},"thumbnailUrl":"https:\/\/mlw9zexfsyfr.i.optimole.com\/w:auto\/h:auto\/q:mauto\/ig:avif\/https:\/\/spelivinkki.fi\/wp-content\/uploads\/2024\/03\/LPFI7505_TheCrew_Box_DA-SE-EN1000x1000-min.webp","datePublished":"2024-03-12T15:22:43+00:00","dateModified":"2025-03-31T08:08:02+00:00","description":"Koe j\u00e4nnitt\u00e4v\u00e4 seikkailu The Crew: Quest for Planet Nine -korttipelin parissa. Suorita avaruusteht\u00e4vi\u00e4 ja pelaa korttisi oikeaan tikkiin voittaaksesi! \ud83d\ude80","breadcrumb":{"@id":"https:\/\/spelivinkki.fi\/tuote\/the-crew-the-quest-for-planet-nine-se-en-da\/#breadcrumb"},"inLanguage":"sv-SE","potentialAction":[{"@type":"ReadAction","target":["https:\/\/spelivinkki.fi\/tuote\/the-crew-the-quest-for-planet-nine-se-en-da\/"]}]},{"@type":"ImageObject","inLanguage":"sv-SE","@id":"https:\/\/spelivinkki.fi\/tuote\/the-crew-the-quest-for-planet-nine-se-en-da\/#primaryimage","url":"https:\/\/mlw9zexfsyfr.i.optimole.com\/w:auto\/h:auto\/q:mauto\/ig:avif\/https:\/\/spelivinkki.fi\/wp-content\/uploads\/2024\/03\/LPFI7505_TheCrew_Box_DA-SE-EN1000x1000-min.webp","contentUrl":"https:\/\/mlw9zexfsyfr.i.optimole.com\/w:auto\/h:auto\/q:mauto\/ig:avif\/https:\/\/spelivinkki.fi\/wp-content\/uploads\/2024\/03\/LPFI7505_TheCrew_Box_DA-SE-EN1000x1000-min.webp","width":1000,"height":1000,"caption":"LPFI7505 TheCrew Box DA SE EN1000x1000 min"},{"@type":"BreadcrumbList","@id":"https:\/\/spelivinkki.fi\/tuote\/the-crew-the-quest-for-planet-nine-se-en-da\/#breadcrumb","itemListElement":[{"@type":"ListItem","position":1,"name":"Etusivu","item":"https:\/\/spelivinkki.fi\/"},{"@type":"ListItem","position":2,"name":"Tuotteet","item":"https:\/\/spelivinkki.fi\/tuotteet\/"},{"@type":"ListItem","position":3,"name":"The Crew: The Quest for Planet Nine (SE\/EN\/DA)"}]},{"@type":"WebSite","@id":"https:\/\/spelivinkki.fi\/#website","url":"https:\/\/spelivinkki.fi\/","name":"Spelivinkki","description":"Paraisten Lautapelikauppa","publisher":{"@id":"https:\/\/spelivinkki.fi\/#organization"},"alternateName":"Spelivinkki Oy","potentialAction":[{"@type":"SearchAction","target":{"@type":"EntryPoint","urlTemplate":"https:\/\/spelivinkki.fi\/?s={search_term_string}"},"query-input":{"@type":"PropertyValueSpecification","valueRequired":true,"valueName":"search_term_string"}}],"inLanguage":"sv-SE"},{"@type":"Organization","@id":"https:\/\/spelivinkki.fi\/#organization","name":"Spelivinkki Oy","alternateName":"Spelivinkki","url":"https:\/\/spelivinkki.fi\/","logo":{"@type":"ImageObject","inLanguage":"sv-SE","@id":"https:\/\/spelivinkki.fi\/#\/schema\/logo\/image\/","url":"https:\/\/mlw9zexfsyfr.i.optimole.com\/w:auto\/h:auto\/q:mauto\/ig:avif\/https:\/\/spelivinkki.fi\/wp-content\/uploads\/2024\/02\/Logo.svg","contentUrl":"https:\/\/mlw9zexfsyfr.i.optimole.com\/w:auto\/h:auto\/q:mauto\/ig:avif\/https:\/\/spelivinkki.fi\/wp-content\/uploads\/2024\/02\/Logo.svg","width":2176,"height":2323,"caption":"Spelivinkki Oy"},"image":{"@id":"https:\/\/spelivinkki.fi\/#\/schema\/logo\/image\/"},"sameAs":["https:\/\/www.facebook.com\/SpelivinkkiOy\/","https:\/\/x.com\/SpelivinkkiOy","https:\/\/www.instagram.com\/spelivinkkioy\/"],"description":"Spelivinkki Oy is a company operating both a brick-and-mortar store in Finland as well as a webshop online. We sell board games, roleplaying games, miniature wargames, logic puzzles, jigsaw puzzles and other things related to the boardgame hobby.","email":"myynti@spelivinkki.fi","telephone":"+358406486605","legalName":"Spelivinkki Oy","foundingDate":"2023-09-17","vatID":"FI33904524","numberOfEmployees":{"@type":"QuantitativeValue","minValue":"1","maxValue":"10"},"hasMerchantReturnPolicy":{"@type":"MerchantReturnPolicy","merchantReturnLink":"https:\/\/spelivinkki.fi\/sv\/spelivinkin-vaihto-ja-palautusoikeus\/"}}]},"product_brand":"Spilbr\u00e6t","product_price_amount":"20.00","product_price_currency":"EUR","og_availability":"instock","product_availability":"instock","product_retailer_item_id":"The Crew DA SE EN","product_condition":"new"},"_links":{"self":[{"href":"https:\/\/spelivinkki.fi\/sv\/wp-json\/wp\/v2\/product\/5863","targetHints":{"allow":["GET"]}}],"collection":[{"href":"https:\/\/spelivinkki.fi\/sv\/wp-json\/wp\/v2\/product"}],"about":[{"href":"https:\/\/spelivinkki.fi\/sv\/wp-json\/wp\/v2\/types\/product"}],"wp:featuredmedia":[{"embeddable":true,"href":"https:\/\/spelivinkki.fi\/sv\/wp-json\/wp\/v2\/media\/5864"}],"wp:attachment":[{"href":"https:\/\/spelivinkki.fi\/sv\/wp-json\/wp\/v2\/media?parent=5863"}],"wp:term":[{"taxonomy":"product_brand","embeddable":true,"href":"https:\/\/spelivinkki.fi\/sv\/wp-json\/wp\/v2\/product_brand?post=5863"},{"taxonomy":"product_cat","embeddable":true,"href":"https:\/\/spelivinkki.fi\/sv\/wp-json\/wp\/v2\/product_cat?post=5863"},{"taxonomy":"product_tag","embeddable":true,"href":"https:\/\/spelivinkki.fi\/sv\/wp-json\/wp\/v2\/product_tag?post=5863"}],"curies":[{"name":"wp","href":"https:\/\/api.w.org\/{rel}","templated":true}]}}