{"id":5890,"date":"2024-03-12T17:55:15","date_gmt":"2024-03-12T17:55:15","guid":{"rendered":"https:\/\/spelivinkki.fi\/?post_type=product&#038;p=5890"},"modified":"2025-12-27T15:11:03","modified_gmt":"2025-12-27T15:11:03","slug":"jan-van-haasteren-midsummerfestival-palapeli","status":"publish","type":"product","link":"https:\/\/spelivinkki.fi\/sv\/produkt\/jan-van-haasteren-midsummerfestival-palapeli\/","title":{"rendered":"Jan Van Haasteren - Midsummerfestival Pussel"},"content":{"rendered":"<p>The Jan van Haasteren family is on holiday in Scandinavia visiting the Midsummer festival and experiencing the magic of the longest day of the year. A band plays traditional music, there is dancing and the maypole is decorated. Mother &#8211; in &#8211; law can be found at the table full of goodies, but an angry moose walks by. Will this go well? A Jan van Haasteren puzzle is so much more than just a puzzle, it\u2019s an adventure series with familiar characters playing the lead roles in a never &#8211; ending decor full of absurd details. Discover the crazy adventures of the Jan van Haasteren family! We are proud our puzzles are made from recycled cardboard in Europe. To cut the cardboard in puzzle pieces, we use the thinnest knife available. The puzzle has an almost seamless look when finished. Enjoy this Jan van Haasteren puzzle!<\/p>","protected":false},"excerpt":{"rendered":"<ul>\n<li><strong>Pusseltyp:<\/strong> Tecknad serie, Jan Van Haasteren<\/li>\n<li><strong>Bitar:<\/strong> 1000<\/li>\n<li><strong>Spr\u00e5k:<\/strong> Engelska<\/li>\n<li><strong>Utgivare:<\/strong> Jumbo<\/li>\n<\/ul>","protected":false},"featured_media":5891,"template":"","meta":{"site-sidebar-layout":"default","site-content-layout":"","ast-site-content-layout":"default","site-content-style":"default","site-sidebar-style":"default","ast-global-header-display":"","ast-banner-title-visibility":"","ast-main-header-display":"","ast-hfb-above-header-display":"","ast-hfb-below-header-display":"","ast-hfb-mobile-header-display":"","site-post-title":"","ast-breadcrumbs-content":"","ast-featured-img":"","footer-sml-layout":"","ast-disable-related-posts":"","theme-transparent-header-meta":"default","adv-header-id-meta":"","stick-header-meta":"","header-above-stick-meta":"","header-main-stick-meta":"","header-below-stick-meta":"","astra-migrate-meta-layouts":"set","ast-page-background-enabled":"default","ast-page-background-meta":{"desktop":{"background-color":"","background-image":"","background-repeat":"repeat","background-position":"center center","background-size":"auto","background-attachment":"scroll","background-type":"","background-media":"","overlay-type":"","overlay-color":"","overlay-opacity":"","overlay-gradient":""},"tablet":{"background-color":"","background-image":"","background-repeat":"repeat","background-position":"center center","background-size":"auto","background-attachment":"scroll","background-type":"","background-media":"","overlay-type":"","overlay-color":"","overlay-opacity":"","overlay-gradient":""},"mobile":{"background-color":"","background-image":"","background-repeat":"repeat","background-position":"center center","background-size":"auto","background-attachment":"scroll","background-type":"","background-media":"","overlay-type":"","overlay-color":"","overlay-opacity":"","overlay-gradient":""}},"ast-content-background-meta":{"desktop":{"background-color":"var(--ast-global-color-5)","background-image":"","background-repeat":"repeat","background-position":"center center","background-size":"auto","background-attachment":"scroll","background-type":"","background-media":"","overlay-type":"","overlay-color":"","overlay-opacity":"","overlay-gradient":""},"tablet":{"background-color":"var(--ast-global-color-5)","background-image":"","background-repeat":"repeat","background-position":"center center","background-size":"auto","background-attachment":"scroll","background-type":"","background-media":"","overlay-type":"","overlay-color":"","overlay-opacity":"","overlay-gradient":""},"mobile":{"background-color":"var(--ast-global-color-5)","background-image":"","background-repeat":"repeat","background-position":"center center","background-size":"auto","background-attachment":"scroll","background-type":"","background-media":"","overlay-type":"","overlay-color":"","overlay-opacity":"","overlay-gradient":""}}},"product_brand":[1158],"product_cat":[390,35],"product_tag":[1159],"class_list":{"0":"post-5890","1":"product","2":"type-product","3":"status-publish","4":"has-post-thumbnail","6":"product_brand-jumbo","7":"product_cat-jan-van-haasteren","8":"product_cat-palapelit","9":"product_tag-1000-palaa","10":"product_shipping_class-standard2","11":"desktop-align-center","12":"tablet-align-center","13":"mobile-align-center","15":"first","16":"outofstock","17":"taxable","18":"shipping-taxable","19":"purchasable","20":"product-type-simple"},"yoast_head":"<!-- This site is optimized with the Yoast SEO Premium plugin v27.3 (Yoast SEO v27.4) - https:\/\/yoast.com\/product\/yoast-seo-premium-wordpress\/ -->\n<title>Jan Van Haasteren - Midsummerfestival Palapeli &#8211; Spelivinkki<\/title>\n<meta name=\"description\" content=\"Nauti Jan Van Haasterenin Midsummer festival -palapelist\u00e4! T\u00e4m\u00e4 1000 palan puzzle vie sinut unohtumattomaan kokemukseen. Aloita kokoaminen nyt!\" \/>\n<meta name=\"robots\" content=\"index, follow, max-snippet:-1, max-image-preview:large, max-video-preview:-1\" \/>\n<link rel=\"canonical\" href=\"https:\/\/spelivinkki.fi\/sv\/produkt\/jan-van-haasteren-midsummerfestival-palapeli\/\" \/>\n<meta property=\"og:locale\" content=\"sv_SE\" \/>\n<meta property=\"og:type\" content=\"article\" \/>\n<meta property=\"og:title\" content=\"Jan Van Haasteren - Midsummerfestival Palapeli\" \/>\n<meta property=\"og:description\" content=\"Nauti Jan Van Haasterenin Midsummer festival -palapelist\u00e4! T\u00e4m\u00e4 1000 palan puzzle vie sinut unohtumattomaan kokemukseen. Aloita kokoaminen nyt!\" \/>\n<meta property=\"og:url\" content=\"https:\/\/spelivinkki.fi\/sv\/produkt\/jan-van-haasteren-midsummerfestival-palapeli\/\" \/>\n<meta property=\"og:site_name\" content=\"Spelivinkki\" \/>\n<meta property=\"article:publisher\" content=\"https:\/\/www.facebook.com\/SpelivinkkiOy\/\" \/>\n<meta property=\"article:modified_time\" content=\"2025-12-27T15:11:03+00:00\" \/>\n<meta property=\"og:image\" content=\"https:\/\/mlw9zexfsyfr.i.optimole.com\/w:auto\/h:auto\/q:mauto\/ig:avif\/https:\/\/spelivinkki.fi\/wp-content\/uploads\/2024\/03\/JVH-Midsummerfestival-Tuotekuva.webp\" \/>\n\t<meta property=\"og:image:width\" content=\"1181\" \/>\n\t<meta property=\"og:image:height\" content=\"1181\" \/>\n\t<meta property=\"og:image:type\" content=\"image\/webp\" \/>\n<meta name=\"twitter:card\" content=\"summary_large_image\" \/>\n<meta name=\"twitter:site\" content=\"@SpelivinkkiOy\" \/>\n<meta name=\"twitter:label1\" content=\"Pris\" \/>\n\t<meta name=\"twitter:data1\" content=\"16,00&nbsp;&euro;\" \/>\n\t<meta name=\"twitter:label2\" content=\"Tillg\u00e4nglig\" \/>\n\t<meta name=\"twitter:data2\" content=\"Slut i lager\" \/>\n<script type=\"application\/ld+json\" class=\"yoast-schema-graph\">{\"@context\":\"https:\\\/\\\/schema.org\",\"@graph\":[{\"@type\":\"WebPage\",\"@id\":\"https:\\\/\\\/spelivinkki.fi\\\/tuote\\\/jan-van-haasteren-midsummerfestival-palapeli\\\/\",\"url\":\"https:\\\/\\\/spelivinkki.fi\\\/tuote\\\/jan-van-haasteren-midsummerfestival-palapeli\\\/\",\"name\":\"Jan Van Haasteren - Midsummerfestival Palapeli &#8211; Spelivinkki\",\"isPartOf\":{\"@id\":\"https:\\\/\\\/spelivinkki.fi\\\/#website\"},\"primaryImageOfPage\":{\"@id\":\"https:\\\/\\\/spelivinkki.fi\\\/tuote\\\/jan-van-haasteren-midsummerfestival-palapeli\\\/#primaryimage\"},\"image\":{\"@id\":\"https:\\\/\\\/spelivinkki.fi\\\/tuote\\\/jan-van-haasteren-midsummerfestival-palapeli\\\/#primaryimage\"},\"thumbnailUrl\":\"https:\\/\\/spelivinkki.fi\\/wp-content\\/uploads\\/2024\\/03\\/JVH-Midsummerfestival-Tuotekuva.webp\",\"datePublished\":\"2024-03-12T17:55:15+00:00\",\"dateModified\":\"2025-12-27T15:11:03+00:00\",\"description\":\"Nauti Jan Van Haasterenin Midsummer festival -palapelist\u00e4! T\u00e4m\u00e4 1000 palan puzzle vie sinut unohtumattomaan kokemukseen. Aloita kokoaminen nyt!\",\"breadcrumb\":{\"@id\":\"https:\\\/\\\/spelivinkki.fi\\\/tuote\\\/jan-van-haasteren-midsummerfestival-palapeli\\\/#breadcrumb\"},\"inLanguage\":\"sv-SE\",\"potentialAction\":[{\"@type\":\"ReadAction\",\"target\":[\"https:\\\/\\\/spelivinkki.fi\\\/tuote\\\/jan-van-haasteren-midsummerfestival-palapeli\\\/\"]}]},{\"@type\":\"ImageObject\",\"inLanguage\":\"sv-SE\",\"@id\":\"https:\\\/\\\/spelivinkki.fi\\\/tuote\\\/jan-van-haasteren-midsummerfestival-palapeli\\\/#primaryimage\",\"url\":\"https:\\/\\/spelivinkki.fi\\/wp-content\\/uploads\\/2024\\/03\\/JVH-Midsummerfestival-Tuotekuva.webp\",\"contentUrl\":\"https:\\/\\/spelivinkki.fi\\/wp-content\\/uploads\\/2024\\/03\\/JVH-Midsummerfestival-Tuotekuva.webp\",\"width\":1181,\"height\":1181,\"caption\":\"JVH Midsummerfestival Tuotekuva\"},{\"@type\":\"BreadcrumbList\",\"@id\":\"https:\\\/\\\/spelivinkki.fi\\\/tuote\\\/jan-van-haasteren-midsummerfestival-palapeli\\\/#breadcrumb\",\"itemListElement\":[{\"@type\":\"ListItem\",\"position\":1,\"name\":\"Etusivu\",\"item\":\"https:\\\/\\\/spelivinkki.fi\\\/\"},{\"@type\":\"ListItem\",\"position\":2,\"name\":\"Tuotteet\",\"item\":\"https:\\\/\\\/spelivinkki.fi\\\/tuotteet\\\/\"},{\"@type\":\"ListItem\",\"position\":3,\"name\":\"Jan Van Haasteren &#8211; Midsummerfestival Palapeli\"}]},{\"@type\":\"WebSite\",\"@id\":\"https:\\\/\\\/spelivinkki.fi\\\/#website\",\"url\":\"https:\\\/\\\/spelivinkki.fi\\\/\",\"name\":\"Spelivinkki\",\"description\":\"Paraisten Lautapelikauppa\",\"publisher\":{\"@id\":\"https:\\\/\\\/spelivinkki.fi\\\/#organization\"},\"alternateName\":\"Spelivinkki Oy\",\"potentialAction\":[{\"@type\":\"SearchAction\",\"target\":{\"@type\":\"EntryPoint\",\"urlTemplate\":\"https:\\\/\\\/spelivinkki.fi\\\/?s={search_term_string}\"},\"query-input\":{\"@type\":\"PropertyValueSpecification\",\"valueRequired\":true,\"valueName\":\"search_term_string\"}}],\"inLanguage\":\"sv-SE\"},{\"@type\":\"Organization\",\"@id\":\"https:\\\/\\\/spelivinkki.fi\\\/#organization\",\"name\":\"Spelivinkki Oy\",\"alternateName\":\"Spelivinkki\",\"url\":\"https:\\\/\\\/spelivinkki.fi\\\/\",\"logo\":{\"@type\":\"ImageObject\",\"inLanguage\":\"sv-SE\",\"@id\":\"https:\\\/\\\/spelivinkki.fi\\\/#\\\/schema\\\/logo\\\/image\\\/\",\"url\":\"https:\\/\\/spelivinkki.fi\\/wp-content\\/uploads\\/2024\\/02\\/Logo.svg\",\"contentUrl\":\"https:\\/\\/spelivinkki.fi\\/wp-content\\/uploads\\/2024\\/02\\/Logo.svg\",\"width\":2176,\"height\":2323,\"caption\":\"Spelivinkki Oy\"},\"image\":{\"@id\":\"https:\\\/\\\/spelivinkki.fi\\\/#\\\/schema\\\/logo\\\/image\\\/\"},\"sameAs\":[\"https:\\\/\\\/www.facebook.com\\\/SpelivinkkiOy\\\/\",\"https:\\\/\\\/x.com\\\/SpelivinkkiOy\",\"https:\\\/\\\/www.instagram.com\\\/spelivinkkioy\\\/\"],\"description\":\"Spelivinkki Oy is a company operating both a brick-and-mortar store in Finland as well as a webshop online. We sell board games, roleplaying games, miniature wargames, logic puzzles, jigsaw puzzles and other things related to the boardgame hobby.\",\"email\":\"myynti@spelivinkki.fi\",\"telephone\":\"+358406486605\",\"legalName\":\"Spelivinkki Oy\",\"foundingDate\":\"2023-09-17\",\"vatID\":\"FI33904524\",\"numberOfEmployees\":{\"@type\":\"QuantitativeValue\",\"minValue\":\"1\",\"maxValue\":\"10\"},\"hasMerchantReturnPolicy\":{\"@type\":\"MerchantReturnPolicy\",\"merchantReturnLink\":\"https:\\\/\\\/spelivinkki.fi\\\/sv\\\/spelivinkin-vaihto-ja-palautusoikeus\\\/\"}}]}<\/script>\n<meta property=\"product:brand\" content=\"Jumbo\" \/>\n<meta property=\"product:price:amount\" content=\"16.00\" \/>\n<meta property=\"product:price:currency\" content=\"EUR\" \/>\n<meta property=\"og:availability\" content=\"out of stock\" \/>\n<meta property=\"product:availability\" content=\"out of stock\" \/>\n<meta property=\"product:retailer_item_id\" content=\"JVH Midsummer\" \/>\n<meta property=\"product:condition\" content=\"new\" \/>\n<!-- \/ Yoast SEO Premium plugin. -->","yoast_head_json":{"title":"Jan Van Haasteren - Midsummerfestival Palapeli &#8211; Spelivinkki","description":"Nauti Jan Van Haasterenin Midsummer festival -palapelist\u00e4! T\u00e4m\u00e4 1000 palan puzzle vie sinut unohtumattomaan kokemukseen. Aloita kokoaminen nyt!","robots":{"index":"index","follow":"follow","max-snippet":"max-snippet:-1","max-image-preview":"max-image-preview:large","max-video-preview":"max-video-preview:-1"},"canonical":"https:\/\/spelivinkki.fi\/sv\/produkt\/jan-van-haasteren-midsummerfestival-palapeli\/","og_locale":"sv_SE","og_type":"article","og_title":"Jan Van Haasteren - Midsummerfestival Palapeli","og_description":"Nauti Jan Van Haasterenin Midsummer festival -palapelist\u00e4! T\u00e4m\u00e4 1000 palan puzzle vie sinut unohtumattomaan kokemukseen. Aloita kokoaminen nyt!","og_url":"https:\/\/spelivinkki.fi\/sv\/produkt\/jan-van-haasteren-midsummerfestival-palapeli\/","og_site_name":"Spelivinkki","article_publisher":"https:\/\/www.facebook.com\/SpelivinkkiOy\/","article_modified_time":"2025-12-27T15:11:03+00:00","og_image":[{"width":1181,"height":1181,"url":"https:\/\/mlw9zexfsyfr.i.optimole.com\/w:auto\/h:auto\/q:mauto\/ig:avif\/https:\/\/spelivinkki.fi\/wp-content\/uploads\/2024\/03\/JVH-Midsummerfestival-Tuotekuva.webp","type":"image\/webp"}],"twitter_card":"summary_large_image","twitter_site":"@SpelivinkkiOy","twitter_misc":{"Pris":"16,00&nbsp;&euro;","Tillg\u00e4nglig":"Slut i lager"},"schema":{"@context":"https:\/\/schema.org","@graph":[{"@type":"WebPage","@id":"https:\/\/spelivinkki.fi\/tuote\/jan-van-haasteren-midsummerfestival-palapeli\/","url":"https:\/\/spelivinkki.fi\/tuote\/jan-van-haasteren-midsummerfestival-palapeli\/","name":"Jan Van Haasteren - Midsummerfestival Palapeli &#8211; Spelivinkki","isPartOf":{"@id":"https:\/\/spelivinkki.fi\/#website"},"primaryImageOfPage":{"@id":"https:\/\/spelivinkki.fi\/tuote\/jan-van-haasteren-midsummerfestival-palapeli\/#primaryimage"},"image":{"@id":"https:\/\/spelivinkki.fi\/tuote\/jan-van-haasteren-midsummerfestival-palapeli\/#primaryimage"},"thumbnailUrl":"https:\/\/mlw9zexfsyfr.i.optimole.com\/w:auto\/h:auto\/q:mauto\/ig:avif\/https:\/\/spelivinkki.fi\/wp-content\/uploads\/2024\/03\/JVH-Midsummerfestival-Tuotekuva.webp","datePublished":"2024-03-12T17:55:15+00:00","dateModified":"2025-12-27T15:11:03+00:00","description":"Nauti Jan Van Haasterenin Midsummer festival -palapelist\u00e4! T\u00e4m\u00e4 1000 palan puzzle vie sinut unohtumattomaan kokemukseen. Aloita kokoaminen nyt!","breadcrumb":{"@id":"https:\/\/spelivinkki.fi\/tuote\/jan-van-haasteren-midsummerfestival-palapeli\/#breadcrumb"},"inLanguage":"sv-SE","potentialAction":[{"@type":"ReadAction","target":["https:\/\/spelivinkki.fi\/tuote\/jan-van-haasteren-midsummerfestival-palapeli\/"]}]},{"@type":"ImageObject","inLanguage":"sv-SE","@id":"https:\/\/spelivinkki.fi\/tuote\/jan-van-haasteren-midsummerfestival-palapeli\/#primaryimage","url":"https:\/\/mlw9zexfsyfr.i.optimole.com\/w:auto\/h:auto\/q:mauto\/ig:avif\/https:\/\/spelivinkki.fi\/wp-content\/uploads\/2024\/03\/JVH-Midsummerfestival-Tuotekuva.webp","contentUrl":"https:\/\/mlw9zexfsyfr.i.optimole.com\/w:auto\/h:auto\/q:mauto\/ig:avif\/https:\/\/spelivinkki.fi\/wp-content\/uploads\/2024\/03\/JVH-Midsummerfestival-Tuotekuva.webp","width":1181,"height":1181,"caption":"JVH Midsummerfestival Tuotekuva"},{"@type":"BreadcrumbList","@id":"https:\/\/spelivinkki.fi\/tuote\/jan-van-haasteren-midsummerfestival-palapeli\/#breadcrumb","itemListElement":[{"@type":"ListItem","position":1,"name":"Etusivu","item":"https:\/\/spelivinkki.fi\/"},{"@type":"ListItem","position":2,"name":"Tuotteet","item":"https:\/\/spelivinkki.fi\/tuotteet\/"},{"@type":"ListItem","position":3,"name":"Jan Van Haasteren &#8211; Midsummerfestival Palapeli"}]},{"@type":"WebSite","@id":"https:\/\/spelivinkki.fi\/#website","url":"https:\/\/spelivinkki.fi\/","name":"Spelivinkki","description":"Paraisten Lautapelikauppa","publisher":{"@id":"https:\/\/spelivinkki.fi\/#organization"},"alternateName":"Spelivinkki Oy","potentialAction":[{"@type":"SearchAction","target":{"@type":"EntryPoint","urlTemplate":"https:\/\/spelivinkki.fi\/?s={search_term_string}"},"query-input":{"@type":"PropertyValueSpecification","valueRequired":true,"valueName":"search_term_string"}}],"inLanguage":"sv-SE"},{"@type":"Organization","@id":"https:\/\/spelivinkki.fi\/#organization","name":"Spelivinkki Oy","alternateName":"Spelivinkki","url":"https:\/\/spelivinkki.fi\/","logo":{"@type":"ImageObject","inLanguage":"sv-SE","@id":"https:\/\/spelivinkki.fi\/#\/schema\/logo\/image\/","url":"https:\/\/mlw9zexfsyfr.i.optimole.com\/w:auto\/h:auto\/q:mauto\/ig:avif\/https:\/\/spelivinkki.fi\/wp-content\/uploads\/2024\/02\/Logo.svg","contentUrl":"https:\/\/mlw9zexfsyfr.i.optimole.com\/w:auto\/h:auto\/q:mauto\/ig:avif\/https:\/\/spelivinkki.fi\/wp-content\/uploads\/2024\/02\/Logo.svg","width":2176,"height":2323,"caption":"Spelivinkki Oy"},"image":{"@id":"https:\/\/spelivinkki.fi\/#\/schema\/logo\/image\/"},"sameAs":["https:\/\/www.facebook.com\/SpelivinkkiOy\/","https:\/\/x.com\/SpelivinkkiOy","https:\/\/www.instagram.com\/spelivinkkioy\/"],"description":"Spelivinkki Oy is a company operating both a brick-and-mortar store in Finland as well as a webshop online. We sell board games, roleplaying games, miniature wargames, logic puzzles, jigsaw puzzles and other things related to the boardgame hobby.","email":"myynti@spelivinkki.fi","telephone":"+358406486605","legalName":"Spelivinkki Oy","foundingDate":"2023-09-17","vatID":"FI33904524","numberOfEmployees":{"@type":"QuantitativeValue","minValue":"1","maxValue":"10"},"hasMerchantReturnPolicy":{"@type":"MerchantReturnPolicy","merchantReturnLink":"https:\/\/spelivinkki.fi\/sv\/spelivinkin-vaihto-ja-palautusoikeus\/"}}]},"product_brand":"Jumbo","product_price_amount":"16.00","product_price_currency":"EUR","og_availability":"out of stock","product_availability":"out of stock","product_retailer_item_id":"JVH Midsummer","product_condition":"new"},"_links":{"self":[{"href":"https:\/\/spelivinkki.fi\/sv\/wp-json\/wp\/v2\/product\/5890","targetHints":{"allow":["GET"]}}],"collection":[{"href":"https:\/\/spelivinkki.fi\/sv\/wp-json\/wp\/v2\/product"}],"about":[{"href":"https:\/\/spelivinkki.fi\/sv\/wp-json\/wp\/v2\/types\/product"}],"wp:featuredmedia":[{"embeddable":true,"href":"https:\/\/spelivinkki.fi\/sv\/wp-json\/wp\/v2\/media\/5891"}],"wp:attachment":[{"href":"https:\/\/spelivinkki.fi\/sv\/wp-json\/wp\/v2\/media?parent=5890"}],"wp:term":[{"taxonomy":"product_brand","embeddable":true,"href":"https:\/\/spelivinkki.fi\/sv\/wp-json\/wp\/v2\/product_brand?post=5890"},{"taxonomy":"product_cat","embeddable":true,"href":"https:\/\/spelivinkki.fi\/sv\/wp-json\/wp\/v2\/product_cat?post=5890"},{"taxonomy":"product_tag","embeddable":true,"href":"https:\/\/spelivinkki.fi\/sv\/wp-json\/wp\/v2\/product_tag?post=5890"}],"curies":[{"name":"wp","href":"https:\/\/api.w.org\/{rel}","templated":true}]}}