{"id":6289,"date":"2024-05-22T10:06:37","date_gmt":"2024-05-22T10:06:37","guid":{"rendered":"https:\/\/spelivinkki.fi\/?post_type=product&#038;p=6289"},"modified":"2025-02-27T10:26:37","modified_gmt":"2025-02-27T10:26:37","slug":"raavelin-rohtotohtorit-quacks-of-quedlinburg-fi","status":"publish","type":"product","link":"https:\/\/spelivinkki.fi\/sv\/produkt\/raavelin-rohtotohtorit-quacks-of-quedlinburg-fi\/","title":{"rendered":"R\u00e4\u00e4velin Rohtotohtorit (Kvacksalvare \/ Quacks of Quedlinburg FI)"},"content":{"rendered":"<p>Som en \u00f6k\u00e4nd kvacksalvare t\u00e4vlar du om vem av er kommer att \u00e5stadkomma den starkaste undermedicinen. I b\u00f6rjan har varje spelare samma ingredienser i sin egen p\u00e5se, men mellan spelrundorna kommer en k\u00f6pfas som kommer att till\u00e5ta henom att skaffa en ny ingrediens att l\u00e4gga i p\u00e5sen.<\/p>\n<p>Under loppet av en runda tar spelarna blint ut ingredienser ur sina p\u00e5sar och l\u00e4gger dem i sina egna grytor. Detta forts\u00e4tter tills spelarna \u00e4r n\u00f6jda med vad de har i grytan och slutar l\u00e4gga in fler ingredienser. Det finns n\u00e4mligen en risk med att l\u00e4gga in ingrtedienser, f\u00f6r I varje p\u00e5se finns farliga ingredienser som tillsammans kan f\u00e5 en gryta att explodera! Eftersom du drar ingredienser blint m\u00e5ste du lita p\u00e5 sannolikhet och pr\u00f6va din tur.<\/p>\n<p>Spelet slutar efter den nionde rundan.<\/p>\n<h6><strong>Ugivarens beskrivning:<\/strong><\/h6>\n<p><em>R\u00e4\u00e4velin Rohtotohtorit (Quacks of Quedlinburg) on Kennerspiel des Jahres voittaja vuodelta 2018.<\/em><\/p>\n<p><em>Tervetuloa R\u00e4\u00e4velin markkinoille, jossa pahamaineisimmat puoskarit ja p\u00e4tevimm\u00e4t poppatohtorit esittelev\u00e4t parannustaitojaan! Vaivaako jalkahiki, koti-ik\u00e4v\u00e4, hikka tai syd\u00e4nsuru? Ei h\u00e4t\u00e4\u00e4, n\u00e4m\u00e4 veijarit kyll\u00e4 keittelev\u00e4t sopivat tropit ja tinktuurat kaikkiin tarpeisiin.<\/em><\/p>\n<p><em>Pelaajat nostelevat pusseistaan ainesosia patoihinsa, kunnes ovat mielest\u00e4\u00e4n saaneet aikaan t\u00e4ydelliset rohdot. Patojen poristessa kannattaa kuitenkin varoa, ettei sekaan luiskahda liianvoimallisia ainesosia. Silloin saattaa nimitt\u00e4in koko pata r\u00e4j\u00e4ht\u00e4\u00e4! Kannattaa siis lopettaa patojen maustaminen ajoissa, jotta keitokset ovat parhaimmillaan. Silloin p\u00e4\u00e4sette hankkimaan pusseihinne yh\u00e4 arvokkaampia ainesosia ja kokkailemaan viel\u00e4kin tuottoisampia rohtoja.<\/em><\/p>","protected":false},"excerpt":{"rendered":"<ul>\n<li><strong>Spelarm\u00e4ngd:<\/strong> 2-4 (<strong>B\u00e4sta m\u00e4ngden:<\/strong> 4)<\/li>\n<li><strong>Varaktighet:<\/strong> 45 min<\/li>\n<li><strong>\u00c5ldersrekommendation:<\/strong> 10+<\/li>\n<li><strong>Spr\u00e5k:<\/strong> Finska<\/li>\n<li><strong>Genre:<\/strong> Pr\u00f6va din tur, Kortleksbyggande (egentligen p\u00e5sbyggnad), Sannolikhet, varierande b\u00f6rjan<\/li>\n<li><strong>Tema:<\/strong> Kvacksalvare<\/li>\n<li><strong>Utveckling:<\/strong> Wolfgang Warsch<\/li>\n<li><strong>Utgivare:<\/strong> Schmidt Spiele \/ Lautapelit.fi<\/li>\n<\/ul>","protected":false},"featured_media":6290,"template":"","meta":{"site-sidebar-layout":"default","site-content-layout":"","ast-site-content-layout":"default","site-content-style":"default","site-sidebar-style":"default","ast-global-header-display":"","ast-banner-title-visibility":"","ast-main-header-display":"","ast-hfb-above-header-display":"","ast-hfb-below-header-display":"","ast-hfb-mobile-header-display":"","site-post-title":"","ast-breadcrumbs-content":"","ast-featured-img":"","footer-sml-layout":"","ast-disable-related-posts":"","theme-transparent-header-meta":"default","adv-header-id-meta":"","stick-header-meta":"","header-above-stick-meta":"","header-main-stick-meta":"","header-below-stick-meta":"","astra-migrate-meta-layouts":"set","ast-page-background-enabled":"default","ast-page-background-meta":{"desktop":{"background-color":"","background-image":"","background-repeat":"repeat","background-position":"center center","background-size":"auto","background-attachment":"scroll","background-type":"","background-media":"","overlay-type":"","overlay-color":"","overlay-opacity":"","overlay-gradient":""},"tablet":{"background-color":"","background-image":"","background-repeat":"repeat","background-position":"center center","background-size":"auto","background-attachment":"scroll","background-type":"","background-media":"","overlay-type":"","overlay-color":"","overlay-opacity":"","overlay-gradient":""},"mobile":{"background-color":"","background-image":"","background-repeat":"repeat","background-position":"center center","background-size":"auto","background-attachment":"scroll","background-type":"","background-media":"","overlay-type":"","overlay-color":"","overlay-opacity":"","overlay-gradient":""}},"ast-content-background-meta":{"desktop":{"background-color":"var(--ast-global-color-5)","background-image":"","background-repeat":"repeat","background-position":"center center","background-size":"auto","background-attachment":"scroll","background-type":"","background-media":"","overlay-type":"","overlay-color":"","overlay-opacity":"","overlay-gradient":""},"tablet":{"background-color":"var(--ast-global-color-5)","background-image":"","background-repeat":"repeat","background-position":"center center","background-size":"auto","background-attachment":"scroll","background-type":"","background-media":"","overlay-type":"","overlay-color":"","overlay-opacity":"","overlay-gradient":""},"mobile":{"background-color":"var(--ast-global-color-5)","background-image":"","background-repeat":"repeat","background-position":"center center","background-size":"auto","background-attachment":"scroll","background-type":"","background-media":"","overlay-type":"","overlay-color":"","overlay-opacity":"","overlay-gradient":""}}},"product_brand":[1107,1163],"product_cat":[16,279,45],"product_tag":[1058,1047,1186,1048,1164],"class_list":{"0":"post-6289","1":"product","2":"type-product","3":"status-publish","4":"has-post-thumbnail","6":"product_brand-lautapelit-fi","7":"product_brand-schmidt-spiele","8":"product_cat-kaikki","9":"product_cat-pakanrakennus","10":"product_cat-strategiapelit","11":"product_tag-europeli","12":"product_tag-peruspeli","13":"product_tag-quacks-pelisarja","14":"product_tag-suomenkieliset-pelit","15":"product_tag-wolfgang-warsch","16":"product_shipping_class-standard2","17":"desktop-align-center","18":"tablet-align-center","19":"mobile-align-center","21":"first","22":"instock","23":"taxable","24":"shipping-taxable","25":"purchasable","26":"product-type-simple"},"yoast_head":"<!-- This site is optimized with the Yoast SEO Premium plugin v27.5 (Yoast SEO v27.5) - https:\/\/yoast.com\/product\/yoast-seo-premium-wordpress\/ -->\n<title>R\u00e4\u00e4velin Rohtotohtorit (Quacks of Quedlinburg FI) &#8211; Spelivinkki<\/title>\n<meta name=\"description\" content=\"R\u00e4\u00e4velin Rohtotohtorit, todellinen rohtospektaakkeli! Kilpaile voimakkaimman ihmel\u00e4\u00e4kkeen valmistamisessa kanssapelaajia vastaan.\" \/>\n<meta name=\"robots\" content=\"index, follow, max-snippet:-1, max-image-preview:large, max-video-preview:-1\" \/>\n<link rel=\"canonical\" href=\"https:\/\/spelivinkki.fi\/sv\/produkt\/raavelin-rohtotohtorit-quacks-of-quedlinburg-fi\/\" \/>\n<meta property=\"og:locale\" content=\"sv_SE\" \/>\n<meta property=\"og:type\" content=\"article\" \/>\n<meta property=\"og:title\" content=\"R\u00e4\u00e4velin Rohtotohtorit (Quacks of Quedlinburg FI)\" \/>\n<meta property=\"og:description\" content=\"R\u00e4\u00e4velin Rohtotohtorit, todellinen rohtospektaakkeli! Kilpaile voimakkaimman ihmel\u00e4\u00e4kkeen valmistamisessa kanssapelaajia vastaan.\" \/>\n<meta property=\"og:url\" content=\"https:\/\/spelivinkki.fi\/sv\/produkt\/raavelin-rohtotohtorit-quacks-of-quedlinburg-fi\/\" \/>\n<meta property=\"og:site_name\" content=\"Spelivinkki\" \/>\n<meta property=\"article:publisher\" content=\"https:\/\/www.facebook.com\/SpelivinkkiOy\/\" \/>\n<meta property=\"article:modified_time\" content=\"2025-02-27T10:26:37+00:00\" \/>\n<meta property=\"og:image\" content=\"https:\/\/mlw9zexfsyfr.i.optimole.com\/w:auto\/h:auto\/q:mauto\/ig:avif\/https:\/\/spelivinkki.fi\/wp-content\/uploads\/2024\/05\/Quacks_Tuotekuva.webp\" \/>\n\t<meta property=\"og:image:width\" content=\"792\" \/>\n\t<meta property=\"og:image:height\" content=\"800\" \/>\n\t<meta property=\"og:image:type\" content=\"image\/webp\" \/>\n<meta name=\"twitter:card\" content=\"summary_large_image\" \/>\n<meta name=\"twitter:site\" content=\"@SpelivinkkiOy\" \/>\n<meta name=\"twitter:label1\" content=\"Pris\" \/>\n\t<meta name=\"twitter:data1\" content=\"45,00&nbsp;&euro;\" \/>\n\t<meta name=\"twitter:label2\" content=\"Tillg\u00e4nglig\" \/>\n\t<meta name=\"twitter:data2\" content=\"I lager\" \/>\n<script type=\"application\/ld+json\" class=\"yoast-schema-graph\">{\"@context\":\"https:\\\/\\\/schema.org\",\"@graph\":[{\"@type\":\"WebPage\",\"@id\":\"https:\\\/\\\/spelivinkki.fi\\\/tuote\\\/raavelin-rohtotohtorit-quacks-of-quedlinburg-fi\\\/\",\"url\":\"https:\\\/\\\/spelivinkki.fi\\\/tuote\\\/raavelin-rohtotohtorit-quacks-of-quedlinburg-fi\\\/\",\"name\":\"R\u00e4\u00e4velin Rohtotohtorit (Quacks of Quedlinburg FI) &#8211; Spelivinkki\",\"isPartOf\":{\"@id\":\"https:\\\/\\\/spelivinkki.fi\\\/#website\"},\"primaryImageOfPage\":{\"@id\":\"https:\\\/\\\/spelivinkki.fi\\\/tuote\\\/raavelin-rohtotohtorit-quacks-of-quedlinburg-fi\\\/#primaryimage\"},\"image\":{\"@id\":\"https:\\\/\\\/spelivinkki.fi\\\/tuote\\\/raavelin-rohtotohtorit-quacks-of-quedlinburg-fi\\\/#primaryimage\"},\"thumbnailUrl\":\"https:\\/\\/spelivinkki.fi\\/wp-content\\/uploads\\/2024\\/05\\/Quacks_Tuotekuva.webp\",\"datePublished\":\"2024-05-22T10:06:37+00:00\",\"dateModified\":\"2025-02-27T10:26:37+00:00\",\"description\":\"R\u00e4\u00e4velin Rohtotohtorit, todellinen rohtospektaakkeli! Kilpaile voimakkaimman ihmel\u00e4\u00e4kkeen valmistamisessa kanssapelaajia vastaan.\",\"breadcrumb\":{\"@id\":\"https:\\\/\\\/spelivinkki.fi\\\/tuote\\\/raavelin-rohtotohtorit-quacks-of-quedlinburg-fi\\\/#breadcrumb\"},\"inLanguage\":\"sv-SE\",\"potentialAction\":[{\"@type\":\"ReadAction\",\"target\":[\"https:\\\/\\\/spelivinkki.fi\\\/tuote\\\/raavelin-rohtotohtorit-quacks-of-quedlinburg-fi\\\/\"]}]},{\"@type\":\"ImageObject\",\"inLanguage\":\"sv-SE\",\"@id\":\"https:\\\/\\\/spelivinkki.fi\\\/tuote\\\/raavelin-rohtotohtorit-quacks-of-quedlinburg-fi\\\/#primaryimage\",\"url\":\"https:\\/\\/spelivinkki.fi\\/wp-content\\/uploads\\/2024\\/05\\/Quacks_Tuotekuva.webp\",\"contentUrl\":\"https:\\/\\/spelivinkki.fi\\/wp-content\\/uploads\\/2024\\/05\\/Quacks_Tuotekuva.webp\",\"width\":792,\"height\":800,\"caption\":\"Quacks Tuotekuva\"},{\"@type\":\"BreadcrumbList\",\"@id\":\"https:\\\/\\\/spelivinkki.fi\\\/tuote\\\/raavelin-rohtotohtorit-quacks-of-quedlinburg-fi\\\/#breadcrumb\",\"itemListElement\":[{\"@type\":\"ListItem\",\"position\":1,\"name\":\"Etusivu\",\"item\":\"https:\\\/\\\/spelivinkki.fi\\\/\"},{\"@type\":\"ListItem\",\"position\":2,\"name\":\"Tuotteet\",\"item\":\"https:\\\/\\\/spelivinkki.fi\\\/tuotteet\\\/\"},{\"@type\":\"ListItem\",\"position\":3,\"name\":\"R\u00e4\u00e4velin Rohtotohtorit (Quacks of Quedlinburg FI)\"}]},{\"@type\":\"WebSite\",\"@id\":\"https:\\\/\\\/spelivinkki.fi\\\/#website\",\"url\":\"https:\\\/\\\/spelivinkki.fi\\\/\",\"name\":\"Spelivinkki\",\"description\":\"Paraisten Lautapelikauppa\",\"publisher\":{\"@id\":\"https:\\\/\\\/spelivinkki.fi\\\/#organization\"},\"alternateName\":\"Spelivinkki Oy\",\"potentialAction\":[{\"@type\":\"SearchAction\",\"target\":{\"@type\":\"EntryPoint\",\"urlTemplate\":\"https:\\\/\\\/spelivinkki.fi\\\/?s={search_term_string}\"},\"query-input\":{\"@type\":\"PropertyValueSpecification\",\"valueRequired\":true,\"valueName\":\"search_term_string\"}}],\"inLanguage\":\"sv-SE\"},{\"@type\":\"Organization\",\"@id\":\"https:\\\/\\\/spelivinkki.fi\\\/#organization\",\"name\":\"Spelivinkki Oy\",\"alternateName\":\"Spelivinkki\",\"url\":\"https:\\\/\\\/spelivinkki.fi\\\/\",\"logo\":{\"@type\":\"ImageObject\",\"inLanguage\":\"sv-SE\",\"@id\":\"https:\\\/\\\/spelivinkki.fi\\\/#\\\/schema\\\/logo\\\/image\\\/\",\"url\":\"https:\\/\\/spelivinkki.fi\\/wp-content\\/uploads\\/2024\\/02\\/Logo.svg\",\"contentUrl\":\"https:\\/\\/spelivinkki.fi\\/wp-content\\/uploads\\/2024\\/02\\/Logo.svg\",\"width\":2176,\"height\":2323,\"caption\":\"Spelivinkki Oy\"},\"image\":{\"@id\":\"https:\\\/\\\/spelivinkki.fi\\\/#\\\/schema\\\/logo\\\/image\\\/\"},\"sameAs\":[\"https:\\\/\\\/www.facebook.com\\\/SpelivinkkiOy\\\/\",\"https:\\\/\\\/x.com\\\/SpelivinkkiOy\",\"https:\\\/\\\/www.instagram.com\\\/spelivinkkioy\\\/\"],\"description\":\"Spelivinkki Oy is a company operating both a brick-and-mortar store in Finland as well as a webshop online. We sell board games, roleplaying games, miniature wargames, logic puzzles, jigsaw puzzles and other things related to the boardgame hobby.\",\"email\":\"myynti@spelivinkki.fi\",\"telephone\":\"+358406486605\",\"legalName\":\"Spelivinkki Oy\",\"foundingDate\":\"2023-09-17\",\"vatID\":\"FI33904524\",\"numberOfEmployees\":{\"@type\":\"QuantitativeValue\",\"minValue\":\"1\",\"maxValue\":\"10\"},\"hasMerchantReturnPolicy\":{\"@type\":\"MerchantReturnPolicy\",\"merchantReturnLink\":\"https:\\\/\\\/spelivinkki.fi\\\/sv\\\/spelivinkin-vaihto-ja-palautusoikeus\\\/\"}}]}<\/script>\n<meta property=\"product:brand\" content=\"Lautapelit.fi\" \/>\n<meta property=\"product:price:amount\" content=\"45.00\" \/>\n<meta property=\"product:price:currency\" content=\"EUR\" \/>\n<meta property=\"og:availability\" content=\"instock\" \/>\n<meta property=\"product:availability\" content=\"instock\" \/>\n<meta property=\"product:retailer_item_id\" content=\"Quacks_FI\" \/>\n<meta property=\"product:condition\" content=\"new\" \/>\n<!-- \/ Yoast SEO Premium plugin. -->","yoast_head_json":{"title":"R\u00e4\u00e4velin Rohtotohtorit (Quacks of Quedlinburg FI) &#8211; Spelivinkki","description":"R\u00e4\u00e4velin Rohtotohtorit, todellinen rohtospektaakkeli! Kilpaile voimakkaimman ihmel\u00e4\u00e4kkeen valmistamisessa kanssapelaajia vastaan.","robots":{"index":"index","follow":"follow","max-snippet":"max-snippet:-1","max-image-preview":"max-image-preview:large","max-video-preview":"max-video-preview:-1"},"canonical":"https:\/\/spelivinkki.fi\/sv\/produkt\/raavelin-rohtotohtorit-quacks-of-quedlinburg-fi\/","og_locale":"sv_SE","og_type":"article","og_title":"R\u00e4\u00e4velin Rohtotohtorit (Quacks of Quedlinburg FI)","og_description":"R\u00e4\u00e4velin Rohtotohtorit, todellinen rohtospektaakkeli! Kilpaile voimakkaimman ihmel\u00e4\u00e4kkeen valmistamisessa kanssapelaajia vastaan.","og_url":"https:\/\/spelivinkki.fi\/sv\/produkt\/raavelin-rohtotohtorit-quacks-of-quedlinburg-fi\/","og_site_name":"Spelivinkki","article_publisher":"https:\/\/www.facebook.com\/SpelivinkkiOy\/","article_modified_time":"2025-02-27T10:26:37+00:00","og_image":[{"width":792,"height":800,"url":"https:\/\/mlw9zexfsyfr.i.optimole.com\/w:auto\/h:auto\/q:mauto\/ig:avif\/https:\/\/spelivinkki.fi\/wp-content\/uploads\/2024\/05\/Quacks_Tuotekuva.webp","type":"image\/webp"}],"twitter_card":"summary_large_image","twitter_site":"@SpelivinkkiOy","twitter_misc":{"Pris":"45,00&nbsp;&euro;","Tillg\u00e4nglig":"I lager"},"schema":{"@context":"https:\/\/schema.org","@graph":[{"@type":"WebPage","@id":"https:\/\/spelivinkki.fi\/tuote\/raavelin-rohtotohtorit-quacks-of-quedlinburg-fi\/","url":"https:\/\/spelivinkki.fi\/tuote\/raavelin-rohtotohtorit-quacks-of-quedlinburg-fi\/","name":"R\u00e4\u00e4velin Rohtotohtorit (Quacks of Quedlinburg FI) &#8211; Spelivinkki","isPartOf":{"@id":"https:\/\/spelivinkki.fi\/#website"},"primaryImageOfPage":{"@id":"https:\/\/spelivinkki.fi\/tuote\/raavelin-rohtotohtorit-quacks-of-quedlinburg-fi\/#primaryimage"},"image":{"@id":"https:\/\/spelivinkki.fi\/tuote\/raavelin-rohtotohtorit-quacks-of-quedlinburg-fi\/#primaryimage"},"thumbnailUrl":"https:\/\/mlw9zexfsyfr.i.optimole.com\/w:auto\/h:auto\/q:mauto\/ig:avif\/https:\/\/spelivinkki.fi\/wp-content\/uploads\/2024\/05\/Quacks_Tuotekuva.webp","datePublished":"2024-05-22T10:06:37+00:00","dateModified":"2025-02-27T10:26:37+00:00","description":"R\u00e4\u00e4velin Rohtotohtorit, todellinen rohtospektaakkeli! Kilpaile voimakkaimman ihmel\u00e4\u00e4kkeen valmistamisessa kanssapelaajia vastaan.","breadcrumb":{"@id":"https:\/\/spelivinkki.fi\/tuote\/raavelin-rohtotohtorit-quacks-of-quedlinburg-fi\/#breadcrumb"},"inLanguage":"sv-SE","potentialAction":[{"@type":"ReadAction","target":["https:\/\/spelivinkki.fi\/tuote\/raavelin-rohtotohtorit-quacks-of-quedlinburg-fi\/"]}]},{"@type":"ImageObject","inLanguage":"sv-SE","@id":"https:\/\/spelivinkki.fi\/tuote\/raavelin-rohtotohtorit-quacks-of-quedlinburg-fi\/#primaryimage","url":"https:\/\/mlw9zexfsyfr.i.optimole.com\/w:auto\/h:auto\/q:mauto\/ig:avif\/https:\/\/spelivinkki.fi\/wp-content\/uploads\/2024\/05\/Quacks_Tuotekuva.webp","contentUrl":"https:\/\/mlw9zexfsyfr.i.optimole.com\/w:auto\/h:auto\/q:mauto\/ig:avif\/https:\/\/spelivinkki.fi\/wp-content\/uploads\/2024\/05\/Quacks_Tuotekuva.webp","width":792,"height":800,"caption":"Quacks Tuotekuva"},{"@type":"BreadcrumbList","@id":"https:\/\/spelivinkki.fi\/tuote\/raavelin-rohtotohtorit-quacks-of-quedlinburg-fi\/#breadcrumb","itemListElement":[{"@type":"ListItem","position":1,"name":"Etusivu","item":"https:\/\/spelivinkki.fi\/"},{"@type":"ListItem","position":2,"name":"Tuotteet","item":"https:\/\/spelivinkki.fi\/tuotteet\/"},{"@type":"ListItem","position":3,"name":"R\u00e4\u00e4velin Rohtotohtorit (Quacks of Quedlinburg FI)"}]},{"@type":"WebSite","@id":"https:\/\/spelivinkki.fi\/#website","url":"https:\/\/spelivinkki.fi\/","name":"Spelivinkki","description":"Paraisten Lautapelikauppa","publisher":{"@id":"https:\/\/spelivinkki.fi\/#organization"},"alternateName":"Spelivinkki Oy","potentialAction":[{"@type":"SearchAction","target":{"@type":"EntryPoint","urlTemplate":"https:\/\/spelivinkki.fi\/?s={search_term_string}"},"query-input":{"@type":"PropertyValueSpecification","valueRequired":true,"valueName":"search_term_string"}}],"inLanguage":"sv-SE"},{"@type":"Organization","@id":"https:\/\/spelivinkki.fi\/#organization","name":"Spelivinkki Oy","alternateName":"Spelivinkki","url":"https:\/\/spelivinkki.fi\/","logo":{"@type":"ImageObject","inLanguage":"sv-SE","@id":"https:\/\/spelivinkki.fi\/#\/schema\/logo\/image\/","url":"https:\/\/mlw9zexfsyfr.i.optimole.com\/w:auto\/h:auto\/q:mauto\/ig:avif\/https:\/\/spelivinkki.fi\/wp-content\/uploads\/2024\/02\/Logo.svg","contentUrl":"https:\/\/mlw9zexfsyfr.i.optimole.com\/w:auto\/h:auto\/q:mauto\/ig:avif\/https:\/\/spelivinkki.fi\/wp-content\/uploads\/2024\/02\/Logo.svg","width":2176,"height":2323,"caption":"Spelivinkki Oy"},"image":{"@id":"https:\/\/spelivinkki.fi\/#\/schema\/logo\/image\/"},"sameAs":["https:\/\/www.facebook.com\/SpelivinkkiOy\/","https:\/\/x.com\/SpelivinkkiOy","https:\/\/www.instagram.com\/spelivinkkioy\/"],"description":"Spelivinkki Oy is a company operating both a brick-and-mortar store in Finland as well as a webshop online. We sell board games, roleplaying games, miniature wargames, logic puzzles, jigsaw puzzles and other things related to the boardgame hobby.","email":"myynti@spelivinkki.fi","telephone":"+358406486605","legalName":"Spelivinkki Oy","foundingDate":"2023-09-17","vatID":"FI33904524","numberOfEmployees":{"@type":"QuantitativeValue","minValue":"1","maxValue":"10"},"hasMerchantReturnPolicy":{"@type":"MerchantReturnPolicy","merchantReturnLink":"https:\/\/spelivinkki.fi\/sv\/spelivinkin-vaihto-ja-palautusoikeus\/"}}]},"product_brand":"Lautapelit.fi","product_price_amount":"45.00","product_price_currency":"EUR","og_availability":"instock","product_availability":"instock","product_retailer_item_id":"Quacks_FI","product_condition":"new"},"_links":{"self":[{"href":"https:\/\/spelivinkki.fi\/sv\/wp-json\/wp\/v2\/product\/6289","targetHints":{"allow":["GET"]}}],"collection":[{"href":"https:\/\/spelivinkki.fi\/sv\/wp-json\/wp\/v2\/product"}],"about":[{"href":"https:\/\/spelivinkki.fi\/sv\/wp-json\/wp\/v2\/types\/product"}],"wp:featuredmedia":[{"embeddable":true,"href":"https:\/\/spelivinkki.fi\/sv\/wp-json\/wp\/v2\/media\/6290"}],"wp:attachment":[{"href":"https:\/\/spelivinkki.fi\/sv\/wp-json\/wp\/v2\/media?parent=6289"}],"wp:term":[{"taxonomy":"product_brand","embeddable":true,"href":"https:\/\/spelivinkki.fi\/sv\/wp-json\/wp\/v2\/product_brand?post=6289"},{"taxonomy":"product_cat","embeddable":true,"href":"https:\/\/spelivinkki.fi\/sv\/wp-json\/wp\/v2\/product_cat?post=6289"},{"taxonomy":"product_tag","embeddable":true,"href":"https:\/\/spelivinkki.fi\/sv\/wp-json\/wp\/v2\/product_tag?post=6289"}],"curies":[{"name":"wp","href":"https:\/\/api.w.org\/{rel}","templated":true}]}}