{"id":6291,"date":"2024-05-20T13:18:20","date_gmt":"2024-05-20T13:18:20","guid":{"rendered":"https:\/\/spelivinkki.fi\/?post_type=product&#038;p=6291"},"modified":"2025-02-27T09:14:36","modified_gmt":"2025-02-27T09:14:36","slug":"terraforming-mars-fi","status":"publish","type":"product","link":"https:\/\/spelivinkki.fi\/sv\/produkt\/terraforming-mars-fi\/","title":{"rendered":"Terraforming Mars (FI)"},"content":{"rendered":"<p>FryxGames super popul\u00e4ra Terraforming Mars spel \u00e4r Jacob Fryxelius m\u00e4sterverk! Speldeltagarna sitter i ledningen av varsitt megaf\u00f6retag och t\u00e4vlar om vilket f\u00f6retag skall ta \u00f6ver Mars. F\u00f6r att ta \u00f6ver makten p\u00e5 planeten f\u00f6rs\u00f6ker de g\u00f6ra den s\u00e5 lik jorden som m\u00f6jligt f\u00f6r att m\u00e4nskligheten skall kunna flytta in. Detta \u00e5stadkommer f\u00f6retagen med hj\u00e4lp av att \u00f6ka syrehalten i atmosf\u00e4ren, importera vatten och genom att \u00f6ka planetens temperatur.<\/p>\n<p>Genomf\u00f6randet av de ovann\u00e4mnda m\u00e5len ger spelarna po\u00e4ng. Med resurserna som finns med i spelet g\u00e5r det att k\u00f6pa allm\u00e4nna projekt samt samla p\u00e5 sig av de slumpm\u00e4ssigt utdelade projektkorten. F\u00f6rutom att projektkort kan ge bonuspo\u00e4ng kan de ocks\u00e5 g\u00f6ra terraformningen snabbare. Med r\u00e4tt kombination av dem kan spelarna f\u00e5 ig\u00e5ng en riktig terraformningsmotor som ger mer och mer po\u00e4ng.<\/p>\n<p>D\u00e5 \u00e5terst\u00e5r det bara att spela!<\/p>\n<p><strong>OBS!<\/strong> Fryx Games erbjuder exklusivt promokort p\u00e5 engelska \u00e5t Terraforming Mars \u00dbberfans! <a href=\"https:\/\/fryxgames.se\/product\/tm-promo-pack-bundle\/\" target=\"_blank\" rel=\"noopener\">Dessa kort<\/a> (av vilka n\u00e5gra tillh\u00f6r expasioner) finns tyv\u00e4rr bara p\u00e5 engelska. P\u00e5 grund av att kortens baksida \u00e4nd\u00e5 \u00e4r lika g\u00e5r de utm\u00e4rkt att spela med Terraforming Mars andra versioner.<\/p>\n<h6><strong>Ugivarens beskrivning:<\/strong><\/h6>\n<p><em>Terraforming Marsissa pelaajat muuntavat Marsia maankaltaiseksi yhteisty\u00f6ss\u00e4, mutta samalla kilpaillen ankarasti siit\u00e4 kuka onnistuu tekem\u00e4\u00e4n eniten hyv\u00e4\u00e4 asian suhteen. Peli on yksi 2010-luvun suosituimmista harrastajapeleist\u00e4. Se l\u00f6ytyy BGG:n rankingist\u00e4 sijalta 3 ja reittauksiakin sille on kertynyt jo yli 41000.<\/em><\/p>\n<p><em>Pelin s\u00e4\u00e4nn\u00f6t ja kortit ovat kokonaan suomennettuja.<\/em><\/p>\n<p><em>Suuryhti\u00f6t kilpailevat muokatakseen Marsista asumiskelpoisen planeetan. L\u00e4mp\u00f6tilan nostaminen, hengitett\u00e4v\u00e4n ilmakeh\u00e4n luominen ja merten muodostaminen vaativat valtavasti resursseja ja huipputeknologiaa. Maankaltaistuksen edetess\u00e4 Maasta saapuu yh\u00e4 enemm\u00e4n siirtolaisia asuttamaan punaista planeettaa.<\/em><\/p>\n<p><em>Terraforming Marsissa johdat yhti\u00f6t\u00e4, jolla on omat erityisvahvuutensa. Pelaa projektikortteja, vahvista tuotantoasi, pystyt\u00e4 kartalle kaupunkeja ja viheralueita sek\u00e4 kilpaile palkinnoista ja saavutuksista! N\u00e4ytt\u00e4\u00e4k\u00f6 yhti\u00f6si suunnan ihmiskunnan uudelle aikakaudelle?<\/em><\/p>","protected":false},"excerpt":{"rendered":"<ul>\n<li><strong>Spelarm\u00e4ngd:<\/strong> 1-5 (<strong>B\u00e4sta m\u00e4ngden:<\/strong> 3-4)<\/li>\n<li><strong>Varaktighet:<\/strong> 120 min<\/li>\n<li><strong>\u00c5ldersrekommendation:<\/strong> 12+<\/li>\n<li><strong>Spr\u00e5k:<\/strong> Finska<\/li>\n<li><strong>Genre:<\/strong> Bricksplacering, Handkontroll, Samling, Olika spelarkrafter, Varierande b\u00f6rjan<\/li>\n<li><strong>Tema:<\/strong> Vetenskap, Rymden, Mars, Ekonomi, Terraformning<\/li>\n<li><strong>Passande Sleevy Kortskydd (ing\u00e5r ej!):<\/strong> 233 st Standard storlek<\/li>\n<li><strong>Utveckling:<\/strong> Jacob Fryxelius<\/li>\n<li><strong>Utgivare:<\/strong> FryxGames \/ Lautapelit.fi<\/li>\n<\/ul>","protected":false},"featured_media":6302,"template":"","meta":{"site-sidebar-layout":"default","site-content-layout":"","ast-site-content-layout":"default","site-content-style":"default","site-sidebar-style":"default","ast-global-header-display":"","ast-banner-title-visibility":"","ast-main-header-display":"","ast-hfb-above-header-display":"","ast-hfb-below-header-display":"","ast-hfb-mobile-header-display":"","site-post-title":"","ast-breadcrumbs-content":"","ast-featured-img":"","footer-sml-layout":"","ast-disable-related-posts":"","theme-transparent-header-meta":"default","adv-header-id-meta":"","stick-header-meta":"","header-above-stick-meta":"","header-main-stick-meta":"","header-below-stick-meta":"","astra-migrate-meta-layouts":"set","ast-page-background-enabled":"default","ast-page-background-meta":{"desktop":{"background-color":"","background-image":"","background-repeat":"repeat","background-position":"center center","background-size":"auto","background-attachment":"scroll","background-type":"","background-media":"","overlay-type":"","overlay-color":"","overlay-opacity":"","overlay-gradient":""},"tablet":{"background-color":"","background-image":"","background-repeat":"repeat","background-position":"center center","background-size":"auto","background-attachment":"scroll","background-type":"","background-media":"","overlay-type":"","overlay-color":"","overlay-opacity":"","overlay-gradient":""},"mobile":{"background-color":"","background-image":"","background-repeat":"repeat","background-position":"center center","background-size":"auto","background-attachment":"scroll","background-type":"","background-media":"","overlay-type":"","overlay-color":"","overlay-opacity":"","overlay-gradient":""}},"ast-content-background-meta":{"desktop":{"background-color":"var(--ast-global-color-5)","background-image":"","background-repeat":"repeat","background-position":"center center","background-size":"auto","background-attachment":"scroll","background-type":"","background-media":"","overlay-type":"","overlay-color":"","overlay-opacity":"","overlay-gradient":""},"tablet":{"background-color":"var(--ast-global-color-5)","background-image":"","background-repeat":"repeat","background-position":"center center","background-size":"auto","background-attachment":"scroll","background-type":"","background-media":"","overlay-type":"","overlay-color":"","overlay-opacity":"","overlay-gradient":""},"mobile":{"background-color":"var(--ast-global-color-5)","background-image":"","background-repeat":"repeat","background-position":"center center","background-size":"auto","background-attachment":"scroll","background-type":"","background-media":"","overlay-type":"","overlay-color":"","overlay-opacity":"","overlay-gradient":""}}},"product_brand":[1160,1107],"product_cat":[16,283,45],"product_tag":[1058,1161,1047,1048,1162],"class_list":{"0":"post-6291","1":"product","2":"type-product","3":"status-publish","4":"has-post-thumbnail","6":"product_brand-fryxgames","7":"product_brand-lautapelit-fi","8":"product_cat-kaikki","9":"product_cat-laattojen-asettelu","10":"product_cat-strategiapelit","11":"product_tag-europeli","12":"product_tag-jacob-fryxelius","13":"product_tag-peruspeli","14":"product_tag-suomenkieliset-pelit","15":"product_tag-terraforming-mars-pelit","16":"product_shipping_class-standard2","17":"desktop-align-center","18":"tablet-align-center","19":"mobile-align-center","21":"first","22":"instock","23":"taxable","24":"shipping-taxable","25":"purchasable","26":"product-type-simple"},"yoast_head":"<!-- This site is optimized with the Yoast SEO Premium plugin v27.3 (Yoast SEO v27.4) - https:\/\/yoast.com\/product\/yoast-seo-premium-wordpress\/ -->\n<title>Terraforming Mars (FI) &#8211; Spelivinkki<\/title>\n<meta name=\"description\" content=\"Terraforming Mars on suosittu peli, jossa pelaajat kilpailevat maankaltaistamisessa. Lis\u00e4\u00e4 happea, vett\u00e4 ja l\u00e4mp\u00f6\u00e4 Marsiin ja ker\u00e4\u00e4 pisteit\u00e4!\" \/>\n<meta name=\"robots\" content=\"index, follow, max-snippet:-1, max-image-preview:large, max-video-preview:-1\" \/>\n<link rel=\"canonical\" href=\"https:\/\/spelivinkki.fi\/sv\/produkt\/terraforming-mars-fi\/\" \/>\n<meta property=\"og:locale\" content=\"sv_SE\" \/>\n<meta property=\"og:type\" content=\"article\" \/>\n<meta property=\"og:title\" content=\"Terraforming Mars (FI)\" \/>\n<meta property=\"og:description\" content=\"Terraforming Mars on suosittu peli, jossa pelaajat kilpailevat maankaltaistamisessa. Lis\u00e4\u00e4 happea, vett\u00e4 ja l\u00e4mp\u00f6\u00e4 Marsiin ja ker\u00e4\u00e4 pisteit\u00e4!\" \/>\n<meta property=\"og:url\" content=\"https:\/\/spelivinkki.fi\/sv\/produkt\/terraforming-mars-fi\/\" \/>\n<meta property=\"og:site_name\" content=\"Spelivinkki\" \/>\n<meta property=\"article:publisher\" content=\"https:\/\/www.facebook.com\/SpelivinkkiOy\/\" \/>\n<meta property=\"article:modified_time\" content=\"2025-02-27T09:14:36+00:00\" \/>\n<meta property=\"og:image\" content=\"https:\/\/mlw9zexfsyfr.i.optimole.com\/w:auto\/h:auto\/q:mauto\/ig:avif\/https:\/\/spelivinkki.fi\/wp-content\/uploads\/2024\/05\/Terraforming_Mars_FI_Tuotekuva.webp\" \/>\n\t<meta property=\"og:image:width\" content=\"809\" \/>\n\t<meta property=\"og:image:height\" content=\"809\" \/>\n\t<meta property=\"og:image:type\" content=\"image\/webp\" \/>\n<meta name=\"twitter:card\" content=\"summary_large_image\" \/>\n<meta name=\"twitter:site\" content=\"@SpelivinkkiOy\" \/>\n<meta name=\"twitter:label1\" content=\"Pris\" \/>\n\t<meta name=\"twitter:data1\" content=\"45,00&nbsp;&euro;\" \/>\n\t<meta name=\"twitter:label2\" content=\"Tillg\u00e4nglig\" \/>\n\t<meta name=\"twitter:data2\" content=\"I lager\" \/>\n<script type=\"application\/ld+json\" class=\"yoast-schema-graph\">{\"@context\":\"https:\\\/\\\/schema.org\",\"@graph\":[{\"@type\":\"WebPage\",\"@id\":\"https:\\\/\\\/spelivinkki.fi\\\/tuote\\\/terraforming-mars-fi\\\/\",\"url\":\"https:\\\/\\\/spelivinkki.fi\\\/tuote\\\/terraforming-mars-fi\\\/\",\"name\":\"Terraforming Mars (FI) &#8211; Spelivinkki\",\"isPartOf\":{\"@id\":\"https:\\\/\\\/spelivinkki.fi\\\/#website\"},\"primaryImageOfPage\":{\"@id\":\"https:\\\/\\\/spelivinkki.fi\\\/tuote\\\/terraforming-mars-fi\\\/#primaryimage\"},\"image\":{\"@id\":\"https:\\\/\\\/spelivinkki.fi\\\/tuote\\\/terraforming-mars-fi\\\/#primaryimage\"},\"thumbnailUrl\":\"https:\\/\\/spelivinkki.fi\\/wp-content\\/uploads\\/2024\\/05\\/Terraforming_Mars_FI_Tuotekuva.webp\",\"datePublished\":\"2024-05-20T13:18:20+00:00\",\"dateModified\":\"2025-02-27T09:14:36+00:00\",\"description\":\"Terraforming Mars on suosittu peli, jossa pelaajat kilpailevat maankaltaistamisessa. Lis\u00e4\u00e4 happea, vett\u00e4 ja l\u00e4mp\u00f6\u00e4 Marsiin ja ker\u00e4\u00e4 pisteit\u00e4!\",\"breadcrumb\":{\"@id\":\"https:\\\/\\\/spelivinkki.fi\\\/tuote\\\/terraforming-mars-fi\\\/#breadcrumb\"},\"inLanguage\":\"sv-SE\",\"potentialAction\":[{\"@type\":\"ReadAction\",\"target\":[\"https:\\\/\\\/spelivinkki.fi\\\/tuote\\\/terraforming-mars-fi\\\/\"]}]},{\"@type\":\"ImageObject\",\"inLanguage\":\"sv-SE\",\"@id\":\"https:\\\/\\\/spelivinkki.fi\\\/tuote\\\/terraforming-mars-fi\\\/#primaryimage\",\"url\":\"https:\\/\\/spelivinkki.fi\\/wp-content\\/uploads\\/2024\\/05\\/Terraforming_Mars_FI_Tuotekuva.webp\",\"contentUrl\":\"https:\\/\\/spelivinkki.fi\\/wp-content\\/uploads\\/2024\\/05\\/Terraforming_Mars_FI_Tuotekuva.webp\",\"width\":809,\"height\":809,\"caption\":\"Terraforming Mars FI Tuotekuva\"},{\"@type\":\"BreadcrumbList\",\"@id\":\"https:\\\/\\\/spelivinkki.fi\\\/tuote\\\/terraforming-mars-fi\\\/#breadcrumb\",\"itemListElement\":[{\"@type\":\"ListItem\",\"position\":1,\"name\":\"Etusivu\",\"item\":\"https:\\\/\\\/spelivinkki.fi\\\/\"},{\"@type\":\"ListItem\",\"position\":2,\"name\":\"Tuotteet\",\"item\":\"https:\\\/\\\/spelivinkki.fi\\\/tuotteet\\\/\"},{\"@type\":\"ListItem\",\"position\":3,\"name\":\"Terraforming Mars (FI)\"}]},{\"@type\":\"WebSite\",\"@id\":\"https:\\\/\\\/spelivinkki.fi\\\/#website\",\"url\":\"https:\\\/\\\/spelivinkki.fi\\\/\",\"name\":\"Spelivinkki\",\"description\":\"Paraisten Lautapelikauppa\",\"publisher\":{\"@id\":\"https:\\\/\\\/spelivinkki.fi\\\/#organization\"},\"alternateName\":\"Spelivinkki Oy\",\"potentialAction\":[{\"@type\":\"SearchAction\",\"target\":{\"@type\":\"EntryPoint\",\"urlTemplate\":\"https:\\\/\\\/spelivinkki.fi\\\/?s={search_term_string}\"},\"query-input\":{\"@type\":\"PropertyValueSpecification\",\"valueRequired\":true,\"valueName\":\"search_term_string\"}}],\"inLanguage\":\"sv-SE\"},{\"@type\":\"Organization\",\"@id\":\"https:\\\/\\\/spelivinkki.fi\\\/#organization\",\"name\":\"Spelivinkki Oy\",\"alternateName\":\"Spelivinkki\",\"url\":\"https:\\\/\\\/spelivinkki.fi\\\/\",\"logo\":{\"@type\":\"ImageObject\",\"inLanguage\":\"sv-SE\",\"@id\":\"https:\\\/\\\/spelivinkki.fi\\\/#\\\/schema\\\/logo\\\/image\\\/\",\"url\":\"https:\\/\\/spelivinkki.fi\\/wp-content\\/uploads\\/2024\\/02\\/Logo.svg\",\"contentUrl\":\"https:\\/\\/spelivinkki.fi\\/wp-content\\/uploads\\/2024\\/02\\/Logo.svg\",\"width\":2176,\"height\":2323,\"caption\":\"Spelivinkki Oy\"},\"image\":{\"@id\":\"https:\\\/\\\/spelivinkki.fi\\\/#\\\/schema\\\/logo\\\/image\\\/\"},\"sameAs\":[\"https:\\\/\\\/www.facebook.com\\\/SpelivinkkiOy\\\/\",\"https:\\\/\\\/x.com\\\/SpelivinkkiOy\",\"https:\\\/\\\/www.instagram.com\\\/spelivinkkioy\\\/\"],\"description\":\"Spelivinkki Oy is a company operating both a brick-and-mortar store in Finland as well as a webshop online. We sell board games, roleplaying games, miniature wargames, logic puzzles, jigsaw puzzles and other things related to the boardgame hobby.\",\"email\":\"myynti@spelivinkki.fi\",\"telephone\":\"+358406486605\",\"legalName\":\"Spelivinkki Oy\",\"foundingDate\":\"2023-09-17\",\"vatID\":\"FI33904524\",\"numberOfEmployees\":{\"@type\":\"QuantitativeValue\",\"minValue\":\"1\",\"maxValue\":\"10\"},\"hasMerchantReturnPolicy\":{\"@type\":\"MerchantReturnPolicy\",\"merchantReturnLink\":\"https:\\\/\\\/spelivinkki.fi\\\/sv\\\/spelivinkin-vaihto-ja-palautusoikeus\\\/\"}}]}<\/script>\n<meta property=\"product:brand\" content=\"Lautapelit.fi\" \/>\n<meta property=\"product:price:amount\" content=\"45.00\" \/>\n<meta property=\"product:price:currency\" content=\"EUR\" \/>\n<meta property=\"og:availability\" content=\"instock\" \/>\n<meta property=\"product:availability\" content=\"instock\" \/>\n<meta property=\"product:retailer_item_id\" content=\"Terraforming_FI\" \/>\n<meta property=\"product:condition\" content=\"new\" \/>\n<!-- \/ Yoast SEO Premium plugin. -->","yoast_head_json":{"title":"Terraforming Mars (FI) &#8211; Spelivinkki","description":"Terraforming Mars on suosittu peli, jossa pelaajat kilpailevat maankaltaistamisessa. Lis\u00e4\u00e4 happea, vett\u00e4 ja l\u00e4mp\u00f6\u00e4 Marsiin ja ker\u00e4\u00e4 pisteit\u00e4!","robots":{"index":"index","follow":"follow","max-snippet":"max-snippet:-1","max-image-preview":"max-image-preview:large","max-video-preview":"max-video-preview:-1"},"canonical":"https:\/\/spelivinkki.fi\/sv\/produkt\/terraforming-mars-fi\/","og_locale":"sv_SE","og_type":"article","og_title":"Terraforming Mars (FI)","og_description":"Terraforming Mars on suosittu peli, jossa pelaajat kilpailevat maankaltaistamisessa. Lis\u00e4\u00e4 happea, vett\u00e4 ja l\u00e4mp\u00f6\u00e4 Marsiin ja ker\u00e4\u00e4 pisteit\u00e4!","og_url":"https:\/\/spelivinkki.fi\/sv\/produkt\/terraforming-mars-fi\/","og_site_name":"Spelivinkki","article_publisher":"https:\/\/www.facebook.com\/SpelivinkkiOy\/","article_modified_time":"2025-02-27T09:14:36+00:00","og_image":[{"width":809,"height":809,"url":"https:\/\/mlw9zexfsyfr.i.optimole.com\/w:auto\/h:auto\/q:mauto\/ig:avif\/https:\/\/spelivinkki.fi\/wp-content\/uploads\/2024\/05\/Terraforming_Mars_FI_Tuotekuva.webp","type":"image\/webp"}],"twitter_card":"summary_large_image","twitter_site":"@SpelivinkkiOy","twitter_misc":{"Pris":"45,00&nbsp;&euro;","Tillg\u00e4nglig":"I lager"},"schema":{"@context":"https:\/\/schema.org","@graph":[{"@type":"WebPage","@id":"https:\/\/spelivinkki.fi\/tuote\/terraforming-mars-fi\/","url":"https:\/\/spelivinkki.fi\/tuote\/terraforming-mars-fi\/","name":"Terraforming Mars (FI) &#8211; Spelivinkki","isPartOf":{"@id":"https:\/\/spelivinkki.fi\/#website"},"primaryImageOfPage":{"@id":"https:\/\/spelivinkki.fi\/tuote\/terraforming-mars-fi\/#primaryimage"},"image":{"@id":"https:\/\/spelivinkki.fi\/tuote\/terraforming-mars-fi\/#primaryimage"},"thumbnailUrl":"https:\/\/mlw9zexfsyfr.i.optimole.com\/w:auto\/h:auto\/q:mauto\/ig:avif\/https:\/\/spelivinkki.fi\/wp-content\/uploads\/2024\/05\/Terraforming_Mars_FI_Tuotekuva.webp","datePublished":"2024-05-20T13:18:20+00:00","dateModified":"2025-02-27T09:14:36+00:00","description":"Terraforming Mars on suosittu peli, jossa pelaajat kilpailevat maankaltaistamisessa. Lis\u00e4\u00e4 happea, vett\u00e4 ja l\u00e4mp\u00f6\u00e4 Marsiin ja ker\u00e4\u00e4 pisteit\u00e4!","breadcrumb":{"@id":"https:\/\/spelivinkki.fi\/tuote\/terraforming-mars-fi\/#breadcrumb"},"inLanguage":"sv-SE","potentialAction":[{"@type":"ReadAction","target":["https:\/\/spelivinkki.fi\/tuote\/terraforming-mars-fi\/"]}]},{"@type":"ImageObject","inLanguage":"sv-SE","@id":"https:\/\/spelivinkki.fi\/tuote\/terraforming-mars-fi\/#primaryimage","url":"https:\/\/mlw9zexfsyfr.i.optimole.com\/w:auto\/h:auto\/q:mauto\/ig:avif\/https:\/\/spelivinkki.fi\/wp-content\/uploads\/2024\/05\/Terraforming_Mars_FI_Tuotekuva.webp","contentUrl":"https:\/\/mlw9zexfsyfr.i.optimole.com\/w:auto\/h:auto\/q:mauto\/ig:avif\/https:\/\/spelivinkki.fi\/wp-content\/uploads\/2024\/05\/Terraforming_Mars_FI_Tuotekuva.webp","width":809,"height":809,"caption":"Terraforming Mars FI Tuotekuva"},{"@type":"BreadcrumbList","@id":"https:\/\/spelivinkki.fi\/tuote\/terraforming-mars-fi\/#breadcrumb","itemListElement":[{"@type":"ListItem","position":1,"name":"Etusivu","item":"https:\/\/spelivinkki.fi\/"},{"@type":"ListItem","position":2,"name":"Tuotteet","item":"https:\/\/spelivinkki.fi\/tuotteet\/"},{"@type":"ListItem","position":3,"name":"Terraforming Mars (FI)"}]},{"@type":"WebSite","@id":"https:\/\/spelivinkki.fi\/#website","url":"https:\/\/spelivinkki.fi\/","name":"Spelivinkki","description":"Paraisten Lautapelikauppa","publisher":{"@id":"https:\/\/spelivinkki.fi\/#organization"},"alternateName":"Spelivinkki Oy","potentialAction":[{"@type":"SearchAction","target":{"@type":"EntryPoint","urlTemplate":"https:\/\/spelivinkki.fi\/?s={search_term_string}"},"query-input":{"@type":"PropertyValueSpecification","valueRequired":true,"valueName":"search_term_string"}}],"inLanguage":"sv-SE"},{"@type":"Organization","@id":"https:\/\/spelivinkki.fi\/#organization","name":"Spelivinkki Oy","alternateName":"Spelivinkki","url":"https:\/\/spelivinkki.fi\/","logo":{"@type":"ImageObject","inLanguage":"sv-SE","@id":"https:\/\/spelivinkki.fi\/#\/schema\/logo\/image\/","url":"https:\/\/mlw9zexfsyfr.i.optimole.com\/w:auto\/h:auto\/q:mauto\/ig:avif\/https:\/\/spelivinkki.fi\/wp-content\/uploads\/2024\/02\/Logo.svg","contentUrl":"https:\/\/mlw9zexfsyfr.i.optimole.com\/w:auto\/h:auto\/q:mauto\/ig:avif\/https:\/\/spelivinkki.fi\/wp-content\/uploads\/2024\/02\/Logo.svg","width":2176,"height":2323,"caption":"Spelivinkki Oy"},"image":{"@id":"https:\/\/spelivinkki.fi\/#\/schema\/logo\/image\/"},"sameAs":["https:\/\/www.facebook.com\/SpelivinkkiOy\/","https:\/\/x.com\/SpelivinkkiOy","https:\/\/www.instagram.com\/spelivinkkioy\/"],"description":"Spelivinkki Oy is a company operating both a brick-and-mortar store in Finland as well as a webshop online. We sell board games, roleplaying games, miniature wargames, logic puzzles, jigsaw puzzles and other things related to the boardgame hobby.","email":"myynti@spelivinkki.fi","telephone":"+358406486605","legalName":"Spelivinkki Oy","foundingDate":"2023-09-17","vatID":"FI33904524","numberOfEmployees":{"@type":"QuantitativeValue","minValue":"1","maxValue":"10"},"hasMerchantReturnPolicy":{"@type":"MerchantReturnPolicy","merchantReturnLink":"https:\/\/spelivinkki.fi\/sv\/spelivinkin-vaihto-ja-palautusoikeus\/"}}]},"product_brand":"Lautapelit.fi","product_price_amount":"45.00","product_price_currency":"EUR","og_availability":"instock","product_availability":"instock","product_retailer_item_id":"Terraforming_FI","product_condition":"new"},"_links":{"self":[{"href":"https:\/\/spelivinkki.fi\/sv\/wp-json\/wp\/v2\/product\/6291","targetHints":{"allow":["GET"]}}],"collection":[{"href":"https:\/\/spelivinkki.fi\/sv\/wp-json\/wp\/v2\/product"}],"about":[{"href":"https:\/\/spelivinkki.fi\/sv\/wp-json\/wp\/v2\/types\/product"}],"wp:featuredmedia":[{"embeddable":true,"href":"https:\/\/spelivinkki.fi\/sv\/wp-json\/wp\/v2\/media\/6302"}],"wp:attachment":[{"href":"https:\/\/spelivinkki.fi\/sv\/wp-json\/wp\/v2\/media?parent=6291"}],"wp:term":[{"taxonomy":"product_brand","embeddable":true,"href":"https:\/\/spelivinkki.fi\/sv\/wp-json\/wp\/v2\/product_brand?post=6291"},{"taxonomy":"product_cat","embeddable":true,"href":"https:\/\/spelivinkki.fi\/sv\/wp-json\/wp\/v2\/product_cat?post=6291"},{"taxonomy":"product_tag","embeddable":true,"href":"https:\/\/spelivinkki.fi\/sv\/wp-json\/wp\/v2\/product_tag?post=6291"}],"curies":[{"name":"wp","href":"https:\/\/api.w.org\/{rel}","templated":true}]}}