{"id":6292,"date":"2024-05-22T10:07:25","date_gmt":"2024-05-22T10:07:25","guid":{"rendered":"https:\/\/spelivinkki.fi\/?post_type=product&#038;p=6292"},"modified":"2025-12-23T12:58:51","modified_gmt":"2025-12-23T12:58:51","slug":"encore-noch-mal","status":"publish","type":"product","link":"https:\/\/spelivinkki.fi\/sv\/produkt\/encore-noch-mal\/","title":{"rendered":"Encore! (Noch Mal!)"},"content":{"rendered":"<p>Encore! \u00e4r ett spel som \u00e4r l\u00e4tt att l\u00e4ra sig men roligt att spela. Alla spelare spelar p\u00e5 samma g\u00e5ng under rundor och f\u00f6rs\u00f6ker kryssa bort olika f\u00e4rgers rutor fr\u00e5n sina egna po\u00e4nglappar.<\/p>\n<p>I b\u00f6rjan av en runda kastar den spelare som \u00e4r i tur spelets sex t\u00e4rningar (tre f\u00e4rgt\u00e4rningar och tre siffert\u00e4rningar). Efter det v\u00e4ljer var och en spelare ett t\u00e4rningspar och kryssar sedan i s\u00e5 m\u00e5nga rutor av den valda f\u00e4rgen. Kryssandet b\u00f6rjar i mitten av po\u00e4nglappen, varefter varje nytt kryss m\u00e5ste befinna sig bredvid ett tidigare kryss. Po\u00e4ng kan man f\u00e5 genom att helt kryssa f\u00f6r en f\u00e4rg, fylla en kolumn av rutor, samt genom att inte anv\u00e4nda alla sina jokers. Oifyllda stj\u00e4rnrutor ger tv\u00e5 minuspo\u00e4ng var.<\/p>\n<p>Efter de tre f\u00f6rsta rundorna blir spelet intressantare! Den spelare som \u00e4r i tur f\u00e5r v\u00e4lja t\u00e4rningspar f\u00f6rst, efter vilket hen plockar bort paret. Detta betyder att resten av spelarna har f\u00e4rre t\u00e4rningar att v\u00e4lja mellan och, eftersom spelarna alltid m\u00e5ste kryssa i s\u00e5 m\u00e5nga rutor som t\u00e4rningen anger, kan de l\u00e4tt k\u00f6ra fast om de till exempel har l\u00e4mnat enskilda rutor som de beh\u00f6ver f\u00e5 ikryssade n\u00e5gonstans i bladet. Det \u00e4r allts\u00e5 bra taktik att f\u00f6lja med vilka par motst\u00e5ndarna vill ha f\u00f6r att v\u00e4lja bort dem... f\u00f6rutsatt att du sj\u00e4lv har n\u00e5gon nytta av dem s\u00e5 klart!<\/p>\n<p>Spelet tar slut n\u00e4r n\u00e5gon av spelarna har tv\u00e5 f\u00e4rger helt ifyllda. Om det \u00e4r spelaren som \u00e4r i tur att kasta f\u00e5r resten \u00e4nd\u00e5 g\u00f6ra sina turer klara innan po\u00e4ngr\u00e4kningen.<\/p>\n<h6><strong>Ugivarens beskrivning:<\/strong><\/h6>\n<p><em>Alla spelar samtidigt - ingen beh\u00f6ver v\u00e4nta l\u00e4nge p\u00e5 sin tur!<\/em><\/p>\n<p><em>Encore! \u00e4r ett snabbt t\u00e4rningsspel som \u00e4r l\u00e4tt att l\u00e4ra sig och sv\u00e5rt att sluta spela.<\/em><\/p>\n<p><em>Sl\u00e5 med t\u00e4rningarna, v\u00e4lj en f\u00e4rg och ett antal och markera motsvarande rutor. Om du inte gillar vad du fick kan du anv\u00e4nda en joker. T\u00e4vla om att fylla hela spalter och markera alla rutor av samma f\u00e4rg f\u00f6r att f\u00e5 bonuspo\u00e4ng.<\/em><\/p>\n<p><em>Och gl\u00f6m inte att t\u00e4cka in alla stj\u00e4rnor.<\/em><\/p>","protected":false},"excerpt":{"rendered":"<ul>\n<li><strong>Spelarm\u00e4ngd:<\/strong> 1-6 (<strong>B\u00e4sta m\u00e4ngden:<\/strong> 2)<\/li>\n<li><strong>Varaktighet:<\/strong> 20 min<\/li>\n<li><strong>\u00c5ldersrekommendation:<\/strong> 8+<\/li>\n<li><strong>Spr\u00e5k:<\/strong> Finska, svenska, engelska, norska, danska<\/li>\n<li><strong>Genre:<\/strong> Noppapeli, Resurssinosto, Kuviomuodostus<\/li>\n<li><strong>Utveckling:<\/strong> Inka Brand, Markus Brand<\/li>\n<li><strong>Utgivare:<\/strong> Schmidt Spiele \/ Lautapelit.fi<\/li>\n<\/ul>","protected":false},"featured_media":6304,"template":"","meta":{"site-sidebar-layout":"default","site-content-layout":"","ast-site-content-layout":"default","site-content-style":"default","site-sidebar-style":"default","ast-global-header-display":"","ast-banner-title-visibility":"","ast-main-header-display":"","ast-hfb-above-header-display":"","ast-hfb-below-header-display":"","ast-hfb-mobile-header-display":"","site-post-title":"","ast-breadcrumbs-content":"","ast-featured-img":"","footer-sml-layout":"","ast-disable-related-posts":"","theme-transparent-header-meta":"default","adv-header-id-meta":"","stick-header-meta":"","header-above-stick-meta":"","header-main-stick-meta":"","header-below-stick-meta":"","astra-migrate-meta-layouts":"set","ast-page-background-enabled":"default","ast-page-background-meta":{"desktop":{"background-color":"","background-image":"","background-repeat":"repeat","background-position":"center center","background-size":"auto","background-attachment":"scroll","background-type":"","background-media":"","overlay-type":"","overlay-color":"","overlay-opacity":"","overlay-gradient":""},"tablet":{"background-color":"","background-image":"","background-repeat":"repeat","background-position":"center center","background-size":"auto","background-attachment":"scroll","background-type":"","background-media":"","overlay-type":"","overlay-color":"","overlay-opacity":"","overlay-gradient":""},"mobile":{"background-color":"","background-image":"","background-repeat":"repeat","background-position":"center center","background-size":"auto","background-attachment":"scroll","background-type":"","background-media":"","overlay-type":"","overlay-color":"","overlay-opacity":"","overlay-gradient":""}},"ast-content-background-meta":{"desktop":{"background-color":"var(--ast-global-color-5)","background-image":"","background-repeat":"repeat","background-position":"center center","background-size":"auto","background-attachment":"scroll","background-type":"","background-media":"","overlay-type":"","overlay-color":"","overlay-opacity":"","overlay-gradient":""},"tablet":{"background-color":"var(--ast-global-color-5)","background-image":"","background-repeat":"repeat","background-position":"center center","background-size":"auto","background-attachment":"scroll","background-type":"","background-media":"","overlay-type":"","overlay-color":"","overlay-opacity":"","overlay-gradient":""},"mobile":{"background-color":"var(--ast-global-color-5)","background-image":"","background-repeat":"repeat","background-position":"center center","background-size":"auto","background-attachment":"scroll","background-type":"","background-media":"","overlay-type":"","overlay-color":"","overlay-opacity":"","overlay-gradient":""}}},"product_brand":[1107,1163],"product_cat":[16,40,48],"product_tag":[1049,1165,1166,1047,1167,1050,1048],"class_list":{"0":"post-6292","1":"product","2":"type-product","3":"status-publish","4":"has-post-thumbnail","6":"product_brand-lautapelit-fi","7":"product_brand-schmidt-spiele","8":"product_cat-kaikki","9":"product_cat-klassikot","10":"product_cat-noppapelit","11":"product_tag-englanninkieliset-pelit","12":"product_tag-inka-brand","13":"product_tag-markus-brand","14":"product_tag-peruspeli","15":"product_tag-roll-and-write","16":"product_tag-ruotsinkieliset-pelit","17":"product_tag-suomenkieliset-pelit","18":"product_shipping_class-standard2","19":"desktop-align-center","20":"tablet-align-center","21":"mobile-align-center","23":"first","24":"instock","25":"taxable","26":"shipping-taxable","27":"purchasable","28":"product-type-simple"},"yoast_head":"<!-- This site is optimized with the Yoast SEO Premium plugin v27.3 (Yoast SEO v27.4) - https:\/\/yoast.com\/product\/yoast-seo-premium-wordpress\/ -->\n<title>Encore! (Noch Mal!) &#8211; Spelivinkki<\/title>\n<meta name=\"description\" content=\"Encore noppapeli (&quot;Noch Mal!&quot;) tarjoaa helppoa ja hauskaa viihdett\u00e4 kaikille pelaajille. Kokeile jo t\u00e4n\u00e4\u00e4n ja nauti yhteisest\u00e4 pelihetkest\u00e4!\" \/>\n<meta name=\"robots\" content=\"index, follow, max-snippet:-1, max-image-preview:large, max-video-preview:-1\" \/>\n<link rel=\"canonical\" href=\"https:\/\/spelivinkki.fi\/sv\/produkt\/encore-noch-mal\/\" \/>\n<meta property=\"og:locale\" content=\"sv_SE\" \/>\n<meta property=\"og:type\" content=\"article\" \/>\n<meta property=\"og:title\" content=\"Encore! (Noch Mal!)\" \/>\n<meta property=\"og:description\" content=\"Encore noppapeli (&quot;Noch Mal!&quot;) tarjoaa helppoa ja hauskaa viihdett\u00e4 kaikille pelaajille. Kokeile jo t\u00e4n\u00e4\u00e4n ja nauti yhteisest\u00e4 pelihetkest\u00e4!\" \/>\n<meta property=\"og:url\" content=\"https:\/\/spelivinkki.fi\/sv\/produkt\/encore-noch-mal\/\" \/>\n<meta property=\"og:site_name\" content=\"Spelivinkki\" \/>\n<meta property=\"article:publisher\" content=\"https:\/\/www.facebook.com\/SpelivinkkiOy\/\" \/>\n<meta property=\"article:modified_time\" content=\"2025-12-23T12:58:51+00:00\" \/>\n<meta property=\"og:image\" content=\"https:\/\/mlw9zexfsyfr.i.optimole.com\/w:auto\/h:auto\/q:mauto\/ig:avif\/https:\/\/spelivinkki.fi\/wp-content\/uploads\/2024\/05\/Encore_Tuotekuva.webp\" \/>\n\t<meta property=\"og:image:width\" content=\"806\" \/>\n\t<meta property=\"og:image:height\" content=\"805\" \/>\n\t<meta property=\"og:image:type\" content=\"image\/webp\" \/>\n<meta name=\"twitter:card\" content=\"summary_large_image\" \/>\n<meta name=\"twitter:site\" content=\"@SpelivinkkiOy\" \/>\n<meta name=\"twitter:label1\" content=\"Pris\" \/>\n\t<meta name=\"twitter:data1\" content=\"16,00&nbsp;&euro;\" \/>\n\t<meta name=\"twitter:label2\" content=\"Tillg\u00e4nglig\" \/>\n\t<meta name=\"twitter:data2\" content=\"I lager\" \/>\n<script type=\"application\/ld+json\" class=\"yoast-schema-graph\">{\"@context\":\"https:\\\/\\\/schema.org\",\"@graph\":[{\"@type\":\"WebPage\",\"@id\":\"https:\\\/\\\/spelivinkki.fi\\\/tuote\\\/encore-noch-mal\\\/\",\"url\":\"https:\\\/\\\/spelivinkki.fi\\\/tuote\\\/encore-noch-mal\\\/\",\"name\":\"Encore! (Noch Mal!) &#8211; Spelivinkki\",\"isPartOf\":{\"@id\":\"https:\\\/\\\/spelivinkki.fi\\\/#website\"},\"primaryImageOfPage\":{\"@id\":\"https:\\\/\\\/spelivinkki.fi\\\/tuote\\\/encore-noch-mal\\\/#primaryimage\"},\"image\":{\"@id\":\"https:\\\/\\\/spelivinkki.fi\\\/tuote\\\/encore-noch-mal\\\/#primaryimage\"},\"thumbnailUrl\":\"https:\\/\\/spelivinkki.fi\\/wp-content\\/uploads\\/2024\\/05\\/Encore_Tuotekuva.webp\",\"datePublished\":\"2024-05-22T10:07:25+00:00\",\"dateModified\":\"2025-12-23T12:58:51+00:00\",\"description\":\"Encore noppapeli (\\\"Noch Mal!\\\") tarjoaa helppoa ja hauskaa viihdett\u00e4 kaikille pelaajille. Kokeile jo t\u00e4n\u00e4\u00e4n ja nauti yhteisest\u00e4 pelihetkest\u00e4!\",\"breadcrumb\":{\"@id\":\"https:\\\/\\\/spelivinkki.fi\\\/tuote\\\/encore-noch-mal\\\/#breadcrumb\"},\"inLanguage\":\"sv-SE\",\"potentialAction\":[{\"@type\":\"ReadAction\",\"target\":[\"https:\\\/\\\/spelivinkki.fi\\\/tuote\\\/encore-noch-mal\\\/\"]}]},{\"@type\":\"ImageObject\",\"inLanguage\":\"sv-SE\",\"@id\":\"https:\\\/\\\/spelivinkki.fi\\\/tuote\\\/encore-noch-mal\\\/#primaryimage\",\"url\":\"https:\\/\\/spelivinkki.fi\\/wp-content\\/uploads\\/2024\\/05\\/Encore_Tuotekuva.webp\",\"contentUrl\":\"https:\\/\\/spelivinkki.fi\\/wp-content\\/uploads\\/2024\\/05\\/Encore_Tuotekuva.webp\",\"width\":806,\"height\":805,\"caption\":\"Encore Tuotekuva\"},{\"@type\":\"BreadcrumbList\",\"@id\":\"https:\\\/\\\/spelivinkki.fi\\\/tuote\\\/encore-noch-mal\\\/#breadcrumb\",\"itemListElement\":[{\"@type\":\"ListItem\",\"position\":1,\"name\":\"Etusivu\",\"item\":\"https:\\\/\\\/spelivinkki.fi\\\/\"},{\"@type\":\"ListItem\",\"position\":2,\"name\":\"Tuotteet\",\"item\":\"https:\\\/\\\/spelivinkki.fi\\\/tuotteet\\\/\"},{\"@type\":\"ListItem\",\"position\":3,\"name\":\"Encore! (Noch Mal!)\"}]},{\"@type\":\"WebSite\",\"@id\":\"https:\\\/\\\/spelivinkki.fi\\\/#website\",\"url\":\"https:\\\/\\\/spelivinkki.fi\\\/\",\"name\":\"Spelivinkki\",\"description\":\"Paraisten Lautapelikauppa\",\"publisher\":{\"@id\":\"https:\\\/\\\/spelivinkki.fi\\\/#organization\"},\"alternateName\":\"Spelivinkki Oy\",\"potentialAction\":[{\"@type\":\"SearchAction\",\"target\":{\"@type\":\"EntryPoint\",\"urlTemplate\":\"https:\\\/\\\/spelivinkki.fi\\\/?s={search_term_string}\"},\"query-input\":{\"@type\":\"PropertyValueSpecification\",\"valueRequired\":true,\"valueName\":\"search_term_string\"}}],\"inLanguage\":\"sv-SE\"},{\"@type\":\"Organization\",\"@id\":\"https:\\\/\\\/spelivinkki.fi\\\/#organization\",\"name\":\"Spelivinkki Oy\",\"alternateName\":\"Spelivinkki\",\"url\":\"https:\\\/\\\/spelivinkki.fi\\\/\",\"logo\":{\"@type\":\"ImageObject\",\"inLanguage\":\"sv-SE\",\"@id\":\"https:\\\/\\\/spelivinkki.fi\\\/#\\\/schema\\\/logo\\\/image\\\/\",\"url\":\"https:\\/\\/spelivinkki.fi\\/wp-content\\/uploads\\/2024\\/02\\/Logo.svg\",\"contentUrl\":\"https:\\/\\/spelivinkki.fi\\/wp-content\\/uploads\\/2024\\/02\\/Logo.svg\",\"width\":2176,\"height\":2323,\"caption\":\"Spelivinkki Oy\"},\"image\":{\"@id\":\"https:\\\/\\\/spelivinkki.fi\\\/#\\\/schema\\\/logo\\\/image\\\/\"},\"sameAs\":[\"https:\\\/\\\/www.facebook.com\\\/SpelivinkkiOy\\\/\",\"https:\\\/\\\/x.com\\\/SpelivinkkiOy\",\"https:\\\/\\\/www.instagram.com\\\/spelivinkkioy\\\/\"],\"description\":\"Spelivinkki Oy is a company operating both a brick-and-mortar store in Finland as well as a webshop online. We sell board games, roleplaying games, miniature wargames, logic puzzles, jigsaw puzzles and other things related to the boardgame hobby.\",\"email\":\"myynti@spelivinkki.fi\",\"telephone\":\"+358406486605\",\"legalName\":\"Spelivinkki Oy\",\"foundingDate\":\"2023-09-17\",\"vatID\":\"FI33904524\",\"numberOfEmployees\":{\"@type\":\"QuantitativeValue\",\"minValue\":\"1\",\"maxValue\":\"10\"},\"hasMerchantReturnPolicy\":{\"@type\":\"MerchantReturnPolicy\",\"merchantReturnLink\":\"https:\\\/\\\/spelivinkki.fi\\\/sv\\\/spelivinkin-vaihto-ja-palautusoikeus\\\/\"}}]}<\/script>\n<meta property=\"product:brand\" content=\"Lautapelit.fi\" \/>\n<meta property=\"product:price:amount\" content=\"16.00\" \/>\n<meta property=\"product:price:currency\" content=\"EUR\" \/>\n<meta property=\"og:availability\" content=\"instock\" \/>\n<meta property=\"product:availability\" content=\"instock\" \/>\n<meta property=\"product:retailer_item_id\" content=\"Encore\" \/>\n<meta property=\"product:condition\" content=\"new\" \/>\n<!-- \/ Yoast SEO Premium plugin. -->","yoast_head_json":{"title":"Encore! (Noch Mal!) &#8211; Spelivinkki","description":"Encore noppapeli (\"Noch Mal!\") tarjoaa helppoa ja hauskaa viihdett\u00e4 kaikille pelaajille. Kokeile jo t\u00e4n\u00e4\u00e4n ja nauti yhteisest\u00e4 pelihetkest\u00e4!","robots":{"index":"index","follow":"follow","max-snippet":"max-snippet:-1","max-image-preview":"max-image-preview:large","max-video-preview":"max-video-preview:-1"},"canonical":"https:\/\/spelivinkki.fi\/sv\/produkt\/encore-noch-mal\/","og_locale":"sv_SE","og_type":"article","og_title":"Encore! (Noch Mal!)","og_description":"Encore noppapeli (\"Noch Mal!\") tarjoaa helppoa ja hauskaa viihdett\u00e4 kaikille pelaajille. Kokeile jo t\u00e4n\u00e4\u00e4n ja nauti yhteisest\u00e4 pelihetkest\u00e4!","og_url":"https:\/\/spelivinkki.fi\/sv\/produkt\/encore-noch-mal\/","og_site_name":"Spelivinkki","article_publisher":"https:\/\/www.facebook.com\/SpelivinkkiOy\/","article_modified_time":"2025-12-23T12:58:51+00:00","og_image":[{"width":806,"height":805,"url":"https:\/\/mlw9zexfsyfr.i.optimole.com\/w:auto\/h:auto\/q:mauto\/ig:avif\/https:\/\/spelivinkki.fi\/wp-content\/uploads\/2024\/05\/Encore_Tuotekuva.webp","type":"image\/webp"}],"twitter_card":"summary_large_image","twitter_site":"@SpelivinkkiOy","twitter_misc":{"Pris":"16,00&nbsp;&euro;","Tillg\u00e4nglig":"I lager"},"schema":{"@context":"https:\/\/schema.org","@graph":[{"@type":"WebPage","@id":"https:\/\/spelivinkki.fi\/tuote\/encore-noch-mal\/","url":"https:\/\/spelivinkki.fi\/tuote\/encore-noch-mal\/","name":"Encore! (Noch Mal!) &#8211; Spelivinkki","isPartOf":{"@id":"https:\/\/spelivinkki.fi\/#website"},"primaryImageOfPage":{"@id":"https:\/\/spelivinkki.fi\/tuote\/encore-noch-mal\/#primaryimage"},"image":{"@id":"https:\/\/spelivinkki.fi\/tuote\/encore-noch-mal\/#primaryimage"},"thumbnailUrl":"https:\/\/mlw9zexfsyfr.i.optimole.com\/w:auto\/h:auto\/q:mauto\/ig:avif\/https:\/\/spelivinkki.fi\/wp-content\/uploads\/2024\/05\/Encore_Tuotekuva.webp","datePublished":"2024-05-22T10:07:25+00:00","dateModified":"2025-12-23T12:58:51+00:00","description":"Encore noppapeli (\"Noch Mal!\") tarjoaa helppoa ja hauskaa viihdett\u00e4 kaikille pelaajille. Kokeile jo t\u00e4n\u00e4\u00e4n ja nauti yhteisest\u00e4 pelihetkest\u00e4!","breadcrumb":{"@id":"https:\/\/spelivinkki.fi\/tuote\/encore-noch-mal\/#breadcrumb"},"inLanguage":"sv-SE","potentialAction":[{"@type":"ReadAction","target":["https:\/\/spelivinkki.fi\/tuote\/encore-noch-mal\/"]}]},{"@type":"ImageObject","inLanguage":"sv-SE","@id":"https:\/\/spelivinkki.fi\/tuote\/encore-noch-mal\/#primaryimage","url":"https:\/\/mlw9zexfsyfr.i.optimole.com\/w:auto\/h:auto\/q:mauto\/ig:avif\/https:\/\/spelivinkki.fi\/wp-content\/uploads\/2024\/05\/Encore_Tuotekuva.webp","contentUrl":"https:\/\/mlw9zexfsyfr.i.optimole.com\/w:auto\/h:auto\/q:mauto\/ig:avif\/https:\/\/spelivinkki.fi\/wp-content\/uploads\/2024\/05\/Encore_Tuotekuva.webp","width":806,"height":805,"caption":"Encore Tuotekuva"},{"@type":"BreadcrumbList","@id":"https:\/\/spelivinkki.fi\/tuote\/encore-noch-mal\/#breadcrumb","itemListElement":[{"@type":"ListItem","position":1,"name":"Etusivu","item":"https:\/\/spelivinkki.fi\/"},{"@type":"ListItem","position":2,"name":"Tuotteet","item":"https:\/\/spelivinkki.fi\/tuotteet\/"},{"@type":"ListItem","position":3,"name":"Encore! (Noch Mal!)"}]},{"@type":"WebSite","@id":"https:\/\/spelivinkki.fi\/#website","url":"https:\/\/spelivinkki.fi\/","name":"Spelivinkki","description":"Paraisten Lautapelikauppa","publisher":{"@id":"https:\/\/spelivinkki.fi\/#organization"},"alternateName":"Spelivinkki Oy","potentialAction":[{"@type":"SearchAction","target":{"@type":"EntryPoint","urlTemplate":"https:\/\/spelivinkki.fi\/?s={search_term_string}"},"query-input":{"@type":"PropertyValueSpecification","valueRequired":true,"valueName":"search_term_string"}}],"inLanguage":"sv-SE"},{"@type":"Organization","@id":"https:\/\/spelivinkki.fi\/#organization","name":"Spelivinkki Oy","alternateName":"Spelivinkki","url":"https:\/\/spelivinkki.fi\/","logo":{"@type":"ImageObject","inLanguage":"sv-SE","@id":"https:\/\/spelivinkki.fi\/#\/schema\/logo\/image\/","url":"https:\/\/mlw9zexfsyfr.i.optimole.com\/w:auto\/h:auto\/q:mauto\/ig:avif\/https:\/\/spelivinkki.fi\/wp-content\/uploads\/2024\/02\/Logo.svg","contentUrl":"https:\/\/mlw9zexfsyfr.i.optimole.com\/w:auto\/h:auto\/q:mauto\/ig:avif\/https:\/\/spelivinkki.fi\/wp-content\/uploads\/2024\/02\/Logo.svg","width":2176,"height":2323,"caption":"Spelivinkki Oy"},"image":{"@id":"https:\/\/spelivinkki.fi\/#\/schema\/logo\/image\/"},"sameAs":["https:\/\/www.facebook.com\/SpelivinkkiOy\/","https:\/\/x.com\/SpelivinkkiOy","https:\/\/www.instagram.com\/spelivinkkioy\/"],"description":"Spelivinkki Oy is a company operating both a brick-and-mortar store in Finland as well as a webshop online. We sell board games, roleplaying games, miniature wargames, logic puzzles, jigsaw puzzles and other things related to the boardgame hobby.","email":"myynti@spelivinkki.fi","telephone":"+358406486605","legalName":"Spelivinkki Oy","foundingDate":"2023-09-17","vatID":"FI33904524","numberOfEmployees":{"@type":"QuantitativeValue","minValue":"1","maxValue":"10"},"hasMerchantReturnPolicy":{"@type":"MerchantReturnPolicy","merchantReturnLink":"https:\/\/spelivinkki.fi\/sv\/spelivinkin-vaihto-ja-palautusoikeus\/"}}]},"product_brand":"Lautapelit.fi","product_price_amount":"16.00","product_price_currency":"EUR","og_availability":"instock","product_availability":"instock","product_retailer_item_id":"Encore","product_condition":"new"},"_links":{"self":[{"href":"https:\/\/spelivinkki.fi\/sv\/wp-json\/wp\/v2\/product\/6292","targetHints":{"allow":["GET"]}}],"collection":[{"href":"https:\/\/spelivinkki.fi\/sv\/wp-json\/wp\/v2\/product"}],"about":[{"href":"https:\/\/spelivinkki.fi\/sv\/wp-json\/wp\/v2\/types\/product"}],"wp:featuredmedia":[{"embeddable":true,"href":"https:\/\/spelivinkki.fi\/sv\/wp-json\/wp\/v2\/media\/6304"}],"wp:attachment":[{"href":"https:\/\/spelivinkki.fi\/sv\/wp-json\/wp\/v2\/media?parent=6292"}],"wp:term":[{"taxonomy":"product_brand","embeddable":true,"href":"https:\/\/spelivinkki.fi\/sv\/wp-json\/wp\/v2\/product_brand?post=6292"},{"taxonomy":"product_cat","embeddable":true,"href":"https:\/\/spelivinkki.fi\/sv\/wp-json\/wp\/v2\/product_cat?post=6292"},{"taxonomy":"product_tag","embeddable":true,"href":"https:\/\/spelivinkki.fi\/sv\/wp-json\/wp\/v2\/product_tag?post=6292"}],"curies":[{"name":"wp","href":"https:\/\/api.w.org\/{rel}","templated":true}]}}