{"id":6437,"date":"2024-06-07T15:00:57","date_gmt":"2024-06-07T15:00:57","guid":{"rendered":"https:\/\/spelivinkki.fi\/?post_type=product&#038;p=6437"},"modified":"2025-10-15T12:27:32","modified_gmt":"2025-10-15T12:27:32","slug":"wasgij-mystery-date-night-palapeli","status":"publish","type":"product","link":"https:\/\/spelivinkki.fi\/sv\/produkt\/wasgij-mystery-date-night-palapeli\/","title":{"rendered":"Wasgij Mystery \u2013 Date Night! Pussel"},"content":{"rendered":"<p>Immerse yourself in the excitement of Date Night with the Jumbo Wasgij Mystery 26, a 1000 &#8211; piece jigsaw puzzle that adds a twist to traditional puzzling. Illustrated by James Alexander, this mystery concept challenges you not to piece together what you see on the box, but what happens next in the lively bistro scene. Busy couples, laughter, and a bustling kitchen set the stage for Date Night. As orders flood in and the waiter navigates through the chaos with a lobster and crab platter, be ready for the unexpected splatter! The finished puzzle, measuring 68 x 49cm, captures the vibrant energy of the bistro. Crafted from high &#8211; quality 100% recycled board, this Wasgij puzzle ensures each piece maintains its shape with precision die &#8211; cutting techniques. Wasgij&#8217;s unique approach to puzzling, where you build an image different from the box, challenges your imagination. The combination of great drawings, pictorial humor, and the mystery concept has kept Wasgij at the top of the jigsaw puzzle charts for years. Join the millions who enjoy the extra challenge and entertainment of Wasgij puzzles. Elevate your puzzling experience with Date Night! Mystery 26, where the unexpected is always part of the picture.<\/p>","protected":false},"excerpt":{"rendered":"<ul>\n<li><strong>Pusseltyp:<\/strong> Wasgij, Seriefigurer<\/li>\n<li><strong>Bitar:<\/strong> 1000<\/li>\n<li><strong>Spr\u00e5k:<\/strong> Engelska<\/li>\n<li><strong>Utgivare:<\/strong> Jumbo<\/li>\n<\/ul>","protected":false},"featured_media":6438,"template":"","meta":{"site-sidebar-layout":"default","site-content-layout":"","ast-site-content-layout":"default","site-content-style":"default","site-sidebar-style":"default","ast-global-header-display":"","ast-banner-title-visibility":"","ast-main-header-display":"","ast-hfb-above-header-display":"","ast-hfb-below-header-display":"","ast-hfb-mobile-header-display":"","site-post-title":"","ast-breadcrumbs-content":"","ast-featured-img":"","footer-sml-layout":"","ast-disable-related-posts":"","theme-transparent-header-meta":"default","adv-header-id-meta":"","stick-header-meta":"","header-above-stick-meta":"","header-main-stick-meta":"","header-below-stick-meta":"","astra-migrate-meta-layouts":"set","ast-page-background-enabled":"default","ast-page-background-meta":{"desktop":{"background-color":"","background-image":"","background-repeat":"repeat","background-position":"center center","background-size":"auto","background-attachment":"scroll","background-type":"","background-media":"","overlay-type":"","overlay-color":"","overlay-opacity":"","overlay-gradient":""},"tablet":{"background-color":"","background-image":"","background-repeat":"repeat","background-position":"center center","background-size":"auto","background-attachment":"scroll","background-type":"","background-media":"","overlay-type":"","overlay-color":"","overlay-opacity":"","overlay-gradient":""},"mobile":{"background-color":"","background-image":"","background-repeat":"repeat","background-position":"center center","background-size":"auto","background-attachment":"scroll","background-type":"","background-media":"","overlay-type":"","overlay-color":"","overlay-opacity":"","overlay-gradient":""}},"ast-content-background-meta":{"desktop":{"background-color":"var(--ast-global-color-5)","background-image":"","background-repeat":"repeat","background-position":"center center","background-size":"auto","background-attachment":"scroll","background-type":"","background-media":"","overlay-type":"","overlay-color":"","overlay-opacity":"","overlay-gradient":""},"tablet":{"background-color":"var(--ast-global-color-5)","background-image":"","background-repeat":"repeat","background-position":"center center","background-size":"auto","background-attachment":"scroll","background-type":"","background-media":"","overlay-type":"","overlay-color":"","overlay-opacity":"","overlay-gradient":""},"mobile":{"background-color":"var(--ast-global-color-5)","background-image":"","background-repeat":"repeat","background-position":"center center","background-size":"auto","background-attachment":"scroll","background-type":"","background-media":"","overlay-type":"","overlay-color":"","overlay-opacity":"","overlay-gradient":""}}},"product_brand":[1158],"product_cat":[35,510],"product_tag":[1159],"class_list":{"0":"post-6437","1":"product","2":"type-product","3":"status-publish","4":"has-post-thumbnail","6":"product_brand-jumbo","7":"product_cat-palapelit","8":"product_cat-wasgij","9":"product_tag-1000-palaa","10":"product_shipping_class-standard2","11":"desktop-align-center","12":"tablet-align-center","13":"mobile-align-center","15":"first","16":"instock","17":"taxable","18":"shipping-taxable","19":"purchasable","20":"product-type-simple"},"yoast_head":"<!-- This site is optimized with the Yoast SEO Premium plugin v27.3 (Yoast SEO v27.4) - https:\/\/yoast.com\/product\/yoast-seo-premium-wordpress\/ -->\n<title>Wasgij Mystery - Date Night! Palapeli &#8211; Spelivinkki<\/title>\n<meta name=\"description\" content=\"Tutustu Wasgij Date Night -palapeliin, jossa on 1000 kappaletta ja vieh\u00e4tt\u00e4v\u00e4 sarjakuvateema. Luo ikimuistoisia hetki\u00e4 pelatessasi! \ud83c\udf89\" \/>\n<meta name=\"robots\" content=\"index, follow, max-snippet:-1, max-image-preview:large, max-video-preview:-1\" \/>\n<link rel=\"canonical\" href=\"https:\/\/spelivinkki.fi\/sv\/produkt\/wasgij-mystery-date-night-palapeli\/\" \/>\n<meta property=\"og:locale\" content=\"sv_SE\" \/>\n<meta property=\"og:type\" content=\"article\" \/>\n<meta property=\"og:title\" content=\"Wasgij Mystery - Date Night! Palapeli\" \/>\n<meta property=\"og:description\" content=\"Tutustu Wasgij Date Night -palapeliin, jossa on 1000 kappaletta ja vieh\u00e4tt\u00e4v\u00e4 sarjakuvateema. Luo ikimuistoisia hetki\u00e4 pelatessasi! \ud83c\udf89\" \/>\n<meta property=\"og:url\" content=\"https:\/\/spelivinkki.fi\/sv\/produkt\/wasgij-mystery-date-night-palapeli\/\" \/>\n<meta property=\"og:site_name\" content=\"Spelivinkki\" \/>\n<meta property=\"article:publisher\" content=\"https:\/\/www.facebook.com\/SpelivinkkiOy\/\" \/>\n<meta property=\"article:modified_time\" content=\"2025-10-15T12:27:32+00:00\" \/>\n<meta property=\"og:image\" content=\"https:\/\/mlw9zexfsyfr.i.optimole.com\/w:auto\/h:auto\/q:mauto\/ig:avif\/https:\/\/spelivinkki.fi\/wp-content\/uploads\/2024\/06\/Wasgij_M_26_Date_Night_Tuotekuva-min.webp\" \/>\n\t<meta property=\"og:image:width\" content=\"1000\" \/>\n\t<meta property=\"og:image:height\" content=\"1000\" \/>\n\t<meta property=\"og:image:type\" content=\"image\/webp\" \/>\n<meta name=\"twitter:card\" content=\"summary_large_image\" \/>\n<meta name=\"twitter:site\" content=\"@SpelivinkkiOy\" \/>\n<meta name=\"twitter:label1\" content=\"Pris\" \/>\n\t<meta name=\"twitter:data1\" content=\"16,00&nbsp;&euro;\" \/>\n\t<meta name=\"twitter:label2\" content=\"Tillg\u00e4nglig\" \/>\n\t<meta name=\"twitter:data2\" content=\"I lager\" \/>\n<script type=\"application\/ld+json\" class=\"yoast-schema-graph\">{\"@context\":\"https:\\\/\\\/schema.org\",\"@graph\":[{\"@type\":\"WebPage\",\"@id\":\"https:\\\/\\\/spelivinkki.fi\\\/tuote\\\/wasgij-mystery-date-night-palapeli\\\/\",\"url\":\"https:\\\/\\\/spelivinkki.fi\\\/tuote\\\/wasgij-mystery-date-night-palapeli\\\/\",\"name\":\"Wasgij Mystery - Date Night! Palapeli &#8211; Spelivinkki\",\"isPartOf\":{\"@id\":\"https:\\\/\\\/spelivinkki.fi\\\/#website\"},\"primaryImageOfPage\":{\"@id\":\"https:\\\/\\\/spelivinkki.fi\\\/tuote\\\/wasgij-mystery-date-night-palapeli\\\/#primaryimage\"},\"image\":{\"@id\":\"https:\\\/\\\/spelivinkki.fi\\\/tuote\\\/wasgij-mystery-date-night-palapeli\\\/#primaryimage\"},\"thumbnailUrl\":\"https:\\/\\/spelivinkki.fi\\/wp-content\\/uploads\\/2024\\/06\\/Wasgij_M_26_Date_Night_Tuotekuva-min.webp\",\"datePublished\":\"2024-06-07T15:00:57+00:00\",\"dateModified\":\"2025-10-15T12:27:32+00:00\",\"description\":\"Tutustu Wasgij Date Night -palapeliin, jossa on 1000 kappaletta ja vieh\u00e4tt\u00e4v\u00e4 sarjakuvateema. Luo ikimuistoisia hetki\u00e4 pelatessasi! \ud83c\udf89\",\"breadcrumb\":{\"@id\":\"https:\\\/\\\/spelivinkki.fi\\\/tuote\\\/wasgij-mystery-date-night-palapeli\\\/#breadcrumb\"},\"inLanguage\":\"sv-SE\",\"potentialAction\":[{\"@type\":\"ReadAction\",\"target\":[\"https:\\\/\\\/spelivinkki.fi\\\/tuote\\\/wasgij-mystery-date-night-palapeli\\\/\"]}]},{\"@type\":\"ImageObject\",\"inLanguage\":\"sv-SE\",\"@id\":\"https:\\\/\\\/spelivinkki.fi\\\/tuote\\\/wasgij-mystery-date-night-palapeli\\\/#primaryimage\",\"url\":\"https:\\/\\/spelivinkki.fi\\/wp-content\\/uploads\\/2024\\/06\\/Wasgij_M_26_Date_Night_Tuotekuva-min.webp\",\"contentUrl\":\"https:\\/\\/spelivinkki.fi\\/wp-content\\/uploads\\/2024\\/06\\/Wasgij_M_26_Date_Night_Tuotekuva-min.webp\",\"width\":1000,\"height\":1000,\"caption\":\"Wasgij M 26 Date Night Tuotekuva min\"},{\"@type\":\"BreadcrumbList\",\"@id\":\"https:\\\/\\\/spelivinkki.fi\\\/tuote\\\/wasgij-mystery-date-night-palapeli\\\/#breadcrumb\",\"itemListElement\":[{\"@type\":\"ListItem\",\"position\":1,\"name\":\"Etusivu\",\"item\":\"https:\\\/\\\/spelivinkki.fi\\\/\"},{\"@type\":\"ListItem\",\"position\":2,\"name\":\"Tuotteet\",\"item\":\"https:\\\/\\\/spelivinkki.fi\\\/tuotteet\\\/\"},{\"@type\":\"ListItem\",\"position\":3,\"name\":\"Wasgij Mystery &#8211; Date Night! Palapeli\"}]},{\"@type\":\"WebSite\",\"@id\":\"https:\\\/\\\/spelivinkki.fi\\\/#website\",\"url\":\"https:\\\/\\\/spelivinkki.fi\\\/\",\"name\":\"Spelivinkki\",\"description\":\"Paraisten Lautapelikauppa\",\"publisher\":{\"@id\":\"https:\\\/\\\/spelivinkki.fi\\\/#organization\"},\"alternateName\":\"Spelivinkki Oy\",\"potentialAction\":[{\"@type\":\"SearchAction\",\"target\":{\"@type\":\"EntryPoint\",\"urlTemplate\":\"https:\\\/\\\/spelivinkki.fi\\\/?s={search_term_string}\"},\"query-input\":{\"@type\":\"PropertyValueSpecification\",\"valueRequired\":true,\"valueName\":\"search_term_string\"}}],\"inLanguage\":\"sv-SE\"},{\"@type\":\"Organization\",\"@id\":\"https:\\\/\\\/spelivinkki.fi\\\/#organization\",\"name\":\"Spelivinkki Oy\",\"alternateName\":\"Spelivinkki\",\"url\":\"https:\\\/\\\/spelivinkki.fi\\\/\",\"logo\":{\"@type\":\"ImageObject\",\"inLanguage\":\"sv-SE\",\"@id\":\"https:\\\/\\\/spelivinkki.fi\\\/#\\\/schema\\\/logo\\\/image\\\/\",\"url\":\"https:\\/\\/spelivinkki.fi\\/wp-content\\/uploads\\/2024\\/02\\/Logo.svg\",\"contentUrl\":\"https:\\/\\/spelivinkki.fi\\/wp-content\\/uploads\\/2024\\/02\\/Logo.svg\",\"width\":2176,\"height\":2323,\"caption\":\"Spelivinkki Oy\"},\"image\":{\"@id\":\"https:\\\/\\\/spelivinkki.fi\\\/#\\\/schema\\\/logo\\\/image\\\/\"},\"sameAs\":[\"https:\\\/\\\/www.facebook.com\\\/SpelivinkkiOy\\\/\",\"https:\\\/\\\/x.com\\\/SpelivinkkiOy\",\"https:\\\/\\\/www.instagram.com\\\/spelivinkkioy\\\/\"],\"description\":\"Spelivinkki Oy is a company operating both a brick-and-mortar store in Finland as well as a webshop online. We sell board games, roleplaying games, miniature wargames, logic puzzles, jigsaw puzzles and other things related to the boardgame hobby.\",\"email\":\"myynti@spelivinkki.fi\",\"telephone\":\"+358406486605\",\"legalName\":\"Spelivinkki Oy\",\"foundingDate\":\"2023-09-17\",\"vatID\":\"FI33904524\",\"numberOfEmployees\":{\"@type\":\"QuantitativeValue\",\"minValue\":\"1\",\"maxValue\":\"10\"},\"hasMerchantReturnPolicy\":{\"@type\":\"MerchantReturnPolicy\",\"merchantReturnLink\":\"https:\\\/\\\/spelivinkki.fi\\\/sv\\\/spelivinkin-vaihto-ja-palautusoikeus\\\/\"}}]}<\/script>\n<meta property=\"product:brand\" content=\"Jumbo\" \/>\n<meta property=\"product:price:amount\" content=\"16.00\" \/>\n<meta property=\"product:price:currency\" content=\"EUR\" \/>\n<meta property=\"og:availability\" content=\"instock\" \/>\n<meta property=\"product:availability\" content=\"instock\" \/>\n<meta property=\"product:retailer_item_id\" content=\"JUM100592\" \/>\n<meta property=\"product:condition\" content=\"new\" \/>\n<!-- \/ Yoast SEO Premium plugin. -->","yoast_head_json":{"title":"Wasgij Mystery - Date Night! Palapeli &#8211; Spelivinkki","description":"Tutustu Wasgij Date Night -palapeliin, jossa on 1000 kappaletta ja vieh\u00e4tt\u00e4v\u00e4 sarjakuvateema. Luo ikimuistoisia hetki\u00e4 pelatessasi! \ud83c\udf89","robots":{"index":"index","follow":"follow","max-snippet":"max-snippet:-1","max-image-preview":"max-image-preview:large","max-video-preview":"max-video-preview:-1"},"canonical":"https:\/\/spelivinkki.fi\/sv\/produkt\/wasgij-mystery-date-night-palapeli\/","og_locale":"sv_SE","og_type":"article","og_title":"Wasgij Mystery - Date Night! Palapeli","og_description":"Tutustu Wasgij Date Night -palapeliin, jossa on 1000 kappaletta ja vieh\u00e4tt\u00e4v\u00e4 sarjakuvateema. Luo ikimuistoisia hetki\u00e4 pelatessasi! \ud83c\udf89","og_url":"https:\/\/spelivinkki.fi\/sv\/produkt\/wasgij-mystery-date-night-palapeli\/","og_site_name":"Spelivinkki","article_publisher":"https:\/\/www.facebook.com\/SpelivinkkiOy\/","article_modified_time":"2025-10-15T12:27:32+00:00","og_image":[{"width":1000,"height":1000,"url":"https:\/\/mlw9zexfsyfr.i.optimole.com\/w:auto\/h:auto\/q:mauto\/ig:avif\/https:\/\/spelivinkki.fi\/wp-content\/uploads\/2024\/06\/Wasgij_M_26_Date_Night_Tuotekuva-min.webp","type":"image\/webp"}],"twitter_card":"summary_large_image","twitter_site":"@SpelivinkkiOy","twitter_misc":{"Pris":"16,00&nbsp;&euro;","Tillg\u00e4nglig":"I lager"},"schema":{"@context":"https:\/\/schema.org","@graph":[{"@type":"WebPage","@id":"https:\/\/spelivinkki.fi\/tuote\/wasgij-mystery-date-night-palapeli\/","url":"https:\/\/spelivinkki.fi\/tuote\/wasgij-mystery-date-night-palapeli\/","name":"Wasgij Mystery - Date Night! Palapeli &#8211; Spelivinkki","isPartOf":{"@id":"https:\/\/spelivinkki.fi\/#website"},"primaryImageOfPage":{"@id":"https:\/\/spelivinkki.fi\/tuote\/wasgij-mystery-date-night-palapeli\/#primaryimage"},"image":{"@id":"https:\/\/spelivinkki.fi\/tuote\/wasgij-mystery-date-night-palapeli\/#primaryimage"},"thumbnailUrl":"https:\/\/mlw9zexfsyfr.i.optimole.com\/w:auto\/h:auto\/q:mauto\/ig:avif\/https:\/\/spelivinkki.fi\/wp-content\/uploads\/2024\/06\/Wasgij_M_26_Date_Night_Tuotekuva-min.webp","datePublished":"2024-06-07T15:00:57+00:00","dateModified":"2025-10-15T12:27:32+00:00","description":"Tutustu Wasgij Date Night -palapeliin, jossa on 1000 kappaletta ja vieh\u00e4tt\u00e4v\u00e4 sarjakuvateema. Luo ikimuistoisia hetki\u00e4 pelatessasi! \ud83c\udf89","breadcrumb":{"@id":"https:\/\/spelivinkki.fi\/tuote\/wasgij-mystery-date-night-palapeli\/#breadcrumb"},"inLanguage":"sv-SE","potentialAction":[{"@type":"ReadAction","target":["https:\/\/spelivinkki.fi\/tuote\/wasgij-mystery-date-night-palapeli\/"]}]},{"@type":"ImageObject","inLanguage":"sv-SE","@id":"https:\/\/spelivinkki.fi\/tuote\/wasgij-mystery-date-night-palapeli\/#primaryimage","url":"https:\/\/mlw9zexfsyfr.i.optimole.com\/w:auto\/h:auto\/q:mauto\/ig:avif\/https:\/\/spelivinkki.fi\/wp-content\/uploads\/2024\/06\/Wasgij_M_26_Date_Night_Tuotekuva-min.webp","contentUrl":"https:\/\/mlw9zexfsyfr.i.optimole.com\/w:auto\/h:auto\/q:mauto\/ig:avif\/https:\/\/spelivinkki.fi\/wp-content\/uploads\/2024\/06\/Wasgij_M_26_Date_Night_Tuotekuva-min.webp","width":1000,"height":1000,"caption":"Wasgij M 26 Date Night Tuotekuva min"},{"@type":"BreadcrumbList","@id":"https:\/\/spelivinkki.fi\/tuote\/wasgij-mystery-date-night-palapeli\/#breadcrumb","itemListElement":[{"@type":"ListItem","position":1,"name":"Etusivu","item":"https:\/\/spelivinkki.fi\/"},{"@type":"ListItem","position":2,"name":"Tuotteet","item":"https:\/\/spelivinkki.fi\/tuotteet\/"},{"@type":"ListItem","position":3,"name":"Wasgij Mystery &#8211; Date Night! Palapeli"}]},{"@type":"WebSite","@id":"https:\/\/spelivinkki.fi\/#website","url":"https:\/\/spelivinkki.fi\/","name":"Spelivinkki","description":"Paraisten Lautapelikauppa","publisher":{"@id":"https:\/\/spelivinkki.fi\/#organization"},"alternateName":"Spelivinkki Oy","potentialAction":[{"@type":"SearchAction","target":{"@type":"EntryPoint","urlTemplate":"https:\/\/spelivinkki.fi\/?s={search_term_string}"},"query-input":{"@type":"PropertyValueSpecification","valueRequired":true,"valueName":"search_term_string"}}],"inLanguage":"sv-SE"},{"@type":"Organization","@id":"https:\/\/spelivinkki.fi\/#organization","name":"Spelivinkki Oy","alternateName":"Spelivinkki","url":"https:\/\/spelivinkki.fi\/","logo":{"@type":"ImageObject","inLanguage":"sv-SE","@id":"https:\/\/spelivinkki.fi\/#\/schema\/logo\/image\/","url":"https:\/\/mlw9zexfsyfr.i.optimole.com\/w:auto\/h:auto\/q:mauto\/ig:avif\/https:\/\/spelivinkki.fi\/wp-content\/uploads\/2024\/02\/Logo.svg","contentUrl":"https:\/\/mlw9zexfsyfr.i.optimole.com\/w:auto\/h:auto\/q:mauto\/ig:avif\/https:\/\/spelivinkki.fi\/wp-content\/uploads\/2024\/02\/Logo.svg","width":2176,"height":2323,"caption":"Spelivinkki Oy"},"image":{"@id":"https:\/\/spelivinkki.fi\/#\/schema\/logo\/image\/"},"sameAs":["https:\/\/www.facebook.com\/SpelivinkkiOy\/","https:\/\/x.com\/SpelivinkkiOy","https:\/\/www.instagram.com\/spelivinkkioy\/"],"description":"Spelivinkki Oy is a company operating both a brick-and-mortar store in Finland as well as a webshop online. We sell board games, roleplaying games, miniature wargames, logic puzzles, jigsaw puzzles and other things related to the boardgame hobby.","email":"myynti@spelivinkki.fi","telephone":"+358406486605","legalName":"Spelivinkki Oy","foundingDate":"2023-09-17","vatID":"FI33904524","numberOfEmployees":{"@type":"QuantitativeValue","minValue":"1","maxValue":"10"},"hasMerchantReturnPolicy":{"@type":"MerchantReturnPolicy","merchantReturnLink":"https:\/\/spelivinkki.fi\/sv\/spelivinkin-vaihto-ja-palautusoikeus\/"}}]},"product_brand":"Jumbo","product_price_amount":"16.00","product_price_currency":"EUR","og_availability":"instock","product_availability":"instock","product_retailer_item_id":"JUM100592","product_condition":"new"},"_links":{"self":[{"href":"https:\/\/spelivinkki.fi\/sv\/wp-json\/wp\/v2\/product\/6437","targetHints":{"allow":["GET"]}}],"collection":[{"href":"https:\/\/spelivinkki.fi\/sv\/wp-json\/wp\/v2\/product"}],"about":[{"href":"https:\/\/spelivinkki.fi\/sv\/wp-json\/wp\/v2\/types\/product"}],"wp:featuredmedia":[{"embeddable":true,"href":"https:\/\/spelivinkki.fi\/sv\/wp-json\/wp\/v2\/media\/6438"}],"wp:attachment":[{"href":"https:\/\/spelivinkki.fi\/sv\/wp-json\/wp\/v2\/media?parent=6437"}],"wp:term":[{"taxonomy":"product_brand","embeddable":true,"href":"https:\/\/spelivinkki.fi\/sv\/wp-json\/wp\/v2\/product_brand?post=6437"},{"taxonomy":"product_cat","embeddable":true,"href":"https:\/\/spelivinkki.fi\/sv\/wp-json\/wp\/v2\/product_cat?post=6437"},{"taxonomy":"product_tag","embeddable":true,"href":"https:\/\/spelivinkki.fi\/sv\/wp-json\/wp\/v2\/product_tag?post=6437"}],"curies":[{"name":"wp","href":"https:\/\/api.w.org\/{rel}","templated":true}]}}