{"id":6458,"date":"2024-06-07T14:48:08","date_gmt":"2024-06-07T14:48:08","guid":{"rendered":"https:\/\/spelivinkki.fi\/?post_type=product&#038;p=6458"},"modified":"2025-02-27T10:34:16","modified_gmt":"2025-02-27T10:34:16","slug":"shogun-big-box-en","status":"publish","type":"product","link":"https:\/\/spelivinkki.fi\/sv\/produkt\/shogun-big-box-en\/","title":{"rendered":"Shogun Big Box (EN)"},"content":{"rendered":"<p>Japan lever i den blodiga Sengoku-perioden. I sin roll som Daimyo regerar varje spelare \u00f6ver sina egna provinser. Denna avbildning av det k\u00e4nda inb\u00f6rdeskriget som kommer att avg\u00f6ra vem blir hela landets Shogun.<\/p>\n<p>I b\u00f6rjan av basspelet f\u00e5r spelarna reda p\u00e5 vilka omr\u00e5den de har kontroll \u00f6ver med hj\u00e4lp av omr\u00e5deskort. Dessa kan finnas var som helst runtom Japan, vilket betyder att spelarna genast har sv\u00e5ra val att g\u00f6ra. Det g\u00e4ller n\u00e4mligen att v\u00e4lja vilka omr\u00e5den de vill satsa p\u00e5 och vilka de \u00e4r beredda att offra till motspelarna f\u00f6r att f\u00e5 bra startpositioner. Dessutom m\u00e5ste var och en h\u00e5lla koll p\u00e5 att de kan producera tillr\u00e4ckligt guld och ris f\u00f6r att kunna bygga, rekrytera soldater och se till att det inte blir uppror i egna kontrollerade omr\u00e5den.<\/p>\n<p>N\u00e4r motst\u00e5ndares arm\u00e9er m\u00f6ts avg\u00f6rs krigets strider p\u00e5 ett unikt s\u00e4tt. B\u00e4gge spelare l\u00e4gger in sina egna soldatkuber i spelets speciella kubtorn. Den spelare vinner kampen, vars soldatkuber klarar sig genom tornet. Resten blir kvar och kan st\u00e4lla till med dramatiska sv\u00e4ngar i kommande strider. P\u00e5 detta s\u00e4tt har Dirk Henn \u00e5stadkommit en mer sp\u00e4nnande helhet \u00e4n vanliga t\u00e4rningskast.<\/p>\n<p>Spelet behandlar tv\u00e5 \u00e5r av tidsperioden i fr\u00e5ga. Efter det f\u00f6rsta \u00e5ret r\u00e4knar alla spelare po\u00e4ng innan spelet forts\u00e4tter tills den andra po\u00e4ngr\u00e4kningsfasen. Po\u00e4ng g\u00e5r att f\u00e5 f\u00f6r byggnader och omr\u00e5den. Att po\u00e4ngr\u00e4kningen sker i tv\u00e5 faser betyder att timing i s\u00e5v\u00e4l byggande som er\u00f6vringar spelar sin roll i Shogun.<\/p>\n<p>F\u00f6rutom basspelet inneh\u00e5ller Shogun Big Box fyra expansioner: Tenno's Court, Samurai, Military Leaders och Chambers. Dessa g\u00f6r spelet mer kr\u00e4vande ocks\u00e5 f\u00f6r vana spelhajar.<\/p>\n<h5><strong>Publisher description in English:<\/strong><\/h5>\n<p><em>Shogun Big Box includes the base game of Shogun, Tenno&#8217;s Court Expansion 1, Samurai Expansion Module 2, Military Leaders Expansion Module 3 and Chambers Expansion Module 4, with the latter three items being unique to this release.<\/em><\/p>\n<p><em>With Samurai, at the beginning of each round when you control provinces in at least four regions, you reveal a better card and pick a bonus from it. For this reason, the first card is de facto unused, and the rest provide you with either gold (2,4,6), rice (0,1,2), armies on the tray (1,2,3) or victory points (0,0,1).<\/em><\/p>\n<p><em>With Military Leaders, every player is given one military leader figure to place on one of their controlled counties. While performing actions in this county, they get extra benefits, such as costs of buildings are reduced by 1 or they earn one extra grain. At the end of a player&#8217;s turn, they then move the leader to an adjacent county under their control, leaving a marker at the old location. If a player cannot place the leader adjacent to their county, they have to move it to any of their controlled counties, not leaving a marker behind. The more markers you have on the board at the end of the game, the more points will be awarded!<\/em><\/p>\n<p><em>For Chambers, many offices have to be taken in order to rule the land. For each region there are several positions to be filled by the players. At the beginning of each round, six chamber markers are revealed and placed on the corresponding spaces on the chamber tableau. These six positions are available to be filled in each region by the players. Whoever has the most counties under their control in that region will fill the position and exchange the camber marker on the tableau with one of their own player markers. At the end of the game, players are awarded extra points for majorities in horizontal and vertical lines on the chamber tableau.<\/em><\/p>","protected":false},"excerpt":{"rendered":"<ul>\n<li><strong>Spelarm\u00e4ngd:<\/strong> 3-5 (<strong>B\u00e4sta m\u00e4ngden:<\/strong> 4-5)<\/li>\n<li><strong>Varaktighet:<\/strong> 120-150 min<\/li>\n<li><strong>\u00c5ldersrekommendation:<\/strong> 12+<\/li>\n<li><strong>Spr\u00e5k:<\/strong> Engelska<\/li>\n<li><strong>Genre:<\/strong> Strategi, Er\u00f6vring, Ekonomi, Omr\u00e5deskontroll<\/li>\n<li><strong>Tema:<\/strong> Samurai-krigare, Japan, Inb\u00f6rdeskrig<\/li>\n<li><strong>Passande Sleevy Kortskydd (ing\u00e5r ej!):<\/strong> 166 kpl Small storlek<\/li>\n<li><strong>Utveckling:<\/strong> Dirk Henn<\/li>\n<li><strong>Utgivare:<\/strong> Queen Games<\/li>\n<\/ul>","protected":false},"featured_media":6459,"template":"","meta":{"site-sidebar-layout":"default","site-content-layout":"","ast-site-content-layout":"default","site-content-style":"default","site-sidebar-style":"default","ast-global-header-display":"","ast-banner-title-visibility":"","ast-main-header-display":"","ast-hfb-above-header-display":"","ast-hfb-below-header-display":"","ast-hfb-mobile-header-display":"","site-post-title":"","ast-breadcrumbs-content":"","ast-featured-img":"","footer-sml-layout":"","ast-disable-related-posts":"","theme-transparent-header-meta":"default","adv-header-id-meta":"","stick-header-meta":"","header-above-stick-meta":"","header-main-stick-meta":"","header-below-stick-meta":"","astra-migrate-meta-layouts":"set","ast-page-background-enabled":"default","ast-page-background-meta":{"desktop":{"background-color":"","background-image":"","background-repeat":"repeat","background-position":"center center","background-size":"auto","background-attachment":"scroll","background-type":"","background-media":"","overlay-type":"","overlay-color":"","overlay-opacity":"","overlay-gradient":""},"tablet":{"background-color":"","background-image":"","background-repeat":"repeat","background-position":"center center","background-size":"auto","background-attachment":"scroll","background-type":"","background-media":"","overlay-type":"","overlay-color":"","overlay-opacity":"","overlay-gradient":""},"mobile":{"background-color":"","background-image":"","background-repeat":"repeat","background-position":"center center","background-size":"auto","background-attachment":"scroll","background-type":"","background-media":"","overlay-type":"","overlay-color":"","overlay-opacity":"","overlay-gradient":""}},"ast-content-background-meta":{"desktop":{"background-color":"var(--ast-global-color-5)","background-image":"","background-repeat":"repeat","background-position":"center center","background-size":"auto","background-attachment":"scroll","background-type":"","background-media":"","overlay-type":"","overlay-color":"","overlay-opacity":"","overlay-gradient":""},"tablet":{"background-color":"var(--ast-global-color-5)","background-image":"","background-repeat":"repeat","background-position":"center center","background-size":"auto","background-attachment":"scroll","background-type":"","background-media":"","overlay-type":"","overlay-color":"","overlay-opacity":"","overlay-gradient":""},"mobile":{"background-color":"var(--ast-global-color-5)","background-image":"","background-repeat":"repeat","background-position":"center center","background-size":"auto","background-attachment":"scroll","background-type":"","background-media":"","overlay-type":"","overlay-color":"","overlay-opacity":"","overlay-gradient":""}}},"product_brand":[1106],"product_cat":[16,45,280],"product_tag":[1108,1049,1058,1047],"class_list":{"0":"post-6458","1":"product","2":"type-product","3":"status-publish","4":"has-post-thumbnail","6":"product_brand-queen-games","7":"product_cat-kaikki","8":"product_cat-strategiapelit","9":"product_cat-valloitus-ja-politiikka","10":"product_tag-dirk-henn","11":"product_tag-englanninkieliset-pelit","12":"product_tag-europeli","13":"product_tag-peruspeli","14":"product_shipping_class-big3","15":"desktop-align-center","16":"tablet-align-center","17":"mobile-align-center","19":"first","20":"instock","21":"taxable","22":"shipping-taxable","23":"purchasable","24":"product-type-simple"},"yoast_head":"<!-- This site is optimized with the Yoast SEO Premium plugin v27.3 (Yoast SEO v27.4) - https:\/\/yoast.com\/product\/yoast-seo-premium-wordpress\/ -->\n<title>Shogun Big Box (EN) &#8211; Spelivinkki<\/title>\n<meta name=\"description\" content=\"Hallitse omaa valtakuntaasi Sengoku-kauden sis\u00e4llissodassa ja tule Japanin hallitsevaksi Shoguniksi! Liity peliin ja koe ainutlaatuiset taistelut!\" \/>\n<meta name=\"robots\" content=\"index, follow, max-snippet:-1, max-image-preview:large, max-video-preview:-1\" \/>\n<link rel=\"canonical\" href=\"https:\/\/spelivinkki.fi\/sv\/produkt\/shogun-big-box-en\/\" \/>\n<meta property=\"og:locale\" content=\"sv_SE\" \/>\n<meta property=\"og:type\" content=\"article\" \/>\n<meta property=\"og:title\" content=\"Shogun Big Box (EN)\" \/>\n<meta property=\"og:description\" content=\"Hallitse omaa valtakuntaasi Sengoku-kauden sis\u00e4llissodassa ja tule Japanin hallitsevaksi Shoguniksi! Liity peliin ja koe ainutlaatuiset taistelut!\" \/>\n<meta property=\"og:url\" content=\"https:\/\/spelivinkki.fi\/sv\/produkt\/shogun-big-box-en\/\" \/>\n<meta property=\"og:site_name\" content=\"Spelivinkki\" \/>\n<meta property=\"article:publisher\" content=\"https:\/\/www.facebook.com\/SpelivinkkiOy\/\" \/>\n<meta property=\"article:modified_time\" content=\"2025-02-27T10:34:16+00:00\" \/>\n<meta property=\"og:image\" content=\"https:\/\/mlw9zexfsyfr.i.optimole.com\/w:auto\/h:auto\/q:mauto\/ig:avif\/https:\/\/spelivinkki.fi\/wp-content\/uploads\/2024\/06\/Shogun_Big_Box_Tuotekuva-min.webp\" \/>\n\t<meta property=\"og:image:width\" content=\"1000\" \/>\n\t<meta property=\"og:image:height\" content=\"1000\" \/>\n\t<meta property=\"og:image:type\" content=\"image\/webp\" \/>\n<meta name=\"twitter:card\" content=\"summary_large_image\" \/>\n<meta name=\"twitter:site\" content=\"@SpelivinkkiOy\" \/>\n<meta name=\"twitter:label1\" content=\"Pris\" \/>\n\t<meta name=\"twitter:data1\" content=\"145,00&nbsp;&euro;\" \/>\n\t<meta name=\"twitter:label2\" content=\"Tillg\u00e4nglig\" \/>\n\t<meta name=\"twitter:data2\" content=\"I lager\" \/>\n<script type=\"application\/ld+json\" class=\"yoast-schema-graph\">{\"@context\":\"https:\\\/\\\/schema.org\",\"@graph\":[{\"@type\":\"WebPage\",\"@id\":\"https:\\\/\\\/spelivinkki.fi\\\/tuote\\\/shogun-big-box-en\\\/\",\"url\":\"https:\\\/\\\/spelivinkki.fi\\\/tuote\\\/shogun-big-box-en\\\/\",\"name\":\"Shogun Big Box (EN) &#8211; Spelivinkki\",\"isPartOf\":{\"@id\":\"https:\\\/\\\/spelivinkki.fi\\\/#website\"},\"primaryImageOfPage\":{\"@id\":\"https:\\\/\\\/spelivinkki.fi\\\/tuote\\\/shogun-big-box-en\\\/#primaryimage\"},\"image\":{\"@id\":\"https:\\\/\\\/spelivinkki.fi\\\/tuote\\\/shogun-big-box-en\\\/#primaryimage\"},\"thumbnailUrl\":\"https:\\/\\/spelivinkki.fi\\/wp-content\\/uploads\\/2024\\/06\\/Shogun_Big_Box_Tuotekuva-min.webp\",\"datePublished\":\"2024-06-07T14:48:08+00:00\",\"dateModified\":\"2025-02-27T10:34:16+00:00\",\"description\":\"Hallitse omaa valtakuntaasi Sengoku-kauden sis\u00e4llissodassa ja tule Japanin hallitsevaksi Shoguniksi! Liity peliin ja koe ainutlaatuiset taistelut!\",\"breadcrumb\":{\"@id\":\"https:\\\/\\\/spelivinkki.fi\\\/tuote\\\/shogun-big-box-en\\\/#breadcrumb\"},\"inLanguage\":\"sv-SE\",\"potentialAction\":[{\"@type\":\"ReadAction\",\"target\":[\"https:\\\/\\\/spelivinkki.fi\\\/tuote\\\/shogun-big-box-en\\\/\"]}]},{\"@type\":\"ImageObject\",\"inLanguage\":\"sv-SE\",\"@id\":\"https:\\\/\\\/spelivinkki.fi\\\/tuote\\\/shogun-big-box-en\\\/#primaryimage\",\"url\":\"https:\\/\\/spelivinkki.fi\\/wp-content\\/uploads\\/2024\\/06\\/Shogun_Big_Box_Tuotekuva-min.webp\",\"contentUrl\":\"https:\\/\\/spelivinkki.fi\\/wp-content\\/uploads\\/2024\\/06\\/Shogun_Big_Box_Tuotekuva-min.webp\",\"width\":1000,\"height\":1000,\"caption\":\"Shogun Big Box Tuotekuva min\"},{\"@type\":\"BreadcrumbList\",\"@id\":\"https:\\\/\\\/spelivinkki.fi\\\/tuote\\\/shogun-big-box-en\\\/#breadcrumb\",\"itemListElement\":[{\"@type\":\"ListItem\",\"position\":1,\"name\":\"Etusivu\",\"item\":\"https:\\\/\\\/spelivinkki.fi\\\/\"},{\"@type\":\"ListItem\",\"position\":2,\"name\":\"Tuotteet\",\"item\":\"https:\\\/\\\/spelivinkki.fi\\\/tuotteet\\\/\"},{\"@type\":\"ListItem\",\"position\":3,\"name\":\"Shogun Big Box (EN)\"}]},{\"@type\":\"WebSite\",\"@id\":\"https:\\\/\\\/spelivinkki.fi\\\/#website\",\"url\":\"https:\\\/\\\/spelivinkki.fi\\\/\",\"name\":\"Spelivinkki\",\"description\":\"Paraisten Lautapelikauppa\",\"publisher\":{\"@id\":\"https:\\\/\\\/spelivinkki.fi\\\/#organization\"},\"alternateName\":\"Spelivinkki Oy\",\"potentialAction\":[{\"@type\":\"SearchAction\",\"target\":{\"@type\":\"EntryPoint\",\"urlTemplate\":\"https:\\\/\\\/spelivinkki.fi\\\/?s={search_term_string}\"},\"query-input\":{\"@type\":\"PropertyValueSpecification\",\"valueRequired\":true,\"valueName\":\"search_term_string\"}}],\"inLanguage\":\"sv-SE\"},{\"@type\":\"Organization\",\"@id\":\"https:\\\/\\\/spelivinkki.fi\\\/#organization\",\"name\":\"Spelivinkki Oy\",\"alternateName\":\"Spelivinkki\",\"url\":\"https:\\\/\\\/spelivinkki.fi\\\/\",\"logo\":{\"@type\":\"ImageObject\",\"inLanguage\":\"sv-SE\",\"@id\":\"https:\\\/\\\/spelivinkki.fi\\\/#\\\/schema\\\/logo\\\/image\\\/\",\"url\":\"https:\\/\\/spelivinkki.fi\\/wp-content\\/uploads\\/2024\\/02\\/Logo.svg\",\"contentUrl\":\"https:\\/\\/spelivinkki.fi\\/wp-content\\/uploads\\/2024\\/02\\/Logo.svg\",\"width\":2176,\"height\":2323,\"caption\":\"Spelivinkki Oy\"},\"image\":{\"@id\":\"https:\\\/\\\/spelivinkki.fi\\\/#\\\/schema\\\/logo\\\/image\\\/\"},\"sameAs\":[\"https:\\\/\\\/www.facebook.com\\\/SpelivinkkiOy\\\/\",\"https:\\\/\\\/x.com\\\/SpelivinkkiOy\",\"https:\\\/\\\/www.instagram.com\\\/spelivinkkioy\\\/\"],\"description\":\"Spelivinkki Oy is a company operating both a brick-and-mortar store in Finland as well as a webshop online. We sell board games, roleplaying games, miniature wargames, logic puzzles, jigsaw puzzles and other things related to the boardgame hobby.\",\"email\":\"myynti@spelivinkki.fi\",\"telephone\":\"+358406486605\",\"legalName\":\"Spelivinkki Oy\",\"foundingDate\":\"2023-09-17\",\"vatID\":\"FI33904524\",\"numberOfEmployees\":{\"@type\":\"QuantitativeValue\",\"minValue\":\"1\",\"maxValue\":\"10\"},\"hasMerchantReturnPolicy\":{\"@type\":\"MerchantReturnPolicy\",\"merchantReturnLink\":\"https:\\\/\\\/spelivinkki.fi\\\/sv\\\/spelivinkin-vaihto-ja-palautusoikeus\\\/\"}}]}<\/script>\n<meta property=\"product:brand\" content=\"Queen Games\" \/>\n<meta property=\"product:price:amount\" content=\"145.00\" \/>\n<meta property=\"product:price:currency\" content=\"EUR\" \/>\n<meta property=\"og:availability\" content=\"instock\" \/>\n<meta property=\"product:availability\" content=\"instock\" \/>\n<meta property=\"product:retailer_item_id\" content=\"Shogun_Big_Box\" \/>\n<meta property=\"product:condition\" content=\"new\" \/>\n<!-- \/ Yoast SEO Premium plugin. -->","yoast_head_json":{"title":"Shogun Big Box (EN) &#8211; Spelivinkki","description":"Hallitse omaa valtakuntaasi Sengoku-kauden sis\u00e4llissodassa ja tule Japanin hallitsevaksi Shoguniksi! Liity peliin ja koe ainutlaatuiset taistelut!","robots":{"index":"index","follow":"follow","max-snippet":"max-snippet:-1","max-image-preview":"max-image-preview:large","max-video-preview":"max-video-preview:-1"},"canonical":"https:\/\/spelivinkki.fi\/sv\/produkt\/shogun-big-box-en\/","og_locale":"sv_SE","og_type":"article","og_title":"Shogun Big Box (EN)","og_description":"Hallitse omaa valtakuntaasi Sengoku-kauden sis\u00e4llissodassa ja tule Japanin hallitsevaksi Shoguniksi! Liity peliin ja koe ainutlaatuiset taistelut!","og_url":"https:\/\/spelivinkki.fi\/sv\/produkt\/shogun-big-box-en\/","og_site_name":"Spelivinkki","article_publisher":"https:\/\/www.facebook.com\/SpelivinkkiOy\/","article_modified_time":"2025-02-27T10:34:16+00:00","og_image":[{"width":1000,"height":1000,"url":"https:\/\/mlw9zexfsyfr.i.optimole.com\/w:auto\/h:auto\/q:mauto\/ig:avif\/https:\/\/spelivinkki.fi\/wp-content\/uploads\/2024\/06\/Shogun_Big_Box_Tuotekuva-min.webp","type":"image\/webp"}],"twitter_card":"summary_large_image","twitter_site":"@SpelivinkkiOy","twitter_misc":{"Pris":"145,00&nbsp;&euro;","Tillg\u00e4nglig":"I lager"},"schema":{"@context":"https:\/\/schema.org","@graph":[{"@type":"WebPage","@id":"https:\/\/spelivinkki.fi\/tuote\/shogun-big-box-en\/","url":"https:\/\/spelivinkki.fi\/tuote\/shogun-big-box-en\/","name":"Shogun Big Box (EN) &#8211; Spelivinkki","isPartOf":{"@id":"https:\/\/spelivinkki.fi\/#website"},"primaryImageOfPage":{"@id":"https:\/\/spelivinkki.fi\/tuote\/shogun-big-box-en\/#primaryimage"},"image":{"@id":"https:\/\/spelivinkki.fi\/tuote\/shogun-big-box-en\/#primaryimage"},"thumbnailUrl":"https:\/\/mlw9zexfsyfr.i.optimole.com\/w:auto\/h:auto\/q:mauto\/ig:avif\/https:\/\/spelivinkki.fi\/wp-content\/uploads\/2024\/06\/Shogun_Big_Box_Tuotekuva-min.webp","datePublished":"2024-06-07T14:48:08+00:00","dateModified":"2025-02-27T10:34:16+00:00","description":"Hallitse omaa valtakuntaasi Sengoku-kauden sis\u00e4llissodassa ja tule Japanin hallitsevaksi Shoguniksi! Liity peliin ja koe ainutlaatuiset taistelut!","breadcrumb":{"@id":"https:\/\/spelivinkki.fi\/tuote\/shogun-big-box-en\/#breadcrumb"},"inLanguage":"sv-SE","potentialAction":[{"@type":"ReadAction","target":["https:\/\/spelivinkki.fi\/tuote\/shogun-big-box-en\/"]}]},{"@type":"ImageObject","inLanguage":"sv-SE","@id":"https:\/\/spelivinkki.fi\/tuote\/shogun-big-box-en\/#primaryimage","url":"https:\/\/mlw9zexfsyfr.i.optimole.com\/w:auto\/h:auto\/q:mauto\/ig:avif\/https:\/\/spelivinkki.fi\/wp-content\/uploads\/2024\/06\/Shogun_Big_Box_Tuotekuva-min.webp","contentUrl":"https:\/\/mlw9zexfsyfr.i.optimole.com\/w:auto\/h:auto\/q:mauto\/ig:avif\/https:\/\/spelivinkki.fi\/wp-content\/uploads\/2024\/06\/Shogun_Big_Box_Tuotekuva-min.webp","width":1000,"height":1000,"caption":"Shogun Big Box Tuotekuva min"},{"@type":"BreadcrumbList","@id":"https:\/\/spelivinkki.fi\/tuote\/shogun-big-box-en\/#breadcrumb","itemListElement":[{"@type":"ListItem","position":1,"name":"Etusivu","item":"https:\/\/spelivinkki.fi\/"},{"@type":"ListItem","position":2,"name":"Tuotteet","item":"https:\/\/spelivinkki.fi\/tuotteet\/"},{"@type":"ListItem","position":3,"name":"Shogun Big Box (EN)"}]},{"@type":"WebSite","@id":"https:\/\/spelivinkki.fi\/#website","url":"https:\/\/spelivinkki.fi\/","name":"Spelivinkki","description":"Paraisten Lautapelikauppa","publisher":{"@id":"https:\/\/spelivinkki.fi\/#organization"},"alternateName":"Spelivinkki Oy","potentialAction":[{"@type":"SearchAction","target":{"@type":"EntryPoint","urlTemplate":"https:\/\/spelivinkki.fi\/?s={search_term_string}"},"query-input":{"@type":"PropertyValueSpecification","valueRequired":true,"valueName":"search_term_string"}}],"inLanguage":"sv-SE"},{"@type":"Organization","@id":"https:\/\/spelivinkki.fi\/#organization","name":"Spelivinkki Oy","alternateName":"Spelivinkki","url":"https:\/\/spelivinkki.fi\/","logo":{"@type":"ImageObject","inLanguage":"sv-SE","@id":"https:\/\/spelivinkki.fi\/#\/schema\/logo\/image\/","url":"https:\/\/mlw9zexfsyfr.i.optimole.com\/w:auto\/h:auto\/q:mauto\/ig:avif\/https:\/\/spelivinkki.fi\/wp-content\/uploads\/2024\/02\/Logo.svg","contentUrl":"https:\/\/mlw9zexfsyfr.i.optimole.com\/w:auto\/h:auto\/q:mauto\/ig:avif\/https:\/\/spelivinkki.fi\/wp-content\/uploads\/2024\/02\/Logo.svg","width":2176,"height":2323,"caption":"Spelivinkki Oy"},"image":{"@id":"https:\/\/spelivinkki.fi\/#\/schema\/logo\/image\/"},"sameAs":["https:\/\/www.facebook.com\/SpelivinkkiOy\/","https:\/\/x.com\/SpelivinkkiOy","https:\/\/www.instagram.com\/spelivinkkioy\/"],"description":"Spelivinkki Oy is a company operating both a brick-and-mortar store in Finland as well as a webshop online. We sell board games, roleplaying games, miniature wargames, logic puzzles, jigsaw puzzles and other things related to the boardgame hobby.","email":"myynti@spelivinkki.fi","telephone":"+358406486605","legalName":"Spelivinkki Oy","foundingDate":"2023-09-17","vatID":"FI33904524","numberOfEmployees":{"@type":"QuantitativeValue","minValue":"1","maxValue":"10"},"hasMerchantReturnPolicy":{"@type":"MerchantReturnPolicy","merchantReturnLink":"https:\/\/spelivinkki.fi\/sv\/spelivinkin-vaihto-ja-palautusoikeus\/"}}]},"product_brand":"Queen Games","product_price_amount":"145.00","product_price_currency":"EUR","og_availability":"instock","product_availability":"instock","product_retailer_item_id":"Shogun_Big_Box","product_condition":"new"},"_links":{"self":[{"href":"https:\/\/spelivinkki.fi\/sv\/wp-json\/wp\/v2\/product\/6458","targetHints":{"allow":["GET"]}}],"collection":[{"href":"https:\/\/spelivinkki.fi\/sv\/wp-json\/wp\/v2\/product"}],"about":[{"href":"https:\/\/spelivinkki.fi\/sv\/wp-json\/wp\/v2\/types\/product"}],"wp:featuredmedia":[{"embeddable":true,"href":"https:\/\/spelivinkki.fi\/sv\/wp-json\/wp\/v2\/media\/6459"}],"wp:attachment":[{"href":"https:\/\/spelivinkki.fi\/sv\/wp-json\/wp\/v2\/media?parent=6458"}],"wp:term":[{"taxonomy":"product_brand","embeddable":true,"href":"https:\/\/spelivinkki.fi\/sv\/wp-json\/wp\/v2\/product_brand?post=6458"},{"taxonomy":"product_cat","embeddable":true,"href":"https:\/\/spelivinkki.fi\/sv\/wp-json\/wp\/v2\/product_cat?post=6458"},{"taxonomy":"product_tag","embeddable":true,"href":"https:\/\/spelivinkki.fi\/sv\/wp-json\/wp\/v2\/product_tag?post=6458"}],"curies":[{"name":"wp","href":"https:\/\/api.w.org\/{rel}","templated":true}]}}