{"id":6469,"date":"2024-06-07T14:53:38","date_gmt":"2024-06-07T14:53:38","guid":{"rendered":"https:\/\/spelivinkki.fi\/?post_type=product&#038;p=6469"},"modified":"2025-03-20T17:41:13","modified_gmt":"2025-03-20T17:41:13","slug":"the-quacks-of-quedlinburg-raavelin-rohtotohtorit-the-alchemists-lisaosa-en","status":"publish","type":"product","link":"https:\/\/spelivinkki.fi\/sv\/produkt\/the-quacks-of-quedlinburg-raavelin-rohtotohtorit-the-alchemists-lisaosa-en\/","title":{"rendered":"The Quacks of Quedlinburg (R\u00e4\u00e4velin Rohtotohtorit) \u2013 The  Alchemists Expansion (EN)"},"content":{"rendered":"<p>The Achemists expansionen ger Quedlinburgs kvacksalvare fler ingredienser att l\u00e4ka med och ger varje spelare sin egen destillationskolv som kan ge bonuseffekter d\u00e5 vissa krav uppfylls. Dessutom lider Quedlinburgs inv\u00e5nare av sjukdomar och mardr\u00f6mmar som kvacksalvarna ska f\u00f6rs\u00f6ka bota. Expansionen passar ihop med basspelet och\/eller Herb Witches expansionen. Herb Witches nya ingrediens f\u00e5r ocks\u00e5 nya ingrediensb\u00f6cker med denna expansion.<\/p>\n<p>Expansionen \u00e4r tillg\u00e4nglig endast p\u00e5 engelska.<\/p>\n<h6><strong>Publisher description in English:<\/strong><\/h6>\n<p><em>Word has since spread far beyond the city boundaries of the alchemists of Quedlinburg. Their healing arts are as famous as they are infamous. People come from far and wide to have their at times exotic conditions treated by a \u201cprofessional.\u201d Chicken eyes, a witch\u2019s hump, and even vampirism (often misdiagnosed as polymorphous light eruption) are just afew of their ailments. The very best from among their ranks are needed:the alchemists of Quedlinburg take on the most complex cases in quack medicine. They use elaborate equipment to distill essences to relieve their patients\u2019 suffering. Distilling earns players valuable bonuses andspecial functions that yield additional advantages as the game progresses. This game extension includes 20 new fortune teller cards and two new ingredient books for the locoweed.<\/em><\/p>","protected":false},"excerpt":{"rendered":"<p><strong>OBS!<\/strong> Detta \u00e4r en expansion som beh\u00f6ver Quacks of Quedlinburg (R\u00e4\u00e4velin Rohtotohtorit\/Kvacksalvare) basspelet f\u00f6r att spelas!<\/p>\n<ul>\n<li><strong>Spelarm\u00e4ngd:<\/strong> 2-4 eller 5 om ni har Herb Witches expansionen ocks\u00e5 (<strong>B\u00e4sta m\u00e4ngden:<\/strong> 4 eller 5 med Herb Witches)<\/li>\n<li><strong>Varaktighet:<\/strong> 45 min<\/li>\n<li><strong>\u00c5ldersrekommendation:<\/strong> 10+<\/li>\n<li><strong>Spr\u00e5k:<\/strong> Engelska<\/li>\n<li><strong>Genre:<\/strong> Pr\u00f6va din tur, Kortleksbyggande (egentligen p\u00e5sbyggnad), Sannolikhet, varierande b\u00f6rjan<\/li>\n<li><strong>Tema:<\/strong> Kvacksalvare<\/li>\n<li><strong>Utveckling:<\/strong> Wolfgang Warsch<\/li>\n<li><strong>Utgivare:<\/strong> Schmidt Spiele \/ Spilbraet.dk<\/li>\n<\/ul>","protected":false},"featured_media":6470,"template":"","meta":{"site-sidebar-layout":"default","site-content-layout":"","ast-site-content-layout":"default","site-content-style":"default","site-sidebar-style":"default","ast-global-header-display":"","ast-banner-title-visibility":"","ast-main-header-display":"","ast-hfb-above-header-display":"","ast-hfb-below-header-display":"","ast-hfb-mobile-header-display":"","site-post-title":"","ast-breadcrumbs-content":"","ast-featured-img":"","footer-sml-layout":"","ast-disable-related-posts":"","theme-transparent-header-meta":"default","adv-header-id-meta":"","stick-header-meta":"","header-above-stick-meta":"","header-main-stick-meta":"","header-below-stick-meta":"","astra-migrate-meta-layouts":"set","ast-page-background-enabled":"default","ast-page-background-meta":{"desktop":{"background-color":"","background-image":"","background-repeat":"repeat","background-position":"center center","background-size":"auto","background-attachment":"scroll","background-type":"","background-media":"","overlay-type":"","overlay-color":"","overlay-opacity":"","overlay-gradient":""},"tablet":{"background-color":"","background-image":"","background-repeat":"repeat","background-position":"center center","background-size":"auto","background-attachment":"scroll","background-type":"","background-media":"","overlay-type":"","overlay-color":"","overlay-opacity":"","overlay-gradient":""},"mobile":{"background-color":"","background-image":"","background-repeat":"repeat","background-position":"center center","background-size":"auto","background-attachment":"scroll","background-type":"","background-media":"","overlay-type":"","overlay-color":"","overlay-opacity":"","overlay-gradient":""}},"ast-content-background-meta":{"desktop":{"background-color":"var(--ast-global-color-5)","background-image":"","background-repeat":"repeat","background-position":"center center","background-size":"auto","background-attachment":"scroll","background-type":"","background-media":"","overlay-type":"","overlay-color":"","overlay-opacity":"","overlay-gradient":""},"tablet":{"background-color":"var(--ast-global-color-5)","background-image":"","background-repeat":"repeat","background-position":"center center","background-size":"auto","background-attachment":"scroll","background-type":"","background-media":"","overlay-type":"","overlay-color":"","overlay-opacity":"","overlay-gradient":""},"mobile":{"background-color":"var(--ast-global-color-5)","background-image":"","background-repeat":"repeat","background-position":"center center","background-size":"auto","background-attachment":"scroll","background-type":"","background-media":"","overlay-type":"","overlay-color":"","overlay-opacity":"","overlay-gradient":""}}},"product_brand":[1163],"product_cat":[16,279,45],"product_tag":[1049,1058,1115,1186,1164],"class_list":{"0":"post-6469","1":"product","2":"type-product","3":"status-publish","4":"has-post-thumbnail","6":"product_brand-schmidt-spiele","7":"product_cat-kaikki","8":"product_cat-pakanrakennus","9":"product_cat-strategiapelit","10":"product_tag-englanninkieliset-pelit","11":"product_tag-europeli","12":"product_tag-lisaosa","13":"product_tag-quacks-pelisarja","14":"product_tag-wolfgang-warsch","15":"product_shipping_class-standard2","16":"desktop-align-center","17":"tablet-align-center","18":"mobile-align-center","20":"first","21":"instock","22":"taxable","23":"shipping-taxable","24":"purchasable","25":"product-type-simple"},"yoast_head":"<!-- This site is optimized with the Yoast SEO Premium plugin v27.3 (Yoast SEO v27.4) - https:\/\/yoast.com\/product\/yoast-seo-premium-wordpress\/ -->\n<title>The Quacks of Quedlinburg (R\u00e4\u00e4velin Rohtotohtorit) - The Alchemists Lis\u00e4osa (EN) &#8211; Spelivinkki<\/title>\n<meta name=\"description\" content=\"Laajenna R\u00e4\u00e4velin Rohtotohtorit-peli\u00e4 Alchemists-lis\u00e4osalla! Ylelliset bonusvaikutukset, uudet aineskirjat ja lis\u00e4haasteita odottavat sinua. Pelaa nyt!\" \/>\n<meta name=\"robots\" content=\"index, follow, max-snippet:-1, max-image-preview:large, max-video-preview:-1\" \/>\n<link rel=\"canonical\" href=\"https:\/\/spelivinkki.fi\/sv\/produkt\/the-quacks-of-quedlinburg-raavelin-rohtotohtorit-the-alchemists-lisaosa-en\/\" \/>\n<meta property=\"og:locale\" content=\"sv_SE\" \/>\n<meta property=\"og:type\" content=\"article\" \/>\n<meta property=\"og:title\" content=\"The Quacks of Quedlinburg (R\u00e4\u00e4velin Rohtotohtorit) - The Alchemists Lis\u00e4osa (EN)\" \/>\n<meta property=\"og:description\" content=\"Laajenna R\u00e4\u00e4velin Rohtotohtorit-peli\u00e4 Alchemists-lis\u00e4osalla! Ylelliset bonusvaikutukset, uudet aineskirjat ja lis\u00e4haasteita odottavat sinua. Pelaa nyt!\" \/>\n<meta property=\"og:url\" content=\"https:\/\/spelivinkki.fi\/sv\/produkt\/the-quacks-of-quedlinburg-raavelin-rohtotohtorit-the-alchemists-lisaosa-en\/\" \/>\n<meta property=\"og:site_name\" content=\"Spelivinkki\" \/>\n<meta property=\"article:publisher\" content=\"https:\/\/www.facebook.com\/SpelivinkkiOy\/\" \/>\n<meta property=\"article:modified_time\" content=\"2025-03-20T17:41:13+00:00\" \/>\n<meta property=\"og:image\" content=\"https:\/\/mlw9zexfsyfr.i.optimole.com\/w:auto\/h:auto\/q:mauto\/ig:avif\/https:\/\/spelivinkki.fi\/wp-content\/uploads\/2024\/06\/Quacks_EN_Alchemists_Tuotekuva-min.webp\" \/>\n\t<meta property=\"og:image:width\" content=\"512\" \/>\n\t<meta property=\"og:image:height\" content=\"512\" \/>\n\t<meta property=\"og:image:type\" content=\"image\/webp\" \/>\n<meta name=\"twitter:card\" content=\"summary_large_image\" \/>\n<meta name=\"twitter:site\" content=\"@SpelivinkkiOy\" \/>\n<meta name=\"twitter:label1\" content=\"Pris\" \/>\n\t<meta name=\"twitter:data1\" content=\"25,00&nbsp;&euro;\" \/>\n\t<meta name=\"twitter:label2\" content=\"Tillg\u00e4nglig\" \/>\n\t<meta name=\"twitter:data2\" content=\"I lager\" \/>\n<script type=\"application\/ld+json\" class=\"yoast-schema-graph\">{\"@context\":\"https:\\\/\\\/schema.org\",\"@graph\":[{\"@type\":\"WebPage\",\"@id\":\"https:\\\/\\\/spelivinkki.fi\\\/tuote\\\/the-quacks-of-quedlinburg-raavelin-rohtotohtorit-the-alchemists-lisaosa-en\\\/\",\"url\":\"https:\\\/\\\/spelivinkki.fi\\\/tuote\\\/the-quacks-of-quedlinburg-raavelin-rohtotohtorit-the-alchemists-lisaosa-en\\\/\",\"name\":\"The Quacks of Quedlinburg (R\u00e4\u00e4velin Rohtotohtorit) - The Alchemists Lis\u00e4osa (EN) &#8211; Spelivinkki\",\"isPartOf\":{\"@id\":\"https:\\\/\\\/spelivinkki.fi\\\/#website\"},\"primaryImageOfPage\":{\"@id\":\"https:\\\/\\\/spelivinkki.fi\\\/tuote\\\/the-quacks-of-quedlinburg-raavelin-rohtotohtorit-the-alchemists-lisaosa-en\\\/#primaryimage\"},\"image\":{\"@id\":\"https:\\\/\\\/spelivinkki.fi\\\/tuote\\\/the-quacks-of-quedlinburg-raavelin-rohtotohtorit-the-alchemists-lisaosa-en\\\/#primaryimage\"},\"thumbnailUrl\":\"https:\\/\\/spelivinkki.fi\\/wp-content\\/uploads\\/2024\\/06\\/Quacks_EN_Alchemists_Tuotekuva-min.webp\",\"datePublished\":\"2024-06-07T14:53:38+00:00\",\"dateModified\":\"2025-03-20T17:41:13+00:00\",\"description\":\"Laajenna R\u00e4\u00e4velin Rohtotohtorit-peli\u00e4 Alchemists-lis\u00e4osalla! Ylelliset bonusvaikutukset, uudet aineskirjat ja lis\u00e4haasteita odottavat sinua. Pelaa nyt!\",\"breadcrumb\":{\"@id\":\"https:\\\/\\\/spelivinkki.fi\\\/tuote\\\/the-quacks-of-quedlinburg-raavelin-rohtotohtorit-the-alchemists-lisaosa-en\\\/#breadcrumb\"},\"inLanguage\":\"sv-SE\",\"potentialAction\":[{\"@type\":\"ReadAction\",\"target\":[\"https:\\\/\\\/spelivinkki.fi\\\/tuote\\\/the-quacks-of-quedlinburg-raavelin-rohtotohtorit-the-alchemists-lisaosa-en\\\/\"]}]},{\"@type\":\"ImageObject\",\"inLanguage\":\"sv-SE\",\"@id\":\"https:\\\/\\\/spelivinkki.fi\\\/tuote\\\/the-quacks-of-quedlinburg-raavelin-rohtotohtorit-the-alchemists-lisaosa-en\\\/#primaryimage\",\"url\":\"https:\\/\\/spelivinkki.fi\\/wp-content\\/uploads\\/2024\\/06\\/Quacks_EN_Alchemists_Tuotekuva-min.webp\",\"contentUrl\":\"https:\\/\\/spelivinkki.fi\\/wp-content\\/uploads\\/2024\\/06\\/Quacks_EN_Alchemists_Tuotekuva-min.webp\",\"width\":512,\"height\":512,\"caption\":\"Quacks EN Alchemists Tuotekuva min\"},{\"@type\":\"BreadcrumbList\",\"@id\":\"https:\\\/\\\/spelivinkki.fi\\\/tuote\\\/the-quacks-of-quedlinburg-raavelin-rohtotohtorit-the-alchemists-lisaosa-en\\\/#breadcrumb\",\"itemListElement\":[{\"@type\":\"ListItem\",\"position\":1,\"name\":\"Etusivu\",\"item\":\"https:\\\/\\\/spelivinkki.fi\\\/\"},{\"@type\":\"ListItem\",\"position\":2,\"name\":\"Tuotteet\",\"item\":\"https:\\\/\\\/spelivinkki.fi\\\/tuotteet\\\/\"},{\"@type\":\"ListItem\",\"position\":3,\"name\":\"The Quacks of Quedlinburg (R\u00e4\u00e4velin Rohtotohtorit) &#8211; The Alchemists Lis\u00e4osa (EN)\"}]},{\"@type\":\"WebSite\",\"@id\":\"https:\\\/\\\/spelivinkki.fi\\\/#website\",\"url\":\"https:\\\/\\\/spelivinkki.fi\\\/\",\"name\":\"Spelivinkki\",\"description\":\"Paraisten Lautapelikauppa\",\"publisher\":{\"@id\":\"https:\\\/\\\/spelivinkki.fi\\\/#organization\"},\"alternateName\":\"Spelivinkki Oy\",\"potentialAction\":[{\"@type\":\"SearchAction\",\"target\":{\"@type\":\"EntryPoint\",\"urlTemplate\":\"https:\\\/\\\/spelivinkki.fi\\\/?s={search_term_string}\"},\"query-input\":{\"@type\":\"PropertyValueSpecification\",\"valueRequired\":true,\"valueName\":\"search_term_string\"}}],\"inLanguage\":\"sv-SE\"},{\"@type\":\"Organization\",\"@id\":\"https:\\\/\\\/spelivinkki.fi\\\/#organization\",\"name\":\"Spelivinkki Oy\",\"alternateName\":\"Spelivinkki\",\"url\":\"https:\\\/\\\/spelivinkki.fi\\\/\",\"logo\":{\"@type\":\"ImageObject\",\"inLanguage\":\"sv-SE\",\"@id\":\"https:\\\/\\\/spelivinkki.fi\\\/#\\\/schema\\\/logo\\\/image\\\/\",\"url\":\"https:\\/\\/spelivinkki.fi\\/wp-content\\/uploads\\/2024\\/02\\/Logo.svg\",\"contentUrl\":\"https:\\/\\/spelivinkki.fi\\/wp-content\\/uploads\\/2024\\/02\\/Logo.svg\",\"width\":2176,\"height\":2323,\"caption\":\"Spelivinkki Oy\"},\"image\":{\"@id\":\"https:\\\/\\\/spelivinkki.fi\\\/#\\\/schema\\\/logo\\\/image\\\/\"},\"sameAs\":[\"https:\\\/\\\/www.facebook.com\\\/SpelivinkkiOy\\\/\",\"https:\\\/\\\/x.com\\\/SpelivinkkiOy\",\"https:\\\/\\\/www.instagram.com\\\/spelivinkkioy\\\/\"],\"description\":\"Spelivinkki Oy is a company operating both a brick-and-mortar store in Finland as well as a webshop online. We sell board games, roleplaying games, miniature wargames, logic puzzles, jigsaw puzzles and other things related to the boardgame hobby.\",\"email\":\"myynti@spelivinkki.fi\",\"telephone\":\"+358406486605\",\"legalName\":\"Spelivinkki Oy\",\"foundingDate\":\"2023-09-17\",\"vatID\":\"FI33904524\",\"numberOfEmployees\":{\"@type\":\"QuantitativeValue\",\"minValue\":\"1\",\"maxValue\":\"10\"},\"hasMerchantReturnPolicy\":{\"@type\":\"MerchantReturnPolicy\",\"merchantReturnLink\":\"https:\\\/\\\/spelivinkki.fi\\\/sv\\\/spelivinkin-vaihto-ja-palautusoikeus\\\/\"}}]}<\/script>\n<meta property=\"product:brand\" content=\"Schmidt Spiele\" \/>\n<meta property=\"product:price:amount\" content=\"25.00\" \/>\n<meta property=\"product:price:currency\" content=\"EUR\" \/>\n<meta property=\"og:availability\" content=\"instock\" \/>\n<meta property=\"product:availability\" content=\"instock\" \/>\n<meta property=\"product:retailer_item_id\" content=\"Quacks_EN_Alchemists\" \/>\n<meta property=\"product:condition\" content=\"new\" \/>\n<!-- \/ Yoast SEO Premium plugin. -->","yoast_head_json":{"title":"The Quacks of Quedlinburg (R\u00e4\u00e4velin Rohtotohtorit) - The Alchemists Lis\u00e4osa (EN) &#8211; Spelivinkki","description":"Laajenna R\u00e4\u00e4velin Rohtotohtorit-peli\u00e4 Alchemists-lis\u00e4osalla! Ylelliset bonusvaikutukset, uudet aineskirjat ja lis\u00e4haasteita odottavat sinua. Pelaa nyt!","robots":{"index":"index","follow":"follow","max-snippet":"max-snippet:-1","max-image-preview":"max-image-preview:large","max-video-preview":"max-video-preview:-1"},"canonical":"https:\/\/spelivinkki.fi\/sv\/produkt\/the-quacks-of-quedlinburg-raavelin-rohtotohtorit-the-alchemists-lisaosa-en\/","og_locale":"sv_SE","og_type":"article","og_title":"The Quacks of Quedlinburg (R\u00e4\u00e4velin Rohtotohtorit) - The Alchemists Lis\u00e4osa (EN)","og_description":"Laajenna R\u00e4\u00e4velin Rohtotohtorit-peli\u00e4 Alchemists-lis\u00e4osalla! Ylelliset bonusvaikutukset, uudet aineskirjat ja lis\u00e4haasteita odottavat sinua. Pelaa nyt!","og_url":"https:\/\/spelivinkki.fi\/sv\/produkt\/the-quacks-of-quedlinburg-raavelin-rohtotohtorit-the-alchemists-lisaosa-en\/","og_site_name":"Spelivinkki","article_publisher":"https:\/\/www.facebook.com\/SpelivinkkiOy\/","article_modified_time":"2025-03-20T17:41:13+00:00","og_image":[{"width":512,"height":512,"url":"https:\/\/mlw9zexfsyfr.i.optimole.com\/w:auto\/h:auto\/q:mauto\/ig:avif\/https:\/\/spelivinkki.fi\/wp-content\/uploads\/2024\/06\/Quacks_EN_Alchemists_Tuotekuva-min.webp","type":"image\/webp"}],"twitter_card":"summary_large_image","twitter_site":"@SpelivinkkiOy","twitter_misc":{"Pris":"25,00&nbsp;&euro;","Tillg\u00e4nglig":"I lager"},"schema":{"@context":"https:\/\/schema.org","@graph":[{"@type":"WebPage","@id":"https:\/\/spelivinkki.fi\/tuote\/the-quacks-of-quedlinburg-raavelin-rohtotohtorit-the-alchemists-lisaosa-en\/","url":"https:\/\/spelivinkki.fi\/tuote\/the-quacks-of-quedlinburg-raavelin-rohtotohtorit-the-alchemists-lisaosa-en\/","name":"The Quacks of Quedlinburg (R\u00e4\u00e4velin Rohtotohtorit) - The Alchemists Lis\u00e4osa (EN) &#8211; Spelivinkki","isPartOf":{"@id":"https:\/\/spelivinkki.fi\/#website"},"primaryImageOfPage":{"@id":"https:\/\/spelivinkki.fi\/tuote\/the-quacks-of-quedlinburg-raavelin-rohtotohtorit-the-alchemists-lisaosa-en\/#primaryimage"},"image":{"@id":"https:\/\/spelivinkki.fi\/tuote\/the-quacks-of-quedlinburg-raavelin-rohtotohtorit-the-alchemists-lisaosa-en\/#primaryimage"},"thumbnailUrl":"https:\/\/mlw9zexfsyfr.i.optimole.com\/w:auto\/h:auto\/q:mauto\/ig:avif\/https:\/\/spelivinkki.fi\/wp-content\/uploads\/2024\/06\/Quacks_EN_Alchemists_Tuotekuva-min.webp","datePublished":"2024-06-07T14:53:38+00:00","dateModified":"2025-03-20T17:41:13+00:00","description":"Laajenna R\u00e4\u00e4velin Rohtotohtorit-peli\u00e4 Alchemists-lis\u00e4osalla! Ylelliset bonusvaikutukset, uudet aineskirjat ja lis\u00e4haasteita odottavat sinua. Pelaa nyt!","breadcrumb":{"@id":"https:\/\/spelivinkki.fi\/tuote\/the-quacks-of-quedlinburg-raavelin-rohtotohtorit-the-alchemists-lisaosa-en\/#breadcrumb"},"inLanguage":"sv-SE","potentialAction":[{"@type":"ReadAction","target":["https:\/\/spelivinkki.fi\/tuote\/the-quacks-of-quedlinburg-raavelin-rohtotohtorit-the-alchemists-lisaosa-en\/"]}]},{"@type":"ImageObject","inLanguage":"sv-SE","@id":"https:\/\/spelivinkki.fi\/tuote\/the-quacks-of-quedlinburg-raavelin-rohtotohtorit-the-alchemists-lisaosa-en\/#primaryimage","url":"https:\/\/mlw9zexfsyfr.i.optimole.com\/w:auto\/h:auto\/q:mauto\/ig:avif\/https:\/\/spelivinkki.fi\/wp-content\/uploads\/2024\/06\/Quacks_EN_Alchemists_Tuotekuva-min.webp","contentUrl":"https:\/\/mlw9zexfsyfr.i.optimole.com\/w:auto\/h:auto\/q:mauto\/ig:avif\/https:\/\/spelivinkki.fi\/wp-content\/uploads\/2024\/06\/Quacks_EN_Alchemists_Tuotekuva-min.webp","width":512,"height":512,"caption":"Quacks EN Alchemists Tuotekuva min"},{"@type":"BreadcrumbList","@id":"https:\/\/spelivinkki.fi\/tuote\/the-quacks-of-quedlinburg-raavelin-rohtotohtorit-the-alchemists-lisaosa-en\/#breadcrumb","itemListElement":[{"@type":"ListItem","position":1,"name":"Etusivu","item":"https:\/\/spelivinkki.fi\/"},{"@type":"ListItem","position":2,"name":"Tuotteet","item":"https:\/\/spelivinkki.fi\/tuotteet\/"},{"@type":"ListItem","position":3,"name":"The Quacks of Quedlinburg (R\u00e4\u00e4velin Rohtotohtorit) &#8211; The Alchemists Lis\u00e4osa (EN)"}]},{"@type":"WebSite","@id":"https:\/\/spelivinkki.fi\/#website","url":"https:\/\/spelivinkki.fi\/","name":"Spelivinkki","description":"Paraisten Lautapelikauppa","publisher":{"@id":"https:\/\/spelivinkki.fi\/#organization"},"alternateName":"Spelivinkki Oy","potentialAction":[{"@type":"SearchAction","target":{"@type":"EntryPoint","urlTemplate":"https:\/\/spelivinkki.fi\/?s={search_term_string}"},"query-input":{"@type":"PropertyValueSpecification","valueRequired":true,"valueName":"search_term_string"}}],"inLanguage":"sv-SE"},{"@type":"Organization","@id":"https:\/\/spelivinkki.fi\/#organization","name":"Spelivinkki Oy","alternateName":"Spelivinkki","url":"https:\/\/spelivinkki.fi\/","logo":{"@type":"ImageObject","inLanguage":"sv-SE","@id":"https:\/\/spelivinkki.fi\/#\/schema\/logo\/image\/","url":"https:\/\/mlw9zexfsyfr.i.optimole.com\/w:auto\/h:auto\/q:mauto\/ig:avif\/https:\/\/spelivinkki.fi\/wp-content\/uploads\/2024\/02\/Logo.svg","contentUrl":"https:\/\/mlw9zexfsyfr.i.optimole.com\/w:auto\/h:auto\/q:mauto\/ig:avif\/https:\/\/spelivinkki.fi\/wp-content\/uploads\/2024\/02\/Logo.svg","width":2176,"height":2323,"caption":"Spelivinkki Oy"},"image":{"@id":"https:\/\/spelivinkki.fi\/#\/schema\/logo\/image\/"},"sameAs":["https:\/\/www.facebook.com\/SpelivinkkiOy\/","https:\/\/x.com\/SpelivinkkiOy","https:\/\/www.instagram.com\/spelivinkkioy\/"],"description":"Spelivinkki Oy is a company operating both a brick-and-mortar store in Finland as well as a webshop online. We sell board games, roleplaying games, miniature wargames, logic puzzles, jigsaw puzzles and other things related to the boardgame hobby.","email":"myynti@spelivinkki.fi","telephone":"+358406486605","legalName":"Spelivinkki Oy","foundingDate":"2023-09-17","vatID":"FI33904524","numberOfEmployees":{"@type":"QuantitativeValue","minValue":"1","maxValue":"10"},"hasMerchantReturnPolicy":{"@type":"MerchantReturnPolicy","merchantReturnLink":"https:\/\/spelivinkki.fi\/sv\/spelivinkin-vaihto-ja-palautusoikeus\/"}}]},"product_brand":"Schmidt Spiele","product_price_amount":"25.00","product_price_currency":"EUR","og_availability":"instock","product_availability":"instock","product_retailer_item_id":"Quacks_EN_Alchemists","product_condition":"new"},"_links":{"self":[{"href":"https:\/\/spelivinkki.fi\/sv\/wp-json\/wp\/v2\/product\/6469","targetHints":{"allow":["GET"]}}],"collection":[{"href":"https:\/\/spelivinkki.fi\/sv\/wp-json\/wp\/v2\/product"}],"about":[{"href":"https:\/\/spelivinkki.fi\/sv\/wp-json\/wp\/v2\/types\/product"}],"wp:featuredmedia":[{"embeddable":true,"href":"https:\/\/spelivinkki.fi\/sv\/wp-json\/wp\/v2\/media\/6470"}],"wp:attachment":[{"href":"https:\/\/spelivinkki.fi\/sv\/wp-json\/wp\/v2\/media?parent=6469"}],"wp:term":[{"taxonomy":"product_brand","embeddable":true,"href":"https:\/\/spelivinkki.fi\/sv\/wp-json\/wp\/v2\/product_brand?post=6469"},{"taxonomy":"product_cat","embeddable":true,"href":"https:\/\/spelivinkki.fi\/sv\/wp-json\/wp\/v2\/product_cat?post=6469"},{"taxonomy":"product_tag","embeddable":true,"href":"https:\/\/spelivinkki.fi\/sv\/wp-json\/wp\/v2\/product_tag?post=6469"}],"curies":[{"name":"wp","href":"https:\/\/api.w.org\/{rel}","templated":true}]}}