{"id":6578,"date":"2024-07-02T07:43:13","date_gmt":"2024-07-02T07:43:13","guid":{"rendered":"https:\/\/spelivinkki.fi\/?post_type=product&#038;p=6578"},"modified":"2025-02-27T11:35:42","modified_gmt":"2025-02-27T11:35:42","slug":"sheriff-of-nottingham-2nd-edition-eng","status":"publish","type":"product","link":"https:\/\/spelivinkki.fi\/sv\/produkt\/sheriff-of-nottingham-2nd-edition-eng\/","title":{"rendered":"Sheriff of Nottingham, 2nd Edition (ENG)"},"content":{"rendered":"<p>Sheriff of Nottingham \u00e4r ett bluff- och f\u00f6rhandlingsspel d\u00e4r en av spelarna under loppet av en tur antar sig rollen som Sheriffen. De andra spelarna f\u00f6rs\u00f6ker smuggla f\u00f6rbjudna gods in i Nottingham i p\u00e5sar f\u00f6rbi sheriffen. Sheriffen skall d\u00e5 f\u00f6rs\u00f6ka gissa, vilka spelare g\u00f6mmer f\u00f6rbjudna gods i sina p\u00e5sar f\u00f6r att konfiskera dem. Om hen gissar r\u00e4tt m\u00e5ste spelarna i fr\u00e5ga betala b\u00f6ter beroende p\u00e5 vad som finns i p\u00e5sen.<\/p>\n<p>Om sheriffen r\u00e5kar anklaga en oskyldig spelare och g\u00e5r igenom hens p\u00e5se \u00e4r sheriffen dock tvungen att betala ers\u00e4ttning \u00e5t spelaren i fr\u00e5ga. F\u00f6r att spelarna kan f\u00e5 mera pengar av f\u00f6rbjudna gods ifall de g\u00e5r igenom stadens portar \u00e4r det dock oftast l\u00f6nsamt att ta risker. Efter turen byts sheriffen och spelaren som tidigare varit sheriff blir nu smugglare ist\u00e4llet. I spelets slut f\u00e5r de spelare bonuspengar som s\u00e5lt flest antal av olika lagliga gods. Den spelare som har mest pengar n\u00e4r po\u00e4ngr\u00e4kningen \u00e4r slut vinner spelet.<\/p>\n<p>Spelet \u00e4r endast tillg\u00e4ngligt p\u00e5 engelska.<\/p>\n<h6><strong>Publisher description in English:<\/strong><\/h6>\n<p><em>&#8221;Will the Merchants get their goods past the Sheriff?<\/em><\/p>\n<p><em>The bustling market in Nottingham is filled with goods from all over the kingdom. Most of it is entirely legal, however, Prince John is looking to make sure no contraband gets sold. He\u2019s tasked the Sheriff to inspect Merchant\u2019s wares, looking for any illicit goods. The Sheriff\u2019s shrewd, but not above taking a bribe to look the other way. Which Merchant will end up getting the best goods through and make the largest profits in the market stalls?<\/em><\/p>\n<p><em>In Sheriff of Nottingham 2nd Edition, players take turns playing the Sheriff, looking for contraband goods, and the Merchants trying to stock their Stall with the best goods. The Sheriff can inspect any bag they want, but they must be careful, as they\u2019ll have to pay a penalty if they find the Merchants were telling the truth. This new edition includes updated rules, as well as expansions such as the 6th Merchant, Black Market, and Sheriff\u2019s Deputies.<\/em><\/p>\n<p><em>The game box contains 110 Gold Coins, 216 Goods cards, 6 Deputy cards, 6 Black Market cards, 2 Deputy standees, 6 Merchant stands, 6 Merchant bags, a Sheriff standee, a Booty tile, and a rulebook&#8221;<\/em><\/p>","protected":false},"excerpt":{"rendered":"<ul>\n<li><strong>Spelarm\u00e4ngd:<\/strong> 3-6 (<strong>B\u00e4sta m\u00e4ngden:<\/strong> 5)<\/li>\n<li><strong>Varaktighet:<\/strong> 60<\/li>\n<li><strong>\u00c5ldersrekommendation:<\/strong> 14+<\/li>\n<li><strong>Spr\u00e5k:<\/strong> Engelska<\/li>\n<li><strong>Genre:<\/strong> Bluff, f\u00f6rhandling, samling<\/li>\n<li><strong>Tema:<\/strong> Robin Hood<\/li>\n<li><strong>Passande Sleevy Kortskydd (ing\u00e5r ej!):<\/strong> 228 st Standard storlek<\/li>\n<li><strong>Utveckling:<\/strong> S\u00e9rgio Halaban, Andr\u00e9 Zatz<\/li>\n<li><strong>Utgivare:<\/strong> CMON Global Ltd.<\/li>\n<\/ul>","protected":false},"featured_media":6579,"template":"","meta":{"site-sidebar-layout":"default","site-content-layout":"","ast-site-content-layout":"default","site-content-style":"default","site-sidebar-style":"default","ast-global-header-display":"","ast-banner-title-visibility":"","ast-main-header-display":"","ast-hfb-above-header-display":"","ast-hfb-below-header-display":"","ast-hfb-mobile-header-display":"","site-post-title":"","ast-breadcrumbs-content":"","ast-featured-img":"","footer-sml-layout":"","ast-disable-related-posts":"","theme-transparent-header-meta":"default","adv-header-id-meta":"","stick-header-meta":"","header-above-stick-meta":"","header-main-stick-meta":"","header-below-stick-meta":"","astra-migrate-meta-layouts":"set","ast-page-background-enabled":"default","ast-page-background-meta":{"desktop":{"background-color":"","background-image":"","background-repeat":"repeat","background-position":"center center","background-size":"auto","background-attachment":"scroll","background-type":"","background-media":"","overlay-type":"","overlay-color":"","overlay-opacity":"","overlay-gradient":""},"tablet":{"background-color":"","background-image":"","background-repeat":"repeat","background-position":"center center","background-size":"auto","background-attachment":"scroll","background-type":"","background-media":"","overlay-type":"","overlay-color":"","overlay-opacity":"","overlay-gradient":""},"mobile":{"background-color":"","background-image":"","background-repeat":"repeat","background-position":"center center","background-size":"auto","background-attachment":"scroll","background-type":"","background-media":"","overlay-type":"","overlay-color":"","overlay-opacity":"","overlay-gradient":""}},"ast-content-background-meta":{"desktop":{"background-color":"var(--ast-global-color-5)","background-image":"","background-repeat":"repeat","background-position":"center center","background-size":"auto","background-attachment":"scroll","background-type":"","background-media":"","overlay-type":"","overlay-color":"","overlay-opacity":"","overlay-gradient":""},"tablet":{"background-color":"var(--ast-global-color-5)","background-image":"","background-repeat":"repeat","background-position":"center center","background-size":"auto","background-attachment":"scroll","background-type":"","background-media":"","overlay-type":"","overlay-color":"","overlay-opacity":"","overlay-gradient":""},"mobile":{"background-color":"var(--ast-global-color-5)","background-image":"","background-repeat":"repeat","background-position":"center center","background-size":"auto","background-attachment":"scroll","background-type":"","background-media":"","overlay-type":"","overlay-color":"","overlay-opacity":"","overlay-gradient":""}}},"product_brand":[1201],"product_cat":[16,278,50],"product_tag":[1203,1049,1047,1202],"class_list":{"0":"post-6578","1":"product","2":"type-product","3":"status-publish","4":"has-post-thumbnail","6":"product_brand-cmon","7":"product_cat-kaikki","8":"product_cat-settikeraily","9":"product_cat-yksi-monta-vastaan","10":"product_tag-andre-zatz","11":"product_tag-englanninkieliset-pelit","12":"product_tag-peruspeli","13":"product_tag-sergio-halaban","14":"product_shipping_class-standard2","15":"desktop-align-center","16":"tablet-align-center","17":"mobile-align-center","19":"first","20":"instock","21":"taxable","22":"shipping-taxable","23":"purchasable","24":"product-type-simple"},"yoast_head":"<!-- This site is optimized with the Yoast SEO Premium plugin v27.3 (Yoast SEO v27.4) - https:\/\/yoast.com\/product\/yoast-seo-premium-wordpress\/ -->\n<title>Sheriff of Nottingham, 2nd Edition (ENG) &#8211; Spelivinkki<\/title>\n<meta name=\"description\" content=\"Nauti j\u00e4nnitt\u00e4v\u00e4st\u00e4 bluffaus- ja neuvottelupelist\u00e4 Sheriff of Nottingham 2nd Edition. Pystytk\u00f6 selvitt\u00e4m\u00e4\u00e4n salakuljettajat?\" \/>\n<meta name=\"robots\" content=\"index, follow, max-snippet:-1, max-image-preview:large, max-video-preview:-1\" \/>\n<link rel=\"canonical\" href=\"https:\/\/spelivinkki.fi\/sv\/produkt\/sheriff-of-nottingham-2nd-edition-eng\/\" \/>\n<meta property=\"og:locale\" content=\"sv_SE\" \/>\n<meta property=\"og:type\" content=\"article\" \/>\n<meta property=\"og:title\" content=\"Sheriff of Nottingham, 2nd Edition (ENG)\" \/>\n<meta property=\"og:description\" content=\"Nauti j\u00e4nnitt\u00e4v\u00e4st\u00e4 bluffaus- ja neuvottelupelist\u00e4 Sheriff of Nottingham 2nd Edition. Pystytk\u00f6 selvitt\u00e4m\u00e4\u00e4n salakuljettajat?\" \/>\n<meta property=\"og:url\" content=\"https:\/\/spelivinkki.fi\/sv\/produkt\/sheriff-of-nottingham-2nd-edition-eng\/\" \/>\n<meta property=\"og:site_name\" content=\"Spelivinkki\" \/>\n<meta property=\"article:publisher\" content=\"https:\/\/www.facebook.com\/SpelivinkkiOy\/\" \/>\n<meta property=\"article:modified_time\" content=\"2025-02-27T11:35:42+00:00\" \/>\n<meta property=\"og:image\" content=\"https:\/\/mlw9zexfsyfr.i.optimole.com\/w:auto\/h:auto\/q:mauto\/ig:avif\/https:\/\/spelivinkki.fi\/wp-content\/uploads\/2024\/07\/Sheriff_of_Nottingham_2e_EN_Tuotekuva.webp\" \/>\n\t<meta property=\"og:image:width\" content=\"899\" \/>\n\t<meta property=\"og:image:height\" content=\"897\" \/>\n\t<meta property=\"og:image:type\" content=\"image\/webp\" \/>\n<meta name=\"twitter:card\" content=\"summary_large_image\" \/>\n<meta name=\"twitter:site\" content=\"@SpelivinkkiOy\" \/>\n<meta name=\"twitter:label1\" content=\"Pris\" \/>\n\t<meta name=\"twitter:data1\" content=\"45,00&nbsp;&euro;\" \/>\n\t<meta name=\"twitter:label2\" content=\"Tillg\u00e4nglig\" \/>\n\t<meta name=\"twitter:data2\" content=\"I lager\" \/>\n<script type=\"application\/ld+json\" class=\"yoast-schema-graph\">{\"@context\":\"https:\\\/\\\/schema.org\",\"@graph\":[{\"@type\":\"WebPage\",\"@id\":\"https:\\\/\\\/spelivinkki.fi\\\/tuote\\\/sheriff-of-nottingham-2nd-edition-eng\\\/\",\"url\":\"https:\\\/\\\/spelivinkki.fi\\\/tuote\\\/sheriff-of-nottingham-2nd-edition-eng\\\/\",\"name\":\"Sheriff of Nottingham, 2nd Edition (ENG) &#8211; Spelivinkki\",\"isPartOf\":{\"@id\":\"https:\\\/\\\/spelivinkki.fi\\\/#website\"},\"primaryImageOfPage\":{\"@id\":\"https:\\\/\\\/spelivinkki.fi\\\/tuote\\\/sheriff-of-nottingham-2nd-edition-eng\\\/#primaryimage\"},\"image\":{\"@id\":\"https:\\\/\\\/spelivinkki.fi\\\/tuote\\\/sheriff-of-nottingham-2nd-edition-eng\\\/#primaryimage\"},\"thumbnailUrl\":\"https:\\/\\/spelivinkki.fi\\/wp-content\\/uploads\\/2024\\/07\\/Sheriff_of_Nottingham_2e_EN_Tuotekuva.webp\",\"datePublished\":\"2024-07-02T07:43:13+00:00\",\"dateModified\":\"2025-02-27T11:35:42+00:00\",\"description\":\"Nauti j\u00e4nnitt\u00e4v\u00e4st\u00e4 bluffaus- ja neuvottelupelist\u00e4 Sheriff of Nottingham 2nd Edition. Pystytk\u00f6 selvitt\u00e4m\u00e4\u00e4n salakuljettajat?\",\"breadcrumb\":{\"@id\":\"https:\\\/\\\/spelivinkki.fi\\\/tuote\\\/sheriff-of-nottingham-2nd-edition-eng\\\/#breadcrumb\"},\"inLanguage\":\"sv-SE\",\"potentialAction\":[{\"@type\":\"ReadAction\",\"target\":[\"https:\\\/\\\/spelivinkki.fi\\\/tuote\\\/sheriff-of-nottingham-2nd-edition-eng\\\/\"]}]},{\"@type\":\"ImageObject\",\"inLanguage\":\"sv-SE\",\"@id\":\"https:\\\/\\\/spelivinkki.fi\\\/tuote\\\/sheriff-of-nottingham-2nd-edition-eng\\\/#primaryimage\",\"url\":\"https:\\/\\/spelivinkki.fi\\/wp-content\\/uploads\\/2024\\/07\\/Sheriff_of_Nottingham_2e_EN_Tuotekuva.webp\",\"contentUrl\":\"https:\\/\\/spelivinkki.fi\\/wp-content\\/uploads\\/2024\\/07\\/Sheriff_of_Nottingham_2e_EN_Tuotekuva.webp\",\"width\":899,\"height\":897,\"caption\":\"Sheriff of Nottingham 2e EN Tuotekuva\"},{\"@type\":\"BreadcrumbList\",\"@id\":\"https:\\\/\\\/spelivinkki.fi\\\/tuote\\\/sheriff-of-nottingham-2nd-edition-eng\\\/#breadcrumb\",\"itemListElement\":[{\"@type\":\"ListItem\",\"position\":1,\"name\":\"Etusivu\",\"item\":\"https:\\\/\\\/spelivinkki.fi\\\/\"},{\"@type\":\"ListItem\",\"position\":2,\"name\":\"Tuotteet\",\"item\":\"https:\\\/\\\/spelivinkki.fi\\\/tuotteet\\\/\"},{\"@type\":\"ListItem\",\"position\":3,\"name\":\"Sheriff of Nottingham, 2nd Edition (ENG)\"}]},{\"@type\":\"WebSite\",\"@id\":\"https:\\\/\\\/spelivinkki.fi\\\/#website\",\"url\":\"https:\\\/\\\/spelivinkki.fi\\\/\",\"name\":\"Spelivinkki\",\"description\":\"Paraisten Lautapelikauppa\",\"publisher\":{\"@id\":\"https:\\\/\\\/spelivinkki.fi\\\/#organization\"},\"alternateName\":\"Spelivinkki Oy\",\"potentialAction\":[{\"@type\":\"SearchAction\",\"target\":{\"@type\":\"EntryPoint\",\"urlTemplate\":\"https:\\\/\\\/spelivinkki.fi\\\/?s={search_term_string}\"},\"query-input\":{\"@type\":\"PropertyValueSpecification\",\"valueRequired\":true,\"valueName\":\"search_term_string\"}}],\"inLanguage\":\"sv-SE\"},{\"@type\":\"Organization\",\"@id\":\"https:\\\/\\\/spelivinkki.fi\\\/#organization\",\"name\":\"Spelivinkki Oy\",\"alternateName\":\"Spelivinkki\",\"url\":\"https:\\\/\\\/spelivinkki.fi\\\/\",\"logo\":{\"@type\":\"ImageObject\",\"inLanguage\":\"sv-SE\",\"@id\":\"https:\\\/\\\/spelivinkki.fi\\\/#\\\/schema\\\/logo\\\/image\\\/\",\"url\":\"https:\\/\\/spelivinkki.fi\\/wp-content\\/uploads\\/2024\\/02\\/Logo.svg\",\"contentUrl\":\"https:\\/\\/spelivinkki.fi\\/wp-content\\/uploads\\/2024\\/02\\/Logo.svg\",\"width\":2176,\"height\":2323,\"caption\":\"Spelivinkki Oy\"},\"image\":{\"@id\":\"https:\\\/\\\/spelivinkki.fi\\\/#\\\/schema\\\/logo\\\/image\\\/\"},\"sameAs\":[\"https:\\\/\\\/www.facebook.com\\\/SpelivinkkiOy\\\/\",\"https:\\\/\\\/x.com\\\/SpelivinkkiOy\",\"https:\\\/\\\/www.instagram.com\\\/spelivinkkioy\\\/\"],\"description\":\"Spelivinkki Oy is a company operating both a brick-and-mortar store in Finland as well as a webshop online. We sell board games, roleplaying games, miniature wargames, logic puzzles, jigsaw puzzles and other things related to the boardgame hobby.\",\"email\":\"myynti@spelivinkki.fi\",\"telephone\":\"+358406486605\",\"legalName\":\"Spelivinkki Oy\",\"foundingDate\":\"2023-09-17\",\"vatID\":\"FI33904524\",\"numberOfEmployees\":{\"@type\":\"QuantitativeValue\",\"minValue\":\"1\",\"maxValue\":\"10\"},\"hasMerchantReturnPolicy\":{\"@type\":\"MerchantReturnPolicy\",\"merchantReturnLink\":\"https:\\\/\\\/spelivinkki.fi\\\/sv\\\/spelivinkin-vaihto-ja-palautusoikeus\\\/\"}}]}<\/script>\n<meta property=\"product:brand\" content=\"CMON\" \/>\n<meta property=\"product:price:amount\" content=\"45.00\" \/>\n<meta property=\"product:price:currency\" content=\"EUR\" \/>\n<meta property=\"og:availability\" content=\"instock\" \/>\n<meta property=\"product:availability\" content=\"instock\" \/>\n<meta property=\"product:retailer_item_id\" content=\"Sheriff_2e\" \/>\n<meta property=\"product:condition\" content=\"new\" \/>\n<!-- \/ Yoast SEO Premium plugin. -->","yoast_head_json":{"title":"Sheriff of Nottingham, 2nd Edition (ENG) &#8211; Spelivinkki","description":"Nauti j\u00e4nnitt\u00e4v\u00e4st\u00e4 bluffaus- ja neuvottelupelist\u00e4 Sheriff of Nottingham 2nd Edition. Pystytk\u00f6 selvitt\u00e4m\u00e4\u00e4n salakuljettajat?","robots":{"index":"index","follow":"follow","max-snippet":"max-snippet:-1","max-image-preview":"max-image-preview:large","max-video-preview":"max-video-preview:-1"},"canonical":"https:\/\/spelivinkki.fi\/sv\/produkt\/sheriff-of-nottingham-2nd-edition-eng\/","og_locale":"sv_SE","og_type":"article","og_title":"Sheriff of Nottingham, 2nd Edition (ENG)","og_description":"Nauti j\u00e4nnitt\u00e4v\u00e4st\u00e4 bluffaus- ja neuvottelupelist\u00e4 Sheriff of Nottingham 2nd Edition. Pystytk\u00f6 selvitt\u00e4m\u00e4\u00e4n salakuljettajat?","og_url":"https:\/\/spelivinkki.fi\/sv\/produkt\/sheriff-of-nottingham-2nd-edition-eng\/","og_site_name":"Spelivinkki","article_publisher":"https:\/\/www.facebook.com\/SpelivinkkiOy\/","article_modified_time":"2025-02-27T11:35:42+00:00","og_image":[{"width":899,"height":897,"url":"https:\/\/mlw9zexfsyfr.i.optimole.com\/w:auto\/h:auto\/q:mauto\/ig:avif\/https:\/\/spelivinkki.fi\/wp-content\/uploads\/2024\/07\/Sheriff_of_Nottingham_2e_EN_Tuotekuva.webp","type":"image\/webp"}],"twitter_card":"summary_large_image","twitter_site":"@SpelivinkkiOy","twitter_misc":{"Pris":"45,00&nbsp;&euro;","Tillg\u00e4nglig":"I lager"},"schema":{"@context":"https:\/\/schema.org","@graph":[{"@type":"WebPage","@id":"https:\/\/spelivinkki.fi\/tuote\/sheriff-of-nottingham-2nd-edition-eng\/","url":"https:\/\/spelivinkki.fi\/tuote\/sheriff-of-nottingham-2nd-edition-eng\/","name":"Sheriff of Nottingham, 2nd Edition (ENG) &#8211; Spelivinkki","isPartOf":{"@id":"https:\/\/spelivinkki.fi\/#website"},"primaryImageOfPage":{"@id":"https:\/\/spelivinkki.fi\/tuote\/sheriff-of-nottingham-2nd-edition-eng\/#primaryimage"},"image":{"@id":"https:\/\/spelivinkki.fi\/tuote\/sheriff-of-nottingham-2nd-edition-eng\/#primaryimage"},"thumbnailUrl":"https:\/\/mlw9zexfsyfr.i.optimole.com\/w:auto\/h:auto\/q:mauto\/ig:avif\/https:\/\/spelivinkki.fi\/wp-content\/uploads\/2024\/07\/Sheriff_of_Nottingham_2e_EN_Tuotekuva.webp","datePublished":"2024-07-02T07:43:13+00:00","dateModified":"2025-02-27T11:35:42+00:00","description":"Nauti j\u00e4nnitt\u00e4v\u00e4st\u00e4 bluffaus- ja neuvottelupelist\u00e4 Sheriff of Nottingham 2nd Edition. Pystytk\u00f6 selvitt\u00e4m\u00e4\u00e4n salakuljettajat?","breadcrumb":{"@id":"https:\/\/spelivinkki.fi\/tuote\/sheriff-of-nottingham-2nd-edition-eng\/#breadcrumb"},"inLanguage":"sv-SE","potentialAction":[{"@type":"ReadAction","target":["https:\/\/spelivinkki.fi\/tuote\/sheriff-of-nottingham-2nd-edition-eng\/"]}]},{"@type":"ImageObject","inLanguage":"sv-SE","@id":"https:\/\/spelivinkki.fi\/tuote\/sheriff-of-nottingham-2nd-edition-eng\/#primaryimage","url":"https:\/\/mlw9zexfsyfr.i.optimole.com\/w:auto\/h:auto\/q:mauto\/ig:avif\/https:\/\/spelivinkki.fi\/wp-content\/uploads\/2024\/07\/Sheriff_of_Nottingham_2e_EN_Tuotekuva.webp","contentUrl":"https:\/\/mlw9zexfsyfr.i.optimole.com\/w:auto\/h:auto\/q:mauto\/ig:avif\/https:\/\/spelivinkki.fi\/wp-content\/uploads\/2024\/07\/Sheriff_of_Nottingham_2e_EN_Tuotekuva.webp","width":899,"height":897,"caption":"Sheriff of Nottingham 2e EN Tuotekuva"},{"@type":"BreadcrumbList","@id":"https:\/\/spelivinkki.fi\/tuote\/sheriff-of-nottingham-2nd-edition-eng\/#breadcrumb","itemListElement":[{"@type":"ListItem","position":1,"name":"Etusivu","item":"https:\/\/spelivinkki.fi\/"},{"@type":"ListItem","position":2,"name":"Tuotteet","item":"https:\/\/spelivinkki.fi\/tuotteet\/"},{"@type":"ListItem","position":3,"name":"Sheriff of Nottingham, 2nd Edition (ENG)"}]},{"@type":"WebSite","@id":"https:\/\/spelivinkki.fi\/#website","url":"https:\/\/spelivinkki.fi\/","name":"Spelivinkki","description":"Paraisten Lautapelikauppa","publisher":{"@id":"https:\/\/spelivinkki.fi\/#organization"},"alternateName":"Spelivinkki Oy","potentialAction":[{"@type":"SearchAction","target":{"@type":"EntryPoint","urlTemplate":"https:\/\/spelivinkki.fi\/?s={search_term_string}"},"query-input":{"@type":"PropertyValueSpecification","valueRequired":true,"valueName":"search_term_string"}}],"inLanguage":"sv-SE"},{"@type":"Organization","@id":"https:\/\/spelivinkki.fi\/#organization","name":"Spelivinkki Oy","alternateName":"Spelivinkki","url":"https:\/\/spelivinkki.fi\/","logo":{"@type":"ImageObject","inLanguage":"sv-SE","@id":"https:\/\/spelivinkki.fi\/#\/schema\/logo\/image\/","url":"https:\/\/mlw9zexfsyfr.i.optimole.com\/w:auto\/h:auto\/q:mauto\/ig:avif\/https:\/\/spelivinkki.fi\/wp-content\/uploads\/2024\/02\/Logo.svg","contentUrl":"https:\/\/mlw9zexfsyfr.i.optimole.com\/w:auto\/h:auto\/q:mauto\/ig:avif\/https:\/\/spelivinkki.fi\/wp-content\/uploads\/2024\/02\/Logo.svg","width":2176,"height":2323,"caption":"Spelivinkki Oy"},"image":{"@id":"https:\/\/spelivinkki.fi\/#\/schema\/logo\/image\/"},"sameAs":["https:\/\/www.facebook.com\/SpelivinkkiOy\/","https:\/\/x.com\/SpelivinkkiOy","https:\/\/www.instagram.com\/spelivinkkioy\/"],"description":"Spelivinkki Oy is a company operating both a brick-and-mortar store in Finland as well as a webshop online. We sell board games, roleplaying games, miniature wargames, logic puzzles, jigsaw puzzles and other things related to the boardgame hobby.","email":"myynti@spelivinkki.fi","telephone":"+358406486605","legalName":"Spelivinkki Oy","foundingDate":"2023-09-17","vatID":"FI33904524","numberOfEmployees":{"@type":"QuantitativeValue","minValue":"1","maxValue":"10"},"hasMerchantReturnPolicy":{"@type":"MerchantReturnPolicy","merchantReturnLink":"https:\/\/spelivinkki.fi\/sv\/spelivinkin-vaihto-ja-palautusoikeus\/"}}]},"product_brand":"CMON","product_price_amount":"45.00","product_price_currency":"EUR","og_availability":"instock","product_availability":"instock","product_retailer_item_id":"Sheriff_2e","product_condition":"new"},"_links":{"self":[{"href":"https:\/\/spelivinkki.fi\/sv\/wp-json\/wp\/v2\/product\/6578","targetHints":{"allow":["GET"]}}],"collection":[{"href":"https:\/\/spelivinkki.fi\/sv\/wp-json\/wp\/v2\/product"}],"about":[{"href":"https:\/\/spelivinkki.fi\/sv\/wp-json\/wp\/v2\/types\/product"}],"wp:featuredmedia":[{"embeddable":true,"href":"https:\/\/spelivinkki.fi\/sv\/wp-json\/wp\/v2\/media\/6579"}],"wp:attachment":[{"href":"https:\/\/spelivinkki.fi\/sv\/wp-json\/wp\/v2\/media?parent=6578"}],"wp:term":[{"taxonomy":"product_brand","embeddable":true,"href":"https:\/\/spelivinkki.fi\/sv\/wp-json\/wp\/v2\/product_brand?post=6578"},{"taxonomy":"product_cat","embeddable":true,"href":"https:\/\/spelivinkki.fi\/sv\/wp-json\/wp\/v2\/product_cat?post=6578"},{"taxonomy":"product_tag","embeddable":true,"href":"https:\/\/spelivinkki.fi\/sv\/wp-json\/wp\/v2\/product_tag?post=6578"}],"curies":[{"name":"wp","href":"https:\/\/api.w.org\/{rel}","templated":true}]}}