{"id":6607,"date":"2024-07-25T07:51:11","date_gmt":"2024-07-25T07:51:11","guid":{"rendered":"https:\/\/spelivinkki.fi\/?post_type=product&#038;p=6607"},"modified":"2025-03-12T11:14:35","modified_gmt":"2025-03-12T11:14:35","slug":"lands-of-galzyr-en","status":"publish","type":"product","link":"https:\/\/spelivinkki.fi\/sv\/produkt\/lands-of-galzyr-en\/","title":{"rendered":"Lands of Galzyr (EN)"},"content":{"rendered":"<p>Lands of Galzyr on Suomalaisen julkaisijan Snowdale Designin kehitt\u00e4m\u00e4, hyvin arvostettu avoin seikkailupeli. Jokainen pelaaja saa haltuunsa hahmon, jonka avulla h\u00e4n voi tutkia Galzyrin maita yhdess\u00e4 muiden kanssa. Seikkailu on pitk\u00e4, valintoja on monta, ja pelin tarinaa voidaan l\u00e4hesty\u00e4 miss\u00e4 j\u00e4rjestyksess\u00e4 itse haluaa. On siis hyvin ep\u00e4todenn\u00e4k\u00f6ist\u00e4, ett\u00e4 peli ratkeaa edes parissa istunnossa, mutta ei h\u00e4t\u00e4\u00e4! Lands of Galzyr toimii innovatiivisen &#8221;<a href=\"https:\/\/stories.daimyria.fi\/\" target=\"_blank\" rel=\"noopener\">Book of Adventures<\/a>\" som g\u00f6r att ni kan spara spelet tills n\u00e4sta g\u00e5ng utan att vara tvugna att skriva ner en hel massa saker. Spelets v\u00e4rld f\u00f6r\u00e4ndras under \u00e4ventyrens lopp och appen m\u00f6jligg\u00f6r att dessa f\u00f6r\u00e4ndringar kan synnas \u00e4ven i fortsatta spelomg\u00e5ngar.<\/p>\n<p>F\u00f6rutom att spelet g\u00e5r att spara med hj\u00e4lp av den s\u00e5 kallade \u00e4ventyrsboken betyder det ocks\u00e5 allts\u00e5 att era val har verkliga f\u00f6ljder, varav n\u00e5gra kan vara best\u00e5ende i ert \u00e4ventyr! \u00c4nd\u00e5 g\u00e5r det att spela spelet om hur m\u00e5nga g\u00e5nger som helst och till och med med olika \u00e4ventyrare per g\u00e5ng. Kort sagt \u00e4r det inte fr\u00e5gan om n\u00e5got Legacy-spel.<\/p>\n<p>Liksom andra Snowdale Designs spel utspelar sig Galzyr i Daimyrias fantasiv\u00e4rld. Veteraner av spel som Dale of Merchants och Peacemakers: Horrors of War kommer att k\u00e4nna igen sig.<\/p>\n<h6><strong>Publisher description in English:<\/strong><\/h6>\n<p><em>Lands of Galzyr is an adventuring game with an open and persistent world, with everyone&#8217;s actions having consequences in both the current and future games. Players assume the roles of cunning adventurers traversing the lands while completing quests and trying to gather fame and prestige.<\/em><\/p>\n<p><em>Each game continues where the previous one ended thanks to a clever save-and-load mechanism, with no need for paper-and-pencil bookkeeping. You can play the game as many times as you wish and even swap players between sessions.<\/em><\/p>\n<p><em>Lands of Galzyr is set in Daimyria, the same world as both the Dale of Merchants series and Dawn of Peacemakers. Go adventuring with both familiar and new animalfolks!<\/em><\/p>","protected":false},"excerpt":{"rendered":"<ul>\n<li><strong>Spelarm\u00e4ngd:<\/strong> 1-4 (<strong>B\u00e4sta m\u00e4ngden:<\/strong> 2)<\/li>\n<li><strong>Varaktighet:<\/strong> 60 &#8211; 150 min<\/li>\n<li><strong>\u00c5ldersrekommendation:<\/strong> 14+<\/li>\n<li><strong>Spr\u00e5k:<\/strong> Engelska<\/li>\n<li><strong>Genre:<\/strong> \u00c4ventyrsspel, samarbete, olika spelarkrafter, story med egna val<\/li>\n<li><strong>Tema:<\/strong> Fantasy<\/li>\n<li><strong>Passande Sleevy Kortskydd (ing\u00e5r ej!):<\/strong> 480 kpl M koko<\/li>\n<li><strong>Utveckling:<\/strong> Seppo Kuukasj\u00e4rvi, Sami Laakso<\/li>\n<li><strong>Utgivare:<\/strong> Snowdale Design Oy<\/li>\n<\/ul>","protected":false},"featured_media":6609,"template":"","meta":{"site-sidebar-layout":"default","site-content-layout":"","ast-site-content-layout":"default","site-content-style":"default","site-sidebar-style":"default","ast-global-header-display":"","ast-banner-title-visibility":"","ast-main-header-display":"","ast-hfb-above-header-display":"","ast-hfb-below-header-display":"","ast-hfb-mobile-header-display":"","site-post-title":"","ast-breadcrumbs-content":"","ast-featured-img":"","footer-sml-layout":"","ast-disable-related-posts":"","theme-transparent-header-meta":"default","adv-header-id-meta":"","stick-header-meta":"","header-above-stick-meta":"","header-main-stick-meta":"","header-below-stick-meta":"","astra-migrate-meta-layouts":"set","ast-page-background-enabled":"default","ast-page-background-meta":{"desktop":{"background-color":"","background-image":"","background-repeat":"repeat","background-position":"center center","background-size":"auto","background-attachment":"scroll","background-type":"","background-media":"","overlay-type":"","overlay-color":"","overlay-opacity":"","overlay-gradient":""},"tablet":{"background-color":"","background-image":"","background-repeat":"repeat","background-position":"center center","background-size":"auto","background-attachment":"scroll","background-type":"","background-media":"","overlay-type":"","overlay-color":"","overlay-opacity":"","overlay-gradient":""},"mobile":{"background-color":"","background-image":"","background-repeat":"repeat","background-position":"center center","background-size":"auto","background-attachment":"scroll","background-type":"","background-media":"","overlay-type":"","overlay-color":"","overlay-opacity":"","overlay-gradient":""}},"ast-content-background-meta":{"desktop":{"background-color":"var(--ast-global-color-5)","background-image":"","background-repeat":"repeat","background-position":"center center","background-size":"auto","background-attachment":"scroll","background-type":"","background-media":"","overlay-type":"","overlay-color":"","overlay-opacity":"","overlay-gradient":""},"tablet":{"background-color":"var(--ast-global-color-5)","background-image":"","background-repeat":"repeat","background-position":"center center","background-size":"auto","background-attachment":"scroll","background-type":"","background-media":"","overlay-type":"","overlay-color":"","overlay-opacity":"","overlay-gradient":""},"mobile":{"background-color":"var(--ast-global-color-5)","background-image":"","background-repeat":"repeat","background-position":"center center","background-size":"auto","background-attachment":"scroll","background-type":"","background-media":"","overlay-type":"","overlay-color":"","overlay-opacity":"","overlay-gradient":""}}},"product_brand":[1205],"product_cat":[16,321,46],"product_tag":[1209,1049,1191,1207,1206,1208],"class_list":{"0":"post-6607","1":"product","2":"type-product","3":"status-publish","4":"has-post-thumbnail","6":"product_brand-snowdale-design","7":"product_cat-kaikki","8":"product_cat-luolastoroolipelit","9":"product_cat-yhteistyopelit","10":"product_tag-daimyria-pelit","11":"product_tag-englanninkieliset-pelit","12":"product_tag-jatkuvat-pelit","13":"product_tag-sami-laakso","14":"product_tag-seppo-kuukasjarvi","15":"product_tag-sovelluspohjaiset-pelit","16":"product_shipping_class-standard2","17":"desktop-align-center","18":"tablet-align-center","19":"mobile-align-center","21":"first","22":"instock","23":"taxable","24":"shipping-taxable","25":"purchasable","26":"product-type-simple"},"yoast_head":"<!-- This site is optimized with the Yoast SEO Premium plugin v27.5 (Yoast SEO v27.5) - https:\/\/yoast.com\/product\/yoast-seo-premium-wordpress\/ -->\n<title>Lands of Galzyr (EN) &#8211; Spelivinkki<\/title>\n<meta name=\"description\" content=\"Nauti pitk\u00e4kestoisesta seikkailusta ja mielenkiintoisista valinnoista Lands of Galzyr -pelin parissa. Astu Galzyrin maailmaan mielikuvituksen siivin!\" \/>\n<meta name=\"robots\" content=\"index, follow, max-snippet:-1, max-image-preview:large, max-video-preview:-1\" \/>\n<link rel=\"canonical\" href=\"https:\/\/spelivinkki.fi\/sv\/produkt\/lands-of-galzyr-en\/\" \/>\n<meta property=\"og:locale\" content=\"sv_SE\" \/>\n<meta property=\"og:type\" content=\"article\" \/>\n<meta property=\"og:title\" content=\"Lands of Galzyr (EN)\" \/>\n<meta property=\"og:description\" content=\"Nauti pitk\u00e4kestoisesta seikkailusta ja mielenkiintoisista valinnoista Lands of Galzyr -pelin parissa. Astu Galzyrin maailmaan mielikuvituksen siivin!\" \/>\n<meta property=\"og:url\" content=\"https:\/\/spelivinkki.fi\/sv\/produkt\/lands-of-galzyr-en\/\" \/>\n<meta property=\"og:site_name\" content=\"Spelivinkki\" \/>\n<meta property=\"article:publisher\" content=\"https:\/\/www.facebook.com\/SpelivinkkiOy\/\" \/>\n<meta property=\"article:modified_time\" content=\"2025-03-12T11:14:35+00:00\" \/>\n<meta property=\"og:image\" content=\"https:\/\/mlw9zexfsyfr.i.optimole.com\/w:auto\/h:auto\/q:mauto\/ig:avif\/https:\/\/spelivinkki.fi\/wp-content\/uploads\/2024\/07\/Lands_of_Galzyr_Tuotekuva-min.webp\" \/>\n\t<meta property=\"og:image:width\" content=\"800\" \/>\n\t<meta property=\"og:image:height\" content=\"740\" \/>\n\t<meta property=\"og:image:type\" content=\"image\/webp\" \/>\n<meta name=\"twitter:card\" content=\"summary_large_image\" \/>\n<meta name=\"twitter:site\" content=\"@SpelivinkkiOy\" \/>\n<meta name=\"twitter:label1\" content=\"Pris\" \/>\n\t<meta name=\"twitter:data1\" content=\"70,00&nbsp;&euro;\" \/>\n\t<meta name=\"twitter:label2\" content=\"Tillg\u00e4nglig\" \/>\n\t<meta name=\"twitter:data2\" content=\"I lager\" \/>\n<script type=\"application\/ld+json\" class=\"yoast-schema-graph\">{\"@context\":\"https:\\\/\\\/schema.org\",\"@graph\":[{\"@type\":\"WebPage\",\"@id\":\"https:\\\/\\\/spelivinkki.fi\\\/tuote\\\/lands-of-galzyr-en\\\/\",\"url\":\"https:\\\/\\\/spelivinkki.fi\\\/tuote\\\/lands-of-galzyr-en\\\/\",\"name\":\"Lands of Galzyr (EN) &#8211; Spelivinkki\",\"isPartOf\":{\"@id\":\"https:\\\/\\\/spelivinkki.fi\\\/#website\"},\"primaryImageOfPage\":{\"@id\":\"https:\\\/\\\/spelivinkki.fi\\\/tuote\\\/lands-of-galzyr-en\\\/#primaryimage\"},\"image\":{\"@id\":\"https:\\\/\\\/spelivinkki.fi\\\/tuote\\\/lands-of-galzyr-en\\\/#primaryimage\"},\"thumbnailUrl\":\"https:\\/\\/spelivinkki.fi\\/wp-content\\/uploads\\/2024\\/07\\/Lands_of_Galzyr_Tuotekuva-min.webp\",\"datePublished\":\"2024-07-25T07:51:11+00:00\",\"dateModified\":\"2025-03-12T11:14:35+00:00\",\"description\":\"Nauti pitk\u00e4kestoisesta seikkailusta ja mielenkiintoisista valinnoista Lands of Galzyr -pelin parissa. Astu Galzyrin maailmaan mielikuvituksen siivin!\",\"breadcrumb\":{\"@id\":\"https:\\\/\\\/spelivinkki.fi\\\/tuote\\\/lands-of-galzyr-en\\\/#breadcrumb\"},\"inLanguage\":\"sv-SE\",\"potentialAction\":[{\"@type\":\"ReadAction\",\"target\":[\"https:\\\/\\\/spelivinkki.fi\\\/tuote\\\/lands-of-galzyr-en\\\/\"]}]},{\"@type\":\"ImageObject\",\"inLanguage\":\"sv-SE\",\"@id\":\"https:\\\/\\\/spelivinkki.fi\\\/tuote\\\/lands-of-galzyr-en\\\/#primaryimage\",\"url\":\"https:\\/\\/spelivinkki.fi\\/wp-content\\/uploads\\/2024\\/07\\/Lands_of_Galzyr_Tuotekuva-min.webp\",\"contentUrl\":\"https:\\/\\/spelivinkki.fi\\/wp-content\\/uploads\\/2024\\/07\\/Lands_of_Galzyr_Tuotekuva-min.webp\",\"width\":800,\"height\":740,\"caption\":\"Lands of Galzyr Tuotekuva min\"},{\"@type\":\"BreadcrumbList\",\"@id\":\"https:\\\/\\\/spelivinkki.fi\\\/tuote\\\/lands-of-galzyr-en\\\/#breadcrumb\",\"itemListElement\":[{\"@type\":\"ListItem\",\"position\":1,\"name\":\"Etusivu\",\"item\":\"https:\\\/\\\/spelivinkki.fi\\\/\"},{\"@type\":\"ListItem\",\"position\":2,\"name\":\"Tuotteet\",\"item\":\"https:\\\/\\\/spelivinkki.fi\\\/tuotteet\\\/\"},{\"@type\":\"ListItem\",\"position\":3,\"name\":\"Lands of Galzyr (EN)\"}]},{\"@type\":\"WebSite\",\"@id\":\"https:\\\/\\\/spelivinkki.fi\\\/#website\",\"url\":\"https:\\\/\\\/spelivinkki.fi\\\/\",\"name\":\"Spelivinkki\",\"description\":\"Paraisten Lautapelikauppa\",\"publisher\":{\"@id\":\"https:\\\/\\\/spelivinkki.fi\\\/#organization\"},\"alternateName\":\"Spelivinkki Oy\",\"potentialAction\":[{\"@type\":\"SearchAction\",\"target\":{\"@type\":\"EntryPoint\",\"urlTemplate\":\"https:\\\/\\\/spelivinkki.fi\\\/?s={search_term_string}\"},\"query-input\":{\"@type\":\"PropertyValueSpecification\",\"valueRequired\":true,\"valueName\":\"search_term_string\"}}],\"inLanguage\":\"sv-SE\"},{\"@type\":\"Organization\",\"@id\":\"https:\\\/\\\/spelivinkki.fi\\\/#organization\",\"name\":\"Spelivinkki Oy\",\"alternateName\":\"Spelivinkki\",\"url\":\"https:\\\/\\\/spelivinkki.fi\\\/\",\"logo\":{\"@type\":\"ImageObject\",\"inLanguage\":\"sv-SE\",\"@id\":\"https:\\\/\\\/spelivinkki.fi\\\/#\\\/schema\\\/logo\\\/image\\\/\",\"url\":\"https:\\/\\/spelivinkki.fi\\/wp-content\\/uploads\\/2024\\/02\\/Logo.svg\",\"contentUrl\":\"https:\\/\\/spelivinkki.fi\\/wp-content\\/uploads\\/2024\\/02\\/Logo.svg\",\"width\":2176,\"height\":2323,\"caption\":\"Spelivinkki Oy\"},\"image\":{\"@id\":\"https:\\\/\\\/spelivinkki.fi\\\/#\\\/schema\\\/logo\\\/image\\\/\"},\"sameAs\":[\"https:\\\/\\\/www.facebook.com\\\/SpelivinkkiOy\\\/\",\"https:\\\/\\\/x.com\\\/SpelivinkkiOy\",\"https:\\\/\\\/www.instagram.com\\\/spelivinkkioy\\\/\"],\"description\":\"Spelivinkki Oy is a company operating both a brick-and-mortar store in Finland as well as a webshop online. We sell board games, roleplaying games, miniature wargames, logic puzzles, jigsaw puzzles and other things related to the boardgame hobby.\",\"email\":\"myynti@spelivinkki.fi\",\"telephone\":\"+358406486605\",\"legalName\":\"Spelivinkki Oy\",\"foundingDate\":\"2023-09-17\",\"vatID\":\"FI33904524\",\"numberOfEmployees\":{\"@type\":\"QuantitativeValue\",\"minValue\":\"1\",\"maxValue\":\"10\"},\"hasMerchantReturnPolicy\":{\"@type\":\"MerchantReturnPolicy\",\"merchantReturnLink\":\"https:\\\/\\\/spelivinkki.fi\\\/sv\\\/spelivinkin-vaihto-ja-palautusoikeus\\\/\"}}]}<\/script>\n<meta property=\"product:brand\" content=\"Snowdale Design\" \/>\n<meta property=\"product:price:amount\" content=\"70.00\" \/>\n<meta property=\"product:price:currency\" content=\"EUR\" \/>\n<meta property=\"og:availability\" content=\"instock\" \/>\n<meta property=\"product:availability\" content=\"instock\" \/>\n<meta property=\"product:retailer_item_id\" content=\"LoG\" \/>\n<meta property=\"product:condition\" content=\"new\" \/>\n<!-- \/ Yoast SEO Premium plugin. -->","yoast_head_json":{"title":"Lands of Galzyr (EN) &#8211; Spelivinkki","description":"Nauti pitk\u00e4kestoisesta seikkailusta ja mielenkiintoisista valinnoista Lands of Galzyr -pelin parissa. Astu Galzyrin maailmaan mielikuvituksen siivin!","robots":{"index":"index","follow":"follow","max-snippet":"max-snippet:-1","max-image-preview":"max-image-preview:large","max-video-preview":"max-video-preview:-1"},"canonical":"https:\/\/spelivinkki.fi\/sv\/produkt\/lands-of-galzyr-en\/","og_locale":"sv_SE","og_type":"article","og_title":"Lands of Galzyr (EN)","og_description":"Nauti pitk\u00e4kestoisesta seikkailusta ja mielenkiintoisista valinnoista Lands of Galzyr -pelin parissa. Astu Galzyrin maailmaan mielikuvituksen siivin!","og_url":"https:\/\/spelivinkki.fi\/sv\/produkt\/lands-of-galzyr-en\/","og_site_name":"Spelivinkki","article_publisher":"https:\/\/www.facebook.com\/SpelivinkkiOy\/","article_modified_time":"2025-03-12T11:14:35+00:00","og_image":[{"width":800,"height":740,"url":"https:\/\/mlw9zexfsyfr.i.optimole.com\/w:auto\/h:auto\/q:mauto\/ig:avif\/https:\/\/spelivinkki.fi\/wp-content\/uploads\/2024\/07\/Lands_of_Galzyr_Tuotekuva-min.webp","type":"image\/webp"}],"twitter_card":"summary_large_image","twitter_site":"@SpelivinkkiOy","twitter_misc":{"Pris":"70,00&nbsp;&euro;","Tillg\u00e4nglig":"I lager"},"schema":{"@context":"https:\/\/schema.org","@graph":[{"@type":"WebPage","@id":"https:\/\/spelivinkki.fi\/tuote\/lands-of-galzyr-en\/","url":"https:\/\/spelivinkki.fi\/tuote\/lands-of-galzyr-en\/","name":"Lands of Galzyr (EN) &#8211; Spelivinkki","isPartOf":{"@id":"https:\/\/spelivinkki.fi\/#website"},"primaryImageOfPage":{"@id":"https:\/\/spelivinkki.fi\/tuote\/lands-of-galzyr-en\/#primaryimage"},"image":{"@id":"https:\/\/spelivinkki.fi\/tuote\/lands-of-galzyr-en\/#primaryimage"},"thumbnailUrl":"https:\/\/mlw9zexfsyfr.i.optimole.com\/w:auto\/h:auto\/q:mauto\/ig:avif\/https:\/\/spelivinkki.fi\/wp-content\/uploads\/2024\/07\/Lands_of_Galzyr_Tuotekuva-min.webp","datePublished":"2024-07-25T07:51:11+00:00","dateModified":"2025-03-12T11:14:35+00:00","description":"Nauti pitk\u00e4kestoisesta seikkailusta ja mielenkiintoisista valinnoista Lands of Galzyr -pelin parissa. Astu Galzyrin maailmaan mielikuvituksen siivin!","breadcrumb":{"@id":"https:\/\/spelivinkki.fi\/tuote\/lands-of-galzyr-en\/#breadcrumb"},"inLanguage":"sv-SE","potentialAction":[{"@type":"ReadAction","target":["https:\/\/spelivinkki.fi\/tuote\/lands-of-galzyr-en\/"]}]},{"@type":"ImageObject","inLanguage":"sv-SE","@id":"https:\/\/spelivinkki.fi\/tuote\/lands-of-galzyr-en\/#primaryimage","url":"https:\/\/mlw9zexfsyfr.i.optimole.com\/w:auto\/h:auto\/q:mauto\/ig:avif\/https:\/\/spelivinkki.fi\/wp-content\/uploads\/2024\/07\/Lands_of_Galzyr_Tuotekuva-min.webp","contentUrl":"https:\/\/mlw9zexfsyfr.i.optimole.com\/w:auto\/h:auto\/q:mauto\/ig:avif\/https:\/\/spelivinkki.fi\/wp-content\/uploads\/2024\/07\/Lands_of_Galzyr_Tuotekuva-min.webp","width":800,"height":740,"caption":"Lands of Galzyr Tuotekuva min"},{"@type":"BreadcrumbList","@id":"https:\/\/spelivinkki.fi\/tuote\/lands-of-galzyr-en\/#breadcrumb","itemListElement":[{"@type":"ListItem","position":1,"name":"Etusivu","item":"https:\/\/spelivinkki.fi\/"},{"@type":"ListItem","position":2,"name":"Tuotteet","item":"https:\/\/spelivinkki.fi\/tuotteet\/"},{"@type":"ListItem","position":3,"name":"Lands of Galzyr (EN)"}]},{"@type":"WebSite","@id":"https:\/\/spelivinkki.fi\/#website","url":"https:\/\/spelivinkki.fi\/","name":"Spelivinkki","description":"Paraisten Lautapelikauppa","publisher":{"@id":"https:\/\/spelivinkki.fi\/#organization"},"alternateName":"Spelivinkki Oy","potentialAction":[{"@type":"SearchAction","target":{"@type":"EntryPoint","urlTemplate":"https:\/\/spelivinkki.fi\/?s={search_term_string}"},"query-input":{"@type":"PropertyValueSpecification","valueRequired":true,"valueName":"search_term_string"}}],"inLanguage":"sv-SE"},{"@type":"Organization","@id":"https:\/\/spelivinkki.fi\/#organization","name":"Spelivinkki Oy","alternateName":"Spelivinkki","url":"https:\/\/spelivinkki.fi\/","logo":{"@type":"ImageObject","inLanguage":"sv-SE","@id":"https:\/\/spelivinkki.fi\/#\/schema\/logo\/image\/","url":"https:\/\/mlw9zexfsyfr.i.optimole.com\/w:auto\/h:auto\/q:mauto\/ig:avif\/https:\/\/spelivinkki.fi\/wp-content\/uploads\/2024\/02\/Logo.svg","contentUrl":"https:\/\/mlw9zexfsyfr.i.optimole.com\/w:auto\/h:auto\/q:mauto\/ig:avif\/https:\/\/spelivinkki.fi\/wp-content\/uploads\/2024\/02\/Logo.svg","width":2176,"height":2323,"caption":"Spelivinkki Oy"},"image":{"@id":"https:\/\/spelivinkki.fi\/#\/schema\/logo\/image\/"},"sameAs":["https:\/\/www.facebook.com\/SpelivinkkiOy\/","https:\/\/x.com\/SpelivinkkiOy","https:\/\/www.instagram.com\/spelivinkkioy\/"],"description":"Spelivinkki Oy is a company operating both a brick-and-mortar store in Finland as well as a webshop online. We sell board games, roleplaying games, miniature wargames, logic puzzles, jigsaw puzzles and other things related to the boardgame hobby.","email":"myynti@spelivinkki.fi","telephone":"+358406486605","legalName":"Spelivinkki Oy","foundingDate":"2023-09-17","vatID":"FI33904524","numberOfEmployees":{"@type":"QuantitativeValue","minValue":"1","maxValue":"10"},"hasMerchantReturnPolicy":{"@type":"MerchantReturnPolicy","merchantReturnLink":"https:\/\/spelivinkki.fi\/sv\/spelivinkin-vaihto-ja-palautusoikeus\/"}}]},"product_brand":"Snowdale Design","product_price_amount":"70.00","product_price_currency":"EUR","og_availability":"instock","product_availability":"instock","product_retailer_item_id":"LoG","product_condition":"new"},"_links":{"self":[{"href":"https:\/\/spelivinkki.fi\/sv\/wp-json\/wp\/v2\/product\/6607","targetHints":{"allow":["GET"]}}],"collection":[{"href":"https:\/\/spelivinkki.fi\/sv\/wp-json\/wp\/v2\/product"}],"about":[{"href":"https:\/\/spelivinkki.fi\/sv\/wp-json\/wp\/v2\/types\/product"}],"wp:featuredmedia":[{"embeddable":true,"href":"https:\/\/spelivinkki.fi\/sv\/wp-json\/wp\/v2\/media\/6609"}],"wp:attachment":[{"href":"https:\/\/spelivinkki.fi\/sv\/wp-json\/wp\/v2\/media?parent=6607"}],"wp:term":[{"taxonomy":"product_brand","embeddable":true,"href":"https:\/\/spelivinkki.fi\/sv\/wp-json\/wp\/v2\/product_brand?post=6607"},{"taxonomy":"product_cat","embeddable":true,"href":"https:\/\/spelivinkki.fi\/sv\/wp-json\/wp\/v2\/product_cat?post=6607"},{"taxonomy":"product_tag","embeddable":true,"href":"https:\/\/spelivinkki.fi\/sv\/wp-json\/wp\/v2\/product_tag?post=6607"}],"curies":[{"name":"wp","href":"https:\/\/api.w.org\/{rel}","templated":true}]}}