{"id":6681,"date":"2024-09-30T13:17:47","date_gmt":"2024-09-30T13:17:47","guid":{"rendered":"https:\/\/spelivinkki.fi\/?post_type=product&#038;p=6681"},"modified":"2026-02-24T06:16:36","modified_gmt":"2026-02-24T06:16:36","slug":"hitster-2-forlang-festen-se","status":"publish","type":"product","link":"https:\/\/spelivinkki.fi\/sv\/produkt\/hitster-2-forlang-festen-se\/","title":{"rendered":"Hitster 2 \u2013 F\u00f6rl\u00e4ng Festen (SE)"},"content":{"rendered":"<p><strong>OBS!<\/strong> Spelet fungerar via telefon med hj\u00e4lp av en app! Kv\u00e4llens DJ b\u00f6r ha Spotify installerat f\u00f6r optimalt bruk (Det m\u00e5ste inte vara premium versionen)!<\/p>\n<p>F\u00f6rl\u00e4ng Festen \u00e4r en s\u00e5 kallad \"stand-alone expansion.\" <strong>Den fungerar allts\u00e5 utan orginalspelet!<\/strong><\/p>\n<p>Hitster g\u00e5r ut p\u00e5 att spelarna skall placera l\u00e5tar i r\u00e4tt ordning p\u00e5 varsin tidsaxel enligt utgivnings\u00e5r. I b\u00f6rjan av spelet f\u00e5r alla spelare en startl\u00e5t med angivet utgivnings\u00e5r. Efter detta f\u00e5r de h\u00f6ra delar av nya hits och den som \u00e4r i tur ska placera den nya l\u00e5ten p\u00e5 sin tidsaxel antingen f\u00f6re, efter, eller emellan sina tidigare kort beroende p\u00e5 n\u00e4r den sl\u00e4pptes. Om hen dessutom r\u00e5kar veta artistens och l\u00e5tens namn f\u00e5r hon ett s\u00e5 kallat \"hitsterkort\".<\/p>\n<p>Hitsterkort ger en spelare m\u00f6jligheten att g\u00f6ra en av 3 saker: 1. Hen kan skippa en ok\u00e4nd l\u00e5t utan att turen \u00e4r \u00f6ver. 2. Om hen tror att en annan spelare har placerat ett nytt musikkort fel p\u00e5 sin tidsxel kan hen utmana motst\u00e5ndaren och f\u00e5 l\u00e5ten p\u00e5 den egna tidsaxeln ist\u00e4llet. 3. Det g\u00e5r att byta ut 3 hitsterkort mot ett musikkort som g\u00e5r att placera utan att beh\u00f6va gissa utgivnings\u00e5ret.<\/p>\n<p>Den spelare som f\u00f6rst f\u00e5r in 10 l\u00e5tar p\u00e5 sin tidsaxel vinner spelet!<\/p>\n<p><strong>OBS!<\/strong> Ifall du redan har finska versionen har denna expansion ungef\u00e4r 67% samma l\u00e5tar i sig. Om du vill ha mer l\u00e5tar utan att de g\u00e5r p\u00e5 varann rekommenderar vi svenska orginalet eller andra expansioner.<\/p>","protected":false},"excerpt":{"rendered":"<ul>\n<li><strong>Spelarm\u00e4ngd:<\/strong> 2-12 (<strong>B\u00e4sta m\u00e4ngden:<\/strong> 4-6)<\/li>\n<li><strong>Varaktighet:<\/strong> 30 &#8211; 60 min<\/li>\n<li><strong>\u00c5ldersrekommendation:<\/strong> 15+<\/li>\n<li><strong>Spr\u00e5k:<\/strong> Svenska (Ifall spelet \u00e4r bekant fr\u00e5n tidigare \u00e4r det dock ingen skillnad: Hitster appen \u00e4r flerspr\u00e5kig och reglerna finns p\u00e5 n\u00e4tet.)<\/li>\n<li><strong>Genre:<\/strong> Partyspel, Musikfr\u00e5gesport<\/li>\n<li><strong>Tema:<\/strong> Musikens tidsaxel<\/li>\n<li><strong>Utveckling:<\/strong> Marcus Carleson<\/li>\n<li><strong>Utgivare:<\/strong> Sl\u00e6ttaratindur AB<\/li>\n<\/ul>","protected":false},"featured_media":6682,"template":"","meta":{"site-sidebar-layout":"default","site-content-layout":"","ast-site-content-layout":"default","site-content-style":"default","site-sidebar-style":"default","ast-global-header-display":"","ast-banner-title-visibility":"","ast-main-header-display":"","ast-hfb-above-header-display":"","ast-hfb-below-header-display":"","ast-hfb-mobile-header-display":"","site-post-title":"","ast-breadcrumbs-content":"","ast-featured-img":"","footer-sml-layout":"","ast-disable-related-posts":"","theme-transparent-header-meta":"default","adv-header-id-meta":"","stick-header-meta":"","header-above-stick-meta":"","header-main-stick-meta":"","header-below-stick-meta":"","astra-migrate-meta-layouts":"set","ast-page-background-enabled":"default","ast-page-background-meta":{"desktop":{"background-color":"","background-image":"","background-repeat":"repeat","background-position":"center center","background-size":"auto","background-attachment":"scroll","background-type":"","background-media":"","overlay-type":"","overlay-color":"","overlay-opacity":"","overlay-gradient":""},"tablet":{"background-color":"","background-image":"","background-repeat":"repeat","background-position":"center center","background-size":"auto","background-attachment":"scroll","background-type":"","background-media":"","overlay-type":"","overlay-color":"","overlay-opacity":"","overlay-gradient":""},"mobile":{"background-color":"","background-image":"","background-repeat":"repeat","background-position":"center center","background-size":"auto","background-attachment":"scroll","background-type":"","background-media":"","overlay-type":"","overlay-color":"","overlay-opacity":"","overlay-gradient":""}},"ast-content-background-meta":{"desktop":{"background-color":"var(--ast-global-color-5)","background-image":"","background-repeat":"repeat","background-position":"center center","background-size":"auto","background-attachment":"scroll","background-type":"","background-media":"","overlay-type":"","overlay-color":"","overlay-opacity":"","overlay-gradient":""},"tablet":{"background-color":"var(--ast-global-color-5)","background-image":"","background-repeat":"repeat","background-position":"center center","background-size":"auto","background-attachment":"scroll","background-type":"","background-media":"","overlay-type":"","overlay-color":"","overlay-opacity":"","overlay-gradient":""},"mobile":{"background-color":"var(--ast-global-color-5)","background-image":"","background-repeat":"repeat","background-position":"center center","background-size":"auto","background-attachment":"scroll","background-type":"","background-media":"","overlay-type":"","overlay-color":"","overlay-opacity":"","overlay-gradient":""}}},"product_brand":[1214],"product_cat":[16,41],"product_tag":[1215,1216,1047,1050,1208],"class_list":{"0":"post-6681","1":"product","2":"type-product","3":"status-publish","4":"has-post-thumbnail","6":"product_brand-slaettaratindur","7":"product_cat-kaikki","8":"product_cat-partypelit","9":"product_tag-hitster-pelit","10":"product_tag-marcus-carleson","11":"product_tag-peruspeli","12":"product_tag-ruotsinkieliset-pelit","13":"product_tag-sovelluspohjaiset-pelit","14":"product_shipping_class-standard2","15":"desktop-align-center","16":"tablet-align-center","17":"mobile-align-center","19":"first","20":"instock","21":"taxable","22":"shipping-taxable","23":"purchasable","24":"product-type-simple"},"yoast_head":"<!-- This site is optimized with the Yoast SEO Premium plugin v27.5 (Yoast SEO v27.6) - https:\/\/yoast.com\/product\/yoast-seo-premium-wordpress\/ -->\n<title>Hitster 2 - F\u00f6rl\u00e4ng Festen (SE) &#8211; Spelivinkki<\/title>\n<meta name=\"description\" content=\"Koe musiikin taika Hitster 2 - F\u00f6rl\u00e4ng Festen -peliss\u00e4! Aseta hitit oikealle aikajanalle ja lunasta voitto kavereidesi edest\u00e4! \ud83c\udfb5\" \/>\n<meta name=\"robots\" content=\"index, follow, max-snippet:-1, max-image-preview:large, max-video-preview:-1\" \/>\n<link rel=\"canonical\" href=\"https:\/\/spelivinkki.fi\/sv\/produkt\/hitster-2-forlang-festen-se\/\" \/>\n<meta property=\"og:locale\" content=\"sv_SE\" \/>\n<meta property=\"og:type\" content=\"article\" \/>\n<meta property=\"og:title\" content=\"Hitster 2 - F\u00f6rl\u00e4ng Festen (SE)\" \/>\n<meta property=\"og:description\" content=\"Koe musiikin taika Hitster 2 - F\u00f6rl\u00e4ng Festen -peliss\u00e4! Aseta hitit oikealle aikajanalle ja lunasta voitto kavereidesi edest\u00e4! \ud83c\udfb5\" \/>\n<meta property=\"og:url\" content=\"https:\/\/spelivinkki.fi\/sv\/produkt\/hitster-2-forlang-festen-se\/\" \/>\n<meta property=\"og:site_name\" content=\"Spelivinkki\" \/>\n<meta property=\"article:publisher\" content=\"https:\/\/www.facebook.com\/SpelivinkkiOy\/\" \/>\n<meta property=\"article:modified_time\" content=\"2026-02-24T06:16:36+00:00\" \/>\n<meta property=\"og:image\" content=\"https:\/\/mlw9zexfsyfr.i.optimole.com\/w:auto\/h:auto\/q:mauto\/ig:avif\/https:\/\/spelivinkki.fi\/wp-content\/uploads\/2024\/09\/Hitster2_FF.webp\" \/>\n\t<meta property=\"og:image:width\" content=\"600\" \/>\n\t<meta property=\"og:image:height\" content=\"600\" \/>\n\t<meta property=\"og:image:type\" content=\"image\/webp\" \/>\n<meta name=\"twitter:card\" content=\"summary_large_image\" \/>\n<meta name=\"twitter:site\" content=\"@SpelivinkkiOy\" \/>\n<meta name=\"twitter:label1\" content=\"Pris\" \/>\n\t<meta name=\"twitter:data1\" content=\"25,00&nbsp;&euro;\" \/>\n\t<meta name=\"twitter:label2\" content=\"Tillg\u00e4nglig\" \/>\n\t<meta name=\"twitter:data2\" content=\"I lager\" \/>\n<script type=\"application\/ld+json\" class=\"yoast-schema-graph\">{\"@context\":\"https:\\\/\\\/schema.org\",\"@graph\":[{\"@type\":\"WebPage\",\"@id\":\"https:\\\/\\\/spelivinkki.fi\\\/tuote\\\/hitster-2-forlang-festen-se\\\/\",\"url\":\"https:\\\/\\\/spelivinkki.fi\\\/tuote\\\/hitster-2-forlang-festen-se\\\/\",\"name\":\"Hitster 2 - F\u00f6rl\u00e4ng Festen (SE) &#8211; Spelivinkki\",\"isPartOf\":{\"@id\":\"https:\\\/\\\/spelivinkki.fi\\\/#website\"},\"primaryImageOfPage\":{\"@id\":\"https:\\\/\\\/spelivinkki.fi\\\/tuote\\\/hitster-2-forlang-festen-se\\\/#primaryimage\"},\"image\":{\"@id\":\"https:\\\/\\\/spelivinkki.fi\\\/tuote\\\/hitster-2-forlang-festen-se\\\/#primaryimage\"},\"thumbnailUrl\":\"https:\\/\\/spelivinkki.fi\\/wp-content\\/uploads\\/2024\\/09\\/Hitster2_FF.webp\",\"datePublished\":\"2024-09-30T13:17:47+00:00\",\"dateModified\":\"2026-02-24T06:16:36+00:00\",\"description\":\"Koe musiikin taika Hitster 2 - F\u00f6rl\u00e4ng Festen -peliss\u00e4! Aseta hitit oikealle aikajanalle ja lunasta voitto kavereidesi edest\u00e4! \ud83c\udfb5\",\"breadcrumb\":{\"@id\":\"https:\\\/\\\/spelivinkki.fi\\\/tuote\\\/hitster-2-forlang-festen-se\\\/#breadcrumb\"},\"inLanguage\":\"sv-SE\",\"potentialAction\":[{\"@type\":\"ReadAction\",\"target\":[\"https:\\\/\\\/spelivinkki.fi\\\/tuote\\\/hitster-2-forlang-festen-se\\\/\"]}]},{\"@type\":\"ImageObject\",\"inLanguage\":\"sv-SE\",\"@id\":\"https:\\\/\\\/spelivinkki.fi\\\/tuote\\\/hitster-2-forlang-festen-se\\\/#primaryimage\",\"url\":\"https:\\/\\/spelivinkki.fi\\/wp-content\\/uploads\\/2024\\/09\\/Hitster2_FF.webp\",\"contentUrl\":\"https:\\/\\/spelivinkki.fi\\/wp-content\\/uploads\\/2024\\/09\\/Hitster2_FF.webp\",\"width\":600,\"height\":600,\"caption\":\"Hitster2 FF\"},{\"@type\":\"BreadcrumbList\",\"@id\":\"https:\\\/\\\/spelivinkki.fi\\\/tuote\\\/hitster-2-forlang-festen-se\\\/#breadcrumb\",\"itemListElement\":[{\"@type\":\"ListItem\",\"position\":1,\"name\":\"Etusivu\",\"item\":\"https:\\\/\\\/spelivinkki.fi\\\/\"},{\"@type\":\"ListItem\",\"position\":2,\"name\":\"Tuotteet\",\"item\":\"https:\\\/\\\/spelivinkki.fi\\\/tuotteet\\\/\"},{\"@type\":\"ListItem\",\"position\":3,\"name\":\"Hitster 2 &#8211; F\u00f6rl\u00e4ng Festen (SE)\"}]},{\"@type\":\"WebSite\",\"@id\":\"https:\\\/\\\/spelivinkki.fi\\\/#website\",\"url\":\"https:\\\/\\\/spelivinkki.fi\\\/\",\"name\":\"Spelivinkki\",\"description\":\"Paraisten Lautapelikauppa\",\"publisher\":{\"@id\":\"https:\\\/\\\/spelivinkki.fi\\\/#organization\"},\"alternateName\":\"Spelivinkki Oy\",\"potentialAction\":[{\"@type\":\"SearchAction\",\"target\":{\"@type\":\"EntryPoint\",\"urlTemplate\":\"https:\\\/\\\/spelivinkki.fi\\\/?s={search_term_string}\"},\"query-input\":{\"@type\":\"PropertyValueSpecification\",\"valueRequired\":true,\"valueName\":\"search_term_string\"}}],\"inLanguage\":\"sv-SE\"},{\"@type\":\"Organization\",\"@id\":\"https:\\\/\\\/spelivinkki.fi\\\/#organization\",\"name\":\"Spelivinkki Oy\",\"alternateName\":\"Spelivinkki\",\"url\":\"https:\\\/\\\/spelivinkki.fi\\\/\",\"logo\":{\"@type\":\"ImageObject\",\"inLanguage\":\"sv-SE\",\"@id\":\"https:\\\/\\\/spelivinkki.fi\\\/#\\\/schema\\\/logo\\\/image\\\/\",\"url\":\"https:\\/\\/spelivinkki.fi\\/wp-content\\/uploads\\/2024\\/02\\/Logo.svg\",\"contentUrl\":\"https:\\/\\/spelivinkki.fi\\/wp-content\\/uploads\\/2024\\/02\\/Logo.svg\",\"width\":2176,\"height\":2323,\"caption\":\"Spelivinkki Oy\"},\"image\":{\"@id\":\"https:\\\/\\\/spelivinkki.fi\\\/#\\\/schema\\\/logo\\\/image\\\/\"},\"sameAs\":[\"https:\\\/\\\/www.facebook.com\\\/SpelivinkkiOy\\\/\",\"https:\\\/\\\/x.com\\\/SpelivinkkiOy\",\"https:\\\/\\\/www.instagram.com\\\/spelivinkkioy\\\/\"],\"description\":\"Spelivinkki Oy is a company operating both a brick-and-mortar store in Finland as well as a webshop online. We sell board games, roleplaying games, miniature wargames, logic puzzles, jigsaw puzzles and other things related to the boardgame hobby.\",\"email\":\"myynti@spelivinkki.fi\",\"telephone\":\"+358406486605\",\"legalName\":\"Spelivinkki Oy\",\"foundingDate\":\"2023-09-17\",\"vatID\":\"FI33904524\",\"numberOfEmployees\":{\"@type\":\"QuantitativeValue\",\"minValue\":\"1\",\"maxValue\":\"10\"},\"hasMerchantReturnPolicy\":{\"@type\":\"MerchantReturnPolicy\",\"merchantReturnLink\":\"https:\\\/\\\/spelivinkki.fi\\\/sv\\\/spelivinkin-vaihto-ja-palautusoikeus\\\/\"}}]}<\/script>\n<meta property=\"product:brand\" content=\"Sl\u00e6ttaratindur\" \/>\n<meta property=\"product:price:amount\" content=\"25.00\" \/>\n<meta property=\"product:price:currency\" content=\"EUR\" \/>\n<meta property=\"og:availability\" content=\"instock\" \/>\n<meta property=\"product:availability\" content=\"instock\" \/>\n<meta property=\"product:retailer_item_id\" content=\"Hitster2_SE\" \/>\n<meta property=\"product:condition\" content=\"new\" \/>\n<!-- \/ Yoast SEO Premium plugin. -->","yoast_head_json":{"title":"Hitster 2 - F\u00f6rl\u00e4ng Festen (SE) &#8211; Spelivinkki","description":"Koe musiikin taika Hitster 2 - F\u00f6rl\u00e4ng Festen -peliss\u00e4! Aseta hitit oikealle aikajanalle ja lunasta voitto kavereidesi edest\u00e4! \ud83c\udfb5","robots":{"index":"index","follow":"follow","max-snippet":"max-snippet:-1","max-image-preview":"max-image-preview:large","max-video-preview":"max-video-preview:-1"},"canonical":"https:\/\/spelivinkki.fi\/sv\/produkt\/hitster-2-forlang-festen-se\/","og_locale":"sv_SE","og_type":"article","og_title":"Hitster 2 - F\u00f6rl\u00e4ng Festen (SE)","og_description":"Koe musiikin taika Hitster 2 - F\u00f6rl\u00e4ng Festen -peliss\u00e4! Aseta hitit oikealle aikajanalle ja lunasta voitto kavereidesi edest\u00e4! \ud83c\udfb5","og_url":"https:\/\/spelivinkki.fi\/sv\/produkt\/hitster-2-forlang-festen-se\/","og_site_name":"Spelivinkki","article_publisher":"https:\/\/www.facebook.com\/SpelivinkkiOy\/","article_modified_time":"2026-02-24T06:16:36+00:00","og_image":[{"width":600,"height":600,"url":"https:\/\/mlw9zexfsyfr.i.optimole.com\/w:auto\/h:auto\/q:mauto\/ig:avif\/https:\/\/spelivinkki.fi\/wp-content\/uploads\/2024\/09\/Hitster2_FF.webp","type":"image\/webp"}],"twitter_card":"summary_large_image","twitter_site":"@SpelivinkkiOy","twitter_misc":{"Pris":"25,00&nbsp;&euro;","Tillg\u00e4nglig":"I lager"},"schema":{"@context":"https:\/\/schema.org","@graph":[{"@type":"WebPage","@id":"https:\/\/spelivinkki.fi\/tuote\/hitster-2-forlang-festen-se\/","url":"https:\/\/spelivinkki.fi\/tuote\/hitster-2-forlang-festen-se\/","name":"Hitster 2 - F\u00f6rl\u00e4ng Festen (SE) &#8211; Spelivinkki","isPartOf":{"@id":"https:\/\/spelivinkki.fi\/#website"},"primaryImageOfPage":{"@id":"https:\/\/spelivinkki.fi\/tuote\/hitster-2-forlang-festen-se\/#primaryimage"},"image":{"@id":"https:\/\/spelivinkki.fi\/tuote\/hitster-2-forlang-festen-se\/#primaryimage"},"thumbnailUrl":"https:\/\/mlw9zexfsyfr.i.optimole.com\/w:auto\/h:auto\/q:mauto\/ig:avif\/https:\/\/spelivinkki.fi\/wp-content\/uploads\/2024\/09\/Hitster2_FF.webp","datePublished":"2024-09-30T13:17:47+00:00","dateModified":"2026-02-24T06:16:36+00:00","description":"Koe musiikin taika Hitster 2 - F\u00f6rl\u00e4ng Festen -peliss\u00e4! Aseta hitit oikealle aikajanalle ja lunasta voitto kavereidesi edest\u00e4! \ud83c\udfb5","breadcrumb":{"@id":"https:\/\/spelivinkki.fi\/tuote\/hitster-2-forlang-festen-se\/#breadcrumb"},"inLanguage":"sv-SE","potentialAction":[{"@type":"ReadAction","target":["https:\/\/spelivinkki.fi\/tuote\/hitster-2-forlang-festen-se\/"]}]},{"@type":"ImageObject","inLanguage":"sv-SE","@id":"https:\/\/spelivinkki.fi\/tuote\/hitster-2-forlang-festen-se\/#primaryimage","url":"https:\/\/mlw9zexfsyfr.i.optimole.com\/w:auto\/h:auto\/q:mauto\/ig:avif\/https:\/\/spelivinkki.fi\/wp-content\/uploads\/2024\/09\/Hitster2_FF.webp","contentUrl":"https:\/\/mlw9zexfsyfr.i.optimole.com\/w:auto\/h:auto\/q:mauto\/ig:avif\/https:\/\/spelivinkki.fi\/wp-content\/uploads\/2024\/09\/Hitster2_FF.webp","width":600,"height":600,"caption":"Hitster2 FF"},{"@type":"BreadcrumbList","@id":"https:\/\/spelivinkki.fi\/tuote\/hitster-2-forlang-festen-se\/#breadcrumb","itemListElement":[{"@type":"ListItem","position":1,"name":"Etusivu","item":"https:\/\/spelivinkki.fi\/"},{"@type":"ListItem","position":2,"name":"Tuotteet","item":"https:\/\/spelivinkki.fi\/tuotteet\/"},{"@type":"ListItem","position":3,"name":"Hitster 2 &#8211; F\u00f6rl\u00e4ng Festen (SE)"}]},{"@type":"WebSite","@id":"https:\/\/spelivinkki.fi\/#website","url":"https:\/\/spelivinkki.fi\/","name":"Spelivinkki","description":"Paraisten Lautapelikauppa","publisher":{"@id":"https:\/\/spelivinkki.fi\/#organization"},"alternateName":"Spelivinkki Oy","potentialAction":[{"@type":"SearchAction","target":{"@type":"EntryPoint","urlTemplate":"https:\/\/spelivinkki.fi\/?s={search_term_string}"},"query-input":{"@type":"PropertyValueSpecification","valueRequired":true,"valueName":"search_term_string"}}],"inLanguage":"sv-SE"},{"@type":"Organization","@id":"https:\/\/spelivinkki.fi\/#organization","name":"Spelivinkki Oy","alternateName":"Spelivinkki","url":"https:\/\/spelivinkki.fi\/","logo":{"@type":"ImageObject","inLanguage":"sv-SE","@id":"https:\/\/spelivinkki.fi\/#\/schema\/logo\/image\/","url":"https:\/\/mlw9zexfsyfr.i.optimole.com\/w:auto\/h:auto\/q:mauto\/ig:avif\/https:\/\/spelivinkki.fi\/wp-content\/uploads\/2024\/02\/Logo.svg","contentUrl":"https:\/\/mlw9zexfsyfr.i.optimole.com\/w:auto\/h:auto\/q:mauto\/ig:avif\/https:\/\/spelivinkki.fi\/wp-content\/uploads\/2024\/02\/Logo.svg","width":2176,"height":2323,"caption":"Spelivinkki Oy"},"image":{"@id":"https:\/\/spelivinkki.fi\/#\/schema\/logo\/image\/"},"sameAs":["https:\/\/www.facebook.com\/SpelivinkkiOy\/","https:\/\/x.com\/SpelivinkkiOy","https:\/\/www.instagram.com\/spelivinkkioy\/"],"description":"Spelivinkki Oy is a company operating both a brick-and-mortar store in Finland as well as a webshop online. We sell board games, roleplaying games, miniature wargames, logic puzzles, jigsaw puzzles and other things related to the boardgame hobby.","email":"myynti@spelivinkki.fi","telephone":"+358406486605","legalName":"Spelivinkki Oy","foundingDate":"2023-09-17","vatID":"FI33904524","numberOfEmployees":{"@type":"QuantitativeValue","minValue":"1","maxValue":"10"},"hasMerchantReturnPolicy":{"@type":"MerchantReturnPolicy","merchantReturnLink":"https:\/\/spelivinkki.fi\/sv\/spelivinkin-vaihto-ja-palautusoikeus\/"}}]},"product_brand":"Sl\u00e6ttaratindur","product_price_amount":"25.00","product_price_currency":"EUR","og_availability":"instock","product_availability":"instock","product_retailer_item_id":"Hitster2_SE","product_condition":"new"},"_links":{"self":[{"href":"https:\/\/spelivinkki.fi\/sv\/wp-json\/wp\/v2\/product\/6681","targetHints":{"allow":["GET"]}}],"collection":[{"href":"https:\/\/spelivinkki.fi\/sv\/wp-json\/wp\/v2\/product"}],"about":[{"href":"https:\/\/spelivinkki.fi\/sv\/wp-json\/wp\/v2\/types\/product"}],"wp:featuredmedia":[{"embeddable":true,"href":"https:\/\/spelivinkki.fi\/sv\/wp-json\/wp\/v2\/media\/6682"}],"wp:attachment":[{"href":"https:\/\/spelivinkki.fi\/sv\/wp-json\/wp\/v2\/media?parent=6681"}],"wp:term":[{"taxonomy":"product_brand","embeddable":true,"href":"https:\/\/spelivinkki.fi\/sv\/wp-json\/wp\/v2\/product_brand?post=6681"},{"taxonomy":"product_cat","embeddable":true,"href":"https:\/\/spelivinkki.fi\/sv\/wp-json\/wp\/v2\/product_cat?post=6681"},{"taxonomy":"product_tag","embeddable":true,"href":"https:\/\/spelivinkki.fi\/sv\/wp-json\/wp\/v2\/product_tag?post=6681"}],"curies":[{"name":"wp","href":"https:\/\/api.w.org\/{rel}","templated":true}]}}