{"id":6694,"date":"2024-10-11T12:31:32","date_gmt":"2024-10-11T12:31:32","guid":{"rendered":"https:\/\/spelivinkki.fi\/?post_type=product&#038;p=6694"},"modified":"2025-07-14T20:45:23","modified_gmt":"2025-07-14T20:45:23","slug":"wingspan-euroopan-linnut-fi","status":"publish","type":"product","link":"https:\/\/spelivinkki.fi\/sv\/produkt\/wingspan-euroopan-linnut-fi\/","title":{"rendered":"Wingspan \u2013 Europas F\u00e5glar Expansion (FI)"},"content":{"rendered":"<p>Wingspan \u2013 Europas f\u00e5glar kommer med 81 nya f\u00e5gelkort och 5 nya bonusm\u00e5l. Dessutom kommer fler \u00e4gg, mat, och mer! Den passar b\u00e5de ihop med Asiens F\u00e5glar expansionen och basspelet.<\/p>\n<h6><strong>Ugivarens beskrivning:<\/strong><\/h6>\n<p><em>T\u00e4ss\u00e4 Wingspanin ensimm\u00e4isess\u00e4 lis\u00e4osassa lintuvalikoima laajenee Euroopan upeilla ja monipuolisilla linnuilla. N\u00e4ill\u00e4 linnuilla on monia uusia ominaisuuksia, jotka esimerkiksi aktivoituvat kierroksen lopussa, lis\u00e4\u00e4v\u00e4t pelaajien v\u00e4list\u00e4 vuorovaikutusta, vahvistavat my\u00f6hempi\u00e4 toimintoja viem\u00e4ll\u00e4 kaksi ruutua pelaajalaudalta tai antavat etuja ylim\u00e4\u00e4r\u00e4isist\u00e4 korteista tai ruoasta. Euroopan linnut on suunniteltu niin, ett\u00e4 ne voidaan sekoittaa yhteen alkuper\u00e4isten korttien (ja my\u00f6hempien lis\u00e4osien korttien) kanssa.<\/em><\/p>","protected":false},"excerpt":{"rendered":"<p><strong>OBS!<\/strong> Detta \u00e4r en expansion som beh\u00f6ver Wingspan basspelet f\u00f6r att spelas!<\/p>\n<ul>\n<li><strong>Spelarm\u00e4ngd: <\/strong>1-5 (<strong>B\u00e4sta m\u00e4ngden:<\/strong> 3)<\/li>\n<li><strong>Varaktighet:\u00a0<\/strong>40-70 min<\/li>\n<li><strong>\u00c5ldersrekommendation:\u00a0<\/strong>10+<\/li>\n<li><strong>Spr\u00e5k:\u00a0<\/strong>Finska<\/li>\n<li><strong>Genre:<\/strong>\u00a0T\u00e4rningar, resursplockande, samling<\/li>\n<li><strong>Tema:\u00a0<\/strong>F\u00e5glar, L\u00e4rorikt<\/li>\n<li><strong>Passande Sleevy Kortskydd (ing\u00e5r ej!): <\/strong>90 st M Storlek<\/li>\n<li><strong>Utveckling:<\/strong> Elizabeth Hargrave<\/li>\n<li><strong>Utgivare:<\/strong> Stonemaier Games \/ Lautapelit.fi<\/li>\n<\/ul>","protected":false},"featured_media":6695,"template":"","meta":{"site-sidebar-layout":"default","site-content-layout":"","ast-site-content-layout":"default","site-content-style":"default","site-sidebar-style":"default","ast-global-header-display":"","ast-banner-title-visibility":"","ast-main-header-display":"","ast-hfb-above-header-display":"","ast-hfb-below-header-display":"","ast-hfb-mobile-header-display":"","site-post-title":"","ast-breadcrumbs-content":"","ast-featured-img":"","footer-sml-layout":"","ast-disable-related-posts":"","theme-transparent-header-meta":"default","adv-header-id-meta":"","stick-header-meta":"","header-above-stick-meta":"","header-main-stick-meta":"","header-below-stick-meta":"","astra-migrate-meta-layouts":"set","ast-page-background-enabled":"default","ast-page-background-meta":{"desktop":{"background-color":"","background-image":"","background-repeat":"repeat","background-position":"center center","background-size":"auto","background-attachment":"scroll","background-type":"","background-media":"","overlay-type":"","overlay-color":"","overlay-opacity":"","overlay-gradient":""},"tablet":{"background-color":"","background-image":"","background-repeat":"repeat","background-position":"center center","background-size":"auto","background-attachment":"scroll","background-type":"","background-media":"","overlay-type":"","overlay-color":"","overlay-opacity":"","overlay-gradient":""},"mobile":{"background-color":"","background-image":"","background-repeat":"repeat","background-position":"center center","background-size":"auto","background-attachment":"scroll","background-type":"","background-media":"","overlay-type":"","overlay-color":"","overlay-opacity":"","overlay-gradient":""}},"ast-content-background-meta":{"desktop":{"background-color":"var(--ast-global-color-5)","background-image":"","background-repeat":"repeat","background-position":"center center","background-size":"auto","background-attachment":"scroll","background-type":"","background-media":"","overlay-type":"","overlay-color":"","overlay-opacity":"","overlay-gradient":""},"tablet":{"background-color":"var(--ast-global-color-5)","background-image":"","background-repeat":"repeat","background-position":"center center","background-size":"auto","background-attachment":"scroll","background-type":"","background-media":"","overlay-type":"","overlay-color":"","overlay-opacity":"","overlay-gradient":""},"mobile":{"background-color":"var(--ast-global-color-5)","background-image":"","background-repeat":"repeat","background-position":"center center","background-size":"auto","background-attachment":"scroll","background-type":"","background-media":"","overlay-type":"","overlay-color":"","overlay-opacity":"","overlay-gradient":""}}},"product_brand":[1107,1119],"product_cat":[16,278,45],"product_tag":[1121,1058,1115,1048,1120],"class_list":{"0":"post-6694","1":"product","2":"type-product","3":"status-publish","4":"has-post-thumbnail","6":"product_brand-lautapelit-fi","7":"product_brand-stonemaier-games","8":"product_cat-kaikki","9":"product_cat-settikeraily","10":"product_cat-strategiapelit","11":"product_tag-elizabeth-hargrave","12":"product_tag-europeli","13":"product_tag-lisaosa","14":"product_tag-suomenkieliset-pelit","15":"product_tag-wingspan-pelit","16":"product_shipping_class-standard2","17":"desktop-align-center","18":"tablet-align-center","19":"mobile-align-center","21":"first","22":"instock","23":"taxable","24":"shipping-taxable","25":"purchasable","26":"product-type-simple"},"yoast_head":"<!-- This site is optimized with the Yoast SEO Premium plugin v27.3 (Yoast SEO v27.4) - https:\/\/yoast.com\/product\/yoast-seo-premium-wordpress\/ -->\n<title>Wingspan - Euroopan Linnut (FI) &#8211; Spelivinkki<\/title>\n<meta name=\"description\" content=\"Wingspan - Euroopan linnut tarjoaa ainutlaatuisen kokemuksen laajentamalla lintuvalikoiman. Lis\u00e4\u00e4 v\u00e4ri\u00e4 peliisi ja nappaa upeat edut k\u00e4ytt\u00f6\u00f6si!\" \/>\n<meta name=\"robots\" content=\"index, follow, max-snippet:-1, max-image-preview:large, max-video-preview:-1\" \/>\n<link rel=\"canonical\" href=\"https:\/\/spelivinkki.fi\/sv\/produkt\/wingspan-euroopan-linnut-fi\/\" \/>\n<meta property=\"og:locale\" content=\"sv_SE\" \/>\n<meta property=\"og:type\" content=\"article\" \/>\n<meta property=\"og:title\" content=\"Wingspan - Euroopan Linnut (FI)\" \/>\n<meta property=\"og:description\" content=\"Wingspan - Euroopan linnut tarjoaa ainutlaatuisen kokemuksen laajentamalla lintuvalikoiman. Lis\u00e4\u00e4 v\u00e4ri\u00e4 peliisi ja nappaa upeat edut k\u00e4ytt\u00f6\u00f6si!\" \/>\n<meta property=\"og:url\" content=\"https:\/\/spelivinkki.fi\/sv\/produkt\/wingspan-euroopan-linnut-fi\/\" \/>\n<meta property=\"og:site_name\" content=\"Spelivinkki\" \/>\n<meta property=\"article:publisher\" content=\"https:\/\/www.facebook.com\/SpelivinkkiOy\/\" \/>\n<meta property=\"article:modified_time\" content=\"2025-07-14T20:45:23+00:00\" \/>\n<meta property=\"og:image\" content=\"https:\/\/mlw9zexfsyfr.i.optimole.com\/w:auto\/h:auto\/q:mauto\/ig:avif\/https:\/\/spelivinkki.fi\/wp-content\/uploads\/2024\/10\/Wingspan-Euroopan-Linnut-Tuotekuva.webp\" \/>\n\t<meta property=\"og:image:width\" content=\"889\" \/>\n\t<meta property=\"og:image:height\" content=\"889\" \/>\n\t<meta property=\"og:image:type\" content=\"image\/webp\" \/>\n<meta name=\"twitter:card\" content=\"summary_large_image\" \/>\n<meta name=\"twitter:site\" content=\"@SpelivinkkiOy\" \/>\n<meta name=\"twitter:label1\" content=\"Pris\" \/>\n\t<meta name=\"twitter:data1\" content=\"28,00&nbsp;&euro;\" \/>\n\t<meta name=\"twitter:label2\" content=\"Tillg\u00e4nglig\" \/>\n\t<meta name=\"twitter:data2\" content=\"I lager\" \/>\n<script type=\"application\/ld+json\" class=\"yoast-schema-graph\">{\"@context\":\"https:\\\/\\\/schema.org\",\"@graph\":[{\"@type\":\"WebPage\",\"@id\":\"https:\\\/\\\/spelivinkki.fi\\\/tuote\\\/wingspan-euroopan-linnut-fi\\\/\",\"url\":\"https:\\\/\\\/spelivinkki.fi\\\/tuote\\\/wingspan-euroopan-linnut-fi\\\/\",\"name\":\"Wingspan - Euroopan Linnut (FI) &#8211; Spelivinkki\",\"isPartOf\":{\"@id\":\"https:\\\/\\\/spelivinkki.fi\\\/#website\"},\"primaryImageOfPage\":{\"@id\":\"https:\\\/\\\/spelivinkki.fi\\\/tuote\\\/wingspan-euroopan-linnut-fi\\\/#primaryimage\"},\"image\":{\"@id\":\"https:\\\/\\\/spelivinkki.fi\\\/tuote\\\/wingspan-euroopan-linnut-fi\\\/#primaryimage\"},\"thumbnailUrl\":\"https:\\/\\/spelivinkki.fi\\/wp-content\\/uploads\\/2024\\/10\\/Wingspan-Euroopan-Linnut-Tuotekuva.webp\",\"datePublished\":\"2024-10-11T12:31:32+00:00\",\"dateModified\":\"2025-07-14T20:45:23+00:00\",\"description\":\"Wingspan - Euroopan linnut tarjoaa ainutlaatuisen kokemuksen laajentamalla lintuvalikoiman. Lis\u00e4\u00e4 v\u00e4ri\u00e4 peliisi ja nappaa upeat edut k\u00e4ytt\u00f6\u00f6si!\",\"breadcrumb\":{\"@id\":\"https:\\\/\\\/spelivinkki.fi\\\/tuote\\\/wingspan-euroopan-linnut-fi\\\/#breadcrumb\"},\"inLanguage\":\"sv-SE\",\"potentialAction\":[{\"@type\":\"ReadAction\",\"target\":[\"https:\\\/\\\/spelivinkki.fi\\\/tuote\\\/wingspan-euroopan-linnut-fi\\\/\"]}]},{\"@type\":\"ImageObject\",\"inLanguage\":\"sv-SE\",\"@id\":\"https:\\\/\\\/spelivinkki.fi\\\/tuote\\\/wingspan-euroopan-linnut-fi\\\/#primaryimage\",\"url\":\"https:\\/\\/spelivinkki.fi\\/wp-content\\/uploads\\/2024\\/10\\/Wingspan-Euroopan-Linnut-Tuotekuva.webp\",\"contentUrl\":\"https:\\/\\/spelivinkki.fi\\/wp-content\\/uploads\\/2024\\/10\\/Wingspan-Euroopan-Linnut-Tuotekuva.webp\",\"width\":889,\"height\":889,\"caption\":\"Wingspan Euroopan Linnut Tuotekuva\"},{\"@type\":\"BreadcrumbList\",\"@id\":\"https:\\\/\\\/spelivinkki.fi\\\/tuote\\\/wingspan-euroopan-linnut-fi\\\/#breadcrumb\",\"itemListElement\":[{\"@type\":\"ListItem\",\"position\":1,\"name\":\"Etusivu\",\"item\":\"https:\\\/\\\/spelivinkki.fi\\\/\"},{\"@type\":\"ListItem\",\"position\":2,\"name\":\"Tuotteet\",\"item\":\"https:\\\/\\\/spelivinkki.fi\\\/tuotteet\\\/\"},{\"@type\":\"ListItem\",\"position\":3,\"name\":\"Wingspan &#8211; Euroopan Linnut (FI)\"}]},{\"@type\":\"WebSite\",\"@id\":\"https:\\\/\\\/spelivinkki.fi\\\/#website\",\"url\":\"https:\\\/\\\/spelivinkki.fi\\\/\",\"name\":\"Spelivinkki\",\"description\":\"Paraisten Lautapelikauppa\",\"publisher\":{\"@id\":\"https:\\\/\\\/spelivinkki.fi\\\/#organization\"},\"alternateName\":\"Spelivinkki Oy\",\"potentialAction\":[{\"@type\":\"SearchAction\",\"target\":{\"@type\":\"EntryPoint\",\"urlTemplate\":\"https:\\\/\\\/spelivinkki.fi\\\/?s={search_term_string}\"},\"query-input\":{\"@type\":\"PropertyValueSpecification\",\"valueRequired\":true,\"valueName\":\"search_term_string\"}}],\"inLanguage\":\"sv-SE\"},{\"@type\":\"Organization\",\"@id\":\"https:\\\/\\\/spelivinkki.fi\\\/#organization\",\"name\":\"Spelivinkki Oy\",\"alternateName\":\"Spelivinkki\",\"url\":\"https:\\\/\\\/spelivinkki.fi\\\/\",\"logo\":{\"@type\":\"ImageObject\",\"inLanguage\":\"sv-SE\",\"@id\":\"https:\\\/\\\/spelivinkki.fi\\\/#\\\/schema\\\/logo\\\/image\\\/\",\"url\":\"https:\\/\\/spelivinkki.fi\\/wp-content\\/uploads\\/2024\\/02\\/Logo.svg\",\"contentUrl\":\"https:\\/\\/spelivinkki.fi\\/wp-content\\/uploads\\/2024\\/02\\/Logo.svg\",\"width\":2176,\"height\":2323,\"caption\":\"Spelivinkki Oy\"},\"image\":{\"@id\":\"https:\\\/\\\/spelivinkki.fi\\\/#\\\/schema\\\/logo\\\/image\\\/\"},\"sameAs\":[\"https:\\\/\\\/www.facebook.com\\\/SpelivinkkiOy\\\/\",\"https:\\\/\\\/x.com\\\/SpelivinkkiOy\",\"https:\\\/\\\/www.instagram.com\\\/spelivinkkioy\\\/\"],\"description\":\"Spelivinkki Oy is a company operating both a brick-and-mortar store in Finland as well as a webshop online. We sell board games, roleplaying games, miniature wargames, logic puzzles, jigsaw puzzles and other things related to the boardgame hobby.\",\"email\":\"myynti@spelivinkki.fi\",\"telephone\":\"+358406486605\",\"legalName\":\"Spelivinkki Oy\",\"foundingDate\":\"2023-09-17\",\"vatID\":\"FI33904524\",\"numberOfEmployees\":{\"@type\":\"QuantitativeValue\",\"minValue\":\"1\",\"maxValue\":\"10\"},\"hasMerchantReturnPolicy\":{\"@type\":\"MerchantReturnPolicy\",\"merchantReturnLink\":\"https:\\\/\\\/spelivinkki.fi\\\/sv\\\/spelivinkin-vaihto-ja-palautusoikeus\\\/\"}}]}<\/script>\n<meta property=\"product:brand\" content=\"Lautapelit.fi\" \/>\n<meta property=\"product:price:amount\" content=\"28.00\" \/>\n<meta property=\"product:price:currency\" content=\"EUR\" \/>\n<meta property=\"og:availability\" content=\"instock\" \/>\n<meta property=\"product:availability\" content=\"instock\" \/>\n<meta property=\"product:retailer_item_id\" content=\"Wingspan Eurooppa FI\" \/>\n<meta property=\"product:condition\" content=\"new\" \/>\n<!-- \/ Yoast SEO Premium plugin. -->","yoast_head_json":{"title":"Wingspan - Euroopan Linnut (FI) &#8211; Spelivinkki","description":"Wingspan - Euroopan linnut tarjoaa ainutlaatuisen kokemuksen laajentamalla lintuvalikoiman. Lis\u00e4\u00e4 v\u00e4ri\u00e4 peliisi ja nappaa upeat edut k\u00e4ytt\u00f6\u00f6si!","robots":{"index":"index","follow":"follow","max-snippet":"max-snippet:-1","max-image-preview":"max-image-preview:large","max-video-preview":"max-video-preview:-1"},"canonical":"https:\/\/spelivinkki.fi\/sv\/produkt\/wingspan-euroopan-linnut-fi\/","og_locale":"sv_SE","og_type":"article","og_title":"Wingspan - Euroopan Linnut (FI)","og_description":"Wingspan - Euroopan linnut tarjoaa ainutlaatuisen kokemuksen laajentamalla lintuvalikoiman. Lis\u00e4\u00e4 v\u00e4ri\u00e4 peliisi ja nappaa upeat edut k\u00e4ytt\u00f6\u00f6si!","og_url":"https:\/\/spelivinkki.fi\/sv\/produkt\/wingspan-euroopan-linnut-fi\/","og_site_name":"Spelivinkki","article_publisher":"https:\/\/www.facebook.com\/SpelivinkkiOy\/","article_modified_time":"2025-07-14T20:45:23+00:00","og_image":[{"width":889,"height":889,"url":"https:\/\/mlw9zexfsyfr.i.optimole.com\/w:auto\/h:auto\/q:mauto\/ig:avif\/https:\/\/spelivinkki.fi\/wp-content\/uploads\/2024\/10\/Wingspan-Euroopan-Linnut-Tuotekuva.webp","type":"image\/webp"}],"twitter_card":"summary_large_image","twitter_site":"@SpelivinkkiOy","twitter_misc":{"Pris":"28,00&nbsp;&euro;","Tillg\u00e4nglig":"I lager"},"schema":{"@context":"https:\/\/schema.org","@graph":[{"@type":"WebPage","@id":"https:\/\/spelivinkki.fi\/tuote\/wingspan-euroopan-linnut-fi\/","url":"https:\/\/spelivinkki.fi\/tuote\/wingspan-euroopan-linnut-fi\/","name":"Wingspan - Euroopan Linnut (FI) &#8211; Spelivinkki","isPartOf":{"@id":"https:\/\/spelivinkki.fi\/#website"},"primaryImageOfPage":{"@id":"https:\/\/spelivinkki.fi\/tuote\/wingspan-euroopan-linnut-fi\/#primaryimage"},"image":{"@id":"https:\/\/spelivinkki.fi\/tuote\/wingspan-euroopan-linnut-fi\/#primaryimage"},"thumbnailUrl":"https:\/\/mlw9zexfsyfr.i.optimole.com\/w:auto\/h:auto\/q:mauto\/ig:avif\/https:\/\/spelivinkki.fi\/wp-content\/uploads\/2024\/10\/Wingspan-Euroopan-Linnut-Tuotekuva.webp","datePublished":"2024-10-11T12:31:32+00:00","dateModified":"2025-07-14T20:45:23+00:00","description":"Wingspan - Euroopan linnut tarjoaa ainutlaatuisen kokemuksen laajentamalla lintuvalikoiman. Lis\u00e4\u00e4 v\u00e4ri\u00e4 peliisi ja nappaa upeat edut k\u00e4ytt\u00f6\u00f6si!","breadcrumb":{"@id":"https:\/\/spelivinkki.fi\/tuote\/wingspan-euroopan-linnut-fi\/#breadcrumb"},"inLanguage":"sv-SE","potentialAction":[{"@type":"ReadAction","target":["https:\/\/spelivinkki.fi\/tuote\/wingspan-euroopan-linnut-fi\/"]}]},{"@type":"ImageObject","inLanguage":"sv-SE","@id":"https:\/\/spelivinkki.fi\/tuote\/wingspan-euroopan-linnut-fi\/#primaryimage","url":"https:\/\/mlw9zexfsyfr.i.optimole.com\/w:auto\/h:auto\/q:mauto\/ig:avif\/https:\/\/spelivinkki.fi\/wp-content\/uploads\/2024\/10\/Wingspan-Euroopan-Linnut-Tuotekuva.webp","contentUrl":"https:\/\/mlw9zexfsyfr.i.optimole.com\/w:auto\/h:auto\/q:mauto\/ig:avif\/https:\/\/spelivinkki.fi\/wp-content\/uploads\/2024\/10\/Wingspan-Euroopan-Linnut-Tuotekuva.webp","width":889,"height":889,"caption":"Wingspan Euroopan Linnut Tuotekuva"},{"@type":"BreadcrumbList","@id":"https:\/\/spelivinkki.fi\/tuote\/wingspan-euroopan-linnut-fi\/#breadcrumb","itemListElement":[{"@type":"ListItem","position":1,"name":"Etusivu","item":"https:\/\/spelivinkki.fi\/"},{"@type":"ListItem","position":2,"name":"Tuotteet","item":"https:\/\/spelivinkki.fi\/tuotteet\/"},{"@type":"ListItem","position":3,"name":"Wingspan &#8211; Euroopan Linnut (FI)"}]},{"@type":"WebSite","@id":"https:\/\/spelivinkki.fi\/#website","url":"https:\/\/spelivinkki.fi\/","name":"Spelivinkki","description":"Paraisten Lautapelikauppa","publisher":{"@id":"https:\/\/spelivinkki.fi\/#organization"},"alternateName":"Spelivinkki Oy","potentialAction":[{"@type":"SearchAction","target":{"@type":"EntryPoint","urlTemplate":"https:\/\/spelivinkki.fi\/?s={search_term_string}"},"query-input":{"@type":"PropertyValueSpecification","valueRequired":true,"valueName":"search_term_string"}}],"inLanguage":"sv-SE"},{"@type":"Organization","@id":"https:\/\/spelivinkki.fi\/#organization","name":"Spelivinkki Oy","alternateName":"Spelivinkki","url":"https:\/\/spelivinkki.fi\/","logo":{"@type":"ImageObject","inLanguage":"sv-SE","@id":"https:\/\/spelivinkki.fi\/#\/schema\/logo\/image\/","url":"https:\/\/mlw9zexfsyfr.i.optimole.com\/w:auto\/h:auto\/q:mauto\/ig:avif\/https:\/\/spelivinkki.fi\/wp-content\/uploads\/2024\/02\/Logo.svg","contentUrl":"https:\/\/mlw9zexfsyfr.i.optimole.com\/w:auto\/h:auto\/q:mauto\/ig:avif\/https:\/\/spelivinkki.fi\/wp-content\/uploads\/2024\/02\/Logo.svg","width":2176,"height":2323,"caption":"Spelivinkki Oy"},"image":{"@id":"https:\/\/spelivinkki.fi\/#\/schema\/logo\/image\/"},"sameAs":["https:\/\/www.facebook.com\/SpelivinkkiOy\/","https:\/\/x.com\/SpelivinkkiOy","https:\/\/www.instagram.com\/spelivinkkioy\/"],"description":"Spelivinkki Oy is a company operating both a brick-and-mortar store in Finland as well as a webshop online. We sell board games, roleplaying games, miniature wargames, logic puzzles, jigsaw puzzles and other things related to the boardgame hobby.","email":"myynti@spelivinkki.fi","telephone":"+358406486605","legalName":"Spelivinkki Oy","foundingDate":"2023-09-17","vatID":"FI33904524","numberOfEmployees":{"@type":"QuantitativeValue","minValue":"1","maxValue":"10"},"hasMerchantReturnPolicy":{"@type":"MerchantReturnPolicy","merchantReturnLink":"https:\/\/spelivinkki.fi\/sv\/spelivinkin-vaihto-ja-palautusoikeus\/"}}]},"product_brand":"Lautapelit.fi","product_price_amount":"28.00","product_price_currency":"EUR","og_availability":"instock","product_availability":"instock","product_retailer_item_id":"Wingspan Eurooppa FI","product_condition":"new"},"_links":{"self":[{"href":"https:\/\/spelivinkki.fi\/sv\/wp-json\/wp\/v2\/product\/6694","targetHints":{"allow":["GET"]}}],"collection":[{"href":"https:\/\/spelivinkki.fi\/sv\/wp-json\/wp\/v2\/product"}],"about":[{"href":"https:\/\/spelivinkki.fi\/sv\/wp-json\/wp\/v2\/types\/product"}],"wp:featuredmedia":[{"embeddable":true,"href":"https:\/\/spelivinkki.fi\/sv\/wp-json\/wp\/v2\/media\/6695"}],"wp:attachment":[{"href":"https:\/\/spelivinkki.fi\/sv\/wp-json\/wp\/v2\/media?parent=6694"}],"wp:term":[{"taxonomy":"product_brand","embeddable":true,"href":"https:\/\/spelivinkki.fi\/sv\/wp-json\/wp\/v2\/product_brand?post=6694"},{"taxonomy":"product_cat","embeddable":true,"href":"https:\/\/spelivinkki.fi\/sv\/wp-json\/wp\/v2\/product_cat?post=6694"},{"taxonomy":"product_tag","embeddable":true,"href":"https:\/\/spelivinkki.fi\/sv\/wp-json\/wp\/v2\/product_tag?post=6694"}],"curies":[{"name":"wp","href":"https:\/\/api.w.org\/{rel}","templated":true}]}}