{"id":6719,"date":"2024-10-28T10:40:48","date_gmt":"2024-10-28T10:40:48","guid":{"rendered":"https:\/\/spelivinkki.fi\/?post_type=product&#038;p=6719"},"modified":"2025-11-07T09:23:36","modified_gmt":"2025-11-07T09:23:36","slug":"torakkapokeri","status":"publish","type":"product","link":"https:\/\/spelivinkki.fi\/sv\/produkt\/torakkapokeri\/","title":{"rendered":"Kackerlackspoker"},"content":{"rendered":"<p>I kackerlackspoker f\u00f6rs\u00f6ker en spelare lura kort \u00e5t motspelarna. Detta g\u00f6rs genom att p\u00e5 sin tur erbjuda ett kort som hamnar antingen framf\u00f6r en annan spelare eller, i v\u00e4rsta fall, en sj\u00e4lv. Det finns 64 kort i spelet varav alla avbildar en av \u00e5tta slags djur: R\u00e5ttor, kackerlackor, fladderm\u00f6ss, flugor, skorpioner, l\u00f6ss, spindlar, eller grodor. Eftersom det finns \u00e5tta sorter betyder det allts\u00e5 att det finns \u00e5tta stycken kort av varje sort.<\/p>\n<p>I b\u00f6rjan av spelet blandas alla spelkort och delas ut till var och en spelare tills de tar slut. Efter detta erbjuder spelarna turvis \u00e5t varann kort. P\u00e5 sin tur knuffar en spelare ett kort l\u00e4ngs med bordet med bildsidan ner\u00e5t \u00e5t en motspelare och ber\u00e4ttar vilken slags ohyra finns p\u00e5 kortet. D\u00e4reft\u00e4r har motspelaren tv\u00e5 m\u00f6jligheter:<\/p>\n<p><strong>1)<\/strong> Hen gissar om spelaren i fr\u00e5ga ljuger eller talar sanning. Vid r\u00e4tt gissning hamnar kortet p\u00e5 bordet framf\u00f6r den som f\u00f6rs\u00f6kte bli av med kortet. Annars tvingas den som gissade fel att h\u00e5lla kortet framf\u00f6r sig ist\u00e4llet.<\/p>\n<p><strong>2)<\/strong> Hen kollar kortet och erbjuder det d\u00e4refter till en annan spelare p\u00e5 samma s\u00e4tt som den f\u00f6rste spelaren gjorde. Hen kan p\u00e5st\u00e5 att ett annat djur finns d\u00e4r om hen s\u00e5 vill. Detta g\u00e5r bara att g\u00f6ra s\u00e5 l\u00e4nge det finns spelare kvar som inte har sett kortet... Annars M\u00c5STE spelaren gissa vilket djur avbildas p\u00e5 kortet.<\/p>\n<p>Spelaren som hamnar beh\u00e5lla kortet b\u00f6rjar n\u00e4sta tur. Spelet tar slut om n\u00e5gon spelare har fyra djurkort av samma sort framf\u00f6r sig eller om en spelare p\u00e5 sin tur inte har kvar kort att bjuda. I b\u00e4gge fall f\u00f6rlorar spelaren i fr\u00e5ga och de andra vinner tillsammans.<\/p>","protected":false},"excerpt":{"rendered":"<ul>\n<li><strong>Spelarm\u00e4ngd:<\/strong> 2-6 (<strong>B\u00e4sta m\u00e4ngden:<\/strong> 5)<\/li>\n<li><strong>Varaktighet:<\/strong> 20 min<\/li>\n<li><strong>\u00c5ldersrekommendation:<\/strong> 8+<\/li>\n<li><strong>Spr\u00e5k:<\/strong> Finska, svenska, engelska, norska, danska<\/li>\n<li><strong>Genre:<\/strong> Bluff, samling, kortspel<\/li>\n<li><strong>Tema:<\/strong> Ohyra<\/li>\n<li><strong>Passande Sleevy Kortskydd (ing\u00e5r ej!):<\/strong> 64 st L storlek<\/li>\n<li><strong>Utveckling:<\/strong> Jacques Zeimet<\/li>\n<li><strong>Utgivare:<\/strong> Drei Magier Spiele \/ Lautapelit.fi<\/li>\n<\/ul>","protected":false},"featured_media":6720,"template":"","meta":{"site-sidebar-layout":"default","site-content-layout":"","ast-site-content-layout":"default","site-content-style":"default","site-sidebar-style":"default","ast-global-header-display":"","ast-banner-title-visibility":"","ast-main-header-display":"","ast-hfb-above-header-display":"","ast-hfb-below-header-display":"","ast-hfb-mobile-header-display":"","site-post-title":"","ast-breadcrumbs-content":"","ast-featured-img":"","footer-sml-layout":"","ast-disable-related-posts":"","theme-transparent-header-meta":"default","adv-header-id-meta":"","stick-header-meta":"","header-above-stick-meta":"","header-main-stick-meta":"","header-below-stick-meta":"","astra-migrate-meta-layouts":"set","ast-page-background-enabled":"default","ast-page-background-meta":{"desktop":{"background-color":"","background-image":"","background-repeat":"repeat","background-position":"center center","background-size":"auto","background-attachment":"scroll","background-type":"","background-media":"","overlay-type":"","overlay-color":"","overlay-opacity":"","overlay-gradient":""},"tablet":{"background-color":"","background-image":"","background-repeat":"repeat","background-position":"center center","background-size":"auto","background-attachment":"scroll","background-type":"","background-media":"","overlay-type":"","overlay-color":"","overlay-opacity":"","overlay-gradient":""},"mobile":{"background-color":"","background-image":"","background-repeat":"repeat","background-position":"center center","background-size":"auto","background-attachment":"scroll","background-type":"","background-media":"","overlay-type":"","overlay-color":"","overlay-opacity":"","overlay-gradient":""}},"ast-content-background-meta":{"desktop":{"background-color":"var(--ast-global-color-5)","background-image":"","background-repeat":"repeat","background-position":"center center","background-size":"auto","background-attachment":"scroll","background-type":"","background-media":"","overlay-type":"","overlay-color":"","overlay-opacity":"","overlay-gradient":""},"tablet":{"background-color":"var(--ast-global-color-5)","background-image":"","background-repeat":"repeat","background-position":"center center","background-size":"auto","background-attachment":"scroll","background-type":"","background-media":"","overlay-type":"","overlay-color":"","overlay-opacity":"","overlay-gradient":""},"mobile":{"background-color":"var(--ast-global-color-5)","background-image":"","background-repeat":"repeat","background-position":"center center","background-size":"auto","background-attachment":"scroll","background-type":"","background-media":"","overlay-type":"","overlay-color":"","overlay-opacity":"","overlay-gradient":""}}},"product_brand":[1218,1107],"product_cat":[16,278,45],"product_tag":[1049,1219,1047,1050,1048],"class_list":{"0":"post-6719","1":"product","2":"type-product","3":"status-publish","4":"has-post-thumbnail","6":"product_brand-drei-magier-spiele","7":"product_brand-lautapelit-fi","8":"product_cat-kaikki","9":"product_cat-settikeraily","10":"product_cat-strategiapelit","11":"product_tag-englanninkieliset-pelit","12":"product_tag-jacques-zeimet","13":"product_tag-peruspeli","14":"product_tag-ruotsinkieliset-pelit","15":"product_tag-suomenkieliset-pelit","16":"product_shipping_class-standard2","17":"desktop-align-center","18":"tablet-align-center","19":"mobile-align-center","21":"first","22":"outofstock","23":"taxable","24":"shipping-taxable","25":"purchasable","26":"product-type-simple"},"yoast_head":"<!-- This site is optimized with the Yoast SEO Premium plugin v27.3 (Yoast SEO v27.5) - https:\/\/yoast.com\/product\/yoast-seo-premium-wordpress\/ -->\n<title>Torakkapokeri &#8211; Spelivinkki<\/title>\n<meta name=\"description\" content=\"Haasta taidot ja bluffaa Torakkapokerissa! Tarjoa kortteja vastustajille ja koita pit\u00e4\u00e4 heid\u00e4t ep\u00e4tietoisina. Valmistaudu j\u00e4nnitt\u00e4v\u00e4\u00e4n pelikokemukseen!\" \/>\n<meta name=\"robots\" content=\"index, follow, max-snippet:-1, max-image-preview:large, max-video-preview:-1\" \/>\n<link rel=\"canonical\" href=\"https:\/\/spelivinkki.fi\/sv\/produkt\/torakkapokeri\/\" \/>\n<meta property=\"og:locale\" content=\"sv_SE\" \/>\n<meta property=\"og:type\" content=\"article\" \/>\n<meta property=\"og:title\" content=\"Torakkapokeri\" \/>\n<meta property=\"og:description\" content=\"Haasta taidot ja bluffaa Torakkapokerissa! Tarjoa kortteja vastustajille ja koita pit\u00e4\u00e4 heid\u00e4t ep\u00e4tietoisina. Valmistaudu j\u00e4nnitt\u00e4v\u00e4\u00e4n pelikokemukseen!\" \/>\n<meta property=\"og:url\" content=\"https:\/\/spelivinkki.fi\/sv\/produkt\/torakkapokeri\/\" \/>\n<meta property=\"og:site_name\" content=\"Spelivinkki\" \/>\n<meta property=\"article:publisher\" content=\"https:\/\/www.facebook.com\/SpelivinkkiOy\/\" \/>\n<meta property=\"article:modified_time\" content=\"2025-11-07T09:23:36+00:00\" \/>\n<meta property=\"og:image\" content=\"https:\/\/mlw9zexfsyfr.i.optimole.com\/w:auto\/h:auto\/q:mauto\/ig:avif\/https:\/\/spelivinkki.fi\/wp-content\/uploads\/2024\/10\/Torakkapokeri_Tuotekuva-min.webp\" \/>\n\t<meta property=\"og:image:width\" content=\"813\" \/>\n\t<meta property=\"og:image:height\" content=\"813\" \/>\n\t<meta property=\"og:image:type\" content=\"image\/webp\" \/>\n<meta name=\"twitter:card\" content=\"summary_large_image\" \/>\n<meta name=\"twitter:site\" content=\"@SpelivinkkiOy\" \/>\n<meta name=\"twitter:label1\" content=\"Pris\" \/>\n\t<meta name=\"twitter:data1\" content=\"12,00&nbsp;&euro;\" \/>\n\t<meta name=\"twitter:label2\" content=\"Tillg\u00e4nglig\" \/>\n\t<meta name=\"twitter:data2\" content=\"Slut i lager\" \/>\n<script type=\"application\/ld+json\" class=\"yoast-schema-graph\">{\"@context\":\"https:\\\/\\\/schema.org\",\"@graph\":[{\"@type\":\"WebPage\",\"@id\":\"https:\\\/\\\/spelivinkki.fi\\\/tuote\\\/torakkapokeri\\\/\",\"url\":\"https:\\\/\\\/spelivinkki.fi\\\/tuote\\\/torakkapokeri\\\/\",\"name\":\"Torakkapokeri &#8211; Spelivinkki\",\"isPartOf\":{\"@id\":\"https:\\\/\\\/spelivinkki.fi\\\/#website\"},\"primaryImageOfPage\":{\"@id\":\"https:\\\/\\\/spelivinkki.fi\\\/tuote\\\/torakkapokeri\\\/#primaryimage\"},\"image\":{\"@id\":\"https:\\\/\\\/spelivinkki.fi\\\/tuote\\\/torakkapokeri\\\/#primaryimage\"},\"thumbnailUrl\":\"https:\\/\\/spelivinkki.fi\\/wp-content\\/uploads\\/2024\\/10\\/Torakkapokeri_Tuotekuva-min.webp\",\"datePublished\":\"2024-10-28T10:40:48+00:00\",\"dateModified\":\"2025-11-07T09:23:36+00:00\",\"description\":\"Haasta taidot ja bluffaa Torakkapokerissa! Tarjoa kortteja vastustajille ja koita pit\u00e4\u00e4 heid\u00e4t ep\u00e4tietoisina. Valmistaudu j\u00e4nnitt\u00e4v\u00e4\u00e4n pelikokemukseen!\",\"breadcrumb\":{\"@id\":\"https:\\\/\\\/spelivinkki.fi\\\/tuote\\\/torakkapokeri\\\/#breadcrumb\"},\"inLanguage\":\"sv-SE\",\"potentialAction\":[{\"@type\":\"ReadAction\",\"target\":[\"https:\\\/\\\/spelivinkki.fi\\\/tuote\\\/torakkapokeri\\\/\"]}]},{\"@type\":\"ImageObject\",\"inLanguage\":\"sv-SE\",\"@id\":\"https:\\\/\\\/spelivinkki.fi\\\/tuote\\\/torakkapokeri\\\/#primaryimage\",\"url\":\"https:\\/\\/spelivinkki.fi\\/wp-content\\/uploads\\/2024\\/10\\/Torakkapokeri_Tuotekuva-min.webp\",\"contentUrl\":\"https:\\/\\/spelivinkki.fi\\/wp-content\\/uploads\\/2024\\/10\\/Torakkapokeri_Tuotekuva-min.webp\",\"width\":813,\"height\":813,\"caption\":\"Torakkapokeri Tuotekuva min\"},{\"@type\":\"BreadcrumbList\",\"@id\":\"https:\\\/\\\/spelivinkki.fi\\\/tuote\\\/torakkapokeri\\\/#breadcrumb\",\"itemListElement\":[{\"@type\":\"ListItem\",\"position\":1,\"name\":\"Etusivu\",\"item\":\"https:\\\/\\\/spelivinkki.fi\\\/\"},{\"@type\":\"ListItem\",\"position\":2,\"name\":\"Tuotteet\",\"item\":\"https:\\\/\\\/spelivinkki.fi\\\/tuotteet\\\/\"},{\"@type\":\"ListItem\",\"position\":3,\"name\":\"Torakkapokeri\"}]},{\"@type\":\"WebSite\",\"@id\":\"https:\\\/\\\/spelivinkki.fi\\\/#website\",\"url\":\"https:\\\/\\\/spelivinkki.fi\\\/\",\"name\":\"Spelivinkki\",\"description\":\"Paraisten Lautapelikauppa\",\"publisher\":{\"@id\":\"https:\\\/\\\/spelivinkki.fi\\\/#organization\"},\"alternateName\":\"Spelivinkki Oy\",\"potentialAction\":[{\"@type\":\"SearchAction\",\"target\":{\"@type\":\"EntryPoint\",\"urlTemplate\":\"https:\\\/\\\/spelivinkki.fi\\\/?s={search_term_string}\"},\"query-input\":{\"@type\":\"PropertyValueSpecification\",\"valueRequired\":true,\"valueName\":\"search_term_string\"}}],\"inLanguage\":\"sv-SE\"},{\"@type\":\"Organization\",\"@id\":\"https:\\\/\\\/spelivinkki.fi\\\/#organization\",\"name\":\"Spelivinkki Oy\",\"alternateName\":\"Spelivinkki\",\"url\":\"https:\\\/\\\/spelivinkki.fi\\\/\",\"logo\":{\"@type\":\"ImageObject\",\"inLanguage\":\"sv-SE\",\"@id\":\"https:\\\/\\\/spelivinkki.fi\\\/#\\\/schema\\\/logo\\\/image\\\/\",\"url\":\"https:\\/\\/spelivinkki.fi\\/wp-content\\/uploads\\/2024\\/02\\/Logo.svg\",\"contentUrl\":\"https:\\/\\/spelivinkki.fi\\/wp-content\\/uploads\\/2024\\/02\\/Logo.svg\",\"width\":2176,\"height\":2323,\"caption\":\"Spelivinkki Oy\"},\"image\":{\"@id\":\"https:\\\/\\\/spelivinkki.fi\\\/#\\\/schema\\\/logo\\\/image\\\/\"},\"sameAs\":[\"https:\\\/\\\/www.facebook.com\\\/SpelivinkkiOy\\\/\",\"https:\\\/\\\/x.com\\\/SpelivinkkiOy\",\"https:\\\/\\\/www.instagram.com\\\/spelivinkkioy\\\/\"],\"description\":\"Spelivinkki Oy is a company operating both a brick-and-mortar store in Finland as well as a webshop online. We sell board games, roleplaying games, miniature wargames, logic puzzles, jigsaw puzzles and other things related to the boardgame hobby.\",\"email\":\"myynti@spelivinkki.fi\",\"telephone\":\"+358406486605\",\"legalName\":\"Spelivinkki Oy\",\"foundingDate\":\"2023-09-17\",\"vatID\":\"FI33904524\",\"numberOfEmployees\":{\"@type\":\"QuantitativeValue\",\"minValue\":\"1\",\"maxValue\":\"10\"},\"hasMerchantReturnPolicy\":{\"@type\":\"MerchantReturnPolicy\",\"merchantReturnLink\":\"https:\\\/\\\/spelivinkki.fi\\\/sv\\\/spelivinkin-vaihto-ja-palautusoikeus\\\/\"}}]}<\/script>\n<meta property=\"product:brand\" content=\"Lautapelit.fi\" \/>\n<meta property=\"product:price:amount\" content=\"12.00\" \/>\n<meta property=\"product:price:currency\" content=\"EUR\" \/>\n<meta property=\"og:availability\" content=\"out of stock\" \/>\n<meta property=\"product:availability\" content=\"out of stock\" \/>\n<meta property=\"product:retailer_item_id\" content=\"Torakkapokeri\" \/>\n<meta property=\"product:condition\" content=\"new\" \/>\n<!-- \/ Yoast SEO Premium plugin. -->","yoast_head_json":{"title":"Torakkapokeri &#8211; Spelivinkki","description":"Haasta taidot ja bluffaa Torakkapokerissa! Tarjoa kortteja vastustajille ja koita pit\u00e4\u00e4 heid\u00e4t ep\u00e4tietoisina. Valmistaudu j\u00e4nnitt\u00e4v\u00e4\u00e4n pelikokemukseen!","robots":{"index":"index","follow":"follow","max-snippet":"max-snippet:-1","max-image-preview":"max-image-preview:large","max-video-preview":"max-video-preview:-1"},"canonical":"https:\/\/spelivinkki.fi\/sv\/produkt\/torakkapokeri\/","og_locale":"sv_SE","og_type":"article","og_title":"Torakkapokeri","og_description":"Haasta taidot ja bluffaa Torakkapokerissa! Tarjoa kortteja vastustajille ja koita pit\u00e4\u00e4 heid\u00e4t ep\u00e4tietoisina. Valmistaudu j\u00e4nnitt\u00e4v\u00e4\u00e4n pelikokemukseen!","og_url":"https:\/\/spelivinkki.fi\/sv\/produkt\/torakkapokeri\/","og_site_name":"Spelivinkki","article_publisher":"https:\/\/www.facebook.com\/SpelivinkkiOy\/","article_modified_time":"2025-11-07T09:23:36+00:00","og_image":[{"width":813,"height":813,"url":"https:\/\/mlw9zexfsyfr.i.optimole.com\/w:auto\/h:auto\/q:mauto\/ig:avif\/https:\/\/spelivinkki.fi\/wp-content\/uploads\/2024\/10\/Torakkapokeri_Tuotekuva-min.webp","type":"image\/webp"}],"twitter_card":"summary_large_image","twitter_site":"@SpelivinkkiOy","twitter_misc":{"Pris":"12,00&nbsp;&euro;","Tillg\u00e4nglig":"Slut i lager"},"schema":{"@context":"https:\/\/schema.org","@graph":[{"@type":"WebPage","@id":"https:\/\/spelivinkki.fi\/tuote\/torakkapokeri\/","url":"https:\/\/spelivinkki.fi\/tuote\/torakkapokeri\/","name":"Torakkapokeri &#8211; Spelivinkki","isPartOf":{"@id":"https:\/\/spelivinkki.fi\/#website"},"primaryImageOfPage":{"@id":"https:\/\/spelivinkki.fi\/tuote\/torakkapokeri\/#primaryimage"},"image":{"@id":"https:\/\/spelivinkki.fi\/tuote\/torakkapokeri\/#primaryimage"},"thumbnailUrl":"https:\/\/mlw9zexfsyfr.i.optimole.com\/w:auto\/h:auto\/q:mauto\/ig:avif\/https:\/\/spelivinkki.fi\/wp-content\/uploads\/2024\/10\/Torakkapokeri_Tuotekuva-min.webp","datePublished":"2024-10-28T10:40:48+00:00","dateModified":"2025-11-07T09:23:36+00:00","description":"Haasta taidot ja bluffaa Torakkapokerissa! Tarjoa kortteja vastustajille ja koita pit\u00e4\u00e4 heid\u00e4t ep\u00e4tietoisina. Valmistaudu j\u00e4nnitt\u00e4v\u00e4\u00e4n pelikokemukseen!","breadcrumb":{"@id":"https:\/\/spelivinkki.fi\/tuote\/torakkapokeri\/#breadcrumb"},"inLanguage":"sv-SE","potentialAction":[{"@type":"ReadAction","target":["https:\/\/spelivinkki.fi\/tuote\/torakkapokeri\/"]}]},{"@type":"ImageObject","inLanguage":"sv-SE","@id":"https:\/\/spelivinkki.fi\/tuote\/torakkapokeri\/#primaryimage","url":"https:\/\/mlw9zexfsyfr.i.optimole.com\/w:auto\/h:auto\/q:mauto\/ig:avif\/https:\/\/spelivinkki.fi\/wp-content\/uploads\/2024\/10\/Torakkapokeri_Tuotekuva-min.webp","contentUrl":"https:\/\/mlw9zexfsyfr.i.optimole.com\/w:auto\/h:auto\/q:mauto\/ig:avif\/https:\/\/spelivinkki.fi\/wp-content\/uploads\/2024\/10\/Torakkapokeri_Tuotekuva-min.webp","width":813,"height":813,"caption":"Torakkapokeri Tuotekuva min"},{"@type":"BreadcrumbList","@id":"https:\/\/spelivinkki.fi\/tuote\/torakkapokeri\/#breadcrumb","itemListElement":[{"@type":"ListItem","position":1,"name":"Etusivu","item":"https:\/\/spelivinkki.fi\/"},{"@type":"ListItem","position":2,"name":"Tuotteet","item":"https:\/\/spelivinkki.fi\/tuotteet\/"},{"@type":"ListItem","position":3,"name":"Torakkapokeri"}]},{"@type":"WebSite","@id":"https:\/\/spelivinkki.fi\/#website","url":"https:\/\/spelivinkki.fi\/","name":"Spelivinkki","description":"Paraisten Lautapelikauppa","publisher":{"@id":"https:\/\/spelivinkki.fi\/#organization"},"alternateName":"Spelivinkki Oy","potentialAction":[{"@type":"SearchAction","target":{"@type":"EntryPoint","urlTemplate":"https:\/\/spelivinkki.fi\/?s={search_term_string}"},"query-input":{"@type":"PropertyValueSpecification","valueRequired":true,"valueName":"search_term_string"}}],"inLanguage":"sv-SE"},{"@type":"Organization","@id":"https:\/\/spelivinkki.fi\/#organization","name":"Spelivinkki Oy","alternateName":"Spelivinkki","url":"https:\/\/spelivinkki.fi\/","logo":{"@type":"ImageObject","inLanguage":"sv-SE","@id":"https:\/\/spelivinkki.fi\/#\/schema\/logo\/image\/","url":"https:\/\/mlw9zexfsyfr.i.optimole.com\/w:auto\/h:auto\/q:mauto\/ig:avif\/https:\/\/spelivinkki.fi\/wp-content\/uploads\/2024\/02\/Logo.svg","contentUrl":"https:\/\/mlw9zexfsyfr.i.optimole.com\/w:auto\/h:auto\/q:mauto\/ig:avif\/https:\/\/spelivinkki.fi\/wp-content\/uploads\/2024\/02\/Logo.svg","width":2176,"height":2323,"caption":"Spelivinkki Oy"},"image":{"@id":"https:\/\/spelivinkki.fi\/#\/schema\/logo\/image\/"},"sameAs":["https:\/\/www.facebook.com\/SpelivinkkiOy\/","https:\/\/x.com\/SpelivinkkiOy","https:\/\/www.instagram.com\/spelivinkkioy\/"],"description":"Spelivinkki Oy is a company operating both a brick-and-mortar store in Finland as well as a webshop online. We sell board games, roleplaying games, miniature wargames, logic puzzles, jigsaw puzzles and other things related to the boardgame hobby.","email":"myynti@spelivinkki.fi","telephone":"+358406486605","legalName":"Spelivinkki Oy","foundingDate":"2023-09-17","vatID":"FI33904524","numberOfEmployees":{"@type":"QuantitativeValue","minValue":"1","maxValue":"10"},"hasMerchantReturnPolicy":{"@type":"MerchantReturnPolicy","merchantReturnLink":"https:\/\/spelivinkki.fi\/sv\/spelivinkin-vaihto-ja-palautusoikeus\/"}}]},"product_brand":"Lautapelit.fi","product_price_amount":"12.00","product_price_currency":"EUR","og_availability":"out of stock","product_availability":"out of stock","product_retailer_item_id":"Torakkapokeri","product_condition":"new"},"_links":{"self":[{"href":"https:\/\/spelivinkki.fi\/sv\/wp-json\/wp\/v2\/product\/6719","targetHints":{"allow":["GET"]}}],"collection":[{"href":"https:\/\/spelivinkki.fi\/sv\/wp-json\/wp\/v2\/product"}],"about":[{"href":"https:\/\/spelivinkki.fi\/sv\/wp-json\/wp\/v2\/types\/product"}],"wp:featuredmedia":[{"embeddable":true,"href":"https:\/\/spelivinkki.fi\/sv\/wp-json\/wp\/v2\/media\/6720"}],"wp:attachment":[{"href":"https:\/\/spelivinkki.fi\/sv\/wp-json\/wp\/v2\/media?parent=6719"}],"wp:term":[{"taxonomy":"product_brand","embeddable":true,"href":"https:\/\/spelivinkki.fi\/sv\/wp-json\/wp\/v2\/product_brand?post=6719"},{"taxonomy":"product_cat","embeddable":true,"href":"https:\/\/spelivinkki.fi\/sv\/wp-json\/wp\/v2\/product_cat?post=6719"},{"taxonomy":"product_tag","embeddable":true,"href":"https:\/\/spelivinkki.fi\/sv\/wp-json\/wp\/v2\/product_tag?post=6719"}],"curies":[{"name":"wp","href":"https:\/\/api.w.org\/{rel}","templated":true}]}}