{"id":6722,"date":"2024-10-28T11:26:07","date_gmt":"2024-10-28T11:26:07","guid":{"rendered":"https:\/\/spelivinkki.fi\/?post_type=product&#038;p=6722"},"modified":"2025-02-27T12:15:04","modified_gmt":"2025-02-27T12:15:04","slug":"arnak-kadonneet-rauniot","status":"publish","type":"product","link":"https:\/\/spelivinkki.fi\/sv\/produkt\/arnak-kadonneet-rauniot\/","title":{"rendered":"Arnak \u2014 Kadonneet Rauniot"},"content":{"rendered":"<h6><strong>Ugivarens beskrivning:<\/strong><\/h6>\n<p><em>I tidigare okartlagda vatten finns en \u00f6de \u00f6 d\u00e4r forskare nu uppt\u00e4ckt ur\u00e5ldriga ruiner. F\u00f6r din expedition genom djungeln till \u00f6ns innersta hemligheter f\u00f6r att hitta f\u00f6rlorade f\u00f6rem\u00e5l och f\u00f6r att m\u00f6ta skr\u00e4ckinjagande v\u00e4ktare. Klarar du av att avsl\u00f6ja Arnaks hemligheter?<\/em><\/p>\n<p><em>Spelarna f\u00e5r i uppdrag att leda en forskningsexpedition av den tidigare oupt\u00e4ckta \u00f6n Arnak f\u00f6r att finna dess f\u00f6rlorade hemligheter.<\/em><\/p>\n<p><em>Utrusta din expedition med anv\u00e4ndbara f\u00f6rem\u00e5l, s\u00f6k efter g\u00e5tfulla f\u00f6rem\u00e5l och fascinerande arkeologiska fynd genom att \u00f6verlista deras v\u00e4ktare.  Koppla ihop dessa ledtr\u00e5dar bit f\u00f6r bit f\u00f6r att n\u00e5 slutsatser som kan leda till uppt\u00e4ckten av det f\u00f6rsvunna templet!<\/em><\/p>\n<p><em>Arnak \u2013 Kadonneet rauniot g\u00e5r ut p\u00e5 att genom kortleksbyggnad, arbetsplacering och resurshantering ta del av en m\u00e5ngsidig och \u00e4ventyrsfylld forskningsresa.<\/em><\/p>","protected":false},"excerpt":{"rendered":"<ul>\n<li><strong>Spelarm\u00e4ngd:<\/strong> 1-4 (<strong>B\u00e4sta m\u00e4ngden:<\/strong> 3)<\/li>\n<li><strong>Varaktighet:<\/strong> 30 &#8211; 120 min<\/li>\n<li><strong>\u00c5ldersrekommendation:<\/strong> 12+<\/li>\n<li><strong>Spr\u00e5k:<\/strong> Finska<\/li>\n<li><strong>Genre:<\/strong> Arbetarplacering, kortleksbyggande, resurshantering<\/li>\n<li><strong>Tema:<\/strong> Uppt\u00e4cktsresande<\/li>\n<li><strong>Passande Sleevy Kortskydd (ing\u00e5r ej!):<\/strong> 110 st Standard storlek<\/li>\n<li><strong>Utveckling:<\/strong> Michal &#8221;Elwen&#8221; \u0160tach ja Michaela \u201cM\u00edn\u201d \u0160tachov\u00e1<\/li>\n<li><strong>Utgivare:<\/strong> Czech Games Edition \/ Lautapelit.fi<\/li>\n<\/ul>","protected":false},"featured_media":6723,"template":"","meta":{"site-sidebar-layout":"default","site-content-layout":"","ast-site-content-layout":"default","site-content-style":"default","site-sidebar-style":"default","ast-global-header-display":"","ast-banner-title-visibility":"","ast-main-header-display":"","ast-hfb-above-header-display":"","ast-hfb-below-header-display":"","ast-hfb-mobile-header-display":"","site-post-title":"","ast-breadcrumbs-content":"","ast-featured-img":"","footer-sml-layout":"","ast-disable-related-posts":"","theme-transparent-header-meta":"default","adv-header-id-meta":"","stick-header-meta":"","header-above-stick-meta":"","header-main-stick-meta":"","header-below-stick-meta":"","astra-migrate-meta-layouts":"set","ast-page-background-enabled":"default","ast-page-background-meta":{"desktop":{"background-color":"","background-image":"","background-repeat":"repeat","background-position":"center center","background-size":"auto","background-attachment":"scroll","background-type":"","background-media":"","overlay-type":"","overlay-color":"","overlay-opacity":"","overlay-gradient":""},"tablet":{"background-color":"","background-image":"","background-repeat":"repeat","background-position":"center center","background-size":"auto","background-attachment":"scroll","background-type":"","background-media":"","overlay-type":"","overlay-color":"","overlay-opacity":"","overlay-gradient":""},"mobile":{"background-color":"","background-image":"","background-repeat":"repeat","background-position":"center center","background-size":"auto","background-attachment":"scroll","background-type":"","background-media":"","overlay-type":"","overlay-color":"","overlay-opacity":"","overlay-gradient":""}},"ast-content-background-meta":{"desktop":{"background-color":"var(--ast-global-color-5)","background-image":"","background-repeat":"repeat","background-position":"center center","background-size":"auto","background-attachment":"scroll","background-type":"","background-media":"","overlay-type":"","overlay-color":"","overlay-opacity":"","overlay-gradient":""},"tablet":{"background-color":"var(--ast-global-color-5)","background-image":"","background-repeat":"repeat","background-position":"center center","background-size":"auto","background-attachment":"scroll","background-type":"","background-media":"","overlay-type":"","overlay-color":"","overlay-opacity":"","overlay-gradient":""},"mobile":{"background-color":"var(--ast-global-color-5)","background-image":"","background-repeat":"repeat","background-position":"center center","background-size":"auto","background-attachment":"scroll","background-type":"","background-media":"","overlay-type":"","overlay-color":"","overlay-opacity":"","overlay-gradient":""}}},"product_brand":[1063,1107],"product_cat":[16,279,45,281],"product_tag":[1058,1221,1220,1047,1048],"class_list":{"0":"post-6722","1":"product","2":"type-product","3":"status-publish","4":"has-post-thumbnail","6":"product_brand-czech-games-edition","7":"product_brand-lautapelit-fi","8":"product_cat-kaikki","9":"product_cat-pakanrakennus","10":"product_cat-strategiapelit","11":"product_cat-tyolaisten-asettelu","12":"product_tag-europeli","13":"product_tag-michaela-min-stachova","14":"product_tag-michal-elwen-stach","15":"product_tag-peruspeli","16":"product_tag-suomenkieliset-pelit","17":"product_shipping_class-big3","18":"desktop-align-center","19":"tablet-align-center","20":"mobile-align-center","22":"first","23":"instock","24":"taxable","25":"shipping-taxable","26":"purchasable","27":"product-type-simple"},"yoast_head":"<!-- This site is optimized with the Yoast SEO Premium plugin v27.3 (Yoast SEO v27.4) - https:\/\/yoast.com\/product\/yoast-seo-premium-wordpress\/ -->\n<title>Arnak -- Kadonneet Rauniot &#8211; Spelivinkki<\/title>\n<meta name=\"description\" content=\"Johtakaa tutkimusretkikuntaanne Arnakin salaper\u00e4isille raunioille l\u00f6yt\u00e4m\u00e4\u00e4n kadonneen temppelin arvoitus. \u00c4lk\u00e4\u00e4 antako suojelijoiden pys\u00e4ytt\u00e4\u00e4 teit\u00e4! \ud83c\udff0\" \/>\n<meta name=\"robots\" content=\"index, follow, max-snippet:-1, max-image-preview:large, max-video-preview:-1\" \/>\n<link rel=\"canonical\" href=\"https:\/\/spelivinkki.fi\/sv\/produkt\/arnak-kadonneet-rauniot\/\" \/>\n<meta property=\"og:locale\" content=\"sv_SE\" \/>\n<meta property=\"og:type\" content=\"article\" \/>\n<meta property=\"og:title\" content=\"Arnak -- Kadonneet Rauniot\" \/>\n<meta property=\"og:description\" content=\"Johtakaa tutkimusretkikuntaanne Arnakin salaper\u00e4isille raunioille l\u00f6yt\u00e4m\u00e4\u00e4n kadonneen temppelin arvoitus. \u00c4lk\u00e4\u00e4 antako suojelijoiden pys\u00e4ytt\u00e4\u00e4 teit\u00e4! \ud83c\udff0\" \/>\n<meta property=\"og:url\" content=\"https:\/\/spelivinkki.fi\/sv\/produkt\/arnak-kadonneet-rauniot\/\" \/>\n<meta property=\"og:site_name\" content=\"Spelivinkki\" \/>\n<meta property=\"article:publisher\" content=\"https:\/\/www.facebook.com\/SpelivinkkiOy\/\" \/>\n<meta property=\"article:modified_time\" content=\"2025-02-27T12:15:04+00:00\" \/>\n<meta property=\"og:image\" content=\"https:\/\/mlw9zexfsyfr.i.optimole.com\/w:auto\/h:auto\/q:mauto\/ig:avif\/https:\/\/spelivinkki.fi\/wp-content\/uploads\/2024\/10\/Arnak_Kadonneet_Rauniot_Tuotekuva-min.webp\" \/>\n\t<meta property=\"og:image:width\" content=\"811\" \/>\n\t<meta property=\"og:image:height\" content=\"810\" \/>\n\t<meta property=\"og:image:type\" content=\"image\/webp\" \/>\n<meta name=\"twitter:card\" content=\"summary_large_image\" \/>\n<meta name=\"twitter:site\" content=\"@SpelivinkkiOy\" \/>\n<meta name=\"twitter:label1\" content=\"Pris\" \/>\n\t<meta name=\"twitter:data1\" content=\"46,00&nbsp;&euro;\" \/>\n\t<meta name=\"twitter:label2\" content=\"Tillg\u00e4nglig\" \/>\n\t<meta name=\"twitter:data2\" content=\"I lager\" \/>\n<script type=\"application\/ld+json\" class=\"yoast-schema-graph\">{\"@context\":\"https:\\\/\\\/schema.org\",\"@graph\":[{\"@type\":\"WebPage\",\"@id\":\"https:\\\/\\\/spelivinkki.fi\\\/tuote\\\/arnak-kadonneet-rauniot\\\/\",\"url\":\"https:\\\/\\\/spelivinkki.fi\\\/tuote\\\/arnak-kadonneet-rauniot\\\/\",\"name\":\"Arnak -- Kadonneet Rauniot &#8211; Spelivinkki\",\"isPartOf\":{\"@id\":\"https:\\\/\\\/spelivinkki.fi\\\/#website\"},\"primaryImageOfPage\":{\"@id\":\"https:\\\/\\\/spelivinkki.fi\\\/tuote\\\/arnak-kadonneet-rauniot\\\/#primaryimage\"},\"image\":{\"@id\":\"https:\\\/\\\/spelivinkki.fi\\\/tuote\\\/arnak-kadonneet-rauniot\\\/#primaryimage\"},\"thumbnailUrl\":\"https:\\/\\/spelivinkki.fi\\/wp-content\\/uploads\\/2024\\/10\\/Arnak_Kadonneet_Rauniot_Tuotekuva-min.webp\",\"datePublished\":\"2024-10-28T11:26:07+00:00\",\"dateModified\":\"2025-02-27T12:15:04+00:00\",\"description\":\"Johtakaa tutkimusretkikuntaanne Arnakin salaper\u00e4isille raunioille l\u00f6yt\u00e4m\u00e4\u00e4n kadonneen temppelin arvoitus. \u00c4lk\u00e4\u00e4 antako suojelijoiden pys\u00e4ytt\u00e4\u00e4 teit\u00e4! \ud83c\udff0\",\"breadcrumb\":{\"@id\":\"https:\\\/\\\/spelivinkki.fi\\\/tuote\\\/arnak-kadonneet-rauniot\\\/#breadcrumb\"},\"inLanguage\":\"sv-SE\",\"potentialAction\":[{\"@type\":\"ReadAction\",\"target\":[\"https:\\\/\\\/spelivinkki.fi\\\/tuote\\\/arnak-kadonneet-rauniot\\\/\"]}]},{\"@type\":\"ImageObject\",\"inLanguage\":\"sv-SE\",\"@id\":\"https:\\\/\\\/spelivinkki.fi\\\/tuote\\\/arnak-kadonneet-rauniot\\\/#primaryimage\",\"url\":\"https:\\/\\/spelivinkki.fi\\/wp-content\\/uploads\\/2024\\/10\\/Arnak_Kadonneet_Rauniot_Tuotekuva-min.webp\",\"contentUrl\":\"https:\\/\\/spelivinkki.fi\\/wp-content\\/uploads\\/2024\\/10\\/Arnak_Kadonneet_Rauniot_Tuotekuva-min.webp\",\"width\":811,\"height\":810,\"caption\":\"Arnak Kadonneet Rauniot Tuotekuva min\"},{\"@type\":\"BreadcrumbList\",\"@id\":\"https:\\\/\\\/spelivinkki.fi\\\/tuote\\\/arnak-kadonneet-rauniot\\\/#breadcrumb\",\"itemListElement\":[{\"@type\":\"ListItem\",\"position\":1,\"name\":\"Etusivu\",\"item\":\"https:\\\/\\\/spelivinkki.fi\\\/\"},{\"@type\":\"ListItem\",\"position\":2,\"name\":\"Tuotteet\",\"item\":\"https:\\\/\\\/spelivinkki.fi\\\/tuotteet\\\/\"},{\"@type\":\"ListItem\",\"position\":3,\"name\":\"Arnak &#8212; Kadonneet Rauniot\"}]},{\"@type\":\"WebSite\",\"@id\":\"https:\\\/\\\/spelivinkki.fi\\\/#website\",\"url\":\"https:\\\/\\\/spelivinkki.fi\\\/\",\"name\":\"Spelivinkki\",\"description\":\"Paraisten Lautapelikauppa\",\"publisher\":{\"@id\":\"https:\\\/\\\/spelivinkki.fi\\\/#organization\"},\"alternateName\":\"Spelivinkki Oy\",\"potentialAction\":[{\"@type\":\"SearchAction\",\"target\":{\"@type\":\"EntryPoint\",\"urlTemplate\":\"https:\\\/\\\/spelivinkki.fi\\\/?s={search_term_string}\"},\"query-input\":{\"@type\":\"PropertyValueSpecification\",\"valueRequired\":true,\"valueName\":\"search_term_string\"}}],\"inLanguage\":\"sv-SE\"},{\"@type\":\"Organization\",\"@id\":\"https:\\\/\\\/spelivinkki.fi\\\/#organization\",\"name\":\"Spelivinkki Oy\",\"alternateName\":\"Spelivinkki\",\"url\":\"https:\\\/\\\/spelivinkki.fi\\\/\",\"logo\":{\"@type\":\"ImageObject\",\"inLanguage\":\"sv-SE\",\"@id\":\"https:\\\/\\\/spelivinkki.fi\\\/#\\\/schema\\\/logo\\\/image\\\/\",\"url\":\"https:\\/\\/spelivinkki.fi\\/wp-content\\/uploads\\/2024\\/02\\/Logo.svg\",\"contentUrl\":\"https:\\/\\/spelivinkki.fi\\/wp-content\\/uploads\\/2024\\/02\\/Logo.svg\",\"width\":2176,\"height\":2323,\"caption\":\"Spelivinkki Oy\"},\"image\":{\"@id\":\"https:\\\/\\\/spelivinkki.fi\\\/#\\\/schema\\\/logo\\\/image\\\/\"},\"sameAs\":[\"https:\\\/\\\/www.facebook.com\\\/SpelivinkkiOy\\\/\",\"https:\\\/\\\/x.com\\\/SpelivinkkiOy\",\"https:\\\/\\\/www.instagram.com\\\/spelivinkkioy\\\/\"],\"description\":\"Spelivinkki Oy is a company operating both a brick-and-mortar store in Finland as well as a webshop online. We sell board games, roleplaying games, miniature wargames, logic puzzles, jigsaw puzzles and other things related to the boardgame hobby.\",\"email\":\"myynti@spelivinkki.fi\",\"telephone\":\"+358406486605\",\"legalName\":\"Spelivinkki Oy\",\"foundingDate\":\"2023-09-17\",\"vatID\":\"FI33904524\",\"numberOfEmployees\":{\"@type\":\"QuantitativeValue\",\"minValue\":\"1\",\"maxValue\":\"10\"},\"hasMerchantReturnPolicy\":{\"@type\":\"MerchantReturnPolicy\",\"merchantReturnLink\":\"https:\\\/\\\/spelivinkki.fi\\\/sv\\\/spelivinkin-vaihto-ja-palautusoikeus\\\/\"}}]}<\/script>\n<meta property=\"product:brand\" content=\"Lautapelit.fi\" \/>\n<meta property=\"product:price:amount\" content=\"46.00\" \/>\n<meta property=\"product:price:currency\" content=\"EUR\" \/>\n<meta property=\"og:availability\" content=\"instock\" \/>\n<meta property=\"product:availability\" content=\"instock\" \/>\n<meta property=\"product:retailer_item_id\" content=\"Arnak\" \/>\n<meta property=\"product:condition\" content=\"new\" \/>\n<!-- \/ Yoast SEO Premium plugin. -->","yoast_head_json":{"title":"Arnak -- Kadonneet Rauniot &#8211; Spelivinkki","description":"Johtakaa tutkimusretkikuntaanne Arnakin salaper\u00e4isille raunioille l\u00f6yt\u00e4m\u00e4\u00e4n kadonneen temppelin arvoitus. \u00c4lk\u00e4\u00e4 antako suojelijoiden pys\u00e4ytt\u00e4\u00e4 teit\u00e4! \ud83c\udff0","robots":{"index":"index","follow":"follow","max-snippet":"max-snippet:-1","max-image-preview":"max-image-preview:large","max-video-preview":"max-video-preview:-1"},"canonical":"https:\/\/spelivinkki.fi\/sv\/produkt\/arnak-kadonneet-rauniot\/","og_locale":"sv_SE","og_type":"article","og_title":"Arnak -- Kadonneet Rauniot","og_description":"Johtakaa tutkimusretkikuntaanne Arnakin salaper\u00e4isille raunioille l\u00f6yt\u00e4m\u00e4\u00e4n kadonneen temppelin arvoitus. \u00c4lk\u00e4\u00e4 antako suojelijoiden pys\u00e4ytt\u00e4\u00e4 teit\u00e4! \ud83c\udff0","og_url":"https:\/\/spelivinkki.fi\/sv\/produkt\/arnak-kadonneet-rauniot\/","og_site_name":"Spelivinkki","article_publisher":"https:\/\/www.facebook.com\/SpelivinkkiOy\/","article_modified_time":"2025-02-27T12:15:04+00:00","og_image":[{"width":811,"height":810,"url":"https:\/\/mlw9zexfsyfr.i.optimole.com\/w:auto\/h:auto\/q:mauto\/ig:avif\/https:\/\/spelivinkki.fi\/wp-content\/uploads\/2024\/10\/Arnak_Kadonneet_Rauniot_Tuotekuva-min.webp","type":"image\/webp"}],"twitter_card":"summary_large_image","twitter_site":"@SpelivinkkiOy","twitter_misc":{"Pris":"46,00&nbsp;&euro;","Tillg\u00e4nglig":"I lager"},"schema":{"@context":"https:\/\/schema.org","@graph":[{"@type":"WebPage","@id":"https:\/\/spelivinkki.fi\/tuote\/arnak-kadonneet-rauniot\/","url":"https:\/\/spelivinkki.fi\/tuote\/arnak-kadonneet-rauniot\/","name":"Arnak -- Kadonneet Rauniot &#8211; Spelivinkki","isPartOf":{"@id":"https:\/\/spelivinkki.fi\/#website"},"primaryImageOfPage":{"@id":"https:\/\/spelivinkki.fi\/tuote\/arnak-kadonneet-rauniot\/#primaryimage"},"image":{"@id":"https:\/\/spelivinkki.fi\/tuote\/arnak-kadonneet-rauniot\/#primaryimage"},"thumbnailUrl":"https:\/\/mlw9zexfsyfr.i.optimole.com\/w:auto\/h:auto\/q:mauto\/ig:avif\/https:\/\/spelivinkki.fi\/wp-content\/uploads\/2024\/10\/Arnak_Kadonneet_Rauniot_Tuotekuva-min.webp","datePublished":"2024-10-28T11:26:07+00:00","dateModified":"2025-02-27T12:15:04+00:00","description":"Johtakaa tutkimusretkikuntaanne Arnakin salaper\u00e4isille raunioille l\u00f6yt\u00e4m\u00e4\u00e4n kadonneen temppelin arvoitus. \u00c4lk\u00e4\u00e4 antako suojelijoiden pys\u00e4ytt\u00e4\u00e4 teit\u00e4! \ud83c\udff0","breadcrumb":{"@id":"https:\/\/spelivinkki.fi\/tuote\/arnak-kadonneet-rauniot\/#breadcrumb"},"inLanguage":"sv-SE","potentialAction":[{"@type":"ReadAction","target":["https:\/\/spelivinkki.fi\/tuote\/arnak-kadonneet-rauniot\/"]}]},{"@type":"ImageObject","inLanguage":"sv-SE","@id":"https:\/\/spelivinkki.fi\/tuote\/arnak-kadonneet-rauniot\/#primaryimage","url":"https:\/\/mlw9zexfsyfr.i.optimole.com\/w:auto\/h:auto\/q:mauto\/ig:avif\/https:\/\/spelivinkki.fi\/wp-content\/uploads\/2024\/10\/Arnak_Kadonneet_Rauniot_Tuotekuva-min.webp","contentUrl":"https:\/\/mlw9zexfsyfr.i.optimole.com\/w:auto\/h:auto\/q:mauto\/ig:avif\/https:\/\/spelivinkki.fi\/wp-content\/uploads\/2024\/10\/Arnak_Kadonneet_Rauniot_Tuotekuva-min.webp","width":811,"height":810,"caption":"Arnak Kadonneet Rauniot Tuotekuva min"},{"@type":"BreadcrumbList","@id":"https:\/\/spelivinkki.fi\/tuote\/arnak-kadonneet-rauniot\/#breadcrumb","itemListElement":[{"@type":"ListItem","position":1,"name":"Etusivu","item":"https:\/\/spelivinkki.fi\/"},{"@type":"ListItem","position":2,"name":"Tuotteet","item":"https:\/\/spelivinkki.fi\/tuotteet\/"},{"@type":"ListItem","position":3,"name":"Arnak &#8212; Kadonneet Rauniot"}]},{"@type":"WebSite","@id":"https:\/\/spelivinkki.fi\/#website","url":"https:\/\/spelivinkki.fi\/","name":"Spelivinkki","description":"Paraisten Lautapelikauppa","publisher":{"@id":"https:\/\/spelivinkki.fi\/#organization"},"alternateName":"Spelivinkki Oy","potentialAction":[{"@type":"SearchAction","target":{"@type":"EntryPoint","urlTemplate":"https:\/\/spelivinkki.fi\/?s={search_term_string}"},"query-input":{"@type":"PropertyValueSpecification","valueRequired":true,"valueName":"search_term_string"}}],"inLanguage":"sv-SE"},{"@type":"Organization","@id":"https:\/\/spelivinkki.fi\/#organization","name":"Spelivinkki Oy","alternateName":"Spelivinkki","url":"https:\/\/spelivinkki.fi\/","logo":{"@type":"ImageObject","inLanguage":"sv-SE","@id":"https:\/\/spelivinkki.fi\/#\/schema\/logo\/image\/","url":"https:\/\/mlw9zexfsyfr.i.optimole.com\/w:auto\/h:auto\/q:mauto\/ig:avif\/https:\/\/spelivinkki.fi\/wp-content\/uploads\/2024\/02\/Logo.svg","contentUrl":"https:\/\/mlw9zexfsyfr.i.optimole.com\/w:auto\/h:auto\/q:mauto\/ig:avif\/https:\/\/spelivinkki.fi\/wp-content\/uploads\/2024\/02\/Logo.svg","width":2176,"height":2323,"caption":"Spelivinkki Oy"},"image":{"@id":"https:\/\/spelivinkki.fi\/#\/schema\/logo\/image\/"},"sameAs":["https:\/\/www.facebook.com\/SpelivinkkiOy\/","https:\/\/x.com\/SpelivinkkiOy","https:\/\/www.instagram.com\/spelivinkkioy\/"],"description":"Spelivinkki Oy is a company operating both a brick-and-mortar store in Finland as well as a webshop online. We sell board games, roleplaying games, miniature wargames, logic puzzles, jigsaw puzzles and other things related to the boardgame hobby.","email":"myynti@spelivinkki.fi","telephone":"+358406486605","legalName":"Spelivinkki Oy","foundingDate":"2023-09-17","vatID":"FI33904524","numberOfEmployees":{"@type":"QuantitativeValue","minValue":"1","maxValue":"10"},"hasMerchantReturnPolicy":{"@type":"MerchantReturnPolicy","merchantReturnLink":"https:\/\/spelivinkki.fi\/sv\/spelivinkin-vaihto-ja-palautusoikeus\/"}}]},"product_brand":"Lautapelit.fi","product_price_amount":"46.00","product_price_currency":"EUR","og_availability":"instock","product_availability":"instock","product_retailer_item_id":"Arnak","product_condition":"new"},"_links":{"self":[{"href":"https:\/\/spelivinkki.fi\/sv\/wp-json\/wp\/v2\/product\/6722","targetHints":{"allow":["GET"]}}],"collection":[{"href":"https:\/\/spelivinkki.fi\/sv\/wp-json\/wp\/v2\/product"}],"about":[{"href":"https:\/\/spelivinkki.fi\/sv\/wp-json\/wp\/v2\/types\/product"}],"wp:featuredmedia":[{"embeddable":true,"href":"https:\/\/spelivinkki.fi\/sv\/wp-json\/wp\/v2\/media\/6723"}],"wp:attachment":[{"href":"https:\/\/spelivinkki.fi\/sv\/wp-json\/wp\/v2\/media?parent=6722"}],"wp:term":[{"taxonomy":"product_brand","embeddable":true,"href":"https:\/\/spelivinkki.fi\/sv\/wp-json\/wp\/v2\/product_brand?post=6722"},{"taxonomy":"product_cat","embeddable":true,"href":"https:\/\/spelivinkki.fi\/sv\/wp-json\/wp\/v2\/product_cat?post=6722"},{"taxonomy":"product_tag","embeddable":true,"href":"https:\/\/spelivinkki.fi\/sv\/wp-json\/wp\/v2\/product_tag?post=6722"}],"curies":[{"name":"wp","href":"https:\/\/api.w.org\/{rel}","templated":true}]}}