{"id":6763,"date":"2024-11-22T08:54:06","date_gmt":"2024-11-22T08:54:06","guid":{"rendered":"https:\/\/spelivinkki.fi\/?post_type=product&#038;p=6763"},"modified":"2026-03-11T22:30:50","modified_gmt":"2026-03-11T22:30:50","slug":"terraforming-mars-milestones-awards-lisaosa-fi","status":"publish","type":"product","link":"https:\/\/spelivinkki.fi\/sv\/produkt\/terraforming-mars-milestones-awards-lisaosa-fi\/","title":{"rendered":"Terraforming Mars: Milestones &amp; Awards Expansion (FI)"},"content":{"rendered":"<p>Med hj\u00e4lp av denna expansion g\u00e5r det att v\u00e4lja vilka milstolpar och t\u00e4vlingar g\u00e4ller oavsett vilken Terraforming Mars karta ni spelar p\u00e5!<\/p>\n<h6><strong>Ugivarens beskrivning:<\/strong><\/h6>\n<p>70 saavutusta ja palkintoa jolla satunnaistaa mink\u00e4 tahansa kartan tavoitteet!<\/p>\n<p><em>Terraforming Marsin pelilautojen (peruspeli, Hellas\/Elysium, Amazonis\/Vastitas, Utopia\/Cimmeria) saavutukset\/palkinnot ovat t\u00e4ss\u00e4 lis\u00e4osassa irrallisina, jotta ne voi satunnaistaa mille tahansa laudalle.<\/em><\/p>\n<p>T\u00e4ss\u00e4 lis\u00e4osassa on yhteens\u00e4 70 saavutusta\/palkintoa seuraavasti:<\/p>\n<ul>\n<li>5 saavutusta ja 5 palkintoa peruspelist\u00e4<\/li>\n<li>4 saavutusta ja 5 palkintoa Hellaksesta<\/li>\n<li>4 saavutusta ja 4 palkintoa Elysiumista<\/li>\n<li>5 saavutusta ja 3 palkintoa Amazonisista<\/li>\n<li>4 saavutusta ja 4 palkintoa Vastitasista<\/li>\n<li>4 saavutusta ja 5 palkintoa Utopiasta<\/li>\n<li>4 saavutusta ja 5 palkintoa Cimmeriasta<\/li>\n<li>5 saavutusta ja 4 palkintoa kokonaan uusina.<\/li>\n<\/ul>","protected":false},"excerpt":{"rendered":"<p><strong>OBS!<\/strong> Detta \u00e4r en expansion som kr\u00e4ver Terraforming Mars basspelet f\u00f6r att spelas!<\/p>\n<ul>\n<li><strong>Spelarm\u00e4ngd:<\/strong> 1-5 (<strong>B\u00e4sta m\u00e4ngden:<\/strong> 3-4)<\/li>\n<li><strong>Varaktighet:<\/strong> 120 min<\/li>\n<li><strong>\u00c5ldersrekommendation:<\/strong> 12+<\/li>\n<li><strong>Spr\u00e5k:<\/strong> Finska<\/li>\n<li><strong>Genre:<\/strong> Bricksplacering, Handkontroll, Samling, Olika spelarkrafter, Varierande b\u00f6rjan<\/li>\n<li><strong>Tema:<\/strong> Vetenskap, Rymden, Mars, Ekonomi, Terraformning<\/li>\n<li><strong>Utveckling:<\/strong> Jacob Fryxelius<\/li>\n<li><strong>Utgivare:<\/strong> FryxGames \/ Lautapelit.fi<\/li>\n<\/ul>","protected":false},"featured_media":6764,"template":"","meta":{"site-sidebar-layout":"default","site-content-layout":"","ast-site-content-layout":"default","site-content-style":"default","site-sidebar-style":"default","ast-global-header-display":"","ast-banner-title-visibility":"","ast-main-header-display":"","ast-hfb-above-header-display":"","ast-hfb-below-header-display":"","ast-hfb-mobile-header-display":"","site-post-title":"","ast-breadcrumbs-content":"","ast-featured-img":"","footer-sml-layout":"","ast-disable-related-posts":"","theme-transparent-header-meta":"default","adv-header-id-meta":"","stick-header-meta":"","header-above-stick-meta":"","header-main-stick-meta":"","header-below-stick-meta":"","astra-migrate-meta-layouts":"set","ast-page-background-enabled":"default","ast-page-background-meta":{"desktop":{"background-color":"","background-image":"","background-repeat":"repeat","background-position":"center center","background-size":"auto","background-attachment":"scroll","background-type":"","background-media":"","overlay-type":"","overlay-color":"","overlay-opacity":"","overlay-gradient":""},"tablet":{"background-color":"","background-image":"","background-repeat":"repeat","background-position":"center center","background-size":"auto","background-attachment":"scroll","background-type":"","background-media":"","overlay-type":"","overlay-color":"","overlay-opacity":"","overlay-gradient":""},"mobile":{"background-color":"","background-image":"","background-repeat":"repeat","background-position":"center center","background-size":"auto","background-attachment":"scroll","background-type":"","background-media":"","overlay-type":"","overlay-color":"","overlay-opacity":"","overlay-gradient":""}},"ast-content-background-meta":{"desktop":{"background-color":"var(--ast-global-color-5)","background-image":"","background-repeat":"repeat","background-position":"center center","background-size":"auto","background-attachment":"scroll","background-type":"","background-media":"","overlay-type":"","overlay-color":"","overlay-opacity":"","overlay-gradient":""},"tablet":{"background-color":"var(--ast-global-color-5)","background-image":"","background-repeat":"repeat","background-position":"center center","background-size":"auto","background-attachment":"scroll","background-type":"","background-media":"","overlay-type":"","overlay-color":"","overlay-opacity":"","overlay-gradient":""},"mobile":{"background-color":"var(--ast-global-color-5)","background-image":"","background-repeat":"repeat","background-position":"center center","background-size":"auto","background-attachment":"scroll","background-type":"","background-media":"","overlay-type":"","overlay-color":"","overlay-opacity":"","overlay-gradient":""}}},"product_brand":[1160,1107],"product_cat":[16,283,45],"product_tag":[1058,1161,1115,1048,1162],"class_list":{"0":"post-6763","1":"product","2":"type-product","3":"status-publish","4":"has-post-thumbnail","6":"product_brand-fryxgames","7":"product_brand-lautapelit-fi","8":"product_cat-kaikki","9":"product_cat-laattojen-asettelu","10":"product_cat-strategiapelit","11":"product_tag-europeli","12":"product_tag-jacob-fryxelius","13":"product_tag-lisaosa","14":"product_tag-suomenkieliset-pelit","15":"product_tag-terraforming-mars-pelit","16":"product_shipping_class-any1","17":"desktop-align-center","18":"tablet-align-center","19":"mobile-align-center","21":"first","22":"instock","23":"taxable","24":"shipping-taxable","25":"purchasable","26":"product-type-simple"},"yoast_head":"<!-- This site is optimized with the Yoast SEO Premium plugin v27.3 (Yoast SEO v27.4) - https:\/\/yoast.com\/product\/yoast-seo-premium-wordpress\/ -->\n<title>Terraforming Mars: Milestones &amp; Awards Lis\u00e4osa (FI) &#8211; Spelivinkki<\/title>\n<meta name=\"description\" content=\"Unohda rutiini ja tuo j\u00e4nnityst\u00e4 peli-iltoihin. Terraforming Mars -lis\u00e4osalla saat 70 saavutusta ja palkintoa, jotka sopivat kaikille pelilautoille! \ud83d\udcab\" \/>\n<meta name=\"robots\" content=\"index, follow, max-snippet:-1, max-image-preview:large, max-video-preview:-1\" \/>\n<link rel=\"canonical\" href=\"https:\/\/spelivinkki.fi\/sv\/produkt\/terraforming-mars-milestones-awards-lisaosa-fi\/\" \/>\n<meta property=\"og:locale\" content=\"sv_SE\" \/>\n<meta property=\"og:type\" content=\"article\" \/>\n<meta property=\"og:title\" content=\"Terraforming Mars: Milestones &amp; Awards Lis\u00e4osa (FI)\" \/>\n<meta property=\"og:description\" content=\"Unohda rutiini ja tuo j\u00e4nnityst\u00e4 peli-iltoihin. Terraforming Mars -lis\u00e4osalla saat 70 saavutusta ja palkintoa, jotka sopivat kaikille pelilautoille! \ud83d\udcab\" \/>\n<meta property=\"og:url\" content=\"https:\/\/spelivinkki.fi\/sv\/produkt\/terraforming-mars-milestones-awards-lisaosa-fi\/\" \/>\n<meta property=\"og:site_name\" content=\"Spelivinkki\" \/>\n<meta property=\"article:publisher\" content=\"https:\/\/www.facebook.com\/SpelivinkkiOy\/\" \/>\n<meta property=\"article:modified_time\" content=\"2026-03-11T22:30:50+00:00\" \/>\n<meta property=\"og:image\" content=\"https:\/\/mlw9zexfsyfr.i.optimole.com\/w:auto\/h:auto\/q:mauto\/ig:avif\/https:\/\/spelivinkki.fi\/wp-content\/uploads\/2024\/11\/TM_Milestones_Tuotekuva-min.webp\" \/>\n\t<meta property=\"og:image:width\" content=\"889\" \/>\n\t<meta property=\"og:image:height\" content=\"888\" \/>\n\t<meta property=\"og:image:type\" content=\"image\/webp\" \/>\n<meta name=\"twitter:card\" content=\"summary_large_image\" \/>\n<meta name=\"twitter:site\" content=\"@SpelivinkkiOy\" \/>\n<meta name=\"twitter:label1\" content=\"Pris\" \/>\n\t<meta name=\"twitter:data1\" content=\"17,00&nbsp;&euro;\" \/>\n\t<meta name=\"twitter:label2\" content=\"Tillg\u00e4nglig\" \/>\n\t<meta name=\"twitter:data2\" content=\"I lager\" \/>\n<script type=\"application\/ld+json\" class=\"yoast-schema-graph\">{\"@context\":\"https:\\\/\\\/schema.org\",\"@graph\":[{\"@type\":\"WebPage\",\"@id\":\"https:\\\/\\\/spelivinkki.fi\\\/tuote\\\/terraforming-mars-milestones-awards-lisaosa-fi\\\/\",\"url\":\"https:\\\/\\\/spelivinkki.fi\\\/tuote\\\/terraforming-mars-milestones-awards-lisaosa-fi\\\/\",\"name\":\"Terraforming Mars: Milestones & Awards Lis\u00e4osa (FI) &#8211; Spelivinkki\",\"isPartOf\":{\"@id\":\"https:\\\/\\\/spelivinkki.fi\\\/#website\"},\"primaryImageOfPage\":{\"@id\":\"https:\\\/\\\/spelivinkki.fi\\\/tuote\\\/terraforming-mars-milestones-awards-lisaosa-fi\\\/#primaryimage\"},\"image\":{\"@id\":\"https:\\\/\\\/spelivinkki.fi\\\/tuote\\\/terraforming-mars-milestones-awards-lisaosa-fi\\\/#primaryimage\"},\"thumbnailUrl\":\"https:\\/\\/spelivinkki.fi\\/wp-content\\/uploads\\/2024\\/11\\/TM_Milestones_Tuotekuva-min.webp\",\"datePublished\":\"2024-11-22T08:54:06+00:00\",\"dateModified\":\"2026-03-11T22:30:50+00:00\",\"description\":\"Unohda rutiini ja tuo j\u00e4nnityst\u00e4 peli-iltoihin. Terraforming Mars -lis\u00e4osalla saat 70 saavutusta ja palkintoa, jotka sopivat kaikille pelilautoille! \ud83d\udcab\",\"breadcrumb\":{\"@id\":\"https:\\\/\\\/spelivinkki.fi\\\/tuote\\\/terraforming-mars-milestones-awards-lisaosa-fi\\\/#breadcrumb\"},\"inLanguage\":\"sv-SE\",\"potentialAction\":[{\"@type\":\"ReadAction\",\"target\":[\"https:\\\/\\\/spelivinkki.fi\\\/tuote\\\/terraforming-mars-milestones-awards-lisaosa-fi\\\/\"]}]},{\"@type\":\"ImageObject\",\"inLanguage\":\"sv-SE\",\"@id\":\"https:\\\/\\\/spelivinkki.fi\\\/tuote\\\/terraforming-mars-milestones-awards-lisaosa-fi\\\/#primaryimage\",\"url\":\"https:\\/\\/spelivinkki.fi\\/wp-content\\/uploads\\/2024\\/11\\/TM_Milestones_Tuotekuva-min.webp\",\"contentUrl\":\"https:\\/\\/spelivinkki.fi\\/wp-content\\/uploads\\/2024\\/11\\/TM_Milestones_Tuotekuva-min.webp\",\"width\":889,\"height\":888,\"caption\":\"TM Milestones Tuotekuva min\"},{\"@type\":\"BreadcrumbList\",\"@id\":\"https:\\\/\\\/spelivinkki.fi\\\/tuote\\\/terraforming-mars-milestones-awards-lisaosa-fi\\\/#breadcrumb\",\"itemListElement\":[{\"@type\":\"ListItem\",\"position\":1,\"name\":\"Etusivu\",\"item\":\"https:\\\/\\\/spelivinkki.fi\\\/\"},{\"@type\":\"ListItem\",\"position\":2,\"name\":\"Tuotteet\",\"item\":\"https:\\\/\\\/spelivinkki.fi\\\/tuotteet\\\/\"},{\"@type\":\"ListItem\",\"position\":3,\"name\":\"Terraforming Mars: Milestones &#038; Awards Lis\u00e4osa (FI)\"}]},{\"@type\":\"WebSite\",\"@id\":\"https:\\\/\\\/spelivinkki.fi\\\/#website\",\"url\":\"https:\\\/\\\/spelivinkki.fi\\\/\",\"name\":\"Spelivinkki\",\"description\":\"Paraisten Lautapelikauppa\",\"publisher\":{\"@id\":\"https:\\\/\\\/spelivinkki.fi\\\/#organization\"},\"alternateName\":\"Spelivinkki Oy\",\"potentialAction\":[{\"@type\":\"SearchAction\",\"target\":{\"@type\":\"EntryPoint\",\"urlTemplate\":\"https:\\\/\\\/spelivinkki.fi\\\/?s={search_term_string}\"},\"query-input\":{\"@type\":\"PropertyValueSpecification\",\"valueRequired\":true,\"valueName\":\"search_term_string\"}}],\"inLanguage\":\"sv-SE\"},{\"@type\":\"Organization\",\"@id\":\"https:\\\/\\\/spelivinkki.fi\\\/#organization\",\"name\":\"Spelivinkki Oy\",\"alternateName\":\"Spelivinkki\",\"url\":\"https:\\\/\\\/spelivinkki.fi\\\/\",\"logo\":{\"@type\":\"ImageObject\",\"inLanguage\":\"sv-SE\",\"@id\":\"https:\\\/\\\/spelivinkki.fi\\\/#\\\/schema\\\/logo\\\/image\\\/\",\"url\":\"https:\\/\\/spelivinkki.fi\\/wp-content\\/uploads\\/2024\\/02\\/Logo.svg\",\"contentUrl\":\"https:\\/\\/spelivinkki.fi\\/wp-content\\/uploads\\/2024\\/02\\/Logo.svg\",\"width\":2176,\"height\":2323,\"caption\":\"Spelivinkki Oy\"},\"image\":{\"@id\":\"https:\\\/\\\/spelivinkki.fi\\\/#\\\/schema\\\/logo\\\/image\\\/\"},\"sameAs\":[\"https:\\\/\\\/www.facebook.com\\\/SpelivinkkiOy\\\/\",\"https:\\\/\\\/x.com\\\/SpelivinkkiOy\",\"https:\\\/\\\/www.instagram.com\\\/spelivinkkioy\\\/\"],\"description\":\"Spelivinkki Oy is a company operating both a brick-and-mortar store in Finland as well as a webshop online. We sell board games, roleplaying games, miniature wargames, logic puzzles, jigsaw puzzles and other things related to the boardgame hobby.\",\"email\":\"myynti@spelivinkki.fi\",\"telephone\":\"+358406486605\",\"legalName\":\"Spelivinkki Oy\",\"foundingDate\":\"2023-09-17\",\"vatID\":\"FI33904524\",\"numberOfEmployees\":{\"@type\":\"QuantitativeValue\",\"minValue\":\"1\",\"maxValue\":\"10\"},\"hasMerchantReturnPolicy\":{\"@type\":\"MerchantReturnPolicy\",\"merchantReturnLink\":\"https:\\\/\\\/spelivinkki.fi\\\/sv\\\/spelivinkin-vaihto-ja-palautusoikeus\\\/\"}}]}<\/script>\n<meta property=\"product:brand\" content=\"FryxGames\" \/>\n<meta property=\"product:price:amount\" content=\"17.00\" \/>\n<meta property=\"product:price:currency\" content=\"EUR\" \/>\n<meta property=\"og:availability\" content=\"instock\" \/>\n<meta property=\"product:availability\" content=\"instock\" \/>\n<meta property=\"product:retailer_item_id\" content=\"TM_Milestones_and_awards\" \/>\n<meta property=\"product:condition\" content=\"new\" \/>\n<!-- \/ Yoast SEO Premium plugin. -->","yoast_head_json":{"title":"Terraforming Mars: Milestones & Awards Lis\u00e4osa (FI) &#8211; Spelivinkki","description":"Unohda rutiini ja tuo j\u00e4nnityst\u00e4 peli-iltoihin. Terraforming Mars -lis\u00e4osalla saat 70 saavutusta ja palkintoa, jotka sopivat kaikille pelilautoille! \ud83d\udcab","robots":{"index":"index","follow":"follow","max-snippet":"max-snippet:-1","max-image-preview":"max-image-preview:large","max-video-preview":"max-video-preview:-1"},"canonical":"https:\/\/spelivinkki.fi\/sv\/produkt\/terraforming-mars-milestones-awards-lisaosa-fi\/","og_locale":"sv_SE","og_type":"article","og_title":"Terraforming Mars: Milestones & Awards Lis\u00e4osa (FI)","og_description":"Unohda rutiini ja tuo j\u00e4nnityst\u00e4 peli-iltoihin. Terraforming Mars -lis\u00e4osalla saat 70 saavutusta ja palkintoa, jotka sopivat kaikille pelilautoille! \ud83d\udcab","og_url":"https:\/\/spelivinkki.fi\/sv\/produkt\/terraforming-mars-milestones-awards-lisaosa-fi\/","og_site_name":"Spelivinkki","article_publisher":"https:\/\/www.facebook.com\/SpelivinkkiOy\/","article_modified_time":"2026-03-11T22:30:50+00:00","og_image":[{"width":889,"height":888,"url":"https:\/\/mlw9zexfsyfr.i.optimole.com\/w:auto\/h:auto\/q:mauto\/ig:avif\/https:\/\/spelivinkki.fi\/wp-content\/uploads\/2024\/11\/TM_Milestones_Tuotekuva-min.webp","type":"image\/webp"}],"twitter_card":"summary_large_image","twitter_site":"@SpelivinkkiOy","twitter_misc":{"Pris":"17,00&nbsp;&euro;","Tillg\u00e4nglig":"I lager"},"schema":{"@context":"https:\/\/schema.org","@graph":[{"@type":"WebPage","@id":"https:\/\/spelivinkki.fi\/tuote\/terraforming-mars-milestones-awards-lisaosa-fi\/","url":"https:\/\/spelivinkki.fi\/tuote\/terraforming-mars-milestones-awards-lisaosa-fi\/","name":"Terraforming Mars: Milestones & Awards Lis\u00e4osa (FI) &#8211; Spelivinkki","isPartOf":{"@id":"https:\/\/spelivinkki.fi\/#website"},"primaryImageOfPage":{"@id":"https:\/\/spelivinkki.fi\/tuote\/terraforming-mars-milestones-awards-lisaosa-fi\/#primaryimage"},"image":{"@id":"https:\/\/spelivinkki.fi\/tuote\/terraforming-mars-milestones-awards-lisaosa-fi\/#primaryimage"},"thumbnailUrl":"https:\/\/mlw9zexfsyfr.i.optimole.com\/w:auto\/h:auto\/q:mauto\/ig:avif\/https:\/\/spelivinkki.fi\/wp-content\/uploads\/2024\/11\/TM_Milestones_Tuotekuva-min.webp","datePublished":"2024-11-22T08:54:06+00:00","dateModified":"2026-03-11T22:30:50+00:00","description":"Unohda rutiini ja tuo j\u00e4nnityst\u00e4 peli-iltoihin. Terraforming Mars -lis\u00e4osalla saat 70 saavutusta ja palkintoa, jotka sopivat kaikille pelilautoille! \ud83d\udcab","breadcrumb":{"@id":"https:\/\/spelivinkki.fi\/tuote\/terraforming-mars-milestones-awards-lisaosa-fi\/#breadcrumb"},"inLanguage":"sv-SE","potentialAction":[{"@type":"ReadAction","target":["https:\/\/spelivinkki.fi\/tuote\/terraforming-mars-milestones-awards-lisaosa-fi\/"]}]},{"@type":"ImageObject","inLanguage":"sv-SE","@id":"https:\/\/spelivinkki.fi\/tuote\/terraforming-mars-milestones-awards-lisaosa-fi\/#primaryimage","url":"https:\/\/mlw9zexfsyfr.i.optimole.com\/w:auto\/h:auto\/q:mauto\/ig:avif\/https:\/\/spelivinkki.fi\/wp-content\/uploads\/2024\/11\/TM_Milestones_Tuotekuva-min.webp","contentUrl":"https:\/\/mlw9zexfsyfr.i.optimole.com\/w:auto\/h:auto\/q:mauto\/ig:avif\/https:\/\/spelivinkki.fi\/wp-content\/uploads\/2024\/11\/TM_Milestones_Tuotekuva-min.webp","width":889,"height":888,"caption":"TM Milestones Tuotekuva min"},{"@type":"BreadcrumbList","@id":"https:\/\/spelivinkki.fi\/tuote\/terraforming-mars-milestones-awards-lisaosa-fi\/#breadcrumb","itemListElement":[{"@type":"ListItem","position":1,"name":"Etusivu","item":"https:\/\/spelivinkki.fi\/"},{"@type":"ListItem","position":2,"name":"Tuotteet","item":"https:\/\/spelivinkki.fi\/tuotteet\/"},{"@type":"ListItem","position":3,"name":"Terraforming Mars: Milestones &#038; Awards Lis\u00e4osa (FI)"}]},{"@type":"WebSite","@id":"https:\/\/spelivinkki.fi\/#website","url":"https:\/\/spelivinkki.fi\/","name":"Spelivinkki","description":"Paraisten Lautapelikauppa","publisher":{"@id":"https:\/\/spelivinkki.fi\/#organization"},"alternateName":"Spelivinkki Oy","potentialAction":[{"@type":"SearchAction","target":{"@type":"EntryPoint","urlTemplate":"https:\/\/spelivinkki.fi\/?s={search_term_string}"},"query-input":{"@type":"PropertyValueSpecification","valueRequired":true,"valueName":"search_term_string"}}],"inLanguage":"sv-SE"},{"@type":"Organization","@id":"https:\/\/spelivinkki.fi\/#organization","name":"Spelivinkki Oy","alternateName":"Spelivinkki","url":"https:\/\/spelivinkki.fi\/","logo":{"@type":"ImageObject","inLanguage":"sv-SE","@id":"https:\/\/spelivinkki.fi\/#\/schema\/logo\/image\/","url":"https:\/\/mlw9zexfsyfr.i.optimole.com\/w:auto\/h:auto\/q:mauto\/ig:avif\/https:\/\/spelivinkki.fi\/wp-content\/uploads\/2024\/02\/Logo.svg","contentUrl":"https:\/\/mlw9zexfsyfr.i.optimole.com\/w:auto\/h:auto\/q:mauto\/ig:avif\/https:\/\/spelivinkki.fi\/wp-content\/uploads\/2024\/02\/Logo.svg","width":2176,"height":2323,"caption":"Spelivinkki Oy"},"image":{"@id":"https:\/\/spelivinkki.fi\/#\/schema\/logo\/image\/"},"sameAs":["https:\/\/www.facebook.com\/SpelivinkkiOy\/","https:\/\/x.com\/SpelivinkkiOy","https:\/\/www.instagram.com\/spelivinkkioy\/"],"description":"Spelivinkki Oy is a company operating both a brick-and-mortar store in Finland as well as a webshop online. We sell board games, roleplaying games, miniature wargames, logic puzzles, jigsaw puzzles and other things related to the boardgame hobby.","email":"myynti@spelivinkki.fi","telephone":"+358406486605","legalName":"Spelivinkki Oy","foundingDate":"2023-09-17","vatID":"FI33904524","numberOfEmployees":{"@type":"QuantitativeValue","minValue":"1","maxValue":"10"},"hasMerchantReturnPolicy":{"@type":"MerchantReturnPolicy","merchantReturnLink":"https:\/\/spelivinkki.fi\/sv\/spelivinkin-vaihto-ja-palautusoikeus\/"}}]},"product_brand":"FryxGames","product_price_amount":"17.00","product_price_currency":"EUR","og_availability":"instock","product_availability":"instock","product_retailer_item_id":"TM_Milestones_and_awards","product_condition":"new"},"_links":{"self":[{"href":"https:\/\/spelivinkki.fi\/sv\/wp-json\/wp\/v2\/product\/6763","targetHints":{"allow":["GET"]}}],"collection":[{"href":"https:\/\/spelivinkki.fi\/sv\/wp-json\/wp\/v2\/product"}],"about":[{"href":"https:\/\/spelivinkki.fi\/sv\/wp-json\/wp\/v2\/types\/product"}],"wp:featuredmedia":[{"embeddable":true,"href":"https:\/\/spelivinkki.fi\/sv\/wp-json\/wp\/v2\/media\/6764"}],"wp:attachment":[{"href":"https:\/\/spelivinkki.fi\/sv\/wp-json\/wp\/v2\/media?parent=6763"}],"wp:term":[{"taxonomy":"product_brand","embeddable":true,"href":"https:\/\/spelivinkki.fi\/sv\/wp-json\/wp\/v2\/product_brand?post=6763"},{"taxonomy":"product_cat","embeddable":true,"href":"https:\/\/spelivinkki.fi\/sv\/wp-json\/wp\/v2\/product_cat?post=6763"},{"taxonomy":"product_tag","embeddable":true,"href":"https:\/\/spelivinkki.fi\/sv\/wp-json\/wp\/v2\/product_tag?post=6763"}],"curies":[{"name":"wp","href":"https:\/\/api.w.org\/{rel}","templated":true}]}}