{"id":6771,"date":"2024-11-22T09:45:35","date_gmt":"2024-11-22T09:45:35","guid":{"rendered":"https:\/\/spelivinkki.fi\/?post_type=product&#038;p=6771"},"modified":"2026-04-07T07:49:45","modified_gmt":"2026-04-07T07:49:45","slug":"terraforming-mars-venus-next-lisaosa-fi","status":"publish","type":"product","link":"https:\/\/spelivinkki.fi\/sv\/produkt\/terraforming-mars-venus-next-lisaosa-fi\/","title":{"rendered":"Terraforming Mars: Venus Next Expansion (FI)"},"content":{"rendered":"<p>Enligt Spelivinkki \u00e4r Venus Next den viktigaste expansionen till Terraforming Mars. Den ger spelarna fler m\u00f6jligheter att best\u00e4mma spelets takt, n\u00e5got som kan vara speciellt viktigt om Prelude expansioner ocks\u00e5 \u00e4r involverade.<\/p>\n<h6><strong>Ugivarens beskrivning:<\/strong><\/h6>\n<p><em>Det kan mycket v\u00e4l h\u00e4nda att Venus \u00e4r v\u00e5rt solsystems farligaste planet... men den har sina starka sidor ocks\u00e5! Koloniseringen har redan b\u00f6rjat bland de fr\u00e4tande molnen, l\u00e5ngt fr\u00e5n markytans hetta. Ditt f\u00f6retag har en utm\u00e4rkt chans att skaffa gott rykte: Bygg flygande st\u00e4der, kyl ner den gasfyllda atmosf\u00e4ren genom att skugga solen eller h\u00e4mta till och med nytt liv till denna planet! \u2013 Venus hj\u00e4lper dig ocks\u00e5 att terraforma Mars!<\/em><\/p>\n<p><em>Venus Next -lis\u00e4osa vie Terraforming Mars -pelin pelaajat asuttamaan Venuksen ilmakeh\u00e4\u00e4!<\/em><\/p>\n<p><em>Venuksen ilmakeh\u00e4n asuttaminen tuo mukanaan uuden Venus-laudan, jossa eteneminen edist\u00e4\u00e4 yht\u00e4 vahvempien Venus-aiheisten projektikorttien pelaamista. Lis\u00e4ksi upouudet yritykset, kuten Venuksen asuttamiseen erikoistunut Morning Star inc tai toimintokortteihin erikoistunut Viron tuovat uusia strategisia vaihtoehtoja peleihin!<\/em><\/p>\n<p><em>Mukana on my\u00f6s uusia projektikortteja sek\u00e4 Venukseen liittyv\u00e4 palkinto ja saavutus, joilla palkitaan ahkerimmin Venusta asuttaneita pelaajia.<\/em><\/p>\n<p><em>Venus Next -lis\u00e4osa voidaan yhdist\u00e4\u00e4 muiden lis\u00e4osien kanssa.<\/em><\/p>","protected":false},"excerpt":{"rendered":"<p><strong>OBS!<\/strong> Detta \u00e4r en expansion som kr\u00e4ver Terraforming Mars basspelet f\u00f6r att spelas!<\/p>\n<ul>\n<li><strong>Spelarm\u00e4ngd:<\/strong> 1-5 (<strong>B\u00e4sta m\u00e4ngden:<\/strong> 3-4)<\/li>\n<li><strong>Varaktighet:<\/strong> 120 min<\/li>\n<li><strong>\u00c5ldersrekommendation:<\/strong> 12+<\/li>\n<li><strong>Spr\u00e5k:<\/strong> Finska<\/li>\n<li><strong>Genre:<\/strong> Bricksplacering, Handkontroll, Samling, Olika spelarkrafter, Varierande b\u00f6rjan<\/li>\n<li><strong>Tema:<\/strong> Vetenskap, Rymden, Mars, Ekonomi, Terraformning<\/li>\n<li><strong>Passande Sleevy Kortskydd (ing\u00e5r ej!):<\/strong> 54 st Standard storlek<\/li>\n<li><strong>Utveckling:<\/strong> Jacob Fryxelius<\/li>\n<li><strong>Utgivare:<\/strong> FryxGames \/ Lautapelit.fi<\/li>\n<\/ul>","protected":false},"featured_media":6772,"template":"","meta":{"site-sidebar-layout":"default","site-content-layout":"","ast-site-content-layout":"default","site-content-style":"default","site-sidebar-style":"default","ast-global-header-display":"","ast-banner-title-visibility":"","ast-main-header-display":"","ast-hfb-above-header-display":"","ast-hfb-below-header-display":"","ast-hfb-mobile-header-display":"","site-post-title":"","ast-breadcrumbs-content":"","ast-featured-img":"","footer-sml-layout":"","ast-disable-related-posts":"","theme-transparent-header-meta":"default","adv-header-id-meta":"","stick-header-meta":"","header-above-stick-meta":"","header-main-stick-meta":"","header-below-stick-meta":"","astra-migrate-meta-layouts":"set","ast-page-background-enabled":"default","ast-page-background-meta":{"desktop":{"background-color":"","background-image":"","background-repeat":"repeat","background-position":"center center","background-size":"auto","background-attachment":"scroll","background-type":"","background-media":"","overlay-type":"","overlay-color":"","overlay-opacity":"","overlay-gradient":""},"tablet":{"background-color":"","background-image":"","background-repeat":"repeat","background-position":"center center","background-size":"auto","background-attachment":"scroll","background-type":"","background-media":"","overlay-type":"","overlay-color":"","overlay-opacity":"","overlay-gradient":""},"mobile":{"background-color":"","background-image":"","background-repeat":"repeat","background-position":"center center","background-size":"auto","background-attachment":"scroll","background-type":"","background-media":"","overlay-type":"","overlay-color":"","overlay-opacity":"","overlay-gradient":""}},"ast-content-background-meta":{"desktop":{"background-color":"var(--ast-global-color-5)","background-image":"","background-repeat":"repeat","background-position":"center center","background-size":"auto","background-attachment":"scroll","background-type":"","background-media":"","overlay-type":"","overlay-color":"","overlay-opacity":"","overlay-gradient":""},"tablet":{"background-color":"var(--ast-global-color-5)","background-image":"","background-repeat":"repeat","background-position":"center center","background-size":"auto","background-attachment":"scroll","background-type":"","background-media":"","overlay-type":"","overlay-color":"","overlay-opacity":"","overlay-gradient":""},"mobile":{"background-color":"var(--ast-global-color-5)","background-image":"","background-repeat":"repeat","background-position":"center center","background-size":"auto","background-attachment":"scroll","background-type":"","background-media":"","overlay-type":"","overlay-color":"","overlay-opacity":"","overlay-gradient":""}}},"product_brand":[1160,1107],"product_cat":[16,283,45],"product_tag":[1058,1161,1115,1048,1162],"class_list":{"0":"post-6771","1":"product","2":"type-product","3":"status-publish","4":"has-post-thumbnail","6":"product_brand-fryxgames","7":"product_brand-lautapelit-fi","8":"product_cat-kaikki","9":"product_cat-laattojen-asettelu","10":"product_cat-strategiapelit","11":"product_tag-europeli","12":"product_tag-jacob-fryxelius","13":"product_tag-lisaosa","14":"product_tag-suomenkieliset-pelit","15":"product_tag-terraforming-mars-pelit","16":"product_shipping_class-standard2","17":"desktop-align-center","18":"tablet-align-center","19":"mobile-align-center","21":"first","22":"outofstock","23":"taxable","24":"shipping-taxable","25":"purchasable","26":"product-type-simple"},"yoast_head":"<!-- This site is optimized with the Yoast SEO Premium plugin v27.3 (Yoast SEO v27.4) - https:\/\/yoast.com\/product\/yoast-seo-premium-wordpress\/ -->\n<title>Terraforming Mars: Venus Next Lis\u00e4osa (FI) &#8211; Spelivinkki<\/title>\n<meta name=\"description\" content=\"Rakenna lent\u00e4vi\u00e4 kaupunkeja ja tuo el\u00e4m\u00e4\u00e4 Venuksen ilmakeh\u00e4\u00e4n Terraforming Mars Venus Next -lis\u00e4osan avulla. L\u00e4hde seikkailuun!\" \/>\n<meta name=\"robots\" content=\"index, follow, max-snippet:-1, max-image-preview:large, max-video-preview:-1\" \/>\n<link rel=\"canonical\" href=\"https:\/\/spelivinkki.fi\/sv\/produkt\/terraforming-mars-venus-next-lisaosa-fi\/\" \/>\n<meta property=\"og:locale\" content=\"sv_SE\" \/>\n<meta property=\"og:type\" content=\"article\" \/>\n<meta property=\"og:title\" content=\"Terraforming Mars: Venus Next Lis\u00e4osa (FI)\" \/>\n<meta property=\"og:description\" content=\"Rakenna lent\u00e4vi\u00e4 kaupunkeja ja tuo el\u00e4m\u00e4\u00e4 Venuksen ilmakeh\u00e4\u00e4n Terraforming Mars Venus Next -lis\u00e4osan avulla. L\u00e4hde seikkailuun!\" \/>\n<meta property=\"og:url\" content=\"https:\/\/spelivinkki.fi\/sv\/produkt\/terraforming-mars-venus-next-lisaosa-fi\/\" \/>\n<meta property=\"og:site_name\" content=\"Spelivinkki\" \/>\n<meta property=\"article:publisher\" content=\"https:\/\/www.facebook.com\/SpelivinkkiOy\/\" \/>\n<meta property=\"article:modified_time\" content=\"2026-04-07T07:49:45+00:00\" \/>\n<meta property=\"og:image\" content=\"https:\/\/mlw9zexfsyfr.i.optimole.com\/w:auto\/h:auto\/q:mauto\/ig:avif\/https:\/\/spelivinkki.fi\/wp-content\/uploads\/2024\/11\/TM_Venus_Next_Tuotekuva-min.webp\" \/>\n\t<meta property=\"og:image:width\" content=\"808\" \/>\n\t<meta property=\"og:image:height\" content=\"808\" \/>\n\t<meta property=\"og:image:type\" content=\"image\/webp\" \/>\n<meta name=\"twitter:card\" content=\"summary_large_image\" \/>\n<meta name=\"twitter:site\" content=\"@SpelivinkkiOy\" \/>\n<meta name=\"twitter:label1\" content=\"Pris\" \/>\n\t<meta name=\"twitter:data1\" content=\"25,00&nbsp;&euro;\" \/>\n\t<meta name=\"twitter:label2\" content=\"Tillg\u00e4nglig\" \/>\n\t<meta name=\"twitter:data2\" content=\"Slut i lager\" \/>\n<script type=\"application\/ld+json\" class=\"yoast-schema-graph\">{\"@context\":\"https:\\\/\\\/schema.org\",\"@graph\":[{\"@type\":\"WebPage\",\"@id\":\"https:\\\/\\\/spelivinkki.fi\\\/tuote\\\/terraforming-mars-venus-next-lisaosa-fi\\\/\",\"url\":\"https:\\\/\\\/spelivinkki.fi\\\/tuote\\\/terraforming-mars-venus-next-lisaosa-fi\\\/\",\"name\":\"Terraforming Mars: Venus Next Lis\u00e4osa (FI) &#8211; Spelivinkki\",\"isPartOf\":{\"@id\":\"https:\\\/\\\/spelivinkki.fi\\\/#website\"},\"primaryImageOfPage\":{\"@id\":\"https:\\\/\\\/spelivinkki.fi\\\/tuote\\\/terraforming-mars-venus-next-lisaosa-fi\\\/#primaryimage\"},\"image\":{\"@id\":\"https:\\\/\\\/spelivinkki.fi\\\/tuote\\\/terraforming-mars-venus-next-lisaosa-fi\\\/#primaryimage\"},\"thumbnailUrl\":\"https:\\/\\/spelivinkki.fi\\/wp-content\\/uploads\\/2024\\/11\\/TM_Venus_Next_Tuotekuva-min.webp\",\"datePublished\":\"2024-11-22T09:45:35+00:00\",\"dateModified\":\"2026-04-07T07:49:45+00:00\",\"description\":\"Rakenna lent\u00e4vi\u00e4 kaupunkeja ja tuo el\u00e4m\u00e4\u00e4 Venuksen ilmakeh\u00e4\u00e4n Terraforming Mars Venus Next -lis\u00e4osan avulla. L\u00e4hde seikkailuun!\",\"breadcrumb\":{\"@id\":\"https:\\\/\\\/spelivinkki.fi\\\/tuote\\\/terraforming-mars-venus-next-lisaosa-fi\\\/#breadcrumb\"},\"inLanguage\":\"sv-SE\",\"potentialAction\":[{\"@type\":\"ReadAction\",\"target\":[\"https:\\\/\\\/spelivinkki.fi\\\/tuote\\\/terraforming-mars-venus-next-lisaosa-fi\\\/\"]}]},{\"@type\":\"ImageObject\",\"inLanguage\":\"sv-SE\",\"@id\":\"https:\\\/\\\/spelivinkki.fi\\\/tuote\\\/terraforming-mars-venus-next-lisaosa-fi\\\/#primaryimage\",\"url\":\"https:\\/\\/spelivinkki.fi\\/wp-content\\/uploads\\/2024\\/11\\/TM_Venus_Next_Tuotekuva-min.webp\",\"contentUrl\":\"https:\\/\\/spelivinkki.fi\\/wp-content\\/uploads\\/2024\\/11\\/TM_Venus_Next_Tuotekuva-min.webp\",\"width\":808,\"height\":808,\"caption\":\"TM Venus Next Tuotekuva min\"},{\"@type\":\"BreadcrumbList\",\"@id\":\"https:\\\/\\\/spelivinkki.fi\\\/tuote\\\/terraforming-mars-venus-next-lisaosa-fi\\\/#breadcrumb\",\"itemListElement\":[{\"@type\":\"ListItem\",\"position\":1,\"name\":\"Etusivu\",\"item\":\"https:\\\/\\\/spelivinkki.fi\\\/\"},{\"@type\":\"ListItem\",\"position\":2,\"name\":\"Tuotteet\",\"item\":\"https:\\\/\\\/spelivinkki.fi\\\/tuotteet\\\/\"},{\"@type\":\"ListItem\",\"position\":3,\"name\":\"Terraforming Mars: Venus Next Lis\u00e4osa (FI)\"}]},{\"@type\":\"WebSite\",\"@id\":\"https:\\\/\\\/spelivinkki.fi\\\/#website\",\"url\":\"https:\\\/\\\/spelivinkki.fi\\\/\",\"name\":\"Spelivinkki\",\"description\":\"Paraisten Lautapelikauppa\",\"publisher\":{\"@id\":\"https:\\\/\\\/spelivinkki.fi\\\/#organization\"},\"alternateName\":\"Spelivinkki Oy\",\"potentialAction\":[{\"@type\":\"SearchAction\",\"target\":{\"@type\":\"EntryPoint\",\"urlTemplate\":\"https:\\\/\\\/spelivinkki.fi\\\/?s={search_term_string}\"},\"query-input\":{\"@type\":\"PropertyValueSpecification\",\"valueRequired\":true,\"valueName\":\"search_term_string\"}}],\"inLanguage\":\"sv-SE\"},{\"@type\":\"Organization\",\"@id\":\"https:\\\/\\\/spelivinkki.fi\\\/#organization\",\"name\":\"Spelivinkki Oy\",\"alternateName\":\"Spelivinkki\",\"url\":\"https:\\\/\\\/spelivinkki.fi\\\/\",\"logo\":{\"@type\":\"ImageObject\",\"inLanguage\":\"sv-SE\",\"@id\":\"https:\\\/\\\/spelivinkki.fi\\\/#\\\/schema\\\/logo\\\/image\\\/\",\"url\":\"https:\\/\\/spelivinkki.fi\\/wp-content\\/uploads\\/2024\\/02\\/Logo.svg\",\"contentUrl\":\"https:\\/\\/spelivinkki.fi\\/wp-content\\/uploads\\/2024\\/02\\/Logo.svg\",\"width\":2176,\"height\":2323,\"caption\":\"Spelivinkki Oy\"},\"image\":{\"@id\":\"https:\\\/\\\/spelivinkki.fi\\\/#\\\/schema\\\/logo\\\/image\\\/\"},\"sameAs\":[\"https:\\\/\\\/www.facebook.com\\\/SpelivinkkiOy\\\/\",\"https:\\\/\\\/x.com\\\/SpelivinkkiOy\",\"https:\\\/\\\/www.instagram.com\\\/spelivinkkioy\\\/\"],\"description\":\"Spelivinkki Oy is a company operating both a brick-and-mortar store in Finland as well as a webshop online. We sell board games, roleplaying games, miniature wargames, logic puzzles, jigsaw puzzles and other things related to the boardgame hobby.\",\"email\":\"myynti@spelivinkki.fi\",\"telephone\":\"+358406486605\",\"legalName\":\"Spelivinkki Oy\",\"foundingDate\":\"2023-09-17\",\"vatID\":\"FI33904524\",\"numberOfEmployees\":{\"@type\":\"QuantitativeValue\",\"minValue\":\"1\",\"maxValue\":\"10\"},\"hasMerchantReturnPolicy\":{\"@type\":\"MerchantReturnPolicy\",\"merchantReturnLink\":\"https:\\\/\\\/spelivinkki.fi\\\/sv\\\/spelivinkin-vaihto-ja-palautusoikeus\\\/\"}}]}<\/script>\n<meta property=\"product:brand\" content=\"FryxGames\" \/>\n<meta property=\"product:price:amount\" content=\"25.00\" \/>\n<meta property=\"product:price:currency\" content=\"EUR\" \/>\n<meta property=\"og:availability\" content=\"out of stock\" \/>\n<meta property=\"product:availability\" content=\"out of stock\" \/>\n<meta property=\"product:retailer_item_id\" content=\"TM_Venus_Next\" \/>\n<meta property=\"product:condition\" content=\"new\" \/>\n<!-- \/ Yoast SEO Premium plugin. -->","yoast_head_json":{"title":"Terraforming Mars: Venus Next Lis\u00e4osa (FI) &#8211; Spelivinkki","description":"Rakenna lent\u00e4vi\u00e4 kaupunkeja ja tuo el\u00e4m\u00e4\u00e4 Venuksen ilmakeh\u00e4\u00e4n Terraforming Mars Venus Next -lis\u00e4osan avulla. L\u00e4hde seikkailuun!","robots":{"index":"index","follow":"follow","max-snippet":"max-snippet:-1","max-image-preview":"max-image-preview:large","max-video-preview":"max-video-preview:-1"},"canonical":"https:\/\/spelivinkki.fi\/sv\/produkt\/terraforming-mars-venus-next-lisaosa-fi\/","og_locale":"sv_SE","og_type":"article","og_title":"Terraforming Mars: Venus Next Lis\u00e4osa (FI)","og_description":"Rakenna lent\u00e4vi\u00e4 kaupunkeja ja tuo el\u00e4m\u00e4\u00e4 Venuksen ilmakeh\u00e4\u00e4n Terraforming Mars Venus Next -lis\u00e4osan avulla. L\u00e4hde seikkailuun!","og_url":"https:\/\/spelivinkki.fi\/sv\/produkt\/terraforming-mars-venus-next-lisaosa-fi\/","og_site_name":"Spelivinkki","article_publisher":"https:\/\/www.facebook.com\/SpelivinkkiOy\/","article_modified_time":"2026-04-07T07:49:45+00:00","og_image":[{"width":808,"height":808,"url":"https:\/\/mlw9zexfsyfr.i.optimole.com\/w:auto\/h:auto\/q:mauto\/ig:avif\/https:\/\/spelivinkki.fi\/wp-content\/uploads\/2024\/11\/TM_Venus_Next_Tuotekuva-min.webp","type":"image\/webp"}],"twitter_card":"summary_large_image","twitter_site":"@SpelivinkkiOy","twitter_misc":{"Pris":"25,00&nbsp;&euro;","Tillg\u00e4nglig":"Slut i lager"},"schema":{"@context":"https:\/\/schema.org","@graph":[{"@type":"WebPage","@id":"https:\/\/spelivinkki.fi\/tuote\/terraforming-mars-venus-next-lisaosa-fi\/","url":"https:\/\/spelivinkki.fi\/tuote\/terraforming-mars-venus-next-lisaosa-fi\/","name":"Terraforming Mars: Venus Next Lis\u00e4osa (FI) &#8211; Spelivinkki","isPartOf":{"@id":"https:\/\/spelivinkki.fi\/#website"},"primaryImageOfPage":{"@id":"https:\/\/spelivinkki.fi\/tuote\/terraforming-mars-venus-next-lisaosa-fi\/#primaryimage"},"image":{"@id":"https:\/\/spelivinkki.fi\/tuote\/terraforming-mars-venus-next-lisaosa-fi\/#primaryimage"},"thumbnailUrl":"https:\/\/mlw9zexfsyfr.i.optimole.com\/w:auto\/h:auto\/q:mauto\/ig:avif\/https:\/\/spelivinkki.fi\/wp-content\/uploads\/2024\/11\/TM_Venus_Next_Tuotekuva-min.webp","datePublished":"2024-11-22T09:45:35+00:00","dateModified":"2026-04-07T07:49:45+00:00","description":"Rakenna lent\u00e4vi\u00e4 kaupunkeja ja tuo el\u00e4m\u00e4\u00e4 Venuksen ilmakeh\u00e4\u00e4n Terraforming Mars Venus Next -lis\u00e4osan avulla. L\u00e4hde seikkailuun!","breadcrumb":{"@id":"https:\/\/spelivinkki.fi\/tuote\/terraforming-mars-venus-next-lisaosa-fi\/#breadcrumb"},"inLanguage":"sv-SE","potentialAction":[{"@type":"ReadAction","target":["https:\/\/spelivinkki.fi\/tuote\/terraforming-mars-venus-next-lisaosa-fi\/"]}]},{"@type":"ImageObject","inLanguage":"sv-SE","@id":"https:\/\/spelivinkki.fi\/tuote\/terraforming-mars-venus-next-lisaosa-fi\/#primaryimage","url":"https:\/\/mlw9zexfsyfr.i.optimole.com\/w:auto\/h:auto\/q:mauto\/ig:avif\/https:\/\/spelivinkki.fi\/wp-content\/uploads\/2024\/11\/TM_Venus_Next_Tuotekuva-min.webp","contentUrl":"https:\/\/mlw9zexfsyfr.i.optimole.com\/w:auto\/h:auto\/q:mauto\/ig:avif\/https:\/\/spelivinkki.fi\/wp-content\/uploads\/2024\/11\/TM_Venus_Next_Tuotekuva-min.webp","width":808,"height":808,"caption":"TM Venus Next Tuotekuva min"},{"@type":"BreadcrumbList","@id":"https:\/\/spelivinkki.fi\/tuote\/terraforming-mars-venus-next-lisaosa-fi\/#breadcrumb","itemListElement":[{"@type":"ListItem","position":1,"name":"Etusivu","item":"https:\/\/spelivinkki.fi\/"},{"@type":"ListItem","position":2,"name":"Tuotteet","item":"https:\/\/spelivinkki.fi\/tuotteet\/"},{"@type":"ListItem","position":3,"name":"Terraforming Mars: Venus Next Lis\u00e4osa (FI)"}]},{"@type":"WebSite","@id":"https:\/\/spelivinkki.fi\/#website","url":"https:\/\/spelivinkki.fi\/","name":"Spelivinkki","description":"Paraisten Lautapelikauppa","publisher":{"@id":"https:\/\/spelivinkki.fi\/#organization"},"alternateName":"Spelivinkki Oy","potentialAction":[{"@type":"SearchAction","target":{"@type":"EntryPoint","urlTemplate":"https:\/\/spelivinkki.fi\/?s={search_term_string}"},"query-input":{"@type":"PropertyValueSpecification","valueRequired":true,"valueName":"search_term_string"}}],"inLanguage":"sv-SE"},{"@type":"Organization","@id":"https:\/\/spelivinkki.fi\/#organization","name":"Spelivinkki Oy","alternateName":"Spelivinkki","url":"https:\/\/spelivinkki.fi\/","logo":{"@type":"ImageObject","inLanguage":"sv-SE","@id":"https:\/\/spelivinkki.fi\/#\/schema\/logo\/image\/","url":"https:\/\/mlw9zexfsyfr.i.optimole.com\/w:auto\/h:auto\/q:mauto\/ig:avif\/https:\/\/spelivinkki.fi\/wp-content\/uploads\/2024\/02\/Logo.svg","contentUrl":"https:\/\/mlw9zexfsyfr.i.optimole.com\/w:auto\/h:auto\/q:mauto\/ig:avif\/https:\/\/spelivinkki.fi\/wp-content\/uploads\/2024\/02\/Logo.svg","width":2176,"height":2323,"caption":"Spelivinkki Oy"},"image":{"@id":"https:\/\/spelivinkki.fi\/#\/schema\/logo\/image\/"},"sameAs":["https:\/\/www.facebook.com\/SpelivinkkiOy\/","https:\/\/x.com\/SpelivinkkiOy","https:\/\/www.instagram.com\/spelivinkkioy\/"],"description":"Spelivinkki Oy is a company operating both a brick-and-mortar store in Finland as well as a webshop online. We sell board games, roleplaying games, miniature wargames, logic puzzles, jigsaw puzzles and other things related to the boardgame hobby.","email":"myynti@spelivinkki.fi","telephone":"+358406486605","legalName":"Spelivinkki Oy","foundingDate":"2023-09-17","vatID":"FI33904524","numberOfEmployees":{"@type":"QuantitativeValue","minValue":"1","maxValue":"10"},"hasMerchantReturnPolicy":{"@type":"MerchantReturnPolicy","merchantReturnLink":"https:\/\/spelivinkki.fi\/sv\/spelivinkin-vaihto-ja-palautusoikeus\/"}}]},"product_brand":"FryxGames","product_price_amount":"25.00","product_price_currency":"EUR","og_availability":"out of stock","product_availability":"out of stock","product_retailer_item_id":"TM_Venus_Next","product_condition":"new"},"_links":{"self":[{"href":"https:\/\/spelivinkki.fi\/sv\/wp-json\/wp\/v2\/product\/6771","targetHints":{"allow":["GET"]}}],"collection":[{"href":"https:\/\/spelivinkki.fi\/sv\/wp-json\/wp\/v2\/product"}],"about":[{"href":"https:\/\/spelivinkki.fi\/sv\/wp-json\/wp\/v2\/types\/product"}],"wp:featuredmedia":[{"embeddable":true,"href":"https:\/\/spelivinkki.fi\/sv\/wp-json\/wp\/v2\/media\/6772"}],"wp:attachment":[{"href":"https:\/\/spelivinkki.fi\/sv\/wp-json\/wp\/v2\/media?parent=6771"}],"wp:term":[{"taxonomy":"product_brand","embeddable":true,"href":"https:\/\/spelivinkki.fi\/sv\/wp-json\/wp\/v2\/product_brand?post=6771"},{"taxonomy":"product_cat","embeddable":true,"href":"https:\/\/spelivinkki.fi\/sv\/wp-json\/wp\/v2\/product_cat?post=6771"},{"taxonomy":"product_tag","embeddable":true,"href":"https:\/\/spelivinkki.fi\/sv\/wp-json\/wp\/v2\/product_tag?post=6771"}],"curies":[{"name":"wp","href":"https:\/\/api.w.org\/{rel}","templated":true}]}}