{"id":6846,"date":"2024-12-10T09:57:14","date_gmt":"2024-12-10T09:57:14","guid":{"rendered":"https:\/\/spelivinkki.fi\/?post_type=product&#038;p=6846"},"modified":"2025-06-21T15:06:43","modified_gmt":"2025-06-21T15:06:43","slug":"a-feast-for-odin-the-norwegians-lisaosa-eng","status":"publish","type":"product","link":"https:\/\/spelivinkki.fi\/sv\/produkt\/a-feast-for-odin-the-norwegians-lisaosa-eng\/","title":{"rendered":"A Feast for Odin: The Norwegians Expansion (ENG)"},"content":{"rendered":"<p>The Norwegians expansionen g\u00f6r att Feast for Odin blir b\u00e4ttre med olika spelarantal. F\u00f6rutom att den h\u00e4mtar med sig nya \u00f6ar och annat gott att upt\u00e4cka, medf\u00f6ljer ocks\u00e5 en ny bricka med olika handlingar! Den skulle redan ensam g\u00f6ra n\u00e4stan g\u00f6ra Norwegians till ett M\u00c5STE f\u00f6r grundspelets och Uwe Rosenbergs fanatiker! Resten \u00e4r bara bonus. \ud83d\ude42<\/p>","protected":false},"excerpt":{"rendered":"<ul>\n<li><strong>Spelarm\u00e4ngd:<\/strong> 1-4 (<strong>B\u00e4sta m\u00e4ngden:<\/strong> 2)<\/li>\n<li><strong>Varaktighet:<\/strong> 30-120 min<\/li>\n<li><strong>\u00c5ldersrekommendation:<\/strong> 12+<\/li>\n<li><strong>Spr\u00e5k:<\/strong> Engelska<\/li>\n<li><strong>Genre:<\/strong> Arbetarplacering, bricksplacering, tanken\u00f6t, omr\u00e5desutveckling, ekonomi<\/li>\n<li><strong>Tema:<\/strong> Vikingar<\/li>\n<li><strong>Utveckling:<\/strong> Uwe Rosenberg, Gernot K\u00f6pke<\/li>\n<li><strong>Utgivare:<\/strong> Feuerland Spiele<\/li>\n<\/ul>","protected":false},"featured_media":6847,"template":"","meta":{"site-sidebar-layout":"default","site-content-layout":"","ast-site-content-layout":"default","site-content-style":"default","site-sidebar-style":"default","ast-global-header-display":"","ast-banner-title-visibility":"","ast-main-header-display":"","ast-hfb-above-header-display":"","ast-hfb-below-header-display":"","ast-hfb-mobile-header-display":"","site-post-title":"","ast-breadcrumbs-content":"","ast-featured-img":"","footer-sml-layout":"","ast-disable-related-posts":"","theme-transparent-header-meta":"default","adv-header-id-meta":"","stick-header-meta":"","header-above-stick-meta":"","header-main-stick-meta":"","header-below-stick-meta":"","astra-migrate-meta-layouts":"set","ast-page-background-enabled":"default","ast-page-background-meta":{"desktop":{"background-color":"","background-image":"","background-repeat":"repeat","background-position":"center center","background-size":"auto","background-attachment":"scroll","background-type":"","background-media":"","overlay-type":"","overlay-color":"","overlay-opacity":"","overlay-gradient":""},"tablet":{"background-color":"","background-image":"","background-repeat":"repeat","background-position":"center center","background-size":"auto","background-attachment":"scroll","background-type":"","background-media":"","overlay-type":"","overlay-color":"","overlay-opacity":"","overlay-gradient":""},"mobile":{"background-color":"","background-image":"","background-repeat":"repeat","background-position":"center center","background-size":"auto","background-attachment":"scroll","background-type":"","background-media":"","overlay-type":"","overlay-color":"","overlay-opacity":"","overlay-gradient":""}},"ast-content-background-meta":{"desktop":{"background-color":"var(--ast-global-color-5)","background-image":"","background-repeat":"repeat","background-position":"center center","background-size":"auto","background-attachment":"scroll","background-type":"","background-media":"","overlay-type":"","overlay-color":"","overlay-opacity":"","overlay-gradient":""},"tablet":{"background-color":"var(--ast-global-color-5)","background-image":"","background-repeat":"repeat","background-position":"center center","background-size":"auto","background-attachment":"scroll","background-type":"","background-media":"","overlay-type":"","overlay-color":"","overlay-opacity":"","overlay-gradient":""},"mobile":{"background-color":"var(--ast-global-color-5)","background-image":"","background-repeat":"repeat","background-position":"center center","background-size":"auto","background-attachment":"scroll","background-type":"","background-media":"","overlay-type":"","overlay-color":"","overlay-opacity":"","overlay-gradient":""}}},"product_brand":[1204],"product_cat":[16,283,45,281],"product_tag":[1049,1058,1115,1176,1110],"class_list":{"0":"post-6846","1":"product","2":"type-product","3":"status-publish","4":"has-post-thumbnail","6":"product_brand-feuerland-spiele","7":"product_cat-kaikki","8":"product_cat-laattojen-asettelu","9":"product_cat-strategiapelit","10":"product_cat-tyolaisten-asettelu","11":"product_tag-englanninkieliset-pelit","12":"product_tag-europeli","13":"product_tag-lisaosa","14":"product_tag-polyomino","15":"product_tag-uwe-rosenberg","16":"product_shipping_class-standard2","17":"desktop-align-center","18":"tablet-align-center","19":"mobile-align-center","21":"first","22":"outofstock","23":"taxable","24":"shipping-taxable","25":"purchasable","26":"product-type-simple"},"yoast_head":"<!-- This site is optimized with the Yoast SEO Premium plugin v27.3 (Yoast SEO v27.4) - https:\/\/yoast.com\/product\/yoast-seo-premium-wordpress\/ -->\n<title>A Feast for Odin: The Norwegians Lis\u00e4osa (ENG) &#8211; Spelivinkki<\/title>\n<meta name=\"description\" content=\"A Feast for Odin -pelin Norwegians-lis\u00e4osa tuo enemm\u00e4n vaihtelua ja saarilaattoja. Olipa pelaajam\u00e4\u00e4r\u00e4 mik\u00e4 tahansa, t\u00e4m\u00e4 lis\u00e4osa on miltei v\u00e4ltt\u00e4m\u00e4t\u00f6n! \ud83c\udf0a\" \/>\n<meta name=\"robots\" content=\"index, follow, max-snippet:-1, max-image-preview:large, max-video-preview:-1\" \/>\n<link rel=\"canonical\" href=\"https:\/\/spelivinkki.fi\/sv\/produkt\/a-feast-for-odin-the-norwegians-lisaosa-eng\/\" \/>\n<meta property=\"og:locale\" content=\"sv_SE\" \/>\n<meta property=\"og:type\" content=\"article\" \/>\n<meta property=\"og:title\" content=\"A Feast for Odin: The Norwegians Lis\u00e4osa (ENG)\" \/>\n<meta property=\"og:description\" content=\"A Feast for Odin -pelin Norwegians-lis\u00e4osa tuo enemm\u00e4n vaihtelua ja saarilaattoja. Olipa pelaajam\u00e4\u00e4r\u00e4 mik\u00e4 tahansa, t\u00e4m\u00e4 lis\u00e4osa on miltei v\u00e4ltt\u00e4m\u00e4t\u00f6n! \ud83c\udf0a\" \/>\n<meta property=\"og:url\" content=\"https:\/\/spelivinkki.fi\/sv\/produkt\/a-feast-for-odin-the-norwegians-lisaosa-eng\/\" \/>\n<meta property=\"og:site_name\" content=\"Spelivinkki\" \/>\n<meta property=\"article:publisher\" content=\"https:\/\/www.facebook.com\/SpelivinkkiOy\/\" \/>\n<meta property=\"article:modified_time\" content=\"2025-06-21T15:06:43+00:00\" \/>\n<meta property=\"og:image\" content=\"https:\/\/mlw9zexfsyfr.i.optimole.com\/w:auto\/h:auto\/q:mauto\/ig:avif\/https:\/\/spelivinkki.fi\/wp-content\/uploads\/2024\/12\/Feast_for_Odin_Norwegians_Tuotekuva-min.webp\" \/>\n\t<meta property=\"og:image:width\" content=\"857\" \/>\n\t<meta property=\"og:image:height\" content=\"1280\" \/>\n\t<meta property=\"og:image:type\" content=\"image\/webp\" \/>\n<meta name=\"twitter:card\" content=\"summary_large_image\" \/>\n<meta name=\"twitter:site\" content=\"@SpelivinkkiOy\" \/>\n<meta name=\"twitter:label1\" content=\"Pris\" \/>\n\t<meta name=\"twitter:data1\" content=\"40,00&nbsp;&euro;\" \/>\n\t<meta name=\"twitter:label2\" content=\"Tillg\u00e4nglig\" \/>\n\t<meta name=\"twitter:data2\" content=\"Slut i lager\" \/>\n<script type=\"application\/ld+json\" class=\"yoast-schema-graph\">{\"@context\":\"https:\\\/\\\/schema.org\",\"@graph\":[{\"@type\":\"WebPage\",\"@id\":\"https:\\\/\\\/spelivinkki.fi\\\/tuote\\\/a-feast-for-odin-the-norwegians-lisaosa-eng\\\/\",\"url\":\"https:\\\/\\\/spelivinkki.fi\\\/tuote\\\/a-feast-for-odin-the-norwegians-lisaosa-eng\\\/\",\"name\":\"A Feast for Odin: The Norwegians Lis\u00e4osa (ENG) &#8211; Spelivinkki\",\"isPartOf\":{\"@id\":\"https:\\\/\\\/spelivinkki.fi\\\/#website\"},\"primaryImageOfPage\":{\"@id\":\"https:\\\/\\\/spelivinkki.fi\\\/tuote\\\/a-feast-for-odin-the-norwegians-lisaosa-eng\\\/#primaryimage\"},\"image\":{\"@id\":\"https:\\\/\\\/spelivinkki.fi\\\/tuote\\\/a-feast-for-odin-the-norwegians-lisaosa-eng\\\/#primaryimage\"},\"thumbnailUrl\":\"https:\\/\\/spelivinkki.fi\\/wp-content\\/uploads\\/2024\\/12\\/Feast_for_Odin_Norwegians_Tuotekuva-min.webp\",\"datePublished\":\"2024-12-10T09:57:14+00:00\",\"dateModified\":\"2025-06-21T15:06:43+00:00\",\"description\":\"A Feast for Odin -pelin Norwegians-lis\u00e4osa tuo enemm\u00e4n vaihtelua ja saarilaattoja. Olipa pelaajam\u00e4\u00e4r\u00e4 mik\u00e4 tahansa, t\u00e4m\u00e4 lis\u00e4osa on miltei v\u00e4ltt\u00e4m\u00e4t\u00f6n! \ud83c\udf0a\",\"breadcrumb\":{\"@id\":\"https:\\\/\\\/spelivinkki.fi\\\/tuote\\\/a-feast-for-odin-the-norwegians-lisaosa-eng\\\/#breadcrumb\"},\"inLanguage\":\"sv-SE\",\"potentialAction\":[{\"@type\":\"ReadAction\",\"target\":[\"https:\\\/\\\/spelivinkki.fi\\\/tuote\\\/a-feast-for-odin-the-norwegians-lisaosa-eng\\\/\"]}]},{\"@type\":\"ImageObject\",\"inLanguage\":\"sv-SE\",\"@id\":\"https:\\\/\\\/spelivinkki.fi\\\/tuote\\\/a-feast-for-odin-the-norwegians-lisaosa-eng\\\/#primaryimage\",\"url\":\"https:\\/\\/spelivinkki.fi\\/wp-content\\/uploads\\/2024\\/12\\/Feast_for_Odin_Norwegians_Tuotekuva-min.webp\",\"contentUrl\":\"https:\\/\\/spelivinkki.fi\\/wp-content\\/uploads\\/2024\\/12\\/Feast_for_Odin_Norwegians_Tuotekuva-min.webp\",\"width\":857,\"height\":1280,\"caption\":\"Feast for Odin Norwegians Tuotekuva min\"},{\"@type\":\"BreadcrumbList\",\"@id\":\"https:\\\/\\\/spelivinkki.fi\\\/tuote\\\/a-feast-for-odin-the-norwegians-lisaosa-eng\\\/#breadcrumb\",\"itemListElement\":[{\"@type\":\"ListItem\",\"position\":1,\"name\":\"Etusivu\",\"item\":\"https:\\\/\\\/spelivinkki.fi\\\/\"},{\"@type\":\"ListItem\",\"position\":2,\"name\":\"Tuotteet\",\"item\":\"https:\\\/\\\/spelivinkki.fi\\\/tuotteet\\\/\"},{\"@type\":\"ListItem\",\"position\":3,\"name\":\"A Feast for Odin: The Norwegians Lis\u00e4osa (ENG)\"}]},{\"@type\":\"WebSite\",\"@id\":\"https:\\\/\\\/spelivinkki.fi\\\/#website\",\"url\":\"https:\\\/\\\/spelivinkki.fi\\\/\",\"name\":\"Spelivinkki\",\"description\":\"Paraisten Lautapelikauppa\",\"publisher\":{\"@id\":\"https:\\\/\\\/spelivinkki.fi\\\/#organization\"},\"alternateName\":\"Spelivinkki Oy\",\"potentialAction\":[{\"@type\":\"SearchAction\",\"target\":{\"@type\":\"EntryPoint\",\"urlTemplate\":\"https:\\\/\\\/spelivinkki.fi\\\/?s={search_term_string}\"},\"query-input\":{\"@type\":\"PropertyValueSpecification\",\"valueRequired\":true,\"valueName\":\"search_term_string\"}}],\"inLanguage\":\"sv-SE\"},{\"@type\":\"Organization\",\"@id\":\"https:\\\/\\\/spelivinkki.fi\\\/#organization\",\"name\":\"Spelivinkki Oy\",\"alternateName\":\"Spelivinkki\",\"url\":\"https:\\\/\\\/spelivinkki.fi\\\/\",\"logo\":{\"@type\":\"ImageObject\",\"inLanguage\":\"sv-SE\",\"@id\":\"https:\\\/\\\/spelivinkki.fi\\\/#\\\/schema\\\/logo\\\/image\\\/\",\"url\":\"https:\\/\\/spelivinkki.fi\\/wp-content\\/uploads\\/2024\\/02\\/Logo.svg\",\"contentUrl\":\"https:\\/\\/spelivinkki.fi\\/wp-content\\/uploads\\/2024\\/02\\/Logo.svg\",\"width\":2176,\"height\":2323,\"caption\":\"Spelivinkki Oy\"},\"image\":{\"@id\":\"https:\\\/\\\/spelivinkki.fi\\\/#\\\/schema\\\/logo\\\/image\\\/\"},\"sameAs\":[\"https:\\\/\\\/www.facebook.com\\\/SpelivinkkiOy\\\/\",\"https:\\\/\\\/x.com\\\/SpelivinkkiOy\",\"https:\\\/\\\/www.instagram.com\\\/spelivinkkioy\\\/\"],\"description\":\"Spelivinkki Oy is a company operating both a brick-and-mortar store in Finland as well as a webshop online. We sell board games, roleplaying games, miniature wargames, logic puzzles, jigsaw puzzles and other things related to the boardgame hobby.\",\"email\":\"myynti@spelivinkki.fi\",\"telephone\":\"+358406486605\",\"legalName\":\"Spelivinkki Oy\",\"foundingDate\":\"2023-09-17\",\"vatID\":\"FI33904524\",\"numberOfEmployees\":{\"@type\":\"QuantitativeValue\",\"minValue\":\"1\",\"maxValue\":\"10\"},\"hasMerchantReturnPolicy\":{\"@type\":\"MerchantReturnPolicy\",\"merchantReturnLink\":\"https:\\\/\\\/spelivinkki.fi\\\/sv\\\/spelivinkin-vaihto-ja-palautusoikeus\\\/\"}}]}<\/script>\n<meta property=\"product:brand\" content=\"Feuerland Spiele\" \/>\n<meta property=\"product:price:amount\" content=\"40.00\" \/>\n<meta property=\"product:price:currency\" content=\"EUR\" \/>\n<meta property=\"og:availability\" content=\"out of stock\" \/>\n<meta property=\"product:availability\" content=\"out of stock\" \/>\n<meta property=\"product:retailer_item_id\" content=\"A_Feast_For_Odin_Norwegians_EN\" \/>\n<meta property=\"product:condition\" content=\"new\" \/>\n<!-- \/ Yoast SEO Premium plugin. -->","yoast_head_json":{"title":"A Feast for Odin: The Norwegians Lis\u00e4osa (ENG) &#8211; Spelivinkki","description":"A Feast for Odin -pelin Norwegians-lis\u00e4osa tuo enemm\u00e4n vaihtelua ja saarilaattoja. Olipa pelaajam\u00e4\u00e4r\u00e4 mik\u00e4 tahansa, t\u00e4m\u00e4 lis\u00e4osa on miltei v\u00e4ltt\u00e4m\u00e4t\u00f6n! \ud83c\udf0a","robots":{"index":"index","follow":"follow","max-snippet":"max-snippet:-1","max-image-preview":"max-image-preview:large","max-video-preview":"max-video-preview:-1"},"canonical":"https:\/\/spelivinkki.fi\/sv\/produkt\/a-feast-for-odin-the-norwegians-lisaosa-eng\/","og_locale":"sv_SE","og_type":"article","og_title":"A Feast for Odin: The Norwegians Lis\u00e4osa (ENG)","og_description":"A Feast for Odin -pelin Norwegians-lis\u00e4osa tuo enemm\u00e4n vaihtelua ja saarilaattoja. Olipa pelaajam\u00e4\u00e4r\u00e4 mik\u00e4 tahansa, t\u00e4m\u00e4 lis\u00e4osa on miltei v\u00e4ltt\u00e4m\u00e4t\u00f6n! \ud83c\udf0a","og_url":"https:\/\/spelivinkki.fi\/sv\/produkt\/a-feast-for-odin-the-norwegians-lisaosa-eng\/","og_site_name":"Spelivinkki","article_publisher":"https:\/\/www.facebook.com\/SpelivinkkiOy\/","article_modified_time":"2025-06-21T15:06:43+00:00","og_image":[{"width":857,"height":1280,"url":"https:\/\/mlw9zexfsyfr.i.optimole.com\/w:auto\/h:auto\/q:mauto\/ig:avif\/https:\/\/spelivinkki.fi\/wp-content\/uploads\/2024\/12\/Feast_for_Odin_Norwegians_Tuotekuva-min.webp","type":"image\/webp"}],"twitter_card":"summary_large_image","twitter_site":"@SpelivinkkiOy","twitter_misc":{"Pris":"40,00&nbsp;&euro;","Tillg\u00e4nglig":"Slut i lager"},"schema":{"@context":"https:\/\/schema.org","@graph":[{"@type":"WebPage","@id":"https:\/\/spelivinkki.fi\/tuote\/a-feast-for-odin-the-norwegians-lisaosa-eng\/","url":"https:\/\/spelivinkki.fi\/tuote\/a-feast-for-odin-the-norwegians-lisaosa-eng\/","name":"A Feast for Odin: The Norwegians Lis\u00e4osa (ENG) &#8211; Spelivinkki","isPartOf":{"@id":"https:\/\/spelivinkki.fi\/#website"},"primaryImageOfPage":{"@id":"https:\/\/spelivinkki.fi\/tuote\/a-feast-for-odin-the-norwegians-lisaosa-eng\/#primaryimage"},"image":{"@id":"https:\/\/spelivinkki.fi\/tuote\/a-feast-for-odin-the-norwegians-lisaosa-eng\/#primaryimage"},"thumbnailUrl":"https:\/\/mlw9zexfsyfr.i.optimole.com\/w:auto\/h:auto\/q:mauto\/ig:avif\/https:\/\/spelivinkki.fi\/wp-content\/uploads\/2024\/12\/Feast_for_Odin_Norwegians_Tuotekuva-min.webp","datePublished":"2024-12-10T09:57:14+00:00","dateModified":"2025-06-21T15:06:43+00:00","description":"A Feast for Odin -pelin Norwegians-lis\u00e4osa tuo enemm\u00e4n vaihtelua ja saarilaattoja. Olipa pelaajam\u00e4\u00e4r\u00e4 mik\u00e4 tahansa, t\u00e4m\u00e4 lis\u00e4osa on miltei v\u00e4ltt\u00e4m\u00e4t\u00f6n! \ud83c\udf0a","breadcrumb":{"@id":"https:\/\/spelivinkki.fi\/tuote\/a-feast-for-odin-the-norwegians-lisaosa-eng\/#breadcrumb"},"inLanguage":"sv-SE","potentialAction":[{"@type":"ReadAction","target":["https:\/\/spelivinkki.fi\/tuote\/a-feast-for-odin-the-norwegians-lisaosa-eng\/"]}]},{"@type":"ImageObject","inLanguage":"sv-SE","@id":"https:\/\/spelivinkki.fi\/tuote\/a-feast-for-odin-the-norwegians-lisaosa-eng\/#primaryimage","url":"https:\/\/mlw9zexfsyfr.i.optimole.com\/w:auto\/h:auto\/q:mauto\/ig:avif\/https:\/\/spelivinkki.fi\/wp-content\/uploads\/2024\/12\/Feast_for_Odin_Norwegians_Tuotekuva-min.webp","contentUrl":"https:\/\/mlw9zexfsyfr.i.optimole.com\/w:auto\/h:auto\/q:mauto\/ig:avif\/https:\/\/spelivinkki.fi\/wp-content\/uploads\/2024\/12\/Feast_for_Odin_Norwegians_Tuotekuva-min.webp","width":857,"height":1280,"caption":"Feast for Odin Norwegians Tuotekuva min"},{"@type":"BreadcrumbList","@id":"https:\/\/spelivinkki.fi\/tuote\/a-feast-for-odin-the-norwegians-lisaosa-eng\/#breadcrumb","itemListElement":[{"@type":"ListItem","position":1,"name":"Etusivu","item":"https:\/\/spelivinkki.fi\/"},{"@type":"ListItem","position":2,"name":"Tuotteet","item":"https:\/\/spelivinkki.fi\/tuotteet\/"},{"@type":"ListItem","position":3,"name":"A Feast for Odin: The Norwegians Lis\u00e4osa (ENG)"}]},{"@type":"WebSite","@id":"https:\/\/spelivinkki.fi\/#website","url":"https:\/\/spelivinkki.fi\/","name":"Spelivinkki","description":"Paraisten Lautapelikauppa","publisher":{"@id":"https:\/\/spelivinkki.fi\/#organization"},"alternateName":"Spelivinkki Oy","potentialAction":[{"@type":"SearchAction","target":{"@type":"EntryPoint","urlTemplate":"https:\/\/spelivinkki.fi\/?s={search_term_string}"},"query-input":{"@type":"PropertyValueSpecification","valueRequired":true,"valueName":"search_term_string"}}],"inLanguage":"sv-SE"},{"@type":"Organization","@id":"https:\/\/spelivinkki.fi\/#organization","name":"Spelivinkki Oy","alternateName":"Spelivinkki","url":"https:\/\/spelivinkki.fi\/","logo":{"@type":"ImageObject","inLanguage":"sv-SE","@id":"https:\/\/spelivinkki.fi\/#\/schema\/logo\/image\/","url":"https:\/\/mlw9zexfsyfr.i.optimole.com\/w:auto\/h:auto\/q:mauto\/ig:avif\/https:\/\/spelivinkki.fi\/wp-content\/uploads\/2024\/02\/Logo.svg","contentUrl":"https:\/\/mlw9zexfsyfr.i.optimole.com\/w:auto\/h:auto\/q:mauto\/ig:avif\/https:\/\/spelivinkki.fi\/wp-content\/uploads\/2024\/02\/Logo.svg","width":2176,"height":2323,"caption":"Spelivinkki Oy"},"image":{"@id":"https:\/\/spelivinkki.fi\/#\/schema\/logo\/image\/"},"sameAs":["https:\/\/www.facebook.com\/SpelivinkkiOy\/","https:\/\/x.com\/SpelivinkkiOy","https:\/\/www.instagram.com\/spelivinkkioy\/"],"description":"Spelivinkki Oy is a company operating both a brick-and-mortar store in Finland as well as a webshop online. We sell board games, roleplaying games, miniature wargames, logic puzzles, jigsaw puzzles and other things related to the boardgame hobby.","email":"myynti@spelivinkki.fi","telephone":"+358406486605","legalName":"Spelivinkki Oy","foundingDate":"2023-09-17","vatID":"FI33904524","numberOfEmployees":{"@type":"QuantitativeValue","minValue":"1","maxValue":"10"},"hasMerchantReturnPolicy":{"@type":"MerchantReturnPolicy","merchantReturnLink":"https:\/\/spelivinkki.fi\/sv\/spelivinkin-vaihto-ja-palautusoikeus\/"}}]},"product_brand":"Feuerland Spiele","product_price_amount":"40.00","product_price_currency":"EUR","og_availability":"out of stock","product_availability":"out of stock","product_retailer_item_id":"A_Feast_For_Odin_Norwegians_EN","product_condition":"new"},"_links":{"self":[{"href":"https:\/\/spelivinkki.fi\/sv\/wp-json\/wp\/v2\/product\/6846","targetHints":{"allow":["GET"]}}],"collection":[{"href":"https:\/\/spelivinkki.fi\/sv\/wp-json\/wp\/v2\/product"}],"about":[{"href":"https:\/\/spelivinkki.fi\/sv\/wp-json\/wp\/v2\/types\/product"}],"wp:featuredmedia":[{"embeddable":true,"href":"https:\/\/spelivinkki.fi\/sv\/wp-json\/wp\/v2\/media\/6847"}],"wp:attachment":[{"href":"https:\/\/spelivinkki.fi\/sv\/wp-json\/wp\/v2\/media?parent=6846"}],"wp:term":[{"taxonomy":"product_brand","embeddable":true,"href":"https:\/\/spelivinkki.fi\/sv\/wp-json\/wp\/v2\/product_brand?post=6846"},{"taxonomy":"product_cat","embeddable":true,"href":"https:\/\/spelivinkki.fi\/sv\/wp-json\/wp\/v2\/product_cat?post=6846"},{"taxonomy":"product_tag","embeddable":true,"href":"https:\/\/spelivinkki.fi\/sv\/wp-json\/wp\/v2\/product_tag?post=6846"}],"curies":[{"name":"wp","href":"https:\/\/api.w.org\/{rel}","templated":true}]}}