{"id":6913,"date":"2024-12-20T12:38:41","date_gmt":"2024-12-20T12:38:41","guid":{"rendered":"https:\/\/spelivinkki.fi\/?post_type=product&#038;p=6913"},"modified":"2025-11-02T14:31:26","modified_gmt":"2025-11-02T14:31:26","slug":"rummikub-travel","status":"publish","type":"product","link":"https:\/\/spelivinkki.fi\/sv\/produkt\/rummikub-travel\/","title":{"rendered":"Rummikub Travel"},"content":{"rendered":"<p>Ephraim Hertzanos klassiker i en beh\u00e4ndig liten l\u00e5da av metall.<\/p>\n<p>Spela brickor fr\u00e5n din hand p\u00e5 bordet f\u00f6r att bilda kombinationer antingen i nummerordning med hj\u00e4lp av samma f\u00e4rg (3 eller flera bildar i detta fall en kombination), eller genom att spela ut kombinera samma siffra i olika f\u00e4rg (3-4 m\u00f6jliga i en kombination i detta fall). Var och en spelare har i b\u00f6rjan 14 slumpm\u00e4ssiga brickor p\u00e5 handen men antalet kan \u00f6ka om hens tur tar l\u00e4ngre \u00e4n 2 minuter. D\u00e5 m\u00e5ste hen sluta turen och plocka upp en straffbricka. Eftersom det finns fyra f\u00e4rger, 13 brickor i varje f\u00e4rg och det finns tv\u00e5 av varje bricka, samt tv\u00e5 jokrar, betyder detta att spelet totalt inneh\u00e5ller 106 brickor.<\/p>\n<p>Innan du kan spela ut brickor i kombinationer som redan spelats ut p\u00e5 bordet m\u00e5ste du \u00f6ppna din hand genom att spela ut minst 30 po\u00e4ng fr\u00e5n handen. En eller flera kombinationer kan spelas f\u00f6r att bilda dessa po\u00e4ng. Po\u00e4ngen r\u00e4knas enligt siffrorna p\u00e5 brickan, s\u00e5 att till exempel en 3 + 3 + 3 kombination \u00e4r v\u00e4rd 9 po\u00e4ng. Jokrar \u00e4r alltid v\u00e4rda licka mycket som den bricka de ers\u00e4tter.<\/p>\n<p>Efter att ha \u00f6ppnat sin hand kan en spelare bilda kombinationer antingen fr\u00e5n handen eller genom att l\u00e4gga till dem till sets som redan finns p\u00e5 bordet. I det senare fallet f\u00e5r hen ocks\u00e5 manipulera brickorna p\u00e5 bordet hur \u00e4n hen vill s\u00e5 l\u00e4nge f\u00e4rdiga kombinationer f\u00f6ljer de ovann\u00e4mnda kriterierna. Om en spelare av misstag spelar olagligt m\u00e5ste hen ta sin bricka tillbaka fr\u00e5n bordet och ta ytterligare tre straffbrickor fr\u00e5n lagret.<\/p>\n<p>Spelet tar slut n\u00e4r n\u00e5gon spelares hand \u00e4r tom och hen s\u00e4ger \"Rummikub!\" D\u00e5 f\u00e5r de andra spelarna minuspo\u00e4ng enligt po\u00e4ngen p\u00e5 brickorna de har kvar i handen. N\u00e4r alla motspelares minus har r\u00e4knats ihop f\u00e5r den spelare som gjort slut \u00e4nnu deras sammanlagda po\u00e4ng som pluspo\u00e4ng. Om Spelare 1 till exempel g\u00f6r slut och S2 har -2 po\u00e4ng, S3 -6 och S4 -5, kommer slutresultatet allts\u00e5 att bli f\u00f6ljande: S1 (+13), S2 (-2), S3 (-6) och S4 (-5). Som ni s\u00e4kert kan h\u00e4rleda p\u00e5 basen av detta g\u00e5r spelet att spela i omg\u00e5ngar f\u00f6r att j\u00e4mna ut turens roll.<\/p>","protected":false},"excerpt":{"rendered":"<ul>\n<li><strong>Spelarm\u00e4ngd:<\/strong> 2-4 (<strong>B\u00e4sta m\u00e4ngden:<\/strong> 4)<\/li>\n<li><strong>Varaktighet:<\/strong> 20+ min<\/li>\n<li><strong>\u00c5ldersrekommendation:<\/strong> 7+<\/li>\n<li><strong>Spr\u00e5k:<\/strong> Finska, svenska, norska, danska<\/li>\n<li><strong>Genre:<\/strong> Samling, Bricksplacering, Lyckospel<\/li>\n<li><strong>Tema:<\/strong> Kortspelsliknande klassiker<\/li>\n<li><strong>Utveckling:<\/strong> Ephraim Hertzano<\/li>\n<li><strong>Utgivare:<\/strong> Asmodee Nordics<\/li>\n<\/ul>","protected":false},"featured_media":6914,"template":"","meta":{"site-sidebar-layout":"default","site-content-layout":"","ast-site-content-layout":"default","site-content-style":"default","site-sidebar-style":"default","ast-global-header-display":"","ast-banner-title-visibility":"","ast-main-header-display":"","ast-hfb-above-header-display":"","ast-hfb-below-header-display":"","ast-hfb-mobile-header-display":"","site-post-title":"","ast-breadcrumbs-content":"","ast-featured-img":"","footer-sml-layout":"","ast-disable-related-posts":"","theme-transparent-header-meta":"default","adv-header-id-meta":"","stick-header-meta":"","header-above-stick-meta":"","header-main-stick-meta":"","header-below-stick-meta":"","astra-migrate-meta-layouts":"set","ast-page-background-enabled":"default","ast-page-background-meta":{"desktop":{"background-color":"","background-image":"","background-repeat":"repeat","background-position":"center center","background-size":"auto","background-attachment":"scroll","background-type":"","background-media":"","overlay-type":"","overlay-color":"","overlay-opacity":"","overlay-gradient":""},"tablet":{"background-color":"","background-image":"","background-repeat":"repeat","background-position":"center center","background-size":"auto","background-attachment":"scroll","background-type":"","background-media":"","overlay-type":"","overlay-color":"","overlay-opacity":"","overlay-gradient":""},"mobile":{"background-color":"","background-image":"","background-repeat":"repeat","background-position":"center center","background-size":"auto","background-attachment":"scroll","background-type":"","background-media":"","overlay-type":"","overlay-color":"","overlay-opacity":"","overlay-gradient":""}},"ast-content-background-meta":{"desktop":{"background-color":"var(--ast-global-color-5)","background-image":"","background-repeat":"repeat","background-position":"center center","background-size":"auto","background-attachment":"scroll","background-type":"","background-media":"","overlay-type":"","overlay-color":"","overlay-opacity":"","overlay-gradient":""},"tablet":{"background-color":"var(--ast-global-color-5)","background-image":"","background-repeat":"repeat","background-position":"center center","background-size":"auto","background-attachment":"scroll","background-type":"","background-media":"","overlay-type":"","overlay-color":"","overlay-opacity":"","overlay-gradient":""},"mobile":{"background-color":"var(--ast-global-color-5)","background-image":"","background-repeat":"repeat","background-position":"center center","background-size":"auto","background-attachment":"scroll","background-type":"","background-media":"","overlay-type":"","overlay-color":"","overlay-opacity":"","overlay-gradient":""}}},"product_brand":[1055,1056],"product_cat":[16,40,283,431,278,45],"product_tag":[1245,1047,1050,1048],"class_list":{"0":"post-6913","1":"product","2":"type-product","3":"status-publish","4":"has-post-thumbnail","6":"product_brand-asmodee","7":"product_brand-asmodee-nordics","8":"product_cat-kaikki","9":"product_cat-klassikot","10":"product_cat-laattojen-asettelu","11":"product_cat-perinteiset-lautapelit","12":"product_cat-settikeraily","13":"product_cat-strategiapelit","14":"product_tag-ephraim-hertzano","15":"product_tag-peruspeli","16":"product_tag-ruotsinkieliset-pelit","17":"product_tag-suomenkieliset-pelit","18":"product_shipping_class-standard2","19":"desktop-align-center","20":"tablet-align-center","21":"mobile-align-center","23":"first","24":"outofstock","25":"taxable","26":"shipping-taxable","27":"purchasable","28":"product-type-simple"},"yoast_head":"<!-- This site is optimized with the Yoast SEO Premium plugin v27.3 (Yoast SEO v27.4) - https:\/\/yoast.com\/product\/yoast-seo-premium-wordpress\/ -->\n<title>Rummikub Travel &#8211; Spelivinkki<\/title>\n<meta name=\"description\" content=\"Pieness\u00e4 metallirasiassa k\u00e4tev\u00e4sti kulkeva Rummikub travel tarjoaa klassikkopelikokemuksen miss\u00e4 tahansa. Pelaa settej\u00e4 ja kerryt\u00e4 pisteit\u00e4!\" \/>\n<meta name=\"robots\" content=\"index, follow, max-snippet:-1, max-image-preview:large, max-video-preview:-1\" \/>\n<link rel=\"canonical\" href=\"https:\/\/spelivinkki.fi\/sv\/produkt\/rummikub-travel\/\" \/>\n<meta property=\"og:locale\" content=\"sv_SE\" \/>\n<meta property=\"og:type\" content=\"article\" \/>\n<meta property=\"og:title\" content=\"Rummikub Travel\" \/>\n<meta property=\"og:description\" content=\"Pieness\u00e4 metallirasiassa k\u00e4tev\u00e4sti kulkeva Rummikub travel tarjoaa klassikkopelikokemuksen miss\u00e4 tahansa. Pelaa settej\u00e4 ja kerryt\u00e4 pisteit\u00e4!\" \/>\n<meta property=\"og:url\" content=\"https:\/\/spelivinkki.fi\/sv\/produkt\/rummikub-travel\/\" \/>\n<meta property=\"og:site_name\" content=\"Spelivinkki\" \/>\n<meta property=\"article:publisher\" content=\"https:\/\/www.facebook.com\/SpelivinkkiOy\/\" \/>\n<meta property=\"article:modified_time\" content=\"2025-11-02T14:31:26+00:00\" \/>\n<meta property=\"og:image\" content=\"https:\/\/mlw9zexfsyfr.i.optimole.com\/w:auto\/h:auto\/q:mauto\/ig:avif\/https:\/\/spelivinkki.fi\/wp-content\/uploads\/2024\/12\/rummikub_Travel_Front-min-min.webp\" \/>\n\t<meta property=\"og:image:width\" content=\"1417\" \/>\n\t<meta property=\"og:image:height\" content=\"2167\" \/>\n\t<meta property=\"og:image:type\" content=\"image\/webp\" \/>\n<meta name=\"twitter:card\" content=\"summary_large_image\" \/>\n<meta name=\"twitter:site\" content=\"@SpelivinkkiOy\" \/>\n<meta name=\"twitter:label1\" content=\"Pris\" \/>\n\t<meta name=\"twitter:data1\" content=\"16,00&nbsp;&euro;\" \/>\n\t<meta name=\"twitter:label2\" content=\"Tillg\u00e4nglig\" \/>\n\t<meta name=\"twitter:data2\" content=\"Slut i lager\" \/>\n<script type=\"application\/ld+json\" class=\"yoast-schema-graph\">{\"@context\":\"https:\\\/\\\/schema.org\",\"@graph\":[{\"@type\":\"WebPage\",\"@id\":\"https:\\\/\\\/spelivinkki.fi\\\/tuote\\\/rummikub-travel\\\/\",\"url\":\"https:\\\/\\\/spelivinkki.fi\\\/tuote\\\/rummikub-travel\\\/\",\"name\":\"Rummikub Travel &#8211; Spelivinkki\",\"isPartOf\":{\"@id\":\"https:\\\/\\\/spelivinkki.fi\\\/#website\"},\"primaryImageOfPage\":{\"@id\":\"https:\\\/\\\/spelivinkki.fi\\\/tuote\\\/rummikub-travel\\\/#primaryimage\"},\"image\":{\"@id\":\"https:\\\/\\\/spelivinkki.fi\\\/tuote\\\/rummikub-travel\\\/#primaryimage\"},\"thumbnailUrl\":\"https:\\/\\/spelivinkki.fi\\/wp-content\\/uploads\\/2024\\/12\\/rummikub_Travel_Front-min-min.webp\",\"datePublished\":\"2024-12-20T12:38:41+00:00\",\"dateModified\":\"2025-11-02T14:31:26+00:00\",\"description\":\"Pieness\u00e4 metallirasiassa k\u00e4tev\u00e4sti kulkeva Rummikub travel tarjoaa klassikkopelikokemuksen miss\u00e4 tahansa. Pelaa settej\u00e4 ja kerryt\u00e4 pisteit\u00e4!\",\"breadcrumb\":{\"@id\":\"https:\\\/\\\/spelivinkki.fi\\\/tuote\\\/rummikub-travel\\\/#breadcrumb\"},\"inLanguage\":\"sv-SE\",\"potentialAction\":[{\"@type\":\"ReadAction\",\"target\":[\"https:\\\/\\\/spelivinkki.fi\\\/tuote\\\/rummikub-travel\\\/\"]}]},{\"@type\":\"ImageObject\",\"inLanguage\":\"sv-SE\",\"@id\":\"https:\\\/\\\/spelivinkki.fi\\\/tuote\\\/rummikub-travel\\\/#primaryimage\",\"url\":\"https:\\/\\/spelivinkki.fi\\/wp-content\\/uploads\\/2024\\/12\\/rummikub_Travel_Front-min-min.webp\",\"contentUrl\":\"https:\\/\\/spelivinkki.fi\\/wp-content\\/uploads\\/2024\\/12\\/rummikub_Travel_Front-min-min.webp\",\"width\":1417,\"height\":2167,\"caption\":\"rummikub Travel Front min min\"},{\"@type\":\"BreadcrumbList\",\"@id\":\"https:\\\/\\\/spelivinkki.fi\\\/tuote\\\/rummikub-travel\\\/#breadcrumb\",\"itemListElement\":[{\"@type\":\"ListItem\",\"position\":1,\"name\":\"Etusivu\",\"item\":\"https:\\\/\\\/spelivinkki.fi\\\/\"},{\"@type\":\"ListItem\",\"position\":2,\"name\":\"Tuotteet\",\"item\":\"https:\\\/\\\/spelivinkki.fi\\\/tuotteet\\\/\"},{\"@type\":\"ListItem\",\"position\":3,\"name\":\"Rummikub Travel\"}]},{\"@type\":\"WebSite\",\"@id\":\"https:\\\/\\\/spelivinkki.fi\\\/#website\",\"url\":\"https:\\\/\\\/spelivinkki.fi\\\/\",\"name\":\"Spelivinkki\",\"description\":\"Paraisten Lautapelikauppa\",\"publisher\":{\"@id\":\"https:\\\/\\\/spelivinkki.fi\\\/#organization\"},\"alternateName\":\"Spelivinkki Oy\",\"potentialAction\":[{\"@type\":\"SearchAction\",\"target\":{\"@type\":\"EntryPoint\",\"urlTemplate\":\"https:\\\/\\\/spelivinkki.fi\\\/?s={search_term_string}\"},\"query-input\":{\"@type\":\"PropertyValueSpecification\",\"valueRequired\":true,\"valueName\":\"search_term_string\"}}],\"inLanguage\":\"sv-SE\"},{\"@type\":\"Organization\",\"@id\":\"https:\\\/\\\/spelivinkki.fi\\\/#organization\",\"name\":\"Spelivinkki Oy\",\"alternateName\":\"Spelivinkki\",\"url\":\"https:\\\/\\\/spelivinkki.fi\\\/\",\"logo\":{\"@type\":\"ImageObject\",\"inLanguage\":\"sv-SE\",\"@id\":\"https:\\\/\\\/spelivinkki.fi\\\/#\\\/schema\\\/logo\\\/image\\\/\",\"url\":\"https:\\/\\/spelivinkki.fi\\/wp-content\\/uploads\\/2024\\/02\\/Logo.svg\",\"contentUrl\":\"https:\\/\\/spelivinkki.fi\\/wp-content\\/uploads\\/2024\\/02\\/Logo.svg\",\"width\":2176,\"height\":2323,\"caption\":\"Spelivinkki Oy\"},\"image\":{\"@id\":\"https:\\\/\\\/spelivinkki.fi\\\/#\\\/schema\\\/logo\\\/image\\\/\"},\"sameAs\":[\"https:\\\/\\\/www.facebook.com\\\/SpelivinkkiOy\\\/\",\"https:\\\/\\\/x.com\\\/SpelivinkkiOy\",\"https:\\\/\\\/www.instagram.com\\\/spelivinkkioy\\\/\"],\"description\":\"Spelivinkki Oy is a company operating both a brick-and-mortar store in Finland as well as a webshop online. We sell board games, roleplaying games, miniature wargames, logic puzzles, jigsaw puzzles and other things related to the boardgame hobby.\",\"email\":\"myynti@spelivinkki.fi\",\"telephone\":\"+358406486605\",\"legalName\":\"Spelivinkki Oy\",\"foundingDate\":\"2023-09-17\",\"vatID\":\"FI33904524\",\"numberOfEmployees\":{\"@type\":\"QuantitativeValue\",\"minValue\":\"1\",\"maxValue\":\"10\"},\"hasMerchantReturnPolicy\":{\"@type\":\"MerchantReturnPolicy\",\"merchantReturnLink\":\"https:\\\/\\\/spelivinkki.fi\\\/sv\\\/spelivinkin-vaihto-ja-palautusoikeus\\\/\"}}]}<\/script>\n<meta property=\"product:brand\" content=\"Asmodee Nordics\" \/>\n<meta property=\"product:price:amount\" content=\"16.00\" \/>\n<meta property=\"product:price:currency\" content=\"EUR\" \/>\n<meta property=\"og:availability\" content=\"out of stock\" \/>\n<meta property=\"product:availability\" content=\"out of stock\" \/>\n<meta property=\"product:retailer_item_id\" content=\"Rummikub_Travel_Nordic_Tin\" \/>\n<meta property=\"product:condition\" content=\"new\" \/>\n<!-- \/ Yoast SEO Premium plugin. -->","yoast_head_json":{"title":"Rummikub Travel &#8211; Spelivinkki","description":"Pieness\u00e4 metallirasiassa k\u00e4tev\u00e4sti kulkeva Rummikub travel tarjoaa klassikkopelikokemuksen miss\u00e4 tahansa. Pelaa settej\u00e4 ja kerryt\u00e4 pisteit\u00e4!","robots":{"index":"index","follow":"follow","max-snippet":"max-snippet:-1","max-image-preview":"max-image-preview:large","max-video-preview":"max-video-preview:-1"},"canonical":"https:\/\/spelivinkki.fi\/sv\/produkt\/rummikub-travel\/","og_locale":"sv_SE","og_type":"article","og_title":"Rummikub Travel","og_description":"Pieness\u00e4 metallirasiassa k\u00e4tev\u00e4sti kulkeva Rummikub travel tarjoaa klassikkopelikokemuksen miss\u00e4 tahansa. Pelaa settej\u00e4 ja kerryt\u00e4 pisteit\u00e4!","og_url":"https:\/\/spelivinkki.fi\/sv\/produkt\/rummikub-travel\/","og_site_name":"Spelivinkki","article_publisher":"https:\/\/www.facebook.com\/SpelivinkkiOy\/","article_modified_time":"2025-11-02T14:31:26+00:00","og_image":[{"width":1417,"height":2167,"url":"https:\/\/mlw9zexfsyfr.i.optimole.com\/w:auto\/h:auto\/q:mauto\/ig:avif\/https:\/\/spelivinkki.fi\/wp-content\/uploads\/2024\/12\/rummikub_Travel_Front-min-min.webp","type":"image\/webp"}],"twitter_card":"summary_large_image","twitter_site":"@SpelivinkkiOy","twitter_misc":{"Pris":"16,00&nbsp;&euro;","Tillg\u00e4nglig":"Slut i lager"},"schema":{"@context":"https:\/\/schema.org","@graph":[{"@type":"WebPage","@id":"https:\/\/spelivinkki.fi\/tuote\/rummikub-travel\/","url":"https:\/\/spelivinkki.fi\/tuote\/rummikub-travel\/","name":"Rummikub Travel &#8211; Spelivinkki","isPartOf":{"@id":"https:\/\/spelivinkki.fi\/#website"},"primaryImageOfPage":{"@id":"https:\/\/spelivinkki.fi\/tuote\/rummikub-travel\/#primaryimage"},"image":{"@id":"https:\/\/spelivinkki.fi\/tuote\/rummikub-travel\/#primaryimage"},"thumbnailUrl":"https:\/\/mlw9zexfsyfr.i.optimole.com\/w:auto\/h:auto\/q:mauto\/ig:avif\/https:\/\/spelivinkki.fi\/wp-content\/uploads\/2024\/12\/rummikub_Travel_Front-min-min.webp","datePublished":"2024-12-20T12:38:41+00:00","dateModified":"2025-11-02T14:31:26+00:00","description":"Pieness\u00e4 metallirasiassa k\u00e4tev\u00e4sti kulkeva Rummikub travel tarjoaa klassikkopelikokemuksen miss\u00e4 tahansa. Pelaa settej\u00e4 ja kerryt\u00e4 pisteit\u00e4!","breadcrumb":{"@id":"https:\/\/spelivinkki.fi\/tuote\/rummikub-travel\/#breadcrumb"},"inLanguage":"sv-SE","potentialAction":[{"@type":"ReadAction","target":["https:\/\/spelivinkki.fi\/tuote\/rummikub-travel\/"]}]},{"@type":"ImageObject","inLanguage":"sv-SE","@id":"https:\/\/spelivinkki.fi\/tuote\/rummikub-travel\/#primaryimage","url":"https:\/\/mlw9zexfsyfr.i.optimole.com\/w:auto\/h:auto\/q:mauto\/ig:avif\/https:\/\/spelivinkki.fi\/wp-content\/uploads\/2024\/12\/rummikub_Travel_Front-min-min.webp","contentUrl":"https:\/\/mlw9zexfsyfr.i.optimole.com\/w:auto\/h:auto\/q:mauto\/ig:avif\/https:\/\/spelivinkki.fi\/wp-content\/uploads\/2024\/12\/rummikub_Travel_Front-min-min.webp","width":1417,"height":2167,"caption":"rummikub Travel Front min min"},{"@type":"BreadcrumbList","@id":"https:\/\/spelivinkki.fi\/tuote\/rummikub-travel\/#breadcrumb","itemListElement":[{"@type":"ListItem","position":1,"name":"Etusivu","item":"https:\/\/spelivinkki.fi\/"},{"@type":"ListItem","position":2,"name":"Tuotteet","item":"https:\/\/spelivinkki.fi\/tuotteet\/"},{"@type":"ListItem","position":3,"name":"Rummikub Travel"}]},{"@type":"WebSite","@id":"https:\/\/spelivinkki.fi\/#website","url":"https:\/\/spelivinkki.fi\/","name":"Spelivinkki","description":"Paraisten Lautapelikauppa","publisher":{"@id":"https:\/\/spelivinkki.fi\/#organization"},"alternateName":"Spelivinkki Oy","potentialAction":[{"@type":"SearchAction","target":{"@type":"EntryPoint","urlTemplate":"https:\/\/spelivinkki.fi\/?s={search_term_string}"},"query-input":{"@type":"PropertyValueSpecification","valueRequired":true,"valueName":"search_term_string"}}],"inLanguage":"sv-SE"},{"@type":"Organization","@id":"https:\/\/spelivinkki.fi\/#organization","name":"Spelivinkki Oy","alternateName":"Spelivinkki","url":"https:\/\/spelivinkki.fi\/","logo":{"@type":"ImageObject","inLanguage":"sv-SE","@id":"https:\/\/spelivinkki.fi\/#\/schema\/logo\/image\/","url":"https:\/\/mlw9zexfsyfr.i.optimole.com\/w:auto\/h:auto\/q:mauto\/ig:avif\/https:\/\/spelivinkki.fi\/wp-content\/uploads\/2024\/02\/Logo.svg","contentUrl":"https:\/\/mlw9zexfsyfr.i.optimole.com\/w:auto\/h:auto\/q:mauto\/ig:avif\/https:\/\/spelivinkki.fi\/wp-content\/uploads\/2024\/02\/Logo.svg","width":2176,"height":2323,"caption":"Spelivinkki Oy"},"image":{"@id":"https:\/\/spelivinkki.fi\/#\/schema\/logo\/image\/"},"sameAs":["https:\/\/www.facebook.com\/SpelivinkkiOy\/","https:\/\/x.com\/SpelivinkkiOy","https:\/\/www.instagram.com\/spelivinkkioy\/"],"description":"Spelivinkki Oy is a company operating both a brick-and-mortar store in Finland as well as a webshop online. We sell board games, roleplaying games, miniature wargames, logic puzzles, jigsaw puzzles and other things related to the boardgame hobby.","email":"myynti@spelivinkki.fi","telephone":"+358406486605","legalName":"Spelivinkki Oy","foundingDate":"2023-09-17","vatID":"FI33904524","numberOfEmployees":{"@type":"QuantitativeValue","minValue":"1","maxValue":"10"},"hasMerchantReturnPolicy":{"@type":"MerchantReturnPolicy","merchantReturnLink":"https:\/\/spelivinkki.fi\/sv\/spelivinkin-vaihto-ja-palautusoikeus\/"}}]},"product_brand":"Asmodee Nordics","product_price_amount":"16.00","product_price_currency":"EUR","og_availability":"out of stock","product_availability":"out of stock","product_retailer_item_id":"Rummikub_Travel_Nordic_Tin","product_condition":"new"},"_links":{"self":[{"href":"https:\/\/spelivinkki.fi\/sv\/wp-json\/wp\/v2\/product\/6913","targetHints":{"allow":["GET"]}}],"collection":[{"href":"https:\/\/spelivinkki.fi\/sv\/wp-json\/wp\/v2\/product"}],"about":[{"href":"https:\/\/spelivinkki.fi\/sv\/wp-json\/wp\/v2\/types\/product"}],"wp:featuredmedia":[{"embeddable":true,"href":"https:\/\/spelivinkki.fi\/sv\/wp-json\/wp\/v2\/media\/6914"}],"wp:attachment":[{"href":"https:\/\/spelivinkki.fi\/sv\/wp-json\/wp\/v2\/media?parent=6913"}],"wp:term":[{"taxonomy":"product_brand","embeddable":true,"href":"https:\/\/spelivinkki.fi\/sv\/wp-json\/wp\/v2\/product_brand?post=6913"},{"taxonomy":"product_cat","embeddable":true,"href":"https:\/\/spelivinkki.fi\/sv\/wp-json\/wp\/v2\/product_cat?post=6913"},{"taxonomy":"product_tag","embeddable":true,"href":"https:\/\/spelivinkki.fi\/sv\/wp-json\/wp\/v2\/product_tag?post=6913"}],"curies":[{"name":"wp","href":"https:\/\/api.w.org\/{rel}","templated":true}]}}