{"id":6947,"date":"2025-01-13T16:01:52","date_gmt":"2025-01-13T16:01:52","guid":{"rendered":"https:\/\/spelivinkki.fi\/?post_type=product&#038;p=6947"},"modified":"2025-11-07T11:30:56","modified_gmt":"2025-11-07T11:30:56","slug":"jaipur-fi-se-no-dk","status":"publish","type":"product","link":"https:\/\/spelivinkki.fi\/sv\/produkt\/jaipur-fi-se-no-dk\/","title":{"rendered":"Jaipur (FI\/SE\/NO\/DK)"},"content":{"rendered":"<p>Jaipur \u00e4r ett spel f\u00f6r tv\u00e5 d\u00e4r spelarna t\u00e4vlar om vem som blir Maharajans personliga f\u00f6rs\u00e4ljare i Jaipur. K\u00f6p, s\u00e4lj och byt till b\u00e4ttre po\u00e4ngpriser \u00e4n din motspelare f\u00f6r att ruinera henom p\u00e5 torget! Varornas styckepris minskar med spelets g\u00e5ng, s\u00e5 det l\u00f6nar sig att s\u00e4lja allt kvickt... Eller g\u00f6r det? Om du samlar ihop set av varor kan du f\u00e5 b\u00e4ttre pris via bonuspo\u00e4ng. Hmm... Det blev v\u00e4l lite att fundera p\u00e5 i alla fall!<\/p>\n<p>Jaipur spelas i omg\u00e5ngar i b\u00e4st av tre formatet. Spelaren med mest po\u00e4ng vinner rundan, varefter spelet b\u00f6rjar p\u00e5nytt. N\u00e4r en spelare har vunnit tv\u00e5 g\u00e5nger blir hen maharajans personliga f\u00f6rs\u00e4ljare.<\/p>","protected":false},"excerpt":{"rendered":"<ul>\n<li><strong>Spelarm\u00e4ngd:<\/strong> 2<\/li>\n<li><strong>Varaktighet:<\/strong> 30 min<\/li>\n<li><strong>\u00c5ldersrekommendation:<\/strong> 10+<\/li>\n<li><strong>Spr\u00e5k:<\/strong> Finska, svenska, norska, danska<\/li>\n<li><strong>Genre:<\/strong> K\u00e4den hallinta, Settiker\u00e4ily, Resurssinosto, Vaihtokauppa<\/li>\n<li><strong>Tema:<\/strong> Intia, Kauppiaat<\/li>\n<li><strong>Passande Sleevy Kortskydd (ing\u00e5r ej!):<\/strong> 55 st Standard storlek<\/li>\n<li><strong>Utveckling:<\/strong> S\u00e9bastien Pauchon<\/li>\n<li><strong>Utgivare:<\/strong> Space Cowboys<\/li>\n<\/ul>","protected":false},"featured_media":6948,"template":"","meta":{"site-sidebar-layout":"default","site-content-layout":"","ast-site-content-layout":"default","site-content-style":"default","site-sidebar-style":"default","ast-global-header-display":"","ast-banner-title-visibility":"","ast-main-header-display":"","ast-hfb-above-header-display":"","ast-hfb-below-header-display":"","ast-hfb-mobile-header-display":"","site-post-title":"","ast-breadcrumbs-content":"","ast-featured-img":"","footer-sml-layout":"","ast-disable-related-posts":"","theme-transparent-header-meta":"default","adv-header-id-meta":"","stick-header-meta":"","header-above-stick-meta":"","header-main-stick-meta":"","header-below-stick-meta":"","astra-migrate-meta-layouts":"set","ast-page-background-enabled":"default","ast-page-background-meta":{"desktop":{"background-color":"","background-image":"","background-repeat":"repeat","background-position":"center center","background-size":"auto","background-attachment":"scroll","background-type":"","background-media":"","overlay-type":"","overlay-color":"","overlay-opacity":"","overlay-gradient":""},"tablet":{"background-color":"","background-image":"","background-repeat":"repeat","background-position":"center center","background-size":"auto","background-attachment":"scroll","background-type":"","background-media":"","overlay-type":"","overlay-color":"","overlay-opacity":"","overlay-gradient":""},"mobile":{"background-color":"","background-image":"","background-repeat":"repeat","background-position":"center center","background-size":"auto","background-attachment":"scroll","background-type":"","background-media":"","overlay-type":"","overlay-color":"","overlay-opacity":"","overlay-gradient":""}},"ast-content-background-meta":{"desktop":{"background-color":"var(--ast-global-color-5)","background-image":"","background-repeat":"repeat","background-position":"center center","background-size":"auto","background-attachment":"scroll","background-type":"","background-media":"","overlay-type":"","overlay-color":"","overlay-opacity":"","overlay-gradient":""},"tablet":{"background-color":"var(--ast-global-color-5)","background-image":"","background-repeat":"repeat","background-position":"center center","background-size":"auto","background-attachment":"scroll","background-type":"","background-media":"","overlay-type":"","overlay-color":"","overlay-opacity":"","overlay-gradient":""},"mobile":{"background-color":"var(--ast-global-color-5)","background-image":"","background-repeat":"repeat","background-position":"center center","background-size":"auto","background-attachment":"scroll","background-type":"","background-media":"","overlay-type":"","overlay-color":"","overlay-opacity":"","overlay-gradient":""}}},"product_brand":[1055,1056,1099],"product_cat":[16,278,45],"product_tag":[1058,1087,1047,1050,1250,1048],"class_list":{"0":"post-6947","1":"product","2":"type-product","3":"status-publish","4":"has-post-thumbnail","6":"product_brand-asmodee","7":"product_brand-asmodee-nordics","8":"product_brand-space-cowboys","9":"product_cat-kaikki","10":"product_cat-settikeraily","11":"product_cat-strategiapelit","12":"product_tag-europeli","13":"product_tag-kaksintaistelu","14":"product_tag-peruspeli","15":"product_tag-ruotsinkieliset-pelit","16":"product_tag-sebastien-pauchon","17":"product_tag-suomenkieliset-pelit","18":"product_shipping_class-standard2","19":"desktop-align-center","20":"tablet-align-center","21":"mobile-align-center","23":"first","24":"instock","25":"taxable","26":"shipping-taxable","27":"purchasable","28":"product-type-simple"},"yoast_head":"<!-- This site is optimized with the Yoast SEO Premium plugin v27.3 (Yoast SEO v27.4) - https:\/\/yoast.com\/product\/yoast-seo-premium-wordpress\/ -->\n<title>Jaipur - Kiehtova peli kaupank\u00e4ynnist\u00e4 Intian hengess\u00e4 &#8211; Spelivinkki<\/title>\n<meta name=\"description\" content=\"Astuu liikkeelle Jaipurin kujilla ja osoita kauppataitosi Jaipur korttipeliss\u00e4. Kuka voittaa kaksintaistelun traditionaalisessa peliss\u00e4?\" \/>\n<meta name=\"robots\" content=\"index, follow, max-snippet:-1, max-image-preview:large, max-video-preview:-1\" \/>\n<link rel=\"canonical\" href=\"https:\/\/spelivinkki.fi\/sv\/produkt\/jaipur-fi-se-no-dk\/\" \/>\n<meta property=\"og:locale\" content=\"sv_SE\" \/>\n<meta property=\"og:type\" content=\"article\" \/>\n<meta property=\"og:title\" content=\"Jaipur (FI\/SE\/NO\/DK)\" \/>\n<meta property=\"og:description\" content=\"Astuu liikkeelle Jaipurin kujilla ja osoita kauppataitosi Jaipur korttipeliss\u00e4. Kuka voittaa kaksintaistelun traditionaalisessa peliss\u00e4?\" \/>\n<meta property=\"og:url\" content=\"https:\/\/spelivinkki.fi\/sv\/produkt\/jaipur-fi-se-no-dk\/\" \/>\n<meta property=\"og:site_name\" content=\"Spelivinkki\" \/>\n<meta property=\"article:publisher\" content=\"https:\/\/www.facebook.com\/SpelivinkkiOy\/\" \/>\n<meta property=\"article:modified_time\" content=\"2025-11-07T11:30:56+00:00\" \/>\n<meta property=\"og:image\" content=\"https:\/\/mlw9zexfsyfr.i.optimole.com\/w:auto\/h:auto\/q:mauto\/ig:avif\/https:\/\/spelivinkki.fi\/wp-content\/uploads\/2025\/01\/Jaipur_Tuotekuva-min.webp\" \/>\n\t<meta property=\"og:image:width\" content=\"350\" \/>\n\t<meta property=\"og:image:height\" content=\"350\" \/>\n\t<meta property=\"og:image:type\" content=\"image\/webp\" \/>\n<meta name=\"twitter:card\" content=\"summary_large_image\" \/>\n<meta name=\"twitter:site\" content=\"@SpelivinkkiOy\" \/>\n<meta name=\"twitter:label1\" content=\"Pris\" \/>\n\t<meta name=\"twitter:data1\" content=\"20,00&nbsp;&euro;\" \/>\n\t<meta name=\"twitter:label2\" content=\"Tillg\u00e4nglig\" \/>\n\t<meta name=\"twitter:data2\" content=\"I lager\" \/>\n<script type=\"application\/ld+json\" class=\"yoast-schema-graph\">{\"@context\":\"https:\\\/\\\/schema.org\",\"@graph\":[{\"@type\":\"WebPage\",\"@id\":\"https:\\\/\\\/spelivinkki.fi\\\/tuote\\\/jaipur-fi-se-no-dk\\\/\",\"url\":\"https:\\\/\\\/spelivinkki.fi\\\/tuote\\\/jaipur-fi-se-no-dk\\\/\",\"name\":\"Jaipur - Kiehtova peli kaupank\u00e4ynnist\u00e4 Intian hengess\u00e4 &#8211; Spelivinkki\",\"isPartOf\":{\"@id\":\"https:\\\/\\\/spelivinkki.fi\\\/#website\"},\"primaryImageOfPage\":{\"@id\":\"https:\\\/\\\/spelivinkki.fi\\\/tuote\\\/jaipur-fi-se-no-dk\\\/#primaryimage\"},\"image\":{\"@id\":\"https:\\\/\\\/spelivinkki.fi\\\/tuote\\\/jaipur-fi-se-no-dk\\\/#primaryimage\"},\"thumbnailUrl\":\"https:\\/\\/spelivinkki.fi\\/wp-content\\/uploads\\/2025\\/01\\/Jaipur_Tuotekuva-min.webp\",\"datePublished\":\"2025-01-13T16:01:52+00:00\",\"dateModified\":\"2025-11-07T11:30:56+00:00\",\"description\":\"Astuu liikkeelle Jaipurin kujilla ja osoita kauppataitosi Jaipur korttipeliss\u00e4. Kuka voittaa kaksintaistelun traditionaalisessa peliss\u00e4?\",\"breadcrumb\":{\"@id\":\"https:\\\/\\\/spelivinkki.fi\\\/tuote\\\/jaipur-fi-se-no-dk\\\/#breadcrumb\"},\"inLanguage\":\"sv-SE\",\"potentialAction\":[{\"@type\":\"ReadAction\",\"target\":[\"https:\\\/\\\/spelivinkki.fi\\\/tuote\\\/jaipur-fi-se-no-dk\\\/\"]}]},{\"@type\":\"ImageObject\",\"inLanguage\":\"sv-SE\",\"@id\":\"https:\\\/\\\/spelivinkki.fi\\\/tuote\\\/jaipur-fi-se-no-dk\\\/#primaryimage\",\"url\":\"https:\\/\\/spelivinkki.fi\\/wp-content\\/uploads\\/2025\\/01\\/Jaipur_Tuotekuva-min.webp\",\"contentUrl\":\"https:\\/\\/spelivinkki.fi\\/wp-content\\/uploads\\/2025\\/01\\/Jaipur_Tuotekuva-min.webp\",\"width\":350,\"height\":350,\"caption\":\"Jaipur Tuotekuva min\"},{\"@type\":\"BreadcrumbList\",\"@id\":\"https:\\\/\\\/spelivinkki.fi\\\/tuote\\\/jaipur-fi-se-no-dk\\\/#breadcrumb\",\"itemListElement\":[{\"@type\":\"ListItem\",\"position\":1,\"name\":\"Etusivu\",\"item\":\"https:\\\/\\\/spelivinkki.fi\\\/\"},{\"@type\":\"ListItem\",\"position\":2,\"name\":\"Tuotteet\",\"item\":\"https:\\\/\\\/spelivinkki.fi\\\/tuotteet\\\/\"},{\"@type\":\"ListItem\",\"position\":3,\"name\":\"Jaipur (FI\\\/SE\\\/NO\\\/DK)\"}]},{\"@type\":\"WebSite\",\"@id\":\"https:\\\/\\\/spelivinkki.fi\\\/#website\",\"url\":\"https:\\\/\\\/spelivinkki.fi\\\/\",\"name\":\"Spelivinkki\",\"description\":\"Paraisten Lautapelikauppa\",\"publisher\":{\"@id\":\"https:\\\/\\\/spelivinkki.fi\\\/#organization\"},\"alternateName\":\"Spelivinkki Oy\",\"potentialAction\":[{\"@type\":\"SearchAction\",\"target\":{\"@type\":\"EntryPoint\",\"urlTemplate\":\"https:\\\/\\\/spelivinkki.fi\\\/?s={search_term_string}\"},\"query-input\":{\"@type\":\"PropertyValueSpecification\",\"valueRequired\":true,\"valueName\":\"search_term_string\"}}],\"inLanguage\":\"sv-SE\"},{\"@type\":\"Organization\",\"@id\":\"https:\\\/\\\/spelivinkki.fi\\\/#organization\",\"name\":\"Spelivinkki Oy\",\"alternateName\":\"Spelivinkki\",\"url\":\"https:\\\/\\\/spelivinkki.fi\\\/\",\"logo\":{\"@type\":\"ImageObject\",\"inLanguage\":\"sv-SE\",\"@id\":\"https:\\\/\\\/spelivinkki.fi\\\/#\\\/schema\\\/logo\\\/image\\\/\",\"url\":\"https:\\/\\/spelivinkki.fi\\/wp-content\\/uploads\\/2024\\/02\\/Logo.svg\",\"contentUrl\":\"https:\\/\\/spelivinkki.fi\\/wp-content\\/uploads\\/2024\\/02\\/Logo.svg\",\"width\":2176,\"height\":2323,\"caption\":\"Spelivinkki Oy\"},\"image\":{\"@id\":\"https:\\\/\\\/spelivinkki.fi\\\/#\\\/schema\\\/logo\\\/image\\\/\"},\"sameAs\":[\"https:\\\/\\\/www.facebook.com\\\/SpelivinkkiOy\\\/\",\"https:\\\/\\\/x.com\\\/SpelivinkkiOy\",\"https:\\\/\\\/www.instagram.com\\\/spelivinkkioy\\\/\"],\"description\":\"Spelivinkki Oy is a company operating both a brick-and-mortar store in Finland as well as a webshop online. We sell board games, roleplaying games, miniature wargames, logic puzzles, jigsaw puzzles and other things related to the boardgame hobby.\",\"email\":\"myynti@spelivinkki.fi\",\"telephone\":\"+358406486605\",\"legalName\":\"Spelivinkki Oy\",\"foundingDate\":\"2023-09-17\",\"vatID\":\"FI33904524\",\"numberOfEmployees\":{\"@type\":\"QuantitativeValue\",\"minValue\":\"1\",\"maxValue\":\"10\"},\"hasMerchantReturnPolicy\":{\"@type\":\"MerchantReturnPolicy\",\"merchantReturnLink\":\"https:\\\/\\\/spelivinkki.fi\\\/sv\\\/spelivinkin-vaihto-ja-palautusoikeus\\\/\"}}]}<\/script>\n<meta property=\"product:brand\" content=\"Space Cowboys\" \/>\n<meta property=\"product:price:amount\" content=\"20.00\" \/>\n<meta property=\"product:price:currency\" content=\"EUR\" \/>\n<meta property=\"og:availability\" content=\"instock\" \/>\n<meta property=\"product:availability\" content=\"instock\" \/>\n<meta property=\"product:retailer_item_id\" content=\"Jaipur_Nordic\" \/>\n<meta property=\"product:condition\" content=\"new\" \/>\n<!-- \/ Yoast SEO Premium plugin. -->","yoast_head_json":{"title":"Jaipur - Kiehtova peli kaupank\u00e4ynnist\u00e4 Intian hengess\u00e4 &#8211; Spelivinkki","description":"Astuu liikkeelle Jaipurin kujilla ja osoita kauppataitosi Jaipur korttipeliss\u00e4. Kuka voittaa kaksintaistelun traditionaalisessa peliss\u00e4?","robots":{"index":"index","follow":"follow","max-snippet":"max-snippet:-1","max-image-preview":"max-image-preview:large","max-video-preview":"max-video-preview:-1"},"canonical":"https:\/\/spelivinkki.fi\/sv\/produkt\/jaipur-fi-se-no-dk\/","og_locale":"sv_SE","og_type":"article","og_title":"Jaipur (FI\/SE\/NO\/DK)","og_description":"Astuu liikkeelle Jaipurin kujilla ja osoita kauppataitosi Jaipur korttipeliss\u00e4. Kuka voittaa kaksintaistelun traditionaalisessa peliss\u00e4?","og_url":"https:\/\/spelivinkki.fi\/sv\/produkt\/jaipur-fi-se-no-dk\/","og_site_name":"Spelivinkki","article_publisher":"https:\/\/www.facebook.com\/SpelivinkkiOy\/","article_modified_time":"2025-11-07T11:30:56+00:00","og_image":[{"width":350,"height":350,"url":"https:\/\/mlw9zexfsyfr.i.optimole.com\/w:auto\/h:auto\/q:mauto\/ig:avif\/https:\/\/spelivinkki.fi\/wp-content\/uploads\/2025\/01\/Jaipur_Tuotekuva-min.webp","type":"image\/webp"}],"twitter_card":"summary_large_image","twitter_site":"@SpelivinkkiOy","twitter_misc":{"Pris":"20,00&nbsp;&euro;","Tillg\u00e4nglig":"I lager"},"schema":{"@context":"https:\/\/schema.org","@graph":[{"@type":"WebPage","@id":"https:\/\/spelivinkki.fi\/tuote\/jaipur-fi-se-no-dk\/","url":"https:\/\/spelivinkki.fi\/tuote\/jaipur-fi-se-no-dk\/","name":"Jaipur - Kiehtova peli kaupank\u00e4ynnist\u00e4 Intian hengess\u00e4 &#8211; Spelivinkki","isPartOf":{"@id":"https:\/\/spelivinkki.fi\/#website"},"primaryImageOfPage":{"@id":"https:\/\/spelivinkki.fi\/tuote\/jaipur-fi-se-no-dk\/#primaryimage"},"image":{"@id":"https:\/\/spelivinkki.fi\/tuote\/jaipur-fi-se-no-dk\/#primaryimage"},"thumbnailUrl":"https:\/\/mlw9zexfsyfr.i.optimole.com\/w:auto\/h:auto\/q:mauto\/ig:avif\/https:\/\/spelivinkki.fi\/wp-content\/uploads\/2025\/01\/Jaipur_Tuotekuva-min.webp","datePublished":"2025-01-13T16:01:52+00:00","dateModified":"2025-11-07T11:30:56+00:00","description":"Astuu liikkeelle Jaipurin kujilla ja osoita kauppataitosi Jaipur korttipeliss\u00e4. Kuka voittaa kaksintaistelun traditionaalisessa peliss\u00e4?","breadcrumb":{"@id":"https:\/\/spelivinkki.fi\/tuote\/jaipur-fi-se-no-dk\/#breadcrumb"},"inLanguage":"sv-SE","potentialAction":[{"@type":"ReadAction","target":["https:\/\/spelivinkki.fi\/tuote\/jaipur-fi-se-no-dk\/"]}]},{"@type":"ImageObject","inLanguage":"sv-SE","@id":"https:\/\/spelivinkki.fi\/tuote\/jaipur-fi-se-no-dk\/#primaryimage","url":"https:\/\/mlw9zexfsyfr.i.optimole.com\/w:auto\/h:auto\/q:mauto\/ig:avif\/https:\/\/spelivinkki.fi\/wp-content\/uploads\/2025\/01\/Jaipur_Tuotekuva-min.webp","contentUrl":"https:\/\/mlw9zexfsyfr.i.optimole.com\/w:auto\/h:auto\/q:mauto\/ig:avif\/https:\/\/spelivinkki.fi\/wp-content\/uploads\/2025\/01\/Jaipur_Tuotekuva-min.webp","width":350,"height":350,"caption":"Jaipur Tuotekuva min"},{"@type":"BreadcrumbList","@id":"https:\/\/spelivinkki.fi\/tuote\/jaipur-fi-se-no-dk\/#breadcrumb","itemListElement":[{"@type":"ListItem","position":1,"name":"Etusivu","item":"https:\/\/spelivinkki.fi\/"},{"@type":"ListItem","position":2,"name":"Tuotteet","item":"https:\/\/spelivinkki.fi\/tuotteet\/"},{"@type":"ListItem","position":3,"name":"Jaipur (FI\/SE\/NO\/DK)"}]},{"@type":"WebSite","@id":"https:\/\/spelivinkki.fi\/#website","url":"https:\/\/spelivinkki.fi\/","name":"Spelivinkki","description":"Paraisten Lautapelikauppa","publisher":{"@id":"https:\/\/spelivinkki.fi\/#organization"},"alternateName":"Spelivinkki Oy","potentialAction":[{"@type":"SearchAction","target":{"@type":"EntryPoint","urlTemplate":"https:\/\/spelivinkki.fi\/?s={search_term_string}"},"query-input":{"@type":"PropertyValueSpecification","valueRequired":true,"valueName":"search_term_string"}}],"inLanguage":"sv-SE"},{"@type":"Organization","@id":"https:\/\/spelivinkki.fi\/#organization","name":"Spelivinkki Oy","alternateName":"Spelivinkki","url":"https:\/\/spelivinkki.fi\/","logo":{"@type":"ImageObject","inLanguage":"sv-SE","@id":"https:\/\/spelivinkki.fi\/#\/schema\/logo\/image\/","url":"https:\/\/mlw9zexfsyfr.i.optimole.com\/w:auto\/h:auto\/q:mauto\/ig:avif\/https:\/\/spelivinkki.fi\/wp-content\/uploads\/2024\/02\/Logo.svg","contentUrl":"https:\/\/mlw9zexfsyfr.i.optimole.com\/w:auto\/h:auto\/q:mauto\/ig:avif\/https:\/\/spelivinkki.fi\/wp-content\/uploads\/2024\/02\/Logo.svg","width":2176,"height":2323,"caption":"Spelivinkki Oy"},"image":{"@id":"https:\/\/spelivinkki.fi\/#\/schema\/logo\/image\/"},"sameAs":["https:\/\/www.facebook.com\/SpelivinkkiOy\/","https:\/\/x.com\/SpelivinkkiOy","https:\/\/www.instagram.com\/spelivinkkioy\/"],"description":"Spelivinkki Oy is a company operating both a brick-and-mortar store in Finland as well as a webshop online. We sell board games, roleplaying games, miniature wargames, logic puzzles, jigsaw puzzles and other things related to the boardgame hobby.","email":"myynti@spelivinkki.fi","telephone":"+358406486605","legalName":"Spelivinkki Oy","foundingDate":"2023-09-17","vatID":"FI33904524","numberOfEmployees":{"@type":"QuantitativeValue","minValue":"1","maxValue":"10"},"hasMerchantReturnPolicy":{"@type":"MerchantReturnPolicy","merchantReturnLink":"https:\/\/spelivinkki.fi\/sv\/spelivinkin-vaihto-ja-palautusoikeus\/"}}]},"product_brand":"Space Cowboys","product_price_amount":"20.00","product_price_currency":"EUR","og_availability":"instock","product_availability":"instock","product_retailer_item_id":"Jaipur_Nordic","product_condition":"new"},"_links":{"self":[{"href":"https:\/\/spelivinkki.fi\/sv\/wp-json\/wp\/v2\/product\/6947","targetHints":{"allow":["GET"]}}],"collection":[{"href":"https:\/\/spelivinkki.fi\/sv\/wp-json\/wp\/v2\/product"}],"about":[{"href":"https:\/\/spelivinkki.fi\/sv\/wp-json\/wp\/v2\/types\/product"}],"wp:featuredmedia":[{"embeddable":true,"href":"https:\/\/spelivinkki.fi\/sv\/wp-json\/wp\/v2\/media\/6948"}],"wp:attachment":[{"href":"https:\/\/spelivinkki.fi\/sv\/wp-json\/wp\/v2\/media?parent=6947"}],"wp:term":[{"taxonomy":"product_brand","embeddable":true,"href":"https:\/\/spelivinkki.fi\/sv\/wp-json\/wp\/v2\/product_brand?post=6947"},{"taxonomy":"product_cat","embeddable":true,"href":"https:\/\/spelivinkki.fi\/sv\/wp-json\/wp\/v2\/product_cat?post=6947"},{"taxonomy":"product_tag","embeddable":true,"href":"https:\/\/spelivinkki.fi\/sv\/wp-json\/wp\/v2\/product_tag?post=6947"}],"curies":[{"name":"wp","href":"https:\/\/api.w.org\/{rel}","templated":true}]}}