{"id":6957,"date":"2025-01-16T14:08:17","date_gmt":"2025-01-16T14:08:17","guid":{"rendered":"https:\/\/spelivinkki.fi\/?post_type=product&#038;p=6957"},"modified":"2026-01-30T09:59:31","modified_gmt":"2026-01-30T09:59:31","slug":"kluster-magneettipeli","status":"publish","type":"product","link":"https:\/\/spelivinkki.fi\/sv\/produkt\/kluster-magneettipeli\/","title":{"rendered":"Kluster magnetspel"},"content":{"rendered":"<p>Kluster har blivit poppis p\u00e5 sociala medier och kallas ofta d\u00e4r f\u00f6r magnetschack. Detta simpla men roliga spel g\u00e5r ut p\u00e5 att var och en spelare f\u00e5r lika m\u00e5nga magnetiska bitar i handen. D\u00e4refter ska de i tur och ordning l\u00e4gga ut en magnet ur handen. Om magneten drar till sig andra magneter m\u00e5ste spelaren plocka upp dem igen. Den som f\u00f6rst f\u00e5r alla magneter utspelade fr\u00e5n handen vinner spelet!<\/p>\n<h5>Julkaisijan kuvaus englanniksi:<\/h5>\n<h6 class=\"MuiTypography-root MuiTypography-body1 jss83 css-1rxsmeu\"><strong>Magical Magnet Game<\/strong><\/h6>\n<p class=\"MuiTypography-root MuiTypography-body1 jss83 css-1rxsmeu\">Kluster captures the essence of magnetic magic in a game that\u2019s as simple as it is entertaining. With 24 magnets and a string, players form a ring and take turns placing their magnets \u2013 but watch out! The magnets\u2019 attraction can be unpredictable. The winner is the first to place all their magnets in the ring without attracting any others. Kluster is straightforward and surprising and quickly becomes a favorite.<\/p>\n<h6 class=\"MuiTypography-root MuiTypography-body1 jss83 css-1rxsmeu\"><strong>Three Reasons to Love the Kluster Games<\/strong><\/h6>\n<ul class=\"MuiList-root MuiList-padding css-1ontqvh\">\n<li style=\"list-style-type: none;\">\n<ul class=\"MuiList-root MuiList-padding css-1ontqvh\">\n<li class=\"MuiListItem-root MuiListItem-gutters MuiListItem-padding css-8i1nrh\">\n<div class=\"MuiListItemIcon-root jss85 css-1f8bwsm\"><span class=\"MuiTypography-root MuiTypography-body1 MuiListItemText-primary css-117qzxa\">The unpredictable magnets spark smiles and laughter<\/span><\/div>\n<\/li>\n<\/ul>\n<\/li>\n<\/ul>\n<ul class=\"MuiList-root MuiList-padding css-1ontqvh\">\n<li style=\"list-style-type: none;\">\n<ul class=\"MuiList-root MuiList-padding css-1ontqvh\">\n<li class=\"MuiListItem-root MuiListItem-gutters MuiListItem-padding css-8i1nrh\">\n<div class=\"MuiListItemIcon-root jss85 css-1f8bwsm\"><span class=\"MuiTypography-root MuiTypography-body1 MuiListItemText-primary css-117qzxa\">The game can be explained in 20 seconds<\/span><\/div>\n<\/li>\n<\/ul>\n<\/li>\n<\/ul>\n<ul class=\"MuiList-root MuiList-padding css-1ontqvh\">\n<li style=\"list-style-type: none;\">\n<ul class=\"MuiList-root MuiList-padding css-1ontqvh\">\n<li class=\"MuiListItem-root MuiListItem-gutters MuiListItem-padding css-8i1nrh\">\n<div class=\"MuiListItemIcon-root jss85 css-1f8bwsm\"><span class=\"MuiTypography-root MuiTypography-body1 MuiListItemText-primary css-117qzxa\">It takes just moments to set up and pack away \u2013 perfect for gaming on the go<\/span><\/div>\n<\/li>\n<\/ul>\n<\/li>\n<\/ul>\n<h6 class=\"MuiTypography-root MuiTypography-body1 jss83 css-1rxsmeu\"><strong>Try <a href=\"https:\/\/spelivinkki.fi\/sv\/produkt\/kluster-duo\/\">Kluster Duo<\/a> as Well<\/strong><\/h6>\n<p class=\"MuiTypography-root MuiTypography-body1 jss83 css-1rxsmeu\"><a href=\"https:\/\/spelivinkki.fi\/sv\/produkt\/kluster-duo\/\">Kluster Duo<\/a> is a sister game to Kluster, featuring larger magnets. The larger magnets make it more child-friendly and easier to handle. Combine it with the original Kluster, or play it on its own \u2013 and let the larger magnets bring fun to both small and large hands!<\/p>","protected":false},"excerpt":{"rendered":"<ul>\n<li><strong>Spelarm\u00e4ngd:<\/strong> 1-4 (<strong>B\u00e4sta m\u00e4ngden:<\/strong> 3)<\/li>\n<li><strong>Varaktighet:<\/strong> 10-20 min<\/li>\n<li><strong>\u00c5ldersrekommendation:<\/strong> 14+<\/li>\n<li><strong>Spr\u00e5k:<\/strong> Finska, svenska, norska, danska, engelska<\/li>\n<li><strong>Genre:<\/strong> Fingerf\u00e4rdighetsspel<\/li>\n<li><strong>Tema:<\/strong> Magneter<\/li>\n<li><strong>Utveckling:<\/strong> Robert Henning, Paula Henning<\/li>\n<li><strong>Utgivare:<\/strong> Borderline Editions<\/li>\n<\/ul>","protected":false},"featured_media":6959,"template":"","meta":{"site-sidebar-layout":"default","site-content-layout":"","ast-site-content-layout":"default","site-content-style":"default","site-sidebar-style":"default","ast-global-header-display":"","ast-banner-title-visibility":"","ast-main-header-display":"","ast-hfb-above-header-display":"","ast-hfb-below-header-display":"","ast-hfb-mobile-header-display":"","site-post-title":"","ast-breadcrumbs-content":"","ast-featured-img":"","footer-sml-layout":"","ast-disable-related-posts":"","theme-transparent-header-meta":"default","adv-header-id-meta":"","stick-header-meta":"","header-above-stick-meta":"","header-main-stick-meta":"","header-below-stick-meta":"","astra-migrate-meta-layouts":"set","ast-page-background-enabled":"default","ast-page-background-meta":{"desktop":{"background-color":"","background-image":"","background-repeat":"repeat","background-position":"center center","background-size":"auto","background-attachment":"scroll","background-type":"","background-media":"","overlay-type":"","overlay-color":"","overlay-opacity":"","overlay-gradient":""},"tablet":{"background-color":"","background-image":"","background-repeat":"repeat","background-position":"center center","background-size":"auto","background-attachment":"scroll","background-type":"","background-media":"","overlay-type":"","overlay-color":"","overlay-opacity":"","overlay-gradient":""},"mobile":{"background-color":"","background-image":"","background-repeat":"repeat","background-position":"center center","background-size":"auto","background-attachment":"scroll","background-type":"","background-media":"","overlay-type":"","overlay-color":"","overlay-opacity":"","overlay-gradient":""}},"ast-content-background-meta":{"desktop":{"background-color":"var(--ast-global-color-5)","background-image":"","background-repeat":"repeat","background-position":"center center","background-size":"auto","background-attachment":"scroll","background-type":"","background-media":"","overlay-type":"","overlay-color":"","overlay-opacity":"","overlay-gradient":""},"tablet":{"background-color":"var(--ast-global-color-5)","background-image":"","background-repeat":"repeat","background-position":"center center","background-size":"auto","background-attachment":"scroll","background-type":"","background-media":"","overlay-type":"","overlay-color":"","overlay-opacity":"","overlay-gradient":""},"mobile":{"background-color":"var(--ast-global-color-5)","background-image":"","background-repeat":"repeat","background-position":"center center","background-size":"auto","background-attachment":"scroll","background-type":"","background-media":"","overlay-type":"","overlay-color":"","overlay-opacity":"","overlay-gradient":""}}},"product_brand":[1253],"product_cat":[16,41],"product_tag":[1049,1088,1310,1047,1309,1050,1048],"class_list":{"0":"post-6957","1":"product","2":"type-product","3":"status-publish","4":"has-post-thumbnail","6":"product_brand-borderline-editions","7":"product_cat-kaikki","8":"product_cat-partypelit","9":"product_tag-englanninkieliset-pelit","10":"product_tag-napparyys","11":"product_tag-paula-henning","12":"product_tag-peruspeli","13":"product_tag-robert-henning","14":"product_tag-ruotsinkieliset-pelit","15":"product_tag-suomenkieliset-pelit","16":"product_shipping_class-standard2","17":"desktop-align-center","18":"tablet-align-center","19":"mobile-align-center","21":"first","22":"instock","23":"taxable","24":"shipping-taxable","25":"purchasable","26":"product-type-simple"},"yoast_head":"<!-- This site is optimized with the Yoast SEO Premium plugin v27.3 (Yoast SEO v27.4) - https:\/\/yoast.com\/product\/yoast-seo-premium-wordpress\/ -->\n<title>Kluster magneettipeli &#8211; Spelivinkki<\/title>\n<meta name=\"description\" content=\"Kluster on my\u00f6s tunnettu nimell\u00e4 magneettishakki, jossa nopeus ja taito ratkaisevat! Kutsu yst\u00e4v\u00e4t peliin ja nauti 10-20 minuutin j\u00e4nnityksest\u00e4! \ud83c\udfb2\" \/>\n<meta name=\"robots\" content=\"index, follow, max-snippet:-1, max-image-preview:large, max-video-preview:-1\" \/>\n<link rel=\"canonical\" href=\"https:\/\/spelivinkki.fi\/sv\/produkt\/kluster-magneettipeli\/\" \/>\n<meta property=\"og:locale\" content=\"sv_SE\" \/>\n<meta property=\"og:type\" content=\"article\" \/>\n<meta property=\"og:title\" content=\"Kluster magneettipeli\" \/>\n<meta property=\"og:description\" content=\"Kluster on my\u00f6s tunnettu nimell\u00e4 magneettishakki, jossa nopeus ja taito ratkaisevat! Kutsu yst\u00e4v\u00e4t peliin ja nauti 10-20 minuutin j\u00e4nnityksest\u00e4! \ud83c\udfb2\" \/>\n<meta property=\"og:url\" content=\"https:\/\/spelivinkki.fi\/sv\/produkt\/kluster-magneettipeli\/\" \/>\n<meta property=\"og:site_name\" content=\"Spelivinkki\" \/>\n<meta property=\"article:publisher\" content=\"https:\/\/www.facebook.com\/SpelivinkkiOy\/\" \/>\n<meta property=\"article:modified_time\" content=\"2026-01-30T09:59:31+00:00\" \/>\n<meta property=\"og:image\" content=\"https:\/\/mlw9zexfsyfr.i.optimole.com\/w:auto\/h:auto\/q:mauto\/ig:avif\/https:\/\/spelivinkki.fi\/wp-content\/uploads\/2025\/01\/Kluster_Tuotekuva-min.webp\" \/>\n\t<meta property=\"og:image:width\" content=\"812\" \/>\n\t<meta property=\"og:image:height\" content=\"790\" \/>\n\t<meta property=\"og:image:type\" content=\"image\/webp\" \/>\n<meta name=\"twitter:card\" content=\"summary_large_image\" \/>\n<meta name=\"twitter:site\" content=\"@SpelivinkkiOy\" \/>\n<meta name=\"twitter:label1\" content=\"Pris\" \/>\n\t<meta name=\"twitter:data1\" content=\"25,00&nbsp;&euro;\" \/>\n\t<meta name=\"twitter:label2\" content=\"Tillg\u00e4nglig\" \/>\n\t<meta name=\"twitter:data2\" content=\"I lager\" \/>\n<script type=\"application\/ld+json\" class=\"yoast-schema-graph\">{\"@context\":\"https:\\\/\\\/schema.org\",\"@graph\":[{\"@type\":\"WebPage\",\"@id\":\"https:\\\/\\\/spelivinkki.fi\\\/tuote\\\/kluster-magneettipeli\\\/\",\"url\":\"https:\\\/\\\/spelivinkki.fi\\\/tuote\\\/kluster-magneettipeli\\\/\",\"name\":\"Kluster magneettipeli &#8211; Spelivinkki\",\"isPartOf\":{\"@id\":\"https:\\\/\\\/spelivinkki.fi\\\/#website\"},\"primaryImageOfPage\":{\"@id\":\"https:\\\/\\\/spelivinkki.fi\\\/tuote\\\/kluster-magneettipeli\\\/#primaryimage\"},\"image\":{\"@id\":\"https:\\\/\\\/spelivinkki.fi\\\/tuote\\\/kluster-magneettipeli\\\/#primaryimage\"},\"thumbnailUrl\":\"https:\\/\\/spelivinkki.fi\\/wp-content\\/uploads\\/2025\\/01\\/Kluster_Tuotekuva-min.webp\",\"datePublished\":\"2025-01-16T14:08:17+00:00\",\"dateModified\":\"2026-01-30T09:59:31+00:00\",\"description\":\"Kluster on my\u00f6s tunnettu nimell\u00e4 magneettishakki, jossa nopeus ja taito ratkaisevat! Kutsu yst\u00e4v\u00e4t peliin ja nauti 10-20 minuutin j\u00e4nnityksest\u00e4! \ud83c\udfb2\",\"breadcrumb\":{\"@id\":\"https:\\\/\\\/spelivinkki.fi\\\/tuote\\\/kluster-magneettipeli\\\/#breadcrumb\"},\"inLanguage\":\"sv-SE\",\"potentialAction\":[{\"@type\":\"ReadAction\",\"target\":[\"https:\\\/\\\/spelivinkki.fi\\\/tuote\\\/kluster-magneettipeli\\\/\"]}]},{\"@type\":\"ImageObject\",\"inLanguage\":\"sv-SE\",\"@id\":\"https:\\\/\\\/spelivinkki.fi\\\/tuote\\\/kluster-magneettipeli\\\/#primaryimage\",\"url\":\"https:\\/\\/spelivinkki.fi\\/wp-content\\/uploads\\/2025\\/01\\/Kluster_Tuotekuva-min.webp\",\"contentUrl\":\"https:\\/\\/spelivinkki.fi\\/wp-content\\/uploads\\/2025\\/01\\/Kluster_Tuotekuva-min.webp\",\"width\":812,\"height\":790,\"caption\":\"Kluster Tuotekuva min\"},{\"@type\":\"BreadcrumbList\",\"@id\":\"https:\\\/\\\/spelivinkki.fi\\\/tuote\\\/kluster-magneettipeli\\\/#breadcrumb\",\"itemListElement\":[{\"@type\":\"ListItem\",\"position\":1,\"name\":\"Etusivu\",\"item\":\"https:\\\/\\\/spelivinkki.fi\\\/\"},{\"@type\":\"ListItem\",\"position\":2,\"name\":\"Tuotteet\",\"item\":\"https:\\\/\\\/spelivinkki.fi\\\/tuotteet\\\/\"},{\"@type\":\"ListItem\",\"position\":3,\"name\":\"Kluster magneettipeli\"}]},{\"@type\":\"WebSite\",\"@id\":\"https:\\\/\\\/spelivinkki.fi\\\/#website\",\"url\":\"https:\\\/\\\/spelivinkki.fi\\\/\",\"name\":\"Spelivinkki\",\"description\":\"Paraisten Lautapelikauppa\",\"publisher\":{\"@id\":\"https:\\\/\\\/spelivinkki.fi\\\/#organization\"},\"alternateName\":\"Spelivinkki Oy\",\"potentialAction\":[{\"@type\":\"SearchAction\",\"target\":{\"@type\":\"EntryPoint\",\"urlTemplate\":\"https:\\\/\\\/spelivinkki.fi\\\/?s={search_term_string}\"},\"query-input\":{\"@type\":\"PropertyValueSpecification\",\"valueRequired\":true,\"valueName\":\"search_term_string\"}}],\"inLanguage\":\"sv-SE\"},{\"@type\":\"Organization\",\"@id\":\"https:\\\/\\\/spelivinkki.fi\\\/#organization\",\"name\":\"Spelivinkki Oy\",\"alternateName\":\"Spelivinkki\",\"url\":\"https:\\\/\\\/spelivinkki.fi\\\/\",\"logo\":{\"@type\":\"ImageObject\",\"inLanguage\":\"sv-SE\",\"@id\":\"https:\\\/\\\/spelivinkki.fi\\\/#\\\/schema\\\/logo\\\/image\\\/\",\"url\":\"https:\\/\\/spelivinkki.fi\\/wp-content\\/uploads\\/2024\\/02\\/Logo.svg\",\"contentUrl\":\"https:\\/\\/spelivinkki.fi\\/wp-content\\/uploads\\/2024\\/02\\/Logo.svg\",\"width\":2176,\"height\":2323,\"caption\":\"Spelivinkki Oy\"},\"image\":{\"@id\":\"https:\\\/\\\/spelivinkki.fi\\\/#\\\/schema\\\/logo\\\/image\\\/\"},\"sameAs\":[\"https:\\\/\\\/www.facebook.com\\\/SpelivinkkiOy\\\/\",\"https:\\\/\\\/x.com\\\/SpelivinkkiOy\",\"https:\\\/\\\/www.instagram.com\\\/spelivinkkioy\\\/\"],\"description\":\"Spelivinkki Oy is a company operating both a brick-and-mortar store in Finland as well as a webshop online. We sell board games, roleplaying games, miniature wargames, logic puzzles, jigsaw puzzles and other things related to the boardgame hobby.\",\"email\":\"myynti@spelivinkki.fi\",\"telephone\":\"+358406486605\",\"legalName\":\"Spelivinkki Oy\",\"foundingDate\":\"2023-09-17\",\"vatID\":\"FI33904524\",\"numberOfEmployees\":{\"@type\":\"QuantitativeValue\",\"minValue\":\"1\",\"maxValue\":\"10\"},\"hasMerchantReturnPolicy\":{\"@type\":\"MerchantReturnPolicy\",\"merchantReturnLink\":\"https:\\\/\\\/spelivinkki.fi\\\/sv\\\/spelivinkin-vaihto-ja-palautusoikeus\\\/\"}}]}<\/script>\n<meta property=\"product:brand\" content=\"Borderline Editions\" \/>\n<meta property=\"product:price:amount\" content=\"25.00\" \/>\n<meta property=\"product:price:currency\" content=\"EUR\" \/>\n<meta property=\"og:availability\" content=\"instock\" \/>\n<meta property=\"product:availability\" content=\"instock\" \/>\n<meta property=\"product:retailer_item_id\" content=\"SBDK2560\" \/>\n<meta property=\"product:condition\" content=\"new\" \/>\n<!-- \/ Yoast SEO Premium plugin. -->","yoast_head_json":{"title":"Kluster magneettipeli &#8211; Spelivinkki","description":"Kluster on my\u00f6s tunnettu nimell\u00e4 magneettishakki, jossa nopeus ja taito ratkaisevat! Kutsu yst\u00e4v\u00e4t peliin ja nauti 10-20 minuutin j\u00e4nnityksest\u00e4! \ud83c\udfb2","robots":{"index":"index","follow":"follow","max-snippet":"max-snippet:-1","max-image-preview":"max-image-preview:large","max-video-preview":"max-video-preview:-1"},"canonical":"https:\/\/spelivinkki.fi\/sv\/produkt\/kluster-magneettipeli\/","og_locale":"sv_SE","og_type":"article","og_title":"Kluster magneettipeli","og_description":"Kluster on my\u00f6s tunnettu nimell\u00e4 magneettishakki, jossa nopeus ja taito ratkaisevat! Kutsu yst\u00e4v\u00e4t peliin ja nauti 10-20 minuutin j\u00e4nnityksest\u00e4! \ud83c\udfb2","og_url":"https:\/\/spelivinkki.fi\/sv\/produkt\/kluster-magneettipeli\/","og_site_name":"Spelivinkki","article_publisher":"https:\/\/www.facebook.com\/SpelivinkkiOy\/","article_modified_time":"2026-01-30T09:59:31+00:00","og_image":[{"width":812,"height":790,"url":"https:\/\/mlw9zexfsyfr.i.optimole.com\/w:auto\/h:auto\/q:mauto\/ig:avif\/https:\/\/spelivinkki.fi\/wp-content\/uploads\/2025\/01\/Kluster_Tuotekuva-min.webp","type":"image\/webp"}],"twitter_card":"summary_large_image","twitter_site":"@SpelivinkkiOy","twitter_misc":{"Pris":"25,00&nbsp;&euro;","Tillg\u00e4nglig":"I lager"},"schema":{"@context":"https:\/\/schema.org","@graph":[{"@type":"WebPage","@id":"https:\/\/spelivinkki.fi\/tuote\/kluster-magneettipeli\/","url":"https:\/\/spelivinkki.fi\/tuote\/kluster-magneettipeli\/","name":"Kluster magneettipeli &#8211; Spelivinkki","isPartOf":{"@id":"https:\/\/spelivinkki.fi\/#website"},"primaryImageOfPage":{"@id":"https:\/\/spelivinkki.fi\/tuote\/kluster-magneettipeli\/#primaryimage"},"image":{"@id":"https:\/\/spelivinkki.fi\/tuote\/kluster-magneettipeli\/#primaryimage"},"thumbnailUrl":"https:\/\/mlw9zexfsyfr.i.optimole.com\/w:auto\/h:auto\/q:mauto\/ig:avif\/https:\/\/spelivinkki.fi\/wp-content\/uploads\/2025\/01\/Kluster_Tuotekuva-min.webp","datePublished":"2025-01-16T14:08:17+00:00","dateModified":"2026-01-30T09:59:31+00:00","description":"Kluster on my\u00f6s tunnettu nimell\u00e4 magneettishakki, jossa nopeus ja taito ratkaisevat! Kutsu yst\u00e4v\u00e4t peliin ja nauti 10-20 minuutin j\u00e4nnityksest\u00e4! \ud83c\udfb2","breadcrumb":{"@id":"https:\/\/spelivinkki.fi\/tuote\/kluster-magneettipeli\/#breadcrumb"},"inLanguage":"sv-SE","potentialAction":[{"@type":"ReadAction","target":["https:\/\/spelivinkki.fi\/tuote\/kluster-magneettipeli\/"]}]},{"@type":"ImageObject","inLanguage":"sv-SE","@id":"https:\/\/spelivinkki.fi\/tuote\/kluster-magneettipeli\/#primaryimage","url":"https:\/\/mlw9zexfsyfr.i.optimole.com\/w:auto\/h:auto\/q:mauto\/ig:avif\/https:\/\/spelivinkki.fi\/wp-content\/uploads\/2025\/01\/Kluster_Tuotekuva-min.webp","contentUrl":"https:\/\/mlw9zexfsyfr.i.optimole.com\/w:auto\/h:auto\/q:mauto\/ig:avif\/https:\/\/spelivinkki.fi\/wp-content\/uploads\/2025\/01\/Kluster_Tuotekuva-min.webp","width":812,"height":790,"caption":"Kluster Tuotekuva min"},{"@type":"BreadcrumbList","@id":"https:\/\/spelivinkki.fi\/tuote\/kluster-magneettipeli\/#breadcrumb","itemListElement":[{"@type":"ListItem","position":1,"name":"Etusivu","item":"https:\/\/spelivinkki.fi\/"},{"@type":"ListItem","position":2,"name":"Tuotteet","item":"https:\/\/spelivinkki.fi\/tuotteet\/"},{"@type":"ListItem","position":3,"name":"Kluster magneettipeli"}]},{"@type":"WebSite","@id":"https:\/\/spelivinkki.fi\/#website","url":"https:\/\/spelivinkki.fi\/","name":"Spelivinkki","description":"Paraisten Lautapelikauppa","publisher":{"@id":"https:\/\/spelivinkki.fi\/#organization"},"alternateName":"Spelivinkki Oy","potentialAction":[{"@type":"SearchAction","target":{"@type":"EntryPoint","urlTemplate":"https:\/\/spelivinkki.fi\/?s={search_term_string}"},"query-input":{"@type":"PropertyValueSpecification","valueRequired":true,"valueName":"search_term_string"}}],"inLanguage":"sv-SE"},{"@type":"Organization","@id":"https:\/\/spelivinkki.fi\/#organization","name":"Spelivinkki Oy","alternateName":"Spelivinkki","url":"https:\/\/spelivinkki.fi\/","logo":{"@type":"ImageObject","inLanguage":"sv-SE","@id":"https:\/\/spelivinkki.fi\/#\/schema\/logo\/image\/","url":"https:\/\/mlw9zexfsyfr.i.optimole.com\/w:auto\/h:auto\/q:mauto\/ig:avif\/https:\/\/spelivinkki.fi\/wp-content\/uploads\/2024\/02\/Logo.svg","contentUrl":"https:\/\/mlw9zexfsyfr.i.optimole.com\/w:auto\/h:auto\/q:mauto\/ig:avif\/https:\/\/spelivinkki.fi\/wp-content\/uploads\/2024\/02\/Logo.svg","width":2176,"height":2323,"caption":"Spelivinkki Oy"},"image":{"@id":"https:\/\/spelivinkki.fi\/#\/schema\/logo\/image\/"},"sameAs":["https:\/\/www.facebook.com\/SpelivinkkiOy\/","https:\/\/x.com\/SpelivinkkiOy","https:\/\/www.instagram.com\/spelivinkkioy\/"],"description":"Spelivinkki Oy is a company operating both a brick-and-mortar store in Finland as well as a webshop online. We sell board games, roleplaying games, miniature wargames, logic puzzles, jigsaw puzzles and other things related to the boardgame hobby.","email":"myynti@spelivinkki.fi","telephone":"+358406486605","legalName":"Spelivinkki Oy","foundingDate":"2023-09-17","vatID":"FI33904524","numberOfEmployees":{"@type":"QuantitativeValue","minValue":"1","maxValue":"10"},"hasMerchantReturnPolicy":{"@type":"MerchantReturnPolicy","merchantReturnLink":"https:\/\/spelivinkki.fi\/sv\/spelivinkin-vaihto-ja-palautusoikeus\/"}}]},"product_brand":"Borderline Editions","product_price_amount":"25.00","product_price_currency":"EUR","og_availability":"instock","product_availability":"instock","product_retailer_item_id":"SBDK2560","product_condition":"new"},"_links":{"self":[{"href":"https:\/\/spelivinkki.fi\/sv\/wp-json\/wp\/v2\/product\/6957","targetHints":{"allow":["GET"]}}],"collection":[{"href":"https:\/\/spelivinkki.fi\/sv\/wp-json\/wp\/v2\/product"}],"about":[{"href":"https:\/\/spelivinkki.fi\/sv\/wp-json\/wp\/v2\/types\/product"}],"wp:featuredmedia":[{"embeddable":true,"href":"https:\/\/spelivinkki.fi\/sv\/wp-json\/wp\/v2\/media\/6959"}],"wp:attachment":[{"href":"https:\/\/spelivinkki.fi\/sv\/wp-json\/wp\/v2\/media?parent=6957"}],"wp:term":[{"taxonomy":"product_brand","embeddable":true,"href":"https:\/\/spelivinkki.fi\/sv\/wp-json\/wp\/v2\/product_brand?post=6957"},{"taxonomy":"product_cat","embeddable":true,"href":"https:\/\/spelivinkki.fi\/sv\/wp-json\/wp\/v2\/product_cat?post=6957"},{"taxonomy":"product_tag","embeddable":true,"href":"https:\/\/spelivinkki.fi\/sv\/wp-json\/wp\/v2\/product_tag?post=6957"}],"curies":[{"name":"wp","href":"https:\/\/api.w.org\/{rel}","templated":true}]}}