{"id":6981,"date":"2025-01-21T15:53:40","date_gmt":"2025-01-21T15:53:40","guid":{"rendered":"https:\/\/spelivinkki.fi\/?post_type=product&#038;p=6981"},"modified":"2025-02-27T14:10:35","modified_gmt":"2025-02-27T14:10:35","slug":"roll-player-adventures-gulpaxs-secret-lisaosa-en","status":"publish","type":"product","link":"https:\/\/spelivinkki.fi\/sv\/produkt\/roll-player-adventures-gulpaxs-secret-lisaosa-en\/","title":{"rendered":"Roll Player Adventures: Gulpax\u2019s Secret Expansion (EN)"},"content":{"rendered":"<p>T\u00e4m\u00e4 on Roll Player Adventuresin lis\u00e4osa.<\/p>\n<h6><strong>Publisher description in English:<\/strong><\/h6>\n<p><em>Embark on a heroic journey as you join the Heroes Guild, leading you on an epic adventure deep into Ulos&#8217; past! Two thousand years before the events of Roll Player Adventures, Queen Gimnax establishes the nation of Nalos to unify Ulos under a single banner. Others band together, forming the Dragul Alliance to resist the Gnomish queen. Meanwhile, Ulos\u2019 greatest inventor, Gulpax the Crafter, builds a mysterious device of tremendous power deep within the Frozen Expanse. The peace enjoyed across Ulos threatens to come undone.<\/em><\/p>\n<p><em>With war on the horizon, it\u2019s a dangerous time to be a hero. You\u2019ll make allies and enemies, lend your unique skills to unravel the crafter\u2019s mystery, and decide the fate of Ulos. Who will gain the upper hand in the upcoming great war?<\/em><\/p>\n<p><em>Roll Player Adventures: Gulpax\u2019s Secret is a new seven-adventure campaign for the critically-acclaimed, co-operative storybook board game for 1-4 players. Players take on the role of fantasy heroes to face new challenges, explore new environments, meet new characters in the World of Ulos, and make meaningful decisions that change the story.<\/em><\/p>\n<p><em>Gulpax\u2019s Secret requires the Roll Player Adventures base game to play. Embark on a heroic journey with your hero! Pick from one of eighteen pre-generated characters or a host of additional characters &#8211; either from thirty-six pre-generated characters from Adventures or any completed character from Roll Player.<\/em><\/p>","protected":false},"excerpt":{"rendered":"<p><strong>OBS!<\/strong> Detta \u00e4r en expansion som kr\u00e4ver <em>Roll Player Adventures<\/em> basspelet f\u00f6r att spelas!<\/p>\n<ul>\n<li><strong>Spelarm\u00e4ngd:<\/strong> 1-4 (<strong>B\u00e4sta m\u00e4ngden:<\/strong> 1, 3)<\/li>\n<li><strong>Varaktighet:<\/strong> 90 &#8211; 150 min.<\/li>\n<li><strong>\u00c5ldersrekommendation:<\/strong> 14+<\/li>\n<li><strong>Spr\u00e5k:<\/strong> Engelska<\/li>\n<li><strong>Genre:<\/strong> Rollspelsaktig<\/li>\n<li><strong>Tema:<\/strong> Medeltida fantasy<\/li>\n<li><strong>Passande Sleevy Kortskydd (ing\u00e5r ej!):<\/strong> 247 st Sleevy Standard storlek<\/li>\n<li><strong>Utveckling:<\/strong> Keith Matejka, James William Ryan, Peter Andrew Ryan<\/li>\n<li><strong>Utgivare:<\/strong> Thunderworks Games<\/li>\n<\/ul>","protected":false},"featured_media":6979,"template":"","meta":{"site-sidebar-layout":"default","site-content-layout":"","ast-site-content-layout":"default","site-content-style":"default","site-sidebar-style":"default","ast-global-header-display":"","ast-banner-title-visibility":"","ast-main-header-display":"","ast-hfb-above-header-display":"","ast-hfb-below-header-display":"","ast-hfb-mobile-header-display":"","site-post-title":"","ast-breadcrumbs-content":"","ast-featured-img":"","footer-sml-layout":"","ast-disable-related-posts":"","theme-transparent-header-meta":"default","adv-header-id-meta":"","stick-header-meta":"","header-above-stick-meta":"","header-main-stick-meta":"","header-below-stick-meta":"","astra-migrate-meta-layouts":"set","ast-page-background-enabled":"default","ast-page-background-meta":{"desktop":{"background-color":"","background-image":"","background-repeat":"repeat","background-position":"center center","background-size":"auto","background-attachment":"scroll","background-type":"","background-media":"","overlay-type":"","overlay-color":"","overlay-opacity":"","overlay-gradient":""},"tablet":{"background-color":"","background-image":"","background-repeat":"repeat","background-position":"center center","background-size":"auto","background-attachment":"scroll","background-type":"","background-media":"","overlay-type":"","overlay-color":"","overlay-opacity":"","overlay-gradient":""},"mobile":{"background-color":"","background-image":"","background-repeat":"repeat","background-position":"center center","background-size":"auto","background-attachment":"scroll","background-type":"","background-media":"","overlay-type":"","overlay-color":"","overlay-opacity":"","overlay-gradient":""}},"ast-content-background-meta":{"desktop":{"background-color":"var(--ast-global-color-5)","background-image":"","background-repeat":"repeat","background-position":"center center","background-size":"auto","background-attachment":"scroll","background-type":"","background-media":"","overlay-type":"","overlay-color":"","overlay-opacity":"","overlay-gradient":""},"tablet":{"background-color":"var(--ast-global-color-5)","background-image":"","background-repeat":"repeat","background-position":"center center","background-size":"auto","background-attachment":"scroll","background-type":"","background-media":"","overlay-type":"","overlay-color":"","overlay-opacity":"","overlay-gradient":""},"mobile":{"background-color":"var(--ast-global-color-5)","background-image":"","background-repeat":"repeat","background-position":"center center","background-size":"auto","background-attachment":"scroll","background-type":"","background-media":"","overlay-type":"","overlay-color":"","overlay-opacity":"","overlay-gradient":""}}},"product_brand":[1141],"product_cat":[16,321,45,46],"product_tag":[1049,1258,1191,1143,1115,1142],"class_list":{"0":"post-6981","1":"product","2":"type-product","3":"status-publish","4":"has-post-thumbnail","6":"product_brand-thunderworks-games","7":"product_cat-kaikki","8":"product_cat-luolastoroolipelit","9":"product_cat-strategiapelit","10":"product_cat-yhteistyopelit","11":"product_tag-englanninkieliset-pelit","12":"product_tag-james-ryan","13":"product_tag-jatkuvat-pelit","14":"product_tag-keith-matejka","15":"product_tag-lisaosa","16":"product_tag-roll-player-sarja","17":"product_shipping_class-standard2","18":"desktop-align-center","19":"tablet-align-center","20":"mobile-align-center","22":"first","23":"instock","24":"taxable","25":"shipping-taxable","26":"purchasable","27":"product-type-simple"},"yoast_head":"<!-- This site is optimized with the Yoast SEO Premium plugin v27.5 (Yoast SEO v27.5) - https:\/\/yoast.com\/product\/yoast-seo-premium-wordpress\/ -->\n<title>Roll Player Adventures: Gulpax&#039;s Secret Lis\u00e4osa (EN) &#8211; Spelivinkki<\/title>\n<meta name=\"description\" content=\"T\u00e4m\u00e4 lis\u00e4osa vie sinut syv\u00e4lle Uloksen menneisyyteen, kun sota uhkaa puhjeta. Ole sankari ja ratkaise Gulpaxin arvoitus. Ota osaa seikkailuun nyt! \ud83d\udca5\" \/>\n<meta name=\"robots\" content=\"index, follow, max-snippet:-1, max-image-preview:large, max-video-preview:-1\" \/>\n<link rel=\"canonical\" href=\"https:\/\/spelivinkki.fi\/sv\/produkt\/roll-player-adventures-gulpaxs-secret-lisaosa-en\/\" \/>\n<meta property=\"og:locale\" content=\"sv_SE\" \/>\n<meta property=\"og:type\" content=\"article\" \/>\n<meta property=\"og:title\" content=\"Roll Player Adventures: Gulpax&#039;s Secret Lis\u00e4osa (EN)\" \/>\n<meta property=\"og:description\" content=\"T\u00e4m\u00e4 lis\u00e4osa vie sinut syv\u00e4lle Uloksen menneisyyteen, kun sota uhkaa puhjeta. Ole sankari ja ratkaise Gulpaxin arvoitus. Ota osaa seikkailuun nyt! \ud83d\udca5\" \/>\n<meta property=\"og:url\" content=\"https:\/\/spelivinkki.fi\/sv\/produkt\/roll-player-adventures-gulpaxs-secret-lisaosa-en\/\" \/>\n<meta property=\"og:site_name\" content=\"Spelivinkki\" \/>\n<meta property=\"article:publisher\" content=\"https:\/\/www.facebook.com\/SpelivinkkiOy\/\" \/>\n<meta property=\"article:modified_time\" content=\"2025-02-27T14:10:35+00:00\" \/>\n<meta property=\"og:image\" content=\"https:\/\/mlw9zexfsyfr.i.optimole.com\/w:auto\/h:auto\/q:mauto\/ig:avif\/https:\/\/spelivinkki.fi\/wp-content\/uploads\/2025\/01\/RPA_EN_Tuotekuva_Gulpax.webp\" \/>\n\t<meta property=\"og:image:width\" content=\"224\" \/>\n\t<meta property=\"og:image:height\" content=\"300\" \/>\n\t<meta property=\"og:image:type\" content=\"image\/webp\" \/>\n<meta name=\"twitter:card\" content=\"summary_large_image\" \/>\n<meta name=\"twitter:site\" content=\"@SpelivinkkiOy\" \/>\n<meta name=\"twitter:label1\" content=\"Pris\" \/>\n\t<meta name=\"twitter:data1\" content=\"65,00&nbsp;&euro;\" \/>\n\t<meta name=\"twitter:label2\" content=\"Tillg\u00e4nglig\" \/>\n\t<meta name=\"twitter:data2\" content=\"I lager\" \/>\n<script type=\"application\/ld+json\" class=\"yoast-schema-graph\">{\"@context\":\"https:\\\/\\\/schema.org\",\"@graph\":[{\"@type\":\"WebPage\",\"@id\":\"https:\\\/\\\/spelivinkki.fi\\\/tuote\\\/roll-player-adventures-gulpaxs-secret-lisaosa-en\\\/\",\"url\":\"https:\\\/\\\/spelivinkki.fi\\\/tuote\\\/roll-player-adventures-gulpaxs-secret-lisaosa-en\\\/\",\"name\":\"Roll Player Adventures: Gulpax's Secret Lis\u00e4osa (EN) &#8211; Spelivinkki\",\"isPartOf\":{\"@id\":\"https:\\\/\\\/spelivinkki.fi\\\/#website\"},\"primaryImageOfPage\":{\"@id\":\"https:\\\/\\\/spelivinkki.fi\\\/tuote\\\/roll-player-adventures-gulpaxs-secret-lisaosa-en\\\/#primaryimage\"},\"image\":{\"@id\":\"https:\\\/\\\/spelivinkki.fi\\\/tuote\\\/roll-player-adventures-gulpaxs-secret-lisaosa-en\\\/#primaryimage\"},\"thumbnailUrl\":\"https:\\/\\/spelivinkki.fi\\/wp-content\\/uploads\\/2025\\/01\\/RPA_EN_Tuotekuva_Gulpax.webp\",\"datePublished\":\"2025-01-21T15:53:40+00:00\",\"dateModified\":\"2025-02-27T14:10:35+00:00\",\"description\":\"T\u00e4m\u00e4 lis\u00e4osa vie sinut syv\u00e4lle Uloksen menneisyyteen, kun sota uhkaa puhjeta. Ole sankari ja ratkaise Gulpaxin arvoitus. Ota osaa seikkailuun nyt! \ud83d\udca5\",\"breadcrumb\":{\"@id\":\"https:\\\/\\\/spelivinkki.fi\\\/tuote\\\/roll-player-adventures-gulpaxs-secret-lisaosa-en\\\/#breadcrumb\"},\"inLanguage\":\"sv-SE\",\"potentialAction\":[{\"@type\":\"ReadAction\",\"target\":[\"https:\\\/\\\/spelivinkki.fi\\\/tuote\\\/roll-player-adventures-gulpaxs-secret-lisaosa-en\\\/\"]}]},{\"@type\":\"ImageObject\",\"inLanguage\":\"sv-SE\",\"@id\":\"https:\\\/\\\/spelivinkki.fi\\\/tuote\\\/roll-player-adventures-gulpaxs-secret-lisaosa-en\\\/#primaryimage\",\"url\":\"https:\\/\\/spelivinkki.fi\\/wp-content\\/uploads\\/2025\\/01\\/RPA_EN_Tuotekuva_Gulpax.webp\",\"contentUrl\":\"https:\\/\\/spelivinkki.fi\\/wp-content\\/uploads\\/2025\\/01\\/RPA_EN_Tuotekuva_Gulpax.webp\",\"width\":224,\"height\":300,\"caption\":\"RPA EN Tuotekuva Gulpax\"},{\"@type\":\"BreadcrumbList\",\"@id\":\"https:\\\/\\\/spelivinkki.fi\\\/tuote\\\/roll-player-adventures-gulpaxs-secret-lisaosa-en\\\/#breadcrumb\",\"itemListElement\":[{\"@type\":\"ListItem\",\"position\":1,\"name\":\"Etusivu\",\"item\":\"https:\\\/\\\/spelivinkki.fi\\\/\"},{\"@type\":\"ListItem\",\"position\":2,\"name\":\"Tuotteet\",\"item\":\"https:\\\/\\\/spelivinkki.fi\\\/tuotteet\\\/\"},{\"@type\":\"ListItem\",\"position\":3,\"name\":\"Roll Player Adventures: Gulpax&#8217;s Secret Lis\u00e4osa (EN)\"}]},{\"@type\":\"WebSite\",\"@id\":\"https:\\\/\\\/spelivinkki.fi\\\/#website\",\"url\":\"https:\\\/\\\/spelivinkki.fi\\\/\",\"name\":\"Spelivinkki\",\"description\":\"Paraisten Lautapelikauppa\",\"publisher\":{\"@id\":\"https:\\\/\\\/spelivinkki.fi\\\/#organization\"},\"alternateName\":\"Spelivinkki Oy\",\"potentialAction\":[{\"@type\":\"SearchAction\",\"target\":{\"@type\":\"EntryPoint\",\"urlTemplate\":\"https:\\\/\\\/spelivinkki.fi\\\/?s={search_term_string}\"},\"query-input\":{\"@type\":\"PropertyValueSpecification\",\"valueRequired\":true,\"valueName\":\"search_term_string\"}}],\"inLanguage\":\"sv-SE\"},{\"@type\":\"Organization\",\"@id\":\"https:\\\/\\\/spelivinkki.fi\\\/#organization\",\"name\":\"Spelivinkki Oy\",\"alternateName\":\"Spelivinkki\",\"url\":\"https:\\\/\\\/spelivinkki.fi\\\/\",\"logo\":{\"@type\":\"ImageObject\",\"inLanguage\":\"sv-SE\",\"@id\":\"https:\\\/\\\/spelivinkki.fi\\\/#\\\/schema\\\/logo\\\/image\\\/\",\"url\":\"https:\\/\\/spelivinkki.fi\\/wp-content\\/uploads\\/2024\\/02\\/Logo.svg\",\"contentUrl\":\"https:\\/\\/spelivinkki.fi\\/wp-content\\/uploads\\/2024\\/02\\/Logo.svg\",\"width\":2176,\"height\":2323,\"caption\":\"Spelivinkki Oy\"},\"image\":{\"@id\":\"https:\\\/\\\/spelivinkki.fi\\\/#\\\/schema\\\/logo\\\/image\\\/\"},\"sameAs\":[\"https:\\\/\\\/www.facebook.com\\\/SpelivinkkiOy\\\/\",\"https:\\\/\\\/x.com\\\/SpelivinkkiOy\",\"https:\\\/\\\/www.instagram.com\\\/spelivinkkioy\\\/\"],\"description\":\"Spelivinkki Oy is a company operating both a brick-and-mortar store in Finland as well as a webshop online. We sell board games, roleplaying games, miniature wargames, logic puzzles, jigsaw puzzles and other things related to the boardgame hobby.\",\"email\":\"myynti@spelivinkki.fi\",\"telephone\":\"+358406486605\",\"legalName\":\"Spelivinkki Oy\",\"foundingDate\":\"2023-09-17\",\"vatID\":\"FI33904524\",\"numberOfEmployees\":{\"@type\":\"QuantitativeValue\",\"minValue\":\"1\",\"maxValue\":\"10\"},\"hasMerchantReturnPolicy\":{\"@type\":\"MerchantReturnPolicy\",\"merchantReturnLink\":\"https:\\\/\\\/spelivinkki.fi\\\/sv\\\/spelivinkin-vaihto-ja-palautusoikeus\\\/\"}}]}<\/script>\n<meta property=\"product:brand\" content=\"Thunderworks Games\" \/>\n<meta property=\"product:price:amount\" content=\"65.00\" \/>\n<meta property=\"product:price:currency\" content=\"EUR\" \/>\n<meta property=\"og:availability\" content=\"instock\" \/>\n<meta property=\"product:availability\" content=\"instock\" \/>\n<meta property=\"product:retailer_item_id\" content=\"RPA_EN_Gulpax\" \/>\n<meta property=\"product:condition\" content=\"new\" \/>\n<!-- \/ Yoast SEO Premium plugin. -->","yoast_head_json":{"title":"Roll Player Adventures: Gulpax's Secret Lis\u00e4osa (EN) &#8211; Spelivinkki","description":"T\u00e4m\u00e4 lis\u00e4osa vie sinut syv\u00e4lle Uloksen menneisyyteen, kun sota uhkaa puhjeta. Ole sankari ja ratkaise Gulpaxin arvoitus. Ota osaa seikkailuun nyt! \ud83d\udca5","robots":{"index":"index","follow":"follow","max-snippet":"max-snippet:-1","max-image-preview":"max-image-preview:large","max-video-preview":"max-video-preview:-1"},"canonical":"https:\/\/spelivinkki.fi\/sv\/produkt\/roll-player-adventures-gulpaxs-secret-lisaosa-en\/","og_locale":"sv_SE","og_type":"article","og_title":"Roll Player Adventures: Gulpax's Secret Lis\u00e4osa (EN)","og_description":"T\u00e4m\u00e4 lis\u00e4osa vie sinut syv\u00e4lle Uloksen menneisyyteen, kun sota uhkaa puhjeta. Ole sankari ja ratkaise Gulpaxin arvoitus. Ota osaa seikkailuun nyt! \ud83d\udca5","og_url":"https:\/\/spelivinkki.fi\/sv\/produkt\/roll-player-adventures-gulpaxs-secret-lisaosa-en\/","og_site_name":"Spelivinkki","article_publisher":"https:\/\/www.facebook.com\/SpelivinkkiOy\/","article_modified_time":"2025-02-27T14:10:35+00:00","og_image":[{"width":224,"height":300,"url":"https:\/\/mlw9zexfsyfr.i.optimole.com\/w:auto\/h:auto\/q:mauto\/ig:avif\/https:\/\/spelivinkki.fi\/wp-content\/uploads\/2025\/01\/RPA_EN_Tuotekuva_Gulpax.webp","type":"image\/webp"}],"twitter_card":"summary_large_image","twitter_site":"@SpelivinkkiOy","twitter_misc":{"Pris":"65,00&nbsp;&euro;","Tillg\u00e4nglig":"I lager"},"schema":{"@context":"https:\/\/schema.org","@graph":[{"@type":"WebPage","@id":"https:\/\/spelivinkki.fi\/tuote\/roll-player-adventures-gulpaxs-secret-lisaosa-en\/","url":"https:\/\/spelivinkki.fi\/tuote\/roll-player-adventures-gulpaxs-secret-lisaosa-en\/","name":"Roll Player Adventures: Gulpax's Secret Lis\u00e4osa (EN) &#8211; Spelivinkki","isPartOf":{"@id":"https:\/\/spelivinkki.fi\/#website"},"primaryImageOfPage":{"@id":"https:\/\/spelivinkki.fi\/tuote\/roll-player-adventures-gulpaxs-secret-lisaosa-en\/#primaryimage"},"image":{"@id":"https:\/\/spelivinkki.fi\/tuote\/roll-player-adventures-gulpaxs-secret-lisaosa-en\/#primaryimage"},"thumbnailUrl":"https:\/\/mlw9zexfsyfr.i.optimole.com\/w:auto\/h:auto\/q:mauto\/ig:avif\/https:\/\/spelivinkki.fi\/wp-content\/uploads\/2025\/01\/RPA_EN_Tuotekuva_Gulpax.webp","datePublished":"2025-01-21T15:53:40+00:00","dateModified":"2025-02-27T14:10:35+00:00","description":"T\u00e4m\u00e4 lis\u00e4osa vie sinut syv\u00e4lle Uloksen menneisyyteen, kun sota uhkaa puhjeta. Ole sankari ja ratkaise Gulpaxin arvoitus. Ota osaa seikkailuun nyt! \ud83d\udca5","breadcrumb":{"@id":"https:\/\/spelivinkki.fi\/tuote\/roll-player-adventures-gulpaxs-secret-lisaosa-en\/#breadcrumb"},"inLanguage":"sv-SE","potentialAction":[{"@type":"ReadAction","target":["https:\/\/spelivinkki.fi\/tuote\/roll-player-adventures-gulpaxs-secret-lisaosa-en\/"]}]},{"@type":"ImageObject","inLanguage":"sv-SE","@id":"https:\/\/spelivinkki.fi\/tuote\/roll-player-adventures-gulpaxs-secret-lisaosa-en\/#primaryimage","url":"https:\/\/mlw9zexfsyfr.i.optimole.com\/w:auto\/h:auto\/q:mauto\/ig:avif\/https:\/\/spelivinkki.fi\/wp-content\/uploads\/2025\/01\/RPA_EN_Tuotekuva_Gulpax.webp","contentUrl":"https:\/\/mlw9zexfsyfr.i.optimole.com\/w:auto\/h:auto\/q:mauto\/ig:avif\/https:\/\/spelivinkki.fi\/wp-content\/uploads\/2025\/01\/RPA_EN_Tuotekuva_Gulpax.webp","width":224,"height":300,"caption":"RPA EN Tuotekuva Gulpax"},{"@type":"BreadcrumbList","@id":"https:\/\/spelivinkki.fi\/tuote\/roll-player-adventures-gulpaxs-secret-lisaosa-en\/#breadcrumb","itemListElement":[{"@type":"ListItem","position":1,"name":"Etusivu","item":"https:\/\/spelivinkki.fi\/"},{"@type":"ListItem","position":2,"name":"Tuotteet","item":"https:\/\/spelivinkki.fi\/tuotteet\/"},{"@type":"ListItem","position":3,"name":"Roll Player Adventures: Gulpax&#8217;s Secret Lis\u00e4osa (EN)"}]},{"@type":"WebSite","@id":"https:\/\/spelivinkki.fi\/#website","url":"https:\/\/spelivinkki.fi\/","name":"Spelivinkki","description":"Paraisten Lautapelikauppa","publisher":{"@id":"https:\/\/spelivinkki.fi\/#organization"},"alternateName":"Spelivinkki Oy","potentialAction":[{"@type":"SearchAction","target":{"@type":"EntryPoint","urlTemplate":"https:\/\/spelivinkki.fi\/?s={search_term_string}"},"query-input":{"@type":"PropertyValueSpecification","valueRequired":true,"valueName":"search_term_string"}}],"inLanguage":"sv-SE"},{"@type":"Organization","@id":"https:\/\/spelivinkki.fi\/#organization","name":"Spelivinkki Oy","alternateName":"Spelivinkki","url":"https:\/\/spelivinkki.fi\/","logo":{"@type":"ImageObject","inLanguage":"sv-SE","@id":"https:\/\/spelivinkki.fi\/#\/schema\/logo\/image\/","url":"https:\/\/mlw9zexfsyfr.i.optimole.com\/w:auto\/h:auto\/q:mauto\/ig:avif\/https:\/\/spelivinkki.fi\/wp-content\/uploads\/2024\/02\/Logo.svg","contentUrl":"https:\/\/mlw9zexfsyfr.i.optimole.com\/w:auto\/h:auto\/q:mauto\/ig:avif\/https:\/\/spelivinkki.fi\/wp-content\/uploads\/2024\/02\/Logo.svg","width":2176,"height":2323,"caption":"Spelivinkki Oy"},"image":{"@id":"https:\/\/spelivinkki.fi\/#\/schema\/logo\/image\/"},"sameAs":["https:\/\/www.facebook.com\/SpelivinkkiOy\/","https:\/\/x.com\/SpelivinkkiOy","https:\/\/www.instagram.com\/spelivinkkioy\/"],"description":"Spelivinkki Oy is a company operating both a brick-and-mortar store in Finland as well as a webshop online. We sell board games, roleplaying games, miniature wargames, logic puzzles, jigsaw puzzles and other things related to the boardgame hobby.","email":"myynti@spelivinkki.fi","telephone":"+358406486605","legalName":"Spelivinkki Oy","foundingDate":"2023-09-17","vatID":"FI33904524","numberOfEmployees":{"@type":"QuantitativeValue","minValue":"1","maxValue":"10"},"hasMerchantReturnPolicy":{"@type":"MerchantReturnPolicy","merchantReturnLink":"https:\/\/spelivinkki.fi\/sv\/spelivinkin-vaihto-ja-palautusoikeus\/"}}]},"product_brand":"Thunderworks Games","product_price_amount":"65.00","product_price_currency":"EUR","og_availability":"instock","product_availability":"instock","product_retailer_item_id":"RPA_EN_Gulpax","product_condition":"new"},"_links":{"self":[{"href":"https:\/\/spelivinkki.fi\/sv\/wp-json\/wp\/v2\/product\/6981","targetHints":{"allow":["GET"]}}],"collection":[{"href":"https:\/\/spelivinkki.fi\/sv\/wp-json\/wp\/v2\/product"}],"about":[{"href":"https:\/\/spelivinkki.fi\/sv\/wp-json\/wp\/v2\/types\/product"}],"wp:featuredmedia":[{"embeddable":true,"href":"https:\/\/spelivinkki.fi\/sv\/wp-json\/wp\/v2\/media\/6979"}],"wp:attachment":[{"href":"https:\/\/spelivinkki.fi\/sv\/wp-json\/wp\/v2\/media?parent=6981"}],"wp:term":[{"taxonomy":"product_brand","embeddable":true,"href":"https:\/\/spelivinkki.fi\/sv\/wp-json\/wp\/v2\/product_brand?post=6981"},{"taxonomy":"product_cat","embeddable":true,"href":"https:\/\/spelivinkki.fi\/sv\/wp-json\/wp\/v2\/product_cat?post=6981"},{"taxonomy":"product_tag","embeddable":true,"href":"https:\/\/spelivinkki.fi\/sv\/wp-json\/wp\/v2\/product_tag?post=6981"}],"curies":[{"name":"wp","href":"https:\/\/api.w.org\/{rel}","templated":true}]}}