{"id":7074,"date":"2025-02-10T15:15:20","date_gmt":"2025-02-10T15:15:20","guid":{"rendered":"https:\/\/spelivinkki.fi\/?post_type=product&#038;p=7074"},"modified":"2025-06-05T07:51:27","modified_gmt":"2025-06-05T07:51:27","slug":"warhammer-40k-maali-ja-tyokalupakkaus","status":"publish","type":"product","link":"https:\/\/spelivinkki.fi\/sv\/produkt\/warhammer-40k-maali-ja-tyokalupakkaus\/","title":{"rendered":"Warhammer 40k: F\u00e4rg- och Verktygsset"},"content":{"rendered":"<h6><strong>Publisher description in English: <\/strong><\/h6>\n<p><em>Building and painting Citadel miniatures is a fun and exciting way to engage with the Warhammer hobby, and it only gets more rewarding with time. You\u2019ll need a few tools and a set of paints to get started, and this box includes the basics that will form the core of your Warhammer hobby toolbox.<\/em><\/p>\n<p><em>Get started with comfortable clippers to remove your models from the frame, a mouldline scraper to help prepare them for paint, and a starter brush that\u2019s just the right size to get the basics painted.<\/em><\/p>\n<p><em>You\u2019ll find 13 different Citadel Colour paints in 12ml pots, featuring the essential colours needed to paint your first models \u2013 they&#8217;re particularly suited to Space Marines of the Ultramarines Chapter and Tyranids of Hive Fleet Leviathan. The set includes Contrast and Shade paints to add extra depth to your paint schemes, and Technical paints to create textured bases.<\/em><\/p>\n<ul>\n<li>Abaddon Black (Base)<\/li>\n<li>Corax White (Base)<\/li>\n<li>Wraithbone (Base)<\/li>\n<li>Naggaroth Night (Base)<\/li>\n<li>Macragge Blue (Base)<\/li>\n<li>Leadbelcher (Base)<\/li>\n<li>Balthasar Gold (Base)<\/li>\n<li>Bugman&#8217;s Glow (Base)<\/li>\n<li>Mephiston Red (Base)<\/li>\n<li>Thunderhawk Blue (Layer)<\/li>\n<li>Magos Purple (Contrast)<\/li>\n<li>Agrax Earthshade (Shade)<\/li>\n<li>Armageddon Dust (Technical)<\/li>\n<\/ul>\n<p>This box also includes the following tools:<\/p>\n<ul>\n<li>Citadel Starter Brush<\/li>\n<li>Citadel Starter Clippers<\/li>\n<li>Citadel Mouldline Scraper<\/li>\n<\/ul>","protected":false},"excerpt":{"rendered":"<ul>\n<li><strong>\u00c5ldersrekommendation:<\/strong> 12+<\/li>\n<li><strong>Arm\u00e9:<\/strong> Space Marines \/ Tyranids<\/li>\n<li><strong>Spr\u00e5k:<\/strong> Engelska<\/li>\n<li><strong>Utgivare:<\/strong> Games Workshop<\/li>\n<\/ul>","protected":false},"featured_media":7075,"template":"","meta":{"site-sidebar-layout":"default","site-content-layout":"","ast-site-content-layout":"default","site-content-style":"default","site-sidebar-style":"default","ast-global-header-display":"","ast-banner-title-visibility":"","ast-main-header-display":"","ast-hfb-above-header-display":"","ast-hfb-below-header-display":"","ast-hfb-mobile-header-display":"","site-post-title":"","ast-breadcrumbs-content":"","ast-featured-img":"","footer-sml-layout":"","ast-disable-related-posts":"","theme-transparent-header-meta":"default","adv-header-id-meta":"","stick-header-meta":"","header-above-stick-meta":"","header-main-stick-meta":"","header-below-stick-meta":"","astra-migrate-meta-layouts":"set","ast-page-background-enabled":"default","ast-page-background-meta":{"desktop":{"background-color":"","background-image":"","background-repeat":"repeat","background-position":"center center","background-size":"auto","background-attachment":"scroll","background-type":"","background-media":"","overlay-type":"","overlay-color":"","overlay-opacity":"","overlay-gradient":""},"tablet":{"background-color":"","background-image":"","background-repeat":"repeat","background-position":"center center","background-size":"auto","background-attachment":"scroll","background-type":"","background-media":"","overlay-type":"","overlay-color":"","overlay-opacity":"","overlay-gradient":""},"mobile":{"background-color":"","background-image":"","background-repeat":"repeat","background-position":"center center","background-size":"auto","background-attachment":"scroll","background-type":"","background-media":"","overlay-type":"","overlay-color":"","overlay-opacity":"","overlay-gradient":""}},"ast-content-background-meta":{"desktop":{"background-color":"var(--ast-global-color-5)","background-image":"","background-repeat":"repeat","background-position":"center center","background-size":"auto","background-attachment":"scroll","background-type":"","background-media":"","overlay-type":"","overlay-color":"","overlay-opacity":"","overlay-gradient":""},"tablet":{"background-color":"var(--ast-global-color-5)","background-image":"","background-repeat":"repeat","background-position":"center center","background-size":"auto","background-attachment":"scroll","background-type":"","background-media":"","overlay-type":"","overlay-color":"","overlay-opacity":"","overlay-gradient":""},"mobile":{"background-color":"var(--ast-global-color-5)","background-image":"","background-repeat":"repeat","background-position":"center center","background-size":"auto","background-attachment":"scroll","background-type":"","background-media":"","overlay-type":"","overlay-color":"","overlay-opacity":"","overlay-gradient":""}}},"product_brand":[1260],"product_cat":[837,832,839,838,836],"product_tag":[1266,1267,1270,1268,1269],"class_list":{"0":"post-7074","1":"product","2":"type-product","3":"status-publish","4":"has-post-thumbnail","6":"product_brand-citadel","7":"product_cat-maalit","8":"product_cat-miniatyyripelit","9":"product_cat-miniatyyrityokalut","10":"product_cat-pensselit","11":"product_cat-tarvikkeet","12":"product_tag-base-maalit","13":"product_tag-layer-maalit","14":"product_tag-metallic-maalit","15":"product_tag-shade-maalit","16":"product_tag-technical-maalit","17":"product_shipping_class-standard2","18":"desktop-align-center","19":"tablet-align-center","20":"mobile-align-center","22":"first","23":"instock","24":"taxable","25":"shipping-taxable","26":"purchasable","27":"product-type-simple"},"yoast_head":"<!-- This site is optimized with the Yoast SEO Premium plugin v27.5 (Yoast SEO v27.5) - https:\/\/yoast.com\/product\/yoast-seo-premium-wordpress\/ -->\n<title>Warhammer 40k: Maali- ja Ty\u00f6kalupakkaus &#8211; Spelivinkki<\/title>\n<meta name=\"description\" content=\"Laadukkaat Citadel maalit ja ty\u00f6kalut Warhammer 40k pelaamiseen! Mukana 13 v\u00e4ri\u00e4, jotka sopivat hyvin Space Marines ja Tyranid armejoihin. Tilaa omasi nyt!\" \/>\n<meta name=\"robots\" content=\"index, follow, max-snippet:-1, max-image-preview:large, max-video-preview:-1\" \/>\n<link rel=\"canonical\" href=\"https:\/\/spelivinkki.fi\/sv\/produkt\/warhammer-40k-maali-ja-tyokalupakkaus\/\" \/>\n<meta property=\"og:locale\" content=\"sv_SE\" \/>\n<meta property=\"og:type\" content=\"article\" \/>\n<meta property=\"og:title\" content=\"Warhammer 40k: Maali- ja Ty\u00f6kalupakkaus\" \/>\n<meta property=\"og:description\" content=\"Laadukkaat Citadel maalit ja ty\u00f6kalut Warhammer 40k pelaamiseen! Mukana 13 v\u00e4ri\u00e4, jotka sopivat hyvin Space Marines ja Tyranid armejoihin. Tilaa omasi nyt!\" \/>\n<meta property=\"og:url\" content=\"https:\/\/spelivinkki.fi\/sv\/produkt\/warhammer-40k-maali-ja-tyokalupakkaus\/\" \/>\n<meta property=\"og:site_name\" content=\"Spelivinkki\" \/>\n<meta property=\"article:publisher\" content=\"https:\/\/www.facebook.com\/SpelivinkkiOy\/\" \/>\n<meta property=\"article:modified_time\" content=\"2025-06-05T07:51:27+00:00\" \/>\n<meta property=\"og:image\" content=\"https:\/\/mlw9zexfsyfr.i.optimole.com\/w:auto\/h:auto\/q:mauto\/ig:avif\/https:\/\/spelivinkki.fi\/wp-content\/uploads\/2025\/02\/BSF-60-12-52170199001-Warhammer-40000-Paint-and-Tools-Set-min.webp\" \/>\n\t<meta property=\"og:image:width\" content=\"1840\" \/>\n\t<meta property=\"og:image:height\" content=\"1900\" \/>\n\t<meta property=\"og:image:type\" content=\"image\/webp\" \/>\n<meta name=\"twitter:card\" content=\"summary_large_image\" \/>\n<meta name=\"twitter:site\" content=\"@SpelivinkkiOy\" \/>\n<meta name=\"twitter:label1\" content=\"Pris\" \/>\n\t<meta name=\"twitter:data1\" content=\"33,00&nbsp;&euro;\" \/>\n\t<meta name=\"twitter:label2\" content=\"Tillg\u00e4nglig\" \/>\n\t<meta name=\"twitter:data2\" content=\"I lager\" \/>\n<script type=\"application\/ld+json\" class=\"yoast-schema-graph\">{\"@context\":\"https:\\\/\\\/schema.org\",\"@graph\":[{\"@type\":\"WebPage\",\"@id\":\"https:\\\/\\\/spelivinkki.fi\\\/tuote\\\/warhammer-40k-maali-ja-tyokalupakkaus\\\/\",\"url\":\"https:\\\/\\\/spelivinkki.fi\\\/tuote\\\/warhammer-40k-maali-ja-tyokalupakkaus\\\/\",\"name\":\"Warhammer 40k: Maali- ja Ty\u00f6kalupakkaus &#8211; Spelivinkki\",\"isPartOf\":{\"@id\":\"https:\\\/\\\/spelivinkki.fi\\\/#website\"},\"primaryImageOfPage\":{\"@id\":\"https:\\\/\\\/spelivinkki.fi\\\/tuote\\\/warhammer-40k-maali-ja-tyokalupakkaus\\\/#primaryimage\"},\"image\":{\"@id\":\"https:\\\/\\\/spelivinkki.fi\\\/tuote\\\/warhammer-40k-maali-ja-tyokalupakkaus\\\/#primaryimage\"},\"thumbnailUrl\":\"https:\\/\\/spelivinkki.fi\\/wp-content\\/uploads\\/2025\\/02\\/BSF-60-12-52170199001-Warhammer-40000-Paint-and-Tools-Set-min.webp\",\"datePublished\":\"2025-02-10T15:15:20+00:00\",\"dateModified\":\"2025-06-05T07:51:27+00:00\",\"description\":\"Laadukkaat Citadel maalit ja ty\u00f6kalut Warhammer 40k pelaamiseen! Mukana 13 v\u00e4ri\u00e4, jotka sopivat hyvin Space Marines ja Tyranid armejoihin. Tilaa omasi nyt!\",\"breadcrumb\":{\"@id\":\"https:\\\/\\\/spelivinkki.fi\\\/tuote\\\/warhammer-40k-maali-ja-tyokalupakkaus\\\/#breadcrumb\"},\"inLanguage\":\"sv-SE\",\"potentialAction\":[{\"@type\":\"ReadAction\",\"target\":[\"https:\\\/\\\/spelivinkki.fi\\\/tuote\\\/warhammer-40k-maali-ja-tyokalupakkaus\\\/\"]}]},{\"@type\":\"ImageObject\",\"inLanguage\":\"sv-SE\",\"@id\":\"https:\\\/\\\/spelivinkki.fi\\\/tuote\\\/warhammer-40k-maali-ja-tyokalupakkaus\\\/#primaryimage\",\"url\":\"https:\\/\\/spelivinkki.fi\\/wp-content\\/uploads\\/2025\\/02\\/BSF-60-12-52170199001-Warhammer-40000-Paint-and-Tools-Set-min.webp\",\"contentUrl\":\"https:\\/\\/spelivinkki.fi\\/wp-content\\/uploads\\/2025\\/02\\/BSF-60-12-52170199001-Warhammer-40000-Paint-and-Tools-Set-min.webp\",\"width\":1840,\"height\":1900,\"caption\":\"BSF 60 12 52170199001 Warhammer 40000 Paint and Tools Set min\"},{\"@type\":\"BreadcrumbList\",\"@id\":\"https:\\\/\\\/spelivinkki.fi\\\/tuote\\\/warhammer-40k-maali-ja-tyokalupakkaus\\\/#breadcrumb\",\"itemListElement\":[{\"@type\":\"ListItem\",\"position\":1,\"name\":\"Etusivu\",\"item\":\"https:\\\/\\\/spelivinkki.fi\\\/\"},{\"@type\":\"ListItem\",\"position\":2,\"name\":\"Tuotteet\",\"item\":\"https:\\\/\\\/spelivinkki.fi\\\/tuotteet\\\/\"},{\"@type\":\"ListItem\",\"position\":3,\"name\":\"Warhammer 40k: Maali- ja Ty\u00f6kalupakkaus\"}]},{\"@type\":\"WebSite\",\"@id\":\"https:\\\/\\\/spelivinkki.fi\\\/#website\",\"url\":\"https:\\\/\\\/spelivinkki.fi\\\/\",\"name\":\"Spelivinkki\",\"description\":\"Paraisten Lautapelikauppa\",\"publisher\":{\"@id\":\"https:\\\/\\\/spelivinkki.fi\\\/#organization\"},\"alternateName\":\"Spelivinkki Oy\",\"potentialAction\":[{\"@type\":\"SearchAction\",\"target\":{\"@type\":\"EntryPoint\",\"urlTemplate\":\"https:\\\/\\\/spelivinkki.fi\\\/?s={search_term_string}\"},\"query-input\":{\"@type\":\"PropertyValueSpecification\",\"valueRequired\":true,\"valueName\":\"search_term_string\"}}],\"inLanguage\":\"sv-SE\"},{\"@type\":\"Organization\",\"@id\":\"https:\\\/\\\/spelivinkki.fi\\\/#organization\",\"name\":\"Spelivinkki Oy\",\"alternateName\":\"Spelivinkki\",\"url\":\"https:\\\/\\\/spelivinkki.fi\\\/\",\"logo\":{\"@type\":\"ImageObject\",\"inLanguage\":\"sv-SE\",\"@id\":\"https:\\\/\\\/spelivinkki.fi\\\/#\\\/schema\\\/logo\\\/image\\\/\",\"url\":\"https:\\/\\/spelivinkki.fi\\/wp-content\\/uploads\\/2024\\/02\\/Logo.svg\",\"contentUrl\":\"https:\\/\\/spelivinkki.fi\\/wp-content\\/uploads\\/2024\\/02\\/Logo.svg\",\"width\":2176,\"height\":2323,\"caption\":\"Spelivinkki Oy\"},\"image\":{\"@id\":\"https:\\\/\\\/spelivinkki.fi\\\/#\\\/schema\\\/logo\\\/image\\\/\"},\"sameAs\":[\"https:\\\/\\\/www.facebook.com\\\/SpelivinkkiOy\\\/\",\"https:\\\/\\\/x.com\\\/SpelivinkkiOy\",\"https:\\\/\\\/www.instagram.com\\\/spelivinkkioy\\\/\"],\"description\":\"Spelivinkki Oy is a company operating both a brick-and-mortar store in Finland as well as a webshop online. We sell board games, roleplaying games, miniature wargames, logic puzzles, jigsaw puzzles and other things related to the boardgame hobby.\",\"email\":\"myynti@spelivinkki.fi\",\"telephone\":\"+358406486605\",\"legalName\":\"Spelivinkki Oy\",\"foundingDate\":\"2023-09-17\",\"vatID\":\"FI33904524\",\"numberOfEmployees\":{\"@type\":\"QuantitativeValue\",\"minValue\":\"1\",\"maxValue\":\"10\"},\"hasMerchantReturnPolicy\":{\"@type\":\"MerchantReturnPolicy\",\"merchantReturnLink\":\"https:\\\/\\\/spelivinkki.fi\\\/sv\\\/spelivinkin-vaihto-ja-palautusoikeus\\\/\"}}]}<\/script>\n<meta property=\"product:brand\" content=\"Citadel\" \/>\n<meta property=\"product:price:amount\" content=\"33.00\" \/>\n<meta property=\"product:price:currency\" content=\"EUR\" \/>\n<meta property=\"og:availability\" content=\"instock\" \/>\n<meta property=\"product:availability\" content=\"instock\" \/>\n<meta property=\"product:retailer_item_id\" content=\"WH40k_Paints_Tools\" \/>\n<meta property=\"product:condition\" content=\"new\" \/>\n<!-- \/ Yoast SEO Premium plugin. -->","yoast_head_json":{"title":"Warhammer 40k: Maali- ja Ty\u00f6kalupakkaus &#8211; Spelivinkki","description":"Laadukkaat Citadel maalit ja ty\u00f6kalut Warhammer 40k pelaamiseen! Mukana 13 v\u00e4ri\u00e4, jotka sopivat hyvin Space Marines ja Tyranid armejoihin. Tilaa omasi nyt!","robots":{"index":"index","follow":"follow","max-snippet":"max-snippet:-1","max-image-preview":"max-image-preview:large","max-video-preview":"max-video-preview:-1"},"canonical":"https:\/\/spelivinkki.fi\/sv\/produkt\/warhammer-40k-maali-ja-tyokalupakkaus\/","og_locale":"sv_SE","og_type":"article","og_title":"Warhammer 40k: Maali- ja Ty\u00f6kalupakkaus","og_description":"Laadukkaat Citadel maalit ja ty\u00f6kalut Warhammer 40k pelaamiseen! Mukana 13 v\u00e4ri\u00e4, jotka sopivat hyvin Space Marines ja Tyranid armejoihin. Tilaa omasi nyt!","og_url":"https:\/\/spelivinkki.fi\/sv\/produkt\/warhammer-40k-maali-ja-tyokalupakkaus\/","og_site_name":"Spelivinkki","article_publisher":"https:\/\/www.facebook.com\/SpelivinkkiOy\/","article_modified_time":"2025-06-05T07:51:27+00:00","og_image":[{"width":1840,"height":1900,"url":"https:\/\/mlw9zexfsyfr.i.optimole.com\/w:auto\/h:auto\/q:mauto\/ig:avif\/https:\/\/spelivinkki.fi\/wp-content\/uploads\/2025\/02\/BSF-60-12-52170199001-Warhammer-40000-Paint-and-Tools-Set-min.webp","type":"image\/webp"}],"twitter_card":"summary_large_image","twitter_site":"@SpelivinkkiOy","twitter_misc":{"Pris":"33,00&nbsp;&euro;","Tillg\u00e4nglig":"I lager"},"schema":{"@context":"https:\/\/schema.org","@graph":[{"@type":"WebPage","@id":"https:\/\/spelivinkki.fi\/tuote\/warhammer-40k-maali-ja-tyokalupakkaus\/","url":"https:\/\/spelivinkki.fi\/tuote\/warhammer-40k-maali-ja-tyokalupakkaus\/","name":"Warhammer 40k: Maali- ja Ty\u00f6kalupakkaus &#8211; Spelivinkki","isPartOf":{"@id":"https:\/\/spelivinkki.fi\/#website"},"primaryImageOfPage":{"@id":"https:\/\/spelivinkki.fi\/tuote\/warhammer-40k-maali-ja-tyokalupakkaus\/#primaryimage"},"image":{"@id":"https:\/\/spelivinkki.fi\/tuote\/warhammer-40k-maali-ja-tyokalupakkaus\/#primaryimage"},"thumbnailUrl":"https:\/\/mlw9zexfsyfr.i.optimole.com\/w:auto\/h:auto\/q:mauto\/ig:avif\/https:\/\/spelivinkki.fi\/wp-content\/uploads\/2025\/02\/BSF-60-12-52170199001-Warhammer-40000-Paint-and-Tools-Set-min.webp","datePublished":"2025-02-10T15:15:20+00:00","dateModified":"2025-06-05T07:51:27+00:00","description":"Laadukkaat Citadel maalit ja ty\u00f6kalut Warhammer 40k pelaamiseen! Mukana 13 v\u00e4ri\u00e4, jotka sopivat hyvin Space Marines ja Tyranid armejoihin. Tilaa omasi nyt!","breadcrumb":{"@id":"https:\/\/spelivinkki.fi\/tuote\/warhammer-40k-maali-ja-tyokalupakkaus\/#breadcrumb"},"inLanguage":"sv-SE","potentialAction":[{"@type":"ReadAction","target":["https:\/\/spelivinkki.fi\/tuote\/warhammer-40k-maali-ja-tyokalupakkaus\/"]}]},{"@type":"ImageObject","inLanguage":"sv-SE","@id":"https:\/\/spelivinkki.fi\/tuote\/warhammer-40k-maali-ja-tyokalupakkaus\/#primaryimage","url":"https:\/\/mlw9zexfsyfr.i.optimole.com\/w:auto\/h:auto\/q:mauto\/ig:avif\/https:\/\/spelivinkki.fi\/wp-content\/uploads\/2025\/02\/BSF-60-12-52170199001-Warhammer-40000-Paint-and-Tools-Set-min.webp","contentUrl":"https:\/\/mlw9zexfsyfr.i.optimole.com\/w:auto\/h:auto\/q:mauto\/ig:avif\/https:\/\/spelivinkki.fi\/wp-content\/uploads\/2025\/02\/BSF-60-12-52170199001-Warhammer-40000-Paint-and-Tools-Set-min.webp","width":1840,"height":1900,"caption":"BSF 60 12 52170199001 Warhammer 40000 Paint and Tools Set min"},{"@type":"BreadcrumbList","@id":"https:\/\/spelivinkki.fi\/tuote\/warhammer-40k-maali-ja-tyokalupakkaus\/#breadcrumb","itemListElement":[{"@type":"ListItem","position":1,"name":"Etusivu","item":"https:\/\/spelivinkki.fi\/"},{"@type":"ListItem","position":2,"name":"Tuotteet","item":"https:\/\/spelivinkki.fi\/tuotteet\/"},{"@type":"ListItem","position":3,"name":"Warhammer 40k: Maali- ja Ty\u00f6kalupakkaus"}]},{"@type":"WebSite","@id":"https:\/\/spelivinkki.fi\/#website","url":"https:\/\/spelivinkki.fi\/","name":"Spelivinkki","description":"Paraisten Lautapelikauppa","publisher":{"@id":"https:\/\/spelivinkki.fi\/#organization"},"alternateName":"Spelivinkki Oy","potentialAction":[{"@type":"SearchAction","target":{"@type":"EntryPoint","urlTemplate":"https:\/\/spelivinkki.fi\/?s={search_term_string}"},"query-input":{"@type":"PropertyValueSpecification","valueRequired":true,"valueName":"search_term_string"}}],"inLanguage":"sv-SE"},{"@type":"Organization","@id":"https:\/\/spelivinkki.fi\/#organization","name":"Spelivinkki Oy","alternateName":"Spelivinkki","url":"https:\/\/spelivinkki.fi\/","logo":{"@type":"ImageObject","inLanguage":"sv-SE","@id":"https:\/\/spelivinkki.fi\/#\/schema\/logo\/image\/","url":"https:\/\/mlw9zexfsyfr.i.optimole.com\/w:auto\/h:auto\/q:mauto\/ig:avif\/https:\/\/spelivinkki.fi\/wp-content\/uploads\/2024\/02\/Logo.svg","contentUrl":"https:\/\/mlw9zexfsyfr.i.optimole.com\/w:auto\/h:auto\/q:mauto\/ig:avif\/https:\/\/spelivinkki.fi\/wp-content\/uploads\/2024\/02\/Logo.svg","width":2176,"height":2323,"caption":"Spelivinkki Oy"},"image":{"@id":"https:\/\/spelivinkki.fi\/#\/schema\/logo\/image\/"},"sameAs":["https:\/\/www.facebook.com\/SpelivinkkiOy\/","https:\/\/x.com\/SpelivinkkiOy","https:\/\/www.instagram.com\/spelivinkkioy\/"],"description":"Spelivinkki Oy is a company operating both a brick-and-mortar store in Finland as well as a webshop online. We sell board games, roleplaying games, miniature wargames, logic puzzles, jigsaw puzzles and other things related to the boardgame hobby.","email":"myynti@spelivinkki.fi","telephone":"+358406486605","legalName":"Spelivinkki Oy","foundingDate":"2023-09-17","vatID":"FI33904524","numberOfEmployees":{"@type":"QuantitativeValue","minValue":"1","maxValue":"10"},"hasMerchantReturnPolicy":{"@type":"MerchantReturnPolicy","merchantReturnLink":"https:\/\/spelivinkki.fi\/sv\/spelivinkin-vaihto-ja-palautusoikeus\/"}}]},"product_brand":"Citadel","product_price_amount":"33.00","product_price_currency":"EUR","og_availability":"instock","product_availability":"instock","product_retailer_item_id":"WH40k_Paints_Tools","product_condition":"new"},"_links":{"self":[{"href":"https:\/\/spelivinkki.fi\/sv\/wp-json\/wp\/v2\/product\/7074","targetHints":{"allow":["GET"]}}],"collection":[{"href":"https:\/\/spelivinkki.fi\/sv\/wp-json\/wp\/v2\/product"}],"about":[{"href":"https:\/\/spelivinkki.fi\/sv\/wp-json\/wp\/v2\/types\/product"}],"wp:featuredmedia":[{"embeddable":true,"href":"https:\/\/spelivinkki.fi\/sv\/wp-json\/wp\/v2\/media\/7075"}],"wp:attachment":[{"href":"https:\/\/spelivinkki.fi\/sv\/wp-json\/wp\/v2\/media?parent=7074"}],"wp:term":[{"taxonomy":"product_brand","embeddable":true,"href":"https:\/\/spelivinkki.fi\/sv\/wp-json\/wp\/v2\/product_brand?post=7074"},{"taxonomy":"product_cat","embeddable":true,"href":"https:\/\/spelivinkki.fi\/sv\/wp-json\/wp\/v2\/product_cat?post=7074"},{"taxonomy":"product_tag","embeddable":true,"href":"https:\/\/spelivinkki.fi\/sv\/wp-json\/wp\/v2\/product_tag?post=7074"}],"curies":[{"name":"wp","href":"https:\/\/api.w.org\/{rel}","templated":true}]}}