{"id":7099,"date":"2025-02-11T12:52:11","date_gmt":"2025-02-11T12:52:11","guid":{"rendered":"https:\/\/spelivinkki.fi\/?post_type=product&#038;p=7099"},"modified":"2025-12-18T15:56:52","modified_gmt":"2025-12-18T15:56:52","slug":"warhammer-40k-tyranids-hive-tyrant-swarmlord","status":"publish","type":"product","link":"https:\/\/spelivinkki.fi\/sv\/produkt\/warhammer-40k-tyranids-hive-tyrant-swarmlord\/","title":{"rendered":"Warhammer 40k: Tyranids \u2013 Hive Tyrant \/ Swarmlord"},"content":{"rendered":"<h6><strong>Publisher Description in English:<\/strong><\/h6>\n<p><em>Hive Tyrants enact the Hive Mind&#8217;s will on the battlefield, as the massive commanders of the Tyranid swarm. Powerful warrior organisms in their own right, each Hive Tyrant is also possessed of a depth of sentient autonomy and strategic cunning that makes them truly deadly foes. Every part of their body is perfectly sculpted to maim, kill, and consume \u2013 and guide lesser bioforms in doing the same.<\/em><\/p>\n<p><em>This multipart plastic kit builds one Hive Tyrant, an impressive and incredibly versatile leader-beast that can be built to take on a variety of battlefield roles. This looming creature is a fitting centrepiece for any Tyranid army \u2013 it boasts a distinctive chitinous shell studded with chimneys, a snarling head with a cruel horn, and a hideous skeletal underbody. The kit features a huge variety of weapons options, including two scything talons, a heavy venom cannon, a stranglethorn cannon, and a bonesword and a lash whip \u2013 as well as biomorphs like adrenal glands and toxin sacs, plus other components for customising your Hive Tyrant. You can also choose to build this kit as flying Winged Hive Tyrant, or the insidious Swarmlord.<\/em><\/p>\n<p><em>This set comprises 59 plastic components and is supplied with a Citadel 60mm Round Base. This miniature is supplied unpainted and require assembly \u2013 we recommend using Citadel Plastic Glue and Citadel paints.<\/em><\/p>\n<p><strong>VARNING:<\/strong> P\u00e5 grund av sm\u00e5delar \u00e4r inte produkten l\u00e4mplig f\u00f6r barn under 3!<\/p>","protected":false},"excerpt":{"rendered":"<ul>\n<li><strong>\u00c5ldersrekommendation:<\/strong> 12+<\/li>\n<li><strong>Arm\u00e9:<\/strong> Tyranids<\/li>\n<li><strong>Spr\u00e5k:<\/strong> Engelska<\/li>\n<li><strong>Utgivare:<\/strong> Games Workshop<\/li>\n<\/ul>","protected":false},"featured_media":7100,"template":"","meta":{"site-sidebar-layout":"default","site-content-layout":"","ast-site-content-layout":"default","site-content-style":"default","site-sidebar-style":"default","ast-global-header-display":"","ast-banner-title-visibility":"","ast-main-header-display":"","ast-hfb-above-header-display":"","ast-hfb-below-header-display":"","ast-hfb-mobile-header-display":"","site-post-title":"","ast-breadcrumbs-content":"","ast-featured-img":"","footer-sml-layout":"","ast-disable-related-posts":"","theme-transparent-header-meta":"default","adv-header-id-meta":"","stick-header-meta":"","header-above-stick-meta":"","header-main-stick-meta":"","header-below-stick-meta":"","astra-migrate-meta-layouts":"set","ast-page-background-enabled":"default","ast-page-background-meta":{"desktop":{"background-color":"","background-image":"","background-repeat":"repeat","background-position":"center center","background-size":"auto","background-attachment":"scroll","background-type":"","background-media":"","overlay-type":"","overlay-color":"","overlay-opacity":"","overlay-gradient":""},"tablet":{"background-color":"","background-image":"","background-repeat":"repeat","background-position":"center center","background-size":"auto","background-attachment":"scroll","background-type":"","background-media":"","overlay-type":"","overlay-color":"","overlay-opacity":"","overlay-gradient":""},"mobile":{"background-color":"","background-image":"","background-repeat":"repeat","background-position":"center center","background-size":"auto","background-attachment":"scroll","background-type":"","background-media":"","overlay-type":"","overlay-color":"","overlay-opacity":"","overlay-gradient":""}},"ast-content-background-meta":{"desktop":{"background-color":"var(--ast-global-color-5)","background-image":"","background-repeat":"repeat","background-position":"center center","background-size":"auto","background-attachment":"scroll","background-type":"","background-media":"","overlay-type":"","overlay-color":"","overlay-opacity":"","overlay-gradient":""},"tablet":{"background-color":"var(--ast-global-color-5)","background-image":"","background-repeat":"repeat","background-position":"center center","background-size":"auto","background-attachment":"scroll","background-type":"","background-media":"","overlay-type":"","overlay-color":"","overlay-opacity":"","overlay-gradient":""},"mobile":{"background-color":"var(--ast-global-color-5)","background-image":"","background-repeat":"repeat","background-position":"center center","background-size":"auto","background-attachment":"scroll","background-type":"","background-media":"","overlay-type":"","overlay-color":"","overlay-opacity":"","overlay-gradient":""}}},"product_brand":[1051],"product_cat":[832,835,833],"product_tag":[1279,1278],"class_list":{"0":"post-7099","1":"product","2":"type-product","3":"status-publish","4":"has-post-thumbnail","6":"product_brand-games-workshop","7":"product_cat-miniatyyripelit","8":"product_cat-tyranids","9":"product_cat-warhammer-40k","10":"product_tag-koottava","11":"product_tag-muovifigu","12":"product_shipping_class-standard2","13":"desktop-align-center","14":"tablet-align-center","15":"mobile-align-center","17":"first","18":"instock","19":"taxable","20":"shipping-taxable","21":"purchasable","22":"product-type-simple"},"yoast_head":"<!-- This site is optimized with the Yoast SEO Premium plugin v27.3 (Yoast SEO v27.4) - https:\/\/yoast.com\/product\/yoast-seo-premium-wordpress\/ -->\n<title>Warhammer 40k: Tyranids - Hive Tyrant \/ Swarmlord &#8211; Spelivinkki<\/title>\n<meta name=\"description\" content=\"Valloita universumi Warhammer 40k Hive Tyrant tai Swarmlord -figuurilla! Liity pelaajien joukkoon ja aloita seikkailusi t\u00e4n\u00e4\u00e4n!\" \/>\n<meta name=\"robots\" content=\"index, follow, max-snippet:-1, max-image-preview:large, max-video-preview:-1\" \/>\n<link rel=\"canonical\" href=\"https:\/\/spelivinkki.fi\/sv\/produkt\/warhammer-40k-tyranids-hive-tyrant-swarmlord\/\" \/>\n<meta property=\"og:locale\" content=\"sv_SE\" \/>\n<meta property=\"og:type\" content=\"article\" \/>\n<meta property=\"og:title\" content=\"Warhammer 40k: Tyranids - Hive Tyrant \/ Swarmlord\" \/>\n<meta property=\"og:description\" content=\"Valloita universumi Warhammer 40k Hive Tyrant tai Swarmlord -figuurilla! Liity pelaajien joukkoon ja aloita seikkailusi t\u00e4n\u00e4\u00e4n!\" \/>\n<meta property=\"og:url\" content=\"https:\/\/spelivinkki.fi\/sv\/produkt\/warhammer-40k-tyranids-hive-tyrant-swarmlord\/\" \/>\n<meta property=\"og:site_name\" content=\"Spelivinkki\" \/>\n<meta property=\"article:publisher\" content=\"https:\/\/www.facebook.com\/SpelivinkkiOy\/\" \/>\n<meta property=\"article:modified_time\" content=\"2025-12-18T15:56:52+00:00\" \/>\n<meta property=\"og:image\" content=\"https:\/\/mlw9zexfsyfr.i.optimole.com\/w:auto\/h:auto\/q:mauto\/ig:avif\/https:\/\/spelivinkki.fi\/wp-content\/uploads\/2025\/02\/BSF-51-08-99120106060-Tyranids-Hive-Tyrant-min.webp\" \/>\n\t<meta property=\"og:image:width\" content=\"1840\" \/>\n\t<meta property=\"og:image:height\" content=\"1900\" \/>\n\t<meta property=\"og:image:type\" content=\"image\/webp\" \/>\n<meta name=\"twitter:card\" content=\"summary_large_image\" \/>\n<meta name=\"twitter:site\" content=\"@SpelivinkkiOy\" \/>\n<meta name=\"twitter:label1\" content=\"Pris\" \/>\n\t<meta name=\"twitter:data1\" content=\"45,00&nbsp;&euro;\" \/>\n\t<meta name=\"twitter:label2\" content=\"Tillg\u00e4nglig\" \/>\n\t<meta name=\"twitter:data2\" content=\"I lager\" \/>\n<script type=\"application\/ld+json\" class=\"yoast-schema-graph\">{\"@context\":\"https:\\\/\\\/schema.org\",\"@graph\":[{\"@type\":\"WebPage\",\"@id\":\"https:\\\/\\\/spelivinkki.fi\\\/tuote\\\/warhammer-40k-tyranids-hive-tyrant-swarmlord\\\/\",\"url\":\"https:\\\/\\\/spelivinkki.fi\\\/tuote\\\/warhammer-40k-tyranids-hive-tyrant-swarmlord\\\/\",\"name\":\"Warhammer 40k: Tyranids - Hive Tyrant \\\/ Swarmlord &#8211; Spelivinkki\",\"isPartOf\":{\"@id\":\"https:\\\/\\\/spelivinkki.fi\\\/#website\"},\"primaryImageOfPage\":{\"@id\":\"https:\\\/\\\/spelivinkki.fi\\\/tuote\\\/warhammer-40k-tyranids-hive-tyrant-swarmlord\\\/#primaryimage\"},\"image\":{\"@id\":\"https:\\\/\\\/spelivinkki.fi\\\/tuote\\\/warhammer-40k-tyranids-hive-tyrant-swarmlord\\\/#primaryimage\"},\"thumbnailUrl\":\"https:\\/\\/spelivinkki.fi\\/wp-content\\/uploads\\/2025\\/02\\/BSF-51-08-99120106060-Tyranids-Hive-Tyrant-min.webp\",\"datePublished\":\"2025-02-11T12:52:11+00:00\",\"dateModified\":\"2025-12-18T15:56:52+00:00\",\"description\":\"Valloita universumi Warhammer 40k Hive Tyrant tai Swarmlord -figuurilla! Liity pelaajien joukkoon ja aloita seikkailusi t\u00e4n\u00e4\u00e4n!\",\"breadcrumb\":{\"@id\":\"https:\\\/\\\/spelivinkki.fi\\\/tuote\\\/warhammer-40k-tyranids-hive-tyrant-swarmlord\\\/#breadcrumb\"},\"inLanguage\":\"sv-SE\",\"potentialAction\":[{\"@type\":\"ReadAction\",\"target\":[\"https:\\\/\\\/spelivinkki.fi\\\/tuote\\\/warhammer-40k-tyranids-hive-tyrant-swarmlord\\\/\"]}]},{\"@type\":\"ImageObject\",\"inLanguage\":\"sv-SE\",\"@id\":\"https:\\\/\\\/spelivinkki.fi\\\/tuote\\\/warhammer-40k-tyranids-hive-tyrant-swarmlord\\\/#primaryimage\",\"url\":\"https:\\/\\/spelivinkki.fi\\/wp-content\\/uploads\\/2025\\/02\\/BSF-51-08-99120106060-Tyranids-Hive-Tyrant-min.webp\",\"contentUrl\":\"https:\\/\\/spelivinkki.fi\\/wp-content\\/uploads\\/2025\\/02\\/BSF-51-08-99120106060-Tyranids-Hive-Tyrant-min.webp\",\"width\":1840,\"height\":1900,\"caption\":\"BSF 51 08 99120106060 Tyranids Hive Tyrant min\"},{\"@type\":\"BreadcrumbList\",\"@id\":\"https:\\\/\\\/spelivinkki.fi\\\/tuote\\\/warhammer-40k-tyranids-hive-tyrant-swarmlord\\\/#breadcrumb\",\"itemListElement\":[{\"@type\":\"ListItem\",\"position\":1,\"name\":\"Etusivu\",\"item\":\"https:\\\/\\\/spelivinkki.fi\\\/\"},{\"@type\":\"ListItem\",\"position\":2,\"name\":\"Tuotteet\",\"item\":\"https:\\\/\\\/spelivinkki.fi\\\/tuotteet\\\/\"},{\"@type\":\"ListItem\",\"position\":3,\"name\":\"Warhammer 40k: Tyranids &#8211; Hive Tyrant \\\/ Swarmlord\"}]},{\"@type\":\"WebSite\",\"@id\":\"https:\\\/\\\/spelivinkki.fi\\\/#website\",\"url\":\"https:\\\/\\\/spelivinkki.fi\\\/\",\"name\":\"Spelivinkki\",\"description\":\"Paraisten Lautapelikauppa\",\"publisher\":{\"@id\":\"https:\\\/\\\/spelivinkki.fi\\\/#organization\"},\"alternateName\":\"Spelivinkki Oy\",\"potentialAction\":[{\"@type\":\"SearchAction\",\"target\":{\"@type\":\"EntryPoint\",\"urlTemplate\":\"https:\\\/\\\/spelivinkki.fi\\\/?s={search_term_string}\"},\"query-input\":{\"@type\":\"PropertyValueSpecification\",\"valueRequired\":true,\"valueName\":\"search_term_string\"}}],\"inLanguage\":\"sv-SE\"},{\"@type\":\"Organization\",\"@id\":\"https:\\\/\\\/spelivinkki.fi\\\/#organization\",\"name\":\"Spelivinkki Oy\",\"alternateName\":\"Spelivinkki\",\"url\":\"https:\\\/\\\/spelivinkki.fi\\\/\",\"logo\":{\"@type\":\"ImageObject\",\"inLanguage\":\"sv-SE\",\"@id\":\"https:\\\/\\\/spelivinkki.fi\\\/#\\\/schema\\\/logo\\\/image\\\/\",\"url\":\"https:\\/\\/spelivinkki.fi\\/wp-content\\/uploads\\/2024\\/02\\/Logo.svg\",\"contentUrl\":\"https:\\/\\/spelivinkki.fi\\/wp-content\\/uploads\\/2024\\/02\\/Logo.svg\",\"width\":2176,\"height\":2323,\"caption\":\"Spelivinkki Oy\"},\"image\":{\"@id\":\"https:\\\/\\\/spelivinkki.fi\\\/#\\\/schema\\\/logo\\\/image\\\/\"},\"sameAs\":[\"https:\\\/\\\/www.facebook.com\\\/SpelivinkkiOy\\\/\",\"https:\\\/\\\/x.com\\\/SpelivinkkiOy\",\"https:\\\/\\\/www.instagram.com\\\/spelivinkkioy\\\/\"],\"description\":\"Spelivinkki Oy is a company operating both a brick-and-mortar store in Finland as well as a webshop online. We sell board games, roleplaying games, miniature wargames, logic puzzles, jigsaw puzzles and other things related to the boardgame hobby.\",\"email\":\"myynti@spelivinkki.fi\",\"telephone\":\"+358406486605\",\"legalName\":\"Spelivinkki Oy\",\"foundingDate\":\"2023-09-17\",\"vatID\":\"FI33904524\",\"numberOfEmployees\":{\"@type\":\"QuantitativeValue\",\"minValue\":\"1\",\"maxValue\":\"10\"},\"hasMerchantReturnPolicy\":{\"@type\":\"MerchantReturnPolicy\",\"merchantReturnLink\":\"https:\\\/\\\/spelivinkki.fi\\\/sv\\\/spelivinkin-vaihto-ja-palautusoikeus\\\/\"}}]}<\/script>\n<meta property=\"product:brand\" content=\"Games Workshop\" \/>\n<meta property=\"product:price:amount\" content=\"45.00\" \/>\n<meta property=\"product:price:currency\" content=\"EUR\" \/>\n<meta property=\"og:availability\" content=\"instock\" \/>\n<meta property=\"product:availability\" content=\"instock\" \/>\n<meta property=\"product:retailer_item_id\" content=\"WH40k_Hive_Tyrant_Swarmlord\" \/>\n<meta property=\"product:condition\" content=\"new\" \/>\n<!-- \/ Yoast SEO Premium plugin. -->","yoast_head_json":{"title":"Warhammer 40k: Tyranids - Hive Tyrant \/ Swarmlord &#8211; Spelivinkki","description":"Valloita universumi Warhammer 40k Hive Tyrant tai Swarmlord -figuurilla! Liity pelaajien joukkoon ja aloita seikkailusi t\u00e4n\u00e4\u00e4n!","robots":{"index":"index","follow":"follow","max-snippet":"max-snippet:-1","max-image-preview":"max-image-preview:large","max-video-preview":"max-video-preview:-1"},"canonical":"https:\/\/spelivinkki.fi\/sv\/produkt\/warhammer-40k-tyranids-hive-tyrant-swarmlord\/","og_locale":"sv_SE","og_type":"article","og_title":"Warhammer 40k: Tyranids - Hive Tyrant \/ Swarmlord","og_description":"Valloita universumi Warhammer 40k Hive Tyrant tai Swarmlord -figuurilla! Liity pelaajien joukkoon ja aloita seikkailusi t\u00e4n\u00e4\u00e4n!","og_url":"https:\/\/spelivinkki.fi\/sv\/produkt\/warhammer-40k-tyranids-hive-tyrant-swarmlord\/","og_site_name":"Spelivinkki","article_publisher":"https:\/\/www.facebook.com\/SpelivinkkiOy\/","article_modified_time":"2025-12-18T15:56:52+00:00","og_image":[{"width":1840,"height":1900,"url":"https:\/\/mlw9zexfsyfr.i.optimole.com\/w:auto\/h:auto\/q:mauto\/ig:avif\/https:\/\/spelivinkki.fi\/wp-content\/uploads\/2025\/02\/BSF-51-08-99120106060-Tyranids-Hive-Tyrant-min.webp","type":"image\/webp"}],"twitter_card":"summary_large_image","twitter_site":"@SpelivinkkiOy","twitter_misc":{"Pris":"45,00&nbsp;&euro;","Tillg\u00e4nglig":"I lager"},"schema":{"@context":"https:\/\/schema.org","@graph":[{"@type":"WebPage","@id":"https:\/\/spelivinkki.fi\/tuote\/warhammer-40k-tyranids-hive-tyrant-swarmlord\/","url":"https:\/\/spelivinkki.fi\/tuote\/warhammer-40k-tyranids-hive-tyrant-swarmlord\/","name":"Warhammer 40k: Tyranids - Hive Tyrant \/ Swarmlord &#8211; Spelivinkki","isPartOf":{"@id":"https:\/\/spelivinkki.fi\/#website"},"primaryImageOfPage":{"@id":"https:\/\/spelivinkki.fi\/tuote\/warhammer-40k-tyranids-hive-tyrant-swarmlord\/#primaryimage"},"image":{"@id":"https:\/\/spelivinkki.fi\/tuote\/warhammer-40k-tyranids-hive-tyrant-swarmlord\/#primaryimage"},"thumbnailUrl":"https:\/\/mlw9zexfsyfr.i.optimole.com\/w:auto\/h:auto\/q:mauto\/ig:avif\/https:\/\/spelivinkki.fi\/wp-content\/uploads\/2025\/02\/BSF-51-08-99120106060-Tyranids-Hive-Tyrant-min.webp","datePublished":"2025-02-11T12:52:11+00:00","dateModified":"2025-12-18T15:56:52+00:00","description":"Valloita universumi Warhammer 40k Hive Tyrant tai Swarmlord -figuurilla! Liity pelaajien joukkoon ja aloita seikkailusi t\u00e4n\u00e4\u00e4n!","breadcrumb":{"@id":"https:\/\/spelivinkki.fi\/tuote\/warhammer-40k-tyranids-hive-tyrant-swarmlord\/#breadcrumb"},"inLanguage":"sv-SE","potentialAction":[{"@type":"ReadAction","target":["https:\/\/spelivinkki.fi\/tuote\/warhammer-40k-tyranids-hive-tyrant-swarmlord\/"]}]},{"@type":"ImageObject","inLanguage":"sv-SE","@id":"https:\/\/spelivinkki.fi\/tuote\/warhammer-40k-tyranids-hive-tyrant-swarmlord\/#primaryimage","url":"https:\/\/mlw9zexfsyfr.i.optimole.com\/w:auto\/h:auto\/q:mauto\/ig:avif\/https:\/\/spelivinkki.fi\/wp-content\/uploads\/2025\/02\/BSF-51-08-99120106060-Tyranids-Hive-Tyrant-min.webp","contentUrl":"https:\/\/mlw9zexfsyfr.i.optimole.com\/w:auto\/h:auto\/q:mauto\/ig:avif\/https:\/\/spelivinkki.fi\/wp-content\/uploads\/2025\/02\/BSF-51-08-99120106060-Tyranids-Hive-Tyrant-min.webp","width":1840,"height":1900,"caption":"BSF 51 08 99120106060 Tyranids Hive Tyrant min"},{"@type":"BreadcrumbList","@id":"https:\/\/spelivinkki.fi\/tuote\/warhammer-40k-tyranids-hive-tyrant-swarmlord\/#breadcrumb","itemListElement":[{"@type":"ListItem","position":1,"name":"Etusivu","item":"https:\/\/spelivinkki.fi\/"},{"@type":"ListItem","position":2,"name":"Tuotteet","item":"https:\/\/spelivinkki.fi\/tuotteet\/"},{"@type":"ListItem","position":3,"name":"Warhammer 40k: Tyranids &#8211; Hive Tyrant \/ Swarmlord"}]},{"@type":"WebSite","@id":"https:\/\/spelivinkki.fi\/#website","url":"https:\/\/spelivinkki.fi\/","name":"Spelivinkki","description":"Paraisten Lautapelikauppa","publisher":{"@id":"https:\/\/spelivinkki.fi\/#organization"},"alternateName":"Spelivinkki Oy","potentialAction":[{"@type":"SearchAction","target":{"@type":"EntryPoint","urlTemplate":"https:\/\/spelivinkki.fi\/?s={search_term_string}"},"query-input":{"@type":"PropertyValueSpecification","valueRequired":true,"valueName":"search_term_string"}}],"inLanguage":"sv-SE"},{"@type":"Organization","@id":"https:\/\/spelivinkki.fi\/#organization","name":"Spelivinkki Oy","alternateName":"Spelivinkki","url":"https:\/\/spelivinkki.fi\/","logo":{"@type":"ImageObject","inLanguage":"sv-SE","@id":"https:\/\/spelivinkki.fi\/#\/schema\/logo\/image\/","url":"https:\/\/mlw9zexfsyfr.i.optimole.com\/w:auto\/h:auto\/q:mauto\/ig:avif\/https:\/\/spelivinkki.fi\/wp-content\/uploads\/2024\/02\/Logo.svg","contentUrl":"https:\/\/mlw9zexfsyfr.i.optimole.com\/w:auto\/h:auto\/q:mauto\/ig:avif\/https:\/\/spelivinkki.fi\/wp-content\/uploads\/2024\/02\/Logo.svg","width":2176,"height":2323,"caption":"Spelivinkki Oy"},"image":{"@id":"https:\/\/spelivinkki.fi\/#\/schema\/logo\/image\/"},"sameAs":["https:\/\/www.facebook.com\/SpelivinkkiOy\/","https:\/\/x.com\/SpelivinkkiOy","https:\/\/www.instagram.com\/spelivinkkioy\/"],"description":"Spelivinkki Oy is a company operating both a brick-and-mortar store in Finland as well as a webshop online. We sell board games, roleplaying games, miniature wargames, logic puzzles, jigsaw puzzles and other things related to the boardgame hobby.","email":"myynti@spelivinkki.fi","telephone":"+358406486605","legalName":"Spelivinkki Oy","foundingDate":"2023-09-17","vatID":"FI33904524","numberOfEmployees":{"@type":"QuantitativeValue","minValue":"1","maxValue":"10"},"hasMerchantReturnPolicy":{"@type":"MerchantReturnPolicy","merchantReturnLink":"https:\/\/spelivinkki.fi\/sv\/spelivinkin-vaihto-ja-palautusoikeus\/"}}]},"product_brand":"Games Workshop","product_price_amount":"45.00","product_price_currency":"EUR","og_availability":"instock","product_availability":"instock","product_retailer_item_id":"WH40k_Hive_Tyrant_Swarmlord","product_condition":"new"},"_links":{"self":[{"href":"https:\/\/spelivinkki.fi\/sv\/wp-json\/wp\/v2\/product\/7099","targetHints":{"allow":["GET"]}}],"collection":[{"href":"https:\/\/spelivinkki.fi\/sv\/wp-json\/wp\/v2\/product"}],"about":[{"href":"https:\/\/spelivinkki.fi\/sv\/wp-json\/wp\/v2\/types\/product"}],"wp:featuredmedia":[{"embeddable":true,"href":"https:\/\/spelivinkki.fi\/sv\/wp-json\/wp\/v2\/media\/7100"}],"wp:attachment":[{"href":"https:\/\/spelivinkki.fi\/sv\/wp-json\/wp\/v2\/media?parent=7099"}],"wp:term":[{"taxonomy":"product_brand","embeddable":true,"href":"https:\/\/spelivinkki.fi\/sv\/wp-json\/wp\/v2\/product_brand?post=7099"},{"taxonomy":"product_cat","embeddable":true,"href":"https:\/\/spelivinkki.fi\/sv\/wp-json\/wp\/v2\/product_cat?post=7099"},{"taxonomy":"product_tag","embeddable":true,"href":"https:\/\/spelivinkki.fi\/sv\/wp-json\/wp\/v2\/product_tag?post=7099"}],"curies":[{"name":"wp","href":"https:\/\/api.w.org\/{rel}","templated":true}]}}