{"id":7127,"date":"2025-02-12T12:18:32","date_gmt":"2025-02-12T12:18:32","guid":{"rendered":"https:\/\/spelivinkki.fi\/?post_type=product&#038;p=7127"},"modified":"2025-03-28T15:15:33","modified_gmt":"2025-03-28T15:15:33","slug":"age-of-sigmar-lumineth-realm-lords-vanari-auralan-sentinels","status":"publish","type":"product","link":"https:\/\/spelivinkki.fi\/sv\/produkt\/age-of-sigmar-lumineth-realm-lords-vanari-auralan-sentinels\/","title":{"rendered":"Age of Sigmar: Lumineth Realm-Lords \u2013 Vanari Auralan Sentinels"},"content":{"rendered":"<h6><strong>Publisher Description in English:<\/strong><\/h6>\n<p><em>Master archers, the Auralan Sentinels wield complex aelven bows that can either fire straight and true or loft arrows high in the air to curve down onto distant foes. When their High Sentinel channels power into their arrowheads, they are all the more lethal.<\/em><\/p>\n<p><em>Auralan Sentinels are a superb ranged unit in your Lumineth Realm-lords army, capable of bombarding enemies at long range with hails of arrows. Enhanced with magical power, they&#8217;ll make short work of even heavily armoured foes. Meanwhile, the unit&#8217;s Scryhawk Lantern ensues that none can hide from their fusillades.<\/em><\/p>\n<p><em>This kit builds 10 Auralan Sentinels, in a variety of interchangeable and customisable designs. Thanks to a choice of bows, quivers and more, you\u2019ll be able to ensure that even the most massive line of archers looks distinct. This kit also contains the options to build one Auralan Sentinel as a High Sentinel with a Scryhawk Lantern.<\/em><\/p>\n<p><strong>VARNING:<\/strong> P\u00e5 grund av sm\u00e5delar \u00e4r inte produkten l\u00e4mplig f\u00f6r barn under 3!<\/p>","protected":false},"excerpt":{"rendered":"<ul>\n<li><strong>\u00c5ldersrekommendation:<\/strong> 12+<\/li>\n<li><strong>Arm\u00e9:<\/strong><\/li>\n<li><strong>Spr\u00e5k:<\/strong> Engelska<\/li>\n<li><strong>Utgivare:<\/strong> Games Workshop<\/li>\n<\/ul>","protected":false},"featured_media":7128,"template":"","meta":{"site-sidebar-layout":"default","site-content-layout":"","ast-site-content-layout":"default","site-content-style":"default","site-sidebar-style":"default","ast-global-header-display":"","ast-banner-title-visibility":"","ast-main-header-display":"","ast-hfb-above-header-display":"","ast-hfb-below-header-display":"","ast-hfb-mobile-header-display":"","site-post-title":"","ast-breadcrumbs-content":"","ast-featured-img":"","footer-sml-layout":"","ast-disable-related-posts":"","theme-transparent-header-meta":"default","adv-header-id-meta":"","stick-header-meta":"","header-above-stick-meta":"","header-main-stick-meta":"","header-below-stick-meta":"","astra-migrate-meta-layouts":"set","ast-page-background-enabled":"default","ast-page-background-meta":{"desktop":{"background-color":"","background-image":"","background-repeat":"repeat","background-position":"center center","background-size":"auto","background-attachment":"scroll","background-type":"","background-media":"","overlay-type":"","overlay-color":"","overlay-opacity":"","overlay-gradient":""},"tablet":{"background-color":"","background-image":"","background-repeat":"repeat","background-position":"center center","background-size":"auto","background-attachment":"scroll","background-type":"","background-media":"","overlay-type":"","overlay-color":"","overlay-opacity":"","overlay-gradient":""},"mobile":{"background-color":"","background-image":"","background-repeat":"repeat","background-position":"center center","background-size":"auto","background-attachment":"scroll","background-type":"","background-media":"","overlay-type":"","overlay-color":"","overlay-opacity":"","overlay-gradient":""}},"ast-content-background-meta":{"desktop":{"background-color":"var(--ast-global-color-5)","background-image":"","background-repeat":"repeat","background-position":"center center","background-size":"auto","background-attachment":"scroll","background-type":"","background-media":"","overlay-type":"","overlay-color":"","overlay-opacity":"","overlay-gradient":""},"tablet":{"background-color":"var(--ast-global-color-5)","background-image":"","background-repeat":"repeat","background-position":"center center","background-size":"auto","background-attachment":"scroll","background-type":"","background-media":"","overlay-type":"","overlay-color":"","overlay-opacity":"","overlay-gradient":""},"mobile":{"background-color":"var(--ast-global-color-5)","background-image":"","background-repeat":"repeat","background-position":"center center","background-size":"auto","background-attachment":"scroll","background-type":"","background-media":"","overlay-type":"","overlay-color":"","overlay-opacity":"","overlay-gradient":""}}},"product_brand":[1051],"product_cat":[944,832,937,842],"product_tag":[1279,1278],"class_list":{"0":"post-7127","1":"product","2":"type-product","3":"status-publish","4":"has-post-thumbnail","6":"product_brand-games-workshop","7":"product_cat-lumineth-realm-lords","8":"product_cat-miniatyyripelit","9":"product_cat-order","10":"product_cat-warhammer-age-of-sigmar","11":"product_tag-koottava","12":"product_tag-muovifigu","13":"product_shipping_class-standard2","14":"desktop-align-center","15":"tablet-align-center","16":"mobile-align-center","18":"first","19":"outofstock","20":"taxable","21":"shipping-taxable","22":"purchasable","23":"product-type-simple"},"yoast_head":"<!-- This site is optimized with the Yoast SEO Premium plugin v27.3 (Yoast SEO v27.4) - https:\/\/yoast.com\/product\/yoast-seo-premium-wordpress\/ -->\n<title>Age of Sigmar: Lumineth Realm-Lords - Vanari Auralan Sentinels &#8211; Spelivinkki<\/title>\n<meta name=\"description\" content=\"Tutustu Age of Sigmar Lumineth Realm-Lords Vanari Auralan Sentinels -yksikk\u00f6\u00f6n! T\u00e4ydellinen lis\u00e4 kokoelmaasi, hanki omasi heti!\" \/>\n<meta name=\"robots\" content=\"index, follow, max-snippet:-1, max-image-preview:large, max-video-preview:-1\" \/>\n<link rel=\"canonical\" href=\"https:\/\/spelivinkki.fi\/sv\/produkt\/age-of-sigmar-lumineth-realm-lords-vanari-auralan-sentinels\/\" \/>\n<meta property=\"og:locale\" content=\"sv_SE\" \/>\n<meta property=\"og:type\" content=\"article\" \/>\n<meta property=\"og:title\" content=\"Age of Sigmar: Lumineth Realm-Lords - Vanari Auralan Sentinels\" \/>\n<meta property=\"og:description\" content=\"Tutustu Age of Sigmar Lumineth Realm-Lords Vanari Auralan Sentinels -yksikk\u00f6\u00f6n! T\u00e4ydellinen lis\u00e4 kokoelmaasi, hanki omasi heti!\" \/>\n<meta property=\"og:url\" content=\"https:\/\/spelivinkki.fi\/sv\/produkt\/age-of-sigmar-lumineth-realm-lords-vanari-auralan-sentinels\/\" \/>\n<meta property=\"og:site_name\" content=\"Spelivinkki\" \/>\n<meta property=\"article:publisher\" content=\"https:\/\/www.facebook.com\/SpelivinkkiOy\/\" \/>\n<meta property=\"article:modified_time\" content=\"2025-03-28T15:15:33+00:00\" \/>\n<meta property=\"og:image\" content=\"https:\/\/mlw9zexfsyfr.i.optimole.com\/w:auto\/h:auto\/q:mauto\/ig:avif\/https:\/\/spelivinkki.fi\/wp-content\/uploads\/2025\/02\/BSF-87-58-99120210059-Lumineth-Realm-Lords-Vanari-Auralan-Sentinels-min.webp\" \/>\n\t<meta property=\"og:image:width\" content=\"1840\" \/>\n\t<meta property=\"og:image:height\" content=\"1900\" \/>\n\t<meta property=\"og:image:type\" content=\"image\/webp\" \/>\n<meta name=\"twitter:card\" content=\"summary_large_image\" \/>\n<meta name=\"twitter:site\" content=\"@SpelivinkkiOy\" \/>\n<meta name=\"twitter:label1\" content=\"Pris\" \/>\n\t<meta name=\"twitter:data1\" content=\"45,00&nbsp;&euro;\" \/>\n\t<meta name=\"twitter:label2\" content=\"Tillg\u00e4nglig\" \/>\n\t<meta name=\"twitter:data2\" content=\"Slut i lager\" \/>\n<script type=\"application\/ld+json\" class=\"yoast-schema-graph\">{\"@context\":\"https:\\\/\\\/schema.org\",\"@graph\":[{\"@type\":\"WebPage\",\"@id\":\"https:\\\/\\\/spelivinkki.fi\\\/tuote\\\/age-of-sigmar-lumineth-realm-lords-vanari-auralan-sentinels\\\/\",\"url\":\"https:\\\/\\\/spelivinkki.fi\\\/tuote\\\/age-of-sigmar-lumineth-realm-lords-vanari-auralan-sentinels\\\/\",\"name\":\"Age of Sigmar: Lumineth Realm-Lords - Vanari Auralan Sentinels &#8211; Spelivinkki\",\"isPartOf\":{\"@id\":\"https:\\\/\\\/spelivinkki.fi\\\/#website\"},\"primaryImageOfPage\":{\"@id\":\"https:\\\/\\\/spelivinkki.fi\\\/tuote\\\/age-of-sigmar-lumineth-realm-lords-vanari-auralan-sentinels\\\/#primaryimage\"},\"image\":{\"@id\":\"https:\\\/\\\/spelivinkki.fi\\\/tuote\\\/age-of-sigmar-lumineth-realm-lords-vanari-auralan-sentinels\\\/#primaryimage\"},\"thumbnailUrl\":\"https:\\/\\/spelivinkki.fi\\/wp-content\\/uploads\\/2025\\/02\\/BSF-87-58-99120210059-Lumineth-Realm-Lords-Vanari-Auralan-Sentinels-min.webp\",\"datePublished\":\"2025-02-12T12:18:32+00:00\",\"dateModified\":\"2025-03-28T15:15:33+00:00\",\"description\":\"Tutustu Age of Sigmar Lumineth Realm-Lords Vanari Auralan Sentinels -yksikk\u00f6\u00f6n! T\u00e4ydellinen lis\u00e4 kokoelmaasi, hanki omasi heti!\",\"breadcrumb\":{\"@id\":\"https:\\\/\\\/spelivinkki.fi\\\/tuote\\\/age-of-sigmar-lumineth-realm-lords-vanari-auralan-sentinels\\\/#breadcrumb\"},\"inLanguage\":\"sv-SE\",\"potentialAction\":[{\"@type\":\"ReadAction\",\"target\":[\"https:\\\/\\\/spelivinkki.fi\\\/tuote\\\/age-of-sigmar-lumineth-realm-lords-vanari-auralan-sentinels\\\/\"]}]},{\"@type\":\"ImageObject\",\"inLanguage\":\"sv-SE\",\"@id\":\"https:\\\/\\\/spelivinkki.fi\\\/tuote\\\/age-of-sigmar-lumineth-realm-lords-vanari-auralan-sentinels\\\/#primaryimage\",\"url\":\"https:\\/\\/spelivinkki.fi\\/wp-content\\/uploads\\/2025\\/02\\/BSF-87-58-99120210059-Lumineth-Realm-Lords-Vanari-Auralan-Sentinels-min.webp\",\"contentUrl\":\"https:\\/\\/spelivinkki.fi\\/wp-content\\/uploads\\/2025\\/02\\/BSF-87-58-99120210059-Lumineth-Realm-Lords-Vanari-Auralan-Sentinels-min.webp\",\"width\":1840,\"height\":1900,\"caption\":\"BSF 87 58 99120210059 Lumineth Realm Lords Vanari Auralan Sentinels min\"},{\"@type\":\"BreadcrumbList\",\"@id\":\"https:\\\/\\\/spelivinkki.fi\\\/tuote\\\/age-of-sigmar-lumineth-realm-lords-vanari-auralan-sentinels\\\/#breadcrumb\",\"itemListElement\":[{\"@type\":\"ListItem\",\"position\":1,\"name\":\"Etusivu\",\"item\":\"https:\\\/\\\/spelivinkki.fi\\\/\"},{\"@type\":\"ListItem\",\"position\":2,\"name\":\"Tuotteet\",\"item\":\"https:\\\/\\\/spelivinkki.fi\\\/tuotteet\\\/\"},{\"@type\":\"ListItem\",\"position\":3,\"name\":\"Age of Sigmar: Lumineth Realm-Lords &#8211; Vanari Auralan Sentinels\"}]},{\"@type\":\"WebSite\",\"@id\":\"https:\\\/\\\/spelivinkki.fi\\\/#website\",\"url\":\"https:\\\/\\\/spelivinkki.fi\\\/\",\"name\":\"Spelivinkki\",\"description\":\"Paraisten Lautapelikauppa\",\"publisher\":{\"@id\":\"https:\\\/\\\/spelivinkki.fi\\\/#organization\"},\"alternateName\":\"Spelivinkki Oy\",\"potentialAction\":[{\"@type\":\"SearchAction\",\"target\":{\"@type\":\"EntryPoint\",\"urlTemplate\":\"https:\\\/\\\/spelivinkki.fi\\\/?s={search_term_string}\"},\"query-input\":{\"@type\":\"PropertyValueSpecification\",\"valueRequired\":true,\"valueName\":\"search_term_string\"}}],\"inLanguage\":\"sv-SE\"},{\"@type\":\"Organization\",\"@id\":\"https:\\\/\\\/spelivinkki.fi\\\/#organization\",\"name\":\"Spelivinkki Oy\",\"alternateName\":\"Spelivinkki\",\"url\":\"https:\\\/\\\/spelivinkki.fi\\\/\",\"logo\":{\"@type\":\"ImageObject\",\"inLanguage\":\"sv-SE\",\"@id\":\"https:\\\/\\\/spelivinkki.fi\\\/#\\\/schema\\\/logo\\\/image\\\/\",\"url\":\"https:\\/\\/spelivinkki.fi\\/wp-content\\/uploads\\/2024\\/02\\/Logo.svg\",\"contentUrl\":\"https:\\/\\/spelivinkki.fi\\/wp-content\\/uploads\\/2024\\/02\\/Logo.svg\",\"width\":2176,\"height\":2323,\"caption\":\"Spelivinkki Oy\"},\"image\":{\"@id\":\"https:\\\/\\\/spelivinkki.fi\\\/#\\\/schema\\\/logo\\\/image\\\/\"},\"sameAs\":[\"https:\\\/\\\/www.facebook.com\\\/SpelivinkkiOy\\\/\",\"https:\\\/\\\/x.com\\\/SpelivinkkiOy\",\"https:\\\/\\\/www.instagram.com\\\/spelivinkkioy\\\/\"],\"description\":\"Spelivinkki Oy is a company operating both a brick-and-mortar store in Finland as well as a webshop online. We sell board games, roleplaying games, miniature wargames, logic puzzles, jigsaw puzzles and other things related to the boardgame hobby.\",\"email\":\"myynti@spelivinkki.fi\",\"telephone\":\"+358406486605\",\"legalName\":\"Spelivinkki Oy\",\"foundingDate\":\"2023-09-17\",\"vatID\":\"FI33904524\",\"numberOfEmployees\":{\"@type\":\"QuantitativeValue\",\"minValue\":\"1\",\"maxValue\":\"10\"},\"hasMerchantReturnPolicy\":{\"@type\":\"MerchantReturnPolicy\",\"merchantReturnLink\":\"https:\\\/\\\/spelivinkki.fi\\\/sv\\\/spelivinkin-vaihto-ja-palautusoikeus\\\/\"}}]}<\/script>\n<meta property=\"product:brand\" content=\"Games Workshop\" \/>\n<meta property=\"product:price:amount\" content=\"45.00\" \/>\n<meta property=\"product:price:currency\" content=\"EUR\" \/>\n<meta property=\"og:availability\" content=\"out of stock\" \/>\n<meta property=\"product:availability\" content=\"out of stock\" \/>\n<meta property=\"product:retailer_item_id\" content=\"AoS_Lumineth_Sentinels\" \/>\n<meta property=\"product:condition\" content=\"new\" \/>\n<!-- \/ Yoast SEO Premium plugin. -->","yoast_head_json":{"title":"Age of Sigmar: Lumineth Realm-Lords - Vanari Auralan Sentinels &#8211; Spelivinkki","description":"Tutustu Age of Sigmar Lumineth Realm-Lords Vanari Auralan Sentinels -yksikk\u00f6\u00f6n! T\u00e4ydellinen lis\u00e4 kokoelmaasi, hanki omasi heti!","robots":{"index":"index","follow":"follow","max-snippet":"max-snippet:-1","max-image-preview":"max-image-preview:large","max-video-preview":"max-video-preview:-1"},"canonical":"https:\/\/spelivinkki.fi\/sv\/produkt\/age-of-sigmar-lumineth-realm-lords-vanari-auralan-sentinels\/","og_locale":"sv_SE","og_type":"article","og_title":"Age of Sigmar: Lumineth Realm-Lords - Vanari Auralan Sentinels","og_description":"Tutustu Age of Sigmar Lumineth Realm-Lords Vanari Auralan Sentinels -yksikk\u00f6\u00f6n! T\u00e4ydellinen lis\u00e4 kokoelmaasi, hanki omasi heti!","og_url":"https:\/\/spelivinkki.fi\/sv\/produkt\/age-of-sigmar-lumineth-realm-lords-vanari-auralan-sentinels\/","og_site_name":"Spelivinkki","article_publisher":"https:\/\/www.facebook.com\/SpelivinkkiOy\/","article_modified_time":"2025-03-28T15:15:33+00:00","og_image":[{"width":1840,"height":1900,"url":"https:\/\/mlw9zexfsyfr.i.optimole.com\/w:auto\/h:auto\/q:mauto\/ig:avif\/https:\/\/spelivinkki.fi\/wp-content\/uploads\/2025\/02\/BSF-87-58-99120210059-Lumineth-Realm-Lords-Vanari-Auralan-Sentinels-min.webp","type":"image\/webp"}],"twitter_card":"summary_large_image","twitter_site":"@SpelivinkkiOy","twitter_misc":{"Pris":"45,00&nbsp;&euro;","Tillg\u00e4nglig":"Slut i lager"},"schema":{"@context":"https:\/\/schema.org","@graph":[{"@type":"WebPage","@id":"https:\/\/spelivinkki.fi\/tuote\/age-of-sigmar-lumineth-realm-lords-vanari-auralan-sentinels\/","url":"https:\/\/spelivinkki.fi\/tuote\/age-of-sigmar-lumineth-realm-lords-vanari-auralan-sentinels\/","name":"Age of Sigmar: Lumineth Realm-Lords - Vanari Auralan Sentinels &#8211; Spelivinkki","isPartOf":{"@id":"https:\/\/spelivinkki.fi\/#website"},"primaryImageOfPage":{"@id":"https:\/\/spelivinkki.fi\/tuote\/age-of-sigmar-lumineth-realm-lords-vanari-auralan-sentinels\/#primaryimage"},"image":{"@id":"https:\/\/spelivinkki.fi\/tuote\/age-of-sigmar-lumineth-realm-lords-vanari-auralan-sentinels\/#primaryimage"},"thumbnailUrl":"https:\/\/mlw9zexfsyfr.i.optimole.com\/w:auto\/h:auto\/q:mauto\/ig:avif\/https:\/\/spelivinkki.fi\/wp-content\/uploads\/2025\/02\/BSF-87-58-99120210059-Lumineth-Realm-Lords-Vanari-Auralan-Sentinels-min.webp","datePublished":"2025-02-12T12:18:32+00:00","dateModified":"2025-03-28T15:15:33+00:00","description":"Tutustu Age of Sigmar Lumineth Realm-Lords Vanari Auralan Sentinels -yksikk\u00f6\u00f6n! T\u00e4ydellinen lis\u00e4 kokoelmaasi, hanki omasi heti!","breadcrumb":{"@id":"https:\/\/spelivinkki.fi\/tuote\/age-of-sigmar-lumineth-realm-lords-vanari-auralan-sentinels\/#breadcrumb"},"inLanguage":"sv-SE","potentialAction":[{"@type":"ReadAction","target":["https:\/\/spelivinkki.fi\/tuote\/age-of-sigmar-lumineth-realm-lords-vanari-auralan-sentinels\/"]}]},{"@type":"ImageObject","inLanguage":"sv-SE","@id":"https:\/\/spelivinkki.fi\/tuote\/age-of-sigmar-lumineth-realm-lords-vanari-auralan-sentinels\/#primaryimage","url":"https:\/\/mlw9zexfsyfr.i.optimole.com\/w:auto\/h:auto\/q:mauto\/ig:avif\/https:\/\/spelivinkki.fi\/wp-content\/uploads\/2025\/02\/BSF-87-58-99120210059-Lumineth-Realm-Lords-Vanari-Auralan-Sentinels-min.webp","contentUrl":"https:\/\/mlw9zexfsyfr.i.optimole.com\/w:auto\/h:auto\/q:mauto\/ig:avif\/https:\/\/spelivinkki.fi\/wp-content\/uploads\/2025\/02\/BSF-87-58-99120210059-Lumineth-Realm-Lords-Vanari-Auralan-Sentinels-min.webp","width":1840,"height":1900,"caption":"BSF 87 58 99120210059 Lumineth Realm Lords Vanari Auralan Sentinels min"},{"@type":"BreadcrumbList","@id":"https:\/\/spelivinkki.fi\/tuote\/age-of-sigmar-lumineth-realm-lords-vanari-auralan-sentinels\/#breadcrumb","itemListElement":[{"@type":"ListItem","position":1,"name":"Etusivu","item":"https:\/\/spelivinkki.fi\/"},{"@type":"ListItem","position":2,"name":"Tuotteet","item":"https:\/\/spelivinkki.fi\/tuotteet\/"},{"@type":"ListItem","position":3,"name":"Age of Sigmar: Lumineth Realm-Lords &#8211; Vanari Auralan Sentinels"}]},{"@type":"WebSite","@id":"https:\/\/spelivinkki.fi\/#website","url":"https:\/\/spelivinkki.fi\/","name":"Spelivinkki","description":"Paraisten Lautapelikauppa","publisher":{"@id":"https:\/\/spelivinkki.fi\/#organization"},"alternateName":"Spelivinkki Oy","potentialAction":[{"@type":"SearchAction","target":{"@type":"EntryPoint","urlTemplate":"https:\/\/spelivinkki.fi\/?s={search_term_string}"},"query-input":{"@type":"PropertyValueSpecification","valueRequired":true,"valueName":"search_term_string"}}],"inLanguage":"sv-SE"},{"@type":"Organization","@id":"https:\/\/spelivinkki.fi\/#organization","name":"Spelivinkki Oy","alternateName":"Spelivinkki","url":"https:\/\/spelivinkki.fi\/","logo":{"@type":"ImageObject","inLanguage":"sv-SE","@id":"https:\/\/spelivinkki.fi\/#\/schema\/logo\/image\/","url":"https:\/\/mlw9zexfsyfr.i.optimole.com\/w:auto\/h:auto\/q:mauto\/ig:avif\/https:\/\/spelivinkki.fi\/wp-content\/uploads\/2024\/02\/Logo.svg","contentUrl":"https:\/\/mlw9zexfsyfr.i.optimole.com\/w:auto\/h:auto\/q:mauto\/ig:avif\/https:\/\/spelivinkki.fi\/wp-content\/uploads\/2024\/02\/Logo.svg","width":2176,"height":2323,"caption":"Spelivinkki Oy"},"image":{"@id":"https:\/\/spelivinkki.fi\/#\/schema\/logo\/image\/"},"sameAs":["https:\/\/www.facebook.com\/SpelivinkkiOy\/","https:\/\/x.com\/SpelivinkkiOy","https:\/\/www.instagram.com\/spelivinkkioy\/"],"description":"Spelivinkki Oy is a company operating both a brick-and-mortar store in Finland as well as a webshop online. We sell board games, roleplaying games, miniature wargames, logic puzzles, jigsaw puzzles and other things related to the boardgame hobby.","email":"myynti@spelivinkki.fi","telephone":"+358406486605","legalName":"Spelivinkki Oy","foundingDate":"2023-09-17","vatID":"FI33904524","numberOfEmployees":{"@type":"QuantitativeValue","minValue":"1","maxValue":"10"},"hasMerchantReturnPolicy":{"@type":"MerchantReturnPolicy","merchantReturnLink":"https:\/\/spelivinkki.fi\/sv\/spelivinkin-vaihto-ja-palautusoikeus\/"}}]},"product_brand":"Games Workshop","product_price_amount":"45.00","product_price_currency":"EUR","og_availability":"out of stock","product_availability":"out of stock","product_retailer_item_id":"AoS_Lumineth_Sentinels","product_condition":"new"},"_links":{"self":[{"href":"https:\/\/spelivinkki.fi\/sv\/wp-json\/wp\/v2\/product\/7127","targetHints":{"allow":["GET"]}}],"collection":[{"href":"https:\/\/spelivinkki.fi\/sv\/wp-json\/wp\/v2\/product"}],"about":[{"href":"https:\/\/spelivinkki.fi\/sv\/wp-json\/wp\/v2\/types\/product"}],"wp:featuredmedia":[{"embeddable":true,"href":"https:\/\/spelivinkki.fi\/sv\/wp-json\/wp\/v2\/media\/7128"}],"wp:attachment":[{"href":"https:\/\/spelivinkki.fi\/sv\/wp-json\/wp\/v2\/media?parent=7127"}],"wp:term":[{"taxonomy":"product_brand","embeddable":true,"href":"https:\/\/spelivinkki.fi\/sv\/wp-json\/wp\/v2\/product_brand?post=7127"},{"taxonomy":"product_cat","embeddable":true,"href":"https:\/\/spelivinkki.fi\/sv\/wp-json\/wp\/v2\/product_cat?post=7127"},{"taxonomy":"product_tag","embeddable":true,"href":"https:\/\/spelivinkki.fi\/sv\/wp-json\/wp\/v2\/product_tag?post=7127"}],"curies":[{"name":"wp","href":"https:\/\/api.w.org\/{rel}","templated":true}]}}