{"id":7274,"date":"2025-02-22T15:44:52","date_gmt":"2025-02-22T15:44:52","guid":{"rendered":"https:\/\/spelivinkki.fi\/?post_type=product&#038;p=7274"},"modified":"2025-12-23T20:31:02","modified_gmt":"2025-12-23T20:31:02","slug":"warhammer-40k-space-marines-primaris-redemptor-dreadnought","status":"publish","type":"product","link":"https:\/\/spelivinkki.fi\/sv\/produkt\/warhammer-40k-space-marines-primaris-redemptor-dreadnought\/","title":{"rendered":"Warhammer 40k: Space Marines &#8212; Primaris Redemptor Dreadnought"},"content":{"rendered":"<h6>Publisher Description in English:<\/h6>\n<p><em>Redemptor Dreadnoughts are giant war machines that crush bone and splinter skulls as they bludgeon through enemy ranks. Taller, broader and more cunningly wrought than the Dreadnoughts of traditional design, these goliaths of battle are powered by hyper-dense reactors and sophisticated fibre bundles. They can accelerate from a thudding stomp to a loping, thunderous gait that shakes the ground, barrelling through hails of fire in glorious defiance. Such is the miraculous design of the Redemptor\u2019s neural links that its inhabitant, despite being entombed in the sarcophagus within the Dreadnought\u2019s chest, can exercise control with surprising dexterity and speed.<\/em><\/p>\n<p><em>This multi-part plastic kit contains the components necessary to assemble a Primaris Redemptor Dreadnought. Standing twice the height of the already-tall Primaris Space Marines \u2013 and taller and broader than the standard Dreadnought \u2013 this is an exceptionally aggressive-looking model that befits its status as a powerhouse on the gaming table. It comes with a choice of gatling cannon or plasma incinerator on the right arm, with a Redemptor fist and heavy flamer support weapon or gatling cannon on the left, 2 chest-mounted fragstorm grenade launchers or storm bolters and a carapace-mounted Icarus rocket pod for aerial denial.<\/em><\/p>\n<p><em>The heavy armour on the chest \u2013 replete with flat surfaces and sharp lines, perfect for adding transfers and detail \u2013 of the Redemptor Dreadnought can be modelled to pivot open, showing the sarcophagus interred within. The adventurous hobbyist can remove the pegs from the waist, arms and legs of the model too, allowing for a greater range of posing options.<\/em><\/p>\n<p><em>The Primaris Redemptor Dreadnought comes as 109 components, and is supplied with a Citadel 90mm Round base and a transfer sheet.<\/em><\/p>\n<p><strong>VARNING:<\/strong> P\u00e5 grund av sm\u00e5delar \u00e4r inte produkten l\u00e4mplig f\u00f6r barn under 3!<\/p>","protected":false},"excerpt":{"rendered":"<ul>\n<li><strong>\u00c5ldersrekommendation:<\/strong> 12+<\/li>\n<li><strong>Arm\u00e9:<\/strong> Space Marines<\/li>\n<li><strong>Spr\u00e5k:<\/strong> Engelska<\/li>\n<li><strong>Utgivare:<\/strong> Games Workshop<\/li>\n<\/ul>","protected":false},"featured_media":7275,"template":"","meta":{"site-sidebar-layout":"default","site-content-layout":"","ast-site-content-layout":"default","site-content-style":"default","site-sidebar-style":"default","ast-global-header-display":"","ast-banner-title-visibility":"","ast-main-header-display":"","ast-hfb-above-header-display":"","ast-hfb-below-header-display":"","ast-hfb-mobile-header-display":"","site-post-title":"","ast-breadcrumbs-content":"","ast-featured-img":"","footer-sml-layout":"","ast-disable-related-posts":"","theme-transparent-header-meta":"default","adv-header-id-meta":"","stick-header-meta":"","header-above-stick-meta":"","header-main-stick-meta":"","header-below-stick-meta":"","astra-migrate-meta-layouts":"set","ast-page-background-enabled":"default","ast-page-background-meta":{"desktop":{"background-color":"","background-image":"","background-repeat":"repeat","background-position":"center center","background-size":"auto","background-attachment":"scroll","background-type":"","background-media":"","overlay-type":"","overlay-color":"","overlay-opacity":"","overlay-gradient":""},"tablet":{"background-color":"","background-image":"","background-repeat":"repeat","background-position":"center center","background-size":"auto","background-attachment":"scroll","background-type":"","background-media":"","overlay-type":"","overlay-color":"","overlay-opacity":"","overlay-gradient":""},"mobile":{"background-color":"","background-image":"","background-repeat":"repeat","background-position":"center center","background-size":"auto","background-attachment":"scroll","background-type":"","background-media":"","overlay-type":"","overlay-color":"","overlay-opacity":"","overlay-gradient":""}},"ast-content-background-meta":{"desktop":{"background-color":"var(--ast-global-color-5)","background-image":"","background-repeat":"repeat","background-position":"center center","background-size":"auto","background-attachment":"scroll","background-type":"","background-media":"","overlay-type":"","overlay-color":"","overlay-opacity":"","overlay-gradient":""},"tablet":{"background-color":"var(--ast-global-color-5)","background-image":"","background-repeat":"repeat","background-position":"center center","background-size":"auto","background-attachment":"scroll","background-type":"","background-media":"","overlay-type":"","overlay-color":"","overlay-opacity":"","overlay-gradient":""},"mobile":{"background-color":"var(--ast-global-color-5)","background-image":"","background-repeat":"repeat","background-position":"center center","background-size":"auto","background-attachment":"scroll","background-type":"","background-media":"","overlay-type":"","overlay-color":"","overlay-opacity":"","overlay-gradient":""}}},"product_brand":[1051],"product_cat":[832,834,833],"product_tag":[1279,1278],"class_list":{"0":"post-7274","1":"product","2":"type-product","3":"status-publish","4":"has-post-thumbnail","6":"product_brand-games-workshop","7":"product_cat-miniatyyripelit","8":"product_cat-space-marines","9":"product_cat-warhammer-40k","10":"product_tag-koottava","11":"product_tag-muovifigu","12":"product_shipping_class-standard2","13":"desktop-align-center","14":"tablet-align-center","15":"mobile-align-center","17":"first","18":"instock","19":"taxable","20":"shipping-taxable","21":"purchasable","22":"product-type-simple"},"yoast_head":"<!-- This site is optimized with the Yoast SEO Premium plugin v27.3 (Yoast SEO v27.4) - https:\/\/yoast.com\/product\/yoast-seo-premium-wordpress\/ -->\n<title>Warhammer 40k: Space Marines -- Primaris Redemptor Dreadnought &#8211; Spelivinkki<\/title>\n<meta name=\"description\" content=\"Vie pelisi uudelle tasolle Warhammer Primaris Redemptor Dreadnought:lla. T\u00e4m\u00e4 vaikuttava sotakone vie vihollisesi raskaasti maahan. \u2694\ufe0f\" \/>\n<meta name=\"robots\" content=\"index, follow, max-snippet:-1, max-image-preview:large, max-video-preview:-1\" \/>\n<link rel=\"canonical\" href=\"https:\/\/spelivinkki.fi\/sv\/produkt\/warhammer-40k-space-marines-primaris-redemptor-dreadnought\/\" \/>\n<meta property=\"og:locale\" content=\"sv_SE\" \/>\n<meta property=\"og:type\" content=\"article\" \/>\n<meta property=\"og:title\" content=\"Warhammer 40k: Space Marines -- Primaris Redemptor Dreadnought\" \/>\n<meta property=\"og:description\" content=\"Vie pelisi uudelle tasolle Warhammer Primaris Redemptor Dreadnought:lla. T\u00e4m\u00e4 vaikuttava sotakone vie vihollisesi raskaasti maahan. \u2694\ufe0f\" \/>\n<meta property=\"og:url\" content=\"https:\/\/spelivinkki.fi\/sv\/produkt\/warhammer-40k-space-marines-primaris-redemptor-dreadnought\/\" \/>\n<meta property=\"og:site_name\" content=\"Spelivinkki\" \/>\n<meta property=\"article:publisher\" content=\"https:\/\/www.facebook.com\/SpelivinkkiOy\/\" \/>\n<meta property=\"article:modified_time\" content=\"2025-12-23T20:31:02+00:00\" \/>\n<meta property=\"og:image\" content=\"https:\/\/mlw9zexfsyfr.i.optimole.com\/w:auto\/h:auto\/q:mauto\/ig:avif\/https:\/\/spelivinkki.fi\/wp-content\/uploads\/2025\/02\/WH40k-redemptor-dreadnought-tuotekuva.webp\" \/>\n\t<meta property=\"og:image:width\" content=\"1840\" \/>\n\t<meta property=\"og:image:height\" content=\"1900\" \/>\n\t<meta property=\"og:image:type\" content=\"image\/webp\" \/>\n<meta name=\"twitter:card\" content=\"summary_large_image\" \/>\n<meta name=\"twitter:site\" content=\"@SpelivinkkiOy\" \/>\n<meta name=\"twitter:label1\" content=\"Pris\" \/>\n\t<meta name=\"twitter:data1\" content=\"58,00&nbsp;&euro;\" \/>\n\t<meta name=\"twitter:label2\" content=\"Tillg\u00e4nglig\" \/>\n\t<meta name=\"twitter:data2\" content=\"I lager\" \/>\n<script type=\"application\/ld+json\" class=\"yoast-schema-graph\">{\"@context\":\"https:\\\/\\\/schema.org\",\"@graph\":[{\"@type\":\"WebPage\",\"@id\":\"https:\\\/\\\/spelivinkki.fi\\\/tuote\\\/warhammer-40k-space-marines-primaris-redemptor-dreadnought\\\/\",\"url\":\"https:\\\/\\\/spelivinkki.fi\\\/tuote\\\/warhammer-40k-space-marines-primaris-redemptor-dreadnought\\\/\",\"name\":\"Warhammer 40k: Space Marines -- Primaris Redemptor Dreadnought &#8211; Spelivinkki\",\"isPartOf\":{\"@id\":\"https:\\\/\\\/spelivinkki.fi\\\/#website\"},\"primaryImageOfPage\":{\"@id\":\"https:\\\/\\\/spelivinkki.fi\\\/tuote\\\/warhammer-40k-space-marines-primaris-redemptor-dreadnought\\\/#primaryimage\"},\"image\":{\"@id\":\"https:\\\/\\\/spelivinkki.fi\\\/tuote\\\/warhammer-40k-space-marines-primaris-redemptor-dreadnought\\\/#primaryimage\"},\"thumbnailUrl\":\"https:\\/\\/spelivinkki.fi\\/wp-content\\/uploads\\/2025\\/02\\/WH40k-redemptor-dreadnought-tuotekuva.webp\",\"datePublished\":\"2025-02-22T15:44:52+00:00\",\"dateModified\":\"2025-12-23T20:31:02+00:00\",\"description\":\"Vie pelisi uudelle tasolle Warhammer Primaris Redemptor Dreadnought:lla. T\u00e4m\u00e4 vaikuttava sotakone vie vihollisesi raskaasti maahan. \u2694\ufe0f\",\"breadcrumb\":{\"@id\":\"https:\\\/\\\/spelivinkki.fi\\\/tuote\\\/warhammer-40k-space-marines-primaris-redemptor-dreadnought\\\/#breadcrumb\"},\"inLanguage\":\"sv-SE\",\"potentialAction\":[{\"@type\":\"ReadAction\",\"target\":[\"https:\\\/\\\/spelivinkki.fi\\\/tuote\\\/warhammer-40k-space-marines-primaris-redemptor-dreadnought\\\/\"]}]},{\"@type\":\"ImageObject\",\"inLanguage\":\"sv-SE\",\"@id\":\"https:\\\/\\\/spelivinkki.fi\\\/tuote\\\/warhammer-40k-space-marines-primaris-redemptor-dreadnought\\\/#primaryimage\",\"url\":\"https:\\/\\/spelivinkki.fi\\/wp-content\\/uploads\\/2025\\/02\\/WH40k-redemptor-dreadnought-tuotekuva.webp\",\"contentUrl\":\"https:\\/\\/spelivinkki.fi\\/wp-content\\/uploads\\/2025\\/02\\/WH40k-redemptor-dreadnought-tuotekuva.webp\",\"width\":1840,\"height\":1900,\"caption\":\"WH40k redemptor dreadnought tuotekuva\"},{\"@type\":\"BreadcrumbList\",\"@id\":\"https:\\\/\\\/spelivinkki.fi\\\/tuote\\\/warhammer-40k-space-marines-primaris-redemptor-dreadnought\\\/#breadcrumb\",\"itemListElement\":[{\"@type\":\"ListItem\",\"position\":1,\"name\":\"Etusivu\",\"item\":\"https:\\\/\\\/spelivinkki.fi\\\/\"},{\"@type\":\"ListItem\",\"position\":2,\"name\":\"Tuotteet\",\"item\":\"https:\\\/\\\/spelivinkki.fi\\\/tuotteet\\\/\"},{\"@type\":\"ListItem\",\"position\":3,\"name\":\"Warhammer 40k: Space Marines &#8212; Primaris Redemptor Dreadnought\"}]},{\"@type\":\"WebSite\",\"@id\":\"https:\\\/\\\/spelivinkki.fi\\\/#website\",\"url\":\"https:\\\/\\\/spelivinkki.fi\\\/\",\"name\":\"Spelivinkki\",\"description\":\"Paraisten Lautapelikauppa\",\"publisher\":{\"@id\":\"https:\\\/\\\/spelivinkki.fi\\\/#organization\"},\"alternateName\":\"Spelivinkki Oy\",\"potentialAction\":[{\"@type\":\"SearchAction\",\"target\":{\"@type\":\"EntryPoint\",\"urlTemplate\":\"https:\\\/\\\/spelivinkki.fi\\\/?s={search_term_string}\"},\"query-input\":{\"@type\":\"PropertyValueSpecification\",\"valueRequired\":true,\"valueName\":\"search_term_string\"}}],\"inLanguage\":\"sv-SE\"},{\"@type\":\"Organization\",\"@id\":\"https:\\\/\\\/spelivinkki.fi\\\/#organization\",\"name\":\"Spelivinkki Oy\",\"alternateName\":\"Spelivinkki\",\"url\":\"https:\\\/\\\/spelivinkki.fi\\\/\",\"logo\":{\"@type\":\"ImageObject\",\"inLanguage\":\"sv-SE\",\"@id\":\"https:\\\/\\\/spelivinkki.fi\\\/#\\\/schema\\\/logo\\\/image\\\/\",\"url\":\"https:\\/\\/spelivinkki.fi\\/wp-content\\/uploads\\/2024\\/02\\/Logo.svg\",\"contentUrl\":\"https:\\/\\/spelivinkki.fi\\/wp-content\\/uploads\\/2024\\/02\\/Logo.svg\",\"width\":2176,\"height\":2323,\"caption\":\"Spelivinkki Oy\"},\"image\":{\"@id\":\"https:\\\/\\\/spelivinkki.fi\\\/#\\\/schema\\\/logo\\\/image\\\/\"},\"sameAs\":[\"https:\\\/\\\/www.facebook.com\\\/SpelivinkkiOy\\\/\",\"https:\\\/\\\/x.com\\\/SpelivinkkiOy\",\"https:\\\/\\\/www.instagram.com\\\/spelivinkkioy\\\/\"],\"description\":\"Spelivinkki Oy is a company operating both a brick-and-mortar store in Finland as well as a webshop online. We sell board games, roleplaying games, miniature wargames, logic puzzles, jigsaw puzzles and other things related to the boardgame hobby.\",\"email\":\"myynti@spelivinkki.fi\",\"telephone\":\"+358406486605\",\"legalName\":\"Spelivinkki Oy\",\"foundingDate\":\"2023-09-17\",\"vatID\":\"FI33904524\",\"numberOfEmployees\":{\"@type\":\"QuantitativeValue\",\"minValue\":\"1\",\"maxValue\":\"10\"},\"hasMerchantReturnPolicy\":{\"@type\":\"MerchantReturnPolicy\",\"merchantReturnLink\":\"https:\\\/\\\/spelivinkki.fi\\\/sv\\\/spelivinkin-vaihto-ja-palautusoikeus\\\/\"}}]}<\/script>\n<meta property=\"product:brand\" content=\"Games Workshop\" \/>\n<meta property=\"product:price:amount\" content=\"58.00\" \/>\n<meta property=\"product:price:currency\" content=\"EUR\" \/>\n<meta property=\"og:availability\" content=\"instock\" \/>\n<meta property=\"product:availability\" content=\"instock\" \/>\n<meta property=\"product:retailer_item_id\" content=\"WH40k_Redemptor_Dreadnought\" \/>\n<meta property=\"product:condition\" content=\"new\" \/>\n<!-- \/ Yoast SEO Premium plugin. -->","yoast_head_json":{"title":"Warhammer 40k: Space Marines -- Primaris Redemptor Dreadnought &#8211; Spelivinkki","description":"Vie pelisi uudelle tasolle Warhammer Primaris Redemptor Dreadnought:lla. T\u00e4m\u00e4 vaikuttava sotakone vie vihollisesi raskaasti maahan. \u2694\ufe0f","robots":{"index":"index","follow":"follow","max-snippet":"max-snippet:-1","max-image-preview":"max-image-preview:large","max-video-preview":"max-video-preview:-1"},"canonical":"https:\/\/spelivinkki.fi\/sv\/produkt\/warhammer-40k-space-marines-primaris-redemptor-dreadnought\/","og_locale":"sv_SE","og_type":"article","og_title":"Warhammer 40k: Space Marines -- Primaris Redemptor Dreadnought","og_description":"Vie pelisi uudelle tasolle Warhammer Primaris Redemptor Dreadnought:lla. T\u00e4m\u00e4 vaikuttava sotakone vie vihollisesi raskaasti maahan. \u2694\ufe0f","og_url":"https:\/\/spelivinkki.fi\/sv\/produkt\/warhammer-40k-space-marines-primaris-redemptor-dreadnought\/","og_site_name":"Spelivinkki","article_publisher":"https:\/\/www.facebook.com\/SpelivinkkiOy\/","article_modified_time":"2025-12-23T20:31:02+00:00","og_image":[{"width":1840,"height":1900,"url":"https:\/\/mlw9zexfsyfr.i.optimole.com\/w:auto\/h:auto\/q:mauto\/ig:avif\/https:\/\/spelivinkki.fi\/wp-content\/uploads\/2025\/02\/WH40k-redemptor-dreadnought-tuotekuva.webp","type":"image\/webp"}],"twitter_card":"summary_large_image","twitter_site":"@SpelivinkkiOy","twitter_misc":{"Pris":"58,00&nbsp;&euro;","Tillg\u00e4nglig":"I lager"},"schema":{"@context":"https:\/\/schema.org","@graph":[{"@type":"WebPage","@id":"https:\/\/spelivinkki.fi\/tuote\/warhammer-40k-space-marines-primaris-redemptor-dreadnought\/","url":"https:\/\/spelivinkki.fi\/tuote\/warhammer-40k-space-marines-primaris-redemptor-dreadnought\/","name":"Warhammer 40k: Space Marines -- Primaris Redemptor Dreadnought &#8211; Spelivinkki","isPartOf":{"@id":"https:\/\/spelivinkki.fi\/#website"},"primaryImageOfPage":{"@id":"https:\/\/spelivinkki.fi\/tuote\/warhammer-40k-space-marines-primaris-redemptor-dreadnought\/#primaryimage"},"image":{"@id":"https:\/\/spelivinkki.fi\/tuote\/warhammer-40k-space-marines-primaris-redemptor-dreadnought\/#primaryimage"},"thumbnailUrl":"https:\/\/mlw9zexfsyfr.i.optimole.com\/w:auto\/h:auto\/q:mauto\/ig:avif\/https:\/\/spelivinkki.fi\/wp-content\/uploads\/2025\/02\/WH40k-redemptor-dreadnought-tuotekuva.webp","datePublished":"2025-02-22T15:44:52+00:00","dateModified":"2025-12-23T20:31:02+00:00","description":"Vie pelisi uudelle tasolle Warhammer Primaris Redemptor Dreadnought:lla. T\u00e4m\u00e4 vaikuttava sotakone vie vihollisesi raskaasti maahan. \u2694\ufe0f","breadcrumb":{"@id":"https:\/\/spelivinkki.fi\/tuote\/warhammer-40k-space-marines-primaris-redemptor-dreadnought\/#breadcrumb"},"inLanguage":"sv-SE","potentialAction":[{"@type":"ReadAction","target":["https:\/\/spelivinkki.fi\/tuote\/warhammer-40k-space-marines-primaris-redemptor-dreadnought\/"]}]},{"@type":"ImageObject","inLanguage":"sv-SE","@id":"https:\/\/spelivinkki.fi\/tuote\/warhammer-40k-space-marines-primaris-redemptor-dreadnought\/#primaryimage","url":"https:\/\/mlw9zexfsyfr.i.optimole.com\/w:auto\/h:auto\/q:mauto\/ig:avif\/https:\/\/spelivinkki.fi\/wp-content\/uploads\/2025\/02\/WH40k-redemptor-dreadnought-tuotekuva.webp","contentUrl":"https:\/\/mlw9zexfsyfr.i.optimole.com\/w:auto\/h:auto\/q:mauto\/ig:avif\/https:\/\/spelivinkki.fi\/wp-content\/uploads\/2025\/02\/WH40k-redemptor-dreadnought-tuotekuva.webp","width":1840,"height":1900,"caption":"WH40k redemptor dreadnought tuotekuva"},{"@type":"BreadcrumbList","@id":"https:\/\/spelivinkki.fi\/tuote\/warhammer-40k-space-marines-primaris-redemptor-dreadnought\/#breadcrumb","itemListElement":[{"@type":"ListItem","position":1,"name":"Etusivu","item":"https:\/\/spelivinkki.fi\/"},{"@type":"ListItem","position":2,"name":"Tuotteet","item":"https:\/\/spelivinkki.fi\/tuotteet\/"},{"@type":"ListItem","position":3,"name":"Warhammer 40k: Space Marines &#8212; Primaris Redemptor Dreadnought"}]},{"@type":"WebSite","@id":"https:\/\/spelivinkki.fi\/#website","url":"https:\/\/spelivinkki.fi\/","name":"Spelivinkki","description":"Paraisten Lautapelikauppa","publisher":{"@id":"https:\/\/spelivinkki.fi\/#organization"},"alternateName":"Spelivinkki Oy","potentialAction":[{"@type":"SearchAction","target":{"@type":"EntryPoint","urlTemplate":"https:\/\/spelivinkki.fi\/?s={search_term_string}"},"query-input":{"@type":"PropertyValueSpecification","valueRequired":true,"valueName":"search_term_string"}}],"inLanguage":"sv-SE"},{"@type":"Organization","@id":"https:\/\/spelivinkki.fi\/#organization","name":"Spelivinkki Oy","alternateName":"Spelivinkki","url":"https:\/\/spelivinkki.fi\/","logo":{"@type":"ImageObject","inLanguage":"sv-SE","@id":"https:\/\/spelivinkki.fi\/#\/schema\/logo\/image\/","url":"https:\/\/mlw9zexfsyfr.i.optimole.com\/w:auto\/h:auto\/q:mauto\/ig:avif\/https:\/\/spelivinkki.fi\/wp-content\/uploads\/2024\/02\/Logo.svg","contentUrl":"https:\/\/mlw9zexfsyfr.i.optimole.com\/w:auto\/h:auto\/q:mauto\/ig:avif\/https:\/\/spelivinkki.fi\/wp-content\/uploads\/2024\/02\/Logo.svg","width":2176,"height":2323,"caption":"Spelivinkki Oy"},"image":{"@id":"https:\/\/spelivinkki.fi\/#\/schema\/logo\/image\/"},"sameAs":["https:\/\/www.facebook.com\/SpelivinkkiOy\/","https:\/\/x.com\/SpelivinkkiOy","https:\/\/www.instagram.com\/spelivinkkioy\/"],"description":"Spelivinkki Oy is a company operating both a brick-and-mortar store in Finland as well as a webshop online. We sell board games, roleplaying games, miniature wargames, logic puzzles, jigsaw puzzles and other things related to the boardgame hobby.","email":"myynti@spelivinkki.fi","telephone":"+358406486605","legalName":"Spelivinkki Oy","foundingDate":"2023-09-17","vatID":"FI33904524","numberOfEmployees":{"@type":"QuantitativeValue","minValue":"1","maxValue":"10"},"hasMerchantReturnPolicy":{"@type":"MerchantReturnPolicy","merchantReturnLink":"https:\/\/spelivinkki.fi\/sv\/spelivinkin-vaihto-ja-palautusoikeus\/"}}]},"product_brand":"Games Workshop","product_price_amount":"58.00","product_price_currency":"EUR","og_availability":"instock","product_availability":"instock","product_retailer_item_id":"WH40k_Redemptor_Dreadnought","product_condition":"new"},"_links":{"self":[{"href":"https:\/\/spelivinkki.fi\/sv\/wp-json\/wp\/v2\/product\/7274","targetHints":{"allow":["GET"]}}],"collection":[{"href":"https:\/\/spelivinkki.fi\/sv\/wp-json\/wp\/v2\/product"}],"about":[{"href":"https:\/\/spelivinkki.fi\/sv\/wp-json\/wp\/v2\/types\/product"}],"wp:featuredmedia":[{"embeddable":true,"href":"https:\/\/spelivinkki.fi\/sv\/wp-json\/wp\/v2\/media\/7275"}],"wp:attachment":[{"href":"https:\/\/spelivinkki.fi\/sv\/wp-json\/wp\/v2\/media?parent=7274"}],"wp:term":[{"taxonomy":"product_brand","embeddable":true,"href":"https:\/\/spelivinkki.fi\/sv\/wp-json\/wp\/v2\/product_brand?post=7274"},{"taxonomy":"product_cat","embeddable":true,"href":"https:\/\/spelivinkki.fi\/sv\/wp-json\/wp\/v2\/product_cat?post=7274"},{"taxonomy":"product_tag","embeddable":true,"href":"https:\/\/spelivinkki.fi\/sv\/wp-json\/wp\/v2\/product_tag?post=7274"}],"curies":[{"name":"wp","href":"https:\/\/api.w.org\/{rel}","templated":true}]}}