{"id":7364,"date":"2025-03-17T22:02:33","date_gmt":"2025-03-17T22:02:33","guid":{"rendered":"https:\/\/spelivinkki.fi\/?post_type=product&#038;p=7364"},"modified":"2025-08-28T15:41:21","modified_gmt":"2025-08-28T15:41:21","slug":"wyrmspan-en","status":"publish","type":"product","link":"https:\/\/spelivinkki.fi\/sv\/produkt\/wyrmspan-en\/","title":{"rendered":"Wyrmspan (EN)"},"content":{"rendered":"<p>Wyrmspan \u00e4r Wingspan-spelseriens mer komplicerade systerspel!<\/p>\n<h6>Publisher Description in English:<\/h6>\n<p><em>You are an amateur dracologist in the world of Wyrmspan, a place where dragons of all shapes, sizes, and colors roam the skies. Excavate a hidden labyrinth you recently unearthed on your land and entice these beautiful creatures to roost in the sanctuary of your caves.<\/em><\/p>\n<p><em>During a game of Wyrmspan, you will build a sanctuary for dragons of all shapes and sizes. Your sanctuary begins with 3 excavated spaces\u2014the leftmost space in your Crimson Cavern, your Golden Grotto, and your Amethyst Abyss. Over the course of the game, you will excavate additional spaces in your sanctuary and entice dragons to live there, chaining together powerful abilities and earning the favor of the Dragon Guild.<\/em><\/p>\n<p><em>Wyrmspan is inspired by the mechanisms of Wingspan, though its 16+ unique elements make Wyrmspan a standalone game (not compatible with<\/em> Wingspan).<\/p>","protected":false},"excerpt":{"rendered":"<ul>\n<li><strong>Spelarm\u00e4ngd:<\/strong> 1-5 (<strong>B\u00e4sta m\u00e4ngden:<\/strong> 3)<\/li>\n<li><strong>Varaktighet:<\/strong> 90 min<\/li>\n<li><strong>\u00c5ldersrekommendation:<\/strong> 14+<\/li>\n<li><strong>Spr\u00e5k:<\/strong> Engelska<\/li>\n<li><strong>Genre:<\/strong> Samling, handkontroll, po\u00e4ngmotorsbyggande<\/li>\n<li><strong>Tema:<\/strong> Drakar, Fantasy<\/li>\n<li><strong>Passande Sleevy Kortskydd (ing\u00e5r ej!):<\/strong> 210 st Medium storlek<\/li>\n<li><strong>Utveckling:<\/strong> Connie Vogelmann<\/li>\n<li><strong>Utgivare:<\/strong> Stonemaier Games<\/li>\n<\/ul>","protected":false},"featured_media":7365,"template":"","meta":{"site-sidebar-layout":"default","site-content-layout":"","ast-site-content-layout":"default","site-content-style":"default","site-sidebar-style":"default","ast-global-header-display":"","ast-banner-title-visibility":"","ast-main-header-display":"","ast-hfb-above-header-display":"","ast-hfb-below-header-display":"","ast-hfb-mobile-header-display":"","site-post-title":"","ast-breadcrumbs-content":"","ast-featured-img":"","footer-sml-layout":"","ast-disable-related-posts":"","theme-transparent-header-meta":"default","adv-header-id-meta":"","stick-header-meta":"","header-above-stick-meta":"","header-main-stick-meta":"","header-below-stick-meta":"","astra-migrate-meta-layouts":"set","ast-page-background-enabled":"default","ast-page-background-meta":{"desktop":{"background-color":"","background-image":"","background-repeat":"repeat","background-position":"center center","background-size":"auto","background-attachment":"scroll","background-type":"","background-media":"","overlay-type":"","overlay-color":"","overlay-opacity":"","overlay-gradient":""},"tablet":{"background-color":"","background-image":"","background-repeat":"repeat","background-position":"center center","background-size":"auto","background-attachment":"scroll","background-type":"","background-media":"","overlay-type":"","overlay-color":"","overlay-opacity":"","overlay-gradient":""},"mobile":{"background-color":"","background-image":"","background-repeat":"repeat","background-position":"center center","background-size":"auto","background-attachment":"scroll","background-type":"","background-media":"","overlay-type":"","overlay-color":"","overlay-opacity":"","overlay-gradient":""}},"ast-content-background-meta":{"desktop":{"background-color":"var(--ast-global-color-5)","background-image":"","background-repeat":"repeat","background-position":"center center","background-size":"auto","background-attachment":"scroll","background-type":"","background-media":"","overlay-type":"","overlay-color":"","overlay-opacity":"","overlay-gradient":""},"tablet":{"background-color":"var(--ast-global-color-5)","background-image":"","background-repeat":"repeat","background-position":"center center","background-size":"auto","background-attachment":"scroll","background-type":"","background-media":"","overlay-type":"","overlay-color":"","overlay-opacity":"","overlay-gradient":""},"mobile":{"background-color":"var(--ast-global-color-5)","background-image":"","background-repeat":"repeat","background-position":"center center","background-size":"auto","background-attachment":"scroll","background-type":"","background-media":"","overlay-type":"","overlay-color":"","overlay-opacity":"","overlay-gradient":""}}},"product_brand":[1119],"product_cat":[16,278,45],"product_tag":[1286,1121,1049,1058,1047,1120],"class_list":{"0":"post-7364","1":"product","2":"type-product","3":"status-publish","4":"has-post-thumbnail","6":"product_brand-stonemaier-games","7":"product_cat-kaikki","8":"product_cat-settikeraily","9":"product_cat-strategiapelit","10":"product_tag-connie-vogelmann","11":"product_tag-elizabeth-hargrave","12":"product_tag-englanninkieliset-pelit","13":"product_tag-europeli","14":"product_tag-peruspeli","15":"product_tag-wingspan-pelit","16":"product_shipping_class-standard2","17":"desktop-align-center","18":"tablet-align-center","19":"mobile-align-center","21":"first","22":"outofstock","23":"taxable","24":"shipping-taxable","25":"purchasable","26":"product-type-simple"},"yoast_head":"<!-- This site is optimized with the Yoast SEO Premium plugin v27.3 (Yoast SEO v27.4) - https:\/\/yoast.com\/product\/yoast-seo-premium-wordpress\/ -->\n<title>Wyrmspan (EN) &#8211; Spelivinkki<\/title>\n<meta name=\"description\" content=\"Koe Wyrmspan-pelin j\u00e4nnitys, jossa lohik\u00e4\u00e4rmeet roskivat taivaalla! Aloita turvapaikan rakentaminen ja vie peli uudelle tasolle. Peli Wingspan faneille! \ud83d\udc09\" \/>\n<meta name=\"robots\" content=\"index, follow, max-snippet:-1, max-image-preview:large, max-video-preview:-1\" \/>\n<link rel=\"canonical\" href=\"https:\/\/spelivinkki.fi\/sv\/produkt\/wyrmspan-en\/\" \/>\n<meta property=\"og:locale\" content=\"sv_SE\" \/>\n<meta property=\"og:type\" content=\"article\" \/>\n<meta property=\"og:title\" content=\"Wyrmspan (EN)\" \/>\n<meta property=\"og:description\" content=\"Koe Wyrmspan-pelin j\u00e4nnitys, jossa lohik\u00e4\u00e4rmeet roskivat taivaalla! Aloita turvapaikan rakentaminen ja vie peli uudelle tasolle. Peli Wingspan faneille! \ud83d\udc09\" \/>\n<meta property=\"og:url\" content=\"https:\/\/spelivinkki.fi\/sv\/produkt\/wyrmspan-en\/\" \/>\n<meta property=\"og:site_name\" content=\"Spelivinkki\" \/>\n<meta property=\"article:publisher\" content=\"https:\/\/www.facebook.com\/SpelivinkkiOy\/\" \/>\n<meta property=\"article:modified_time\" content=\"2025-08-28T15:41:21+00:00\" \/>\n<meta property=\"og:image\" content=\"https:\/\/mlw9zexfsyfr.i.optimole.com\/w:auto\/h:auto\/q:mauto\/ig:avif\/https:\/\/spelivinkki.fi\/wp-content\/uploads\/2025\/03\/Wyrmspan-Tuotekuva.webp\" \/>\n\t<meta property=\"og:image:width\" content=\"768\" \/>\n\t<meta property=\"og:image:height\" content=\"915\" \/>\n\t<meta property=\"og:image:type\" content=\"image\/webp\" \/>\n<meta name=\"twitter:card\" content=\"summary_large_image\" \/>\n<meta name=\"twitter:site\" content=\"@SpelivinkkiOy\" \/>\n<meta name=\"twitter:label1\" content=\"Pris\" \/>\n\t<meta name=\"twitter:data1\" content=\"55,00&nbsp;&euro;\" \/>\n\t<meta name=\"twitter:label2\" content=\"Tillg\u00e4nglig\" \/>\n\t<meta name=\"twitter:data2\" content=\"Slut i lager\" \/>\n<script type=\"application\/ld+json\" class=\"yoast-schema-graph\">{\"@context\":\"https:\\\/\\\/schema.org\",\"@graph\":[{\"@type\":\"WebPage\",\"@id\":\"https:\\\/\\\/spelivinkki.fi\\\/tuote\\\/wyrmspan-en\\\/\",\"url\":\"https:\\\/\\\/spelivinkki.fi\\\/tuote\\\/wyrmspan-en\\\/\",\"name\":\"Wyrmspan (EN) &#8211; Spelivinkki\",\"isPartOf\":{\"@id\":\"https:\\\/\\\/spelivinkki.fi\\\/#website\"},\"primaryImageOfPage\":{\"@id\":\"https:\\\/\\\/spelivinkki.fi\\\/tuote\\\/wyrmspan-en\\\/#primaryimage\"},\"image\":{\"@id\":\"https:\\\/\\\/spelivinkki.fi\\\/tuote\\\/wyrmspan-en\\\/#primaryimage\"},\"thumbnailUrl\":\"https:\\/\\/spelivinkki.fi\\/wp-content\\/uploads\\/2025\\/03\\/Wyrmspan-Tuotekuva.webp\",\"datePublished\":\"2025-03-17T22:02:33+00:00\",\"dateModified\":\"2025-08-28T15:41:21+00:00\",\"description\":\"Koe Wyrmspan-pelin j\u00e4nnitys, jossa lohik\u00e4\u00e4rmeet roskivat taivaalla! Aloita turvapaikan rakentaminen ja vie peli uudelle tasolle. Peli Wingspan faneille! \ud83d\udc09\",\"breadcrumb\":{\"@id\":\"https:\\\/\\\/spelivinkki.fi\\\/tuote\\\/wyrmspan-en\\\/#breadcrumb\"},\"inLanguage\":\"sv-SE\",\"potentialAction\":[{\"@type\":\"ReadAction\",\"target\":[\"https:\\\/\\\/spelivinkki.fi\\\/tuote\\\/wyrmspan-en\\\/\"]}]},{\"@type\":\"ImageObject\",\"inLanguage\":\"sv-SE\",\"@id\":\"https:\\\/\\\/spelivinkki.fi\\\/tuote\\\/wyrmspan-en\\\/#primaryimage\",\"url\":\"https:\\/\\/spelivinkki.fi\\/wp-content\\/uploads\\/2025\\/03\\/Wyrmspan-Tuotekuva.webp\",\"contentUrl\":\"https:\\/\\/spelivinkki.fi\\/wp-content\\/uploads\\/2025\\/03\\/Wyrmspan-Tuotekuva.webp\",\"width\":768,\"height\":915,\"caption\":\"Wyrmspan Tuotekuva\"},{\"@type\":\"BreadcrumbList\",\"@id\":\"https:\\\/\\\/spelivinkki.fi\\\/tuote\\\/wyrmspan-en\\\/#breadcrumb\",\"itemListElement\":[{\"@type\":\"ListItem\",\"position\":1,\"name\":\"Etusivu\",\"item\":\"https:\\\/\\\/spelivinkki.fi\\\/\"},{\"@type\":\"ListItem\",\"position\":2,\"name\":\"Tuotteet\",\"item\":\"https:\\\/\\\/spelivinkki.fi\\\/tuotteet\\\/\"},{\"@type\":\"ListItem\",\"position\":3,\"name\":\"Wyrmspan (EN)\"}]},{\"@type\":\"WebSite\",\"@id\":\"https:\\\/\\\/spelivinkki.fi\\\/#website\",\"url\":\"https:\\\/\\\/spelivinkki.fi\\\/\",\"name\":\"Spelivinkki\",\"description\":\"Paraisten Lautapelikauppa\",\"publisher\":{\"@id\":\"https:\\\/\\\/spelivinkki.fi\\\/#organization\"},\"alternateName\":\"Spelivinkki Oy\",\"potentialAction\":[{\"@type\":\"SearchAction\",\"target\":{\"@type\":\"EntryPoint\",\"urlTemplate\":\"https:\\\/\\\/spelivinkki.fi\\\/?s={search_term_string}\"},\"query-input\":{\"@type\":\"PropertyValueSpecification\",\"valueRequired\":true,\"valueName\":\"search_term_string\"}}],\"inLanguage\":\"sv-SE\"},{\"@type\":\"Organization\",\"@id\":\"https:\\\/\\\/spelivinkki.fi\\\/#organization\",\"name\":\"Spelivinkki Oy\",\"alternateName\":\"Spelivinkki\",\"url\":\"https:\\\/\\\/spelivinkki.fi\\\/\",\"logo\":{\"@type\":\"ImageObject\",\"inLanguage\":\"sv-SE\",\"@id\":\"https:\\\/\\\/spelivinkki.fi\\\/#\\\/schema\\\/logo\\\/image\\\/\",\"url\":\"https:\\/\\/spelivinkki.fi\\/wp-content\\/uploads\\/2024\\/02\\/Logo.svg\",\"contentUrl\":\"https:\\/\\/spelivinkki.fi\\/wp-content\\/uploads\\/2024\\/02\\/Logo.svg\",\"width\":2176,\"height\":2323,\"caption\":\"Spelivinkki Oy\"},\"image\":{\"@id\":\"https:\\\/\\\/spelivinkki.fi\\\/#\\\/schema\\\/logo\\\/image\\\/\"},\"sameAs\":[\"https:\\\/\\\/www.facebook.com\\\/SpelivinkkiOy\\\/\",\"https:\\\/\\\/x.com\\\/SpelivinkkiOy\",\"https:\\\/\\\/www.instagram.com\\\/spelivinkkioy\\\/\"],\"description\":\"Spelivinkki Oy is a company operating both a brick-and-mortar store in Finland as well as a webshop online. We sell board games, roleplaying games, miniature wargames, logic puzzles, jigsaw puzzles and other things related to the boardgame hobby.\",\"email\":\"myynti@spelivinkki.fi\",\"telephone\":\"+358406486605\",\"legalName\":\"Spelivinkki Oy\",\"foundingDate\":\"2023-09-17\",\"vatID\":\"FI33904524\",\"numberOfEmployees\":{\"@type\":\"QuantitativeValue\",\"minValue\":\"1\",\"maxValue\":\"10\"},\"hasMerchantReturnPolicy\":{\"@type\":\"MerchantReturnPolicy\",\"merchantReturnLink\":\"https:\\\/\\\/spelivinkki.fi\\\/sv\\\/spelivinkin-vaihto-ja-palautusoikeus\\\/\"}}]}<\/script>\n<meta property=\"product:brand\" content=\"Stonemaier Games\" \/>\n<meta property=\"product:price:amount\" content=\"55.00\" \/>\n<meta property=\"product:price:currency\" content=\"EUR\" \/>\n<meta property=\"og:availability\" content=\"out of stock\" \/>\n<meta property=\"product:availability\" content=\"out of stock\" \/>\n<meta property=\"product:retailer_item_id\" content=\"Wyrmspan\" \/>\n<meta property=\"product:condition\" content=\"new\" \/>\n<!-- \/ Yoast SEO Premium plugin. -->","yoast_head_json":{"title":"Wyrmspan (EN) &#8211; Spelivinkki","description":"Koe Wyrmspan-pelin j\u00e4nnitys, jossa lohik\u00e4\u00e4rmeet roskivat taivaalla! Aloita turvapaikan rakentaminen ja vie peli uudelle tasolle. Peli Wingspan faneille! \ud83d\udc09","robots":{"index":"index","follow":"follow","max-snippet":"max-snippet:-1","max-image-preview":"max-image-preview:large","max-video-preview":"max-video-preview:-1"},"canonical":"https:\/\/spelivinkki.fi\/sv\/produkt\/wyrmspan-en\/","og_locale":"sv_SE","og_type":"article","og_title":"Wyrmspan (EN)","og_description":"Koe Wyrmspan-pelin j\u00e4nnitys, jossa lohik\u00e4\u00e4rmeet roskivat taivaalla! Aloita turvapaikan rakentaminen ja vie peli uudelle tasolle. Peli Wingspan faneille! \ud83d\udc09","og_url":"https:\/\/spelivinkki.fi\/sv\/produkt\/wyrmspan-en\/","og_site_name":"Spelivinkki","article_publisher":"https:\/\/www.facebook.com\/SpelivinkkiOy\/","article_modified_time":"2025-08-28T15:41:21+00:00","og_image":[{"width":768,"height":915,"url":"https:\/\/mlw9zexfsyfr.i.optimole.com\/w:auto\/h:auto\/q:mauto\/ig:avif\/https:\/\/spelivinkki.fi\/wp-content\/uploads\/2025\/03\/Wyrmspan-Tuotekuva.webp","type":"image\/webp"}],"twitter_card":"summary_large_image","twitter_site":"@SpelivinkkiOy","twitter_misc":{"Pris":"55,00&nbsp;&euro;","Tillg\u00e4nglig":"Slut i lager"},"schema":{"@context":"https:\/\/schema.org","@graph":[{"@type":"WebPage","@id":"https:\/\/spelivinkki.fi\/tuote\/wyrmspan-en\/","url":"https:\/\/spelivinkki.fi\/tuote\/wyrmspan-en\/","name":"Wyrmspan (EN) &#8211; Spelivinkki","isPartOf":{"@id":"https:\/\/spelivinkki.fi\/#website"},"primaryImageOfPage":{"@id":"https:\/\/spelivinkki.fi\/tuote\/wyrmspan-en\/#primaryimage"},"image":{"@id":"https:\/\/spelivinkki.fi\/tuote\/wyrmspan-en\/#primaryimage"},"thumbnailUrl":"https:\/\/mlw9zexfsyfr.i.optimole.com\/w:auto\/h:auto\/q:mauto\/ig:avif\/https:\/\/spelivinkki.fi\/wp-content\/uploads\/2025\/03\/Wyrmspan-Tuotekuva.webp","datePublished":"2025-03-17T22:02:33+00:00","dateModified":"2025-08-28T15:41:21+00:00","description":"Koe Wyrmspan-pelin j\u00e4nnitys, jossa lohik\u00e4\u00e4rmeet roskivat taivaalla! Aloita turvapaikan rakentaminen ja vie peli uudelle tasolle. Peli Wingspan faneille! \ud83d\udc09","breadcrumb":{"@id":"https:\/\/spelivinkki.fi\/tuote\/wyrmspan-en\/#breadcrumb"},"inLanguage":"sv-SE","potentialAction":[{"@type":"ReadAction","target":["https:\/\/spelivinkki.fi\/tuote\/wyrmspan-en\/"]}]},{"@type":"ImageObject","inLanguage":"sv-SE","@id":"https:\/\/spelivinkki.fi\/tuote\/wyrmspan-en\/#primaryimage","url":"https:\/\/mlw9zexfsyfr.i.optimole.com\/w:auto\/h:auto\/q:mauto\/ig:avif\/https:\/\/spelivinkki.fi\/wp-content\/uploads\/2025\/03\/Wyrmspan-Tuotekuva.webp","contentUrl":"https:\/\/mlw9zexfsyfr.i.optimole.com\/w:auto\/h:auto\/q:mauto\/ig:avif\/https:\/\/spelivinkki.fi\/wp-content\/uploads\/2025\/03\/Wyrmspan-Tuotekuva.webp","width":768,"height":915,"caption":"Wyrmspan Tuotekuva"},{"@type":"BreadcrumbList","@id":"https:\/\/spelivinkki.fi\/tuote\/wyrmspan-en\/#breadcrumb","itemListElement":[{"@type":"ListItem","position":1,"name":"Etusivu","item":"https:\/\/spelivinkki.fi\/"},{"@type":"ListItem","position":2,"name":"Tuotteet","item":"https:\/\/spelivinkki.fi\/tuotteet\/"},{"@type":"ListItem","position":3,"name":"Wyrmspan (EN)"}]},{"@type":"WebSite","@id":"https:\/\/spelivinkki.fi\/#website","url":"https:\/\/spelivinkki.fi\/","name":"Spelivinkki","description":"Paraisten Lautapelikauppa","publisher":{"@id":"https:\/\/spelivinkki.fi\/#organization"},"alternateName":"Spelivinkki Oy","potentialAction":[{"@type":"SearchAction","target":{"@type":"EntryPoint","urlTemplate":"https:\/\/spelivinkki.fi\/?s={search_term_string}"},"query-input":{"@type":"PropertyValueSpecification","valueRequired":true,"valueName":"search_term_string"}}],"inLanguage":"sv-SE"},{"@type":"Organization","@id":"https:\/\/spelivinkki.fi\/#organization","name":"Spelivinkki Oy","alternateName":"Spelivinkki","url":"https:\/\/spelivinkki.fi\/","logo":{"@type":"ImageObject","inLanguage":"sv-SE","@id":"https:\/\/spelivinkki.fi\/#\/schema\/logo\/image\/","url":"https:\/\/mlw9zexfsyfr.i.optimole.com\/w:auto\/h:auto\/q:mauto\/ig:avif\/https:\/\/spelivinkki.fi\/wp-content\/uploads\/2024\/02\/Logo.svg","contentUrl":"https:\/\/mlw9zexfsyfr.i.optimole.com\/w:auto\/h:auto\/q:mauto\/ig:avif\/https:\/\/spelivinkki.fi\/wp-content\/uploads\/2024\/02\/Logo.svg","width":2176,"height":2323,"caption":"Spelivinkki Oy"},"image":{"@id":"https:\/\/spelivinkki.fi\/#\/schema\/logo\/image\/"},"sameAs":["https:\/\/www.facebook.com\/SpelivinkkiOy\/","https:\/\/x.com\/SpelivinkkiOy","https:\/\/www.instagram.com\/spelivinkkioy\/"],"description":"Spelivinkki Oy is a company operating both a brick-and-mortar store in Finland as well as a webshop online. We sell board games, roleplaying games, miniature wargames, logic puzzles, jigsaw puzzles and other things related to the boardgame hobby.","email":"myynti@spelivinkki.fi","telephone":"+358406486605","legalName":"Spelivinkki Oy","foundingDate":"2023-09-17","vatID":"FI33904524","numberOfEmployees":{"@type":"QuantitativeValue","minValue":"1","maxValue":"10"},"hasMerchantReturnPolicy":{"@type":"MerchantReturnPolicy","merchantReturnLink":"https:\/\/spelivinkki.fi\/sv\/spelivinkin-vaihto-ja-palautusoikeus\/"}}]},"product_brand":"Stonemaier Games","product_price_amount":"55.00","product_price_currency":"EUR","og_availability":"out of stock","product_availability":"out of stock","product_retailer_item_id":"Wyrmspan","product_condition":"new"},"_links":{"self":[{"href":"https:\/\/spelivinkki.fi\/sv\/wp-json\/wp\/v2\/product\/7364","targetHints":{"allow":["GET"]}}],"collection":[{"href":"https:\/\/spelivinkki.fi\/sv\/wp-json\/wp\/v2\/product"}],"about":[{"href":"https:\/\/spelivinkki.fi\/sv\/wp-json\/wp\/v2\/types\/product"}],"wp:featuredmedia":[{"embeddable":true,"href":"https:\/\/spelivinkki.fi\/sv\/wp-json\/wp\/v2\/media\/7365"}],"wp:attachment":[{"href":"https:\/\/spelivinkki.fi\/sv\/wp-json\/wp\/v2\/media?parent=7364"}],"wp:term":[{"taxonomy":"product_brand","embeddable":true,"href":"https:\/\/spelivinkki.fi\/sv\/wp-json\/wp\/v2\/product_brand?post=7364"},{"taxonomy":"product_cat","embeddable":true,"href":"https:\/\/spelivinkki.fi\/sv\/wp-json\/wp\/v2\/product_cat?post=7364"},{"taxonomy":"product_tag","embeddable":true,"href":"https:\/\/spelivinkki.fi\/sv\/wp-json\/wp\/v2\/product_tag?post=7364"}],"curies":[{"name":"wp","href":"https:\/\/api.w.org\/{rel}","templated":true}]}}