{"id":7419,"date":"2025-05-15T13:05:35","date_gmt":"2025-05-15T13:05:35","guid":{"rendered":"https:\/\/spelivinkki.fi\/?post_type=product&#038;p=7419"},"modified":"2025-12-20T15:09:10","modified_gmt":"2025-12-20T15:09:10","slug":"cascadia-landmarks-lisaosa-en","status":"publish","type":"product","link":"https:\/\/spelivinkki.fi\/sv\/produkt\/cascadia-landmarks-lisaosa-en\/","title":{"rendered":"Cascadia: Landmarks Expansion (EN)"},"content":{"rendered":"<h6>Publisher Description in English:<\/h6>\n<p><em>In <strong>Cascadia: Landmarks<\/strong> expansion, players create sprawling habitats and place beautiful natural landmarks within them. Landmarks give each environment its own look and feel, while also providing dynamic endgame scoring bonuses!<\/em><\/p>\n<p><em>In addition to the Landmarks module, this expansion includes more unique wildlife scoring cards and habitat tiles to add variety and enough components to play Cascadia with 5-6 players.<\/em><\/p>\n<p><strong>OBS!\u00a0<\/strong>Fast\u00e4n detta \u00e4r en expansion p\u00e5 Engelska g\u00e5r passar delarna ihop med nordiska basspelet!<\/p>","protected":false},"excerpt":{"rendered":"<ul>\n<li><strong>OBS!<\/strong> Detta \u00e4r en expansion som kr\u00e4ver <a href=\"https:\/\/spelivinkki.fi\/sv\/produkt\/cascadia-nordic\/\">Cascadia<\/a> basspelet f\u00f6r att spelas!<\/li>\n<li><strong>Spelarm\u00e4ngd:<\/strong> 1-6 (<strong>B\u00e4sta m\u00e4ngden:<\/strong> 2)<\/li>\n<li><strong>Varaktighet:<\/strong> 30-45 min<\/li>\n<li><strong>\u00c5ldersrekommendation:<\/strong> 10+<\/li>\n<li><strong>Spr\u00e5k:<\/strong> Engelska<\/li>\n<li><strong>Genre:<\/strong> Skiftande spelomr\u00e5de, bricksplacering, m\u00f6nsterbildning<\/li>\n<li><strong>Tema:<\/strong> Djur, Natur<\/li>\n<li><strong>Passande Sleevy Kortskydd (ing\u00e5r ej!):<\/strong> 60 kpl S storlek; 15 kpl Tarot storlek<\/li>\n<li><strong>Utveckling:<\/strong> Randy Flynn, Molly Johnson, Robert Melvin, Shawn Stankewich<\/li>\n<li><strong>Utgivare:<\/strong> AEG, FlatOut Games<\/li>\n<\/ul>","protected":false},"featured_media":7420,"template":"","meta":{"site-sidebar-layout":"default","site-content-layout":"","ast-site-content-layout":"default","site-content-style":"default","site-sidebar-style":"default","ast-global-header-display":"","ast-banner-title-visibility":"","ast-main-header-display":"","ast-hfb-above-header-display":"","ast-hfb-below-header-display":"","ast-hfb-mobile-header-display":"","site-post-title":"","ast-breadcrumbs-content":"","ast-featured-img":"","footer-sml-layout":"","ast-disable-related-posts":"","theme-transparent-header-meta":"default","adv-header-id-meta":"","stick-header-meta":"","header-above-stick-meta":"","header-main-stick-meta":"","header-below-stick-meta":"","astra-migrate-meta-layouts":"set","ast-page-background-enabled":"default","ast-page-background-meta":{"desktop":{"background-color":"","background-image":"","background-repeat":"repeat","background-position":"center center","background-size":"auto","background-attachment":"scroll","background-type":"","background-media":"","overlay-type":"","overlay-color":"","overlay-opacity":"","overlay-gradient":""},"tablet":{"background-color":"","background-image":"","background-repeat":"repeat","background-position":"center center","background-size":"auto","background-attachment":"scroll","background-type":"","background-media":"","overlay-type":"","overlay-color":"","overlay-opacity":"","overlay-gradient":""},"mobile":{"background-color":"","background-image":"","background-repeat":"repeat","background-position":"center center","background-size":"auto","background-attachment":"scroll","background-type":"","background-media":"","overlay-type":"","overlay-color":"","overlay-opacity":"","overlay-gradient":""}},"ast-content-background-meta":{"desktop":{"background-color":"var(--ast-global-color-5)","background-image":"","background-repeat":"repeat","background-position":"center center","background-size":"auto","background-attachment":"scroll","background-type":"","background-media":"","overlay-type":"","overlay-color":"","overlay-opacity":"","overlay-gradient":""},"tablet":{"background-color":"var(--ast-global-color-5)","background-image":"","background-repeat":"repeat","background-position":"center center","background-size":"auto","background-attachment":"scroll","background-type":"","background-media":"","overlay-type":"","overlay-color":"","overlay-opacity":"","overlay-gradient":""},"mobile":{"background-color":"var(--ast-global-color-5)","background-image":"","background-repeat":"repeat","background-position":"center center","background-size":"auto","background-attachment":"scroll","background-type":"","background-media":"","overlay-type":"","overlay-color":"","overlay-opacity":"","overlay-gradient":""}}},"product_brand":[1124,1125],"product_cat":[16,283,45],"product_tag":[1049,1058,1115,1290,1137,1291,1292],"class_list":{"0":"post-7419","1":"product","2":"type-product","3":"status-publish","4":"has-post-thumbnail","6":"product_brand-alderac-entertainment-group","7":"product_brand-flatout-games","8":"product_cat-kaikki","9":"product_cat-laattojen-asettelu","10":"product_cat-strategiapelit","11":"product_tag-englanninkieliset-pelit","12":"product_tag-europeli","13":"product_tag-lisaosa","14":"product_tag-molly-johnson","15":"product_tag-randy-flynn","16":"product_tag-robert-melvin","17":"product_tag-shawn-stankewich","18":"product_shipping_class-standard2","19":"desktop-align-center","20":"tablet-align-center","21":"mobile-align-center","23":"first","24":"instock","25":"taxable","26":"shipping-taxable","27":"purchasable","28":"product-type-simple"},"yoast_head":"<!-- This site is optimized with the Yoast SEO Premium plugin v27.3 (Yoast SEO v27.4) - https:\/\/yoast.com\/product\/yoast-seo-premium-wordpress\/ -->\n<title>Cascadia: Landmarks Lis\u00e4osa (EN) &#8211; Spelivinkki<\/title>\n<meta name=\"description\" content=\"Luo kiehtovia el\u00e4in- ja maisemateoksia Cascadia Landmarks -lis\u00e4osalla! Lis\u00e4\u00e4 strategiaasi ja nauti uusista pelimahdollisuuksista. \ud83c\udfb2\" \/>\n<meta name=\"robots\" content=\"index, follow, max-snippet:-1, max-image-preview:large, max-video-preview:-1\" \/>\n<link rel=\"canonical\" href=\"https:\/\/spelivinkki.fi\/sv\/produkt\/cascadia-landmarks-lisaosa-en\/\" \/>\n<meta property=\"og:locale\" content=\"sv_SE\" \/>\n<meta property=\"og:type\" content=\"article\" \/>\n<meta property=\"og:title\" content=\"Cascadia: Landmarks Lis\u00e4osa (EN)\" \/>\n<meta property=\"og:description\" content=\"Luo kiehtovia el\u00e4in- ja maisemateoksia Cascadia Landmarks -lis\u00e4osalla! Lis\u00e4\u00e4 strategiaasi ja nauti uusista pelimahdollisuuksista. \ud83c\udfb2\" \/>\n<meta property=\"og:url\" content=\"https:\/\/spelivinkki.fi\/sv\/produkt\/cascadia-landmarks-lisaosa-en\/\" \/>\n<meta property=\"og:site_name\" content=\"Spelivinkki\" \/>\n<meta property=\"article:publisher\" content=\"https:\/\/www.facebook.com\/SpelivinkkiOy\/\" \/>\n<meta property=\"article:modified_time\" content=\"2025-12-20T15:09:10+00:00\" \/>\n<meta property=\"og:image\" content=\"https:\/\/mlw9zexfsyfr.i.optimole.com\/w:auto\/h:auto\/q:mauto\/ig:avif\/https:\/\/spelivinkki.fi\/wp-content\/uploads\/2025\/05\/Cascadia-Landmarks-tuotekuva-min.webp\" \/>\n\t<meta property=\"og:image:width\" content=\"891\" \/>\n\t<meta property=\"og:image:height\" content=\"891\" \/>\n\t<meta property=\"og:image:type\" content=\"image\/webp\" \/>\n<meta name=\"twitter:card\" content=\"summary_large_image\" \/>\n<meta name=\"twitter:site\" content=\"@SpelivinkkiOy\" \/>\n<meta name=\"twitter:label1\" content=\"Pris\" \/>\n\t<meta name=\"twitter:data1\" content=\"35,00&nbsp;&euro;\" \/>\n\t<meta name=\"twitter:label2\" content=\"Tillg\u00e4nglig\" \/>\n\t<meta name=\"twitter:data2\" content=\"I lager\" \/>\n<script type=\"application\/ld+json\" class=\"yoast-schema-graph\">{\"@context\":\"https:\\\/\\\/schema.org\",\"@graph\":[{\"@type\":\"WebPage\",\"@id\":\"https:\\\/\\\/spelivinkki.fi\\\/tuote\\\/cascadia-landmarks-lisaosa-en\\\/\",\"url\":\"https:\\\/\\\/spelivinkki.fi\\\/tuote\\\/cascadia-landmarks-lisaosa-en\\\/\",\"name\":\"Cascadia: Landmarks Lis\u00e4osa (EN) &#8211; Spelivinkki\",\"isPartOf\":{\"@id\":\"https:\\\/\\\/spelivinkki.fi\\\/#website\"},\"primaryImageOfPage\":{\"@id\":\"https:\\\/\\\/spelivinkki.fi\\\/tuote\\\/cascadia-landmarks-lisaosa-en\\\/#primaryimage\"},\"image\":{\"@id\":\"https:\\\/\\\/spelivinkki.fi\\\/tuote\\\/cascadia-landmarks-lisaosa-en\\\/#primaryimage\"},\"thumbnailUrl\":\"https:\\/\\/spelivinkki.fi\\/wp-content\\/uploads\\/2025\\/05\\/Cascadia-Landmarks-tuotekuva-min.webp\",\"datePublished\":\"2025-05-15T13:05:35+00:00\",\"dateModified\":\"2025-12-20T15:09:10+00:00\",\"description\":\"Luo kiehtovia el\u00e4in- ja maisemateoksia Cascadia Landmarks -lis\u00e4osalla! Lis\u00e4\u00e4 strategiaasi ja nauti uusista pelimahdollisuuksista. \ud83c\udfb2\",\"breadcrumb\":{\"@id\":\"https:\\\/\\\/spelivinkki.fi\\\/tuote\\\/cascadia-landmarks-lisaosa-en\\\/#breadcrumb\"},\"inLanguage\":\"sv-SE\",\"potentialAction\":[{\"@type\":\"ReadAction\",\"target\":[\"https:\\\/\\\/spelivinkki.fi\\\/tuote\\\/cascadia-landmarks-lisaosa-en\\\/\"]}]},{\"@type\":\"ImageObject\",\"inLanguage\":\"sv-SE\",\"@id\":\"https:\\\/\\\/spelivinkki.fi\\\/tuote\\\/cascadia-landmarks-lisaosa-en\\\/#primaryimage\",\"url\":\"https:\\/\\/spelivinkki.fi\\/wp-content\\/uploads\\/2025\\/05\\/Cascadia-Landmarks-tuotekuva-min.webp\",\"contentUrl\":\"https:\\/\\/spelivinkki.fi\\/wp-content\\/uploads\\/2025\\/05\\/Cascadia-Landmarks-tuotekuva-min.webp\",\"width\":891,\"height\":891,\"caption\":\"Cascadia Landmarks tuotekuva min\"},{\"@type\":\"BreadcrumbList\",\"@id\":\"https:\\\/\\\/spelivinkki.fi\\\/tuote\\\/cascadia-landmarks-lisaosa-en\\\/#breadcrumb\",\"itemListElement\":[{\"@type\":\"ListItem\",\"position\":1,\"name\":\"Etusivu\",\"item\":\"https:\\\/\\\/spelivinkki.fi\\\/\"},{\"@type\":\"ListItem\",\"position\":2,\"name\":\"Tuotteet\",\"item\":\"https:\\\/\\\/spelivinkki.fi\\\/tuotteet\\\/\"},{\"@type\":\"ListItem\",\"position\":3,\"name\":\"Cascadia: Landmarks Lis\u00e4osa (EN)\"}]},{\"@type\":\"WebSite\",\"@id\":\"https:\\\/\\\/spelivinkki.fi\\\/#website\",\"url\":\"https:\\\/\\\/spelivinkki.fi\\\/\",\"name\":\"Spelivinkki\",\"description\":\"Paraisten Lautapelikauppa\",\"publisher\":{\"@id\":\"https:\\\/\\\/spelivinkki.fi\\\/#organization\"},\"alternateName\":\"Spelivinkki Oy\",\"potentialAction\":[{\"@type\":\"SearchAction\",\"target\":{\"@type\":\"EntryPoint\",\"urlTemplate\":\"https:\\\/\\\/spelivinkki.fi\\\/?s={search_term_string}\"},\"query-input\":{\"@type\":\"PropertyValueSpecification\",\"valueRequired\":true,\"valueName\":\"search_term_string\"}}],\"inLanguage\":\"sv-SE\"},{\"@type\":\"Organization\",\"@id\":\"https:\\\/\\\/spelivinkki.fi\\\/#organization\",\"name\":\"Spelivinkki Oy\",\"alternateName\":\"Spelivinkki\",\"url\":\"https:\\\/\\\/spelivinkki.fi\\\/\",\"logo\":{\"@type\":\"ImageObject\",\"inLanguage\":\"sv-SE\",\"@id\":\"https:\\\/\\\/spelivinkki.fi\\\/#\\\/schema\\\/logo\\\/image\\\/\",\"url\":\"https:\\/\\/spelivinkki.fi\\/wp-content\\/uploads\\/2024\\/02\\/Logo.svg\",\"contentUrl\":\"https:\\/\\/spelivinkki.fi\\/wp-content\\/uploads\\/2024\\/02\\/Logo.svg\",\"width\":2176,\"height\":2323,\"caption\":\"Spelivinkki Oy\"},\"image\":{\"@id\":\"https:\\\/\\\/spelivinkki.fi\\\/#\\\/schema\\\/logo\\\/image\\\/\"},\"sameAs\":[\"https:\\\/\\\/www.facebook.com\\\/SpelivinkkiOy\\\/\",\"https:\\\/\\\/x.com\\\/SpelivinkkiOy\",\"https:\\\/\\\/www.instagram.com\\\/spelivinkkioy\\\/\"],\"description\":\"Spelivinkki Oy is a company operating both a brick-and-mortar store in Finland as well as a webshop online. We sell board games, roleplaying games, miniature wargames, logic puzzles, jigsaw puzzles and other things related to the boardgame hobby.\",\"email\":\"myynti@spelivinkki.fi\",\"telephone\":\"+358406486605\",\"legalName\":\"Spelivinkki Oy\",\"foundingDate\":\"2023-09-17\",\"vatID\":\"FI33904524\",\"numberOfEmployees\":{\"@type\":\"QuantitativeValue\",\"minValue\":\"1\",\"maxValue\":\"10\"},\"hasMerchantReturnPolicy\":{\"@type\":\"MerchantReturnPolicy\",\"merchantReturnLink\":\"https:\\\/\\\/spelivinkki.fi\\\/sv\\\/spelivinkin-vaihto-ja-palautusoikeus\\\/\"}}]}<\/script>\n<meta property=\"product:brand\" content=\"Flatout Games\" \/>\n<meta property=\"product:price:amount\" content=\"35.00\" \/>\n<meta property=\"product:price:currency\" content=\"EUR\" \/>\n<meta property=\"og:availability\" content=\"instock\" \/>\n<meta property=\"product:availability\" content=\"instock\" \/>\n<meta property=\"product:retailer_item_id\" content=\"Cascadia_Landmarks_EN\" \/>\n<meta property=\"product:condition\" content=\"new\" \/>\n<!-- \/ Yoast SEO Premium plugin. -->","yoast_head_json":{"title":"Cascadia: Landmarks Lis\u00e4osa (EN) &#8211; Spelivinkki","description":"Luo kiehtovia el\u00e4in- ja maisemateoksia Cascadia Landmarks -lis\u00e4osalla! Lis\u00e4\u00e4 strategiaasi ja nauti uusista pelimahdollisuuksista. \ud83c\udfb2","robots":{"index":"index","follow":"follow","max-snippet":"max-snippet:-1","max-image-preview":"max-image-preview:large","max-video-preview":"max-video-preview:-1"},"canonical":"https:\/\/spelivinkki.fi\/sv\/produkt\/cascadia-landmarks-lisaosa-en\/","og_locale":"sv_SE","og_type":"article","og_title":"Cascadia: Landmarks Lis\u00e4osa (EN)","og_description":"Luo kiehtovia el\u00e4in- ja maisemateoksia Cascadia Landmarks -lis\u00e4osalla! Lis\u00e4\u00e4 strategiaasi ja nauti uusista pelimahdollisuuksista. \ud83c\udfb2","og_url":"https:\/\/spelivinkki.fi\/sv\/produkt\/cascadia-landmarks-lisaosa-en\/","og_site_name":"Spelivinkki","article_publisher":"https:\/\/www.facebook.com\/SpelivinkkiOy\/","article_modified_time":"2025-12-20T15:09:10+00:00","og_image":[{"width":891,"height":891,"url":"https:\/\/mlw9zexfsyfr.i.optimole.com\/w:auto\/h:auto\/q:mauto\/ig:avif\/https:\/\/spelivinkki.fi\/wp-content\/uploads\/2025\/05\/Cascadia-Landmarks-tuotekuva-min.webp","type":"image\/webp"}],"twitter_card":"summary_large_image","twitter_site":"@SpelivinkkiOy","twitter_misc":{"Pris":"35,00&nbsp;&euro;","Tillg\u00e4nglig":"I lager"},"schema":{"@context":"https:\/\/schema.org","@graph":[{"@type":"WebPage","@id":"https:\/\/spelivinkki.fi\/tuote\/cascadia-landmarks-lisaosa-en\/","url":"https:\/\/spelivinkki.fi\/tuote\/cascadia-landmarks-lisaosa-en\/","name":"Cascadia: Landmarks Lis\u00e4osa (EN) &#8211; Spelivinkki","isPartOf":{"@id":"https:\/\/spelivinkki.fi\/#website"},"primaryImageOfPage":{"@id":"https:\/\/spelivinkki.fi\/tuote\/cascadia-landmarks-lisaosa-en\/#primaryimage"},"image":{"@id":"https:\/\/spelivinkki.fi\/tuote\/cascadia-landmarks-lisaosa-en\/#primaryimage"},"thumbnailUrl":"https:\/\/mlw9zexfsyfr.i.optimole.com\/w:auto\/h:auto\/q:mauto\/ig:avif\/https:\/\/spelivinkki.fi\/wp-content\/uploads\/2025\/05\/Cascadia-Landmarks-tuotekuva-min.webp","datePublished":"2025-05-15T13:05:35+00:00","dateModified":"2025-12-20T15:09:10+00:00","description":"Luo kiehtovia el\u00e4in- ja maisemateoksia Cascadia Landmarks -lis\u00e4osalla! Lis\u00e4\u00e4 strategiaasi ja nauti uusista pelimahdollisuuksista. \ud83c\udfb2","breadcrumb":{"@id":"https:\/\/spelivinkki.fi\/tuote\/cascadia-landmarks-lisaosa-en\/#breadcrumb"},"inLanguage":"sv-SE","potentialAction":[{"@type":"ReadAction","target":["https:\/\/spelivinkki.fi\/tuote\/cascadia-landmarks-lisaosa-en\/"]}]},{"@type":"ImageObject","inLanguage":"sv-SE","@id":"https:\/\/spelivinkki.fi\/tuote\/cascadia-landmarks-lisaosa-en\/#primaryimage","url":"https:\/\/mlw9zexfsyfr.i.optimole.com\/w:auto\/h:auto\/q:mauto\/ig:avif\/https:\/\/spelivinkki.fi\/wp-content\/uploads\/2025\/05\/Cascadia-Landmarks-tuotekuva-min.webp","contentUrl":"https:\/\/mlw9zexfsyfr.i.optimole.com\/w:auto\/h:auto\/q:mauto\/ig:avif\/https:\/\/spelivinkki.fi\/wp-content\/uploads\/2025\/05\/Cascadia-Landmarks-tuotekuva-min.webp","width":891,"height":891,"caption":"Cascadia Landmarks tuotekuva min"},{"@type":"BreadcrumbList","@id":"https:\/\/spelivinkki.fi\/tuote\/cascadia-landmarks-lisaosa-en\/#breadcrumb","itemListElement":[{"@type":"ListItem","position":1,"name":"Etusivu","item":"https:\/\/spelivinkki.fi\/"},{"@type":"ListItem","position":2,"name":"Tuotteet","item":"https:\/\/spelivinkki.fi\/tuotteet\/"},{"@type":"ListItem","position":3,"name":"Cascadia: Landmarks Lis\u00e4osa (EN)"}]},{"@type":"WebSite","@id":"https:\/\/spelivinkki.fi\/#website","url":"https:\/\/spelivinkki.fi\/","name":"Spelivinkki","description":"Paraisten Lautapelikauppa","publisher":{"@id":"https:\/\/spelivinkki.fi\/#organization"},"alternateName":"Spelivinkki Oy","potentialAction":[{"@type":"SearchAction","target":{"@type":"EntryPoint","urlTemplate":"https:\/\/spelivinkki.fi\/?s={search_term_string}"},"query-input":{"@type":"PropertyValueSpecification","valueRequired":true,"valueName":"search_term_string"}}],"inLanguage":"sv-SE"},{"@type":"Organization","@id":"https:\/\/spelivinkki.fi\/#organization","name":"Spelivinkki Oy","alternateName":"Spelivinkki","url":"https:\/\/spelivinkki.fi\/","logo":{"@type":"ImageObject","inLanguage":"sv-SE","@id":"https:\/\/spelivinkki.fi\/#\/schema\/logo\/image\/","url":"https:\/\/mlw9zexfsyfr.i.optimole.com\/w:auto\/h:auto\/q:mauto\/ig:avif\/https:\/\/spelivinkki.fi\/wp-content\/uploads\/2024\/02\/Logo.svg","contentUrl":"https:\/\/mlw9zexfsyfr.i.optimole.com\/w:auto\/h:auto\/q:mauto\/ig:avif\/https:\/\/spelivinkki.fi\/wp-content\/uploads\/2024\/02\/Logo.svg","width":2176,"height":2323,"caption":"Spelivinkki Oy"},"image":{"@id":"https:\/\/spelivinkki.fi\/#\/schema\/logo\/image\/"},"sameAs":["https:\/\/www.facebook.com\/SpelivinkkiOy\/","https:\/\/x.com\/SpelivinkkiOy","https:\/\/www.instagram.com\/spelivinkkioy\/"],"description":"Spelivinkki Oy is a company operating both a brick-and-mortar store in Finland as well as a webshop online. We sell board games, roleplaying games, miniature wargames, logic puzzles, jigsaw puzzles and other things related to the boardgame hobby.","email":"myynti@spelivinkki.fi","telephone":"+358406486605","legalName":"Spelivinkki Oy","foundingDate":"2023-09-17","vatID":"FI33904524","numberOfEmployees":{"@type":"QuantitativeValue","minValue":"1","maxValue":"10"},"hasMerchantReturnPolicy":{"@type":"MerchantReturnPolicy","merchantReturnLink":"https:\/\/spelivinkki.fi\/sv\/spelivinkin-vaihto-ja-palautusoikeus\/"}}]},"product_brand":"Flatout Games","product_price_amount":"35.00","product_price_currency":"EUR","og_availability":"instock","product_availability":"instock","product_retailer_item_id":"Cascadia_Landmarks_EN","product_condition":"new"},"_links":{"self":[{"href":"https:\/\/spelivinkki.fi\/sv\/wp-json\/wp\/v2\/product\/7419","targetHints":{"allow":["GET"]}}],"collection":[{"href":"https:\/\/spelivinkki.fi\/sv\/wp-json\/wp\/v2\/product"}],"about":[{"href":"https:\/\/spelivinkki.fi\/sv\/wp-json\/wp\/v2\/types\/product"}],"wp:featuredmedia":[{"embeddable":true,"href":"https:\/\/spelivinkki.fi\/sv\/wp-json\/wp\/v2\/media\/7420"}],"wp:attachment":[{"href":"https:\/\/spelivinkki.fi\/sv\/wp-json\/wp\/v2\/media?parent=7419"}],"wp:term":[{"taxonomy":"product_brand","embeddable":true,"href":"https:\/\/spelivinkki.fi\/sv\/wp-json\/wp\/v2\/product_brand?post=7419"},{"taxonomy":"product_cat","embeddable":true,"href":"https:\/\/spelivinkki.fi\/sv\/wp-json\/wp\/v2\/product_cat?post=7419"},{"taxonomy":"product_tag","embeddable":true,"href":"https:\/\/spelivinkki.fi\/sv\/wp-json\/wp\/v2\/product_tag?post=7419"}],"curies":[{"name":"wp","href":"https:\/\/api.w.org\/{rel}","templated":true}]}}