{"id":7438,"date":"2025-06-12T11:57:06","date_gmt":"2025-06-12T11:57:06","guid":{"rendered":"https:\/\/spelivinkki.fi\/?post_type=product&#038;p=7438"},"modified":"2026-02-26T15:01:52","modified_gmt":"2026-02-26T15:01:52","slug":"bohnanza-nordic","status":"publish","type":"product","link":"https:\/\/spelivinkki.fi\/sv\/produkt\/bohnanza-nordic\/","title":{"rendered":"Bohnanza (Nordic)"},"content":{"rendered":"<h5>Ugivarens beskrivning:<\/h5>\n<p><em>\u00c4r du intresserad av att odla b\u00f6nor? Id\u00e8n bakom\u00a0<strong>Bohnanza\u00a0<\/strong>l\u00e5ter kanske inte speciellt fartfylld, men trots allt s\u00e5 har Uwe Rosenberg, k\u00e4nd f\u00f6r f\u00f6r sina r\u00e4tt s\u00e5 speciella kortspel, lyckats med bedriften att g\u00f6ra ett intressant spel av ett s\u00e5 annorlunda \u00e4mne som b\u00f6nodling. Bohnanza \u00e4r ett uppskattat kortspel som alla \u00e5tminstone borde ge en chans och f\u00f6rs\u00f6ka sig p\u00e5.<\/em><\/p>\n<p><em>Spelet har inga andra komponenter \u00e4n kort, men de \u00e4r \u00e5 andra sidan av r\u00e4tt h\u00f6g kvalitet. Korten avbildar m\u00e5nga olika sorters b\u00f6nor, och de olika b\u00f6nornas s\u00e4llsynthet och v\u00e4rden varierar. B\u00f6nm\u00e4taren som hittas p\u00e5 de olika korten ber\u00e4ttar hur m\u00e5nga av den respektive b\u00f6nsorten som beh\u00f6vs f\u00f6r att f\u00f6rtj\u00e4na in en viss m\u00e4ngd pengar. Pengasystemet \u00e4r \u00e4ven genomf\u00f6rt p\u00e5 ett slugt s\u00e4tt; p\u00e5 kortens bakgrund finns ett bild av ett mynt, och samma kort kan anv\u00e4ndas b\u00e5de som valuta och som handelsvara.<\/em><\/p>\n<h6><em><strong>Spelets g\u00e5ng<\/strong><\/em><\/h6>\n<p><em>I b\u00f6rjan av spelarens tur m\u00e5ste man plantera en b\u00f6na. Vilken b\u00f6na som planteras kan inte fritt v\u00e4ljas, utan det \u00e4r alltid det f\u00f6rsta kortet i handen (ordningen p\u00e5 korten i handen f\u00e5r inte \u00e4ndras p\u00e5 under spelets g\u00e5ng). Det finns bara tv\u00e5 f\u00e4lt p\u00e5 vilka man kan plantera b\u00f6nor (ett tredje f\u00e4lt kan k\u00f6pas in), och p\u00e5 varje f\u00e4lt kan endast en sorts b\u00f6nor planteras. Kortet p\u00e5 handen m\u00e5ste spelas ut och ifall det inte passar p\u00e5 n\u00e5gon av de tv\u00e5 f\u00e4lten, s\u00e5 m\u00e5ste b\u00f6norna s\u00e4ljas fr\u00e5n f\u00e4lten oberoende om det finns tillr\u00e4ckligt f\u00f6r att tj\u00e4na pengar eller inte.<\/em><\/p>\n<p><em>Efter det sv\u00e4nger spelaren upp tv\u00e5 nya kort ur sin packe. De h\u00e4r korten m\u00e5ste vid turens slut planteras ut p\u00e5 de egna f\u00e4lten, men de kan ocks\u00e5 bytas ut med andra spelare. Till byteshandeln kan ocks\u00e5 kort fr\u00e5n handen l\u00e4ggas till, och s\u00e5ledes kan man bli av med d\u00e5liga kort som man inte vill plantera p\u00e5 sina egna f\u00e4lt. Ju livligare byteshandel som f\u00f6rs, desto mer garanterad \u00e4r framg\u00e5ngen.<br \/>\n<\/em><\/p>\n<h6><em><strong>En Klassiker f\u00f6r 2-7 spelare<\/strong><\/em><\/h6>\n<p><em>Bohnanza \u00e4r ett n\u00e4st intill revolutionerande kortspel. Det \u00e4r s\u00e5 gott som unikt, och p\u00e5minner egentligen inte om n\u00e5got annat spel. D\u00e4rf\u00f6r kan det kanske \u00e4ven vara aningen klurigt att l\u00e4ra sig det, \u00e4ven om inl\u00e4rningstr\u00f6skeln torde \u00f6verstigas efter n\u00e5gra spel varefter man p\u00e5 allvar kan fokusera p\u00e5 att f\u00f6ra byteshandel. S\u00e4kerligen l\u00e4mpar sig Bohnanzas byteshandelssystem inte f\u00f6r alla, men de som har en f\u00f6rk\u00e4rlek f\u00f6r spel med handelstema s\u00e5 f\u00e5r garanterat ut n\u00e5gonting av spelet. Alla b\u00f6r i varje fall pr\u00f6va p\u00e5 ett spel Bohnanza. Det \u00e4r en unik kortspelsupplevelse, som passar bra s\u00e5v\u00e4l som familjespel som f\u00f6r andra entusiaster. Kortens humoristiska illustrationer g\u00f6r spelet roligt, och byteshandeln erbjuder en oundviklig social aspekt till syssels\u00e4ttningen.\u00a0<\/em><\/p>","protected":false},"excerpt":{"rendered":"<ul>\n<li><strong>Spelarm\u00e4ngd:<\/strong> 2-7 (<strong>B\u00e4sta m\u00e4ngden:<\/strong> 4-5)<\/li>\n<li><strong>Varaktighet:<\/strong> 45 min<\/li>\n<li><strong>\u00c5ldersrekommendation:<\/strong> 10+<\/li>\n<li><strong>Spr\u00e5k:<\/strong> Finska, svenska, danska, norska<\/li>\n<li><strong>Genre:<\/strong> Kortspel, Samling, Byteshandel<\/li>\n<li><strong>Tema:<\/strong> B\u00f6nor<\/li>\n<li><strong>Passande Sleevy Kortskydd (ing\u00e5r ej!):<\/strong> 165 kpl M koko<\/li>\n<li><strong>Utveckling:<\/strong> Uwe Rosenberg<\/li>\n<li><strong>Utgivare:<\/strong> Lautapelit.fi<\/li>\n<\/ul>","protected":false},"featured_media":7439,"template":"","meta":{"site-sidebar-layout":"default","site-content-layout":"","ast-site-content-layout":"default","site-content-style":"default","site-sidebar-style":"default","ast-global-header-display":"","ast-banner-title-visibility":"","ast-main-header-display":"","ast-hfb-above-header-display":"","ast-hfb-below-header-display":"","ast-hfb-mobile-header-display":"","site-post-title":"","ast-breadcrumbs-content":"","ast-featured-img":"","footer-sml-layout":"","ast-disable-related-posts":"","theme-transparent-header-meta":"default","adv-header-id-meta":"","stick-header-meta":"","header-above-stick-meta":"","header-main-stick-meta":"","header-below-stick-meta":"","astra-migrate-meta-layouts":"set","ast-page-background-enabled":"default","ast-page-background-meta":{"desktop":{"background-color":"","background-image":"","background-repeat":"repeat","background-position":"center center","background-size":"auto","background-attachment":"scroll","background-type":"","background-media":"","overlay-type":"","overlay-color":"","overlay-opacity":"","overlay-gradient":""},"tablet":{"background-color":"","background-image":"","background-repeat":"repeat","background-position":"center center","background-size":"auto","background-attachment":"scroll","background-type":"","background-media":"","overlay-type":"","overlay-color":"","overlay-opacity":"","overlay-gradient":""},"mobile":{"background-color":"","background-image":"","background-repeat":"repeat","background-position":"center center","background-size":"auto","background-attachment":"scroll","background-type":"","background-media":"","overlay-type":"","overlay-color":"","overlay-opacity":"","overlay-gradient":""}},"ast-content-background-meta":{"desktop":{"background-color":"var(--ast-global-color-5)","background-image":"","background-repeat":"repeat","background-position":"center center","background-size":"auto","background-attachment":"scroll","background-type":"","background-media":"","overlay-type":"","overlay-color":"","overlay-opacity":"","overlay-gradient":""},"tablet":{"background-color":"var(--ast-global-color-5)","background-image":"","background-repeat":"repeat","background-position":"center center","background-size":"auto","background-attachment":"scroll","background-type":"","background-media":"","overlay-type":"","overlay-color":"","overlay-opacity":"","overlay-gradient":""},"mobile":{"background-color":"var(--ast-global-color-5)","background-image":"","background-repeat":"repeat","background-position":"center center","background-size":"auto","background-attachment":"scroll","background-type":"","background-media":"","overlay-type":"","overlay-color":"","overlay-opacity":"","overlay-gradient":""}}},"product_brand":[1107],"product_cat":[16,278,45],"product_tag":[1047,1050,1048,1110],"class_list":{"0":"post-7438","1":"product","2":"type-product","3":"status-publish","4":"has-post-thumbnail","6":"product_brand-lautapelit-fi","7":"product_cat-kaikki","8":"product_cat-settikeraily","9":"product_cat-strategiapelit","10":"product_tag-peruspeli","11":"product_tag-ruotsinkieliset-pelit","12":"product_tag-suomenkieliset-pelit","13":"product_tag-uwe-rosenberg","14":"product_shipping_class-standard2","15":"desktop-align-center","16":"tablet-align-center","17":"mobile-align-center","19":"first","20":"instock","21":"taxable","22":"shipping-taxable","23":"purchasable","24":"product-type-simple"},"yoast_head":"<!-- This site is optimized with the Yoast SEO Premium plugin v27.3 (Yoast SEO v27.4) - https:\/\/yoast.com\/product\/yoast-seo-premium-wordpress\/ -->\n<title>Bohnanza (Nordic) &#8211; Spelivinkki<\/title>\n<meta name=\"description\" content=\"Pelatessa Bohnanza papupeli\u00e4 opit papujen salat ja strategiset siirrot! Tervetuloa kykyjesi testaamiseen ja hauskanpitoon! \ud83c\udf31\" \/>\n<meta name=\"robots\" content=\"index, follow, max-snippet:-1, max-image-preview:large, max-video-preview:-1\" \/>\n<link rel=\"canonical\" href=\"https:\/\/spelivinkki.fi\/sv\/produkt\/bohnanza-nordic\/\" \/>\n<meta property=\"og:locale\" content=\"sv_SE\" \/>\n<meta property=\"og:type\" content=\"article\" \/>\n<meta property=\"og:title\" content=\"Bohnanza (Nordic)\" \/>\n<meta property=\"og:description\" content=\"Pelatessa Bohnanza papupeli\u00e4 opit papujen salat ja strategiset siirrot! Tervetuloa kykyjesi testaamiseen ja hauskanpitoon! \ud83c\udf31\" \/>\n<meta property=\"og:url\" content=\"https:\/\/spelivinkki.fi\/sv\/produkt\/bohnanza-nordic\/\" \/>\n<meta property=\"og:site_name\" content=\"Spelivinkki\" \/>\n<meta property=\"article:publisher\" content=\"https:\/\/www.facebook.com\/SpelivinkkiOy\/\" \/>\n<meta property=\"article:modified_time\" content=\"2026-02-26T15:01:52+00:00\" \/>\n<meta property=\"og:image\" content=\"https:\/\/mlw9zexfsyfr.i.optimole.com\/w:auto\/h:auto\/q:mauto\/ig:avif\/https:\/\/spelivinkki.fi\/wp-content\/uploads\/2025\/06\/Bohnanza-papupeli-tuotekuva.webp\" \/>\n\t<meta property=\"og:image:width\" content=\"812\" \/>\n\t<meta property=\"og:image:height\" content=\"811\" \/>\n\t<meta property=\"og:image:type\" content=\"image\/webp\" \/>\n<meta name=\"twitter:card\" content=\"summary_large_image\" \/>\n<meta name=\"twitter:site\" content=\"@SpelivinkkiOy\" \/>\n<meta name=\"twitter:label1\" content=\"Pris\" \/>\n\t<meta name=\"twitter:data1\" content=\"20,00&nbsp;&euro;\" \/>\n\t<meta name=\"twitter:label2\" content=\"Tillg\u00e4nglig\" \/>\n\t<meta name=\"twitter:data2\" content=\"I lager\" \/>\n<script type=\"application\/ld+json\" class=\"yoast-schema-graph\">{\"@context\":\"https:\\\/\\\/schema.org\",\"@graph\":[{\"@type\":\"WebPage\",\"@id\":\"https:\\\/\\\/spelivinkki.fi\\\/tuote\\\/bohnanza-nordic\\\/\",\"url\":\"https:\\\/\\\/spelivinkki.fi\\\/tuote\\\/bohnanza-nordic\\\/\",\"name\":\"Bohnanza (Nordic) &#8211; Spelivinkki\",\"isPartOf\":{\"@id\":\"https:\\\/\\\/spelivinkki.fi\\\/#website\"},\"primaryImageOfPage\":{\"@id\":\"https:\\\/\\\/spelivinkki.fi\\\/tuote\\\/bohnanza-nordic\\\/#primaryimage\"},\"image\":{\"@id\":\"https:\\\/\\\/spelivinkki.fi\\\/tuote\\\/bohnanza-nordic\\\/#primaryimage\"},\"thumbnailUrl\":\"https:\\/\\/spelivinkki.fi\\/wp-content\\/uploads\\/2025\\/06\\/Bohnanza-papupeli-tuotekuva.webp\",\"datePublished\":\"2025-06-12T11:57:06+00:00\",\"dateModified\":\"2026-02-26T15:01:52+00:00\",\"description\":\"Pelatessa Bohnanza papupeli\u00e4 opit papujen salat ja strategiset siirrot! Tervetuloa kykyjesi testaamiseen ja hauskanpitoon! \ud83c\udf31\",\"breadcrumb\":{\"@id\":\"https:\\\/\\\/spelivinkki.fi\\\/tuote\\\/bohnanza-nordic\\\/#breadcrumb\"},\"inLanguage\":\"sv-SE\",\"potentialAction\":[{\"@type\":\"ReadAction\",\"target\":[\"https:\\\/\\\/spelivinkki.fi\\\/tuote\\\/bohnanza-nordic\\\/\"]}]},{\"@type\":\"ImageObject\",\"inLanguage\":\"sv-SE\",\"@id\":\"https:\\\/\\\/spelivinkki.fi\\\/tuote\\\/bohnanza-nordic\\\/#primaryimage\",\"url\":\"https:\\/\\/spelivinkki.fi\\/wp-content\\/uploads\\/2025\\/06\\/Bohnanza-papupeli-tuotekuva.webp\",\"contentUrl\":\"https:\\/\\/spelivinkki.fi\\/wp-content\\/uploads\\/2025\\/06\\/Bohnanza-papupeli-tuotekuva.webp\",\"width\":812,\"height\":811,\"caption\":\"Bohnanza papupeli tuotekuva\"},{\"@type\":\"BreadcrumbList\",\"@id\":\"https:\\\/\\\/spelivinkki.fi\\\/tuote\\\/bohnanza-nordic\\\/#breadcrumb\",\"itemListElement\":[{\"@type\":\"ListItem\",\"position\":1,\"name\":\"Etusivu\",\"item\":\"https:\\\/\\\/spelivinkki.fi\\\/\"},{\"@type\":\"ListItem\",\"position\":2,\"name\":\"Tuotteet\",\"item\":\"https:\\\/\\\/spelivinkki.fi\\\/tuotteet\\\/\"},{\"@type\":\"ListItem\",\"position\":3,\"name\":\"Bohnanza (Nordic)\"}]},{\"@type\":\"WebSite\",\"@id\":\"https:\\\/\\\/spelivinkki.fi\\\/#website\",\"url\":\"https:\\\/\\\/spelivinkki.fi\\\/\",\"name\":\"Spelivinkki\",\"description\":\"Paraisten Lautapelikauppa\",\"publisher\":{\"@id\":\"https:\\\/\\\/spelivinkki.fi\\\/#organization\"},\"alternateName\":\"Spelivinkki Oy\",\"potentialAction\":[{\"@type\":\"SearchAction\",\"target\":{\"@type\":\"EntryPoint\",\"urlTemplate\":\"https:\\\/\\\/spelivinkki.fi\\\/?s={search_term_string}\"},\"query-input\":{\"@type\":\"PropertyValueSpecification\",\"valueRequired\":true,\"valueName\":\"search_term_string\"}}],\"inLanguage\":\"sv-SE\"},{\"@type\":\"Organization\",\"@id\":\"https:\\\/\\\/spelivinkki.fi\\\/#organization\",\"name\":\"Spelivinkki Oy\",\"alternateName\":\"Spelivinkki\",\"url\":\"https:\\\/\\\/spelivinkki.fi\\\/\",\"logo\":{\"@type\":\"ImageObject\",\"inLanguage\":\"sv-SE\",\"@id\":\"https:\\\/\\\/spelivinkki.fi\\\/#\\\/schema\\\/logo\\\/image\\\/\",\"url\":\"https:\\/\\/spelivinkki.fi\\/wp-content\\/uploads\\/2024\\/02\\/Logo.svg\",\"contentUrl\":\"https:\\/\\/spelivinkki.fi\\/wp-content\\/uploads\\/2024\\/02\\/Logo.svg\",\"width\":2176,\"height\":2323,\"caption\":\"Spelivinkki Oy\"},\"image\":{\"@id\":\"https:\\\/\\\/spelivinkki.fi\\\/#\\\/schema\\\/logo\\\/image\\\/\"},\"sameAs\":[\"https:\\\/\\\/www.facebook.com\\\/SpelivinkkiOy\\\/\",\"https:\\\/\\\/x.com\\\/SpelivinkkiOy\",\"https:\\\/\\\/www.instagram.com\\\/spelivinkkioy\\\/\"],\"description\":\"Spelivinkki Oy is a company operating both a brick-and-mortar store in Finland as well as a webshop online. We sell board games, roleplaying games, miniature wargames, logic puzzles, jigsaw puzzles and other things related to the boardgame hobby.\",\"email\":\"myynti@spelivinkki.fi\",\"telephone\":\"+358406486605\",\"legalName\":\"Spelivinkki Oy\",\"foundingDate\":\"2023-09-17\",\"vatID\":\"FI33904524\",\"numberOfEmployees\":{\"@type\":\"QuantitativeValue\",\"minValue\":\"1\",\"maxValue\":\"10\"},\"hasMerchantReturnPolicy\":{\"@type\":\"MerchantReturnPolicy\",\"merchantReturnLink\":\"https:\\\/\\\/spelivinkki.fi\\\/sv\\\/spelivinkin-vaihto-ja-palautusoikeus\\\/\"}}]}<\/script>\n<meta property=\"product:brand\" content=\"Lautapelit.fi\" \/>\n<meta property=\"product:price:amount\" content=\"20.00\" \/>\n<meta property=\"product:price:currency\" content=\"EUR\" \/>\n<meta property=\"og:availability\" content=\"instock\" \/>\n<meta property=\"product:availability\" content=\"instock\" \/>\n<meta property=\"product:retailer_item_id\" content=\"Bohnanza_Nordic\" \/>\n<meta property=\"product:condition\" content=\"new\" \/>\n<!-- \/ Yoast SEO Premium plugin. -->","yoast_head_json":{"title":"Bohnanza (Nordic) &#8211; Spelivinkki","description":"Pelatessa Bohnanza papupeli\u00e4 opit papujen salat ja strategiset siirrot! Tervetuloa kykyjesi testaamiseen ja hauskanpitoon! \ud83c\udf31","robots":{"index":"index","follow":"follow","max-snippet":"max-snippet:-1","max-image-preview":"max-image-preview:large","max-video-preview":"max-video-preview:-1"},"canonical":"https:\/\/spelivinkki.fi\/sv\/produkt\/bohnanza-nordic\/","og_locale":"sv_SE","og_type":"article","og_title":"Bohnanza (Nordic)","og_description":"Pelatessa Bohnanza papupeli\u00e4 opit papujen salat ja strategiset siirrot! Tervetuloa kykyjesi testaamiseen ja hauskanpitoon! \ud83c\udf31","og_url":"https:\/\/spelivinkki.fi\/sv\/produkt\/bohnanza-nordic\/","og_site_name":"Spelivinkki","article_publisher":"https:\/\/www.facebook.com\/SpelivinkkiOy\/","article_modified_time":"2026-02-26T15:01:52+00:00","og_image":[{"width":812,"height":811,"url":"https:\/\/mlw9zexfsyfr.i.optimole.com\/w:auto\/h:auto\/q:mauto\/ig:avif\/https:\/\/spelivinkki.fi\/wp-content\/uploads\/2025\/06\/Bohnanza-papupeli-tuotekuva.webp","type":"image\/webp"}],"twitter_card":"summary_large_image","twitter_site":"@SpelivinkkiOy","twitter_misc":{"Pris":"20,00&nbsp;&euro;","Tillg\u00e4nglig":"I lager"},"schema":{"@context":"https:\/\/schema.org","@graph":[{"@type":"WebPage","@id":"https:\/\/spelivinkki.fi\/tuote\/bohnanza-nordic\/","url":"https:\/\/spelivinkki.fi\/tuote\/bohnanza-nordic\/","name":"Bohnanza (Nordic) &#8211; Spelivinkki","isPartOf":{"@id":"https:\/\/spelivinkki.fi\/#website"},"primaryImageOfPage":{"@id":"https:\/\/spelivinkki.fi\/tuote\/bohnanza-nordic\/#primaryimage"},"image":{"@id":"https:\/\/spelivinkki.fi\/tuote\/bohnanza-nordic\/#primaryimage"},"thumbnailUrl":"https:\/\/mlw9zexfsyfr.i.optimole.com\/w:auto\/h:auto\/q:mauto\/ig:avif\/https:\/\/spelivinkki.fi\/wp-content\/uploads\/2025\/06\/Bohnanza-papupeli-tuotekuva.webp","datePublished":"2025-06-12T11:57:06+00:00","dateModified":"2026-02-26T15:01:52+00:00","description":"Pelatessa Bohnanza papupeli\u00e4 opit papujen salat ja strategiset siirrot! Tervetuloa kykyjesi testaamiseen ja hauskanpitoon! \ud83c\udf31","breadcrumb":{"@id":"https:\/\/spelivinkki.fi\/tuote\/bohnanza-nordic\/#breadcrumb"},"inLanguage":"sv-SE","potentialAction":[{"@type":"ReadAction","target":["https:\/\/spelivinkki.fi\/tuote\/bohnanza-nordic\/"]}]},{"@type":"ImageObject","inLanguage":"sv-SE","@id":"https:\/\/spelivinkki.fi\/tuote\/bohnanza-nordic\/#primaryimage","url":"https:\/\/mlw9zexfsyfr.i.optimole.com\/w:auto\/h:auto\/q:mauto\/ig:avif\/https:\/\/spelivinkki.fi\/wp-content\/uploads\/2025\/06\/Bohnanza-papupeli-tuotekuva.webp","contentUrl":"https:\/\/mlw9zexfsyfr.i.optimole.com\/w:auto\/h:auto\/q:mauto\/ig:avif\/https:\/\/spelivinkki.fi\/wp-content\/uploads\/2025\/06\/Bohnanza-papupeli-tuotekuva.webp","width":812,"height":811,"caption":"Bohnanza papupeli tuotekuva"},{"@type":"BreadcrumbList","@id":"https:\/\/spelivinkki.fi\/tuote\/bohnanza-nordic\/#breadcrumb","itemListElement":[{"@type":"ListItem","position":1,"name":"Etusivu","item":"https:\/\/spelivinkki.fi\/"},{"@type":"ListItem","position":2,"name":"Tuotteet","item":"https:\/\/spelivinkki.fi\/tuotteet\/"},{"@type":"ListItem","position":3,"name":"Bohnanza (Nordic)"}]},{"@type":"WebSite","@id":"https:\/\/spelivinkki.fi\/#website","url":"https:\/\/spelivinkki.fi\/","name":"Spelivinkki","description":"Paraisten Lautapelikauppa","publisher":{"@id":"https:\/\/spelivinkki.fi\/#organization"},"alternateName":"Spelivinkki Oy","potentialAction":[{"@type":"SearchAction","target":{"@type":"EntryPoint","urlTemplate":"https:\/\/spelivinkki.fi\/?s={search_term_string}"},"query-input":{"@type":"PropertyValueSpecification","valueRequired":true,"valueName":"search_term_string"}}],"inLanguage":"sv-SE"},{"@type":"Organization","@id":"https:\/\/spelivinkki.fi\/#organization","name":"Spelivinkki Oy","alternateName":"Spelivinkki","url":"https:\/\/spelivinkki.fi\/","logo":{"@type":"ImageObject","inLanguage":"sv-SE","@id":"https:\/\/spelivinkki.fi\/#\/schema\/logo\/image\/","url":"https:\/\/mlw9zexfsyfr.i.optimole.com\/w:auto\/h:auto\/q:mauto\/ig:avif\/https:\/\/spelivinkki.fi\/wp-content\/uploads\/2024\/02\/Logo.svg","contentUrl":"https:\/\/mlw9zexfsyfr.i.optimole.com\/w:auto\/h:auto\/q:mauto\/ig:avif\/https:\/\/spelivinkki.fi\/wp-content\/uploads\/2024\/02\/Logo.svg","width":2176,"height":2323,"caption":"Spelivinkki Oy"},"image":{"@id":"https:\/\/spelivinkki.fi\/#\/schema\/logo\/image\/"},"sameAs":["https:\/\/www.facebook.com\/SpelivinkkiOy\/","https:\/\/x.com\/SpelivinkkiOy","https:\/\/www.instagram.com\/spelivinkkioy\/"],"description":"Spelivinkki Oy is a company operating both a brick-and-mortar store in Finland as well as a webshop online. We sell board games, roleplaying games, miniature wargames, logic puzzles, jigsaw puzzles and other things related to the boardgame hobby.","email":"myynti@spelivinkki.fi","telephone":"+358406486605","legalName":"Spelivinkki Oy","foundingDate":"2023-09-17","vatID":"FI33904524","numberOfEmployees":{"@type":"QuantitativeValue","minValue":"1","maxValue":"10"},"hasMerchantReturnPolicy":{"@type":"MerchantReturnPolicy","merchantReturnLink":"https:\/\/spelivinkki.fi\/sv\/spelivinkin-vaihto-ja-palautusoikeus\/"}}]},"product_brand":"Lautapelit.fi","product_price_amount":"20.00","product_price_currency":"EUR","og_availability":"instock","product_availability":"instock","product_retailer_item_id":"Bohnanza_Nordic","product_condition":"new"},"_links":{"self":[{"href":"https:\/\/spelivinkki.fi\/sv\/wp-json\/wp\/v2\/product\/7438","targetHints":{"allow":["GET"]}}],"collection":[{"href":"https:\/\/spelivinkki.fi\/sv\/wp-json\/wp\/v2\/product"}],"about":[{"href":"https:\/\/spelivinkki.fi\/sv\/wp-json\/wp\/v2\/types\/product"}],"wp:featuredmedia":[{"embeddable":true,"href":"https:\/\/spelivinkki.fi\/sv\/wp-json\/wp\/v2\/media\/7439"}],"wp:attachment":[{"href":"https:\/\/spelivinkki.fi\/sv\/wp-json\/wp\/v2\/media?parent=7438"}],"wp:term":[{"taxonomy":"product_brand","embeddable":true,"href":"https:\/\/spelivinkki.fi\/sv\/wp-json\/wp\/v2\/product_brand?post=7438"},{"taxonomy":"product_cat","embeddable":true,"href":"https:\/\/spelivinkki.fi\/sv\/wp-json\/wp\/v2\/product_cat?post=7438"},{"taxonomy":"product_tag","embeddable":true,"href":"https:\/\/spelivinkki.fi\/sv\/wp-json\/wp\/v2\/product_tag?post=7438"}],"curies":[{"name":"wp","href":"https:\/\/api.w.org\/{rel}","templated":true}]}}