{"id":7495,"date":"2025-07-23T12:44:43","date_gmt":"2025-07-23T12:44:43","guid":{"rendered":"https:\/\/spelivinkki.fi\/?post_type=product&#038;p=7495"},"modified":"2026-02-19T11:19:43","modified_gmt":"2026-02-19T11:19:43","slug":"white-dwarf-514-heinakuu-2025","status":"publish","type":"product","link":"https:\/\/spelivinkki.fi\/sv\/produkt\/white-dwarf-514-heinakuu-2025\/","title":{"rendered":"White Dwarf #514 \u2014 Juli 2025"},"content":{"rendered":"<h5>Publisher description in English:<\/h5>\n<p><em><strong>White Dwarf<\/strong> is the official Warhammer magazine, packed with amazing monthly content \u2013 including new rules and background, short stories, regular columns, special guests, and more.<\/em><\/p>\n<p><em>Here\u2019s what you can look forward to in the June issue:<\/em><\/p>\n<p><em><strong>Planet Warhammer<\/strong><\/em><br \/>\n<em>Miniatures, letters, and questions sent in by readers. Plus, hobby-related news!<\/em><\/p>\n<p><em><strong>Worlds of Warhammer<\/strong><\/em><br \/>\n<em>The forbidden lore of the Chaos Gods laid bare by Phil and Andy, our two resident heresiarchs.<\/em><\/p>\n<p><em><strong>Hobby Hangout<\/strong><\/em><br \/>\n<em>Want your models to bear the marks of their past exploits? Dan is on hand with some tips.<\/em><\/p>\n<h6><em>WARHAMMER 40,000<\/em><\/h6>\n<p><em><strong>Notes on the Great Conspirator<\/strong><\/em><br \/>\n<em>Musings on the nefarious Changer of the Ways, straight from the archives of Titan.<\/em><\/p>\n<p><em><strong>Prisms of Perception<\/strong><\/em><br \/>\n<em>A guide to the panoply of tools psykers use to maintain focus (no, we don&#8217;t mean fidget toys).<\/em><\/p>\n<p><em><strong>Warptongue&#8217;s Hex-pact<\/strong><\/em><br \/>\n<em>The Thousand Sons conjure up daemonic reinforcements in a new Combat Patrol.<\/em><\/p>\n<p><em><strong>Aspects of War<\/strong><\/em><br \/>\n<em>Rules for taking your Warhammer 40,000 battles to mutating warzones.<\/em><\/p>\n<h6><em>WARHAMMER AGE OF SIGMAR<\/em><\/h6>\n<p><em><strong>Fate and Feculence<\/strong><\/em><br \/>\n<em>A history of Tzeentch\u2019s rivalry with his odious opposite number, Grandfather Nurgle.<\/em><\/p>\n<p><em><strong>The Fires of Change<\/strong><\/em><br \/>\n<em>A new Army of Renown enters the scene on a mission to change (and burn) things up.<\/em><\/p>\n<p><em><strong>Basic Training<\/strong><\/em><br \/>\n<em>Warplock jezzails at the ready! We&#8217;ve prepared a thorough drilling on the Shooting Phase.<\/em><\/p>\n<h6><em>OTHER ARTICLES<\/em><\/h6>\n<p><em><strong>Heralds of Tzeentch<\/strong><\/em><br \/>\n<em>A gallery of the Change God\u2019s servants in all of their multifarious manifestations. Marvellous!<\/em><\/p>\n<p><em><strong>Tales From the Grand Narrative<\/strong><\/em><br \/>\n<em>Was it grand? Yes. Ah, but was it narrative? Also yes. All this and more in an in-depth report.<\/em><\/p>\n<p><em><strong>The Falling Blossom<\/strong><\/em><br \/>\n<em>The spotlight is shined on an artful Ynnari force fresh off the stage of the Grand Narrative.<\/em><\/p>\n<p><em><strong>Designers&#8217; Notes: Grand Cathay<\/strong><\/em><br \/>\n<em>It\u2019s the month of the Dragon (Emperor)! The Old World design sages chat Grand Cathay.<\/em><\/p>\n<p><em><strong>Trials of Albarak: A Debt of Souls<\/strong><\/em><br \/>\n<em>The continuation of Albarak\u2019s saga takes him from the skies right down to the watery depths.<\/em><\/p>\n<h6><em>WHITE DWARF BUNKER<\/em><\/h6>\n<p><em><strong>Access Granted<\/strong><\/em><br \/>\n<em>Painting challenges and the latest Bunker news.<\/em><\/p>\n<p><em><strong>The Warhammer Underworlds League<\/strong><\/em><br \/>\n<em>A look into the studio&#8217;s Bunker Underworlds league, and some ideas for your own!<\/em><\/p>\n<p><em><strong>Satellite Uplink<\/strong><\/em><br \/>\n<em>Your rank and file units on parade. Hope they&#8217;ve polished all their buttons\u2026<\/em><\/p>\n<p><em><strong>Bunker Bingo!<\/strong><\/em><br \/>\n<em>What have we been up to this month in the White Dwarf team? Bit o&#8217; paintin&#8217; perhaps?<\/em><\/p>\n<p><em>Each copy of White Dwarf 514 also comes with a cardboard insert which includes a double-sided card featuring the scenarios of the month for Warhammer 40,000 and Warhammer Age of Sigmar, and 4x Combat Doctrine reminder cards for Space Marines players.<\/em><\/p>","protected":false},"excerpt":{"rendered":"<ul>\n<li><strong>Nummer:<\/strong> 514<\/li>\n<li><strong>\u00c5ldersrekommendation:<\/strong> 12+<\/li>\n<li><strong>Spr\u00e5k:<\/strong> Engelska<\/li>\n<li><strong>Utgivare:<\/strong> Games Workshop<\/li>\n<\/ul>","protected":false},"featured_media":7496,"template":"","meta":{"site-sidebar-layout":"default","site-content-layout":"","ast-site-content-layout":"default","site-content-style":"default","site-sidebar-style":"default","ast-global-header-display":"","ast-banner-title-visibility":"","ast-main-header-display":"","ast-hfb-above-header-display":"","ast-hfb-below-header-display":"","ast-hfb-mobile-header-display":"","site-post-title":"","ast-breadcrumbs-content":"","ast-featured-img":"","footer-sml-layout":"","ast-disable-related-posts":"","theme-transparent-header-meta":"default","adv-header-id-meta":"","stick-header-meta":"","header-above-stick-meta":"","header-main-stick-meta":"","header-below-stick-meta":"","astra-migrate-meta-layouts":"set","ast-page-background-enabled":"default","ast-page-background-meta":{"desktop":{"background-color":"","background-image":"","background-repeat":"repeat","background-position":"center center","background-size":"auto","background-attachment":"scroll","background-type":"","background-media":"","overlay-type":"","overlay-color":"","overlay-opacity":"","overlay-gradient":""},"tablet":{"background-color":"","background-image":"","background-repeat":"repeat","background-position":"center center","background-size":"auto","background-attachment":"scroll","background-type":"","background-media":"","overlay-type":"","overlay-color":"","overlay-opacity":"","overlay-gradient":""},"mobile":{"background-color":"","background-image":"","background-repeat":"repeat","background-position":"center center","background-size":"auto","background-attachment":"scroll","background-type":"","background-media":"","overlay-type":"","overlay-color":"","overlay-opacity":"","overlay-gradient":""}},"ast-content-background-meta":{"desktop":{"background-color":"var(--ast-global-color-5)","background-image":"","background-repeat":"repeat","background-position":"center center","background-size":"auto","background-attachment":"scroll","background-type":"","background-media":"","overlay-type":"","overlay-color":"","overlay-opacity":"","overlay-gradient":""},"tablet":{"background-color":"var(--ast-global-color-5)","background-image":"","background-repeat":"repeat","background-position":"center center","background-size":"auto","background-attachment":"scroll","background-type":"","background-media":"","overlay-type":"","overlay-color":"","overlay-opacity":"","overlay-gradient":""},"mobile":{"background-color":"var(--ast-global-color-5)","background-image":"","background-repeat":"repeat","background-position":"center center","background-size":"auto","background-attachment":"scroll","background-type":"","background-media":"","overlay-type":"","overlay-color":"","overlay-opacity":"","overlay-gradient":""}}},"product_brand":[1051],"product_cat":[1034],"product_tag":[1275],"class_list":{"0":"post-7495","1":"product","2":"type-product","3":"status-publish","4":"has-post-thumbnail","6":"product_brand-games-workshop","7":"product_cat-white-dwarf-lehdet","8":"product_tag-lehdet","9":"product_shipping_class-any1","10":"desktop-align-center","11":"tablet-align-center","12":"mobile-align-center","14":"first","15":"outofstock","16":"taxable","17":"shipping-taxable","18":"purchasable","19":"product-type-simple"},"yoast_head":"<!-- This site is optimized with the Yoast SEO Premium plugin v27.3 (Yoast SEO v27.4) - https:\/\/yoast.com\/product\/yoast-seo-premium-wordpress\/ -->\n<title>White Dwarf #514 -- Hein\u00e4kuu 2025 &#8211; Spelivinkki<\/title>\n<meta name=\"description\" content=\"L\u00f6yd\u00e4 uusia s\u00e4\u00e4nt\u00f6j\u00e4 ja lumoavia tarinoita White Dwarf 514 Lords of Change lehdest\u00e4. Liity Warhammer-yhteis\u00f6\u00f6n ja tilaa oma lehti! \ud83d\udcd6\" \/>\n<meta name=\"robots\" content=\"index, follow, max-snippet:-1, max-image-preview:large, max-video-preview:-1\" \/>\n<link rel=\"canonical\" href=\"https:\/\/spelivinkki.fi\/sv\/produkt\/white-dwarf-514-heinakuu-2025\/\" \/>\n<meta property=\"og:locale\" content=\"sv_SE\" \/>\n<meta property=\"og:type\" content=\"article\" \/>\n<meta property=\"og:title\" content=\"White Dwarf #514 -- Hein\u00e4kuu 2025\" \/>\n<meta property=\"og:description\" content=\"L\u00f6yd\u00e4 uusia s\u00e4\u00e4nt\u00f6j\u00e4 ja lumoavia tarinoita White Dwarf 514 Lords of Change lehdest\u00e4. Liity Warhammer-yhteis\u00f6\u00f6n ja tilaa oma lehti! \ud83d\udcd6\" \/>\n<meta property=\"og:url\" content=\"https:\/\/spelivinkki.fi\/sv\/produkt\/white-dwarf-514-heinakuu-2025\/\" \/>\n<meta property=\"og:site_name\" content=\"Spelivinkki\" \/>\n<meta property=\"article:publisher\" content=\"https:\/\/www.facebook.com\/SpelivinkkiOy\/\" \/>\n<meta property=\"article:modified_time\" content=\"2026-02-19T11:19:43+00:00\" \/>\n<meta property=\"og:image\" content=\"https:\/\/mlw9zexfsyfr.i.optimole.com\/w:auto\/h:auto\/q:mauto\/ig:avif\/https:\/\/spelivinkki.fi\/wp-content\/uploads\/2025\/07\/White-Dwarf-514-Tuotekuva.webp\" \/>\n\t<meta property=\"og:image:width\" content=\"918\" \/>\n\t<meta property=\"og:image:height\" content=\"948\" \/>\n\t<meta property=\"og:image:type\" content=\"image\/webp\" \/>\n<meta name=\"twitter:card\" content=\"summary_large_image\" \/>\n<meta name=\"twitter:site\" content=\"@SpelivinkkiOy\" \/>\n<meta name=\"twitter:label1\" content=\"Pris\" \/>\n\t<meta name=\"twitter:data1\" content=\"9,00&nbsp;&euro;\" \/>\n\t<meta name=\"twitter:label2\" content=\"Tillg\u00e4nglig\" \/>\n\t<meta name=\"twitter:data2\" content=\"Slut i lager\" \/>\n<script type=\"application\/ld+json\" class=\"yoast-schema-graph\">{\"@context\":\"https:\\\/\\\/schema.org\",\"@graph\":[{\"@type\":\"WebPage\",\"@id\":\"https:\\\/\\\/spelivinkki.fi\\\/tuote\\\/white-dwarf-514-heinakuu-2025\\\/\",\"url\":\"https:\\\/\\\/spelivinkki.fi\\\/tuote\\\/white-dwarf-514-heinakuu-2025\\\/\",\"name\":\"White Dwarf #514 -- Hein\u00e4kuu 2025 &#8211; Spelivinkki\",\"isPartOf\":{\"@id\":\"https:\\\/\\\/spelivinkki.fi\\\/#website\"},\"primaryImageOfPage\":{\"@id\":\"https:\\\/\\\/spelivinkki.fi\\\/tuote\\\/white-dwarf-514-heinakuu-2025\\\/#primaryimage\"},\"image\":{\"@id\":\"https:\\\/\\\/spelivinkki.fi\\\/tuote\\\/white-dwarf-514-heinakuu-2025\\\/#primaryimage\"},\"thumbnailUrl\":\"https:\\/\\/spelivinkki.fi\\/wp-content\\/uploads\\/2025\\/07\\/White-Dwarf-514-Tuotekuva.webp\",\"datePublished\":\"2025-07-23T12:44:43+00:00\",\"dateModified\":\"2026-02-19T11:19:43+00:00\",\"description\":\"L\u00f6yd\u00e4 uusia s\u00e4\u00e4nt\u00f6j\u00e4 ja lumoavia tarinoita White Dwarf 514 Lords of Change lehdest\u00e4. Liity Warhammer-yhteis\u00f6\u00f6n ja tilaa oma lehti! \ud83d\udcd6\",\"breadcrumb\":{\"@id\":\"https:\\\/\\\/spelivinkki.fi\\\/tuote\\\/white-dwarf-514-heinakuu-2025\\\/#breadcrumb\"},\"inLanguage\":\"sv-SE\",\"potentialAction\":[{\"@type\":\"ReadAction\",\"target\":[\"https:\\\/\\\/spelivinkki.fi\\\/tuote\\\/white-dwarf-514-heinakuu-2025\\\/\"]}]},{\"@type\":\"ImageObject\",\"inLanguage\":\"sv-SE\",\"@id\":\"https:\\\/\\\/spelivinkki.fi\\\/tuote\\\/white-dwarf-514-heinakuu-2025\\\/#primaryimage\",\"url\":\"https:\\/\\/spelivinkki.fi\\/wp-content\\/uploads\\/2025\\/07\\/White-Dwarf-514-Tuotekuva.webp\",\"contentUrl\":\"https:\\/\\/spelivinkki.fi\\/wp-content\\/uploads\\/2025\\/07\\/White-Dwarf-514-Tuotekuva.webp\",\"width\":918,\"height\":948,\"caption\":\"White Dwarf 514 Tuotekuva\"},{\"@type\":\"BreadcrumbList\",\"@id\":\"https:\\\/\\\/spelivinkki.fi\\\/tuote\\\/white-dwarf-514-heinakuu-2025\\\/#breadcrumb\",\"itemListElement\":[{\"@type\":\"ListItem\",\"position\":1,\"name\":\"Etusivu\",\"item\":\"https:\\\/\\\/spelivinkki.fi\\\/\"},{\"@type\":\"ListItem\",\"position\":2,\"name\":\"Tuotteet\",\"item\":\"https:\\\/\\\/spelivinkki.fi\\\/tuotteet\\\/\"},{\"@type\":\"ListItem\",\"position\":3,\"name\":\"White Dwarf #514 &#8212; Hein\u00e4kuu 2025\"}]},{\"@type\":\"WebSite\",\"@id\":\"https:\\\/\\\/spelivinkki.fi\\\/#website\",\"url\":\"https:\\\/\\\/spelivinkki.fi\\\/\",\"name\":\"Spelivinkki\",\"description\":\"Paraisten Lautapelikauppa\",\"publisher\":{\"@id\":\"https:\\\/\\\/spelivinkki.fi\\\/#organization\"},\"alternateName\":\"Spelivinkki Oy\",\"potentialAction\":[{\"@type\":\"SearchAction\",\"target\":{\"@type\":\"EntryPoint\",\"urlTemplate\":\"https:\\\/\\\/spelivinkki.fi\\\/?s={search_term_string}\"},\"query-input\":{\"@type\":\"PropertyValueSpecification\",\"valueRequired\":true,\"valueName\":\"search_term_string\"}}],\"inLanguage\":\"sv-SE\"},{\"@type\":\"Organization\",\"@id\":\"https:\\\/\\\/spelivinkki.fi\\\/#organization\",\"name\":\"Spelivinkki Oy\",\"alternateName\":\"Spelivinkki\",\"url\":\"https:\\\/\\\/spelivinkki.fi\\\/\",\"logo\":{\"@type\":\"ImageObject\",\"inLanguage\":\"sv-SE\",\"@id\":\"https:\\\/\\\/spelivinkki.fi\\\/#\\\/schema\\\/logo\\\/image\\\/\",\"url\":\"https:\\/\\/spelivinkki.fi\\/wp-content\\/uploads\\/2024\\/02\\/Logo.svg\",\"contentUrl\":\"https:\\/\\/spelivinkki.fi\\/wp-content\\/uploads\\/2024\\/02\\/Logo.svg\",\"width\":2176,\"height\":2323,\"caption\":\"Spelivinkki Oy\"},\"image\":{\"@id\":\"https:\\\/\\\/spelivinkki.fi\\\/#\\\/schema\\\/logo\\\/image\\\/\"},\"sameAs\":[\"https:\\\/\\\/www.facebook.com\\\/SpelivinkkiOy\\\/\",\"https:\\\/\\\/x.com\\\/SpelivinkkiOy\",\"https:\\\/\\\/www.instagram.com\\\/spelivinkkioy\\\/\"],\"description\":\"Spelivinkki Oy is a company operating both a brick-and-mortar store in Finland as well as a webshop online. We sell board games, roleplaying games, miniature wargames, logic puzzles, jigsaw puzzles and other things related to the boardgame hobby.\",\"email\":\"myynti@spelivinkki.fi\",\"telephone\":\"+358406486605\",\"legalName\":\"Spelivinkki Oy\",\"foundingDate\":\"2023-09-17\",\"vatID\":\"FI33904524\",\"numberOfEmployees\":{\"@type\":\"QuantitativeValue\",\"minValue\":\"1\",\"maxValue\":\"10\"},\"hasMerchantReturnPolicy\":{\"@type\":\"MerchantReturnPolicy\",\"merchantReturnLink\":\"https:\\\/\\\/spelivinkki.fi\\\/sv\\\/spelivinkin-vaihto-ja-palautusoikeus\\\/\"}}]}<\/script>\n<meta property=\"product:brand\" content=\"Games Workshop\" \/>\n<meta property=\"product:price:amount\" content=\"9.00\" \/>\n<meta property=\"product:price:currency\" content=\"EUR\" \/>\n<meta property=\"og:availability\" content=\"out of stock\" \/>\n<meta property=\"product:availability\" content=\"out of stock\" \/>\n<meta property=\"product:retailer_item_id\" content=\"WhiteDwarf_514\" \/>\n<meta property=\"product:condition\" content=\"new\" \/>\n<!-- \/ Yoast SEO Premium plugin. -->","yoast_head_json":{"title":"White Dwarf #514 -- Hein\u00e4kuu 2025 &#8211; Spelivinkki","description":"L\u00f6yd\u00e4 uusia s\u00e4\u00e4nt\u00f6j\u00e4 ja lumoavia tarinoita White Dwarf 514 Lords of Change lehdest\u00e4. Liity Warhammer-yhteis\u00f6\u00f6n ja tilaa oma lehti! \ud83d\udcd6","robots":{"index":"index","follow":"follow","max-snippet":"max-snippet:-1","max-image-preview":"max-image-preview:large","max-video-preview":"max-video-preview:-1"},"canonical":"https:\/\/spelivinkki.fi\/sv\/produkt\/white-dwarf-514-heinakuu-2025\/","og_locale":"sv_SE","og_type":"article","og_title":"White Dwarf #514 -- Hein\u00e4kuu 2025","og_description":"L\u00f6yd\u00e4 uusia s\u00e4\u00e4nt\u00f6j\u00e4 ja lumoavia tarinoita White Dwarf 514 Lords of Change lehdest\u00e4. Liity Warhammer-yhteis\u00f6\u00f6n ja tilaa oma lehti! \ud83d\udcd6","og_url":"https:\/\/spelivinkki.fi\/sv\/produkt\/white-dwarf-514-heinakuu-2025\/","og_site_name":"Spelivinkki","article_publisher":"https:\/\/www.facebook.com\/SpelivinkkiOy\/","article_modified_time":"2026-02-19T11:19:43+00:00","og_image":[{"width":918,"height":948,"url":"https:\/\/mlw9zexfsyfr.i.optimole.com\/w:auto\/h:auto\/q:mauto\/ig:avif\/https:\/\/spelivinkki.fi\/wp-content\/uploads\/2025\/07\/White-Dwarf-514-Tuotekuva.webp","type":"image\/webp"}],"twitter_card":"summary_large_image","twitter_site":"@SpelivinkkiOy","twitter_misc":{"Pris":"9,00&nbsp;&euro;","Tillg\u00e4nglig":"Slut i lager"},"schema":{"@context":"https:\/\/schema.org","@graph":[{"@type":"WebPage","@id":"https:\/\/spelivinkki.fi\/tuote\/white-dwarf-514-heinakuu-2025\/","url":"https:\/\/spelivinkki.fi\/tuote\/white-dwarf-514-heinakuu-2025\/","name":"White Dwarf #514 -- Hein\u00e4kuu 2025 &#8211; Spelivinkki","isPartOf":{"@id":"https:\/\/spelivinkki.fi\/#website"},"primaryImageOfPage":{"@id":"https:\/\/spelivinkki.fi\/tuote\/white-dwarf-514-heinakuu-2025\/#primaryimage"},"image":{"@id":"https:\/\/spelivinkki.fi\/tuote\/white-dwarf-514-heinakuu-2025\/#primaryimage"},"thumbnailUrl":"https:\/\/mlw9zexfsyfr.i.optimole.com\/w:auto\/h:auto\/q:mauto\/ig:avif\/https:\/\/spelivinkki.fi\/wp-content\/uploads\/2025\/07\/White-Dwarf-514-Tuotekuva.webp","datePublished":"2025-07-23T12:44:43+00:00","dateModified":"2026-02-19T11:19:43+00:00","description":"L\u00f6yd\u00e4 uusia s\u00e4\u00e4nt\u00f6j\u00e4 ja lumoavia tarinoita White Dwarf 514 Lords of Change lehdest\u00e4. Liity Warhammer-yhteis\u00f6\u00f6n ja tilaa oma lehti! \ud83d\udcd6","breadcrumb":{"@id":"https:\/\/spelivinkki.fi\/tuote\/white-dwarf-514-heinakuu-2025\/#breadcrumb"},"inLanguage":"sv-SE","potentialAction":[{"@type":"ReadAction","target":["https:\/\/spelivinkki.fi\/tuote\/white-dwarf-514-heinakuu-2025\/"]}]},{"@type":"ImageObject","inLanguage":"sv-SE","@id":"https:\/\/spelivinkki.fi\/tuote\/white-dwarf-514-heinakuu-2025\/#primaryimage","url":"https:\/\/mlw9zexfsyfr.i.optimole.com\/w:auto\/h:auto\/q:mauto\/ig:avif\/https:\/\/spelivinkki.fi\/wp-content\/uploads\/2025\/07\/White-Dwarf-514-Tuotekuva.webp","contentUrl":"https:\/\/mlw9zexfsyfr.i.optimole.com\/w:auto\/h:auto\/q:mauto\/ig:avif\/https:\/\/spelivinkki.fi\/wp-content\/uploads\/2025\/07\/White-Dwarf-514-Tuotekuva.webp","width":918,"height":948,"caption":"White Dwarf 514 Tuotekuva"},{"@type":"BreadcrumbList","@id":"https:\/\/spelivinkki.fi\/tuote\/white-dwarf-514-heinakuu-2025\/#breadcrumb","itemListElement":[{"@type":"ListItem","position":1,"name":"Etusivu","item":"https:\/\/spelivinkki.fi\/"},{"@type":"ListItem","position":2,"name":"Tuotteet","item":"https:\/\/spelivinkki.fi\/tuotteet\/"},{"@type":"ListItem","position":3,"name":"White Dwarf #514 &#8212; Hein\u00e4kuu 2025"}]},{"@type":"WebSite","@id":"https:\/\/spelivinkki.fi\/#website","url":"https:\/\/spelivinkki.fi\/","name":"Spelivinkki","description":"Paraisten Lautapelikauppa","publisher":{"@id":"https:\/\/spelivinkki.fi\/#organization"},"alternateName":"Spelivinkki Oy","potentialAction":[{"@type":"SearchAction","target":{"@type":"EntryPoint","urlTemplate":"https:\/\/spelivinkki.fi\/?s={search_term_string}"},"query-input":{"@type":"PropertyValueSpecification","valueRequired":true,"valueName":"search_term_string"}}],"inLanguage":"sv-SE"},{"@type":"Organization","@id":"https:\/\/spelivinkki.fi\/#organization","name":"Spelivinkki Oy","alternateName":"Spelivinkki","url":"https:\/\/spelivinkki.fi\/","logo":{"@type":"ImageObject","inLanguage":"sv-SE","@id":"https:\/\/spelivinkki.fi\/#\/schema\/logo\/image\/","url":"https:\/\/mlw9zexfsyfr.i.optimole.com\/w:auto\/h:auto\/q:mauto\/ig:avif\/https:\/\/spelivinkki.fi\/wp-content\/uploads\/2024\/02\/Logo.svg","contentUrl":"https:\/\/mlw9zexfsyfr.i.optimole.com\/w:auto\/h:auto\/q:mauto\/ig:avif\/https:\/\/spelivinkki.fi\/wp-content\/uploads\/2024\/02\/Logo.svg","width":2176,"height":2323,"caption":"Spelivinkki Oy"},"image":{"@id":"https:\/\/spelivinkki.fi\/#\/schema\/logo\/image\/"},"sameAs":["https:\/\/www.facebook.com\/SpelivinkkiOy\/","https:\/\/x.com\/SpelivinkkiOy","https:\/\/www.instagram.com\/spelivinkkioy\/"],"description":"Spelivinkki Oy is a company operating both a brick-and-mortar store in Finland as well as a webshop online. We sell board games, roleplaying games, miniature wargames, logic puzzles, jigsaw puzzles and other things related to the boardgame hobby.","email":"myynti@spelivinkki.fi","telephone":"+358406486605","legalName":"Spelivinkki Oy","foundingDate":"2023-09-17","vatID":"FI33904524","numberOfEmployees":{"@type":"QuantitativeValue","minValue":"1","maxValue":"10"},"hasMerchantReturnPolicy":{"@type":"MerchantReturnPolicy","merchantReturnLink":"https:\/\/spelivinkki.fi\/sv\/spelivinkin-vaihto-ja-palautusoikeus\/"}}]},"product_brand":"Games Workshop","product_price_amount":"9.00","product_price_currency":"EUR","og_availability":"out of stock","product_availability":"out of stock","product_retailer_item_id":"WhiteDwarf_514","product_condition":"new"},"_links":{"self":[{"href":"https:\/\/spelivinkki.fi\/sv\/wp-json\/wp\/v2\/product\/7495","targetHints":{"allow":["GET"]}}],"collection":[{"href":"https:\/\/spelivinkki.fi\/sv\/wp-json\/wp\/v2\/product"}],"about":[{"href":"https:\/\/spelivinkki.fi\/sv\/wp-json\/wp\/v2\/types\/product"}],"wp:featuredmedia":[{"embeddable":true,"href":"https:\/\/spelivinkki.fi\/sv\/wp-json\/wp\/v2\/media\/7496"}],"wp:attachment":[{"href":"https:\/\/spelivinkki.fi\/sv\/wp-json\/wp\/v2\/media?parent=7495"}],"wp:term":[{"taxonomy":"product_brand","embeddable":true,"href":"https:\/\/spelivinkki.fi\/sv\/wp-json\/wp\/v2\/product_brand?post=7495"},{"taxonomy":"product_cat","embeddable":true,"href":"https:\/\/spelivinkki.fi\/sv\/wp-json\/wp\/v2\/product_cat?post=7495"},{"taxonomy":"product_tag","embeddable":true,"href":"https:\/\/spelivinkki.fi\/sv\/wp-json\/wp\/v2\/product_tag?post=7495"}],"curies":[{"name":"wp","href":"https:\/\/api.w.org\/{rel}","templated":true}]}}