{"id":7519,"date":"2025-08-22T13:21:26","date_gmt":"2025-08-22T13:21:26","guid":{"rendered":"https:\/\/spelivinkki.fi\/?post_type=product&#038;p=7519"},"modified":"2026-02-19T11:19:54","modified_gmt":"2026-02-19T11:19:54","slug":"white-dwarf-515-elokuu-2025","status":"publish","type":"product","link":"https:\/\/spelivinkki.fi\/sv\/produkt\/white-dwarf-515-elokuu-2025\/","title":{"rendered":"White Dwarf #515 &#8211; Elokuu 2025"},"content":{"rendered":"<p>Warhammer Space Marines erikoisnumero!<\/p>\n<h5>Publisher Description in English:<\/h5>\n<p><em>White Dwarf is the official Warhammer magazine, packed with amazing monthly content \u2013 including new rules and background, short stories, regular columns, special guests, and more.<\/em><\/p>\n<p><em>Here\u2019s what you can look forward to in the August issue:<\/em><\/p>\n<p><strong><em>Planet Warhammer<\/em><\/strong><br \/>\n<em>Models, letters and questions sent in by readers. Plus, a Bird of the Month!<\/em><\/p>\n<p><strong><em>Worlds of Warhammer<\/em><\/strong><br \/>\n<em>Are they angels or are they fear incarnate? What are your perceptions of the legendary Space Marines?<\/em><\/p>\n<h6><em>WARHAMMER 40,000<\/em><\/h6>\n<p><strong><em>Dreadnoughts<\/em><\/strong><br \/>\n<em>\u2018Even in death, I serve\u2026\u2019 a whole load of vengeful bullets to the enemies of the Emperor.<\/em><\/p>\n<p><strong><em>Warzone Bastior: The Recidious Sector<\/em><\/strong><br \/>\n<em>A closer look at the trio of worlds featured in Warhammer 40,000: Space Marine 2.<\/em><\/p>\n<p><strong><em>Mini-game: Space Marine Operations<\/em><\/strong><br \/>\n<em>It\u2019s Warhammer 40,000: Space Marine 2, but on a board with miniatures! Will you play as the Bulwark? The Heavy? The Sniper? You are going to love this.<\/em><\/p>\n<p><strong><em>Create a Chapter<\/em><\/strong><br \/>\n<em>Want to create a Space Marine Chapter of your very own? Read this first!<\/em><\/p>\n<p><strong><em>Chapter Approved<\/em><\/strong><br \/>\n<em>A gallery of homegrown Chapters forged by members of the Warhammer Studio.<\/em><\/p>\n<p><strong><em>The Jade Talons<\/em><\/strong><br \/>\n<em>Real-world hobbyist Adam Staincliffe shares his Chapter. They&#8217;re definitely not renegades.<\/em><\/p>\n<p><strong><em>Hobby Hangout<\/em><\/strong><br \/>\n<em>Adding weathering to your power-armoured paragons. Don&#8217;t tell the Chapter serfs.<\/em><\/p>\n<h6><em>WARHAMMER AGE OF SIGMAR<\/em><\/h6>\n<p><strong><em>The Lord of Ruin<\/em><\/strong><br \/>\n<em>Tremble before the might of the Great Horned Rat. He is all that dwells in the deep \u2013 or is he?<\/em><\/p>\n<p><strong><em>Spires of the Gnaw<\/em><\/strong><br \/>\n<em>Dive into the nightmare realm of Hexeneste in this colossal rat-infested diorama.<\/em><\/p>\n<h6><em>OTHER ARTICLES<\/em><\/h6>\n<p><strong><em>The Trials of Albarak: A Debt of Honour<\/em><\/strong><br \/>\n<em>As misguided duardin turn on each other in a moment of desperation, Albarak makes a wondrous revelation.<\/em><\/p>\n<p><strong><em>Designers&#8217; Notes: Saturnine<\/em><\/strong><br \/>\n<em>Cryptic crossword, nine across: Phoebe is like lead; gloomy and sombre. It\u2019s only the lowdown on the new Horus Heresy box set!<\/em><\/p>\n<p><strong><em>The Legiones Astartes<\/em><\/strong><br \/>\n<em>We delve into the evolution of the Space Marines in preparation for the Great Crusade.<\/em><\/p>\n<h6><em>WHITE DWARF BUNKER<\/em><\/h6>\n<p><strong><em>Access Granted!<\/em><\/strong><br \/>\n<em>Here you will find painting challenges and the latest Bunker news.<\/em><\/p>\n<p><strong><em>The Warhammer Underworlds League<\/em><\/strong><br \/>\n<em>The studio league concludes with a showdown between Seraphon and a mob of gitz.<\/em><\/p>\n<p><strong><em>Warhammer 40,000: Space Marine 2 Operations Mission Pack<\/em><\/strong><br \/>\n<em>Inspired by the video game, here\u2019s a suite of rules enabling you to play part of the story as a Kill Team mission.<\/em><\/p>\n<p><strong><em>Satellite Uplink<\/em><\/strong><br \/>\n<em>Leaders and heroes take centre stage.<\/em><\/p>\n<p><strong><em>Bunker Bingo!<\/em><\/strong><br \/>\n<em>The latest hobby from the White Dwarf team.<\/em><\/p>\n<p><em>Each copy of White Dwarf 515 also comes with a cardboard insert containing a double-sided card featuring the scenarios of the month for Warhammer 40,000 and Warhammer Age of Sigmar, a Space Marines Transfer Sheet containing 442x transfers, an A2 poster featuring Space Marine Armour Marks on one side and Warhammer 40,000: Mechanicus II on the other, and 8x double-sided cards for the Space Marine Operations mini-game.<\/em><\/p>","protected":false},"excerpt":{"rendered":"<ul>\n<li><strong>Nummer:<\/strong> 515<\/li>\n<li><strong>\u00c5ldersrekommendation:<\/strong> 12+<\/li>\n<li><strong>Spr\u00e5k:<\/strong> Engelska<\/li>\n<li><strong>Utgivare:<\/strong> Games Workshop<\/li>\n<\/ul>","protected":false},"featured_media":7520,"template":"","meta":{"site-sidebar-layout":"default","site-content-layout":"","ast-site-content-layout":"default","site-content-style":"default","site-sidebar-style":"default","ast-global-header-display":"","ast-banner-title-visibility":"","ast-main-header-display":"","ast-hfb-above-header-display":"","ast-hfb-below-header-display":"","ast-hfb-mobile-header-display":"","site-post-title":"","ast-breadcrumbs-content":"","ast-featured-img":"","footer-sml-layout":"","ast-disable-related-posts":"","theme-transparent-header-meta":"default","adv-header-id-meta":"","stick-header-meta":"","header-above-stick-meta":"","header-main-stick-meta":"","header-below-stick-meta":"","astra-migrate-meta-layouts":"set","ast-page-background-enabled":"default","ast-page-background-meta":{"desktop":{"background-color":"","background-image":"","background-repeat":"repeat","background-position":"center center","background-size":"auto","background-attachment":"scroll","background-type":"","background-media":"","overlay-type":"","overlay-color":"","overlay-opacity":"","overlay-gradient":""},"tablet":{"background-color":"","background-image":"","background-repeat":"repeat","background-position":"center center","background-size":"auto","background-attachment":"scroll","background-type":"","background-media":"","overlay-type":"","overlay-color":"","overlay-opacity":"","overlay-gradient":""},"mobile":{"background-color":"","background-image":"","background-repeat":"repeat","background-position":"center center","background-size":"auto","background-attachment":"scroll","background-type":"","background-media":"","overlay-type":"","overlay-color":"","overlay-opacity":"","overlay-gradient":""}},"ast-content-background-meta":{"desktop":{"background-color":"var(--ast-global-color-5)","background-image":"","background-repeat":"repeat","background-position":"center center","background-size":"auto","background-attachment":"scroll","background-type":"","background-media":"","overlay-type":"","overlay-color":"","overlay-opacity":"","overlay-gradient":""},"tablet":{"background-color":"var(--ast-global-color-5)","background-image":"","background-repeat":"repeat","background-position":"center center","background-size":"auto","background-attachment":"scroll","background-type":"","background-media":"","overlay-type":"","overlay-color":"","overlay-opacity":"","overlay-gradient":""},"mobile":{"background-color":"var(--ast-global-color-5)","background-image":"","background-repeat":"repeat","background-position":"center center","background-size":"auto","background-attachment":"scroll","background-type":"","background-media":"","overlay-type":"","overlay-color":"","overlay-opacity":"","overlay-gradient":""}}},"product_brand":[1051],"product_cat":[1034],"product_tag":[1275],"class_list":{"0":"post-7519","1":"product","2":"type-product","3":"status-publish","4":"has-post-thumbnail","6":"product_brand-games-workshop","7":"product_cat-white-dwarf-lehdet","8":"product_tag-lehdet","9":"product_shipping_class-any1","10":"desktop-align-center","11":"tablet-align-center","12":"mobile-align-center","14":"first","15":"outofstock","16":"taxable","17":"shipping-taxable","18":"purchasable","19":"product-type-simple"},"yoast_head":"<!-- This site is optimized with the Yoast SEO Premium plugin v27.3 (Yoast SEO v27.4) - https:\/\/yoast.com\/product\/yoast-seo-premium-wordpress\/ -->\n<title>White Dwarf #515 - Elokuu 2025 &#8211; Spelivinkki<\/title>\n<meta name=\"description\" content=\"Nauti upeasta sis\u00e4ll\u00f6st\u00e4 White Dwarf 515:ss\u00e4, jossa on lyhyit\u00e4 kertomuksia ja Planet Warhammer -malleja. \u00c4l\u00e4 j\u00e4\u00e4 paitsi t\u00e4st\u00e4 erikoisnumerosta!\" \/>\n<meta name=\"robots\" content=\"index, follow, max-snippet:-1, max-image-preview:large, max-video-preview:-1\" \/>\n<link rel=\"canonical\" href=\"https:\/\/spelivinkki.fi\/sv\/produkt\/white-dwarf-515-elokuu-2025\/\" \/>\n<meta property=\"og:locale\" content=\"sv_SE\" \/>\n<meta property=\"og:type\" content=\"article\" \/>\n<meta property=\"og:title\" content=\"White Dwarf #515 - Elokuu 2025\" \/>\n<meta property=\"og:description\" content=\"Nauti upeasta sis\u00e4ll\u00f6st\u00e4 White Dwarf 515:ss\u00e4, jossa on lyhyit\u00e4 kertomuksia ja Planet Warhammer -malleja. \u00c4l\u00e4 j\u00e4\u00e4 paitsi t\u00e4st\u00e4 erikoisnumerosta!\" \/>\n<meta property=\"og:url\" content=\"https:\/\/spelivinkki.fi\/sv\/produkt\/white-dwarf-515-elokuu-2025\/\" \/>\n<meta property=\"og:site_name\" content=\"Spelivinkki\" \/>\n<meta property=\"article:publisher\" content=\"https:\/\/www.facebook.com\/SpelivinkkiOy\/\" \/>\n<meta property=\"article:modified_time\" content=\"2026-02-19T11:19:54+00:00\" \/>\n<meta property=\"og:image\" content=\"https:\/\/mlw9zexfsyfr.i.optimole.com\/w:auto\/h:auto\/q:mauto\/ig:avif\/https:\/\/spelivinkki.fi\/wp-content\/uploads\/2025\/08\/White-Dwarf-515-Tuotekuva.webp\" \/>\n\t<meta property=\"og:image:width\" content=\"918\" \/>\n\t<meta property=\"og:image:height\" content=\"948\" \/>\n\t<meta property=\"og:image:type\" content=\"image\/webp\" \/>\n<meta name=\"twitter:card\" content=\"summary_large_image\" \/>\n<meta name=\"twitter:site\" content=\"@SpelivinkkiOy\" \/>\n<meta name=\"twitter:label1\" content=\"Pris\" \/>\n\t<meta name=\"twitter:data1\" content=\"9,00&nbsp;&euro;\" \/>\n\t<meta name=\"twitter:label2\" content=\"Tillg\u00e4nglig\" \/>\n\t<meta name=\"twitter:data2\" content=\"Slut i lager\" \/>\n<script type=\"application\/ld+json\" class=\"yoast-schema-graph\">{\"@context\":\"https:\\\/\\\/schema.org\",\"@graph\":[{\"@type\":\"WebPage\",\"@id\":\"https:\\\/\\\/spelivinkki.fi\\\/tuote\\\/white-dwarf-515-elokuu-2025\\\/\",\"url\":\"https:\\\/\\\/spelivinkki.fi\\\/tuote\\\/white-dwarf-515-elokuu-2025\\\/\",\"name\":\"White Dwarf #515 - Elokuu 2025 &#8211; Spelivinkki\",\"isPartOf\":{\"@id\":\"https:\\\/\\\/spelivinkki.fi\\\/#website\"},\"primaryImageOfPage\":{\"@id\":\"https:\\\/\\\/spelivinkki.fi\\\/tuote\\\/white-dwarf-515-elokuu-2025\\\/#primaryimage\"},\"image\":{\"@id\":\"https:\\\/\\\/spelivinkki.fi\\\/tuote\\\/white-dwarf-515-elokuu-2025\\\/#primaryimage\"},\"thumbnailUrl\":\"https:\\/\\/spelivinkki.fi\\/wp-content\\/uploads\\/2025\\/08\\/White-Dwarf-515-Tuotekuva.webp\",\"datePublished\":\"2025-08-22T13:21:26+00:00\",\"dateModified\":\"2026-02-19T11:19:54+00:00\",\"description\":\"Nauti upeasta sis\u00e4ll\u00f6st\u00e4 White Dwarf 515:ss\u00e4, jossa on lyhyit\u00e4 kertomuksia ja Planet Warhammer -malleja. \u00c4l\u00e4 j\u00e4\u00e4 paitsi t\u00e4st\u00e4 erikoisnumerosta!\",\"breadcrumb\":{\"@id\":\"https:\\\/\\\/spelivinkki.fi\\\/tuote\\\/white-dwarf-515-elokuu-2025\\\/#breadcrumb\"},\"inLanguage\":\"sv-SE\",\"potentialAction\":[{\"@type\":\"ReadAction\",\"target\":[\"https:\\\/\\\/spelivinkki.fi\\\/tuote\\\/white-dwarf-515-elokuu-2025\\\/\"]}]},{\"@type\":\"ImageObject\",\"inLanguage\":\"sv-SE\",\"@id\":\"https:\\\/\\\/spelivinkki.fi\\\/tuote\\\/white-dwarf-515-elokuu-2025\\\/#primaryimage\",\"url\":\"https:\\/\\/spelivinkki.fi\\/wp-content\\/uploads\\/2025\\/08\\/White-Dwarf-515-Tuotekuva.webp\",\"contentUrl\":\"https:\\/\\/spelivinkki.fi\\/wp-content\\/uploads\\/2025\\/08\\/White-Dwarf-515-Tuotekuva.webp\",\"width\":918,\"height\":948,\"caption\":\"White Dwarf 515 Tuotekuva\"},{\"@type\":\"BreadcrumbList\",\"@id\":\"https:\\\/\\\/spelivinkki.fi\\\/tuote\\\/white-dwarf-515-elokuu-2025\\\/#breadcrumb\",\"itemListElement\":[{\"@type\":\"ListItem\",\"position\":1,\"name\":\"Etusivu\",\"item\":\"https:\\\/\\\/spelivinkki.fi\\\/\"},{\"@type\":\"ListItem\",\"position\":2,\"name\":\"Tuotteet\",\"item\":\"https:\\\/\\\/spelivinkki.fi\\\/tuotteet\\\/\"},{\"@type\":\"ListItem\",\"position\":3,\"name\":\"White Dwarf #515 &#8211; Elokuu 2025\"}]},{\"@type\":\"WebSite\",\"@id\":\"https:\\\/\\\/spelivinkki.fi\\\/#website\",\"url\":\"https:\\\/\\\/spelivinkki.fi\\\/\",\"name\":\"Spelivinkki\",\"description\":\"Paraisten Lautapelikauppa\",\"publisher\":{\"@id\":\"https:\\\/\\\/spelivinkki.fi\\\/#organization\"},\"alternateName\":\"Spelivinkki Oy\",\"potentialAction\":[{\"@type\":\"SearchAction\",\"target\":{\"@type\":\"EntryPoint\",\"urlTemplate\":\"https:\\\/\\\/spelivinkki.fi\\\/?s={search_term_string}\"},\"query-input\":{\"@type\":\"PropertyValueSpecification\",\"valueRequired\":true,\"valueName\":\"search_term_string\"}}],\"inLanguage\":\"sv-SE\"},{\"@type\":\"Organization\",\"@id\":\"https:\\\/\\\/spelivinkki.fi\\\/#organization\",\"name\":\"Spelivinkki Oy\",\"alternateName\":\"Spelivinkki\",\"url\":\"https:\\\/\\\/spelivinkki.fi\\\/\",\"logo\":{\"@type\":\"ImageObject\",\"inLanguage\":\"sv-SE\",\"@id\":\"https:\\\/\\\/spelivinkki.fi\\\/#\\\/schema\\\/logo\\\/image\\\/\",\"url\":\"https:\\/\\/spelivinkki.fi\\/wp-content\\/uploads\\/2024\\/02\\/Logo.svg\",\"contentUrl\":\"https:\\/\\/spelivinkki.fi\\/wp-content\\/uploads\\/2024\\/02\\/Logo.svg\",\"width\":2176,\"height\":2323,\"caption\":\"Spelivinkki Oy\"},\"image\":{\"@id\":\"https:\\\/\\\/spelivinkki.fi\\\/#\\\/schema\\\/logo\\\/image\\\/\"},\"sameAs\":[\"https:\\\/\\\/www.facebook.com\\\/SpelivinkkiOy\\\/\",\"https:\\\/\\\/x.com\\\/SpelivinkkiOy\",\"https:\\\/\\\/www.instagram.com\\\/spelivinkkioy\\\/\"],\"description\":\"Spelivinkki Oy is a company operating both a brick-and-mortar store in Finland as well as a webshop online. We sell board games, roleplaying games, miniature wargames, logic puzzles, jigsaw puzzles and other things related to the boardgame hobby.\",\"email\":\"myynti@spelivinkki.fi\",\"telephone\":\"+358406486605\",\"legalName\":\"Spelivinkki Oy\",\"foundingDate\":\"2023-09-17\",\"vatID\":\"FI33904524\",\"numberOfEmployees\":{\"@type\":\"QuantitativeValue\",\"minValue\":\"1\",\"maxValue\":\"10\"},\"hasMerchantReturnPolicy\":{\"@type\":\"MerchantReturnPolicy\",\"merchantReturnLink\":\"https:\\\/\\\/spelivinkki.fi\\\/sv\\\/spelivinkin-vaihto-ja-palautusoikeus\\\/\"}}]}<\/script>\n<meta property=\"product:brand\" content=\"Games Workshop\" \/>\n<meta property=\"product:price:amount\" content=\"9.00\" \/>\n<meta property=\"product:price:currency\" content=\"EUR\" \/>\n<meta property=\"og:availability\" content=\"out of stock\" \/>\n<meta property=\"product:availability\" content=\"out of stock\" \/>\n<meta property=\"product:retailer_item_id\" content=\"WhiteDwarf_515\" \/>\n<meta property=\"product:condition\" content=\"new\" \/>\n<!-- \/ Yoast SEO Premium plugin. -->","yoast_head_json":{"title":"White Dwarf #515 - Elokuu 2025 &#8211; Spelivinkki","description":"Nauti upeasta sis\u00e4ll\u00f6st\u00e4 White Dwarf 515:ss\u00e4, jossa on lyhyit\u00e4 kertomuksia ja Planet Warhammer -malleja. \u00c4l\u00e4 j\u00e4\u00e4 paitsi t\u00e4st\u00e4 erikoisnumerosta!","robots":{"index":"index","follow":"follow","max-snippet":"max-snippet:-1","max-image-preview":"max-image-preview:large","max-video-preview":"max-video-preview:-1"},"canonical":"https:\/\/spelivinkki.fi\/sv\/produkt\/white-dwarf-515-elokuu-2025\/","og_locale":"sv_SE","og_type":"article","og_title":"White Dwarf #515 - Elokuu 2025","og_description":"Nauti upeasta sis\u00e4ll\u00f6st\u00e4 White Dwarf 515:ss\u00e4, jossa on lyhyit\u00e4 kertomuksia ja Planet Warhammer -malleja. \u00c4l\u00e4 j\u00e4\u00e4 paitsi t\u00e4st\u00e4 erikoisnumerosta!","og_url":"https:\/\/spelivinkki.fi\/sv\/produkt\/white-dwarf-515-elokuu-2025\/","og_site_name":"Spelivinkki","article_publisher":"https:\/\/www.facebook.com\/SpelivinkkiOy\/","article_modified_time":"2026-02-19T11:19:54+00:00","og_image":[{"width":918,"height":948,"url":"https:\/\/mlw9zexfsyfr.i.optimole.com\/w:auto\/h:auto\/q:mauto\/ig:avif\/https:\/\/spelivinkki.fi\/wp-content\/uploads\/2025\/08\/White-Dwarf-515-Tuotekuva.webp","type":"image\/webp"}],"twitter_card":"summary_large_image","twitter_site":"@SpelivinkkiOy","twitter_misc":{"Pris":"9,00&nbsp;&euro;","Tillg\u00e4nglig":"Slut i lager"},"schema":{"@context":"https:\/\/schema.org","@graph":[{"@type":"WebPage","@id":"https:\/\/spelivinkki.fi\/tuote\/white-dwarf-515-elokuu-2025\/","url":"https:\/\/spelivinkki.fi\/tuote\/white-dwarf-515-elokuu-2025\/","name":"White Dwarf #515 - Elokuu 2025 &#8211; Spelivinkki","isPartOf":{"@id":"https:\/\/spelivinkki.fi\/#website"},"primaryImageOfPage":{"@id":"https:\/\/spelivinkki.fi\/tuote\/white-dwarf-515-elokuu-2025\/#primaryimage"},"image":{"@id":"https:\/\/spelivinkki.fi\/tuote\/white-dwarf-515-elokuu-2025\/#primaryimage"},"thumbnailUrl":"https:\/\/mlw9zexfsyfr.i.optimole.com\/w:auto\/h:auto\/q:mauto\/ig:avif\/https:\/\/spelivinkki.fi\/wp-content\/uploads\/2025\/08\/White-Dwarf-515-Tuotekuva.webp","datePublished":"2025-08-22T13:21:26+00:00","dateModified":"2026-02-19T11:19:54+00:00","description":"Nauti upeasta sis\u00e4ll\u00f6st\u00e4 White Dwarf 515:ss\u00e4, jossa on lyhyit\u00e4 kertomuksia ja Planet Warhammer -malleja. \u00c4l\u00e4 j\u00e4\u00e4 paitsi t\u00e4st\u00e4 erikoisnumerosta!","breadcrumb":{"@id":"https:\/\/spelivinkki.fi\/tuote\/white-dwarf-515-elokuu-2025\/#breadcrumb"},"inLanguage":"sv-SE","potentialAction":[{"@type":"ReadAction","target":["https:\/\/spelivinkki.fi\/tuote\/white-dwarf-515-elokuu-2025\/"]}]},{"@type":"ImageObject","inLanguage":"sv-SE","@id":"https:\/\/spelivinkki.fi\/tuote\/white-dwarf-515-elokuu-2025\/#primaryimage","url":"https:\/\/mlw9zexfsyfr.i.optimole.com\/w:auto\/h:auto\/q:mauto\/ig:avif\/https:\/\/spelivinkki.fi\/wp-content\/uploads\/2025\/08\/White-Dwarf-515-Tuotekuva.webp","contentUrl":"https:\/\/mlw9zexfsyfr.i.optimole.com\/w:auto\/h:auto\/q:mauto\/ig:avif\/https:\/\/spelivinkki.fi\/wp-content\/uploads\/2025\/08\/White-Dwarf-515-Tuotekuva.webp","width":918,"height":948,"caption":"White Dwarf 515 Tuotekuva"},{"@type":"BreadcrumbList","@id":"https:\/\/spelivinkki.fi\/tuote\/white-dwarf-515-elokuu-2025\/#breadcrumb","itemListElement":[{"@type":"ListItem","position":1,"name":"Etusivu","item":"https:\/\/spelivinkki.fi\/"},{"@type":"ListItem","position":2,"name":"Tuotteet","item":"https:\/\/spelivinkki.fi\/tuotteet\/"},{"@type":"ListItem","position":3,"name":"White Dwarf #515 &#8211; Elokuu 2025"}]},{"@type":"WebSite","@id":"https:\/\/spelivinkki.fi\/#website","url":"https:\/\/spelivinkki.fi\/","name":"Spelivinkki","description":"Paraisten Lautapelikauppa","publisher":{"@id":"https:\/\/spelivinkki.fi\/#organization"},"alternateName":"Spelivinkki Oy","potentialAction":[{"@type":"SearchAction","target":{"@type":"EntryPoint","urlTemplate":"https:\/\/spelivinkki.fi\/?s={search_term_string}"},"query-input":{"@type":"PropertyValueSpecification","valueRequired":true,"valueName":"search_term_string"}}],"inLanguage":"sv-SE"},{"@type":"Organization","@id":"https:\/\/spelivinkki.fi\/#organization","name":"Spelivinkki Oy","alternateName":"Spelivinkki","url":"https:\/\/spelivinkki.fi\/","logo":{"@type":"ImageObject","inLanguage":"sv-SE","@id":"https:\/\/spelivinkki.fi\/#\/schema\/logo\/image\/","url":"https:\/\/mlw9zexfsyfr.i.optimole.com\/w:auto\/h:auto\/q:mauto\/ig:avif\/https:\/\/spelivinkki.fi\/wp-content\/uploads\/2024\/02\/Logo.svg","contentUrl":"https:\/\/mlw9zexfsyfr.i.optimole.com\/w:auto\/h:auto\/q:mauto\/ig:avif\/https:\/\/spelivinkki.fi\/wp-content\/uploads\/2024\/02\/Logo.svg","width":2176,"height":2323,"caption":"Spelivinkki Oy"},"image":{"@id":"https:\/\/spelivinkki.fi\/#\/schema\/logo\/image\/"},"sameAs":["https:\/\/www.facebook.com\/SpelivinkkiOy\/","https:\/\/x.com\/SpelivinkkiOy","https:\/\/www.instagram.com\/spelivinkkioy\/"],"description":"Spelivinkki Oy is a company operating both a brick-and-mortar store in Finland as well as a webshop online. We sell board games, roleplaying games, miniature wargames, logic puzzles, jigsaw puzzles and other things related to the boardgame hobby.","email":"myynti@spelivinkki.fi","telephone":"+358406486605","legalName":"Spelivinkki Oy","foundingDate":"2023-09-17","vatID":"FI33904524","numberOfEmployees":{"@type":"QuantitativeValue","minValue":"1","maxValue":"10"},"hasMerchantReturnPolicy":{"@type":"MerchantReturnPolicy","merchantReturnLink":"https:\/\/spelivinkki.fi\/sv\/spelivinkin-vaihto-ja-palautusoikeus\/"}}]},"product_brand":"Games Workshop","product_price_amount":"9.00","product_price_currency":"EUR","og_availability":"out of stock","product_availability":"out of stock","product_retailer_item_id":"WhiteDwarf_515","product_condition":"new"},"_links":{"self":[{"href":"https:\/\/spelivinkki.fi\/sv\/wp-json\/wp\/v2\/product\/7519","targetHints":{"allow":["GET"]}}],"collection":[{"href":"https:\/\/spelivinkki.fi\/sv\/wp-json\/wp\/v2\/product"}],"about":[{"href":"https:\/\/spelivinkki.fi\/sv\/wp-json\/wp\/v2\/types\/product"}],"wp:featuredmedia":[{"embeddable":true,"href":"https:\/\/spelivinkki.fi\/sv\/wp-json\/wp\/v2\/media\/7520"}],"wp:attachment":[{"href":"https:\/\/spelivinkki.fi\/sv\/wp-json\/wp\/v2\/media?parent=7519"}],"wp:term":[{"taxonomy":"product_brand","embeddable":true,"href":"https:\/\/spelivinkki.fi\/sv\/wp-json\/wp\/v2\/product_brand?post=7519"},{"taxonomy":"product_cat","embeddable":true,"href":"https:\/\/spelivinkki.fi\/sv\/wp-json\/wp\/v2\/product_cat?post=7519"},{"taxonomy":"product_tag","embeddable":true,"href":"https:\/\/spelivinkki.fi\/sv\/wp-json\/wp\/v2\/product_tag?post=7519"}],"curies":[{"name":"wp","href":"https:\/\/api.w.org\/{rel}","templated":true}]}}